{"id":18534,"date":"2022-03-09T22:10:51","date_gmt":"2022-03-09T21:10:51","guid":{"rendered":"https:\/\/conexbooks.de\/a\/shop\/?post_type=product&#038;p=18534"},"modified":"2024-12-15T14:21:44","modified_gmt":"2024-12-15T13:21:44","slug":"das-vertiefungs-uebungsbuch-gewaltfreie-kommunikation","status":"publish","type":"product","link":"https:\/\/conexbooks.de\/a\/shop\/produkt\/das-vertiefungs-uebungsbuch-gewaltfreie-kommunikation\/","title":{"rendered":"Das Vertiefungs-\u00dcbungsbuch Gewaltfreie Kommunikation"},"content":{"rendered":"<p>Das Vertiefungs\u00fcbungsbuch Gewaltfreie Kommunikation ist die Fortsetzung des Liebings\u00fcbungsbuches mit weiteren \u00dcbungen zur Einf\u00fchrung in die Gewaltfreie Kommunikation und zur Vertiefnung u.a. mit den Kapiteln:<\/p>\n<p><strong>GFK f\u00fcr den Kopf<\/strong><br \/>\neigene Gedankenmuster entdecken,<br \/>\nverstehen und nutzen<\/p>\n<p><strong>GFK &amp; K\u00f6rper<\/strong><br \/>\nBed\u00fcrfnisse sp\u00fcrbar machen<\/p>\n<p><strong>GFK f\u00fcr die Seele<\/strong><br \/>\nBer\u00fchrung und Freude an Begegnung schaffen<\/p>\n<p><strong>Integrale GFK<\/strong><br \/>\nMenschen auf unterschiedlichen Bewusstseinsebenen abholen<br \/>\nund ansprechen<\/p>\n<p><strong>GFK &amp; Spiel<\/strong><br \/>\nspielerisch in Verbindung kommen<\/p>\n<p>Der Herausgeber Jens Neumann (CNVC-zertifizierter Trainer aus Leipzig) schreibt dazu:<\/p>\n<p><em>Es ist nach dem \u201eLieblings\u00fcbungsbuch Gewaltfreie Kommunikation\u201c, das ich mit 30 Trainer*innen gemeinsam geschrieben habe, der zweite Band der \u00dcbungsbuchreihe GFK.<\/em><\/p>\n<p><em>Mit diesem Buch teile ich Inspirationen meiner eigenen Pilgerschaft, die f\u00fcr mich einst mit dem Lernen von m\u00f6glichst vielen GFK-Trainer*innen begann, von denen du hier einigen wenigen begegnen wirst, und sich fortsetzte im Entdecken weiterer Methoden und Systeme wie der Integralen Theorie, The Work, der Gestalt- und der K\u00f6rpertherapie und dem Holistic Bodywork, die ich mit GFK in der Mut-Fabrik verbinde und in Begleitungen anbiete.<\/em><\/p>\n<p><em>Mit den Kapiteln \u201eK\u00f6rper\u201c und \u201eSeele\u201c teile ich Kan\u00e4le der Begegnung und Ber\u00fchrung, GFK ins Sp\u00fcren zu bringen, die mir einst sehr schwer gefallen und heute f\u00fcr mich nicht mehr wegzudenken sind. Gern m\u00f6chte ich etwas von dieser Ber\u00fchrung und Lebendigkeit mit dir teilen und dich zu diesem gro\u00dfartigen Reichtum einladen.<br \/>\nIch m\u00f6chte meine Freude an dieser Entdeckungsreise mit dir teilen und dich einladen, mit den \u00dcbungen dieses Buches Gleiches zu tun wie ich mit den Impulsen einst, als ich sie fand: sie Spiel sein zu lassen, Eigenes damit zu gestalten, eigene Kan\u00e4le darin zu finden und dich und andere Menschen zu ber\u00fchren.\u00a0<\/em><\/p>\n<p>Das \u00dcbungsbuch ist auch als E-Book auf CD <a href=\"http:\/\/www.giraffen.shop\/de\/onlinekurse\/\">hier<\/a> erh\u00e4ltlich, oder verg\u00fcnstigt als Set Buch und E-Book.<\/p>\n<div id='1' class='widgets_on_page wop_tiny1  wop_small1  wop_medium1  wop_large1  wop_wide1'>\n\t\t\t<ul><li id=\"custom_html-4\" class=\"widget_text widget widget_custom_html\"><div class=\"textwidget custom-html-widget\"><div style=\"text-align:left;\">\r\n<button class = \"button\" style=\"height: 30px; font-size: 0.8em;\" name=\"zuruck\" type=\"button\" onclick=\"history.back()\">Zur\u00fcck zur \u00dcbersicht<\/button><\/div><\/div><\/li><\/ul><\/div><!-- widgets_on_page -->\n","protected":false},"excerpt":{"rendered":"<h3>Jens Neumann<br \/>\nDas Vertiefungs-\u00dcbungsbuch Gewaltfreie Kommunikation<\/h3>\n<p>Eigenproduktion der MUT-Fabrik &#8211; Jens Neumann <a href=\"http:\/\/www.mut-fabrik.de\/\" target=\"_blank\" rel=\"noopener noreferrer\">www.mut-fabrik.de<\/a><\/p>\n<p>236 Seite<br \/>\nPaperback, Format A5<\/p>\n<p>&nbsp;<\/p>\n","protected":false},"featured_media":18535,"template":"","meta":[],"product_brand":[],"product_cat":[45,482,36,51,47],"product_tag":[229,232,104,231,436,134,228,230],"class_list":{"0":"post-18534","1":"product","2":"type-product","3":"status-publish","4":"has-post-thumbnail","6":"product_cat-arbeit-sonstiges","7":"product_cat-buecher","8":"product_cat-deutsche-buecher","9":"product_cat-seminarmaterial","10":"product_cat-sonstiges","11":"product_tag-anwendung-der-gfk","12":"product_tag-begleitung","13":"product_tag-empathie","14":"product_tag-familie-konflikte","15":"product_tag-gfk-vertiefung","16":"product_tag-selbstempathie","17":"product_tag-uebungen-inspiration","18":"product_tag-uebungsgruppen","20":"first","21":"outofstock","22":"shipping-taxable","23":"purchasable","24":"product-type-simple"},"yoast_head":"<!-- This site is optimized with the Yoast SEO plugin v27.3 - https:\/\/yoast.com\/product\/yoast-seo-wordpress\/ -->\n<title>Das Vertiefungs-\u00dcbungsbuch Gewaltfreie Kommunikation - Conex-Shop<\/title>\n<meta name=\"robots\" content=\"index, follow, max-snippet:-1, max-image-preview:large, max-video-preview:-1\" \/>\n<link rel=\"canonical\" href=\"https:\/\/conexbooks.de\/a\/shop\/produkt\/das-vertiefungs-uebungsbuch-gewaltfreie-kommunikation\/\" \/>\n<meta property=\"og:locale\" content=\"de_DE\" \/>\n<meta property=\"og:type\" content=\"article\" \/>\n<meta property=\"og:title\" content=\"Das Vertiefungs-\u00dcbungsbuch Gewaltfreie Kommunikation - Conex-Shop\" \/>\n<meta property=\"og:description\" content=\"Jens Neumann Das Vertiefungs-\u00dcbungsbuch Gewaltfreie Kommunikation Eigenproduktion der MUT-Fabrik - Jens Neumann www.mut-fabrik.de  236 Seite Paperback, Format A5  &nbsp;\" \/>\n<meta property=\"og:url\" content=\"https:\/\/conexbooks.de\/a\/shop\/produkt\/das-vertiefungs-uebungsbuch-gewaltfreie-kommunikation\/\" \/>\n<meta property=\"og:site_name\" content=\"Conex-Shop\" \/>\n<meta property=\"article:modified_time\" content=\"2024-12-15T13:21:44+00:00\" \/>\n<meta property=\"og:image\" content=\"https:\/\/conexbooks.de\/a\/shop\/wp-content\/uploads\/2022\/03\/099.png\" \/>\n\t<meta property=\"og:image:width\" content=\"281\" \/>\n\t<meta property=\"og:image:height\" content=\"400\" \/>\n\t<meta property=\"og:image:type\" content=\"image\/png\" \/>\n<meta name=\"twitter:card\" content=\"summary_large_image\" \/>\n<meta name=\"twitter:label1\" content=\"Gesch\u00e4tzte Lesezeit\" \/>\n\t<meta name=\"twitter:data1\" content=\"2\u00a0Minuten\" \/>\n<script type=\"application\/ld+json\" class=\"yoast-schema-graph\">{\"@context\":\"https:\\\/\\\/schema.org\",\"@graph\":[{\"@type\":\"WebPage\",\"@id\":\"https:\\\/\\\/conexbooks.de\\\/a\\\/shop\\\/produkt\\\/das-vertiefungs-uebungsbuch-gewaltfreie-kommunikation\\\/\",\"url\":\"https:\\\/\\\/conexbooks.de\\\/a\\\/shop\\\/produkt\\\/das-vertiefungs-uebungsbuch-gewaltfreie-kommunikation\\\/\",\"name\":\"Das Vertiefungs-\u00dcbungsbuch Gewaltfreie Kommunikation - Conex-Shop\",\"isPartOf\":{\"@id\":\"https:\\\/\\\/conexbooks.de\\\/a\\\/shop\\\/#website\"},\"primaryImageOfPage\":{\"@id\":\"https:\\\/\\\/conexbooks.de\\\/a\\\/shop\\\/produkt\\\/das-vertiefungs-uebungsbuch-gewaltfreie-kommunikation\\\/#primaryimage\"},\"image\":{\"@id\":\"https:\\\/\\\/conexbooks.de\\\/a\\\/shop\\\/produkt\\\/das-vertiefungs-uebungsbuch-gewaltfreie-kommunikation\\\/#primaryimage\"},\"thumbnailUrl\":\"https:\\\/\\\/conexbooks.de\\\/a\\\/shop\\\/wp-content\\\/uploads\\\/2022\\\/03\\\/099.png\",\"datePublished\":\"2022-03-09T21:10:51+00:00\",\"dateModified\":\"2024-12-15T13:21:44+00:00\",\"breadcrumb\":{\"@id\":\"https:\\\/\\\/conexbooks.de\\\/a\\\/shop\\\/produkt\\\/das-vertiefungs-uebungsbuch-gewaltfreie-kommunikation\\\/#breadcrumb\"},\"inLanguage\":\"de\",\"potentialAction\":[{\"@type\":\"ReadAction\",\"target\":[\"https:\\\/\\\/conexbooks.de\\\/a\\\/shop\\\/produkt\\\/das-vertiefungs-uebungsbuch-gewaltfreie-kommunikation\\\/\"]}]},{\"@type\":\"ImageObject\",\"inLanguage\":\"de\",\"@id\":\"https:\\\/\\\/conexbooks.de\\\/a\\\/shop\\\/produkt\\\/das-vertiefungs-uebungsbuch-gewaltfreie-kommunikation\\\/#primaryimage\",\"url\":\"https:\\\/\\\/conexbooks.de\\\/a\\\/shop\\\/wp-content\\\/uploads\\\/2022\\\/03\\\/099.png\",\"contentUrl\":\"https:\\\/\\\/conexbooks.de\\\/a\\\/shop\\\/wp-content\\\/uploads\\\/2022\\\/03\\\/099.png\",\"width\":281,\"height\":400},{\"@type\":\"BreadcrumbList\",\"@id\":\"https:\\\/\\\/conexbooks.de\\\/a\\\/shop\\\/produkt\\\/das-vertiefungs-uebungsbuch-gewaltfreie-kommunikation\\\/#breadcrumb\",\"itemListElement\":[{\"@type\":\"ListItem\",\"position\":1,\"name\":\"Home\",\"item\":\"https:\\\/\\\/conexbooks.de\\\/a\\\/shop\\\/\"},{\"@type\":\"ListItem\",\"position\":2,\"name\":\"Shop\",\"item\":\"https:\\\/\\\/conexbooks.de\\\/a\\\/shop\\\/shop\\\/\"},{\"@type\":\"ListItem\",\"position\":3,\"name\":\"Das Vertiefungs-\u00dcbungsbuch Gewaltfreie Kommunikation\"}]},{\"@type\":\"WebSite\",\"@id\":\"https:\\\/\\\/conexbooks.de\\\/a\\\/shop\\\/#website\",\"url\":\"https:\\\/\\\/conexbooks.de\\\/a\\\/shop\\\/\",\"name\":\"Conex-Shop\",\"description\":\"Alles f\u00fcr die gewaltfreie Kommunikation: B\u00fccher, Spiele. Handpuppen Seminarmaterial und Geschenke\",\"publisher\":{\"@id\":\"https:\\\/\\\/conexbooks.de\\\/a\\\/shop\\\/#organization\"},\"potentialAction\":[{\"@type\":\"SearchAction\",\"target\":{\"@type\":\"EntryPoint\",\"urlTemplate\":\"https:\\\/\\\/conexbooks.de\\\/a\\\/shop\\\/?s={search_term_string}\"},\"query-input\":{\"@type\":\"PropertyValueSpecification\",\"valueRequired\":true,\"valueName\":\"search_term_string\"}}],\"inLanguage\":\"de\"},{\"@type\":\"Organization\",\"@id\":\"https:\\\/\\\/conexbooks.de\\\/a\\\/shop\\\/#organization\",\"name\":\"Conex - books and more\",\"url\":\"https:\\\/\\\/conexbooks.de\\\/a\\\/shop\\\/\",\"logo\":{\"@type\":\"ImageObject\",\"inLanguage\":\"de\",\"@id\":\"https:\\\/\\\/conexbooks.de\\\/a\\\/shop\\\/#\\\/schema\\\/logo\\\/image\\\/\",\"url\":\"https:\\\/\\\/conexbooks.de\\\/a\\\/shop\\\/wp-content\\\/uploads\\\/2017\\\/12\\\/co-logo.png\",\"contentUrl\":\"https:\\\/\\\/conexbooks.de\\\/a\\\/shop\\\/wp-content\\\/uploads\\\/2017\\\/12\\\/co-logo.png\",\"width\":243,\"height\":122,\"caption\":\"Conex - books and more\"},\"image\":{\"@id\":\"https:\\\/\\\/conexbooks.de\\\/a\\\/shop\\\/#\\\/schema\\\/logo\\\/image\\\/\"}}]}<\/script>\n<!-- \/ Yoast SEO plugin. -->","yoast_head_json":{"title":"Das Vertiefungs-\u00dcbungsbuch Gewaltfreie Kommunikation - Conex-Shop","robots":{"index":"index","follow":"follow","max-snippet":"max-snippet:-1","max-image-preview":"max-image-preview:large","max-video-preview":"max-video-preview:-1"},"canonical":"https:\/\/conexbooks.de\/a\/shop\/produkt\/das-vertiefungs-uebungsbuch-gewaltfreie-kommunikation\/","og_locale":"de_DE","og_type":"article","og_title":"Das Vertiefungs-\u00dcbungsbuch Gewaltfreie Kommunikation - Conex-Shop","og_description":"Jens Neumann Das Vertiefungs-\u00dcbungsbuch Gewaltfreie Kommunikation Eigenproduktion der MUT-Fabrik - Jens Neumann www.mut-fabrik.de  236 Seite Paperback, Format A5  &nbsp;","og_url":"https:\/\/conexbooks.de\/a\/shop\/produkt\/das-vertiefungs-uebungsbuch-gewaltfreie-kommunikation\/","og_site_name":"Conex-Shop","article_modified_time":"2024-12-15T13:21:44+00:00","og_image":[{"width":281,"height":400,"url":"https:\/\/conexbooks.de\/a\/shop\/wp-content\/uploads\/2022\/03\/099.png","type":"image\/png"}],"twitter_card":"summary_large_image","twitter_misc":{"Gesch\u00e4tzte Lesezeit":"2\u00a0Minuten"},"schema":{"@context":"https:\/\/schema.org","@graph":[{"@type":"WebPage","@id":"https:\/\/conexbooks.de\/a\/shop\/produkt\/das-vertiefungs-uebungsbuch-gewaltfreie-kommunikation\/","url":"https:\/\/conexbooks.de\/a\/shop\/produkt\/das-vertiefungs-uebungsbuch-gewaltfreie-kommunikation\/","name":"Das Vertiefungs-\u00dcbungsbuch Gewaltfreie Kommunikation - Conex-Shop","isPartOf":{"@id":"https:\/\/conexbooks.de\/a\/shop\/#website"},"primaryImageOfPage":{"@id":"https:\/\/conexbooks.de\/a\/shop\/produkt\/das-vertiefungs-uebungsbuch-gewaltfreie-kommunikation\/#primaryimage"},"image":{"@id":"https:\/\/conexbooks.de\/a\/shop\/produkt\/das-vertiefungs-uebungsbuch-gewaltfreie-kommunikation\/#primaryimage"},"thumbnailUrl":"https:\/\/conexbooks.de\/a\/shop\/wp-content\/uploads\/2022\/03\/099.png","datePublished":"2022-03-09T21:10:51+00:00","dateModified":"2024-12-15T13:21:44+00:00","breadcrumb":{"@id":"https:\/\/conexbooks.de\/a\/shop\/produkt\/das-vertiefungs-uebungsbuch-gewaltfreie-kommunikation\/#breadcrumb"},"inLanguage":"de","potentialAction":[{"@type":"ReadAction","target":["https:\/\/conexbooks.de\/a\/shop\/produkt\/das-vertiefungs-uebungsbuch-gewaltfreie-kommunikation\/"]}]},{"@type":"ImageObject","inLanguage":"de","@id":"https:\/\/conexbooks.de\/a\/shop\/produkt\/das-vertiefungs-uebungsbuch-gewaltfreie-kommunikation\/#primaryimage","url":"https:\/\/conexbooks.de\/a\/shop\/wp-content\/uploads\/2022\/03\/099.png","contentUrl":"https:\/\/conexbooks.de\/a\/shop\/wp-content\/uploads\/2022\/03\/099.png","width":281,"height":400},{"@type":"BreadcrumbList","@id":"https:\/\/conexbooks.de\/a\/shop\/produkt\/das-vertiefungs-uebungsbuch-gewaltfreie-kommunikation\/#breadcrumb","itemListElement":[{"@type":"ListItem","position":1,"name":"Home","item":"https:\/\/conexbooks.de\/a\/shop\/"},{"@type":"ListItem","position":2,"name":"Shop","item":"https:\/\/conexbooks.de\/a\/shop\/shop\/"},{"@type":"ListItem","position":3,"name":"Das Vertiefungs-\u00dcbungsbuch Gewaltfreie Kommunikation"}]},{"@type":"WebSite","@id":"https:\/\/conexbooks.de\/a\/shop\/#website","url":"https:\/\/conexbooks.de\/a\/shop\/","name":"Conex-Shop","description":"Alles f\u00fcr die gewaltfreie Kommunikation: B\u00fccher, Spiele. Handpuppen Seminarmaterial und Geschenke","publisher":{"@id":"https:\/\/conexbooks.de\/a\/shop\/#organization"},"potentialAction":[{"@type":"SearchAction","target":{"@type":"EntryPoint","urlTemplate":"https:\/\/conexbooks.de\/a\/shop\/?s={search_term_string}"},"query-input":{"@type":"PropertyValueSpecification","valueRequired":true,"valueName":"search_term_string"}}],"inLanguage":"de"},{"@type":"Organization","@id":"https:\/\/conexbooks.de\/a\/shop\/#organization","name":"Conex - books and more","url":"https:\/\/conexbooks.de\/a\/shop\/","logo":{"@type":"ImageObject","inLanguage":"de","@id":"https:\/\/conexbooks.de\/a\/shop\/#\/schema\/logo\/image\/","url":"https:\/\/conexbooks.de\/a\/shop\/wp-content\/uploads\/2017\/12\/co-logo.png","contentUrl":"https:\/\/conexbooks.de\/a\/shop\/wp-content\/uploads\/2017\/12\/co-logo.png","width":243,"height":122,"caption":"Conex - books and more"},"image":{"@id":"https:\/\/conexbooks.de\/a\/shop\/#\/schema\/logo\/image\/"}}]}},"_links":{"self":[{"href":"https:\/\/conexbooks.de\/a\/shop\/wp-json\/wp\/v2\/product\/18534","targetHints":{"allow":["GET"]}}],"collection":[{"href":"https:\/\/conexbooks.de\/a\/shop\/wp-json\/wp\/v2\/product"}],"about":[{"href":"https:\/\/conexbooks.de\/a\/shop\/wp-json\/wp\/v2\/types\/product"}],"wp:featuredmedia":[{"embeddable":true,"href":"https:\/\/conexbooks.de\/a\/shop\/wp-json\/wp\/v2\/media\/18535"}],"wp:attachment":[{"href":"https:\/\/conexbooks.de\/a\/shop\/wp-json\/wp\/v2\/media?parent=18534"}],"wp:term":[{"taxonomy":"product_brand","embeddable":true,"href":"https:\/\/conexbooks.de\/a\/shop\/wp-json\/wp\/v2\/product_brand?post=18534"},{"taxonomy":"product_cat","embeddable":true,"href":"https:\/\/conexbooks.de\/a\/shop\/wp-json\/wp\/v2\/product_cat?post=18534"},{"taxonomy":"product_tag","embeddable":true,"href":"https:\/\/conexbooks.de\/a\/shop\/wp-json\/wp\/v2\/product_tag?post=18534"}],"curies":[{"name":"wp","href":"https:\/\/api.w.org\/{rel}","templated":true}]}}