{"id":18577,"date":"2022-03-20T15:35:03","date_gmt":"2022-03-20T14:35:03","guid":{"rendered":"https:\/\/conexbooks.de\/a\/shop\/?post_type=product&#038;p=18577"},"modified":"2024-04-25T19:22:57","modified_gmt":"2024-04-25T17:22:57","slug":"buch-manchmal-sind-gefuehle-monster","status":"publish","type":"product","link":"https:\/\/conexbooks.de\/a\/shop\/produkt\/buch-manchmal-sind-gefuehle-monster\/","title":{"rendered":"Buch: Manchmal sind Gef\u00fchle Monster (gebundenen Ausgabe)"},"content":{"rendered":"<h2>Selbstmanagement mit Gef\u00fchl<\/h2>\n<p>von Lilli H\u00f6ch-Corona<\/p>\n<p><em>Hinweis: Dieses Buch ist keine Anleitung f\u00fcr die Anwendung der Gef\u00fchlsmonster-Karten. In wenigen \u00dcbungen tauchen die Gef\u00fchlsmonster auf, diese k\u00f6nnen jedoch ohne Besitz der Karten mit der kostenlosen <a title=\"Gef\u00fchlsmonster Online Toolbox\" href=\"https:\/\/scan.gefuehlsmonster.de\/\" target=\"_blank\" rel=\"nofollow noopener\">Online Toolbox<\/a> angewendet werden.<\/em><\/p>\n<p>In diesem Buch finden Sie \u00dcbungen, die Ihnen helfen, die Verbindung zwischen Ihren Gef\u00fchlen und Ihrem K\u00f6rper zu verstehen und zu lesen \u2013 und Ihre Gef\u00fchle so gut kennenzulernen, dass Sie wissen, was ein Gef\u00fchl ausgel\u00f6st hat und was das f\u00fcr Sie bedeutet.<\/p>\n<p>Die Gr\u00fcnderin der Gef\u00fchlsmonster GmbH stellt Ihnen Techniken vor, mit deren Hilfe Sie sich mit den schwierigeren Gef\u00fchlen anfreunden k\u00f6nnen, lernen sie zu akzeptieren und sie als Anzeichen daf\u00fcr zu nehmen, dass etwas, was gerade geschieht, Ihnen nicht guttut, um dann \u00fcberlegt zu handeln.<\/p>\n<p>Ebenfalls finden Sie Techniken, die helfen, Ihre positiven Gef\u00fchle wahrzunehmen, sie tief in den K\u00f6rper einsinken zu lassen und dadurch Halt in Ihrer eigenen Wahrnehmung zu finden. Auf dieser Basis lassen sich auch die schwierigen Gef\u00fchle \u2013 zuerst vorsichtig, dann mutiger \u2013 betrachten und vollst\u00e4ndig erleben, ohne dass sie sich f\u00fcr Sie oder jemand anderen negativ auswirken.<\/p>\n<p><a href=\"https:\/\/www.gefuehlsmonster.de\/wp-content\/uploads\/2021\/03\/Leseprobe-Manchmal-sind-gefuehle-monster.pdf\">Klicken Sie hier, um eine Leseprobe als PDF herunter zu laden.<\/a><\/p>\n<div id='1' class='widgets_on_page wop_tiny1  wop_small1  wop_medium1  wop_large1  wop_wide1'>\n\t\t\t<ul><li id=\"custom_html-4\" class=\"widget_text widget widget_custom_html\"><div class=\"textwidget custom-html-widget\"><div style=\"text-align:left;\">\r\n<button class = \"button\" style=\"height: 30px; font-size: 0.8em;\" name=\"zuruck\" type=\"button\" onclick=\"history.back()\">Zur\u00fcck zur \u00dcbersicht<\/button><\/div><\/div><\/li><\/ul><\/div><!-- widgets_on_page -->\n","protected":false},"excerpt":{"rendered":"<h3>Selbstmanagement mit Gef\u00fchl<\/h3>\n<p>Gebundene Ausgabe mit 164 Seiten in DIN A5 mit farbigen Illustrationen.<\/p>\n<p>erschienen 2021<\/p>\n","protected":false},"featured_media":18578,"template":"","meta":[],"product_brand":[],"product_cat":[482,36,48,47],"product_tag":[328,326,331,332,61,283,327],"class_list":{"0":"post-18577","1":"product","2":"type-product","3":"status-publish","4":"has-post-thumbnail","6":"product_cat-buecher","7":"product_cat-deutsche-buecher","8":"product_cat-gefuehlsmonster","9":"product_cat-sonstiges","10":"product_tag-fuehrungskraefte","11":"product_tag-gefuehlsmonster","12":"product_tag-gespraeche","13":"product_tag-konfliktloesung","14":"product_tag-mediation","15":"product_tag-methoden","16":"product_tag-uebungen","18":"first","19":"instock","20":"shipping-taxable","21":"purchasable","22":"product-type-simple"},"yoast_head":"<!-- This site is optimized with the Yoast SEO plugin v27.4 - https:\/\/yoast.com\/product\/yoast-seo-wordpress\/ -->\n<title>Buch: Manchmal sind Gef\u00fchle Monster (gebundenen Ausgabe) - Conex-Shop<\/title>\n<meta name=\"robots\" content=\"index, follow, max-snippet:-1, max-image-preview:large, max-video-preview:-1\" \/>\n<link rel=\"canonical\" href=\"https:\/\/conexbooks.de\/a\/shop\/produkt\/buch-manchmal-sind-gefuehle-monster\/\" \/>\n<meta property=\"og:locale\" content=\"de_DE\" \/>\n<meta property=\"og:type\" content=\"article\" \/>\n<meta property=\"og:title\" content=\"Buch: Manchmal sind Gef\u00fchle Monster (gebundenen Ausgabe) - Conex-Shop\" \/>\n<meta property=\"og:description\" content=\"Selbstmanagement mit Gef\u00fchl Gebundene Ausgabe mit 164 Seiten in DIN A5 mit farbigen Illustrationen.  erschienen 2021\" \/>\n<meta property=\"og:url\" content=\"https:\/\/conexbooks.de\/a\/shop\/produkt\/buch-manchmal-sind-gefuehle-monster\/\" \/>\n<meta property=\"og:site_name\" content=\"Conex-Shop\" \/>\n<meta property=\"article:modified_time\" content=\"2024-04-25T17:22:57+00:00\" \/>\n<meta property=\"og:image\" content=\"https:\/\/conexbooks.de\/a\/shop\/wp-content\/uploads\/2022\/03\/640.png\" \/>\n\t<meta property=\"og:image:width\" content=\"283\" \/>\n\t<meta property=\"og:image:height\" content=\"400\" \/>\n\t<meta property=\"og:image:type\" content=\"image\/png\" \/>\n<meta name=\"twitter:card\" content=\"summary_large_image\" \/>\n<meta name=\"twitter:label1\" content=\"Gesch\u00e4tzte Lesezeit\" \/>\n\t<meta name=\"twitter:data1\" content=\"2\u00a0Minuten\" \/>\n<script type=\"application\/ld+json\" class=\"yoast-schema-graph\">{\"@context\":\"https:\\\/\\\/schema.org\",\"@graph\":[{\"@type\":\"WebPage\",\"@id\":\"https:\\\/\\\/conexbooks.de\\\/a\\\/shop\\\/produkt\\\/buch-manchmal-sind-gefuehle-monster\\\/\",\"url\":\"https:\\\/\\\/conexbooks.de\\\/a\\\/shop\\\/produkt\\\/buch-manchmal-sind-gefuehle-monster\\\/\",\"name\":\"Buch: Manchmal sind Gef\u00fchle Monster (gebundenen Ausgabe) - Conex-Shop\",\"isPartOf\":{\"@id\":\"https:\\\/\\\/conexbooks.de\\\/a\\\/shop\\\/#website\"},\"primaryImageOfPage\":{\"@id\":\"https:\\\/\\\/conexbooks.de\\\/a\\\/shop\\\/produkt\\\/buch-manchmal-sind-gefuehle-monster\\\/#primaryimage\"},\"image\":{\"@id\":\"https:\\\/\\\/conexbooks.de\\\/a\\\/shop\\\/produkt\\\/buch-manchmal-sind-gefuehle-monster\\\/#primaryimage\"},\"thumbnailUrl\":\"https:\\\/\\\/conexbooks.de\\\/a\\\/shop\\\/wp-content\\\/uploads\\\/2022\\\/03\\\/640.png\",\"datePublished\":\"2022-03-20T14:35:03+00:00\",\"dateModified\":\"2024-04-25T17:22:57+00:00\",\"breadcrumb\":{\"@id\":\"https:\\\/\\\/conexbooks.de\\\/a\\\/shop\\\/produkt\\\/buch-manchmal-sind-gefuehle-monster\\\/#breadcrumb\"},\"inLanguage\":\"de\",\"potentialAction\":[{\"@type\":\"ReadAction\",\"target\":[\"https:\\\/\\\/conexbooks.de\\\/a\\\/shop\\\/produkt\\\/buch-manchmal-sind-gefuehle-monster\\\/\"]}]},{\"@type\":\"ImageObject\",\"inLanguage\":\"de\",\"@id\":\"https:\\\/\\\/conexbooks.de\\\/a\\\/shop\\\/produkt\\\/buch-manchmal-sind-gefuehle-monster\\\/#primaryimage\",\"url\":\"https:\\\/\\\/conexbooks.de\\\/a\\\/shop\\\/wp-content\\\/uploads\\\/2022\\\/03\\\/640.png\",\"contentUrl\":\"https:\\\/\\\/conexbooks.de\\\/a\\\/shop\\\/wp-content\\\/uploads\\\/2022\\\/03\\\/640.png\",\"width\":283,\"height\":400},{\"@type\":\"BreadcrumbList\",\"@id\":\"https:\\\/\\\/conexbooks.de\\\/a\\\/shop\\\/produkt\\\/buch-manchmal-sind-gefuehle-monster\\\/#breadcrumb\",\"itemListElement\":[{\"@type\":\"ListItem\",\"position\":1,\"name\":\"Home\",\"item\":\"https:\\\/\\\/conexbooks.de\\\/a\\\/shop\\\/\"},{\"@type\":\"ListItem\",\"position\":2,\"name\":\"Shop\",\"item\":\"https:\\\/\\\/conexbooks.de\\\/a\\\/shop\\\/shop\\\/\"},{\"@type\":\"ListItem\",\"position\":3,\"name\":\"Buch: Manchmal sind Gef\u00fchle Monster (gebundenen Ausgabe)\"}]},{\"@type\":\"WebSite\",\"@id\":\"https:\\\/\\\/conexbooks.de\\\/a\\\/shop\\\/#website\",\"url\":\"https:\\\/\\\/conexbooks.de\\\/a\\\/shop\\\/\",\"name\":\"Conex-Shop\",\"description\":\"Alles f\u00fcr die gewaltfreie Kommunikation: B\u00fccher, Spiele. Handpuppen Seminarmaterial und Geschenke\",\"publisher\":{\"@id\":\"https:\\\/\\\/conexbooks.de\\\/a\\\/shop\\\/#organization\"},\"potentialAction\":[{\"@type\":\"SearchAction\",\"target\":{\"@type\":\"EntryPoint\",\"urlTemplate\":\"https:\\\/\\\/conexbooks.de\\\/a\\\/shop\\\/?s={search_term_string}\"},\"query-input\":{\"@type\":\"PropertyValueSpecification\",\"valueRequired\":true,\"valueName\":\"search_term_string\"}}],\"inLanguage\":\"de\"},{\"@type\":\"Organization\",\"@id\":\"https:\\\/\\\/conexbooks.de\\\/a\\\/shop\\\/#organization\",\"name\":\"Conex - books and more\",\"url\":\"https:\\\/\\\/conexbooks.de\\\/a\\\/shop\\\/\",\"logo\":{\"@type\":\"ImageObject\",\"inLanguage\":\"de\",\"@id\":\"https:\\\/\\\/conexbooks.de\\\/a\\\/shop\\\/#\\\/schema\\\/logo\\\/image\\\/\",\"url\":\"https:\\\/\\\/conexbooks.de\\\/a\\\/shop\\\/wp-content\\\/uploads\\\/2017\\\/12\\\/co-logo.png\",\"contentUrl\":\"https:\\\/\\\/conexbooks.de\\\/a\\\/shop\\\/wp-content\\\/uploads\\\/2017\\\/12\\\/co-logo.png\",\"width\":243,\"height\":122,\"caption\":\"Conex - books and more\"},\"image\":{\"@id\":\"https:\\\/\\\/conexbooks.de\\\/a\\\/shop\\\/#\\\/schema\\\/logo\\\/image\\\/\"}}]}<\/script>\n<!-- \/ Yoast SEO plugin. -->","yoast_head_json":{"title":"Buch: Manchmal sind Gef\u00fchle Monster (gebundenen Ausgabe) - Conex-Shop","robots":{"index":"index","follow":"follow","max-snippet":"max-snippet:-1","max-image-preview":"max-image-preview:large","max-video-preview":"max-video-preview:-1"},"canonical":"https:\/\/conexbooks.de\/a\/shop\/produkt\/buch-manchmal-sind-gefuehle-monster\/","og_locale":"de_DE","og_type":"article","og_title":"Buch: Manchmal sind Gef\u00fchle Monster (gebundenen Ausgabe) - Conex-Shop","og_description":"Selbstmanagement mit Gef\u00fchl Gebundene Ausgabe mit 164 Seiten in DIN A5 mit farbigen Illustrationen.  erschienen 2021","og_url":"https:\/\/conexbooks.de\/a\/shop\/produkt\/buch-manchmal-sind-gefuehle-monster\/","og_site_name":"Conex-Shop","article_modified_time":"2024-04-25T17:22:57+00:00","og_image":[{"width":283,"height":400,"url":"https:\/\/conexbooks.de\/a\/shop\/wp-content\/uploads\/2022\/03\/640.png","type":"image\/png"}],"twitter_card":"summary_large_image","twitter_misc":{"Gesch\u00e4tzte Lesezeit":"2\u00a0Minuten"},"schema":{"@context":"https:\/\/schema.org","@graph":[{"@type":"WebPage","@id":"https:\/\/conexbooks.de\/a\/shop\/produkt\/buch-manchmal-sind-gefuehle-monster\/","url":"https:\/\/conexbooks.de\/a\/shop\/produkt\/buch-manchmal-sind-gefuehle-monster\/","name":"Buch: Manchmal sind Gef\u00fchle Monster (gebundenen Ausgabe) - Conex-Shop","isPartOf":{"@id":"https:\/\/conexbooks.de\/a\/shop\/#website"},"primaryImageOfPage":{"@id":"https:\/\/conexbooks.de\/a\/shop\/produkt\/buch-manchmal-sind-gefuehle-monster\/#primaryimage"},"image":{"@id":"https:\/\/conexbooks.de\/a\/shop\/produkt\/buch-manchmal-sind-gefuehle-monster\/#primaryimage"},"thumbnailUrl":"https:\/\/conexbooks.de\/a\/shop\/wp-content\/uploads\/2022\/03\/640.png","datePublished":"2022-03-20T14:35:03+00:00","dateModified":"2024-04-25T17:22:57+00:00","breadcrumb":{"@id":"https:\/\/conexbooks.de\/a\/shop\/produkt\/buch-manchmal-sind-gefuehle-monster\/#breadcrumb"},"inLanguage":"de","potentialAction":[{"@type":"ReadAction","target":["https:\/\/conexbooks.de\/a\/shop\/produkt\/buch-manchmal-sind-gefuehle-monster\/"]}]},{"@type":"ImageObject","inLanguage":"de","@id":"https:\/\/conexbooks.de\/a\/shop\/produkt\/buch-manchmal-sind-gefuehle-monster\/#primaryimage","url":"https:\/\/conexbooks.de\/a\/shop\/wp-content\/uploads\/2022\/03\/640.png","contentUrl":"https:\/\/conexbooks.de\/a\/shop\/wp-content\/uploads\/2022\/03\/640.png","width":283,"height":400},{"@type":"BreadcrumbList","@id":"https:\/\/conexbooks.de\/a\/shop\/produkt\/buch-manchmal-sind-gefuehle-monster\/#breadcrumb","itemListElement":[{"@type":"ListItem","position":1,"name":"Home","item":"https:\/\/conexbooks.de\/a\/shop\/"},{"@type":"ListItem","position":2,"name":"Shop","item":"https:\/\/conexbooks.de\/a\/shop\/shop\/"},{"@type":"ListItem","position":3,"name":"Buch: Manchmal sind Gef\u00fchle Monster (gebundenen Ausgabe)"}]},{"@type":"WebSite","@id":"https:\/\/conexbooks.de\/a\/shop\/#website","url":"https:\/\/conexbooks.de\/a\/shop\/","name":"Conex-Shop","description":"Alles f\u00fcr die gewaltfreie Kommunikation: B\u00fccher, Spiele. Handpuppen Seminarmaterial und Geschenke","publisher":{"@id":"https:\/\/conexbooks.de\/a\/shop\/#organization"},"potentialAction":[{"@type":"SearchAction","target":{"@type":"EntryPoint","urlTemplate":"https:\/\/conexbooks.de\/a\/shop\/?s={search_term_string}"},"query-input":{"@type":"PropertyValueSpecification","valueRequired":true,"valueName":"search_term_string"}}],"inLanguage":"de"},{"@type":"Organization","@id":"https:\/\/conexbooks.de\/a\/shop\/#organization","name":"Conex - books and more","url":"https:\/\/conexbooks.de\/a\/shop\/","logo":{"@type":"ImageObject","inLanguage":"de","@id":"https:\/\/conexbooks.de\/a\/shop\/#\/schema\/logo\/image\/","url":"https:\/\/conexbooks.de\/a\/shop\/wp-content\/uploads\/2017\/12\/co-logo.png","contentUrl":"https:\/\/conexbooks.de\/a\/shop\/wp-content\/uploads\/2017\/12\/co-logo.png","width":243,"height":122,"caption":"Conex - books and more"},"image":{"@id":"https:\/\/conexbooks.de\/a\/shop\/#\/schema\/logo\/image\/"}}]}},"_links":{"self":[{"href":"https:\/\/conexbooks.de\/a\/shop\/wp-json\/wp\/v2\/product\/18577","targetHints":{"allow":["GET"]}}],"collection":[{"href":"https:\/\/conexbooks.de\/a\/shop\/wp-json\/wp\/v2\/product"}],"about":[{"href":"https:\/\/conexbooks.de\/a\/shop\/wp-json\/wp\/v2\/types\/product"}],"wp:featuredmedia":[{"embeddable":true,"href":"https:\/\/conexbooks.de\/a\/shop\/wp-json\/wp\/v2\/media\/18578"}],"wp:attachment":[{"href":"https:\/\/conexbooks.de\/a\/shop\/wp-json\/wp\/v2\/media?parent=18577"}],"wp:term":[{"taxonomy":"product_brand","embeddable":true,"href":"https:\/\/conexbooks.de\/a\/shop\/wp-json\/wp\/v2\/product_brand?post=18577"},{"taxonomy":"product_cat","embeddable":true,"href":"https:\/\/conexbooks.de\/a\/shop\/wp-json\/wp\/v2\/product_cat?post=18577"},{"taxonomy":"product_tag","embeddable":true,"href":"https:\/\/conexbooks.de\/a\/shop\/wp-json\/wp\/v2\/product_tag?post=18577"}],"curies":[{"name":"wp","href":"https:\/\/api.w.org\/{rel}","templated":true}]}}