{"id":18733,"date":"2022-06-20T16:03:04","date_gmt":"2022-06-20T14:03:04","guid":{"rendered":"https:\/\/conexbooks.de\/a\/shop\/?post_type=product&#038;p=18733"},"modified":"2022-11-15T13:18:43","modified_gmt":"2022-11-15T12:18:43","slug":"cd-gewaltfreie-kommunikation-im-echten-leben-mit-bob-wentworth","status":"publish","type":"product","link":"https:\/\/conexbooks.de\/a\/shop\/produkt\/cd-gewaltfreie-kommunikation-im-echten-leben-mit-bob-wentworth\/","title":{"rendered":"CD: Gewaltfreie Kommunikation im echten Leben mit Bob Wentworth"},"content":{"rendered":"<h2>Die Realit\u00e4t nehmen, wie sie ist<\/h2>\n<h3>Mitschnitt eines 5-t\u00e4gigen Seminares in Stuttgart im Jahr 2014 in Stuttgart mit<\/h3>\n<h3>Bob Wentworth<\/h3>\n<p>Gewaltfreie Kommunikation kann zu wundervoll tiefen Verbindungen zwischen Menschen beitragen. Auch in Konflikten k\u00f6nnen wir uns einander n\u00e4herkommen und hinterher gl\u00fccklicher sein als vorher. Doch das gelingt nicht immer. Einige Situationen, die sowohl h\u00e4ufig vorkommen als auch heftige Herausforderungen beinhalten, sind:<br \/>\n&#8211; mit Menschen reden, die formale GFK ablehnen<br \/>\n&#8211; in Beziehungen mit Familienmitgliedern und anderen uns sehr nahstehenden Menschen<br \/>\n&#8211; wenn wir sehr starke Gef\u00fchle haben<br \/>\n&#8211; im Kontakt mit Menschen, die ganz andere kulturelle Werte zu haben scheinen<\/p>\n<p>Ziel dieses Workshops ist es, dazu beizutragen, auch in solchen Situationen die Wirkung der GFK erleben zu k\u00f6nnen: Verbindung, N\u00e4he, Empowerment, Freiheit und Frieden.<\/p>\n<p>Bob Wentworth ist CNVC-zertifizierter Trainer und Mitglied des Vorstands des CNVC (Center for Nonviolent Communication).<div id='1' class='widgets_on_page wop_tiny1  wop_small1  wop_medium1  wop_large1  wop_wide1'>\n\t\t\t<ul><li id=\"custom_html-4\" class=\"widget_text widget widget_custom_html\"><div class=\"textwidget custom-html-widget\"><div style=\"text-align:left;\">\r\n<button class = \"button\" style=\"height: 30px; font-size: 0.8em;\" name=\"zuruck\" type=\"button\" onclick=\"history.back()\">Zur\u00fcck zur \u00dcbersicht<\/button><\/div><\/div><\/li><\/ul><\/div><!-- widgets_on_page --><\/p>\n","protected":false},"excerpt":{"rendered":"<h4>Seminar in englisch mit deutscher Konsekutiv\u00fcbersetzung vom 13. &#8211; 16. M\u00e4rz 2014 in Stuttgart mit Bob Wentworth<\/h4>\n<p>englisch\/deutsch<br \/>\n13 CDs, insgesamt 13h 45 Min.<\/p>\n<p><span style=\"color: #ff0000;\">CD wird nur auf Anfrage produziert.<\/span><br \/>\n<span style=\"color: #ff0000;\">Lieferzeit: 14 Tage<\/span><br \/>\n<span style=\"color: #ff0000;\">Aktueller Preis kann kann abweichen.<\/span><\/p>\n","protected":false},"featured_media":16365,"template":"","meta":[],"product_brand":[],"product_cat":[42,40],"product_tag":[229,221,122,450,220,219,130],"class_list":{"0":"post-18733","1":"product","2":"type-product","3":"status-publish","4":"has-post-thumbnail","6":"product_cat-audio","7":"product_cat-grundlagen","8":"product_tag-anwendung-der-gfk","9":"product_tag-authentische-gespraeche","10":"product_tag-beduerfnisse","11":"product_tag-gfk-im-alltag","12":"product_tag-glaubensaetze","13":"product_tag-innere-haltung","14":"product_tag-mitgefuehl","16":"first","17":"instock","18":"shipping-taxable","19":"purchasable","20":"product-type-simple"},"yoast_head":"<!-- This site is optimized with the Yoast SEO plugin v27.3 - https:\/\/yoast.com\/product\/yoast-seo-wordpress\/ -->\n<title>CD: Gewaltfreie Kommunikation im echten Leben mit Bob Wentworth - Conex-Shop<\/title>\n<meta name=\"robots\" content=\"index, follow, max-snippet:-1, max-image-preview:large, max-video-preview:-1\" \/>\n<link rel=\"canonical\" href=\"https:\/\/conexbooks.de\/a\/shop\/produkt\/cd-gewaltfreie-kommunikation-im-echten-leben-mit-bob-wentworth\/\" \/>\n<meta property=\"og:locale\" content=\"de_DE\" \/>\n<meta property=\"og:type\" content=\"article\" \/>\n<meta property=\"og:title\" content=\"CD: Gewaltfreie Kommunikation im echten Leben mit Bob Wentworth - Conex-Shop\" \/>\n<meta property=\"og:description\" content=\"Seminar in englisch mit deutscher Konsekutiv\u00fcbersetzung vom 13. - 16. M\u00e4rz 2014 in Stuttgart mit Bob Wentworth englisch\/deutsch 13 CDs, insgesamt 13h 45 Min.  CD wird nur auf Anfrage produziert. Lieferzeit: 14 Tage Aktueller Preis kann kann abweichen.\" \/>\n<meta property=\"og:url\" content=\"https:\/\/conexbooks.de\/a\/shop\/produkt\/cd-gewaltfreie-kommunikation-im-echten-leben-mit-bob-wentworth\/\" \/>\n<meta property=\"og:site_name\" content=\"Conex-Shop\" \/>\n<meta property=\"article:modified_time\" content=\"2022-11-15T12:18:43+00:00\" \/>\n<meta property=\"og:image\" content=\"https:\/\/conexbooks.de\/a\/shop\/wp-content\/uploads\/2020\/08\/334.png\" \/>\n\t<meta property=\"og:image:width\" content=\"291\" \/>\n\t<meta property=\"og:image:height\" content=\"235\" \/>\n\t<meta property=\"og:image:type\" content=\"image\/png\" \/>\n<meta name=\"twitter:card\" content=\"summary_large_image\" \/>\n<meta name=\"twitter:label1\" content=\"Gesch\u00e4tzte Lesezeit\" \/>\n\t<meta name=\"twitter:data1\" content=\"1\u00a0Minute\" \/>\n<script type=\"application\/ld+json\" class=\"yoast-schema-graph\">{\"@context\":\"https:\\\/\\\/schema.org\",\"@graph\":[{\"@type\":\"WebPage\",\"@id\":\"https:\\\/\\\/conexbooks.de\\\/a\\\/shop\\\/produkt\\\/cd-gewaltfreie-kommunikation-im-echten-leben-mit-bob-wentworth\\\/\",\"url\":\"https:\\\/\\\/conexbooks.de\\\/a\\\/shop\\\/produkt\\\/cd-gewaltfreie-kommunikation-im-echten-leben-mit-bob-wentworth\\\/\",\"name\":\"CD: Gewaltfreie Kommunikation im echten Leben mit Bob Wentworth - Conex-Shop\",\"isPartOf\":{\"@id\":\"https:\\\/\\\/conexbooks.de\\\/a\\\/shop\\\/#website\"},\"primaryImageOfPage\":{\"@id\":\"https:\\\/\\\/conexbooks.de\\\/a\\\/shop\\\/produkt\\\/cd-gewaltfreie-kommunikation-im-echten-leben-mit-bob-wentworth\\\/#primaryimage\"},\"image\":{\"@id\":\"https:\\\/\\\/conexbooks.de\\\/a\\\/shop\\\/produkt\\\/cd-gewaltfreie-kommunikation-im-echten-leben-mit-bob-wentworth\\\/#primaryimage\"},\"thumbnailUrl\":\"https:\\\/\\\/conexbooks.de\\\/a\\\/shop\\\/wp-content\\\/uploads\\\/2020\\\/08\\\/334.png\",\"datePublished\":\"2022-06-20T14:03:04+00:00\",\"dateModified\":\"2022-11-15T12:18:43+00:00\",\"breadcrumb\":{\"@id\":\"https:\\\/\\\/conexbooks.de\\\/a\\\/shop\\\/produkt\\\/cd-gewaltfreie-kommunikation-im-echten-leben-mit-bob-wentworth\\\/#breadcrumb\"},\"inLanguage\":\"de\",\"potentialAction\":[{\"@type\":\"ReadAction\",\"target\":[\"https:\\\/\\\/conexbooks.de\\\/a\\\/shop\\\/produkt\\\/cd-gewaltfreie-kommunikation-im-echten-leben-mit-bob-wentworth\\\/\"]}]},{\"@type\":\"ImageObject\",\"inLanguage\":\"de\",\"@id\":\"https:\\\/\\\/conexbooks.de\\\/a\\\/shop\\\/produkt\\\/cd-gewaltfreie-kommunikation-im-echten-leben-mit-bob-wentworth\\\/#primaryimage\",\"url\":\"https:\\\/\\\/conexbooks.de\\\/a\\\/shop\\\/wp-content\\\/uploads\\\/2020\\\/08\\\/334.png\",\"contentUrl\":\"https:\\\/\\\/conexbooks.de\\\/a\\\/shop\\\/wp-content\\\/uploads\\\/2020\\\/08\\\/334.png\",\"width\":291,\"height\":235},{\"@type\":\"BreadcrumbList\",\"@id\":\"https:\\\/\\\/conexbooks.de\\\/a\\\/shop\\\/produkt\\\/cd-gewaltfreie-kommunikation-im-echten-leben-mit-bob-wentworth\\\/#breadcrumb\",\"itemListElement\":[{\"@type\":\"ListItem\",\"position\":1,\"name\":\"Home\",\"item\":\"https:\\\/\\\/conexbooks.de\\\/a\\\/shop\\\/\"},{\"@type\":\"ListItem\",\"position\":2,\"name\":\"Shop\",\"item\":\"https:\\\/\\\/conexbooks.de\\\/a\\\/shop\\\/shop\\\/\"},{\"@type\":\"ListItem\",\"position\":3,\"name\":\"CD: Gewaltfreie Kommunikation im echten Leben mit Bob Wentworth\"}]},{\"@type\":\"WebSite\",\"@id\":\"https:\\\/\\\/conexbooks.de\\\/a\\\/shop\\\/#website\",\"url\":\"https:\\\/\\\/conexbooks.de\\\/a\\\/shop\\\/\",\"name\":\"Conex-Shop\",\"description\":\"Alles f\u00fcr die gewaltfreie Kommunikation: B\u00fccher, Spiele. Handpuppen Seminarmaterial und Geschenke\",\"publisher\":{\"@id\":\"https:\\\/\\\/conexbooks.de\\\/a\\\/shop\\\/#organization\"},\"potentialAction\":[{\"@type\":\"SearchAction\",\"target\":{\"@type\":\"EntryPoint\",\"urlTemplate\":\"https:\\\/\\\/conexbooks.de\\\/a\\\/shop\\\/?s={search_term_string}\"},\"query-input\":{\"@type\":\"PropertyValueSpecification\",\"valueRequired\":true,\"valueName\":\"search_term_string\"}}],\"inLanguage\":\"de\"},{\"@type\":\"Organization\",\"@id\":\"https:\\\/\\\/conexbooks.de\\\/a\\\/shop\\\/#organization\",\"name\":\"Conex - books and more\",\"url\":\"https:\\\/\\\/conexbooks.de\\\/a\\\/shop\\\/\",\"logo\":{\"@type\":\"ImageObject\",\"inLanguage\":\"de\",\"@id\":\"https:\\\/\\\/conexbooks.de\\\/a\\\/shop\\\/#\\\/schema\\\/logo\\\/image\\\/\",\"url\":\"https:\\\/\\\/conexbooks.de\\\/a\\\/shop\\\/wp-content\\\/uploads\\\/2017\\\/12\\\/co-logo.png\",\"contentUrl\":\"https:\\\/\\\/conexbooks.de\\\/a\\\/shop\\\/wp-content\\\/uploads\\\/2017\\\/12\\\/co-logo.png\",\"width\":243,\"height\":122,\"caption\":\"Conex - books and more\"},\"image\":{\"@id\":\"https:\\\/\\\/conexbooks.de\\\/a\\\/shop\\\/#\\\/schema\\\/logo\\\/image\\\/\"}}]}<\/script>\n<!-- \/ Yoast SEO plugin. -->","yoast_head_json":{"title":"CD: Gewaltfreie Kommunikation im echten Leben mit Bob Wentworth - Conex-Shop","robots":{"index":"index","follow":"follow","max-snippet":"max-snippet:-1","max-image-preview":"max-image-preview:large","max-video-preview":"max-video-preview:-1"},"canonical":"https:\/\/conexbooks.de\/a\/shop\/produkt\/cd-gewaltfreie-kommunikation-im-echten-leben-mit-bob-wentworth\/","og_locale":"de_DE","og_type":"article","og_title":"CD: Gewaltfreie Kommunikation im echten Leben mit Bob Wentworth - Conex-Shop","og_description":"Seminar in englisch mit deutscher Konsekutiv\u00fcbersetzung vom 13. - 16. M\u00e4rz 2014 in Stuttgart mit Bob Wentworth englisch\/deutsch 13 CDs, insgesamt 13h 45 Min.  CD wird nur auf Anfrage produziert. Lieferzeit: 14 Tage Aktueller Preis kann kann abweichen.","og_url":"https:\/\/conexbooks.de\/a\/shop\/produkt\/cd-gewaltfreie-kommunikation-im-echten-leben-mit-bob-wentworth\/","og_site_name":"Conex-Shop","article_modified_time":"2022-11-15T12:18:43+00:00","og_image":[{"width":291,"height":235,"url":"https:\/\/conexbooks.de\/a\/shop\/wp-content\/uploads\/2020\/08\/334.png","type":"image\/png"}],"twitter_card":"summary_large_image","twitter_misc":{"Gesch\u00e4tzte Lesezeit":"1\u00a0Minute"},"schema":{"@context":"https:\/\/schema.org","@graph":[{"@type":"WebPage","@id":"https:\/\/conexbooks.de\/a\/shop\/produkt\/cd-gewaltfreie-kommunikation-im-echten-leben-mit-bob-wentworth\/","url":"https:\/\/conexbooks.de\/a\/shop\/produkt\/cd-gewaltfreie-kommunikation-im-echten-leben-mit-bob-wentworth\/","name":"CD: Gewaltfreie Kommunikation im echten Leben mit Bob Wentworth - Conex-Shop","isPartOf":{"@id":"https:\/\/conexbooks.de\/a\/shop\/#website"},"primaryImageOfPage":{"@id":"https:\/\/conexbooks.de\/a\/shop\/produkt\/cd-gewaltfreie-kommunikation-im-echten-leben-mit-bob-wentworth\/#primaryimage"},"image":{"@id":"https:\/\/conexbooks.de\/a\/shop\/produkt\/cd-gewaltfreie-kommunikation-im-echten-leben-mit-bob-wentworth\/#primaryimage"},"thumbnailUrl":"https:\/\/conexbooks.de\/a\/shop\/wp-content\/uploads\/2020\/08\/334.png","datePublished":"2022-06-20T14:03:04+00:00","dateModified":"2022-11-15T12:18:43+00:00","breadcrumb":{"@id":"https:\/\/conexbooks.de\/a\/shop\/produkt\/cd-gewaltfreie-kommunikation-im-echten-leben-mit-bob-wentworth\/#breadcrumb"},"inLanguage":"de","potentialAction":[{"@type":"ReadAction","target":["https:\/\/conexbooks.de\/a\/shop\/produkt\/cd-gewaltfreie-kommunikation-im-echten-leben-mit-bob-wentworth\/"]}]},{"@type":"ImageObject","inLanguage":"de","@id":"https:\/\/conexbooks.de\/a\/shop\/produkt\/cd-gewaltfreie-kommunikation-im-echten-leben-mit-bob-wentworth\/#primaryimage","url":"https:\/\/conexbooks.de\/a\/shop\/wp-content\/uploads\/2020\/08\/334.png","contentUrl":"https:\/\/conexbooks.de\/a\/shop\/wp-content\/uploads\/2020\/08\/334.png","width":291,"height":235},{"@type":"BreadcrumbList","@id":"https:\/\/conexbooks.de\/a\/shop\/produkt\/cd-gewaltfreie-kommunikation-im-echten-leben-mit-bob-wentworth\/#breadcrumb","itemListElement":[{"@type":"ListItem","position":1,"name":"Home","item":"https:\/\/conexbooks.de\/a\/shop\/"},{"@type":"ListItem","position":2,"name":"Shop","item":"https:\/\/conexbooks.de\/a\/shop\/shop\/"},{"@type":"ListItem","position":3,"name":"CD: Gewaltfreie Kommunikation im echten Leben mit Bob Wentworth"}]},{"@type":"WebSite","@id":"https:\/\/conexbooks.de\/a\/shop\/#website","url":"https:\/\/conexbooks.de\/a\/shop\/","name":"Conex-Shop","description":"Alles f\u00fcr die gewaltfreie Kommunikation: B\u00fccher, Spiele. Handpuppen Seminarmaterial und Geschenke","publisher":{"@id":"https:\/\/conexbooks.de\/a\/shop\/#organization"},"potentialAction":[{"@type":"SearchAction","target":{"@type":"EntryPoint","urlTemplate":"https:\/\/conexbooks.de\/a\/shop\/?s={search_term_string}"},"query-input":{"@type":"PropertyValueSpecification","valueRequired":true,"valueName":"search_term_string"}}],"inLanguage":"de"},{"@type":"Organization","@id":"https:\/\/conexbooks.de\/a\/shop\/#organization","name":"Conex - books and more","url":"https:\/\/conexbooks.de\/a\/shop\/","logo":{"@type":"ImageObject","inLanguage":"de","@id":"https:\/\/conexbooks.de\/a\/shop\/#\/schema\/logo\/image\/","url":"https:\/\/conexbooks.de\/a\/shop\/wp-content\/uploads\/2017\/12\/co-logo.png","contentUrl":"https:\/\/conexbooks.de\/a\/shop\/wp-content\/uploads\/2017\/12\/co-logo.png","width":243,"height":122,"caption":"Conex - books and more"},"image":{"@id":"https:\/\/conexbooks.de\/a\/shop\/#\/schema\/logo\/image\/"}}]}},"_links":{"self":[{"href":"https:\/\/conexbooks.de\/a\/shop\/wp-json\/wp\/v2\/product\/18733","targetHints":{"allow":["GET"]}}],"collection":[{"href":"https:\/\/conexbooks.de\/a\/shop\/wp-json\/wp\/v2\/product"}],"about":[{"href":"https:\/\/conexbooks.de\/a\/shop\/wp-json\/wp\/v2\/types\/product"}],"wp:featuredmedia":[{"embeddable":true,"href":"https:\/\/conexbooks.de\/a\/shop\/wp-json\/wp\/v2\/media\/16365"}],"wp:attachment":[{"href":"https:\/\/conexbooks.de\/a\/shop\/wp-json\/wp\/v2\/media?parent=18733"}],"wp:term":[{"taxonomy":"product_brand","embeddable":true,"href":"https:\/\/conexbooks.de\/a\/shop\/wp-json\/wp\/v2\/product_brand?post=18733"},{"taxonomy":"product_cat","embeddable":true,"href":"https:\/\/conexbooks.de\/a\/shop\/wp-json\/wp\/v2\/product_cat?post=18733"},{"taxonomy":"product_tag","embeddable":true,"href":"https:\/\/conexbooks.de\/a\/shop\/wp-json\/wp\/v2\/product_tag?post=18733"}],"curies":[{"name":"wp","href":"https:\/\/api.w.org\/{rel}","templated":true}]}}