{"id":18877,"date":"2022-09-28T22:26:57","date_gmt":"2022-09-28T20:26:57","guid":{"rendered":"https:\/\/conexbooks.de\/a\/shop\/?post_type=product&#038;p=18877"},"modified":"2025-05-09T09:53:57","modified_gmt":"2025-05-09T07:53:57","slug":"l-i-e-b-e-dein-journal-fuer-ein-lieben-im-einklang-mit-der-beduerfnisernergie","status":"publish","type":"product","link":"https:\/\/conexbooks.de\/a\/shop\/produkt\/l-i-e-b-e-dein-journal-fuer-ein-lieben-im-einklang-mit-der-beduerfnisernergie\/","title":{"rendered":"L.I.E.B.E. Dein Journal f\u00fcr ein L(i)eben im Einklang mit der Bed\u00fcrfnisernergie"},"content":{"rendered":"<h2 class=\"page-title\"><strong>ein angeleitetes 6 Wochen Tagebuch mit <\/strong><strong>\u00dcbungen zum Reflektieren und <\/strong><strong>verankern des <\/strong><strong>Bed\u00fcrfnisbewusstseins<br \/>\n<\/strong><\/h2>\n<h4>von Annett Zupke<\/h4>\n<p>Ein Leben im Einklang mit der Bed\u00fcrfnisenergie (L.I.E.B.E.) und liebevollen Gespr\u00e4chen mit dir selbst und anderen\u00a0braucht t\u00e4gliches \u00dcben. Zu hartn\u00e4ckig sitzen bei vielen von uns die Gewohnheiten des Klagens &amp; Jammerns, des Vorw\u00fcrfe machens,\u00a0Verurteilens und der harschen Selbstkritik.<br \/>\nLerne mithilfe dieses Buches deine Aufmerksamkeit mitten im Alltag immer wieder auf deine Gef\u00fchle und Bed\u00fcrfnisse zu lenken. So reflektieren deine Entscheidungen in deinem Leben deine L.I.E.B.E zu dir, zu deinen Mitmenschen und dem Leben an sich.<\/p>\n<p><strong>Alle zwei Wochen wechselt das Hauptthema:<\/strong><\/p>\n<p><strong>Woche 1 und 2:<\/strong>\u00a0tiefere Selbstverbindung und mehr Klarheit \u00fcber meine Selbstverantwortung und die Kraft der Bitte<br \/>\n<strong>Woche 3 und 4:<\/strong> Dankbarkeitsschule<br \/>\n<strong>Woche 5 und 6:<\/strong>\u00a0Dankbarkeit kultivieren und aussprechen f\u00fcr ein Gegen\u00fcber und f\u00fcr mich selbst<br \/>\nDieses Buch im A 5 Format ist quasi dein Bed\u00fcrfnis-Fitnessstudio f\u00fcr Zuhause und unterwegs.<br \/>\nEs umfasst:<\/p>\n<p><strong>F\u00fcr die t\u00e4gliche\u00a0<\/strong><b>Reflexion: <\/b>jeden Tag gibt es kleine \u00dcbungsimpulse zur Planung und Reflexion des Tages<\/p>\n<p><strong>Am Ende der Woche: <\/strong>bist du eingeladen zu reflektieren, welche Bed\u00fcrfnisse du gut im Blick hast und welche in der kommenden Woche mehr Aufmerksamkeit brauchen<\/p>\n<p><b>Zus\u00e4tzlich enthalten: <\/b>eine \u00dcbersicht \u00fcber Bed\u00fcrfnisse als Lotus-symbol, inspirierende Zitate, Raum f\u00fcr eigene Notizen, weiterf\u00fchrende Anregungen<\/p>\n<div id='1' class='widgets_on_page wop_tiny1  wop_small1  wop_medium1  wop_large1  wop_wide1'>\n\t\t\t<ul><li id=\"custom_html-4\" class=\"widget_text widget widget_custom_html\"><div class=\"textwidget custom-html-widget\"><div style=\"text-align:left;\">\r\n<button class = \"button\" style=\"height: 30px; font-size: 0.8em;\" name=\"zuruck\" type=\"button\" onclick=\"history.back()\">Zur\u00fcck zur \u00dcbersicht<\/button><\/div><\/div><\/li><\/ul><\/div><!-- widgets_on_page -->\n","protected":false},"excerpt":{"rendered":"<h3>Annett Zupke<\/h3>\n<p class=\"mb-4\">Zupke (erschienen 2022); www.annett-zupke.de<br \/>\n134 Seiten, Ringbindung, Format: A5<\/p>\n","protected":false},"featured_media":18880,"template":"","meta":[],"product_brand":[],"product_cat":[482,36,53,39],"product_tag":[474,158,459,220,472,475,460,462,471,473,461],"class_list":{"0":"post-18877","1":"product","2":"type-product","3":"status-publish","4":"has-post-thumbnail","6":"product_cat-buecher","7":"product_cat-deutsche-buecher","8":"product_cat-neu","9":"product_cat-persoenliche-entwicklung","10":"product_tag-aufmerksamkeit","11":"product_tag-dankbarkeit","12":"product_tag-denkgewohnheiten","13":"product_tag-glaubensaetze","14":"product_tag-journal","15":"product_tag-reflektion","16":"product_tag-ressourcen","17":"product_tag-sinn","18":"product_tag-tagebuch","19":"product_tag-taegliche-uebungen","20":"product_tag-werte","22":"first","23":"outofstock","24":"shipping-taxable","25":"purchasable","26":"product-type-simple"},"yoast_head":"<!-- This site is optimized with the Yoast SEO plugin v27.5 - https:\/\/yoast.com\/product\/yoast-seo-wordpress\/ -->\n<title>L.I.E.B.E. Dein Journal f\u00fcr ein L(i)eben im Einklang mit der Bed\u00fcrfnisernergie - Conex-Shop<\/title>\n<meta name=\"robots\" content=\"index, follow, max-snippet:-1, max-image-preview:large, max-video-preview:-1\" \/>\n<link rel=\"canonical\" href=\"https:\/\/conexbooks.de\/a\/shop\/produkt\/l-i-e-b-e-dein-journal-fuer-ein-lieben-im-einklang-mit-der-beduerfnisernergie\/\" \/>\n<meta property=\"og:locale\" content=\"de_DE\" \/>\n<meta property=\"og:type\" content=\"article\" \/>\n<meta property=\"og:title\" content=\"L.I.E.B.E. Dein Journal f\u00fcr ein L(i)eben im Einklang mit der Bed\u00fcrfnisernergie - Conex-Shop\" \/>\n<meta property=\"og:description\" content=\"Annett Zupke Zupke (erschienen 2022); www.annett-zupke.de 134 Seiten, Ringbindung, Format: A5\" \/>\n<meta property=\"og:url\" content=\"https:\/\/conexbooks.de\/a\/shop\/produkt\/l-i-e-b-e-dein-journal-fuer-ein-lieben-im-einklang-mit-der-beduerfnisernergie\/\" \/>\n<meta property=\"og:site_name\" content=\"Conex-Shop\" \/>\n<meta property=\"article:modified_time\" content=\"2025-05-09T07:53:57+00:00\" \/>\n<meta property=\"og:image\" content=\"https:\/\/conexbooks.de\/a\/shop\/wp-content\/uploads\/2022\/09\/777.png\" \/>\n\t<meta property=\"og:image:width\" content=\"273\" \/>\n\t<meta property=\"og:image:height\" content=\"387\" \/>\n\t<meta property=\"og:image:type\" content=\"image\/png\" \/>\n<meta name=\"twitter:card\" content=\"summary_large_image\" \/>\n<meta name=\"twitter:label1\" content=\"Gesch\u00e4tzte Lesezeit\" \/>\n\t<meta name=\"twitter:data1\" content=\"2\u00a0Minuten\" \/>\n<script type=\"application\/ld+json\" class=\"yoast-schema-graph\">{\"@context\":\"https:\\\/\\\/schema.org\",\"@graph\":[{\"@type\":\"WebPage\",\"@id\":\"https:\\\/\\\/conexbooks.de\\\/a\\\/shop\\\/produkt\\\/l-i-e-b-e-dein-journal-fuer-ein-lieben-im-einklang-mit-der-beduerfnisernergie\\\/\",\"url\":\"https:\\\/\\\/conexbooks.de\\\/a\\\/shop\\\/produkt\\\/l-i-e-b-e-dein-journal-fuer-ein-lieben-im-einklang-mit-der-beduerfnisernergie\\\/\",\"name\":\"L.I.E.B.E. Dein Journal f\u00fcr ein L(i)eben im Einklang mit der Bed\u00fcrfnisernergie - Conex-Shop\",\"isPartOf\":{\"@id\":\"https:\\\/\\\/conexbooks.de\\\/a\\\/shop\\\/#website\"},\"primaryImageOfPage\":{\"@id\":\"https:\\\/\\\/conexbooks.de\\\/a\\\/shop\\\/produkt\\\/l-i-e-b-e-dein-journal-fuer-ein-lieben-im-einklang-mit-der-beduerfnisernergie\\\/#primaryimage\"},\"image\":{\"@id\":\"https:\\\/\\\/conexbooks.de\\\/a\\\/shop\\\/produkt\\\/l-i-e-b-e-dein-journal-fuer-ein-lieben-im-einklang-mit-der-beduerfnisernergie\\\/#primaryimage\"},\"thumbnailUrl\":\"https:\\\/\\\/conexbooks.de\\\/a\\\/shop\\\/wp-content\\\/uploads\\\/2022\\\/09\\\/777.png\",\"datePublished\":\"2022-09-28T20:26:57+00:00\",\"dateModified\":\"2025-05-09T07:53:57+00:00\",\"breadcrumb\":{\"@id\":\"https:\\\/\\\/conexbooks.de\\\/a\\\/shop\\\/produkt\\\/l-i-e-b-e-dein-journal-fuer-ein-lieben-im-einklang-mit-der-beduerfnisernergie\\\/#breadcrumb\"},\"inLanguage\":\"de\",\"potentialAction\":[{\"@type\":\"ReadAction\",\"target\":[\"https:\\\/\\\/conexbooks.de\\\/a\\\/shop\\\/produkt\\\/l-i-e-b-e-dein-journal-fuer-ein-lieben-im-einklang-mit-der-beduerfnisernergie\\\/\"]}]},{\"@type\":\"ImageObject\",\"inLanguage\":\"de\",\"@id\":\"https:\\\/\\\/conexbooks.de\\\/a\\\/shop\\\/produkt\\\/l-i-e-b-e-dein-journal-fuer-ein-lieben-im-einklang-mit-der-beduerfnisernergie\\\/#primaryimage\",\"url\":\"https:\\\/\\\/conexbooks.de\\\/a\\\/shop\\\/wp-content\\\/uploads\\\/2022\\\/09\\\/777.png\",\"contentUrl\":\"https:\\\/\\\/conexbooks.de\\\/a\\\/shop\\\/wp-content\\\/uploads\\\/2022\\\/09\\\/777.png\",\"width\":273,\"height\":387},{\"@type\":\"BreadcrumbList\",\"@id\":\"https:\\\/\\\/conexbooks.de\\\/a\\\/shop\\\/produkt\\\/l-i-e-b-e-dein-journal-fuer-ein-lieben-im-einklang-mit-der-beduerfnisernergie\\\/#breadcrumb\",\"itemListElement\":[{\"@type\":\"ListItem\",\"position\":1,\"name\":\"Home\",\"item\":\"https:\\\/\\\/conexbooks.de\\\/a\\\/shop\\\/\"},{\"@type\":\"ListItem\",\"position\":2,\"name\":\"Shop\",\"item\":\"https:\\\/\\\/conexbooks.de\\\/a\\\/shop\\\/shop\\\/\"},{\"@type\":\"ListItem\",\"position\":3,\"name\":\"L.I.E.B.E. Dein Journal f\u00fcr ein L(i)eben im Einklang mit der Bed\u00fcrfnisernergie\"}]},{\"@type\":\"WebSite\",\"@id\":\"https:\\\/\\\/conexbooks.de\\\/a\\\/shop\\\/#website\",\"url\":\"https:\\\/\\\/conexbooks.de\\\/a\\\/shop\\\/\",\"name\":\"Conex-Shop\",\"description\":\"Alles f\u00fcr die gewaltfreie Kommunikation: B\u00fccher, Spiele. Handpuppen Seminarmaterial und Geschenke\",\"publisher\":{\"@id\":\"https:\\\/\\\/conexbooks.de\\\/a\\\/shop\\\/#organization\"},\"potentialAction\":[{\"@type\":\"SearchAction\",\"target\":{\"@type\":\"EntryPoint\",\"urlTemplate\":\"https:\\\/\\\/conexbooks.de\\\/a\\\/shop\\\/?s={search_term_string}\"},\"query-input\":{\"@type\":\"PropertyValueSpecification\",\"valueRequired\":true,\"valueName\":\"search_term_string\"}}],\"inLanguage\":\"de\"},{\"@type\":\"Organization\",\"@id\":\"https:\\\/\\\/conexbooks.de\\\/a\\\/shop\\\/#organization\",\"name\":\"Conex - books and more\",\"url\":\"https:\\\/\\\/conexbooks.de\\\/a\\\/shop\\\/\",\"logo\":{\"@type\":\"ImageObject\",\"inLanguage\":\"de\",\"@id\":\"https:\\\/\\\/conexbooks.de\\\/a\\\/shop\\\/#\\\/schema\\\/logo\\\/image\\\/\",\"url\":\"https:\\\/\\\/conexbooks.de\\\/a\\\/shop\\\/wp-content\\\/uploads\\\/2017\\\/12\\\/co-logo.png\",\"contentUrl\":\"https:\\\/\\\/conexbooks.de\\\/a\\\/shop\\\/wp-content\\\/uploads\\\/2017\\\/12\\\/co-logo.png\",\"width\":243,\"height\":122,\"caption\":\"Conex - books and more\"},\"image\":{\"@id\":\"https:\\\/\\\/conexbooks.de\\\/a\\\/shop\\\/#\\\/schema\\\/logo\\\/image\\\/\"}}]}<\/script>\n<!-- \/ Yoast SEO plugin. -->","yoast_head_json":{"title":"L.I.E.B.E. Dein Journal f\u00fcr ein L(i)eben im Einklang mit der Bed\u00fcrfnisernergie - Conex-Shop","robots":{"index":"index","follow":"follow","max-snippet":"max-snippet:-1","max-image-preview":"max-image-preview:large","max-video-preview":"max-video-preview:-1"},"canonical":"https:\/\/conexbooks.de\/a\/shop\/produkt\/l-i-e-b-e-dein-journal-fuer-ein-lieben-im-einklang-mit-der-beduerfnisernergie\/","og_locale":"de_DE","og_type":"article","og_title":"L.I.E.B.E. Dein Journal f\u00fcr ein L(i)eben im Einklang mit der Bed\u00fcrfnisernergie - Conex-Shop","og_description":"Annett Zupke Zupke (erschienen 2022); www.annett-zupke.de 134 Seiten, Ringbindung, Format: A5","og_url":"https:\/\/conexbooks.de\/a\/shop\/produkt\/l-i-e-b-e-dein-journal-fuer-ein-lieben-im-einklang-mit-der-beduerfnisernergie\/","og_site_name":"Conex-Shop","article_modified_time":"2025-05-09T07:53:57+00:00","og_image":[{"width":273,"height":387,"url":"https:\/\/conexbooks.de\/a\/shop\/wp-content\/uploads\/2022\/09\/777.png","type":"image\/png"}],"twitter_card":"summary_large_image","twitter_misc":{"Gesch\u00e4tzte Lesezeit":"2\u00a0Minuten"},"schema":{"@context":"https:\/\/schema.org","@graph":[{"@type":"WebPage","@id":"https:\/\/conexbooks.de\/a\/shop\/produkt\/l-i-e-b-e-dein-journal-fuer-ein-lieben-im-einklang-mit-der-beduerfnisernergie\/","url":"https:\/\/conexbooks.de\/a\/shop\/produkt\/l-i-e-b-e-dein-journal-fuer-ein-lieben-im-einklang-mit-der-beduerfnisernergie\/","name":"L.I.E.B.E. Dein Journal f\u00fcr ein L(i)eben im Einklang mit der Bed\u00fcrfnisernergie - Conex-Shop","isPartOf":{"@id":"https:\/\/conexbooks.de\/a\/shop\/#website"},"primaryImageOfPage":{"@id":"https:\/\/conexbooks.de\/a\/shop\/produkt\/l-i-e-b-e-dein-journal-fuer-ein-lieben-im-einklang-mit-der-beduerfnisernergie\/#primaryimage"},"image":{"@id":"https:\/\/conexbooks.de\/a\/shop\/produkt\/l-i-e-b-e-dein-journal-fuer-ein-lieben-im-einklang-mit-der-beduerfnisernergie\/#primaryimage"},"thumbnailUrl":"https:\/\/conexbooks.de\/a\/shop\/wp-content\/uploads\/2022\/09\/777.png","datePublished":"2022-09-28T20:26:57+00:00","dateModified":"2025-05-09T07:53:57+00:00","breadcrumb":{"@id":"https:\/\/conexbooks.de\/a\/shop\/produkt\/l-i-e-b-e-dein-journal-fuer-ein-lieben-im-einklang-mit-der-beduerfnisernergie\/#breadcrumb"},"inLanguage":"de","potentialAction":[{"@type":"ReadAction","target":["https:\/\/conexbooks.de\/a\/shop\/produkt\/l-i-e-b-e-dein-journal-fuer-ein-lieben-im-einklang-mit-der-beduerfnisernergie\/"]}]},{"@type":"ImageObject","inLanguage":"de","@id":"https:\/\/conexbooks.de\/a\/shop\/produkt\/l-i-e-b-e-dein-journal-fuer-ein-lieben-im-einklang-mit-der-beduerfnisernergie\/#primaryimage","url":"https:\/\/conexbooks.de\/a\/shop\/wp-content\/uploads\/2022\/09\/777.png","contentUrl":"https:\/\/conexbooks.de\/a\/shop\/wp-content\/uploads\/2022\/09\/777.png","width":273,"height":387},{"@type":"BreadcrumbList","@id":"https:\/\/conexbooks.de\/a\/shop\/produkt\/l-i-e-b-e-dein-journal-fuer-ein-lieben-im-einklang-mit-der-beduerfnisernergie\/#breadcrumb","itemListElement":[{"@type":"ListItem","position":1,"name":"Home","item":"https:\/\/conexbooks.de\/a\/shop\/"},{"@type":"ListItem","position":2,"name":"Shop","item":"https:\/\/conexbooks.de\/a\/shop\/shop\/"},{"@type":"ListItem","position":3,"name":"L.I.E.B.E. Dein Journal f\u00fcr ein L(i)eben im Einklang mit der Bed\u00fcrfnisernergie"}]},{"@type":"WebSite","@id":"https:\/\/conexbooks.de\/a\/shop\/#website","url":"https:\/\/conexbooks.de\/a\/shop\/","name":"Conex-Shop","description":"Alles f\u00fcr die gewaltfreie Kommunikation: B\u00fccher, Spiele. Handpuppen Seminarmaterial und Geschenke","publisher":{"@id":"https:\/\/conexbooks.de\/a\/shop\/#organization"},"potentialAction":[{"@type":"SearchAction","target":{"@type":"EntryPoint","urlTemplate":"https:\/\/conexbooks.de\/a\/shop\/?s={search_term_string}"},"query-input":{"@type":"PropertyValueSpecification","valueRequired":true,"valueName":"search_term_string"}}],"inLanguage":"de"},{"@type":"Organization","@id":"https:\/\/conexbooks.de\/a\/shop\/#organization","name":"Conex - books and more","url":"https:\/\/conexbooks.de\/a\/shop\/","logo":{"@type":"ImageObject","inLanguage":"de","@id":"https:\/\/conexbooks.de\/a\/shop\/#\/schema\/logo\/image\/","url":"https:\/\/conexbooks.de\/a\/shop\/wp-content\/uploads\/2017\/12\/co-logo.png","contentUrl":"https:\/\/conexbooks.de\/a\/shop\/wp-content\/uploads\/2017\/12\/co-logo.png","width":243,"height":122,"caption":"Conex - books and more"},"image":{"@id":"https:\/\/conexbooks.de\/a\/shop\/#\/schema\/logo\/image\/"}}]}},"_links":{"self":[{"href":"https:\/\/conexbooks.de\/a\/shop\/wp-json\/wp\/v2\/product\/18877","targetHints":{"allow":["GET"]}}],"collection":[{"href":"https:\/\/conexbooks.de\/a\/shop\/wp-json\/wp\/v2\/product"}],"about":[{"href":"https:\/\/conexbooks.de\/a\/shop\/wp-json\/wp\/v2\/types\/product"}],"wp:featuredmedia":[{"embeddable":true,"href":"https:\/\/conexbooks.de\/a\/shop\/wp-json\/wp\/v2\/media\/18880"}],"wp:attachment":[{"href":"https:\/\/conexbooks.de\/a\/shop\/wp-json\/wp\/v2\/media?parent=18877"}],"wp:term":[{"taxonomy":"product_brand","embeddable":true,"href":"https:\/\/conexbooks.de\/a\/shop\/wp-json\/wp\/v2\/product_brand?post=18877"},{"taxonomy":"product_cat","embeddable":true,"href":"https:\/\/conexbooks.de\/a\/shop\/wp-json\/wp\/v2\/product_cat?post=18877"},{"taxonomy":"product_tag","embeddable":true,"href":"https:\/\/conexbooks.de\/a\/shop\/wp-json\/wp\/v2\/product_tag?post=18877"}],"curies":[{"name":"wp","href":"https:\/\/api.w.org\/{rel}","templated":true}]}}