{"id":18927,"date":"2022-11-02T11:43:24","date_gmt":"2022-11-02T10:43:24","guid":{"rendered":"https:\/\/conexbooks.de\/a\/shop\/?post_type=product&#038;p=18927"},"modified":"2023-05-22T10:28:27","modified_gmt":"2023-05-22T08:28:27","slug":"die-neue-gewaltfreie-kommunikation","status":"publish","type":"product","link":"https:\/\/conexbooks.de\/a\/shop\/produkt\/die-neue-gewaltfreie-kommunikation\/","title":{"rendered":"Die neue Gewaltfreie Kommunikation"},"content":{"rendered":"<h3>Die neue Gewaltfreie Kommunikation<br \/>\nEmpathie und Eigenverantwortung ohne Selbstzensur<\/h3>\n<h3>von Markus Fischer<\/h3>\n<p>Warum kommen viele Botschaften nicht an oder werden missverstanden? Wie f\u00fchren wir Gespr\u00e4che klar und mitf\u00fchlend, aber ohne Selbstzensur und falsche R\u00fccksichtnahme? Welche Rolle spielt die Pers\u00f6nlichkeitsentwicklung in der Kommunikation?<\/p>\n<p>Fischers Buch reflektiert zwei Jahrzehnte Praxiserfahrung mit der Gewaltfreien Kommunikation. Dabei zeigt es nicht nur die Schattenseiten und Missverst\u00e4ndnisse von Rosenbergs Ansatz auf. Vielmehr liefert es einen auf nachhaltiger Pers\u00f6nlichkeitsentwicklung basierenden Ansatz einer neuen Gewaltfreien Kommunikation \u2013 ohne Selbstzensur und Dogmatik.<\/p>\n<p>Es beleuchtet die Abgr\u00fcnde des Kommunikationstheaters und zeigt M\u00f6glichkeiten, wie sich gelingende Beziehungen in Berufs- und Privatleben gestalten lassen.<\/p>\n<p>Ein lesenswertes Buch \u2013 f\u00fcr Kenner und Einsteiger der Gewaltfreien Kommunikation und alle, die Selbstreflexion und innere Entwicklung anstreben.<\/p>\n<h3>Pressestimme zum Buch:<\/h3>\n<p>[&#8230;] Zudem beschreibt er treffend das weiterhin grassierende Missverst\u00e4ndnis der Gewaltfreien Kommunikation als desinfizierte Rhetorik zur \u2028Darstellung innerer Befindlichkeit und \u00e4u\u00dferer\u2028 Nettigkeit. [&#8230;] TA-Fazit: Beinhaltet sehr empfehlenswerte Anregungen f\u00fcr F\u00fchrungspersonal und Coaches.<\/p>\n<p><em>Training aktuell\u00a0 7\/2020<\/em><\/p>\n<div id='1' class='widgets_on_page wop_tiny1  wop_small1  wop_medium1  wop_large1  wop_wide1'>\n\t\t\t<ul><li id=\"custom_html-4\" class=\"widget_text widget widget_custom_html\"><div class=\"textwidget custom-html-widget\"><div style=\"text-align:left;\">\r\n<button class = \"button\" style=\"height: 30px; font-size: 0.8em;\" name=\"zuruck\" type=\"button\" onclick=\"history.back()\">Zur\u00fcck zur \u00dcbersicht<\/button><\/div><\/div><\/li><\/ul><\/div><!-- widgets_on_page -->\n","protected":false},"excerpt":{"rendered":"<h3>Die neue Gewaltfreie Kommunikation<br \/>\nEmpathie und Eigenverantwortung ohne Selbstzensur<\/h3>\n<h3>Markus Fischer<\/h3>\n<p>216 Seiten, kartoniert,<\/p>\n<p>BusinessVillage Verlag: 1. Aufl. 2020<br \/>\nISBN: 978-3-869804-68-2<\/p>\n","protected":false},"featured_media":18928,"template":"","meta":[],"product_brand":[],"product_cat":[45,482,36,39],"product_tag":[],"class_list":{"0":"post-18927","1":"product","2":"type-product","3":"status-publish","4":"has-post-thumbnail","6":"product_cat-arbeit-sonstiges","7":"product_cat-buecher","8":"product_cat-deutsche-buecher","9":"product_cat-persoenliche-entwicklung","11":"first","12":"outofstock","13":"shipping-taxable","14":"purchasable","15":"product-type-simple"},"yoast_head":"<!-- This site is optimized with the Yoast SEO plugin v27.5 - https:\/\/yoast.com\/product\/yoast-seo-wordpress\/ -->\n<title>Die neue Gewaltfreie Kommunikation - Conex-Shop<\/title>\n<meta name=\"robots\" content=\"index, follow, max-snippet:-1, max-image-preview:large, max-video-preview:-1\" \/>\n<link rel=\"canonical\" href=\"https:\/\/conexbooks.de\/a\/shop\/produkt\/die-neue-gewaltfreie-kommunikation\/\" \/>\n<meta property=\"og:locale\" content=\"de_DE\" \/>\n<meta property=\"og:type\" content=\"article\" \/>\n<meta property=\"og:title\" content=\"Die neue Gewaltfreie Kommunikation - Conex-Shop\" \/>\n<meta property=\"og:description\" content=\"Die neue Gewaltfreie Kommunikation Empathie und Eigenverantwortung ohne Selbstzensur Markus Fischer 216 Seiten, kartoniert,  BusinessVillage Verlag: 1. Aufl. 2020 ISBN: 978-3-869804-68-2\" \/>\n<meta property=\"og:url\" content=\"https:\/\/conexbooks.de\/a\/shop\/produkt\/die-neue-gewaltfreie-kommunikation\/\" \/>\n<meta property=\"og:site_name\" content=\"Conex-Shop\" \/>\n<meta property=\"article:modified_time\" content=\"2023-05-22T08:28:27+00:00\" \/>\n<meta property=\"og:image\" content=\"https:\/\/conexbooks.de\/a\/shop\/wp-content\/uploads\/2022\/11\/778.png\" \/>\n\t<meta property=\"og:image:width\" content=\"286\" \/>\n\t<meta property=\"og:image:height\" content=\"400\" \/>\n\t<meta property=\"og:image:type\" content=\"image\/png\" \/>\n<meta name=\"twitter:card\" content=\"summary_large_image\" \/>\n<meta name=\"twitter:label1\" content=\"Gesch\u00e4tzte Lesezeit\" \/>\n\t<meta name=\"twitter:data1\" content=\"1\u00a0Minute\" \/>\n<script type=\"application\/ld+json\" class=\"yoast-schema-graph\">{\"@context\":\"https:\\\/\\\/schema.org\",\"@graph\":[{\"@type\":\"WebPage\",\"@id\":\"https:\\\/\\\/conexbooks.de\\\/a\\\/shop\\\/produkt\\\/die-neue-gewaltfreie-kommunikation\\\/\",\"url\":\"https:\\\/\\\/conexbooks.de\\\/a\\\/shop\\\/produkt\\\/die-neue-gewaltfreie-kommunikation\\\/\",\"name\":\"Die neue Gewaltfreie Kommunikation - Conex-Shop\",\"isPartOf\":{\"@id\":\"https:\\\/\\\/conexbooks.de\\\/a\\\/shop\\\/#website\"},\"primaryImageOfPage\":{\"@id\":\"https:\\\/\\\/conexbooks.de\\\/a\\\/shop\\\/produkt\\\/die-neue-gewaltfreie-kommunikation\\\/#primaryimage\"},\"image\":{\"@id\":\"https:\\\/\\\/conexbooks.de\\\/a\\\/shop\\\/produkt\\\/die-neue-gewaltfreie-kommunikation\\\/#primaryimage\"},\"thumbnailUrl\":\"https:\\\/\\\/conexbooks.de\\\/a\\\/shop\\\/wp-content\\\/uploads\\\/2022\\\/11\\\/778.png\",\"datePublished\":\"2022-11-02T10:43:24+00:00\",\"dateModified\":\"2023-05-22T08:28:27+00:00\",\"breadcrumb\":{\"@id\":\"https:\\\/\\\/conexbooks.de\\\/a\\\/shop\\\/produkt\\\/die-neue-gewaltfreie-kommunikation\\\/#breadcrumb\"},\"inLanguage\":\"de\",\"potentialAction\":[{\"@type\":\"ReadAction\",\"target\":[\"https:\\\/\\\/conexbooks.de\\\/a\\\/shop\\\/produkt\\\/die-neue-gewaltfreie-kommunikation\\\/\"]}]},{\"@type\":\"ImageObject\",\"inLanguage\":\"de\",\"@id\":\"https:\\\/\\\/conexbooks.de\\\/a\\\/shop\\\/produkt\\\/die-neue-gewaltfreie-kommunikation\\\/#primaryimage\",\"url\":\"https:\\\/\\\/conexbooks.de\\\/a\\\/shop\\\/wp-content\\\/uploads\\\/2022\\\/11\\\/778.png\",\"contentUrl\":\"https:\\\/\\\/conexbooks.de\\\/a\\\/shop\\\/wp-content\\\/uploads\\\/2022\\\/11\\\/778.png\",\"width\":286,\"height\":400},{\"@type\":\"BreadcrumbList\",\"@id\":\"https:\\\/\\\/conexbooks.de\\\/a\\\/shop\\\/produkt\\\/die-neue-gewaltfreie-kommunikation\\\/#breadcrumb\",\"itemListElement\":[{\"@type\":\"ListItem\",\"position\":1,\"name\":\"Home\",\"item\":\"https:\\\/\\\/conexbooks.de\\\/a\\\/shop\\\/\"},{\"@type\":\"ListItem\",\"position\":2,\"name\":\"Shop\",\"item\":\"https:\\\/\\\/conexbooks.de\\\/a\\\/shop\\\/shop\\\/\"},{\"@type\":\"ListItem\",\"position\":3,\"name\":\"Die neue Gewaltfreie Kommunikation\"}]},{\"@type\":\"WebSite\",\"@id\":\"https:\\\/\\\/conexbooks.de\\\/a\\\/shop\\\/#website\",\"url\":\"https:\\\/\\\/conexbooks.de\\\/a\\\/shop\\\/\",\"name\":\"Conex-Shop\",\"description\":\"Alles f\u00fcr die gewaltfreie Kommunikation: B\u00fccher, Spiele. Handpuppen Seminarmaterial und Geschenke\",\"publisher\":{\"@id\":\"https:\\\/\\\/conexbooks.de\\\/a\\\/shop\\\/#organization\"},\"potentialAction\":[{\"@type\":\"SearchAction\",\"target\":{\"@type\":\"EntryPoint\",\"urlTemplate\":\"https:\\\/\\\/conexbooks.de\\\/a\\\/shop\\\/?s={search_term_string}\"},\"query-input\":{\"@type\":\"PropertyValueSpecification\",\"valueRequired\":true,\"valueName\":\"search_term_string\"}}],\"inLanguage\":\"de\"},{\"@type\":\"Organization\",\"@id\":\"https:\\\/\\\/conexbooks.de\\\/a\\\/shop\\\/#organization\",\"name\":\"Conex - books and more\",\"url\":\"https:\\\/\\\/conexbooks.de\\\/a\\\/shop\\\/\",\"logo\":{\"@type\":\"ImageObject\",\"inLanguage\":\"de\",\"@id\":\"https:\\\/\\\/conexbooks.de\\\/a\\\/shop\\\/#\\\/schema\\\/logo\\\/image\\\/\",\"url\":\"https:\\\/\\\/conexbooks.de\\\/a\\\/shop\\\/wp-content\\\/uploads\\\/2017\\\/12\\\/co-logo.png\",\"contentUrl\":\"https:\\\/\\\/conexbooks.de\\\/a\\\/shop\\\/wp-content\\\/uploads\\\/2017\\\/12\\\/co-logo.png\",\"width\":243,\"height\":122,\"caption\":\"Conex - books and more\"},\"image\":{\"@id\":\"https:\\\/\\\/conexbooks.de\\\/a\\\/shop\\\/#\\\/schema\\\/logo\\\/image\\\/\"}}]}<\/script>\n<!-- \/ Yoast SEO plugin. -->","yoast_head_json":{"title":"Die neue Gewaltfreie Kommunikation - Conex-Shop","robots":{"index":"index","follow":"follow","max-snippet":"max-snippet:-1","max-image-preview":"max-image-preview:large","max-video-preview":"max-video-preview:-1"},"canonical":"https:\/\/conexbooks.de\/a\/shop\/produkt\/die-neue-gewaltfreie-kommunikation\/","og_locale":"de_DE","og_type":"article","og_title":"Die neue Gewaltfreie Kommunikation - Conex-Shop","og_description":"Die neue Gewaltfreie Kommunikation Empathie und Eigenverantwortung ohne Selbstzensur Markus Fischer 216 Seiten, kartoniert,  BusinessVillage Verlag: 1. Aufl. 2020 ISBN: 978-3-869804-68-2","og_url":"https:\/\/conexbooks.de\/a\/shop\/produkt\/die-neue-gewaltfreie-kommunikation\/","og_site_name":"Conex-Shop","article_modified_time":"2023-05-22T08:28:27+00:00","og_image":[{"width":286,"height":400,"url":"https:\/\/conexbooks.de\/a\/shop\/wp-content\/uploads\/2022\/11\/778.png","type":"image\/png"}],"twitter_card":"summary_large_image","twitter_misc":{"Gesch\u00e4tzte Lesezeit":"1\u00a0Minute"},"schema":{"@context":"https:\/\/schema.org","@graph":[{"@type":"WebPage","@id":"https:\/\/conexbooks.de\/a\/shop\/produkt\/die-neue-gewaltfreie-kommunikation\/","url":"https:\/\/conexbooks.de\/a\/shop\/produkt\/die-neue-gewaltfreie-kommunikation\/","name":"Die neue Gewaltfreie Kommunikation - Conex-Shop","isPartOf":{"@id":"https:\/\/conexbooks.de\/a\/shop\/#website"},"primaryImageOfPage":{"@id":"https:\/\/conexbooks.de\/a\/shop\/produkt\/die-neue-gewaltfreie-kommunikation\/#primaryimage"},"image":{"@id":"https:\/\/conexbooks.de\/a\/shop\/produkt\/die-neue-gewaltfreie-kommunikation\/#primaryimage"},"thumbnailUrl":"https:\/\/conexbooks.de\/a\/shop\/wp-content\/uploads\/2022\/11\/778.png","datePublished":"2022-11-02T10:43:24+00:00","dateModified":"2023-05-22T08:28:27+00:00","breadcrumb":{"@id":"https:\/\/conexbooks.de\/a\/shop\/produkt\/die-neue-gewaltfreie-kommunikation\/#breadcrumb"},"inLanguage":"de","potentialAction":[{"@type":"ReadAction","target":["https:\/\/conexbooks.de\/a\/shop\/produkt\/die-neue-gewaltfreie-kommunikation\/"]}]},{"@type":"ImageObject","inLanguage":"de","@id":"https:\/\/conexbooks.de\/a\/shop\/produkt\/die-neue-gewaltfreie-kommunikation\/#primaryimage","url":"https:\/\/conexbooks.de\/a\/shop\/wp-content\/uploads\/2022\/11\/778.png","contentUrl":"https:\/\/conexbooks.de\/a\/shop\/wp-content\/uploads\/2022\/11\/778.png","width":286,"height":400},{"@type":"BreadcrumbList","@id":"https:\/\/conexbooks.de\/a\/shop\/produkt\/die-neue-gewaltfreie-kommunikation\/#breadcrumb","itemListElement":[{"@type":"ListItem","position":1,"name":"Home","item":"https:\/\/conexbooks.de\/a\/shop\/"},{"@type":"ListItem","position":2,"name":"Shop","item":"https:\/\/conexbooks.de\/a\/shop\/shop\/"},{"@type":"ListItem","position":3,"name":"Die neue Gewaltfreie Kommunikation"}]},{"@type":"WebSite","@id":"https:\/\/conexbooks.de\/a\/shop\/#website","url":"https:\/\/conexbooks.de\/a\/shop\/","name":"Conex-Shop","description":"Alles f\u00fcr die gewaltfreie Kommunikation: B\u00fccher, Spiele. Handpuppen Seminarmaterial und Geschenke","publisher":{"@id":"https:\/\/conexbooks.de\/a\/shop\/#organization"},"potentialAction":[{"@type":"SearchAction","target":{"@type":"EntryPoint","urlTemplate":"https:\/\/conexbooks.de\/a\/shop\/?s={search_term_string}"},"query-input":{"@type":"PropertyValueSpecification","valueRequired":true,"valueName":"search_term_string"}}],"inLanguage":"de"},{"@type":"Organization","@id":"https:\/\/conexbooks.de\/a\/shop\/#organization","name":"Conex - books and more","url":"https:\/\/conexbooks.de\/a\/shop\/","logo":{"@type":"ImageObject","inLanguage":"de","@id":"https:\/\/conexbooks.de\/a\/shop\/#\/schema\/logo\/image\/","url":"https:\/\/conexbooks.de\/a\/shop\/wp-content\/uploads\/2017\/12\/co-logo.png","contentUrl":"https:\/\/conexbooks.de\/a\/shop\/wp-content\/uploads\/2017\/12\/co-logo.png","width":243,"height":122,"caption":"Conex - books and more"},"image":{"@id":"https:\/\/conexbooks.de\/a\/shop\/#\/schema\/logo\/image\/"}}]}},"_links":{"self":[{"href":"https:\/\/conexbooks.de\/a\/shop\/wp-json\/wp\/v2\/product\/18927","targetHints":{"allow":["GET"]}}],"collection":[{"href":"https:\/\/conexbooks.de\/a\/shop\/wp-json\/wp\/v2\/product"}],"about":[{"href":"https:\/\/conexbooks.de\/a\/shop\/wp-json\/wp\/v2\/types\/product"}],"wp:featuredmedia":[{"embeddable":true,"href":"https:\/\/conexbooks.de\/a\/shop\/wp-json\/wp\/v2\/media\/18928"}],"wp:attachment":[{"href":"https:\/\/conexbooks.de\/a\/shop\/wp-json\/wp\/v2\/media?parent=18927"}],"wp:term":[{"taxonomy":"product_brand","embeddable":true,"href":"https:\/\/conexbooks.de\/a\/shop\/wp-json\/wp\/v2\/product_brand?post=18927"},{"taxonomy":"product_cat","embeddable":true,"href":"https:\/\/conexbooks.de\/a\/shop\/wp-json\/wp\/v2\/product_cat?post=18927"},{"taxonomy":"product_tag","embeddable":true,"href":"https:\/\/conexbooks.de\/a\/shop\/wp-json\/wp\/v2\/product_tag?post=18927"}],"curies":[{"name":"wp","href":"https:\/\/api.w.org\/{rel}","templated":true}]}}