{"id":18929,"date":"2022-11-02T12:01:17","date_gmt":"2022-11-02T11:01:17","guid":{"rendered":"https:\/\/conexbooks.de\/a\/shop\/?post_type=product&#038;p=18929"},"modified":"2026-02-11T08:37:39","modified_gmt":"2026-02-11T07:37:39","slug":"gewaltfreie-kommunikation-mit-kindern-das-uebungsheft-fuer-gute-gefuehle","status":"publish","type":"product","link":"https:\/\/conexbooks.de\/a\/shop\/produkt\/gewaltfreie-kommunikation-mit-kindern-das-uebungsheft-fuer-gute-gefuehle\/","title":{"rendered":"Gewaltfreie Kommunikation mit Kindern &#8211; Das \u00dcbungsheft f\u00fcr gute Gef\u00fchle"},"content":{"rendered":"<h3>Gewaltfreie Kommunikation mit Kindern &#8211; Das \u00dcbungsheft f\u00fcr gute Gef\u00fchle<\/h3>\n<h4>Anne van Stappen<\/h4>\n<p>Alle Eltern w\u00fcnschen sich, ihre Kinder zu gl\u00fccklichen und selbstbewussten Menschen heranwachsen zu sehen. Die beste Art und Weise, dies zu erreichen, ist es, ihnen mit Empathie und Respekt zu begegnen. Dieses kleine \u00dcbungsheft zeigt, wie Eltern ihren Kindern mithilfe der Gewaltfreien Kommunikation optimale emotionale Entwicklungschancen bieten k\u00f6nnen: Das \u201eBeziehungs-Yoga\u201c entspannt beide Seiten und schafft ein harmonisches Miteinander, in dem Kinder sich ihren Bed\u00fcrfnissen entsprechend entfalten k\u00f6nnen.<\/p>\n<div id='1' class='widgets_on_page wop_tiny1  wop_small1  wop_medium1  wop_large1  wop_wide1'>\n\t\t\t<ul><li id=\"custom_html-4\" class=\"widget_text widget widget_custom_html\"><div class=\"textwidget custom-html-widget\"><div style=\"text-align:left;\">\r\n<button class = \"button\" style=\"height: 30px; font-size: 0.8em;\" name=\"zuruck\" type=\"button\" onclick=\"history.back()\">Zur\u00fcck zur \u00dcbersicht<\/button><\/div><\/div><\/li><\/ul><\/div><!-- widgets_on_page -->\n","protected":false},"excerpt":{"rendered":"<h3>Lebenshilfe auf v\u00f6llig neue Art: Kreativ, witzig, interaktiv<br \/>\nAnne van Stappen<\/h3>\n<p>Aus dem Franz\u00f6sischen von Claudia Seele-Nyima<br \/>\nIllustriert von Jean Augagneur<\/p>\n<p>Scorpio-Verlag, erscheint am 1.12. 2022,<\/p>\n<p>64 Seiten, broschiert, Format A5<\/p>\n","protected":false},"featured_media":18931,"template":"","meta":[],"product_brand":[],"product_cat":[482,37,36],"product_tag":[32,62,70,130,134,272,74],"class_list":{"0":"post-18929","1":"product","2":"type-product","3":"status-publish","4":"has-post-thumbnail","6":"product_cat-buecher","7":"product_cat-das-kleine-uebungsheft","8":"product_cat-deutsche-buecher","9":"product_tag-einfuehrung","10":"product_tag-gewaltpraevention","11":"product_tag-gfk-praxistauglich","12":"product_tag-mitgefuehl","13":"product_tag-selbstempathie","14":"product_tag-uebungsheft","15":"product_tag-unterwegs","17":"first","18":"instock","19":"shipping-taxable","20":"purchasable","21":"product-type-simple"},"yoast_head":"<!-- This site is optimized with the Yoast SEO plugin v27.5 - https:\/\/yoast.com\/product\/yoast-seo-wordpress\/ -->\n<title>Gewaltfreie Kommunikation mit Kindern - Das \u00dcbungsheft f\u00fcr gute Gef\u00fchle - Conex-Shop<\/title>\n<meta name=\"robots\" content=\"index, follow, max-snippet:-1, max-image-preview:large, max-video-preview:-1\" \/>\n<link rel=\"canonical\" href=\"https:\/\/conexbooks.de\/a\/shop\/produkt\/gewaltfreie-kommunikation-mit-kindern-das-uebungsheft-fuer-gute-gefuehle\/\" \/>\n<meta property=\"og:locale\" content=\"de_DE\" \/>\n<meta property=\"og:type\" content=\"article\" \/>\n<meta property=\"og:title\" content=\"Gewaltfreie Kommunikation mit Kindern - Das \u00dcbungsheft f\u00fcr gute Gef\u00fchle - Conex-Shop\" \/>\n<meta property=\"og:description\" content=\"Lebenshilfe auf v\u00f6llig neue Art: Kreativ, witzig, interaktiv Anne van Stappen Aus dem Franz\u00f6sischen von Claudia Seele-Nyima Illustriert von Jean Augagneur  Scorpio-Verlag, erscheint am 1.12. 2022,  64 Seiten, broschiert, Format A5\" \/>\n<meta property=\"og:url\" content=\"https:\/\/conexbooks.de\/a\/shop\/produkt\/gewaltfreie-kommunikation-mit-kindern-das-uebungsheft-fuer-gute-gefuehle\/\" \/>\n<meta property=\"og:site_name\" content=\"Conex-Shop\" \/>\n<meta property=\"article:modified_time\" content=\"2026-02-11T07:37:39+00:00\" \/>\n<meta property=\"og:image\" content=\"https:\/\/conexbooks.de\/a\/shop\/wp-content\/uploads\/2022\/11\/779.png\" \/>\n\t<meta property=\"og:image:width\" content=\"309\" \/>\n\t<meta property=\"og:image:height\" content=\"400\" \/>\n\t<meta property=\"og:image:type\" content=\"image\/png\" \/>\n<meta name=\"twitter:card\" content=\"summary_large_image\" \/>\n<script type=\"application\/ld+json\" class=\"yoast-schema-graph\">{\"@context\":\"https:\\\/\\\/schema.org\",\"@graph\":[{\"@type\":\"WebPage\",\"@id\":\"https:\\\/\\\/conexbooks.de\\\/a\\\/shop\\\/produkt\\\/gewaltfreie-kommunikation-mit-kindern-das-uebungsheft-fuer-gute-gefuehle\\\/\",\"url\":\"https:\\\/\\\/conexbooks.de\\\/a\\\/shop\\\/produkt\\\/gewaltfreie-kommunikation-mit-kindern-das-uebungsheft-fuer-gute-gefuehle\\\/\",\"name\":\"Gewaltfreie Kommunikation mit Kindern - Das \u00dcbungsheft f\u00fcr gute Gef\u00fchle - Conex-Shop\",\"isPartOf\":{\"@id\":\"https:\\\/\\\/conexbooks.de\\\/a\\\/shop\\\/#website\"},\"primaryImageOfPage\":{\"@id\":\"https:\\\/\\\/conexbooks.de\\\/a\\\/shop\\\/produkt\\\/gewaltfreie-kommunikation-mit-kindern-das-uebungsheft-fuer-gute-gefuehle\\\/#primaryimage\"},\"image\":{\"@id\":\"https:\\\/\\\/conexbooks.de\\\/a\\\/shop\\\/produkt\\\/gewaltfreie-kommunikation-mit-kindern-das-uebungsheft-fuer-gute-gefuehle\\\/#primaryimage\"},\"thumbnailUrl\":\"https:\\\/\\\/conexbooks.de\\\/a\\\/shop\\\/wp-content\\\/uploads\\\/2022\\\/11\\\/779.png\",\"datePublished\":\"2022-11-02T11:01:17+00:00\",\"dateModified\":\"2026-02-11T07:37:39+00:00\",\"breadcrumb\":{\"@id\":\"https:\\\/\\\/conexbooks.de\\\/a\\\/shop\\\/produkt\\\/gewaltfreie-kommunikation-mit-kindern-das-uebungsheft-fuer-gute-gefuehle\\\/#breadcrumb\"},\"inLanguage\":\"de\",\"potentialAction\":[{\"@type\":\"ReadAction\",\"target\":[\"https:\\\/\\\/conexbooks.de\\\/a\\\/shop\\\/produkt\\\/gewaltfreie-kommunikation-mit-kindern-das-uebungsheft-fuer-gute-gefuehle\\\/\"]}]},{\"@type\":\"ImageObject\",\"inLanguage\":\"de\",\"@id\":\"https:\\\/\\\/conexbooks.de\\\/a\\\/shop\\\/produkt\\\/gewaltfreie-kommunikation-mit-kindern-das-uebungsheft-fuer-gute-gefuehle\\\/#primaryimage\",\"url\":\"https:\\\/\\\/conexbooks.de\\\/a\\\/shop\\\/wp-content\\\/uploads\\\/2022\\\/11\\\/779.png\",\"contentUrl\":\"https:\\\/\\\/conexbooks.de\\\/a\\\/shop\\\/wp-content\\\/uploads\\\/2022\\\/11\\\/779.png\",\"width\":309,\"height\":400},{\"@type\":\"BreadcrumbList\",\"@id\":\"https:\\\/\\\/conexbooks.de\\\/a\\\/shop\\\/produkt\\\/gewaltfreie-kommunikation-mit-kindern-das-uebungsheft-fuer-gute-gefuehle\\\/#breadcrumb\",\"itemListElement\":[{\"@type\":\"ListItem\",\"position\":1,\"name\":\"Home\",\"item\":\"https:\\\/\\\/conexbooks.de\\\/a\\\/shop\\\/\"},{\"@type\":\"ListItem\",\"position\":2,\"name\":\"Shop\",\"item\":\"https:\\\/\\\/conexbooks.de\\\/a\\\/shop\\\/shop\\\/\"},{\"@type\":\"ListItem\",\"position\":3,\"name\":\"Gewaltfreie Kommunikation mit Kindern &#8211; Das \u00dcbungsheft f\u00fcr gute Gef\u00fchle\"}]},{\"@type\":\"WebSite\",\"@id\":\"https:\\\/\\\/conexbooks.de\\\/a\\\/shop\\\/#website\",\"url\":\"https:\\\/\\\/conexbooks.de\\\/a\\\/shop\\\/\",\"name\":\"Conex-Shop\",\"description\":\"Alles f\u00fcr die gewaltfreie Kommunikation: B\u00fccher, Spiele. Handpuppen Seminarmaterial und Geschenke\",\"publisher\":{\"@id\":\"https:\\\/\\\/conexbooks.de\\\/a\\\/shop\\\/#organization\"},\"potentialAction\":[{\"@type\":\"SearchAction\",\"target\":{\"@type\":\"EntryPoint\",\"urlTemplate\":\"https:\\\/\\\/conexbooks.de\\\/a\\\/shop\\\/?s={search_term_string}\"},\"query-input\":{\"@type\":\"PropertyValueSpecification\",\"valueRequired\":true,\"valueName\":\"search_term_string\"}}],\"inLanguage\":\"de\"},{\"@type\":\"Organization\",\"@id\":\"https:\\\/\\\/conexbooks.de\\\/a\\\/shop\\\/#organization\",\"name\":\"Conex - books and more\",\"url\":\"https:\\\/\\\/conexbooks.de\\\/a\\\/shop\\\/\",\"logo\":{\"@type\":\"ImageObject\",\"inLanguage\":\"de\",\"@id\":\"https:\\\/\\\/conexbooks.de\\\/a\\\/shop\\\/#\\\/schema\\\/logo\\\/image\\\/\",\"url\":\"https:\\\/\\\/conexbooks.de\\\/a\\\/shop\\\/wp-content\\\/uploads\\\/2017\\\/12\\\/co-logo.png\",\"contentUrl\":\"https:\\\/\\\/conexbooks.de\\\/a\\\/shop\\\/wp-content\\\/uploads\\\/2017\\\/12\\\/co-logo.png\",\"width\":243,\"height\":122,\"caption\":\"Conex - books and more\"},\"image\":{\"@id\":\"https:\\\/\\\/conexbooks.de\\\/a\\\/shop\\\/#\\\/schema\\\/logo\\\/image\\\/\"}}]}<\/script>\n<!-- \/ Yoast SEO plugin. -->","yoast_head_json":{"title":"Gewaltfreie Kommunikation mit Kindern - Das \u00dcbungsheft f\u00fcr gute Gef\u00fchle - Conex-Shop","robots":{"index":"index","follow":"follow","max-snippet":"max-snippet:-1","max-image-preview":"max-image-preview:large","max-video-preview":"max-video-preview:-1"},"canonical":"https:\/\/conexbooks.de\/a\/shop\/produkt\/gewaltfreie-kommunikation-mit-kindern-das-uebungsheft-fuer-gute-gefuehle\/","og_locale":"de_DE","og_type":"article","og_title":"Gewaltfreie Kommunikation mit Kindern - Das \u00dcbungsheft f\u00fcr gute Gef\u00fchle - Conex-Shop","og_description":"Lebenshilfe auf v\u00f6llig neue Art: Kreativ, witzig, interaktiv Anne van Stappen Aus dem Franz\u00f6sischen von Claudia Seele-Nyima Illustriert von Jean Augagneur  Scorpio-Verlag, erscheint am 1.12. 2022,  64 Seiten, broschiert, Format A5","og_url":"https:\/\/conexbooks.de\/a\/shop\/produkt\/gewaltfreie-kommunikation-mit-kindern-das-uebungsheft-fuer-gute-gefuehle\/","og_site_name":"Conex-Shop","article_modified_time":"2026-02-11T07:37:39+00:00","og_image":[{"width":309,"height":400,"url":"https:\/\/conexbooks.de\/a\/shop\/wp-content\/uploads\/2022\/11\/779.png","type":"image\/png"}],"twitter_card":"summary_large_image","schema":{"@context":"https:\/\/schema.org","@graph":[{"@type":"WebPage","@id":"https:\/\/conexbooks.de\/a\/shop\/produkt\/gewaltfreie-kommunikation-mit-kindern-das-uebungsheft-fuer-gute-gefuehle\/","url":"https:\/\/conexbooks.de\/a\/shop\/produkt\/gewaltfreie-kommunikation-mit-kindern-das-uebungsheft-fuer-gute-gefuehle\/","name":"Gewaltfreie Kommunikation mit Kindern - Das \u00dcbungsheft f\u00fcr gute Gef\u00fchle - Conex-Shop","isPartOf":{"@id":"https:\/\/conexbooks.de\/a\/shop\/#website"},"primaryImageOfPage":{"@id":"https:\/\/conexbooks.de\/a\/shop\/produkt\/gewaltfreie-kommunikation-mit-kindern-das-uebungsheft-fuer-gute-gefuehle\/#primaryimage"},"image":{"@id":"https:\/\/conexbooks.de\/a\/shop\/produkt\/gewaltfreie-kommunikation-mit-kindern-das-uebungsheft-fuer-gute-gefuehle\/#primaryimage"},"thumbnailUrl":"https:\/\/conexbooks.de\/a\/shop\/wp-content\/uploads\/2022\/11\/779.png","datePublished":"2022-11-02T11:01:17+00:00","dateModified":"2026-02-11T07:37:39+00:00","breadcrumb":{"@id":"https:\/\/conexbooks.de\/a\/shop\/produkt\/gewaltfreie-kommunikation-mit-kindern-das-uebungsheft-fuer-gute-gefuehle\/#breadcrumb"},"inLanguage":"de","potentialAction":[{"@type":"ReadAction","target":["https:\/\/conexbooks.de\/a\/shop\/produkt\/gewaltfreie-kommunikation-mit-kindern-das-uebungsheft-fuer-gute-gefuehle\/"]}]},{"@type":"ImageObject","inLanguage":"de","@id":"https:\/\/conexbooks.de\/a\/shop\/produkt\/gewaltfreie-kommunikation-mit-kindern-das-uebungsheft-fuer-gute-gefuehle\/#primaryimage","url":"https:\/\/conexbooks.de\/a\/shop\/wp-content\/uploads\/2022\/11\/779.png","contentUrl":"https:\/\/conexbooks.de\/a\/shop\/wp-content\/uploads\/2022\/11\/779.png","width":309,"height":400},{"@type":"BreadcrumbList","@id":"https:\/\/conexbooks.de\/a\/shop\/produkt\/gewaltfreie-kommunikation-mit-kindern-das-uebungsheft-fuer-gute-gefuehle\/#breadcrumb","itemListElement":[{"@type":"ListItem","position":1,"name":"Home","item":"https:\/\/conexbooks.de\/a\/shop\/"},{"@type":"ListItem","position":2,"name":"Shop","item":"https:\/\/conexbooks.de\/a\/shop\/shop\/"},{"@type":"ListItem","position":3,"name":"Gewaltfreie Kommunikation mit Kindern &#8211; Das \u00dcbungsheft f\u00fcr gute Gef\u00fchle"}]},{"@type":"WebSite","@id":"https:\/\/conexbooks.de\/a\/shop\/#website","url":"https:\/\/conexbooks.de\/a\/shop\/","name":"Conex-Shop","description":"Alles f\u00fcr die gewaltfreie Kommunikation: B\u00fccher, Spiele. Handpuppen Seminarmaterial und Geschenke","publisher":{"@id":"https:\/\/conexbooks.de\/a\/shop\/#organization"},"potentialAction":[{"@type":"SearchAction","target":{"@type":"EntryPoint","urlTemplate":"https:\/\/conexbooks.de\/a\/shop\/?s={search_term_string}"},"query-input":{"@type":"PropertyValueSpecification","valueRequired":true,"valueName":"search_term_string"}}],"inLanguage":"de"},{"@type":"Organization","@id":"https:\/\/conexbooks.de\/a\/shop\/#organization","name":"Conex - books and more","url":"https:\/\/conexbooks.de\/a\/shop\/","logo":{"@type":"ImageObject","inLanguage":"de","@id":"https:\/\/conexbooks.de\/a\/shop\/#\/schema\/logo\/image\/","url":"https:\/\/conexbooks.de\/a\/shop\/wp-content\/uploads\/2017\/12\/co-logo.png","contentUrl":"https:\/\/conexbooks.de\/a\/shop\/wp-content\/uploads\/2017\/12\/co-logo.png","width":243,"height":122,"caption":"Conex - books and more"},"image":{"@id":"https:\/\/conexbooks.de\/a\/shop\/#\/schema\/logo\/image\/"}}]}},"_links":{"self":[{"href":"https:\/\/conexbooks.de\/a\/shop\/wp-json\/wp\/v2\/product\/18929","targetHints":{"allow":["GET"]}}],"collection":[{"href":"https:\/\/conexbooks.de\/a\/shop\/wp-json\/wp\/v2\/product"}],"about":[{"href":"https:\/\/conexbooks.de\/a\/shop\/wp-json\/wp\/v2\/types\/product"}],"wp:featuredmedia":[{"embeddable":true,"href":"https:\/\/conexbooks.de\/a\/shop\/wp-json\/wp\/v2\/media\/18931"}],"wp:attachment":[{"href":"https:\/\/conexbooks.de\/a\/shop\/wp-json\/wp\/v2\/media?parent=18929"}],"wp:term":[{"taxonomy":"product_brand","embeddable":true,"href":"https:\/\/conexbooks.de\/a\/shop\/wp-json\/wp\/v2\/product_brand?post=18929"},{"taxonomy":"product_cat","embeddable":true,"href":"https:\/\/conexbooks.de\/a\/shop\/wp-json\/wp\/v2\/product_cat?post=18929"},{"taxonomy":"product_tag","embeddable":true,"href":"https:\/\/conexbooks.de\/a\/shop\/wp-json\/wp\/v2\/product_tag?post=18929"}],"curies":[{"name":"wp","href":"https:\/\/api.w.org\/{rel}","templated":true}]}}