{"id":19012,"date":"2022-11-18T18:26:49","date_gmt":"2022-11-18T17:26:49","guid":{"rendered":"https:\/\/conexbooks.de\/a\/shop\/?post_type=product&#038;p=19012"},"modified":"2026-03-05T18:45:54","modified_gmt":"2026-03-05T17:45:54","slug":"giraffenbeduerfniskarten","status":"publish","type":"product","link":"https:\/\/conexbooks.de\/a\/shop\/produkt\/giraffenbeduerfniskarten\/","title":{"rendered":"Giraffenbed\u00fcrfniskarten"},"content":{"rendered":"<h2>Giraffenbed\u00fcrfniskarten-Set<\/h2>\n<div class=\"row justify-content-center align-center\">\n<div class=\"col-xl-8 col-lg-10\">\n<p>Bed\u00fcrfnisse und die Strategien zu ihrer Erf\u00fcllung. Ein Kartenset f\u00fcr Kinder &amp; Erwachsene<\/p>\n<\/div>\n<\/div>\n<div class=\"row justify-content-center\">\n<div class=\"col-xl-8 col-lg-10\">\n<div class=\"content\">\n<p>Dieses Giraffenbed\u00fcrfniskarten-Set tr\u00e4gt zum Erlernen der Gewaltfreien Kommunikation nach Dr. M. Rosenberg bei. Es dient insbesondere zur F\u00f6rderung der Unterscheidung zwischen Bed\u00fcrfnissen und den individuellen Strategien.<br \/>\nNahezu alle Menschen versp\u00fcren von Zeit zu Zeit dieselben Bed\u00fcrfnisse, wie zum Beispiel Entspannung, Geborgenheit oder Unterst\u00fctzung. Doch jeder Mensch erf\u00fcllt sich diese Bed\u00fcrfnisse nach seiner pers\u00f6nlichen Vorliebe: so entspannt sich jemand bei der Gartenarbeit, w\u00e4hrend der andere lieber einen Kaffee in der Stille geniesst und der Dritte sich auf dem Velo in der Natur erholt. Kurzum: Jeder Mensch erf\u00fcllt sich seine Bed\u00fcrfnisse ganz individuell, mit seiner ganz pers\u00f6nlichen Vorliebe.<br \/>\nEs ist n\u00fctzlich, sich jederzeit \u00fcber die eigenen Bed\u00fcrfnisse im Klaren zu sein und Strategien zu finden, diese zu erf\u00fcllen. Eine Strategie ist eine von vielen M\u00f6glichkeiten, um einem Bed\u00fcrfnis nachzukommen, und eine konkrete Handlung. In Konflikten ist es f\u00fcr das gegenseitige Verst\u00e4ndnis sehr hilfreich, das Bed\u00fcrfnis hinter einer Strategie zu identifizieren und klar auszusprechen.<\/p>\n<p>Dieses Set enth\u00e4lt:<br \/>\n30 Giraffenbed\u00fcrfniskarten<br \/>\nBooklet mit Anregungen f\u00fcr die Anwendung<\/p>\n<\/div>\n<\/div>\n<\/div>\n<div id='1' class='widgets_on_page wop_tiny1  wop_small1  wop_medium1  wop_large1  wop_wide1'>\n\t\t\t<ul><li id=\"custom_html-4\" class=\"widget_text widget widget_custom_html\"><div class=\"textwidget custom-html-widget\"><div style=\"text-align:left;\">\r\n<button class = \"button\" style=\"height: 30px; font-size: 0.8em;\" name=\"zuruck\" type=\"button\" onclick=\"history.back()\">Zur\u00fcck zur \u00dcbersicht<\/button><\/div><\/div><\/li><\/ul><\/div><!-- widgets_on_page -->\n","protected":false},"excerpt":{"rendered":"<h3><strong>Giraffengef\u00fchlekarten<\/strong><\/h3>\n<p>gestaltet von Uschi Kellenberger, Schweiz<\/p>\n<p>Dieses Set enth\u00e4lt: 30 Giraffenbed\u00fcrfniskarten<br \/>\nBooklet mit Anregungen f\u00fcr die Anwendung<\/p>\n<p>Verpackt in bunter St\u00fclpdeckelschachtel<\/p>\n<p>Kartengr\u00f6\u00dfe: 15 x 15 cm<\/p>\n","protected":false},"featured_media":19015,"template":"","meta":[],"product_brand":[],"product_cat":[481,56,629,53,39,47],"product_tag":[73,378,321,296,297,170],"class_list":{"0":"post-19012","1":"product","2":"type-product","3":"status-publish","4":"has-post-thumbnail","6":"product_cat-gefuehle-und-beduerfniskarten","7":"product_cat-geschenke","8":"product_cat-ukellenberger","9":"product_cat-neu","10":"product_cat-persoenliche-entwicklung","11":"product_cat-sonstiges","12":"product_tag-gefuehlekarten","13":"product_tag-gefuehlsdarstellung","14":"product_tag-gefuehlskarten","15":"product_tag-gefuehlskompetenz","16":"product_tag-ueber-gefuehle-reden","17":"product_tag-wahrnehmung-von-gefuehlen","19":"first","20":"instock","21":"sale","22":"shipping-taxable","23":"purchasable","24":"product-type-simple"},"yoast_head":"<!-- This site is optimized with the Yoast SEO plugin v27.3 - https:\/\/yoast.com\/product\/yoast-seo-wordpress\/ -->\n<title>Giraffenbed\u00fcrfniskarten - Conex-Shop<\/title>\n<meta name=\"robots\" content=\"index, follow, max-snippet:-1, max-image-preview:large, max-video-preview:-1\" \/>\n<link rel=\"canonical\" href=\"https:\/\/conexbooks.de\/a\/shop\/produkt\/giraffenbeduerfniskarten\/\" \/>\n<meta property=\"og:locale\" content=\"de_DE\" \/>\n<meta property=\"og:type\" content=\"article\" \/>\n<meta property=\"og:title\" content=\"Giraffenbed\u00fcrfniskarten - Conex-Shop\" \/>\n<meta property=\"og:description\" content=\"Giraffengef\u00fchlekarten gestaltet von Uschi Kellenberger, Schweiz  Dieses Set enth\u00e4lt: 30 Giraffenbed\u00fcrfniskarten Booklet mit Anregungen f\u00fcr die Anwendung  Verpackt in bunter St\u00fclpdeckelschachtel  Kartengr\u00f6\u00dfe: 15 x 15 cm\" \/>\n<meta property=\"og:url\" content=\"https:\/\/conexbooks.de\/a\/shop\/produkt\/giraffenbeduerfniskarten\/\" \/>\n<meta property=\"og:site_name\" content=\"Conex-Shop\" \/>\n<meta property=\"article:modified_time\" content=\"2026-03-05T17:45:54+00:00\" \/>\n<meta property=\"og:image\" content=\"https:\/\/conexbooks.de\/a\/shop\/wp-content\/uploads\/2022\/11\/653.jpg\" \/>\n\t<meta property=\"og:image:width\" content=\"1200\" \/>\n\t<meta property=\"og:image:height\" content=\"1046\" \/>\n\t<meta property=\"og:image:type\" content=\"image\/jpeg\" \/>\n<meta name=\"twitter:card\" content=\"summary_large_image\" \/>\n<meta name=\"twitter:label1\" content=\"Gesch\u00e4tzte Lesezeit\" \/>\n\t<meta name=\"twitter:data1\" content=\"2\u00a0Minuten\" \/>\n<script type=\"application\/ld+json\" class=\"yoast-schema-graph\">{\"@context\":\"https:\\\/\\\/schema.org\",\"@graph\":[{\"@type\":\"WebPage\",\"@id\":\"https:\\\/\\\/conexbooks.de\\\/a\\\/shop\\\/produkt\\\/giraffenbeduerfniskarten\\\/\",\"url\":\"https:\\\/\\\/conexbooks.de\\\/a\\\/shop\\\/produkt\\\/giraffenbeduerfniskarten\\\/\",\"name\":\"Giraffenbed\u00fcrfniskarten - Conex-Shop\",\"isPartOf\":{\"@id\":\"https:\\\/\\\/conexbooks.de\\\/a\\\/shop\\\/#website\"},\"primaryImageOfPage\":{\"@id\":\"https:\\\/\\\/conexbooks.de\\\/a\\\/shop\\\/produkt\\\/giraffenbeduerfniskarten\\\/#primaryimage\"},\"image\":{\"@id\":\"https:\\\/\\\/conexbooks.de\\\/a\\\/shop\\\/produkt\\\/giraffenbeduerfniskarten\\\/#primaryimage\"},\"thumbnailUrl\":\"https:\\\/\\\/conexbooks.de\\\/a\\\/shop\\\/wp-content\\\/uploads\\\/2022\\\/11\\\/653.jpg\",\"datePublished\":\"2022-11-18T17:26:49+00:00\",\"dateModified\":\"2026-03-05T17:45:54+00:00\",\"breadcrumb\":{\"@id\":\"https:\\\/\\\/conexbooks.de\\\/a\\\/shop\\\/produkt\\\/giraffenbeduerfniskarten\\\/#breadcrumb\"},\"inLanguage\":\"de\",\"potentialAction\":[{\"@type\":\"ReadAction\",\"target\":[\"https:\\\/\\\/conexbooks.de\\\/a\\\/shop\\\/produkt\\\/giraffenbeduerfniskarten\\\/\"]}]},{\"@type\":\"ImageObject\",\"inLanguage\":\"de\",\"@id\":\"https:\\\/\\\/conexbooks.de\\\/a\\\/shop\\\/produkt\\\/giraffenbeduerfniskarten\\\/#primaryimage\",\"url\":\"https:\\\/\\\/conexbooks.de\\\/a\\\/shop\\\/wp-content\\\/uploads\\\/2022\\\/11\\\/653.jpg\",\"contentUrl\":\"https:\\\/\\\/conexbooks.de\\\/a\\\/shop\\\/wp-content\\\/uploads\\\/2022\\\/11\\\/653.jpg\",\"width\":1200,\"height\":1046},{\"@type\":\"BreadcrumbList\",\"@id\":\"https:\\\/\\\/conexbooks.de\\\/a\\\/shop\\\/produkt\\\/giraffenbeduerfniskarten\\\/#breadcrumb\",\"itemListElement\":[{\"@type\":\"ListItem\",\"position\":1,\"name\":\"Home\",\"item\":\"https:\\\/\\\/conexbooks.de\\\/a\\\/shop\\\/\"},{\"@type\":\"ListItem\",\"position\":2,\"name\":\"Shop\",\"item\":\"https:\\\/\\\/conexbooks.de\\\/a\\\/shop\\\/shop\\\/\"},{\"@type\":\"ListItem\",\"position\":3,\"name\":\"Giraffenbed\u00fcrfniskarten\"}]},{\"@type\":\"WebSite\",\"@id\":\"https:\\\/\\\/conexbooks.de\\\/a\\\/shop\\\/#website\",\"url\":\"https:\\\/\\\/conexbooks.de\\\/a\\\/shop\\\/\",\"name\":\"Conex-Shop\",\"description\":\"Alles f\u00fcr die gewaltfreie Kommunikation: B\u00fccher, Spiele. Handpuppen Seminarmaterial und Geschenke\",\"publisher\":{\"@id\":\"https:\\\/\\\/conexbooks.de\\\/a\\\/shop\\\/#organization\"},\"potentialAction\":[{\"@type\":\"SearchAction\",\"target\":{\"@type\":\"EntryPoint\",\"urlTemplate\":\"https:\\\/\\\/conexbooks.de\\\/a\\\/shop\\\/?s={search_term_string}\"},\"query-input\":{\"@type\":\"PropertyValueSpecification\",\"valueRequired\":true,\"valueName\":\"search_term_string\"}}],\"inLanguage\":\"de\"},{\"@type\":\"Organization\",\"@id\":\"https:\\\/\\\/conexbooks.de\\\/a\\\/shop\\\/#organization\",\"name\":\"Conex - books and more\",\"url\":\"https:\\\/\\\/conexbooks.de\\\/a\\\/shop\\\/\",\"logo\":{\"@type\":\"ImageObject\",\"inLanguage\":\"de\",\"@id\":\"https:\\\/\\\/conexbooks.de\\\/a\\\/shop\\\/#\\\/schema\\\/logo\\\/image\\\/\",\"url\":\"https:\\\/\\\/conexbooks.de\\\/a\\\/shop\\\/wp-content\\\/uploads\\\/2017\\\/12\\\/co-logo.png\",\"contentUrl\":\"https:\\\/\\\/conexbooks.de\\\/a\\\/shop\\\/wp-content\\\/uploads\\\/2017\\\/12\\\/co-logo.png\",\"width\":243,\"height\":122,\"caption\":\"Conex - books and more\"},\"image\":{\"@id\":\"https:\\\/\\\/conexbooks.de\\\/a\\\/shop\\\/#\\\/schema\\\/logo\\\/image\\\/\"}}]}<\/script>\n<!-- \/ Yoast SEO plugin. -->","yoast_head_json":{"title":"Giraffenbed\u00fcrfniskarten - Conex-Shop","robots":{"index":"index","follow":"follow","max-snippet":"max-snippet:-1","max-image-preview":"max-image-preview:large","max-video-preview":"max-video-preview:-1"},"canonical":"https:\/\/conexbooks.de\/a\/shop\/produkt\/giraffenbeduerfniskarten\/","og_locale":"de_DE","og_type":"article","og_title":"Giraffenbed\u00fcrfniskarten - Conex-Shop","og_description":"Giraffengef\u00fchlekarten gestaltet von Uschi Kellenberger, Schweiz  Dieses Set enth\u00e4lt: 30 Giraffenbed\u00fcrfniskarten Booklet mit Anregungen f\u00fcr die Anwendung  Verpackt in bunter St\u00fclpdeckelschachtel  Kartengr\u00f6\u00dfe: 15 x 15 cm","og_url":"https:\/\/conexbooks.de\/a\/shop\/produkt\/giraffenbeduerfniskarten\/","og_site_name":"Conex-Shop","article_modified_time":"2026-03-05T17:45:54+00:00","og_image":[{"width":1200,"height":1046,"url":"https:\/\/conexbooks.de\/a\/shop\/wp-content\/uploads\/2022\/11\/653.jpg","type":"image\/jpeg"}],"twitter_card":"summary_large_image","twitter_misc":{"Gesch\u00e4tzte Lesezeit":"2\u00a0Minuten"},"schema":{"@context":"https:\/\/schema.org","@graph":[{"@type":"WebPage","@id":"https:\/\/conexbooks.de\/a\/shop\/produkt\/giraffenbeduerfniskarten\/","url":"https:\/\/conexbooks.de\/a\/shop\/produkt\/giraffenbeduerfniskarten\/","name":"Giraffenbed\u00fcrfniskarten - Conex-Shop","isPartOf":{"@id":"https:\/\/conexbooks.de\/a\/shop\/#website"},"primaryImageOfPage":{"@id":"https:\/\/conexbooks.de\/a\/shop\/produkt\/giraffenbeduerfniskarten\/#primaryimage"},"image":{"@id":"https:\/\/conexbooks.de\/a\/shop\/produkt\/giraffenbeduerfniskarten\/#primaryimage"},"thumbnailUrl":"https:\/\/conexbooks.de\/a\/shop\/wp-content\/uploads\/2022\/11\/653.jpg","datePublished":"2022-11-18T17:26:49+00:00","dateModified":"2026-03-05T17:45:54+00:00","breadcrumb":{"@id":"https:\/\/conexbooks.de\/a\/shop\/produkt\/giraffenbeduerfniskarten\/#breadcrumb"},"inLanguage":"de","potentialAction":[{"@type":"ReadAction","target":["https:\/\/conexbooks.de\/a\/shop\/produkt\/giraffenbeduerfniskarten\/"]}]},{"@type":"ImageObject","inLanguage":"de","@id":"https:\/\/conexbooks.de\/a\/shop\/produkt\/giraffenbeduerfniskarten\/#primaryimage","url":"https:\/\/conexbooks.de\/a\/shop\/wp-content\/uploads\/2022\/11\/653.jpg","contentUrl":"https:\/\/conexbooks.de\/a\/shop\/wp-content\/uploads\/2022\/11\/653.jpg","width":1200,"height":1046},{"@type":"BreadcrumbList","@id":"https:\/\/conexbooks.de\/a\/shop\/produkt\/giraffenbeduerfniskarten\/#breadcrumb","itemListElement":[{"@type":"ListItem","position":1,"name":"Home","item":"https:\/\/conexbooks.de\/a\/shop\/"},{"@type":"ListItem","position":2,"name":"Shop","item":"https:\/\/conexbooks.de\/a\/shop\/shop\/"},{"@type":"ListItem","position":3,"name":"Giraffenbed\u00fcrfniskarten"}]},{"@type":"WebSite","@id":"https:\/\/conexbooks.de\/a\/shop\/#website","url":"https:\/\/conexbooks.de\/a\/shop\/","name":"Conex-Shop","description":"Alles f\u00fcr die gewaltfreie Kommunikation: B\u00fccher, Spiele. Handpuppen Seminarmaterial und Geschenke","publisher":{"@id":"https:\/\/conexbooks.de\/a\/shop\/#organization"},"potentialAction":[{"@type":"SearchAction","target":{"@type":"EntryPoint","urlTemplate":"https:\/\/conexbooks.de\/a\/shop\/?s={search_term_string}"},"query-input":{"@type":"PropertyValueSpecification","valueRequired":true,"valueName":"search_term_string"}}],"inLanguage":"de"},{"@type":"Organization","@id":"https:\/\/conexbooks.de\/a\/shop\/#organization","name":"Conex - books and more","url":"https:\/\/conexbooks.de\/a\/shop\/","logo":{"@type":"ImageObject","inLanguage":"de","@id":"https:\/\/conexbooks.de\/a\/shop\/#\/schema\/logo\/image\/","url":"https:\/\/conexbooks.de\/a\/shop\/wp-content\/uploads\/2017\/12\/co-logo.png","contentUrl":"https:\/\/conexbooks.de\/a\/shop\/wp-content\/uploads\/2017\/12\/co-logo.png","width":243,"height":122,"caption":"Conex - books and more"},"image":{"@id":"https:\/\/conexbooks.de\/a\/shop\/#\/schema\/logo\/image\/"}}]}},"_links":{"self":[{"href":"https:\/\/conexbooks.de\/a\/shop\/wp-json\/wp\/v2\/product\/19012","targetHints":{"allow":["GET"]}}],"collection":[{"href":"https:\/\/conexbooks.de\/a\/shop\/wp-json\/wp\/v2\/product"}],"about":[{"href":"https:\/\/conexbooks.de\/a\/shop\/wp-json\/wp\/v2\/types\/product"}],"wp:featuredmedia":[{"embeddable":true,"href":"https:\/\/conexbooks.de\/a\/shop\/wp-json\/wp\/v2\/media\/19015"}],"wp:attachment":[{"href":"https:\/\/conexbooks.de\/a\/shop\/wp-json\/wp\/v2\/media?parent=19012"}],"wp:term":[{"taxonomy":"product_brand","embeddable":true,"href":"https:\/\/conexbooks.de\/a\/shop\/wp-json\/wp\/v2\/product_brand?post=19012"},{"taxonomy":"product_cat","embeddable":true,"href":"https:\/\/conexbooks.de\/a\/shop\/wp-json\/wp\/v2\/product_cat?post=19012"},{"taxonomy":"product_tag","embeddable":true,"href":"https:\/\/conexbooks.de\/a\/shop\/wp-json\/wp\/v2\/product_tag?post=19012"}],"curies":[{"name":"wp","href":"https:\/\/api.w.org\/{rel}","templated":true}]}}