{"id":19471,"date":"2022-12-03T16:52:41","date_gmt":"2022-12-03T15:52:41","guid":{"rendered":"https:\/\/conexbooks.de\/a\/shop\/?post_type=product&#038;p=19471"},"modified":"2023-09-06T21:10:31","modified_gmt":"2023-09-06T19:10:31","slug":"die-geschichte-von-einem-drachen-der-sein-feuer-verlor","status":"publish","type":"product","link":"https:\/\/conexbooks.de\/a\/shop\/produkt\/die-geschichte-von-einem-drachen-der-sein-feuer-verlor\/","title":{"rendered":"Die Geschichte von einem Drachen, der sein Feuer verlor"},"content":{"rendered":"<h3>Die Geschichte von einem Drachen, der sein Feuer verlor<\/h3>\n<h4>Liv Larsson \/ Neo Rung<\/h4>\n<p>Der Drachenjunge Tekshek hat zu seinem Erschrecken festgestellt, dass er die F\u00e4higkeit verloren hat, Feuer zu speien.<\/p>\n<p>Feuer speien ist etwas, das alle echten Drachen k\u00f6nnen, und Tekshek versucht alles, was er kann, aber nichts passiert. Und niemand \u2013 weder Erwachsene, noch Kinder \u2013 scheinen in der Lage zu sein, ihm zu helfen. Seine Freunde und Familie versuchen ihn zu unterst\u00fctzen mit Ratschl\u00e4gen, Verst\u00e4ndnis, Ermutigungen, aber es bringt alles nichts. Erst als er jemanden trifft, der sich wirklich die Zeit nimmt, ihm zuzuh\u00f6ren und zu verstehen, was er gerade durchmacht. Dann passiert etwas, was alle vor Freude singen l\u00e4sst.<\/p>\n<p>Das M\u00e4rchen vom Drachen Tekshek ist eine wundersch\u00f6ne und ermutigende Geschichte \u00fcber die Kunst, mit dem Herzen zuzuh\u00f6ren. Diese Geschichte kombiniert Aspekte des Geschichtenerz\u00e4hlens mit dem Wissen um die Kraft des Zuh\u00f6rens. Eine Geschichte, die sogar wichtiger sein k\u00f6nnte f\u00fcr die erwachsenen Vorleser.<\/p>\n<p>Die Autoren sind Neo Rung, 4 Jahre alt, und Liv Larsson, Mediatorin und Zertifizierte Trainerin f\u00fcr Gewaltfreie Kommunikation.<\/p>\n<div id='1' class='widgets_on_page wop_tiny1  wop_small1  wop_medium1  wop_large1  wop_wide1'>\n\t\t\t<ul><li id=\"custom_html-4\" class=\"widget_text widget widget_custom_html\"><div class=\"textwidget custom-html-widget\"><div style=\"text-align:left;\">\r\n<button class = \"button\" style=\"height: 30px; font-size: 0.8em;\" name=\"zuruck\" type=\"button\" onclick=\"history.back()\">Zur\u00fcck zur \u00dcbersicht<\/button><\/div><\/div><\/li><\/ul><\/div><!-- widgets_on_page -->\n","protected":false},"excerpt":{"rendered":"<h3>Eine wundersch\u00f6ne und ermutigende Geschichte \u00fcber die Kunst , mit dem Herzen zuzuh\u00f6ren.<\/h3>\n<h4>Liv Larsson &amp; Neo Rung<\/h4>\n<p>Aus dem schwedischen von Karolin Behlert<br \/>\nIllustriert von Marie Tison-Larsson<\/p>\n<p>Friare Liv, November 2021<\/p>\n<p>42 Seiten, broschiert, Format A5<\/p>\n","protected":false},"featured_media":19472,"template":"","meta":[],"product_brand":[],"product_cat":[482,36,41],"product_tag":[104,366,111,130,74,487],"class_list":{"0":"post-19471","1":"product","2":"type-product","3":"status-publish","4":"has-post-thumbnail","6":"product_cat-buecher","7":"product_cat-deutsche-buecher","8":"product_cat-schule-kita","9":"product_tag-empathie","10":"product_tag-empathisch-zuhoeren","11":"product_tag-kinder","12":"product_tag-mitgefuehl","13":"product_tag-unterwegs","14":"product_tag-vorlesen","16":"first","17":"outofstock","18":"shipping-taxable","19":"purchasable","20":"product-type-simple"},"yoast_head":"<!-- This site is optimized with the Yoast SEO plugin v27.5 - https:\/\/yoast.com\/product\/yoast-seo-wordpress\/ -->\n<title>Die Geschichte von einem Drachen, der sein Feuer verlor - Conex-Shop<\/title>\n<meta name=\"robots\" content=\"index, follow, max-snippet:-1, max-image-preview:large, max-video-preview:-1\" \/>\n<link rel=\"canonical\" href=\"https:\/\/conexbooks.de\/a\/shop\/produkt\/die-geschichte-von-einem-drachen-der-sein-feuer-verlor\/\" \/>\n<meta property=\"og:locale\" content=\"de_DE\" \/>\n<meta property=\"og:type\" content=\"article\" \/>\n<meta property=\"og:title\" content=\"Die Geschichte von einem Drachen, der sein Feuer verlor - Conex-Shop\" \/>\n<meta property=\"og:description\" content=\"Eine wundersch\u00f6ne und ermutigende Geschichte \u00fcber die Kunst , mit dem Herzen zuzuh\u00f6ren. Liv Larsson &amp; Neo Rung Aus dem schwedischen von Karolin Behlert Illustriert von Marie Tison-Larsson  Friare Liv, November 2021  42 Seiten, broschiert, Format A5\" \/>\n<meta property=\"og:url\" content=\"https:\/\/conexbooks.de\/a\/shop\/produkt\/die-geschichte-von-einem-drachen-der-sein-feuer-verlor\/\" \/>\n<meta property=\"og:site_name\" content=\"Conex-Shop\" \/>\n<meta property=\"article:modified_time\" content=\"2023-09-06T19:10:31+00:00\" \/>\n<meta property=\"og:image\" content=\"https:\/\/conexbooks.de\/a\/shop\/wp-content\/uploads\/2022\/12\/780.png\" \/>\n\t<meta property=\"og:image:width\" content=\"278\" \/>\n\t<meta property=\"og:image:height\" content=\"400\" \/>\n\t<meta property=\"og:image:type\" content=\"image\/png\" \/>\n<meta name=\"twitter:card\" content=\"summary_large_image\" \/>\n<meta name=\"twitter:label1\" content=\"Gesch\u00e4tzte Lesezeit\" \/>\n\t<meta name=\"twitter:data1\" content=\"1\u00a0Minute\" \/>\n<script type=\"application\/ld+json\" class=\"yoast-schema-graph\">{\"@context\":\"https:\\\/\\\/schema.org\",\"@graph\":[{\"@type\":\"WebPage\",\"@id\":\"https:\\\/\\\/conexbooks.de\\\/a\\\/shop\\\/produkt\\\/die-geschichte-von-einem-drachen-der-sein-feuer-verlor\\\/\",\"url\":\"https:\\\/\\\/conexbooks.de\\\/a\\\/shop\\\/produkt\\\/die-geschichte-von-einem-drachen-der-sein-feuer-verlor\\\/\",\"name\":\"Die Geschichte von einem Drachen, der sein Feuer verlor - Conex-Shop\",\"isPartOf\":{\"@id\":\"https:\\\/\\\/conexbooks.de\\\/a\\\/shop\\\/#website\"},\"primaryImageOfPage\":{\"@id\":\"https:\\\/\\\/conexbooks.de\\\/a\\\/shop\\\/produkt\\\/die-geschichte-von-einem-drachen-der-sein-feuer-verlor\\\/#primaryimage\"},\"image\":{\"@id\":\"https:\\\/\\\/conexbooks.de\\\/a\\\/shop\\\/produkt\\\/die-geschichte-von-einem-drachen-der-sein-feuer-verlor\\\/#primaryimage\"},\"thumbnailUrl\":\"https:\\\/\\\/conexbooks.de\\\/a\\\/shop\\\/wp-content\\\/uploads\\\/2022\\\/12\\\/780.png\",\"datePublished\":\"2022-12-03T15:52:41+00:00\",\"dateModified\":\"2023-09-06T19:10:31+00:00\",\"breadcrumb\":{\"@id\":\"https:\\\/\\\/conexbooks.de\\\/a\\\/shop\\\/produkt\\\/die-geschichte-von-einem-drachen-der-sein-feuer-verlor\\\/#breadcrumb\"},\"inLanguage\":\"de\",\"potentialAction\":[{\"@type\":\"ReadAction\",\"target\":[\"https:\\\/\\\/conexbooks.de\\\/a\\\/shop\\\/produkt\\\/die-geschichte-von-einem-drachen-der-sein-feuer-verlor\\\/\"]}]},{\"@type\":\"ImageObject\",\"inLanguage\":\"de\",\"@id\":\"https:\\\/\\\/conexbooks.de\\\/a\\\/shop\\\/produkt\\\/die-geschichte-von-einem-drachen-der-sein-feuer-verlor\\\/#primaryimage\",\"url\":\"https:\\\/\\\/conexbooks.de\\\/a\\\/shop\\\/wp-content\\\/uploads\\\/2022\\\/12\\\/780.png\",\"contentUrl\":\"https:\\\/\\\/conexbooks.de\\\/a\\\/shop\\\/wp-content\\\/uploads\\\/2022\\\/12\\\/780.png\",\"width\":278,\"height\":400},{\"@type\":\"BreadcrumbList\",\"@id\":\"https:\\\/\\\/conexbooks.de\\\/a\\\/shop\\\/produkt\\\/die-geschichte-von-einem-drachen-der-sein-feuer-verlor\\\/#breadcrumb\",\"itemListElement\":[{\"@type\":\"ListItem\",\"position\":1,\"name\":\"Home\",\"item\":\"https:\\\/\\\/conexbooks.de\\\/a\\\/shop\\\/\"},{\"@type\":\"ListItem\",\"position\":2,\"name\":\"Shop\",\"item\":\"https:\\\/\\\/conexbooks.de\\\/a\\\/shop\\\/shop\\\/\"},{\"@type\":\"ListItem\",\"position\":3,\"name\":\"Die Geschichte von einem Drachen, der sein Feuer verlor\"}]},{\"@type\":\"WebSite\",\"@id\":\"https:\\\/\\\/conexbooks.de\\\/a\\\/shop\\\/#website\",\"url\":\"https:\\\/\\\/conexbooks.de\\\/a\\\/shop\\\/\",\"name\":\"Conex-Shop\",\"description\":\"Alles f\u00fcr die gewaltfreie Kommunikation: B\u00fccher, Spiele. Handpuppen Seminarmaterial und Geschenke\",\"publisher\":{\"@id\":\"https:\\\/\\\/conexbooks.de\\\/a\\\/shop\\\/#organization\"},\"potentialAction\":[{\"@type\":\"SearchAction\",\"target\":{\"@type\":\"EntryPoint\",\"urlTemplate\":\"https:\\\/\\\/conexbooks.de\\\/a\\\/shop\\\/?s={search_term_string}\"},\"query-input\":{\"@type\":\"PropertyValueSpecification\",\"valueRequired\":true,\"valueName\":\"search_term_string\"}}],\"inLanguage\":\"de\"},{\"@type\":\"Organization\",\"@id\":\"https:\\\/\\\/conexbooks.de\\\/a\\\/shop\\\/#organization\",\"name\":\"Conex - books and more\",\"url\":\"https:\\\/\\\/conexbooks.de\\\/a\\\/shop\\\/\",\"logo\":{\"@type\":\"ImageObject\",\"inLanguage\":\"de\",\"@id\":\"https:\\\/\\\/conexbooks.de\\\/a\\\/shop\\\/#\\\/schema\\\/logo\\\/image\\\/\",\"url\":\"https:\\\/\\\/conexbooks.de\\\/a\\\/shop\\\/wp-content\\\/uploads\\\/2017\\\/12\\\/co-logo.png\",\"contentUrl\":\"https:\\\/\\\/conexbooks.de\\\/a\\\/shop\\\/wp-content\\\/uploads\\\/2017\\\/12\\\/co-logo.png\",\"width\":243,\"height\":122,\"caption\":\"Conex - books and more\"},\"image\":{\"@id\":\"https:\\\/\\\/conexbooks.de\\\/a\\\/shop\\\/#\\\/schema\\\/logo\\\/image\\\/\"}}]}<\/script>\n<!-- \/ Yoast SEO plugin. -->","yoast_head_json":{"title":"Die Geschichte von einem Drachen, der sein Feuer verlor - Conex-Shop","robots":{"index":"index","follow":"follow","max-snippet":"max-snippet:-1","max-image-preview":"max-image-preview:large","max-video-preview":"max-video-preview:-1"},"canonical":"https:\/\/conexbooks.de\/a\/shop\/produkt\/die-geschichte-von-einem-drachen-der-sein-feuer-verlor\/","og_locale":"de_DE","og_type":"article","og_title":"Die Geschichte von einem Drachen, der sein Feuer verlor - Conex-Shop","og_description":"Eine wundersch\u00f6ne und ermutigende Geschichte \u00fcber die Kunst , mit dem Herzen zuzuh\u00f6ren. Liv Larsson &amp; Neo Rung Aus dem schwedischen von Karolin Behlert Illustriert von Marie Tison-Larsson  Friare Liv, November 2021  42 Seiten, broschiert, Format A5","og_url":"https:\/\/conexbooks.de\/a\/shop\/produkt\/die-geschichte-von-einem-drachen-der-sein-feuer-verlor\/","og_site_name":"Conex-Shop","article_modified_time":"2023-09-06T19:10:31+00:00","og_image":[{"width":278,"height":400,"url":"https:\/\/conexbooks.de\/a\/shop\/wp-content\/uploads\/2022\/12\/780.png","type":"image\/png"}],"twitter_card":"summary_large_image","twitter_misc":{"Gesch\u00e4tzte Lesezeit":"1\u00a0Minute"},"schema":{"@context":"https:\/\/schema.org","@graph":[{"@type":"WebPage","@id":"https:\/\/conexbooks.de\/a\/shop\/produkt\/die-geschichte-von-einem-drachen-der-sein-feuer-verlor\/","url":"https:\/\/conexbooks.de\/a\/shop\/produkt\/die-geschichte-von-einem-drachen-der-sein-feuer-verlor\/","name":"Die Geschichte von einem Drachen, der sein Feuer verlor - Conex-Shop","isPartOf":{"@id":"https:\/\/conexbooks.de\/a\/shop\/#website"},"primaryImageOfPage":{"@id":"https:\/\/conexbooks.de\/a\/shop\/produkt\/die-geschichte-von-einem-drachen-der-sein-feuer-verlor\/#primaryimage"},"image":{"@id":"https:\/\/conexbooks.de\/a\/shop\/produkt\/die-geschichte-von-einem-drachen-der-sein-feuer-verlor\/#primaryimage"},"thumbnailUrl":"https:\/\/conexbooks.de\/a\/shop\/wp-content\/uploads\/2022\/12\/780.png","datePublished":"2022-12-03T15:52:41+00:00","dateModified":"2023-09-06T19:10:31+00:00","breadcrumb":{"@id":"https:\/\/conexbooks.de\/a\/shop\/produkt\/die-geschichte-von-einem-drachen-der-sein-feuer-verlor\/#breadcrumb"},"inLanguage":"de","potentialAction":[{"@type":"ReadAction","target":["https:\/\/conexbooks.de\/a\/shop\/produkt\/die-geschichte-von-einem-drachen-der-sein-feuer-verlor\/"]}]},{"@type":"ImageObject","inLanguage":"de","@id":"https:\/\/conexbooks.de\/a\/shop\/produkt\/die-geschichte-von-einem-drachen-der-sein-feuer-verlor\/#primaryimage","url":"https:\/\/conexbooks.de\/a\/shop\/wp-content\/uploads\/2022\/12\/780.png","contentUrl":"https:\/\/conexbooks.de\/a\/shop\/wp-content\/uploads\/2022\/12\/780.png","width":278,"height":400},{"@type":"BreadcrumbList","@id":"https:\/\/conexbooks.de\/a\/shop\/produkt\/die-geschichte-von-einem-drachen-der-sein-feuer-verlor\/#breadcrumb","itemListElement":[{"@type":"ListItem","position":1,"name":"Home","item":"https:\/\/conexbooks.de\/a\/shop\/"},{"@type":"ListItem","position":2,"name":"Shop","item":"https:\/\/conexbooks.de\/a\/shop\/shop\/"},{"@type":"ListItem","position":3,"name":"Die Geschichte von einem Drachen, der sein Feuer verlor"}]},{"@type":"WebSite","@id":"https:\/\/conexbooks.de\/a\/shop\/#website","url":"https:\/\/conexbooks.de\/a\/shop\/","name":"Conex-Shop","description":"Alles f\u00fcr die gewaltfreie Kommunikation: B\u00fccher, Spiele. Handpuppen Seminarmaterial und Geschenke","publisher":{"@id":"https:\/\/conexbooks.de\/a\/shop\/#organization"},"potentialAction":[{"@type":"SearchAction","target":{"@type":"EntryPoint","urlTemplate":"https:\/\/conexbooks.de\/a\/shop\/?s={search_term_string}"},"query-input":{"@type":"PropertyValueSpecification","valueRequired":true,"valueName":"search_term_string"}}],"inLanguage":"de"},{"@type":"Organization","@id":"https:\/\/conexbooks.de\/a\/shop\/#organization","name":"Conex - books and more","url":"https:\/\/conexbooks.de\/a\/shop\/","logo":{"@type":"ImageObject","inLanguage":"de","@id":"https:\/\/conexbooks.de\/a\/shop\/#\/schema\/logo\/image\/","url":"https:\/\/conexbooks.de\/a\/shop\/wp-content\/uploads\/2017\/12\/co-logo.png","contentUrl":"https:\/\/conexbooks.de\/a\/shop\/wp-content\/uploads\/2017\/12\/co-logo.png","width":243,"height":122,"caption":"Conex - books and more"},"image":{"@id":"https:\/\/conexbooks.de\/a\/shop\/#\/schema\/logo\/image\/"}}]}},"_links":{"self":[{"href":"https:\/\/conexbooks.de\/a\/shop\/wp-json\/wp\/v2\/product\/19471","targetHints":{"allow":["GET"]}}],"collection":[{"href":"https:\/\/conexbooks.de\/a\/shop\/wp-json\/wp\/v2\/product"}],"about":[{"href":"https:\/\/conexbooks.de\/a\/shop\/wp-json\/wp\/v2\/types\/product"}],"wp:featuredmedia":[{"embeddable":true,"href":"https:\/\/conexbooks.de\/a\/shop\/wp-json\/wp\/v2\/media\/19472"}],"wp:attachment":[{"href":"https:\/\/conexbooks.de\/a\/shop\/wp-json\/wp\/v2\/media?parent=19471"}],"wp:term":[{"taxonomy":"product_brand","embeddable":true,"href":"https:\/\/conexbooks.de\/a\/shop\/wp-json\/wp\/v2\/product_brand?post=19471"},{"taxonomy":"product_cat","embeddable":true,"href":"https:\/\/conexbooks.de\/a\/shop\/wp-json\/wp\/v2\/product_cat?post=19471"},{"taxonomy":"product_tag","embeddable":true,"href":"https:\/\/conexbooks.de\/a\/shop\/wp-json\/wp\/v2\/product_tag?post=19471"}],"curies":[{"name":"wp","href":"https:\/\/api.w.org\/{rel}","templated":true}]}}