{"id":19648,"date":"2023-02-21T22:14:26","date_gmt":"2023-02-21T21:14:26","guid":{"rendered":"https:\/\/conexbooks.de\/a\/shop\/?post_type=product&#038;p=19648"},"modified":"2025-08-28T16:25:59","modified_gmt":"2025-08-28T14:25:59","slug":"reinventing-organizations-visuell","status":"publish","type":"product","link":"https:\/\/conexbooks.de\/a\/shop\/produkt\/reinventing-organizations-visuell\/","title":{"rendered":"Reinventing Organizations &#8211; visuell"},"content":{"rendered":"<h3>Reinventing Organizations &#8211; visuell<\/h3>\n<p>von <i>Fr\u00e9d\u00e9ric Laloux<\/i><\/p>\n<h4>Ein illustrierter Leitfaden sinnstiftender Formen der Zusammenarbeit<\/h4>\n<p>Nach dem eindrucksvollen Erfolg von &#8222;Reinventing Organizations&#8220; folgt nun eine kompaktere und illustrierte Ausgabe dieses Buches. Es f\u00fchrt in die Hauptideen von &#8222;Reinventing Organizations&#8220; ein und stellt die wichtigsten Botschaften heraus, die f\u00fcr das Verst\u00e4ndnis aktueller und zukunftsweisender Entwicklungen in allen Organisationen n\u00f6tig sind.<\/p>\n<p>Frederic Laloux hat mit &#8222;Reinventing Organizations&#8220; das Grundlagenbuch f\u00fcr die integrale Organisationsentwicklung verfasst. Die Breite sowie Tiefe seiner Analyse und Beschreibung &#8211; ganzheitlich, selbstorganisierend und sinnerf\u00fcllend operierender Unternehmen &#8211; ist einzigartig.<\/p>\n<p><strong>Zielgruppe<\/strong><br \/>\nF\u00fcr Organisations- und Personalentwickler, Unternehmensberater sowie Mitarbeiter und F\u00fchrungskr\u00e4fte in Unternehmen.<\/p>\n<p><b>Rezensionen<br \/>\n<\/b>&#8222;(&#8230;) Der Belgier Fr\u00e9d\u00e9ric Laloux wurde 2015 mit seinem Buch &#8218;Reinventing Organisations&#8216; zu einer zentralen Figur in der internationalen New-Work-Bewegung. Der Reiz dieser stark gek\u00fcrzten Ausgabe seines Buches liegt in den lllustrationen von Etienne Appert. Auf anschauliche, ja unterhaltsame Weise werden die wichtigsten Ideen evolution\u00e4rer Unternehmen vorgestellt. Diese setzen auf Selbstst\u00e4ndigkeit, Handlungsfreiheit und Teilhabe\u00a0an der Gemeinschaft statt auf traditionelle Hierarchien.&#8220;<br \/>\n<em>Gerald Blomeyer, in: ethik-heute.org 12.02.2019, zur 1. Auflage 2017<\/em><\/p>\n<p>&#8222;(&#8230;) Einfach gro\u00dfartig! <em>Etienne Appert<\/em> bringt mit seinen so wunderbaren Illustrationen die Kernideen des bahnbrechenden Titels ,,Reinventing Organizations&#8220; super auf Punkt und Strich. Und <em>Fr\u00e9d\u00e9ric Laloux<\/em> weckt mit gek\u00fcrzten Texten die Seele im Buch.&#8220;<br \/>\n<em>in: www.Klara-agil.de September 2018, zur 1. Auflage 2016<\/em><\/p>\n","protected":false},"excerpt":{"rendered":"<p>Ein illustrierter Leitfaden sinnstiftender Formen der Zusammenarbeit<\/p>\n<p>Vahlen; 2017<\/p>\n<p>Buch, Softcover<\/p>\n<p>171 S. mit zahlreichen Illustrationen.<\/p>\n<p>Format (B x L): 21,0 x 26,0 cm<\/p>\n","protected":false},"featured_media":19656,"template":"","meta":[],"product_brand":[],"product_cat":[45,35,36,53],"product_tag":[229,291,500,261,189,497,136,501,499,251,498],"class_list":{"0":"post-19648","1":"product","2":"type-product","3":"status-publish","4":"has-post-thumbnail","6":"product_cat-arbeit-sonstiges","7":"product_cat-besonders","8":"product_cat-deutsche-buecher","9":"product_cat-neu","10":"product_tag-anwendung-der-gfk","11":"product_tag-bewusstseinsbildung","12":"product_tag-gemeinnuetzige-organisationen","13":"product_tag-gemeinschaft","14":"product_tag-gfk-in-unternehmen","15":"product_tag-organisationsentwicklung","16":"product_tag-selbstbewusstsein","17":"product_tag-unternehmenspraxis","18":"product_tag-unternehmensstruktur","19":"product_tag-vernetzung","20":"product_tag-zukunftweisend","22":"first","23":"outofstock","24":"shipping-taxable","25":"purchasable","26":"product-type-simple"},"yoast_head":"<!-- This site is optimized with the Yoast SEO plugin v27.4 - https:\/\/yoast.com\/product\/yoast-seo-wordpress\/ -->\n<title>Reinventing Organizations - visuell - Conex-Shop<\/title>\n<meta name=\"robots\" content=\"index, follow, max-snippet:-1, max-image-preview:large, max-video-preview:-1\" \/>\n<link rel=\"canonical\" href=\"https:\/\/conexbooks.de\/a\/shop\/produkt\/reinventing-organizations-visuell\/\" \/>\n<meta property=\"og:locale\" content=\"de_DE\" \/>\n<meta property=\"og:type\" content=\"article\" \/>\n<meta property=\"og:title\" content=\"Reinventing Organizations - visuell - Conex-Shop\" \/>\n<meta property=\"og:description\" content=\"Ein illustrierter Leitfaden sinnstiftender Formen der Zusammenarbeit  Vahlen; 2017  Buch, Softcover  171 S. mit zahlreichen Illustrationen.  Format (B x L): 21,0 x 26,0 cm\" \/>\n<meta property=\"og:url\" content=\"https:\/\/conexbooks.de\/a\/shop\/produkt\/reinventing-organizations-visuell\/\" \/>\n<meta property=\"og:site_name\" content=\"Conex-Shop\" \/>\n<meta property=\"article:modified_time\" content=\"2025-08-28T14:25:59+00:00\" \/>\n<meta property=\"og:image\" content=\"https:\/\/conexbooks.de\/a\/shop\/wp-content\/uploads\/2023\/02\/090.png\" \/>\n\t<meta property=\"og:image:width\" content=\"318\" \/>\n\t<meta property=\"og:image:height\" content=\"400\" \/>\n\t<meta property=\"og:image:type\" content=\"image\/png\" \/>\n<meta name=\"twitter:card\" content=\"summary_large_image\" \/>\n<meta name=\"twitter:label1\" content=\"Gesch\u00e4tzte Lesezeit\" \/>\n\t<meta name=\"twitter:data1\" content=\"1\u00a0Minute\" \/>\n<script type=\"application\/ld+json\" class=\"yoast-schema-graph\">{\"@context\":\"https:\\\/\\\/schema.org\",\"@graph\":[{\"@type\":\"WebPage\",\"@id\":\"https:\\\/\\\/conexbooks.de\\\/a\\\/shop\\\/produkt\\\/reinventing-organizations-visuell\\\/\",\"url\":\"https:\\\/\\\/conexbooks.de\\\/a\\\/shop\\\/produkt\\\/reinventing-organizations-visuell\\\/\",\"name\":\"Reinventing Organizations - visuell - Conex-Shop\",\"isPartOf\":{\"@id\":\"https:\\\/\\\/conexbooks.de\\\/a\\\/shop\\\/#website\"},\"primaryImageOfPage\":{\"@id\":\"https:\\\/\\\/conexbooks.de\\\/a\\\/shop\\\/produkt\\\/reinventing-organizations-visuell\\\/#primaryimage\"},\"image\":{\"@id\":\"https:\\\/\\\/conexbooks.de\\\/a\\\/shop\\\/produkt\\\/reinventing-organizations-visuell\\\/#primaryimage\"},\"thumbnailUrl\":\"https:\\\/\\\/conexbooks.de\\\/a\\\/shop\\\/wp-content\\\/uploads\\\/2023\\\/02\\\/090.png\",\"datePublished\":\"2023-02-21T21:14:26+00:00\",\"dateModified\":\"2025-08-28T14:25:59+00:00\",\"breadcrumb\":{\"@id\":\"https:\\\/\\\/conexbooks.de\\\/a\\\/shop\\\/produkt\\\/reinventing-organizations-visuell\\\/#breadcrumb\"},\"inLanguage\":\"de\",\"potentialAction\":[{\"@type\":\"ReadAction\",\"target\":[\"https:\\\/\\\/conexbooks.de\\\/a\\\/shop\\\/produkt\\\/reinventing-organizations-visuell\\\/\"]}]},{\"@type\":\"ImageObject\",\"inLanguage\":\"de\",\"@id\":\"https:\\\/\\\/conexbooks.de\\\/a\\\/shop\\\/produkt\\\/reinventing-organizations-visuell\\\/#primaryimage\",\"url\":\"https:\\\/\\\/conexbooks.de\\\/a\\\/shop\\\/wp-content\\\/uploads\\\/2023\\\/02\\\/090.png\",\"contentUrl\":\"https:\\\/\\\/conexbooks.de\\\/a\\\/shop\\\/wp-content\\\/uploads\\\/2023\\\/02\\\/090.png\",\"width\":318,\"height\":400},{\"@type\":\"BreadcrumbList\",\"@id\":\"https:\\\/\\\/conexbooks.de\\\/a\\\/shop\\\/produkt\\\/reinventing-organizations-visuell\\\/#breadcrumb\",\"itemListElement\":[{\"@type\":\"ListItem\",\"position\":1,\"name\":\"Home\",\"item\":\"https:\\\/\\\/conexbooks.de\\\/a\\\/shop\\\/\"},{\"@type\":\"ListItem\",\"position\":2,\"name\":\"Shop\",\"item\":\"https:\\\/\\\/conexbooks.de\\\/a\\\/shop\\\/shop\\\/\"},{\"@type\":\"ListItem\",\"position\":3,\"name\":\"Reinventing Organizations &#8211; visuell\"}]},{\"@type\":\"WebSite\",\"@id\":\"https:\\\/\\\/conexbooks.de\\\/a\\\/shop\\\/#website\",\"url\":\"https:\\\/\\\/conexbooks.de\\\/a\\\/shop\\\/\",\"name\":\"Conex-Shop\",\"description\":\"Alles f\u00fcr die gewaltfreie Kommunikation: B\u00fccher, Spiele. Handpuppen Seminarmaterial und Geschenke\",\"publisher\":{\"@id\":\"https:\\\/\\\/conexbooks.de\\\/a\\\/shop\\\/#organization\"},\"potentialAction\":[{\"@type\":\"SearchAction\",\"target\":{\"@type\":\"EntryPoint\",\"urlTemplate\":\"https:\\\/\\\/conexbooks.de\\\/a\\\/shop\\\/?s={search_term_string}\"},\"query-input\":{\"@type\":\"PropertyValueSpecification\",\"valueRequired\":true,\"valueName\":\"search_term_string\"}}],\"inLanguage\":\"de\"},{\"@type\":\"Organization\",\"@id\":\"https:\\\/\\\/conexbooks.de\\\/a\\\/shop\\\/#organization\",\"name\":\"Conex - books and more\",\"url\":\"https:\\\/\\\/conexbooks.de\\\/a\\\/shop\\\/\",\"logo\":{\"@type\":\"ImageObject\",\"inLanguage\":\"de\",\"@id\":\"https:\\\/\\\/conexbooks.de\\\/a\\\/shop\\\/#\\\/schema\\\/logo\\\/image\\\/\",\"url\":\"https:\\\/\\\/conexbooks.de\\\/a\\\/shop\\\/wp-content\\\/uploads\\\/2017\\\/12\\\/co-logo.png\",\"contentUrl\":\"https:\\\/\\\/conexbooks.de\\\/a\\\/shop\\\/wp-content\\\/uploads\\\/2017\\\/12\\\/co-logo.png\",\"width\":243,\"height\":122,\"caption\":\"Conex - books and more\"},\"image\":{\"@id\":\"https:\\\/\\\/conexbooks.de\\\/a\\\/shop\\\/#\\\/schema\\\/logo\\\/image\\\/\"}}]}<\/script>\n<!-- \/ Yoast SEO plugin. -->","yoast_head_json":{"title":"Reinventing Organizations - visuell - Conex-Shop","robots":{"index":"index","follow":"follow","max-snippet":"max-snippet:-1","max-image-preview":"max-image-preview:large","max-video-preview":"max-video-preview:-1"},"canonical":"https:\/\/conexbooks.de\/a\/shop\/produkt\/reinventing-organizations-visuell\/","og_locale":"de_DE","og_type":"article","og_title":"Reinventing Organizations - visuell - Conex-Shop","og_description":"Ein illustrierter Leitfaden sinnstiftender Formen der Zusammenarbeit  Vahlen; 2017  Buch, Softcover  171 S. mit zahlreichen Illustrationen.  Format (B x L): 21,0 x 26,0 cm","og_url":"https:\/\/conexbooks.de\/a\/shop\/produkt\/reinventing-organizations-visuell\/","og_site_name":"Conex-Shop","article_modified_time":"2025-08-28T14:25:59+00:00","og_image":[{"width":318,"height":400,"url":"https:\/\/conexbooks.de\/a\/shop\/wp-content\/uploads\/2023\/02\/090.png","type":"image\/png"}],"twitter_card":"summary_large_image","twitter_misc":{"Gesch\u00e4tzte Lesezeit":"1\u00a0Minute"},"schema":{"@context":"https:\/\/schema.org","@graph":[{"@type":"WebPage","@id":"https:\/\/conexbooks.de\/a\/shop\/produkt\/reinventing-organizations-visuell\/","url":"https:\/\/conexbooks.de\/a\/shop\/produkt\/reinventing-organizations-visuell\/","name":"Reinventing Organizations - visuell - Conex-Shop","isPartOf":{"@id":"https:\/\/conexbooks.de\/a\/shop\/#website"},"primaryImageOfPage":{"@id":"https:\/\/conexbooks.de\/a\/shop\/produkt\/reinventing-organizations-visuell\/#primaryimage"},"image":{"@id":"https:\/\/conexbooks.de\/a\/shop\/produkt\/reinventing-organizations-visuell\/#primaryimage"},"thumbnailUrl":"https:\/\/conexbooks.de\/a\/shop\/wp-content\/uploads\/2023\/02\/090.png","datePublished":"2023-02-21T21:14:26+00:00","dateModified":"2025-08-28T14:25:59+00:00","breadcrumb":{"@id":"https:\/\/conexbooks.de\/a\/shop\/produkt\/reinventing-organizations-visuell\/#breadcrumb"},"inLanguage":"de","potentialAction":[{"@type":"ReadAction","target":["https:\/\/conexbooks.de\/a\/shop\/produkt\/reinventing-organizations-visuell\/"]}]},{"@type":"ImageObject","inLanguage":"de","@id":"https:\/\/conexbooks.de\/a\/shop\/produkt\/reinventing-organizations-visuell\/#primaryimage","url":"https:\/\/conexbooks.de\/a\/shop\/wp-content\/uploads\/2023\/02\/090.png","contentUrl":"https:\/\/conexbooks.de\/a\/shop\/wp-content\/uploads\/2023\/02\/090.png","width":318,"height":400},{"@type":"BreadcrumbList","@id":"https:\/\/conexbooks.de\/a\/shop\/produkt\/reinventing-organizations-visuell\/#breadcrumb","itemListElement":[{"@type":"ListItem","position":1,"name":"Home","item":"https:\/\/conexbooks.de\/a\/shop\/"},{"@type":"ListItem","position":2,"name":"Shop","item":"https:\/\/conexbooks.de\/a\/shop\/shop\/"},{"@type":"ListItem","position":3,"name":"Reinventing Organizations &#8211; visuell"}]},{"@type":"WebSite","@id":"https:\/\/conexbooks.de\/a\/shop\/#website","url":"https:\/\/conexbooks.de\/a\/shop\/","name":"Conex-Shop","description":"Alles f\u00fcr die gewaltfreie Kommunikation: B\u00fccher, Spiele. Handpuppen Seminarmaterial und Geschenke","publisher":{"@id":"https:\/\/conexbooks.de\/a\/shop\/#organization"},"potentialAction":[{"@type":"SearchAction","target":{"@type":"EntryPoint","urlTemplate":"https:\/\/conexbooks.de\/a\/shop\/?s={search_term_string}"},"query-input":{"@type":"PropertyValueSpecification","valueRequired":true,"valueName":"search_term_string"}}],"inLanguage":"de"},{"@type":"Organization","@id":"https:\/\/conexbooks.de\/a\/shop\/#organization","name":"Conex - books and more","url":"https:\/\/conexbooks.de\/a\/shop\/","logo":{"@type":"ImageObject","inLanguage":"de","@id":"https:\/\/conexbooks.de\/a\/shop\/#\/schema\/logo\/image\/","url":"https:\/\/conexbooks.de\/a\/shop\/wp-content\/uploads\/2017\/12\/co-logo.png","contentUrl":"https:\/\/conexbooks.de\/a\/shop\/wp-content\/uploads\/2017\/12\/co-logo.png","width":243,"height":122,"caption":"Conex - books and more"},"image":{"@id":"https:\/\/conexbooks.de\/a\/shop\/#\/schema\/logo\/image\/"}}]}},"_links":{"self":[{"href":"https:\/\/conexbooks.de\/a\/shop\/wp-json\/wp\/v2\/product\/19648","targetHints":{"allow":["GET"]}}],"collection":[{"href":"https:\/\/conexbooks.de\/a\/shop\/wp-json\/wp\/v2\/product"}],"about":[{"href":"https:\/\/conexbooks.de\/a\/shop\/wp-json\/wp\/v2\/types\/product"}],"wp:featuredmedia":[{"embeddable":true,"href":"https:\/\/conexbooks.de\/a\/shop\/wp-json\/wp\/v2\/media\/19656"}],"wp:attachment":[{"href":"https:\/\/conexbooks.de\/a\/shop\/wp-json\/wp\/v2\/media?parent=19648"}],"wp:term":[{"taxonomy":"product_brand","embeddable":true,"href":"https:\/\/conexbooks.de\/a\/shop\/wp-json\/wp\/v2\/product_brand?post=19648"},{"taxonomy":"product_cat","embeddable":true,"href":"https:\/\/conexbooks.de\/a\/shop\/wp-json\/wp\/v2\/product_cat?post=19648"},{"taxonomy":"product_tag","embeddable":true,"href":"https:\/\/conexbooks.de\/a\/shop\/wp-json\/wp\/v2\/product_tag?post=19648"}],"curies":[{"name":"wp","href":"https:\/\/api.w.org\/{rel}","templated":true}]}}