{"id":19693,"date":"2023-03-09T13:29:40","date_gmt":"2023-03-09T12:29:40","guid":{"rendered":"https:\/\/conexbooks.de\/a\/shop\/?post_type=product&#038;p=19693"},"modified":"2025-01-28T19:40:22","modified_gmt":"2025-01-28T18:40:22","slug":"wertschaetzende-kommunikation-im-business","status":"publish","type":"product","link":"https:\/\/conexbooks.de\/a\/shop\/produkt\/wertschaetzende-kommunikation-im-business\/","title":{"rendered":"Wertsch\u00e4tzende Kommunikation im Business"},"content":{"rendered":"<h3 class=\"h1 mb-3\">Wertsch\u00e4tzende Kommunikation im Business<\/h3>\n<h4>Beate Br\u00fcggemeier<\/h4>\n<h4 class=\"mb-4\">Wer sich \u00f6ffnet, kommt weiter<\/h4>\n<p>Kennen Sie das? Ein Gespr\u00e4ch mit einer Kollegin oder einem Mitarbeiter entwickelt sich zu einer Abfolge von Angriffen, Verteidigungen und Rechtfertigungen? Dabei ist Ihnen doch eigentlich an einem respektvollen Miteinander gelegen! Hinter missgl\u00fcckten Kommunikationssituationen stecken h\u00e4ufig keine b\u00f6sen Absichten. Vielmehr sind es mangelnde Kenntnisse dar\u00fcber, wie sich Kommunikationsprozesse so gestalten lassen, dass Ziele erreicht werden und das Gegen\u00fcber Wertsch\u00e4tzung erf\u00e4hrt.<\/p>\n<p>Das geeignete Tool: die Wertsch\u00e4tzende Kommunikation, deren vier Schritte auf Marshall Rosenbergs Gewaltfreier Kommunikation basieren. In diesem Buch erfahren Sie, wie Sie mithilfe dieses Ansatzes Ihr F\u00fchrungs- und Kommunikationsverhalten professionalisieren und mit Ihrer Sprache Einfluss, Erfolg und Menschlichkeit erreichen.<\/p>\n<div id='1' class='widgets_on_page wop_tiny1  wop_small1  wop_medium1  wop_large1  wop_wide1'>\n\t\t\t<ul><li id=\"custom_html-4\" class=\"widget_text widget widget_custom_html\"><div class=\"textwidget custom-html-widget\"><div style=\"text-align:left;\">\r\n<button class = \"button\" style=\"height: 30px; font-size: 0.8em;\" name=\"zuruck\" type=\"button\" onclick=\"history.back()\">Zur\u00fcck zur \u00dcbersicht<\/button><\/div><\/div><\/li><\/ul><\/div><!-- widgets_on_page -->\n","protected":false},"excerpt":{"rendered":"<h4>Beate Br\u00fcggemeier<\/h4>\n<h4 class=\"mb-4\">Wer sich \u00f6ffnet, kommt weiter<\/h4>\n<p>Junfermann-Verlag<br \/>\nErschienen am 19.06.2020, 208 Seiten, kartoniert, Format: 17 x 24 cm<\/p>\n","protected":false},"featured_media":1334,"template":"","meta":[],"product_brand":[],"product_cat":[45,482,36],"product_tag":[302,299,300,112,301,303],"class_list":{"0":"post-19693","1":"product","2":"type-product","3":"status-publish","4":"has-post-thumbnail","6":"product_cat-arbeit-sonstiges","7":"product_cat-buecher","8":"product_cat-deutsche-buecher","9":"product_tag-einfluss","10":"product_tag-gfk-im-berufsalltag","11":"product_tag-gfk-im-business","12":"product_tag-macht","13":"product_tag-menschlichkeit","14":"product_tag-professionelles-kommunikationsverhalten","16":"first","17":"instock","18":"shipping-taxable","19":"purchasable","20":"product-type-simple"},"yoast_head":"<!-- This site is optimized with the Yoast SEO plugin v27.4 - https:\/\/yoast.com\/product\/yoast-seo-wordpress\/ -->\n<title>Wertsch\u00e4tzende Kommunikation im Business - Conex-Shop<\/title>\n<meta name=\"robots\" content=\"index, follow, max-snippet:-1, max-image-preview:large, max-video-preview:-1\" \/>\n<link rel=\"canonical\" href=\"https:\/\/conexbooks.de\/a\/shop\/produkt\/wertschaetzende-kommunikation-im-business\/\" \/>\n<meta property=\"og:locale\" content=\"de_DE\" \/>\n<meta property=\"og:type\" content=\"article\" \/>\n<meta property=\"og:title\" content=\"Wertsch\u00e4tzende Kommunikation im Business - Conex-Shop\" \/>\n<meta property=\"og:description\" content=\"Beate Br\u00fcggemeier Wer sich \u00f6ffnet, kommt weiter Junfermann-Verlag Erschienen am 19.06.2020, 208 Seiten, kartoniert, Format: 17 x 24 cm\" \/>\n<meta property=\"og:url\" content=\"https:\/\/conexbooks.de\/a\/shop\/produkt\/wertschaetzende-kommunikation-im-business\/\" \/>\n<meta property=\"og:site_name\" content=\"Conex-Shop\" \/>\n<meta property=\"article:modified_time\" content=\"2025-01-28T18:40:22+00:00\" \/>\n<meta property=\"og:image\" content=\"https:\/\/conexbooks.de\/a\/shop\/wp-content\/uploads\/2017\/11\/076.jpg\" \/>\n\t<meta property=\"og:image:width\" content=\"284\" \/>\n\t<meta property=\"og:image:height\" content=\"400\" \/>\n\t<meta property=\"og:image:type\" content=\"image\/jpeg\" \/>\n<meta name=\"twitter:card\" content=\"summary_large_image\" \/>\n<meta name=\"twitter:label1\" content=\"Gesch\u00e4tzte Lesezeit\" \/>\n\t<meta name=\"twitter:data1\" content=\"1\u00a0Minute\" \/>\n<script type=\"application\/ld+json\" class=\"yoast-schema-graph\">{\"@context\":\"https:\\\/\\\/schema.org\",\"@graph\":[{\"@type\":\"WebPage\",\"@id\":\"https:\\\/\\\/conexbooks.de\\\/a\\\/shop\\\/produkt\\\/wertschaetzende-kommunikation-im-business\\\/\",\"url\":\"https:\\\/\\\/conexbooks.de\\\/a\\\/shop\\\/produkt\\\/wertschaetzende-kommunikation-im-business\\\/\",\"name\":\"Wertsch\u00e4tzende Kommunikation im Business - Conex-Shop\",\"isPartOf\":{\"@id\":\"https:\\\/\\\/conexbooks.de\\\/a\\\/shop\\\/#website\"},\"primaryImageOfPage\":{\"@id\":\"https:\\\/\\\/conexbooks.de\\\/a\\\/shop\\\/produkt\\\/wertschaetzende-kommunikation-im-business\\\/#primaryimage\"},\"image\":{\"@id\":\"https:\\\/\\\/conexbooks.de\\\/a\\\/shop\\\/produkt\\\/wertschaetzende-kommunikation-im-business\\\/#primaryimage\"},\"thumbnailUrl\":\"https:\\\/\\\/conexbooks.de\\\/a\\\/shop\\\/wp-content\\\/uploads\\\/2017\\\/11\\\/076.jpg\",\"datePublished\":\"2023-03-09T12:29:40+00:00\",\"dateModified\":\"2025-01-28T18:40:22+00:00\",\"breadcrumb\":{\"@id\":\"https:\\\/\\\/conexbooks.de\\\/a\\\/shop\\\/produkt\\\/wertschaetzende-kommunikation-im-business\\\/#breadcrumb\"},\"inLanguage\":\"de\",\"potentialAction\":[{\"@type\":\"ReadAction\",\"target\":[\"https:\\\/\\\/conexbooks.de\\\/a\\\/shop\\\/produkt\\\/wertschaetzende-kommunikation-im-business\\\/\"]}]},{\"@type\":\"ImageObject\",\"inLanguage\":\"de\",\"@id\":\"https:\\\/\\\/conexbooks.de\\\/a\\\/shop\\\/produkt\\\/wertschaetzende-kommunikation-im-business\\\/#primaryimage\",\"url\":\"https:\\\/\\\/conexbooks.de\\\/a\\\/shop\\\/wp-content\\\/uploads\\\/2017\\\/11\\\/076.jpg\",\"contentUrl\":\"https:\\\/\\\/conexbooks.de\\\/a\\\/shop\\\/wp-content\\\/uploads\\\/2017\\\/11\\\/076.jpg\",\"width\":284,\"height\":400},{\"@type\":\"BreadcrumbList\",\"@id\":\"https:\\\/\\\/conexbooks.de\\\/a\\\/shop\\\/produkt\\\/wertschaetzende-kommunikation-im-business\\\/#breadcrumb\",\"itemListElement\":[{\"@type\":\"ListItem\",\"position\":1,\"name\":\"Home\",\"item\":\"https:\\\/\\\/conexbooks.de\\\/a\\\/shop\\\/\"},{\"@type\":\"ListItem\",\"position\":2,\"name\":\"Shop\",\"item\":\"https:\\\/\\\/conexbooks.de\\\/a\\\/shop\\\/shop\\\/\"},{\"@type\":\"ListItem\",\"position\":3,\"name\":\"Wertsch\u00e4tzende Kommunikation im Business\"}]},{\"@type\":\"WebSite\",\"@id\":\"https:\\\/\\\/conexbooks.de\\\/a\\\/shop\\\/#website\",\"url\":\"https:\\\/\\\/conexbooks.de\\\/a\\\/shop\\\/\",\"name\":\"Conex-Shop\",\"description\":\"Alles f\u00fcr die gewaltfreie Kommunikation: B\u00fccher, Spiele. Handpuppen Seminarmaterial und Geschenke\",\"publisher\":{\"@id\":\"https:\\\/\\\/conexbooks.de\\\/a\\\/shop\\\/#organization\"},\"potentialAction\":[{\"@type\":\"SearchAction\",\"target\":{\"@type\":\"EntryPoint\",\"urlTemplate\":\"https:\\\/\\\/conexbooks.de\\\/a\\\/shop\\\/?s={search_term_string}\"},\"query-input\":{\"@type\":\"PropertyValueSpecification\",\"valueRequired\":true,\"valueName\":\"search_term_string\"}}],\"inLanguage\":\"de\"},{\"@type\":\"Organization\",\"@id\":\"https:\\\/\\\/conexbooks.de\\\/a\\\/shop\\\/#organization\",\"name\":\"Conex - books and more\",\"url\":\"https:\\\/\\\/conexbooks.de\\\/a\\\/shop\\\/\",\"logo\":{\"@type\":\"ImageObject\",\"inLanguage\":\"de\",\"@id\":\"https:\\\/\\\/conexbooks.de\\\/a\\\/shop\\\/#\\\/schema\\\/logo\\\/image\\\/\",\"url\":\"https:\\\/\\\/conexbooks.de\\\/a\\\/shop\\\/wp-content\\\/uploads\\\/2017\\\/12\\\/co-logo.png\",\"contentUrl\":\"https:\\\/\\\/conexbooks.de\\\/a\\\/shop\\\/wp-content\\\/uploads\\\/2017\\\/12\\\/co-logo.png\",\"width\":243,\"height\":122,\"caption\":\"Conex - books and more\"},\"image\":{\"@id\":\"https:\\\/\\\/conexbooks.de\\\/a\\\/shop\\\/#\\\/schema\\\/logo\\\/image\\\/\"}}]}<\/script>\n<!-- \/ Yoast SEO plugin. -->","yoast_head_json":{"title":"Wertsch\u00e4tzende Kommunikation im Business - Conex-Shop","robots":{"index":"index","follow":"follow","max-snippet":"max-snippet:-1","max-image-preview":"max-image-preview:large","max-video-preview":"max-video-preview:-1"},"canonical":"https:\/\/conexbooks.de\/a\/shop\/produkt\/wertschaetzende-kommunikation-im-business\/","og_locale":"de_DE","og_type":"article","og_title":"Wertsch\u00e4tzende Kommunikation im Business - Conex-Shop","og_description":"Beate Br\u00fcggemeier Wer sich \u00f6ffnet, kommt weiter Junfermann-Verlag Erschienen am 19.06.2020, 208 Seiten, kartoniert, Format: 17 x 24 cm","og_url":"https:\/\/conexbooks.de\/a\/shop\/produkt\/wertschaetzende-kommunikation-im-business\/","og_site_name":"Conex-Shop","article_modified_time":"2025-01-28T18:40:22+00:00","og_image":[{"width":284,"height":400,"url":"https:\/\/conexbooks.de\/a\/shop\/wp-content\/uploads\/2017\/11\/076.jpg","type":"image\/jpeg"}],"twitter_card":"summary_large_image","twitter_misc":{"Gesch\u00e4tzte Lesezeit":"1\u00a0Minute"},"schema":{"@context":"https:\/\/schema.org","@graph":[{"@type":"WebPage","@id":"https:\/\/conexbooks.de\/a\/shop\/produkt\/wertschaetzende-kommunikation-im-business\/","url":"https:\/\/conexbooks.de\/a\/shop\/produkt\/wertschaetzende-kommunikation-im-business\/","name":"Wertsch\u00e4tzende Kommunikation im Business - Conex-Shop","isPartOf":{"@id":"https:\/\/conexbooks.de\/a\/shop\/#website"},"primaryImageOfPage":{"@id":"https:\/\/conexbooks.de\/a\/shop\/produkt\/wertschaetzende-kommunikation-im-business\/#primaryimage"},"image":{"@id":"https:\/\/conexbooks.de\/a\/shop\/produkt\/wertschaetzende-kommunikation-im-business\/#primaryimage"},"thumbnailUrl":"https:\/\/conexbooks.de\/a\/shop\/wp-content\/uploads\/2017\/11\/076.jpg","datePublished":"2023-03-09T12:29:40+00:00","dateModified":"2025-01-28T18:40:22+00:00","breadcrumb":{"@id":"https:\/\/conexbooks.de\/a\/shop\/produkt\/wertschaetzende-kommunikation-im-business\/#breadcrumb"},"inLanguage":"de","potentialAction":[{"@type":"ReadAction","target":["https:\/\/conexbooks.de\/a\/shop\/produkt\/wertschaetzende-kommunikation-im-business\/"]}]},{"@type":"ImageObject","inLanguage":"de","@id":"https:\/\/conexbooks.de\/a\/shop\/produkt\/wertschaetzende-kommunikation-im-business\/#primaryimage","url":"https:\/\/conexbooks.de\/a\/shop\/wp-content\/uploads\/2017\/11\/076.jpg","contentUrl":"https:\/\/conexbooks.de\/a\/shop\/wp-content\/uploads\/2017\/11\/076.jpg","width":284,"height":400},{"@type":"BreadcrumbList","@id":"https:\/\/conexbooks.de\/a\/shop\/produkt\/wertschaetzende-kommunikation-im-business\/#breadcrumb","itemListElement":[{"@type":"ListItem","position":1,"name":"Home","item":"https:\/\/conexbooks.de\/a\/shop\/"},{"@type":"ListItem","position":2,"name":"Shop","item":"https:\/\/conexbooks.de\/a\/shop\/shop\/"},{"@type":"ListItem","position":3,"name":"Wertsch\u00e4tzende Kommunikation im Business"}]},{"@type":"WebSite","@id":"https:\/\/conexbooks.de\/a\/shop\/#website","url":"https:\/\/conexbooks.de\/a\/shop\/","name":"Conex-Shop","description":"Alles f\u00fcr die gewaltfreie Kommunikation: B\u00fccher, Spiele. Handpuppen Seminarmaterial und Geschenke","publisher":{"@id":"https:\/\/conexbooks.de\/a\/shop\/#organization"},"potentialAction":[{"@type":"SearchAction","target":{"@type":"EntryPoint","urlTemplate":"https:\/\/conexbooks.de\/a\/shop\/?s={search_term_string}"},"query-input":{"@type":"PropertyValueSpecification","valueRequired":true,"valueName":"search_term_string"}}],"inLanguage":"de"},{"@type":"Organization","@id":"https:\/\/conexbooks.de\/a\/shop\/#organization","name":"Conex - books and more","url":"https:\/\/conexbooks.de\/a\/shop\/","logo":{"@type":"ImageObject","inLanguage":"de","@id":"https:\/\/conexbooks.de\/a\/shop\/#\/schema\/logo\/image\/","url":"https:\/\/conexbooks.de\/a\/shop\/wp-content\/uploads\/2017\/12\/co-logo.png","contentUrl":"https:\/\/conexbooks.de\/a\/shop\/wp-content\/uploads\/2017\/12\/co-logo.png","width":243,"height":122,"caption":"Conex - books and more"},"image":{"@id":"https:\/\/conexbooks.de\/a\/shop\/#\/schema\/logo\/image\/"}}]}},"_links":{"self":[{"href":"https:\/\/conexbooks.de\/a\/shop\/wp-json\/wp\/v2\/product\/19693","targetHints":{"allow":["GET"]}}],"collection":[{"href":"https:\/\/conexbooks.de\/a\/shop\/wp-json\/wp\/v2\/product"}],"about":[{"href":"https:\/\/conexbooks.de\/a\/shop\/wp-json\/wp\/v2\/types\/product"}],"wp:featuredmedia":[{"embeddable":true,"href":"https:\/\/conexbooks.de\/a\/shop\/wp-json\/wp\/v2\/media\/1334"}],"wp:attachment":[{"href":"https:\/\/conexbooks.de\/a\/shop\/wp-json\/wp\/v2\/media?parent=19693"}],"wp:term":[{"taxonomy":"product_brand","embeddable":true,"href":"https:\/\/conexbooks.de\/a\/shop\/wp-json\/wp\/v2\/product_brand?post=19693"},{"taxonomy":"product_cat","embeddable":true,"href":"https:\/\/conexbooks.de\/a\/shop\/wp-json\/wp\/v2\/product_cat?post=19693"},{"taxonomy":"product_tag","embeddable":true,"href":"https:\/\/conexbooks.de\/a\/shop\/wp-json\/wp\/v2\/product_tag?post=19693"}],"curies":[{"name":"wp","href":"https:\/\/api.w.org\/{rel}","templated":true}]}}