{"id":19694,"date":"2023-03-09T13:56:51","date_gmt":"2023-03-09T12:56:51","guid":{"rendered":"https:\/\/conexbooks.de\/a\/shop\/?post_type=product&#038;p=19694"},"modified":"2023-09-06T21:09:30","modified_gmt":"2023-09-06T19:09:30","slug":"unsere-giraffen-kartei","status":"publish","type":"product","link":"https:\/\/conexbooks.de\/a\/shop\/produkt\/unsere-giraffen-kartei\/","title":{"rendered":"Unsere Giraffen-Kartei"},"content":{"rendered":"<h3 class=\"h1 mb-3\">Kinder \u00fcben selbstst\u00e4ndig gewaltfreie Kommunikation mit der Giraffensprache<\/h3>\n<h4>Simone W\u00f6lfel<\/h4>\n<h4 class=\"mb-4\">In 4 Schritten Konflikte l\u00f6sen<\/h4>\n<p>Unterrichtsmaterial f\u00fcr Lehrer und Lehrerinnen an Grund- und F\u00f6rderschulen, Klasse 2-4 +++<\/p>\n<p>Konflikte brauchen Kommunikation. Gewaltfreie Kommunikation. Und da kommt die Giraffe ins Spiel! Und mit ihr die Giraffensprache. Diese von Marshall B. Rosenberg &#8222;eingef\u00fchrte&#8220; Sprache ist nach dem Landtier mit dem gro\u00dfen Herzen benannt und hei\u00dft deshalb auch &#8222;Sprache des Herzens&#8220;. Sie ist Symbol f\u00fcr eine einf\u00fchlsame Kommunikation, die dabei hilft, eigene Bed\u00fcrfnisse besser kennenzulernen, das Mitgef\u00fchl zu steigern sowie Streit und Konflikte fr\u00fchzeitig zu entsch\u00e4rfen.<\/p>\n<p>Und wie k\u00f6nnen Grundschulkids <span class=\"\">diese<\/span> Giraffensprache lernen? Durch \u00dcben, \u00dcben, \u00dcben &#8211; mithilfe unserer Giraffen-Kartei. Jede der \u00fcber 50 Karten schildert einen typischen Konflikt in der Schule. Es geht um Dr\u00e4ngeleien in der Pause, ums Ausgelachtwerden im Sportunterricht, um die ewig besetzte Schaukel &#8230; Die Sch\u00fclerinnen und Sch\u00fcler versetzen sich in die Situation und \u00fcberlegen gemeinsam, wie sie nach den vier Schritten der gewaltfreien Kommunikation &#8211; Beobachtung, Gef\u00fchle, Bed\u00fcrfnisse, Bitte &#8211; handeln w\u00fcrden.<\/p>\n<p>Auf der Kartenr\u00fcckseite finden die Kinder eine beispielhafte L\u00f6sung in &#8222;Giraffisch&#8220; und k\u00f6nnen ihre Ergebnisse damit abgleichen. Die altersgerechten, kleinen Konflikte holen die Kids in ihrer Lebenswirklichkeit ab und Karte f\u00fcr Karte kann sich eine wertsch\u00e4tzende Gespr\u00e4chskultur entwickeln. Im dazugeh\u00f6rigen Begleitheft finden Sie viele Hintergrundinfos sowie Tipps und Tricks f\u00fcr den Einsatz im Unterricht.<\/p>\n<div id='1' class='widgets_on_page wop_tiny1  wop_small1  wop_medium1  wop_large1  wop_wide1'>\n\t\t\t<ul><li id=\"custom_html-4\" class=\"widget_text widget widget_custom_html\"><div class=\"textwidget custom-html-widget\"><div style=\"text-align:left;\">\r\n<button class = \"button\" style=\"height: 30px; font-size: 0.8em;\" name=\"zuruck\" type=\"button\" onclick=\"history.back()\">Zur\u00fcck zur \u00dcbersicht<\/button><\/div><\/div><\/li><\/ul><\/div><!-- widgets_on_page -->\n","protected":false},"excerpt":{"rendered":"<h4>Simone W\u00f6lfel<\/h4>\n<h4 class=\"h1 mb-3\">Kinder \u00fcben selbstst\u00e4ndig gewaltfreie Kommunikation mit der Giraffensprache<\/h4>\n<p>Verlag an der Ruhr 2020; 56 Seiten, 21 cm x 15 cm<\/p>\n<p>Altersempfehlung: ab 7 Jahre<\/p>\n","protected":false},"featured_media":19695,"template":"","meta":[],"product_brand":[],"product_cat":[45,38,482,36,44,41],"product_tag":[451,313,492,246,506,63,275,332],"class_list":{"0":"post-19694","1":"product","2":"type-product","3":"status-publish","4":"has-post-thumbnail","6":"product_cat-arbeit-sonstiges","7":"product_cat-beziehung-familie","8":"product_cat-buecher","9":"product_cat-deutsche-buecher","10":"product_cat-konflikte","11":"product_cat-schule-kita","12":"product_tag-beziehungsentwicklung","13":"product_tag-eltern-kind-beziehung","14":"product_tag-entwicklung-von-kindern","15":"product_tag-familien-konflikte-loesen","16":"product_tag-gfk-mit-kindern","17":"product_tag-grundschule","18":"product_tag-konfliktfaehigkeit","19":"product_tag-konfliktloesung","21":"first","22":"outofstock","23":"shipping-taxable","24":"purchasable","25":"product-type-simple"},"yoast_head":"<!-- This site is optimized with the Yoast SEO plugin v27.5 - https:\/\/yoast.com\/product\/yoast-seo-wordpress\/ -->\n<title>Unsere Giraffen-Kartei - Conex-Shop<\/title>\n<meta name=\"robots\" content=\"index, follow, max-snippet:-1, max-image-preview:large, max-video-preview:-1\" \/>\n<link rel=\"canonical\" href=\"https:\/\/conexbooks.de\/a\/shop\/produkt\/unsere-giraffen-kartei\/\" \/>\n<meta property=\"og:locale\" content=\"de_DE\" \/>\n<meta property=\"og:type\" content=\"article\" \/>\n<meta property=\"og:title\" content=\"Unsere Giraffen-Kartei - Conex-Shop\" \/>\n<meta property=\"og:description\" content=\"Simone W\u00f6lfel Kinder \u00fcben selbstst\u00e4ndig gewaltfreie Kommunikation mit der Giraffensprache Verlag an der Ruhr 2020; 56 Seiten, 21 cm x 15 cm  Altersempfehlung: ab 7 Jahre\" \/>\n<meta property=\"og:url\" content=\"https:\/\/conexbooks.de\/a\/shop\/produkt\/unsere-giraffen-kartei\/\" \/>\n<meta property=\"og:site_name\" content=\"Conex-Shop\" \/>\n<meta property=\"article:modified_time\" content=\"2023-09-06T19:09:30+00:00\" \/>\n<meta property=\"og:image\" content=\"https:\/\/conexbooks.de\/a\/shop\/wp-content\/uploads\/2023\/03\/074.png\" \/>\n\t<meta property=\"og:image:width\" content=\"283\" \/>\n\t<meta property=\"og:image:height\" content=\"400\" \/>\n\t<meta property=\"og:image:type\" content=\"image\/png\" \/>\n<meta name=\"twitter:card\" content=\"summary_large_image\" \/>\n<meta name=\"twitter:label1\" content=\"Gesch\u00e4tzte Lesezeit\" \/>\n\t<meta name=\"twitter:data1\" content=\"1\u00a0Minute\" \/>\n<script type=\"application\/ld+json\" class=\"yoast-schema-graph\">{\"@context\":\"https:\\\/\\\/schema.org\",\"@graph\":[{\"@type\":\"WebPage\",\"@id\":\"https:\\\/\\\/conexbooks.de\\\/a\\\/shop\\\/produkt\\\/unsere-giraffen-kartei\\\/\",\"url\":\"https:\\\/\\\/conexbooks.de\\\/a\\\/shop\\\/produkt\\\/unsere-giraffen-kartei\\\/\",\"name\":\"Unsere Giraffen-Kartei - Conex-Shop\",\"isPartOf\":{\"@id\":\"https:\\\/\\\/conexbooks.de\\\/a\\\/shop\\\/#website\"},\"primaryImageOfPage\":{\"@id\":\"https:\\\/\\\/conexbooks.de\\\/a\\\/shop\\\/produkt\\\/unsere-giraffen-kartei\\\/#primaryimage\"},\"image\":{\"@id\":\"https:\\\/\\\/conexbooks.de\\\/a\\\/shop\\\/produkt\\\/unsere-giraffen-kartei\\\/#primaryimage\"},\"thumbnailUrl\":\"https:\\\/\\\/conexbooks.de\\\/a\\\/shop\\\/wp-content\\\/uploads\\\/2023\\\/03\\\/074.png\",\"datePublished\":\"2023-03-09T12:56:51+00:00\",\"dateModified\":\"2023-09-06T19:09:30+00:00\",\"breadcrumb\":{\"@id\":\"https:\\\/\\\/conexbooks.de\\\/a\\\/shop\\\/produkt\\\/unsere-giraffen-kartei\\\/#breadcrumb\"},\"inLanguage\":\"de\",\"potentialAction\":[{\"@type\":\"ReadAction\",\"target\":[\"https:\\\/\\\/conexbooks.de\\\/a\\\/shop\\\/produkt\\\/unsere-giraffen-kartei\\\/\"]}]},{\"@type\":\"ImageObject\",\"inLanguage\":\"de\",\"@id\":\"https:\\\/\\\/conexbooks.de\\\/a\\\/shop\\\/produkt\\\/unsere-giraffen-kartei\\\/#primaryimage\",\"url\":\"https:\\\/\\\/conexbooks.de\\\/a\\\/shop\\\/wp-content\\\/uploads\\\/2023\\\/03\\\/074.png\",\"contentUrl\":\"https:\\\/\\\/conexbooks.de\\\/a\\\/shop\\\/wp-content\\\/uploads\\\/2023\\\/03\\\/074.png\",\"width\":283,\"height\":400},{\"@type\":\"BreadcrumbList\",\"@id\":\"https:\\\/\\\/conexbooks.de\\\/a\\\/shop\\\/produkt\\\/unsere-giraffen-kartei\\\/#breadcrumb\",\"itemListElement\":[{\"@type\":\"ListItem\",\"position\":1,\"name\":\"Home\",\"item\":\"https:\\\/\\\/conexbooks.de\\\/a\\\/shop\\\/\"},{\"@type\":\"ListItem\",\"position\":2,\"name\":\"Shop\",\"item\":\"https:\\\/\\\/conexbooks.de\\\/a\\\/shop\\\/shop\\\/\"},{\"@type\":\"ListItem\",\"position\":3,\"name\":\"Unsere Giraffen-Kartei\"}]},{\"@type\":\"WebSite\",\"@id\":\"https:\\\/\\\/conexbooks.de\\\/a\\\/shop\\\/#website\",\"url\":\"https:\\\/\\\/conexbooks.de\\\/a\\\/shop\\\/\",\"name\":\"Conex-Shop\",\"description\":\"Alles f\u00fcr die gewaltfreie Kommunikation: B\u00fccher, Spiele. Handpuppen Seminarmaterial und Geschenke\",\"publisher\":{\"@id\":\"https:\\\/\\\/conexbooks.de\\\/a\\\/shop\\\/#organization\"},\"potentialAction\":[{\"@type\":\"SearchAction\",\"target\":{\"@type\":\"EntryPoint\",\"urlTemplate\":\"https:\\\/\\\/conexbooks.de\\\/a\\\/shop\\\/?s={search_term_string}\"},\"query-input\":{\"@type\":\"PropertyValueSpecification\",\"valueRequired\":true,\"valueName\":\"search_term_string\"}}],\"inLanguage\":\"de\"},{\"@type\":\"Organization\",\"@id\":\"https:\\\/\\\/conexbooks.de\\\/a\\\/shop\\\/#organization\",\"name\":\"Conex - books and more\",\"url\":\"https:\\\/\\\/conexbooks.de\\\/a\\\/shop\\\/\",\"logo\":{\"@type\":\"ImageObject\",\"inLanguage\":\"de\",\"@id\":\"https:\\\/\\\/conexbooks.de\\\/a\\\/shop\\\/#\\\/schema\\\/logo\\\/image\\\/\",\"url\":\"https:\\\/\\\/conexbooks.de\\\/a\\\/shop\\\/wp-content\\\/uploads\\\/2017\\\/12\\\/co-logo.png\",\"contentUrl\":\"https:\\\/\\\/conexbooks.de\\\/a\\\/shop\\\/wp-content\\\/uploads\\\/2017\\\/12\\\/co-logo.png\",\"width\":243,\"height\":122,\"caption\":\"Conex - books and more\"},\"image\":{\"@id\":\"https:\\\/\\\/conexbooks.de\\\/a\\\/shop\\\/#\\\/schema\\\/logo\\\/image\\\/\"}}]}<\/script>\n<!-- \/ Yoast SEO plugin. -->","yoast_head_json":{"title":"Unsere Giraffen-Kartei - Conex-Shop","robots":{"index":"index","follow":"follow","max-snippet":"max-snippet:-1","max-image-preview":"max-image-preview:large","max-video-preview":"max-video-preview:-1"},"canonical":"https:\/\/conexbooks.de\/a\/shop\/produkt\/unsere-giraffen-kartei\/","og_locale":"de_DE","og_type":"article","og_title":"Unsere Giraffen-Kartei - Conex-Shop","og_description":"Simone W\u00f6lfel Kinder \u00fcben selbstst\u00e4ndig gewaltfreie Kommunikation mit der Giraffensprache Verlag an der Ruhr 2020; 56 Seiten, 21 cm x 15 cm  Altersempfehlung: ab 7 Jahre","og_url":"https:\/\/conexbooks.de\/a\/shop\/produkt\/unsere-giraffen-kartei\/","og_site_name":"Conex-Shop","article_modified_time":"2023-09-06T19:09:30+00:00","og_image":[{"width":283,"height":400,"url":"https:\/\/conexbooks.de\/a\/shop\/wp-content\/uploads\/2023\/03\/074.png","type":"image\/png"}],"twitter_card":"summary_large_image","twitter_misc":{"Gesch\u00e4tzte Lesezeit":"1\u00a0Minute"},"schema":{"@context":"https:\/\/schema.org","@graph":[{"@type":"WebPage","@id":"https:\/\/conexbooks.de\/a\/shop\/produkt\/unsere-giraffen-kartei\/","url":"https:\/\/conexbooks.de\/a\/shop\/produkt\/unsere-giraffen-kartei\/","name":"Unsere Giraffen-Kartei - Conex-Shop","isPartOf":{"@id":"https:\/\/conexbooks.de\/a\/shop\/#website"},"primaryImageOfPage":{"@id":"https:\/\/conexbooks.de\/a\/shop\/produkt\/unsere-giraffen-kartei\/#primaryimage"},"image":{"@id":"https:\/\/conexbooks.de\/a\/shop\/produkt\/unsere-giraffen-kartei\/#primaryimage"},"thumbnailUrl":"https:\/\/conexbooks.de\/a\/shop\/wp-content\/uploads\/2023\/03\/074.png","datePublished":"2023-03-09T12:56:51+00:00","dateModified":"2023-09-06T19:09:30+00:00","breadcrumb":{"@id":"https:\/\/conexbooks.de\/a\/shop\/produkt\/unsere-giraffen-kartei\/#breadcrumb"},"inLanguage":"de","potentialAction":[{"@type":"ReadAction","target":["https:\/\/conexbooks.de\/a\/shop\/produkt\/unsere-giraffen-kartei\/"]}]},{"@type":"ImageObject","inLanguage":"de","@id":"https:\/\/conexbooks.de\/a\/shop\/produkt\/unsere-giraffen-kartei\/#primaryimage","url":"https:\/\/conexbooks.de\/a\/shop\/wp-content\/uploads\/2023\/03\/074.png","contentUrl":"https:\/\/conexbooks.de\/a\/shop\/wp-content\/uploads\/2023\/03\/074.png","width":283,"height":400},{"@type":"BreadcrumbList","@id":"https:\/\/conexbooks.de\/a\/shop\/produkt\/unsere-giraffen-kartei\/#breadcrumb","itemListElement":[{"@type":"ListItem","position":1,"name":"Home","item":"https:\/\/conexbooks.de\/a\/shop\/"},{"@type":"ListItem","position":2,"name":"Shop","item":"https:\/\/conexbooks.de\/a\/shop\/shop\/"},{"@type":"ListItem","position":3,"name":"Unsere Giraffen-Kartei"}]},{"@type":"WebSite","@id":"https:\/\/conexbooks.de\/a\/shop\/#website","url":"https:\/\/conexbooks.de\/a\/shop\/","name":"Conex-Shop","description":"Alles f\u00fcr die gewaltfreie Kommunikation: B\u00fccher, Spiele. Handpuppen Seminarmaterial und Geschenke","publisher":{"@id":"https:\/\/conexbooks.de\/a\/shop\/#organization"},"potentialAction":[{"@type":"SearchAction","target":{"@type":"EntryPoint","urlTemplate":"https:\/\/conexbooks.de\/a\/shop\/?s={search_term_string}"},"query-input":{"@type":"PropertyValueSpecification","valueRequired":true,"valueName":"search_term_string"}}],"inLanguage":"de"},{"@type":"Organization","@id":"https:\/\/conexbooks.de\/a\/shop\/#organization","name":"Conex - books and more","url":"https:\/\/conexbooks.de\/a\/shop\/","logo":{"@type":"ImageObject","inLanguage":"de","@id":"https:\/\/conexbooks.de\/a\/shop\/#\/schema\/logo\/image\/","url":"https:\/\/conexbooks.de\/a\/shop\/wp-content\/uploads\/2017\/12\/co-logo.png","contentUrl":"https:\/\/conexbooks.de\/a\/shop\/wp-content\/uploads\/2017\/12\/co-logo.png","width":243,"height":122,"caption":"Conex - books and more"},"image":{"@id":"https:\/\/conexbooks.de\/a\/shop\/#\/schema\/logo\/image\/"}}]}},"_links":{"self":[{"href":"https:\/\/conexbooks.de\/a\/shop\/wp-json\/wp\/v2\/product\/19694","targetHints":{"allow":["GET"]}}],"collection":[{"href":"https:\/\/conexbooks.de\/a\/shop\/wp-json\/wp\/v2\/product"}],"about":[{"href":"https:\/\/conexbooks.de\/a\/shop\/wp-json\/wp\/v2\/types\/product"}],"wp:featuredmedia":[{"embeddable":true,"href":"https:\/\/conexbooks.de\/a\/shop\/wp-json\/wp\/v2\/media\/19695"}],"wp:attachment":[{"href":"https:\/\/conexbooks.de\/a\/shop\/wp-json\/wp\/v2\/media?parent=19694"}],"wp:term":[{"taxonomy":"product_brand","embeddable":true,"href":"https:\/\/conexbooks.de\/a\/shop\/wp-json\/wp\/v2\/product_brand?post=19694"},{"taxonomy":"product_cat","embeddable":true,"href":"https:\/\/conexbooks.de\/a\/shop\/wp-json\/wp\/v2\/product_cat?post=19694"},{"taxonomy":"product_tag","embeddable":true,"href":"https:\/\/conexbooks.de\/a\/shop\/wp-json\/wp\/v2\/product_tag?post=19694"}],"curies":[{"name":"wp","href":"https:\/\/api.w.org\/{rel}","templated":true}]}}