{"id":19871,"date":"2023-06-05T11:55:58","date_gmt":"2023-06-05T09:55:58","guid":{"rendered":"https:\/\/conexbooks.de\/a\/shop\/?post_type=product&#038;p=19871"},"modified":"2025-09-17T09:07:52","modified_gmt":"2025-09-17T07:07:52","slug":"gfk-zeitschrift-empathische-zeit-heft-2-2023","status":"publish","type":"product","link":"https:\/\/conexbooks.de\/a\/shop\/produkt\/gfk-zeitschrift-empathische-zeit-heft-2-2023\/","title":{"rendered":"GFK-Zeitschrift: Empathische Zeit; Heft 2\/2023"},"content":{"rendered":"<h3>Empathische Zeit<\/h3>\n<p>Schwerpunkt-Thema: <strong>\u201e<\/strong><strong>Am Pranger \u2013 Gefangen durch Schuld und Scham&#8220;<\/strong><\/p>\n<h2 class=\"product-addition-headline\">Beschreibung<\/h2>\n<div class=\"product-addition-content\">\n<p>Hier kommt die 35. Ausgabe des weltweit einzigen GFK-Magazins.<\/p>\n<p>Danke an alle KollegInnen, die sich dieses Themas angenommen haben.<\/p>\n<p>Daneben gibt es eine F\u00fclle weiterer interessanter Berichte.<br \/>\nUnter anderem informieren wir \u00fcber<br \/>\n\u2022 die Organisation eines GFK-Tags<br \/>\n\u2022 Sommerurlaub mit Giraffen<br \/>\n\u2022 Neuigkeiten aus den Netzwerken<br \/>\n\u2022 ein Praktikum bei einer GFK-Trainerin<br \/>\n\u2022 Wenn-Dann-Pl\u00e4ne: Damit gute Vors\u00e4tze nicht an der Umsetzung scheitern<br \/>\n\u2022 Ein GFK-Training in S\u00fcdsudan<br \/>\n\u2022 Dopamin und das Grundbed\u00fcrfnis nach Entwicklung<br \/>\n\u2022 Die Entstehung des GFK-Tanzparketts vor 25 Jahren<br \/>\n\u2022 Die sch\u00f6nsten Irrt\u00fcmer \u00fcber die Gewaltfreie Kommunikation (12)<\/p>\n<p>AutorInnen dieser Ausgabe sind u.a.<br \/>\nBieke Meller und Dr. Uwe Kr\u00fcger, Sabine Faust, J\u00fcrgen Engel, Dr. Gerhard Rothhaupt, Vanessa Horstmann, Dr. Gitta Zimmermann, Dr. Stephanie Schnichels, Klaudia Sch\u00e4fer, Al Weckert, Dr. Martin Horstmann, Marina Stege, Volkmar Richter, Andrea Hinse-Petershans, Hanna Sch\u00fcrk\u00e4mper, Iris Bawidamann, Claudia Coers, Melanie Bieber, Lorna Ritchie und Gabriele Lindemann.<\/p>\n<p>Unser Dank gilt Kirsten Glatzer f\u00fcrs Korrekturlesen und unserem Art Director Michael von Hartz.<\/p>\n<\/div>\n<p><a href=\"https:\/\/conexbooks.de\/a\/shop\/produkt-kategorie\/empathische-zeitschrift\/\">Alle Emphatische Zeit Hefte anschauen<\/a><\/p>\n<div id='1' class='widgets_on_page wop_tiny1  wop_small1  wop_medium1  wop_large1  wop_wide1'>\n\t\t\t<ul><li id=\"custom_html-4\" class=\"widget_text widget widget_custom_html\"><div class=\"textwidget custom-html-widget\"><div style=\"text-align:left;\">\r\n<button class = \"button\" style=\"height: 30px; font-size: 0.8em;\" name=\"zuruck\" type=\"button\" onclick=\"history.back()\">Zur\u00fcck zur \u00dcbersicht<\/button><\/div><\/div><\/li><\/ul><\/div><!-- widgets_on_page -->\n","protected":false},"excerpt":{"rendered":"<h3>Magazin f\u00fcr Konfliktl\u00f6sung und sozialen Wandel<\/h3>\n<h4><strong>\u201eAm Pranger \u2013 Gefangen durch Schuld und Scham&#8220;<br \/>\n<\/strong><\/h4>\n<h4>Heft 2\/2023; 72 Seiten (35. Ausgabe)<\/h4>\n<p>erschienen bei Empathikon.de<\/p>\n<p>Gem\u00e4\u00df Fernhandelsgesetz sind Zeitungen und Zeitschriften vom Umtausch ausgeschlossen.<\/p>\n","protected":false},"featured_media":19872,"template":"","meta":[],"product_brand":[],"product_cat":[57,39],"product_tag":[503,504,207,443,505,114],"class_list":{"0":"post-19871","1":"product","2":"type-product","3":"status-publish","4":"has-post-thumbnail","6":"product_cat-empathische-zeitschrift","7":"product_cat-persoenliche-entwicklung","8":"product_tag-ja-hinter-einem-nein","9":"product_tag-netzwerken","10":"product_tag-systemisches-konsensieren","11":"product_tag-ukraine-krieg","12":"product_tag-uneledigte-dinge","13":"product_tag-zeitschrift","15":"first","16":"instock","17":"shipping-taxable","18":"purchasable","19":"product-type-simple"},"yoast_head":"<!-- This site is optimized with the Yoast SEO plugin v27.4 - https:\/\/yoast.com\/product\/yoast-seo-wordpress\/ -->\n<title>GFK-Zeitschrift: Empathische Zeit; Heft 2\/2023 - Conex-Shop<\/title>\n<meta name=\"robots\" content=\"index, follow, max-snippet:-1, max-image-preview:large, max-video-preview:-1\" \/>\n<link rel=\"canonical\" href=\"https:\/\/conexbooks.de\/a\/shop\/produkt\/gfk-zeitschrift-empathische-zeit-heft-2-2023\/\" \/>\n<meta property=\"og:locale\" content=\"de_DE\" \/>\n<meta property=\"og:type\" content=\"article\" \/>\n<meta property=\"og:title\" content=\"GFK-Zeitschrift: Empathische Zeit; Heft 2\/2023 - Conex-Shop\" \/>\n<meta property=\"og:description\" content=\"Magazin f\u00fcr Konfliktl\u00f6sung und sozialen Wandel \u201eAm Pranger \u2013 Gefangen durch Schuld und Scham&quot;  Heft 2\/2023; 72 Seiten (35. Ausgabe) erschienen bei Empathikon.de  Gem\u00e4\u00df Fernhandelsgesetz sind Zeitungen und Zeitschriften vom Umtausch ausgeschlossen.\" \/>\n<meta property=\"og:url\" content=\"https:\/\/conexbooks.de\/a\/shop\/produkt\/gfk-zeitschrift-empathische-zeit-heft-2-2023\/\" \/>\n<meta property=\"og:site_name\" content=\"Conex-Shop\" \/>\n<meta property=\"article:modified_time\" content=\"2025-09-17T07:07:52+00:00\" \/>\n<meta property=\"og:image\" content=\"https:\/\/conexbooks.de\/a\/shop\/wp-content\/uploads\/2023\/06\/773.png\" \/>\n\t<meta property=\"og:image:width\" content=\"284\" \/>\n\t<meta property=\"og:image:height\" content=\"400\" \/>\n\t<meta property=\"og:image:type\" content=\"image\/png\" \/>\n<meta name=\"twitter:card\" content=\"summary_large_image\" \/>\n<meta name=\"twitter:label1\" content=\"Gesch\u00e4tzte Lesezeit\" \/>\n\t<meta name=\"twitter:data1\" content=\"1\u00a0Minute\" \/>\n<script type=\"application\/ld+json\" class=\"yoast-schema-graph\">{\"@context\":\"https:\\\/\\\/schema.org\",\"@graph\":[{\"@type\":\"WebPage\",\"@id\":\"https:\\\/\\\/conexbooks.de\\\/a\\\/shop\\\/produkt\\\/gfk-zeitschrift-empathische-zeit-heft-2-2023\\\/\",\"url\":\"https:\\\/\\\/conexbooks.de\\\/a\\\/shop\\\/produkt\\\/gfk-zeitschrift-empathische-zeit-heft-2-2023\\\/\",\"name\":\"GFK-Zeitschrift: Empathische Zeit; Heft 2\\\/2023 - Conex-Shop\",\"isPartOf\":{\"@id\":\"https:\\\/\\\/conexbooks.de\\\/a\\\/shop\\\/#website\"},\"primaryImageOfPage\":{\"@id\":\"https:\\\/\\\/conexbooks.de\\\/a\\\/shop\\\/produkt\\\/gfk-zeitschrift-empathische-zeit-heft-2-2023\\\/#primaryimage\"},\"image\":{\"@id\":\"https:\\\/\\\/conexbooks.de\\\/a\\\/shop\\\/produkt\\\/gfk-zeitschrift-empathische-zeit-heft-2-2023\\\/#primaryimage\"},\"thumbnailUrl\":\"https:\\\/\\\/conexbooks.de\\\/a\\\/shop\\\/wp-content\\\/uploads\\\/2023\\\/06\\\/773.png\",\"datePublished\":\"2023-06-05T09:55:58+00:00\",\"dateModified\":\"2025-09-17T07:07:52+00:00\",\"breadcrumb\":{\"@id\":\"https:\\\/\\\/conexbooks.de\\\/a\\\/shop\\\/produkt\\\/gfk-zeitschrift-empathische-zeit-heft-2-2023\\\/#breadcrumb\"},\"inLanguage\":\"de\",\"potentialAction\":[{\"@type\":\"ReadAction\",\"target\":[\"https:\\\/\\\/conexbooks.de\\\/a\\\/shop\\\/produkt\\\/gfk-zeitschrift-empathische-zeit-heft-2-2023\\\/\"]}]},{\"@type\":\"ImageObject\",\"inLanguage\":\"de\",\"@id\":\"https:\\\/\\\/conexbooks.de\\\/a\\\/shop\\\/produkt\\\/gfk-zeitschrift-empathische-zeit-heft-2-2023\\\/#primaryimage\",\"url\":\"https:\\\/\\\/conexbooks.de\\\/a\\\/shop\\\/wp-content\\\/uploads\\\/2023\\\/06\\\/773.png\",\"contentUrl\":\"https:\\\/\\\/conexbooks.de\\\/a\\\/shop\\\/wp-content\\\/uploads\\\/2023\\\/06\\\/773.png\",\"width\":284,\"height\":400},{\"@type\":\"BreadcrumbList\",\"@id\":\"https:\\\/\\\/conexbooks.de\\\/a\\\/shop\\\/produkt\\\/gfk-zeitschrift-empathische-zeit-heft-2-2023\\\/#breadcrumb\",\"itemListElement\":[{\"@type\":\"ListItem\",\"position\":1,\"name\":\"Home\",\"item\":\"https:\\\/\\\/conexbooks.de\\\/a\\\/shop\\\/\"},{\"@type\":\"ListItem\",\"position\":2,\"name\":\"Shop\",\"item\":\"https:\\\/\\\/conexbooks.de\\\/a\\\/shop\\\/shop\\\/\"},{\"@type\":\"ListItem\",\"position\":3,\"name\":\"GFK-Zeitschrift: Empathische Zeit; Heft 2\\\/2023\"}]},{\"@type\":\"WebSite\",\"@id\":\"https:\\\/\\\/conexbooks.de\\\/a\\\/shop\\\/#website\",\"url\":\"https:\\\/\\\/conexbooks.de\\\/a\\\/shop\\\/\",\"name\":\"Conex-Shop\",\"description\":\"Alles f\u00fcr die gewaltfreie Kommunikation: B\u00fccher, Spiele. Handpuppen Seminarmaterial und Geschenke\",\"publisher\":{\"@id\":\"https:\\\/\\\/conexbooks.de\\\/a\\\/shop\\\/#organization\"},\"potentialAction\":[{\"@type\":\"SearchAction\",\"target\":{\"@type\":\"EntryPoint\",\"urlTemplate\":\"https:\\\/\\\/conexbooks.de\\\/a\\\/shop\\\/?s={search_term_string}\"},\"query-input\":{\"@type\":\"PropertyValueSpecification\",\"valueRequired\":true,\"valueName\":\"search_term_string\"}}],\"inLanguage\":\"de\"},{\"@type\":\"Organization\",\"@id\":\"https:\\\/\\\/conexbooks.de\\\/a\\\/shop\\\/#organization\",\"name\":\"Conex - books and more\",\"url\":\"https:\\\/\\\/conexbooks.de\\\/a\\\/shop\\\/\",\"logo\":{\"@type\":\"ImageObject\",\"inLanguage\":\"de\",\"@id\":\"https:\\\/\\\/conexbooks.de\\\/a\\\/shop\\\/#\\\/schema\\\/logo\\\/image\\\/\",\"url\":\"https:\\\/\\\/conexbooks.de\\\/a\\\/shop\\\/wp-content\\\/uploads\\\/2017\\\/12\\\/co-logo.png\",\"contentUrl\":\"https:\\\/\\\/conexbooks.de\\\/a\\\/shop\\\/wp-content\\\/uploads\\\/2017\\\/12\\\/co-logo.png\",\"width\":243,\"height\":122,\"caption\":\"Conex - books and more\"},\"image\":{\"@id\":\"https:\\\/\\\/conexbooks.de\\\/a\\\/shop\\\/#\\\/schema\\\/logo\\\/image\\\/\"}}]}<\/script>\n<!-- \/ Yoast SEO plugin. -->","yoast_head_json":{"title":"GFK-Zeitschrift: Empathische Zeit; Heft 2\/2023 - Conex-Shop","robots":{"index":"index","follow":"follow","max-snippet":"max-snippet:-1","max-image-preview":"max-image-preview:large","max-video-preview":"max-video-preview:-1"},"canonical":"https:\/\/conexbooks.de\/a\/shop\/produkt\/gfk-zeitschrift-empathische-zeit-heft-2-2023\/","og_locale":"de_DE","og_type":"article","og_title":"GFK-Zeitschrift: Empathische Zeit; Heft 2\/2023 - Conex-Shop","og_description":"Magazin f\u00fcr Konfliktl\u00f6sung und sozialen Wandel \u201eAm Pranger \u2013 Gefangen durch Schuld und Scham\"  Heft 2\/2023; 72 Seiten (35. Ausgabe) erschienen bei Empathikon.de  Gem\u00e4\u00df Fernhandelsgesetz sind Zeitungen und Zeitschriften vom Umtausch ausgeschlossen.","og_url":"https:\/\/conexbooks.de\/a\/shop\/produkt\/gfk-zeitschrift-empathische-zeit-heft-2-2023\/","og_site_name":"Conex-Shop","article_modified_time":"2025-09-17T07:07:52+00:00","og_image":[{"width":284,"height":400,"url":"https:\/\/conexbooks.de\/a\/shop\/wp-content\/uploads\/2023\/06\/773.png","type":"image\/png"}],"twitter_card":"summary_large_image","twitter_misc":{"Gesch\u00e4tzte Lesezeit":"1\u00a0Minute"},"schema":{"@context":"https:\/\/schema.org","@graph":[{"@type":"WebPage","@id":"https:\/\/conexbooks.de\/a\/shop\/produkt\/gfk-zeitschrift-empathische-zeit-heft-2-2023\/","url":"https:\/\/conexbooks.de\/a\/shop\/produkt\/gfk-zeitschrift-empathische-zeit-heft-2-2023\/","name":"GFK-Zeitschrift: Empathische Zeit; Heft 2\/2023 - Conex-Shop","isPartOf":{"@id":"https:\/\/conexbooks.de\/a\/shop\/#website"},"primaryImageOfPage":{"@id":"https:\/\/conexbooks.de\/a\/shop\/produkt\/gfk-zeitschrift-empathische-zeit-heft-2-2023\/#primaryimage"},"image":{"@id":"https:\/\/conexbooks.de\/a\/shop\/produkt\/gfk-zeitschrift-empathische-zeit-heft-2-2023\/#primaryimage"},"thumbnailUrl":"https:\/\/conexbooks.de\/a\/shop\/wp-content\/uploads\/2023\/06\/773.png","datePublished":"2023-06-05T09:55:58+00:00","dateModified":"2025-09-17T07:07:52+00:00","breadcrumb":{"@id":"https:\/\/conexbooks.de\/a\/shop\/produkt\/gfk-zeitschrift-empathische-zeit-heft-2-2023\/#breadcrumb"},"inLanguage":"de","potentialAction":[{"@type":"ReadAction","target":["https:\/\/conexbooks.de\/a\/shop\/produkt\/gfk-zeitschrift-empathische-zeit-heft-2-2023\/"]}]},{"@type":"ImageObject","inLanguage":"de","@id":"https:\/\/conexbooks.de\/a\/shop\/produkt\/gfk-zeitschrift-empathische-zeit-heft-2-2023\/#primaryimage","url":"https:\/\/conexbooks.de\/a\/shop\/wp-content\/uploads\/2023\/06\/773.png","contentUrl":"https:\/\/conexbooks.de\/a\/shop\/wp-content\/uploads\/2023\/06\/773.png","width":284,"height":400},{"@type":"BreadcrumbList","@id":"https:\/\/conexbooks.de\/a\/shop\/produkt\/gfk-zeitschrift-empathische-zeit-heft-2-2023\/#breadcrumb","itemListElement":[{"@type":"ListItem","position":1,"name":"Home","item":"https:\/\/conexbooks.de\/a\/shop\/"},{"@type":"ListItem","position":2,"name":"Shop","item":"https:\/\/conexbooks.de\/a\/shop\/shop\/"},{"@type":"ListItem","position":3,"name":"GFK-Zeitschrift: Empathische Zeit; Heft 2\/2023"}]},{"@type":"WebSite","@id":"https:\/\/conexbooks.de\/a\/shop\/#website","url":"https:\/\/conexbooks.de\/a\/shop\/","name":"Conex-Shop","description":"Alles f\u00fcr die gewaltfreie Kommunikation: B\u00fccher, Spiele. Handpuppen Seminarmaterial und Geschenke","publisher":{"@id":"https:\/\/conexbooks.de\/a\/shop\/#organization"},"potentialAction":[{"@type":"SearchAction","target":{"@type":"EntryPoint","urlTemplate":"https:\/\/conexbooks.de\/a\/shop\/?s={search_term_string}"},"query-input":{"@type":"PropertyValueSpecification","valueRequired":true,"valueName":"search_term_string"}}],"inLanguage":"de"},{"@type":"Organization","@id":"https:\/\/conexbooks.de\/a\/shop\/#organization","name":"Conex - books and more","url":"https:\/\/conexbooks.de\/a\/shop\/","logo":{"@type":"ImageObject","inLanguage":"de","@id":"https:\/\/conexbooks.de\/a\/shop\/#\/schema\/logo\/image\/","url":"https:\/\/conexbooks.de\/a\/shop\/wp-content\/uploads\/2017\/12\/co-logo.png","contentUrl":"https:\/\/conexbooks.de\/a\/shop\/wp-content\/uploads\/2017\/12\/co-logo.png","width":243,"height":122,"caption":"Conex - books and more"},"image":{"@id":"https:\/\/conexbooks.de\/a\/shop\/#\/schema\/logo\/image\/"}}]}},"_links":{"self":[{"href":"https:\/\/conexbooks.de\/a\/shop\/wp-json\/wp\/v2\/product\/19871","targetHints":{"allow":["GET"]}}],"collection":[{"href":"https:\/\/conexbooks.de\/a\/shop\/wp-json\/wp\/v2\/product"}],"about":[{"href":"https:\/\/conexbooks.de\/a\/shop\/wp-json\/wp\/v2\/types\/product"}],"wp:featuredmedia":[{"embeddable":true,"href":"https:\/\/conexbooks.de\/a\/shop\/wp-json\/wp\/v2\/media\/19872"}],"wp:attachment":[{"href":"https:\/\/conexbooks.de\/a\/shop\/wp-json\/wp\/v2\/media?parent=19871"}],"wp:term":[{"taxonomy":"product_brand","embeddable":true,"href":"https:\/\/conexbooks.de\/a\/shop\/wp-json\/wp\/v2\/product_brand?post=19871"},{"taxonomy":"product_cat","embeddable":true,"href":"https:\/\/conexbooks.de\/a\/shop\/wp-json\/wp\/v2\/product_cat?post=19871"},{"taxonomy":"product_tag","embeddable":true,"href":"https:\/\/conexbooks.de\/a\/shop\/wp-json\/wp\/v2\/product_tag?post=19871"}],"curies":[{"name":"wp","href":"https:\/\/api.w.org\/{rel}","templated":true}]}}