{"id":19941,"date":"2023-07-13T19:18:13","date_gmt":"2023-07-13T17:18:13","guid":{"rendered":"https:\/\/conexbooks.de\/a\/shop\/?post_type=product&#038;p=19941"},"modified":"2026-03-05T18:45:54","modified_gmt":"2026-03-05T17:45:54","slug":"trainingsbuch-zur-beduerfnis-tankstelle","status":"publish","type":"product","link":"https:\/\/conexbooks.de\/a\/shop\/produkt\/trainingsbuch-zur-beduerfnis-tankstelle\/","title":{"rendered":"Trainingsbuch zur \u00abBed\u00fcrfnis-Tankstelle\u00bb"},"content":{"rendered":"<div class=\"row justify-content-center align-center\">\n<div class=\"col-xl-8 col-lg-10\">\n<h2 class=\"subtitle\">Trainingsbuch zur \u00abBed\u00fcrfnis-Tankstelle\u00bb<\/h2>\n<h4>von Uschi Kellenberger<\/h4>\n<p class=\"subtitle\"><strong>Dieses Trainingsbuch unterst\u00fctzt Sie im Lernprozess der Gewaltfreien Kommunikation.<\/strong><\/p>\n<\/div>\n<\/div>\n<div class=\"row justify-content-center\">\n<div class=\"col-xl-8 col-lg-10\">\n<div class=\"content\">\n<p>Es dient als Begleitheft zum Buch \u00abBed\u00fcrfnis-Tankstelle\u00bb und l\u00e4dt Sie ein, sich mit den eigenen Bed\u00fcrfnissen zu besch\u00e4ftigen und aus \u00fcber 500 Strategien die f\u00fcr Sie idealen Strategien zu finden. Es ist eine Vertiefung und Verinnerlichung der Schl\u00fcsselkompetenz zwischen einem Bed\u00fcrfnis und einer Strategie, m\u00f6chte ein tieferes Verst\u00e4ndnis bewirken und ist f\u00fcr das Selbststudium geeignet.<br \/>\nMit diesem Trainingsbuch k\u00f6nnen Sie nun tiefer in diese Unterscheidung eintauchen und sie gr\u00fcndlich verstehen. Es soll dazu dienen, die erzielten Ergebnisse zu dokumentieren, um so, bei Bedarf, als Nachschlagewerk zur Hand genommen zu werden. Sie k\u00f6nnen sich im eigenen Tempo auf ein bestimmtes Bed\u00fcrfnis konzentrieren und verschiedene Strategien ausprobieren. Dabei finden sie heraus, welche f\u00fcr Sie am besten funktioniert und sich am leichtesten in den eigenen Alltag einf\u00fcgt. Es gilt ebenfalls zu \u00fcberpr\u00fcfen: Sind Ihre gewohnheitsm\u00e4ssigen Strategien liebevoll-f\u00fcrsorglich und langfristig lebensdienlich oder eher destruktiv oder kontraproduktiv im Konflikt mit anderen Bed\u00fcrfnissen.<\/p>\n<\/div>\n<\/div>\n<\/div>\n","protected":false},"excerpt":{"rendered":"<div class=\"row justify-content-center align-center\">\n<div class=\"col-xl-8 col-lg-10\">\n<h3 class=\"prod-title\">Trainingsbuch zur \u00abBed\u00fcrfnis-Tankstelle\u00bb<\/h3>\n<\/div>\n<\/div>\n<div class=\"row justify-content-center\">\n<div class=\"col-xl-8 col-lg-10\">\n<div class=\"content\">\n<p>Dieses Trainingsbuch unterst\u00fctzt Sie im Lernprozess der Gewaltfreien Kommunikation.<\/p>\n<p>erschienen bei Empathie-Werkstatt: Juli 2023,<br \/>\n36 Seiten, broschiert,<br \/>\nFormat: Quadrat (210 \u00d7 210 mm)<\/p>\n<p>&nbsp;<\/p>\n<\/div>\n<\/div>\n<\/div>\n","protected":false},"featured_media":19952,"template":"","meta":[],"product_brand":[],"product_cat":[482,40,629,53],"product_tag":[229,70,535,436,534,533,272],"class_list":{"0":"post-19941","1":"product","2":"type-product","3":"status-publish","4":"has-post-thumbnail","6":"product_cat-buecher","7":"product_cat-grundlagen","8":"product_cat-ukellenberger","9":"product_cat-neu","10":"product_tag-anwendung-der-gfk","11":"product_tag-gfk-praxistauglich","12":"product_tag-gfk-selbststudium","13":"product_tag-gfk-vertiefung","14":"product_tag-strategie-ideen","15":"product_tag-trainingsbuch","16":"product_tag-uebungsheft","18":"first","19":"instock","20":"sale","21":"shipping-taxable","22":"purchasable","23":"product-type-simple"},"yoast_head":"<!-- This site is optimized with the Yoast SEO plugin v27.3 - https:\/\/yoast.com\/product\/yoast-seo-wordpress\/ -->\n<title>Trainingsbuch zur \u00abBed\u00fcrfnis-Tankstelle\u00bb - Conex-Shop<\/title>\n<meta name=\"robots\" content=\"index, follow, max-snippet:-1, max-image-preview:large, max-video-preview:-1\" \/>\n<link rel=\"canonical\" href=\"https:\/\/conexbooks.de\/a\/shop\/produkt\/trainingsbuch-zur-beduerfnis-tankstelle\/\" \/>\n<meta property=\"og:locale\" content=\"de_DE\" \/>\n<meta property=\"og:type\" content=\"article\" \/>\n<meta property=\"og:title\" content=\"Trainingsbuch zur \u00abBed\u00fcrfnis-Tankstelle\u00bb - Conex-Shop\" \/>\n<meta property=\"og:description\" content=\"Trainingsbuch zur \u00abBed\u00fcrfnis-Tankstelle\u00bb       Dieses Trainingsbuch unterst\u00fctzt Sie im Lernprozess der Gewaltfreien Kommunikation.  erschienen bei Empathie-Werkstatt: Juli 2023, 36 Seiten, broschiert, Format: Quadrat (210 \u00d7 210 mm)  &nbsp;\" \/>\n<meta property=\"og:url\" content=\"https:\/\/conexbooks.de\/a\/shop\/produkt\/trainingsbuch-zur-beduerfnis-tankstelle\/\" \/>\n<meta property=\"og:site_name\" content=\"Conex-Shop\" \/>\n<meta property=\"article:modified_time\" content=\"2026-03-05T17:45:54+00:00\" \/>\n<meta property=\"og:image\" content=\"https:\/\/conexbooks.de\/a\/shop\/wp-content\/uploads\/2023\/07\/774.png\" \/>\n\t<meta property=\"og:image:width\" content=\"497\" \/>\n\t<meta property=\"og:image:height\" content=\"400\" \/>\n\t<meta property=\"og:image:type\" content=\"image\/png\" \/>\n<meta name=\"twitter:card\" content=\"summary_large_image\" \/>\n<meta name=\"twitter:label1\" content=\"Gesch\u00e4tzte Lesezeit\" \/>\n\t<meta name=\"twitter:data1\" content=\"2\u00a0Minuten\" \/>\n<script type=\"application\/ld+json\" class=\"yoast-schema-graph\">{\"@context\":\"https:\\\/\\\/schema.org\",\"@graph\":[{\"@type\":\"WebPage\",\"@id\":\"https:\\\/\\\/conexbooks.de\\\/a\\\/shop\\\/produkt\\\/trainingsbuch-zur-beduerfnis-tankstelle\\\/\",\"url\":\"https:\\\/\\\/conexbooks.de\\\/a\\\/shop\\\/produkt\\\/trainingsbuch-zur-beduerfnis-tankstelle\\\/\",\"name\":\"Trainingsbuch zur \u00abBed\u00fcrfnis-Tankstelle\u00bb - Conex-Shop\",\"isPartOf\":{\"@id\":\"https:\\\/\\\/conexbooks.de\\\/a\\\/shop\\\/#website\"},\"primaryImageOfPage\":{\"@id\":\"https:\\\/\\\/conexbooks.de\\\/a\\\/shop\\\/produkt\\\/trainingsbuch-zur-beduerfnis-tankstelle\\\/#primaryimage\"},\"image\":{\"@id\":\"https:\\\/\\\/conexbooks.de\\\/a\\\/shop\\\/produkt\\\/trainingsbuch-zur-beduerfnis-tankstelle\\\/#primaryimage\"},\"thumbnailUrl\":\"https:\\\/\\\/conexbooks.de\\\/a\\\/shop\\\/wp-content\\\/uploads\\\/2023\\\/07\\\/774.png\",\"datePublished\":\"2023-07-13T17:18:13+00:00\",\"dateModified\":\"2026-03-05T17:45:54+00:00\",\"breadcrumb\":{\"@id\":\"https:\\\/\\\/conexbooks.de\\\/a\\\/shop\\\/produkt\\\/trainingsbuch-zur-beduerfnis-tankstelle\\\/#breadcrumb\"},\"inLanguage\":\"de\",\"potentialAction\":[{\"@type\":\"ReadAction\",\"target\":[\"https:\\\/\\\/conexbooks.de\\\/a\\\/shop\\\/produkt\\\/trainingsbuch-zur-beduerfnis-tankstelle\\\/\"]}]},{\"@type\":\"ImageObject\",\"inLanguage\":\"de\",\"@id\":\"https:\\\/\\\/conexbooks.de\\\/a\\\/shop\\\/produkt\\\/trainingsbuch-zur-beduerfnis-tankstelle\\\/#primaryimage\",\"url\":\"https:\\\/\\\/conexbooks.de\\\/a\\\/shop\\\/wp-content\\\/uploads\\\/2023\\\/07\\\/774.png\",\"contentUrl\":\"https:\\\/\\\/conexbooks.de\\\/a\\\/shop\\\/wp-content\\\/uploads\\\/2023\\\/07\\\/774.png\",\"width\":497,\"height\":400},{\"@type\":\"BreadcrumbList\",\"@id\":\"https:\\\/\\\/conexbooks.de\\\/a\\\/shop\\\/produkt\\\/trainingsbuch-zur-beduerfnis-tankstelle\\\/#breadcrumb\",\"itemListElement\":[{\"@type\":\"ListItem\",\"position\":1,\"name\":\"Home\",\"item\":\"https:\\\/\\\/conexbooks.de\\\/a\\\/shop\\\/\"},{\"@type\":\"ListItem\",\"position\":2,\"name\":\"Shop\",\"item\":\"https:\\\/\\\/conexbooks.de\\\/a\\\/shop\\\/shop\\\/\"},{\"@type\":\"ListItem\",\"position\":3,\"name\":\"Trainingsbuch zur \u00abBed\u00fcrfnis-Tankstelle\u00bb\"}]},{\"@type\":\"WebSite\",\"@id\":\"https:\\\/\\\/conexbooks.de\\\/a\\\/shop\\\/#website\",\"url\":\"https:\\\/\\\/conexbooks.de\\\/a\\\/shop\\\/\",\"name\":\"Conex-Shop\",\"description\":\"Alles f\u00fcr die gewaltfreie Kommunikation: B\u00fccher, Spiele. Handpuppen Seminarmaterial und Geschenke\",\"publisher\":{\"@id\":\"https:\\\/\\\/conexbooks.de\\\/a\\\/shop\\\/#organization\"},\"potentialAction\":[{\"@type\":\"SearchAction\",\"target\":{\"@type\":\"EntryPoint\",\"urlTemplate\":\"https:\\\/\\\/conexbooks.de\\\/a\\\/shop\\\/?s={search_term_string}\"},\"query-input\":{\"@type\":\"PropertyValueSpecification\",\"valueRequired\":true,\"valueName\":\"search_term_string\"}}],\"inLanguage\":\"de\"},{\"@type\":\"Organization\",\"@id\":\"https:\\\/\\\/conexbooks.de\\\/a\\\/shop\\\/#organization\",\"name\":\"Conex - books and more\",\"url\":\"https:\\\/\\\/conexbooks.de\\\/a\\\/shop\\\/\",\"logo\":{\"@type\":\"ImageObject\",\"inLanguage\":\"de\",\"@id\":\"https:\\\/\\\/conexbooks.de\\\/a\\\/shop\\\/#\\\/schema\\\/logo\\\/image\\\/\",\"url\":\"https:\\\/\\\/conexbooks.de\\\/a\\\/shop\\\/wp-content\\\/uploads\\\/2017\\\/12\\\/co-logo.png\",\"contentUrl\":\"https:\\\/\\\/conexbooks.de\\\/a\\\/shop\\\/wp-content\\\/uploads\\\/2017\\\/12\\\/co-logo.png\",\"width\":243,\"height\":122,\"caption\":\"Conex - books and more\"},\"image\":{\"@id\":\"https:\\\/\\\/conexbooks.de\\\/a\\\/shop\\\/#\\\/schema\\\/logo\\\/image\\\/\"}}]}<\/script>\n<!-- \/ Yoast SEO plugin. -->","yoast_head_json":{"title":"Trainingsbuch zur \u00abBed\u00fcrfnis-Tankstelle\u00bb - Conex-Shop","robots":{"index":"index","follow":"follow","max-snippet":"max-snippet:-1","max-image-preview":"max-image-preview:large","max-video-preview":"max-video-preview:-1"},"canonical":"https:\/\/conexbooks.de\/a\/shop\/produkt\/trainingsbuch-zur-beduerfnis-tankstelle\/","og_locale":"de_DE","og_type":"article","og_title":"Trainingsbuch zur \u00abBed\u00fcrfnis-Tankstelle\u00bb - Conex-Shop","og_description":"Trainingsbuch zur \u00abBed\u00fcrfnis-Tankstelle\u00bb       Dieses Trainingsbuch unterst\u00fctzt Sie im Lernprozess der Gewaltfreien Kommunikation.  erschienen bei Empathie-Werkstatt: Juli 2023, 36 Seiten, broschiert, Format: Quadrat (210 \u00d7 210 mm)  &nbsp;","og_url":"https:\/\/conexbooks.de\/a\/shop\/produkt\/trainingsbuch-zur-beduerfnis-tankstelle\/","og_site_name":"Conex-Shop","article_modified_time":"2026-03-05T17:45:54+00:00","og_image":[{"width":497,"height":400,"url":"https:\/\/conexbooks.de\/a\/shop\/wp-content\/uploads\/2023\/07\/774.png","type":"image\/png"}],"twitter_card":"summary_large_image","twitter_misc":{"Gesch\u00e4tzte Lesezeit":"2\u00a0Minuten"},"schema":{"@context":"https:\/\/schema.org","@graph":[{"@type":"WebPage","@id":"https:\/\/conexbooks.de\/a\/shop\/produkt\/trainingsbuch-zur-beduerfnis-tankstelle\/","url":"https:\/\/conexbooks.de\/a\/shop\/produkt\/trainingsbuch-zur-beduerfnis-tankstelle\/","name":"Trainingsbuch zur \u00abBed\u00fcrfnis-Tankstelle\u00bb - Conex-Shop","isPartOf":{"@id":"https:\/\/conexbooks.de\/a\/shop\/#website"},"primaryImageOfPage":{"@id":"https:\/\/conexbooks.de\/a\/shop\/produkt\/trainingsbuch-zur-beduerfnis-tankstelle\/#primaryimage"},"image":{"@id":"https:\/\/conexbooks.de\/a\/shop\/produkt\/trainingsbuch-zur-beduerfnis-tankstelle\/#primaryimage"},"thumbnailUrl":"https:\/\/conexbooks.de\/a\/shop\/wp-content\/uploads\/2023\/07\/774.png","datePublished":"2023-07-13T17:18:13+00:00","dateModified":"2026-03-05T17:45:54+00:00","breadcrumb":{"@id":"https:\/\/conexbooks.de\/a\/shop\/produkt\/trainingsbuch-zur-beduerfnis-tankstelle\/#breadcrumb"},"inLanguage":"de","potentialAction":[{"@type":"ReadAction","target":["https:\/\/conexbooks.de\/a\/shop\/produkt\/trainingsbuch-zur-beduerfnis-tankstelle\/"]}]},{"@type":"ImageObject","inLanguage":"de","@id":"https:\/\/conexbooks.de\/a\/shop\/produkt\/trainingsbuch-zur-beduerfnis-tankstelle\/#primaryimage","url":"https:\/\/conexbooks.de\/a\/shop\/wp-content\/uploads\/2023\/07\/774.png","contentUrl":"https:\/\/conexbooks.de\/a\/shop\/wp-content\/uploads\/2023\/07\/774.png","width":497,"height":400},{"@type":"BreadcrumbList","@id":"https:\/\/conexbooks.de\/a\/shop\/produkt\/trainingsbuch-zur-beduerfnis-tankstelle\/#breadcrumb","itemListElement":[{"@type":"ListItem","position":1,"name":"Home","item":"https:\/\/conexbooks.de\/a\/shop\/"},{"@type":"ListItem","position":2,"name":"Shop","item":"https:\/\/conexbooks.de\/a\/shop\/shop\/"},{"@type":"ListItem","position":3,"name":"Trainingsbuch zur \u00abBed\u00fcrfnis-Tankstelle\u00bb"}]},{"@type":"WebSite","@id":"https:\/\/conexbooks.de\/a\/shop\/#website","url":"https:\/\/conexbooks.de\/a\/shop\/","name":"Conex-Shop","description":"Alles f\u00fcr die gewaltfreie Kommunikation: B\u00fccher, Spiele. Handpuppen Seminarmaterial und Geschenke","publisher":{"@id":"https:\/\/conexbooks.de\/a\/shop\/#organization"},"potentialAction":[{"@type":"SearchAction","target":{"@type":"EntryPoint","urlTemplate":"https:\/\/conexbooks.de\/a\/shop\/?s={search_term_string}"},"query-input":{"@type":"PropertyValueSpecification","valueRequired":true,"valueName":"search_term_string"}}],"inLanguage":"de"},{"@type":"Organization","@id":"https:\/\/conexbooks.de\/a\/shop\/#organization","name":"Conex - books and more","url":"https:\/\/conexbooks.de\/a\/shop\/","logo":{"@type":"ImageObject","inLanguage":"de","@id":"https:\/\/conexbooks.de\/a\/shop\/#\/schema\/logo\/image\/","url":"https:\/\/conexbooks.de\/a\/shop\/wp-content\/uploads\/2017\/12\/co-logo.png","contentUrl":"https:\/\/conexbooks.de\/a\/shop\/wp-content\/uploads\/2017\/12\/co-logo.png","width":243,"height":122,"caption":"Conex - books and more"},"image":{"@id":"https:\/\/conexbooks.de\/a\/shop\/#\/schema\/logo\/image\/"}}]}},"_links":{"self":[{"href":"https:\/\/conexbooks.de\/a\/shop\/wp-json\/wp\/v2\/product\/19941","targetHints":{"allow":["GET"]}}],"collection":[{"href":"https:\/\/conexbooks.de\/a\/shop\/wp-json\/wp\/v2\/product"}],"about":[{"href":"https:\/\/conexbooks.de\/a\/shop\/wp-json\/wp\/v2\/types\/product"}],"wp:featuredmedia":[{"embeddable":true,"href":"https:\/\/conexbooks.de\/a\/shop\/wp-json\/wp\/v2\/media\/19952"}],"wp:attachment":[{"href":"https:\/\/conexbooks.de\/a\/shop\/wp-json\/wp\/v2\/media?parent=19941"}],"wp:term":[{"taxonomy":"product_brand","embeddable":true,"href":"https:\/\/conexbooks.de\/a\/shop\/wp-json\/wp\/v2\/product_brand?post=19941"},{"taxonomy":"product_cat","embeddable":true,"href":"https:\/\/conexbooks.de\/a\/shop\/wp-json\/wp\/v2\/product_cat?post=19941"},{"taxonomy":"product_tag","embeddable":true,"href":"https:\/\/conexbooks.de\/a\/shop\/wp-json\/wp\/v2\/product_tag?post=19941"}],"curies":[{"name":"wp","href":"https:\/\/api.w.org\/{rel}","templated":true}]}}