{"id":20129,"date":"2023-11-28T22:21:04","date_gmt":"2023-11-28T21:21:04","guid":{"rendered":"https:\/\/conexbooks.de\/a\/shop\/?post_type=product&#038;p=20129"},"modified":"2025-09-17T09:07:09","modified_gmt":"2025-09-17T07:07:09","slug":"gfk-zeitschrift-empathische-zeit-heft-4-2023-jubeln-und-jammern","status":"publish","type":"product","link":"https:\/\/conexbooks.de\/a\/shop\/produkt\/gfk-zeitschrift-empathische-zeit-heft-4-2023-jubeln-und-jammern\/","title":{"rendered":"GFK-Zeitschrift: Empathische Zeit; Heft 4\/2023 Jubeln und Jammern"},"content":{"rendered":"<h3>Empathische Zeit<\/h3>\n<p>Schwerpunkt-Thema: <strong>\u201eJubeln und Jammern&#8220;<\/strong><\/p>\n<h2 class=\"product-addition-headline\">Beschreibung<\/h2>\n<div class=\"product-addition-content\">\n<p>Hier kommt die 37. Ausgabe des weltweit einzigen GFK-Magazins.<\/p>\n<p>Wir sagen Goodbye mit 88 prallen Seiten rund um die Gewaltfreie Kommunikation nach Dr. Marshall B. Rosenberg. Zehn Jahre war die Empathische Zeit <em>das<\/em> weltweit einzige Community-Magazin und informierte \u00fcber Veranstaltungen, aktuelle Forschungen, Geschehnisse in den deutschsprachigen und internationalen Netzwerken, \u00dcbungen, neue B\u00fccher und unz\u00e4hlige Themen, die f\u00fcr GFK-Interessierte spannend und n\u00fctzlich sind. Und dieses Heft stellt noch einmal unter Beweis, welchen wichtigen Beitrag unsere AutorInnen f\u00fcr die Gemeinschaft zusammengetragen haben.<\/p>\n<p>Einige der Themen dieser Ausgabe:<\/p>\n<p>\u2022 Aufarbeitung der Corona-Ma\u00dfnahmen durch Empathie-Kreise<\/p>\n<p>\u2022 Krieg gegen die Hamas in Gaza<\/p>\n<p>\u2022 Erinnerungen die Zeit, als Marshall Rosenberg in Deutschland Workshops gab<\/p>\n<p>\u2022 Feiern als Kraftquelle<\/p>\n<p>\u2022 Schatzkiste Empathische Zeit: 10 Jahre, 37 Hefte im \u00dcberblick<\/p>\n<p>\u2022 Letzter Teil der Serie \u201eDie sch\u00f6nsten Irrt\u00fcmer \u00fcber die GFK<\/p>\n<p>\u2022 Die Kunst der Emotionsregulation<\/p>\n<p>\u2022 Systemische Resilienz<\/p>\n<p>Au\u00dferdem d\u00fcrfen wir als erstes Medium die umfangreichen <strong>Ausbildungsrichtlinien f\u00fcr GFK-Jahresgruppen<\/strong> abdrucken, die in jahrelanger Arbeit von einer AusbilderInnen-Arbeitsgruppe zusammengetragen wurden. Al Weckert, Gabriele Lindemann und Andi Schmidbauer haben daraus ein Konzept gegossen, das vielen TrainerInnen Orientierung f\u00fcr ihre Workshops geben kann.<\/p>\n<p><strong>Die AutorInnen der letzten Ausgabe: <\/strong><\/p>\n<p>Anja Freiberger, Heike Froede, Sebastian Lenz, Bieke Meller und Dr. Uwe Kr\u00fcger, Mareike Roling, Volkmar Richter, Olaf Hartke und Anja Palitza, Kristina Schulz, Christian Peters mit Adelheid Sieglin, Uwe Heyer, Lorna Ritchie und Sven Hammerstrom, Dr. Stephanie Schnichels, Marina Stege, Frank Noe, Timo Gesterkamp, Gudrun Haas, Iris Bawidamann, Dr. Elke Eberts, Katrin Schw\u00f6rer-Genenz, Al Weckert, Jutta Kromer, Ingrid Holler und Cynthia Philebrunn<\/p>\n<\/div>\n<p><a href=\"https:\/\/conexbooks.de\/a\/shop\/produkt-kategorie\/empathische-zeitschrift\/\">Alle Emphatische Zeit Hefte anschauen<\/a><\/p>\n<div id='1' class='widgets_on_page wop_tiny1  wop_small1  wop_medium1  wop_large1  wop_wide1'>\n\t\t\t<ul><li id=\"custom_html-4\" class=\"widget_text widget widget_custom_html\"><div class=\"textwidget custom-html-widget\"><div style=\"text-align:left;\">\r\n<button class = \"button\" style=\"height: 30px; font-size: 0.8em;\" name=\"zuruck\" type=\"button\" onclick=\"history.back()\">Zur\u00fcck zur \u00dcbersicht<\/button><\/div><\/div><\/li><\/ul><\/div><!-- widgets_on_page -->\n","protected":false},"excerpt":{"rendered":"<h3>Magazin f\u00fcr Konfliktl\u00f6sung und sozialen Wandel<\/h3>\n<h4><strong>\u201eJubeln und Jammern&#8220;<br \/>\n<\/strong><\/h4>\n<h4>Heft 4\/2023; 88 Seiten (37. Ausgabe)<\/h4>\n<p>erschienen bei Empathikon.de<\/p>\n<p>Gem\u00e4\u00df Fernhandelsgesetz sind Zeitungen und Zeitschriften vom Umtausch ausgeschlossen.<\/p>\n","protected":false},"featured_media":20130,"template":"","meta":[],"product_brand":[],"product_cat":[57,53,39],"product_tag":[539,540,192,504,538,542,114],"class_list":{"0":"post-20129","1":"product","2":"type-product","3":"status-publish","4":"has-post-thumbnail","6":"product_cat-empathische-zeitschrift","7":"product_cat-neu","8":"product_cat-persoenliche-entwicklung","9":"product_tag-auswege-im-konfliktfall","10":"product_tag-ein-besseres-morgen","11":"product_tag-feiern","12":"product_tag-netzwerken","13":"product_tag-online-gfk-plattform","14":"product_tag-systemische-resilienz","15":"product_tag-zeitschrift","17":"first","18":"instock","19":"shipping-taxable","20":"purchasable","21":"product-type-simple"},"yoast_head":"<!-- This site is optimized with the Yoast SEO plugin v27.3 - https:\/\/yoast.com\/product\/yoast-seo-wordpress\/ -->\n<title>GFK-Zeitschrift: Empathische Zeit; Heft 4\/2023 Jubeln und Jammern - Conex-Shop<\/title>\n<meta name=\"robots\" content=\"index, follow, max-snippet:-1, max-image-preview:large, max-video-preview:-1\" \/>\n<link rel=\"canonical\" href=\"https:\/\/conexbooks.de\/a\/shop\/produkt\/gfk-zeitschrift-empathische-zeit-heft-4-2023-jubeln-und-jammern\/\" \/>\n<meta property=\"og:locale\" content=\"de_DE\" \/>\n<meta property=\"og:type\" content=\"article\" \/>\n<meta property=\"og:title\" content=\"GFK-Zeitschrift: Empathische Zeit; Heft 4\/2023 Jubeln und Jammern - Conex-Shop\" \/>\n<meta property=\"og:description\" content=\"Magazin f\u00fcr Konfliktl\u00f6sung und sozialen Wandel \u201eJubeln und Jammern&quot;  Heft 4\/2023; 88 Seiten (37. Ausgabe) erschienen bei Empathikon.de  Gem\u00e4\u00df Fernhandelsgesetz sind Zeitungen und Zeitschriften vom Umtausch ausgeschlossen.\" \/>\n<meta property=\"og:url\" content=\"https:\/\/conexbooks.de\/a\/shop\/produkt\/gfk-zeitschrift-empathische-zeit-heft-4-2023-jubeln-und-jammern\/\" \/>\n<meta property=\"og:site_name\" content=\"Conex-Shop\" \/>\n<meta property=\"article:modified_time\" content=\"2025-09-17T07:07:09+00:00\" \/>\n<meta property=\"og:image\" content=\"https:\/\/conexbooks.de\/a\/shop\/wp-content\/uploads\/2023\/11\/781.png\" \/>\n\t<meta property=\"og:image:width\" content=\"282\" \/>\n\t<meta property=\"og:image:height\" content=\"400\" \/>\n\t<meta property=\"og:image:type\" content=\"image\/png\" \/>\n<meta name=\"twitter:card\" content=\"summary_large_image\" \/>\n<meta name=\"twitter:label1\" content=\"Gesch\u00e4tzte Lesezeit\" \/>\n\t<meta name=\"twitter:data1\" content=\"1\u00a0Minute\" \/>\n<script type=\"application\/ld+json\" class=\"yoast-schema-graph\">{\"@context\":\"https:\\\/\\\/schema.org\",\"@graph\":[{\"@type\":\"WebPage\",\"@id\":\"https:\\\/\\\/conexbooks.de\\\/a\\\/shop\\\/produkt\\\/gfk-zeitschrift-empathische-zeit-heft-4-2023-jubeln-und-jammern\\\/\",\"url\":\"https:\\\/\\\/conexbooks.de\\\/a\\\/shop\\\/produkt\\\/gfk-zeitschrift-empathische-zeit-heft-4-2023-jubeln-und-jammern\\\/\",\"name\":\"GFK-Zeitschrift: Empathische Zeit; Heft 4\\\/2023 Jubeln und Jammern - Conex-Shop\",\"isPartOf\":{\"@id\":\"https:\\\/\\\/conexbooks.de\\\/a\\\/shop\\\/#website\"},\"primaryImageOfPage\":{\"@id\":\"https:\\\/\\\/conexbooks.de\\\/a\\\/shop\\\/produkt\\\/gfk-zeitschrift-empathische-zeit-heft-4-2023-jubeln-und-jammern\\\/#primaryimage\"},\"image\":{\"@id\":\"https:\\\/\\\/conexbooks.de\\\/a\\\/shop\\\/produkt\\\/gfk-zeitschrift-empathische-zeit-heft-4-2023-jubeln-und-jammern\\\/#primaryimage\"},\"thumbnailUrl\":\"https:\\\/\\\/conexbooks.de\\\/a\\\/shop\\\/wp-content\\\/uploads\\\/2023\\\/11\\\/781.png\",\"datePublished\":\"2023-11-28T21:21:04+00:00\",\"dateModified\":\"2025-09-17T07:07:09+00:00\",\"breadcrumb\":{\"@id\":\"https:\\\/\\\/conexbooks.de\\\/a\\\/shop\\\/produkt\\\/gfk-zeitschrift-empathische-zeit-heft-4-2023-jubeln-und-jammern\\\/#breadcrumb\"},\"inLanguage\":\"de\",\"potentialAction\":[{\"@type\":\"ReadAction\",\"target\":[\"https:\\\/\\\/conexbooks.de\\\/a\\\/shop\\\/produkt\\\/gfk-zeitschrift-empathische-zeit-heft-4-2023-jubeln-und-jammern\\\/\"]}]},{\"@type\":\"ImageObject\",\"inLanguage\":\"de\",\"@id\":\"https:\\\/\\\/conexbooks.de\\\/a\\\/shop\\\/produkt\\\/gfk-zeitschrift-empathische-zeit-heft-4-2023-jubeln-und-jammern\\\/#primaryimage\",\"url\":\"https:\\\/\\\/conexbooks.de\\\/a\\\/shop\\\/wp-content\\\/uploads\\\/2023\\\/11\\\/781.png\",\"contentUrl\":\"https:\\\/\\\/conexbooks.de\\\/a\\\/shop\\\/wp-content\\\/uploads\\\/2023\\\/11\\\/781.png\",\"width\":282,\"height\":400},{\"@type\":\"BreadcrumbList\",\"@id\":\"https:\\\/\\\/conexbooks.de\\\/a\\\/shop\\\/produkt\\\/gfk-zeitschrift-empathische-zeit-heft-4-2023-jubeln-und-jammern\\\/#breadcrumb\",\"itemListElement\":[{\"@type\":\"ListItem\",\"position\":1,\"name\":\"Home\",\"item\":\"https:\\\/\\\/conexbooks.de\\\/a\\\/shop\\\/\"},{\"@type\":\"ListItem\",\"position\":2,\"name\":\"Shop\",\"item\":\"https:\\\/\\\/conexbooks.de\\\/a\\\/shop\\\/shop\\\/\"},{\"@type\":\"ListItem\",\"position\":3,\"name\":\"GFK-Zeitschrift: Empathische Zeit; Heft 4\\\/2023 Jubeln und Jammern\"}]},{\"@type\":\"WebSite\",\"@id\":\"https:\\\/\\\/conexbooks.de\\\/a\\\/shop\\\/#website\",\"url\":\"https:\\\/\\\/conexbooks.de\\\/a\\\/shop\\\/\",\"name\":\"Conex-Shop\",\"description\":\"Alles f\u00fcr die gewaltfreie Kommunikation: B\u00fccher, Spiele. Handpuppen Seminarmaterial und Geschenke\",\"publisher\":{\"@id\":\"https:\\\/\\\/conexbooks.de\\\/a\\\/shop\\\/#organization\"},\"potentialAction\":[{\"@type\":\"SearchAction\",\"target\":{\"@type\":\"EntryPoint\",\"urlTemplate\":\"https:\\\/\\\/conexbooks.de\\\/a\\\/shop\\\/?s={search_term_string}\"},\"query-input\":{\"@type\":\"PropertyValueSpecification\",\"valueRequired\":true,\"valueName\":\"search_term_string\"}}],\"inLanguage\":\"de\"},{\"@type\":\"Organization\",\"@id\":\"https:\\\/\\\/conexbooks.de\\\/a\\\/shop\\\/#organization\",\"name\":\"Conex - books and more\",\"url\":\"https:\\\/\\\/conexbooks.de\\\/a\\\/shop\\\/\",\"logo\":{\"@type\":\"ImageObject\",\"inLanguage\":\"de\",\"@id\":\"https:\\\/\\\/conexbooks.de\\\/a\\\/shop\\\/#\\\/schema\\\/logo\\\/image\\\/\",\"url\":\"https:\\\/\\\/conexbooks.de\\\/a\\\/shop\\\/wp-content\\\/uploads\\\/2017\\\/12\\\/co-logo.png\",\"contentUrl\":\"https:\\\/\\\/conexbooks.de\\\/a\\\/shop\\\/wp-content\\\/uploads\\\/2017\\\/12\\\/co-logo.png\",\"width\":243,\"height\":122,\"caption\":\"Conex - books and more\"},\"image\":{\"@id\":\"https:\\\/\\\/conexbooks.de\\\/a\\\/shop\\\/#\\\/schema\\\/logo\\\/image\\\/\"}}]}<\/script>\n<!-- \/ Yoast SEO plugin. -->","yoast_head_json":{"title":"GFK-Zeitschrift: Empathische Zeit; Heft 4\/2023 Jubeln und Jammern - Conex-Shop","robots":{"index":"index","follow":"follow","max-snippet":"max-snippet:-1","max-image-preview":"max-image-preview:large","max-video-preview":"max-video-preview:-1"},"canonical":"https:\/\/conexbooks.de\/a\/shop\/produkt\/gfk-zeitschrift-empathische-zeit-heft-4-2023-jubeln-und-jammern\/","og_locale":"de_DE","og_type":"article","og_title":"GFK-Zeitschrift: Empathische Zeit; Heft 4\/2023 Jubeln und Jammern - Conex-Shop","og_description":"Magazin f\u00fcr Konfliktl\u00f6sung und sozialen Wandel \u201eJubeln und Jammern\"  Heft 4\/2023; 88 Seiten (37. Ausgabe) erschienen bei Empathikon.de  Gem\u00e4\u00df Fernhandelsgesetz sind Zeitungen und Zeitschriften vom Umtausch ausgeschlossen.","og_url":"https:\/\/conexbooks.de\/a\/shop\/produkt\/gfk-zeitschrift-empathische-zeit-heft-4-2023-jubeln-und-jammern\/","og_site_name":"Conex-Shop","article_modified_time":"2025-09-17T07:07:09+00:00","og_image":[{"width":282,"height":400,"url":"https:\/\/conexbooks.de\/a\/shop\/wp-content\/uploads\/2023\/11\/781.png","type":"image\/png"}],"twitter_card":"summary_large_image","twitter_misc":{"Gesch\u00e4tzte Lesezeit":"1\u00a0Minute"},"schema":{"@context":"https:\/\/schema.org","@graph":[{"@type":"WebPage","@id":"https:\/\/conexbooks.de\/a\/shop\/produkt\/gfk-zeitschrift-empathische-zeit-heft-4-2023-jubeln-und-jammern\/","url":"https:\/\/conexbooks.de\/a\/shop\/produkt\/gfk-zeitschrift-empathische-zeit-heft-4-2023-jubeln-und-jammern\/","name":"GFK-Zeitschrift: Empathische Zeit; Heft 4\/2023 Jubeln und Jammern - Conex-Shop","isPartOf":{"@id":"https:\/\/conexbooks.de\/a\/shop\/#website"},"primaryImageOfPage":{"@id":"https:\/\/conexbooks.de\/a\/shop\/produkt\/gfk-zeitschrift-empathische-zeit-heft-4-2023-jubeln-und-jammern\/#primaryimage"},"image":{"@id":"https:\/\/conexbooks.de\/a\/shop\/produkt\/gfk-zeitschrift-empathische-zeit-heft-4-2023-jubeln-und-jammern\/#primaryimage"},"thumbnailUrl":"https:\/\/conexbooks.de\/a\/shop\/wp-content\/uploads\/2023\/11\/781.png","datePublished":"2023-11-28T21:21:04+00:00","dateModified":"2025-09-17T07:07:09+00:00","breadcrumb":{"@id":"https:\/\/conexbooks.de\/a\/shop\/produkt\/gfk-zeitschrift-empathische-zeit-heft-4-2023-jubeln-und-jammern\/#breadcrumb"},"inLanguage":"de","potentialAction":[{"@type":"ReadAction","target":["https:\/\/conexbooks.de\/a\/shop\/produkt\/gfk-zeitschrift-empathische-zeit-heft-4-2023-jubeln-und-jammern\/"]}]},{"@type":"ImageObject","inLanguage":"de","@id":"https:\/\/conexbooks.de\/a\/shop\/produkt\/gfk-zeitschrift-empathische-zeit-heft-4-2023-jubeln-und-jammern\/#primaryimage","url":"https:\/\/conexbooks.de\/a\/shop\/wp-content\/uploads\/2023\/11\/781.png","contentUrl":"https:\/\/conexbooks.de\/a\/shop\/wp-content\/uploads\/2023\/11\/781.png","width":282,"height":400},{"@type":"BreadcrumbList","@id":"https:\/\/conexbooks.de\/a\/shop\/produkt\/gfk-zeitschrift-empathische-zeit-heft-4-2023-jubeln-und-jammern\/#breadcrumb","itemListElement":[{"@type":"ListItem","position":1,"name":"Home","item":"https:\/\/conexbooks.de\/a\/shop\/"},{"@type":"ListItem","position":2,"name":"Shop","item":"https:\/\/conexbooks.de\/a\/shop\/shop\/"},{"@type":"ListItem","position":3,"name":"GFK-Zeitschrift: Empathische Zeit; Heft 4\/2023 Jubeln und Jammern"}]},{"@type":"WebSite","@id":"https:\/\/conexbooks.de\/a\/shop\/#website","url":"https:\/\/conexbooks.de\/a\/shop\/","name":"Conex-Shop","description":"Alles f\u00fcr die gewaltfreie Kommunikation: B\u00fccher, Spiele. Handpuppen Seminarmaterial und Geschenke","publisher":{"@id":"https:\/\/conexbooks.de\/a\/shop\/#organization"},"potentialAction":[{"@type":"SearchAction","target":{"@type":"EntryPoint","urlTemplate":"https:\/\/conexbooks.de\/a\/shop\/?s={search_term_string}"},"query-input":{"@type":"PropertyValueSpecification","valueRequired":true,"valueName":"search_term_string"}}],"inLanguage":"de"},{"@type":"Organization","@id":"https:\/\/conexbooks.de\/a\/shop\/#organization","name":"Conex - books and more","url":"https:\/\/conexbooks.de\/a\/shop\/","logo":{"@type":"ImageObject","inLanguage":"de","@id":"https:\/\/conexbooks.de\/a\/shop\/#\/schema\/logo\/image\/","url":"https:\/\/conexbooks.de\/a\/shop\/wp-content\/uploads\/2017\/12\/co-logo.png","contentUrl":"https:\/\/conexbooks.de\/a\/shop\/wp-content\/uploads\/2017\/12\/co-logo.png","width":243,"height":122,"caption":"Conex - books and more"},"image":{"@id":"https:\/\/conexbooks.de\/a\/shop\/#\/schema\/logo\/image\/"}}]}},"_links":{"self":[{"href":"https:\/\/conexbooks.de\/a\/shop\/wp-json\/wp\/v2\/product\/20129","targetHints":{"allow":["GET"]}}],"collection":[{"href":"https:\/\/conexbooks.de\/a\/shop\/wp-json\/wp\/v2\/product"}],"about":[{"href":"https:\/\/conexbooks.de\/a\/shop\/wp-json\/wp\/v2\/types\/product"}],"wp:featuredmedia":[{"embeddable":true,"href":"https:\/\/conexbooks.de\/a\/shop\/wp-json\/wp\/v2\/media\/20130"}],"wp:attachment":[{"href":"https:\/\/conexbooks.de\/a\/shop\/wp-json\/wp\/v2\/media?parent=20129"}],"wp:term":[{"taxonomy":"product_brand","embeddable":true,"href":"https:\/\/conexbooks.de\/a\/shop\/wp-json\/wp\/v2\/product_brand?post=20129"},{"taxonomy":"product_cat","embeddable":true,"href":"https:\/\/conexbooks.de\/a\/shop\/wp-json\/wp\/v2\/product_cat?post=20129"},{"taxonomy":"product_tag","embeddable":true,"href":"https:\/\/conexbooks.de\/a\/shop\/wp-json\/wp\/v2\/product_tag?post=20129"}],"curies":[{"name":"wp","href":"https:\/\/api.w.org\/{rel}","templated":true}]}}