{"id":20215,"date":"2024-01-22T12:51:23","date_gmt":"2024-01-22T11:51:23","guid":{"rendered":"https:\/\/conexbooks.de\/a\/shop\/?post_type=product&#038;p=20215"},"modified":"2026-03-05T18:45:53","modified_gmt":"2026-03-05T17:45:53","slug":"giraffen-blues-poster-unangenehme-gefuehle","status":"publish","type":"product","link":"https:\/\/conexbooks.de\/a\/shop\/produkt\/giraffen-blues-poster-unangenehme-gefuehle\/","title":{"rendered":"Giraffen-Blues-Poster (unangenehme Gef\u00fchle)"},"content":{"rendered":"<p>Das langlebige, folienkaschierte Poster im A2-Format illustriert unsere Stimmungslage, wenn unsere Bed\u00fcrfnisse im Mangel sind. Perfekt f\u00fcr Kitas, Schulen und f\u00fcr zuhause.<\/p>\n<p>Erstellt von Uschi Kellenberger \/ Schweiz<\/p>\n","protected":false},"excerpt":{"rendered":"<p>Giraffen-Blues-Poster (unangenehme Gef\u00fchle)<br \/>\nwww.empathie-werkstatt.ch \/ Uschi Kellenberger \/Schweiz<\/p>\n<p>Material: Poster, 250gm, folienkaschiert<br \/>\nGr\u00f6\u00dfe: A2, 420 \u00d7 594 mm<br \/>\nSeiten: 1 (4-farbig)<\/p>\n","protected":false},"featured_media":20221,"template":"","meta":[],"product_brand":[],"product_cat":[45,35,56,629,53,41,51,47],"product_tag":[515,492,105,121,388,506,70,513,309,512,59,546,547],"class_list":{"0":"post-20215","1":"product","2":"type-product","3":"status-publish","4":"has-post-thumbnail","6":"product_cat-arbeit-sonstiges","7":"product_cat-besonders","8":"product_cat-geschenke","9":"product_cat-ukellenberger","10":"product_cat-neu","11":"product_cat-schule-kita","12":"product_cat-seminarmaterial","13":"product_cat-sonstiges","14":"product_tag-bunt","15":"product_tag-entwicklung-von-kindern","16":"product_tag-erziehung","17":"product_tag-gefuehle","18":"product_tag-gefuehlsausdruecke","19":"product_tag-gfk-mit-kindern","20":"product_tag-gfk-praxistauglich","21":"product_tag-kindgerecht","22":"product_tag-kita","23":"product_tag-poster","24":"product_tag-schule","25":"product_tag-unangenehme-gefuehle","26":"product_tag-unerfuellte-beduerfnisse","28":"first","29":"instock","30":"sale","31":"shipping-taxable","32":"purchasable","33":"product-type-simple"},"yoast_head":"<!-- This site is optimized with the Yoast SEO plugin v27.3 - https:\/\/yoast.com\/product\/yoast-seo-wordpress\/ -->\n<title>Giraffen-Blues-Poster (unangenehme Gef\u00fchle) - Conex-Shop<\/title>\n<meta name=\"robots\" content=\"index, follow, max-snippet:-1, max-image-preview:large, max-video-preview:-1\" \/>\n<link rel=\"canonical\" href=\"https:\/\/conexbooks.de\/a\/shop\/produkt\/giraffen-blues-poster-unangenehme-gefuehle\/\" \/>\n<meta property=\"og:locale\" content=\"de_DE\" \/>\n<meta property=\"og:type\" content=\"article\" \/>\n<meta property=\"og:title\" content=\"Giraffen-Blues-Poster (unangenehme Gef\u00fchle) - Conex-Shop\" \/>\n<meta property=\"og:description\" content=\"Giraffen-Blues-Poster (unangenehme Gef\u00fchle) www.empathie-werkstatt.ch \/ Uschi Kellenberger \/Schweiz  Material: Poster, 250gm, folienkaschiert Gr\u00f6\u00dfe: A2, 420 \u00d7 594 mm Seiten: 1 (4-farbig)\" \/>\n<meta property=\"og:url\" content=\"https:\/\/conexbooks.de\/a\/shop\/produkt\/giraffen-blues-poster-unangenehme-gefuehle\/\" \/>\n<meta property=\"og:site_name\" content=\"Conex-Shop\" \/>\n<meta property=\"article:modified_time\" content=\"2026-03-05T17:45:53+00:00\" \/>\n<meta property=\"og:image\" content=\"https:\/\/conexbooks.de\/a\/shop\/wp-content\/uploads\/2024\/01\/669a.png\" \/>\n\t<meta property=\"og:image:width\" content=\"400\" \/>\n\t<meta property=\"og:image:height\" content=\"572\" \/>\n\t<meta property=\"og:image:type\" content=\"image\/png\" \/>\n<meta name=\"twitter:card\" content=\"summary_large_image\" \/>\n<meta name=\"twitter:label1\" content=\"Gesch\u00e4tzte Lesezeit\" \/>\n\t<meta name=\"twitter:data1\" content=\"1\u00a0Minute\" \/>\n<script type=\"application\/ld+json\" class=\"yoast-schema-graph\">{\"@context\":\"https:\\\/\\\/schema.org\",\"@graph\":[{\"@type\":\"WebPage\",\"@id\":\"https:\\\/\\\/conexbooks.de\\\/a\\\/shop\\\/produkt\\\/giraffen-blues-poster-unangenehme-gefuehle\\\/\",\"url\":\"https:\\\/\\\/conexbooks.de\\\/a\\\/shop\\\/produkt\\\/giraffen-blues-poster-unangenehme-gefuehle\\\/\",\"name\":\"Giraffen-Blues-Poster (unangenehme Gef\u00fchle) - Conex-Shop\",\"isPartOf\":{\"@id\":\"https:\\\/\\\/conexbooks.de\\\/a\\\/shop\\\/#website\"},\"primaryImageOfPage\":{\"@id\":\"https:\\\/\\\/conexbooks.de\\\/a\\\/shop\\\/produkt\\\/giraffen-blues-poster-unangenehme-gefuehle\\\/#primaryimage\"},\"image\":{\"@id\":\"https:\\\/\\\/conexbooks.de\\\/a\\\/shop\\\/produkt\\\/giraffen-blues-poster-unangenehme-gefuehle\\\/#primaryimage\"},\"thumbnailUrl\":\"https:\\\/\\\/conexbooks.de\\\/a\\\/shop\\\/wp-content\\\/uploads\\\/2024\\\/01\\\/669a.png\",\"datePublished\":\"2024-01-22T11:51:23+00:00\",\"dateModified\":\"2026-03-05T17:45:53+00:00\",\"breadcrumb\":{\"@id\":\"https:\\\/\\\/conexbooks.de\\\/a\\\/shop\\\/produkt\\\/giraffen-blues-poster-unangenehme-gefuehle\\\/#breadcrumb\"},\"inLanguage\":\"de\",\"potentialAction\":[{\"@type\":\"ReadAction\",\"target\":[\"https:\\\/\\\/conexbooks.de\\\/a\\\/shop\\\/produkt\\\/giraffen-blues-poster-unangenehme-gefuehle\\\/\"]}]},{\"@type\":\"ImageObject\",\"inLanguage\":\"de\",\"@id\":\"https:\\\/\\\/conexbooks.de\\\/a\\\/shop\\\/produkt\\\/giraffen-blues-poster-unangenehme-gefuehle\\\/#primaryimage\",\"url\":\"https:\\\/\\\/conexbooks.de\\\/a\\\/shop\\\/wp-content\\\/uploads\\\/2024\\\/01\\\/669a.png\",\"contentUrl\":\"https:\\\/\\\/conexbooks.de\\\/a\\\/shop\\\/wp-content\\\/uploads\\\/2024\\\/01\\\/669a.png\",\"width\":400,\"height\":572},{\"@type\":\"BreadcrumbList\",\"@id\":\"https:\\\/\\\/conexbooks.de\\\/a\\\/shop\\\/produkt\\\/giraffen-blues-poster-unangenehme-gefuehle\\\/#breadcrumb\",\"itemListElement\":[{\"@type\":\"ListItem\",\"position\":1,\"name\":\"Home\",\"item\":\"https:\\\/\\\/conexbooks.de\\\/a\\\/shop\\\/\"},{\"@type\":\"ListItem\",\"position\":2,\"name\":\"Shop\",\"item\":\"https:\\\/\\\/conexbooks.de\\\/a\\\/shop\\\/shop\\\/\"},{\"@type\":\"ListItem\",\"position\":3,\"name\":\"Giraffen-Blues-Poster (unangenehme Gef\u00fchle)\"}]},{\"@type\":\"WebSite\",\"@id\":\"https:\\\/\\\/conexbooks.de\\\/a\\\/shop\\\/#website\",\"url\":\"https:\\\/\\\/conexbooks.de\\\/a\\\/shop\\\/\",\"name\":\"Conex-Shop\",\"description\":\"Alles f\u00fcr die gewaltfreie Kommunikation: B\u00fccher, Spiele. Handpuppen Seminarmaterial und Geschenke\",\"publisher\":{\"@id\":\"https:\\\/\\\/conexbooks.de\\\/a\\\/shop\\\/#organization\"},\"potentialAction\":[{\"@type\":\"SearchAction\",\"target\":{\"@type\":\"EntryPoint\",\"urlTemplate\":\"https:\\\/\\\/conexbooks.de\\\/a\\\/shop\\\/?s={search_term_string}\"},\"query-input\":{\"@type\":\"PropertyValueSpecification\",\"valueRequired\":true,\"valueName\":\"search_term_string\"}}],\"inLanguage\":\"de\"},{\"@type\":\"Organization\",\"@id\":\"https:\\\/\\\/conexbooks.de\\\/a\\\/shop\\\/#organization\",\"name\":\"Conex - books and more\",\"url\":\"https:\\\/\\\/conexbooks.de\\\/a\\\/shop\\\/\",\"logo\":{\"@type\":\"ImageObject\",\"inLanguage\":\"de\",\"@id\":\"https:\\\/\\\/conexbooks.de\\\/a\\\/shop\\\/#\\\/schema\\\/logo\\\/image\\\/\",\"url\":\"https:\\\/\\\/conexbooks.de\\\/a\\\/shop\\\/wp-content\\\/uploads\\\/2017\\\/12\\\/co-logo.png\",\"contentUrl\":\"https:\\\/\\\/conexbooks.de\\\/a\\\/shop\\\/wp-content\\\/uploads\\\/2017\\\/12\\\/co-logo.png\",\"width\":243,\"height\":122,\"caption\":\"Conex - books and more\"},\"image\":{\"@id\":\"https:\\\/\\\/conexbooks.de\\\/a\\\/shop\\\/#\\\/schema\\\/logo\\\/image\\\/\"}}]}<\/script>\n<!-- \/ Yoast SEO plugin. -->","yoast_head_json":{"title":"Giraffen-Blues-Poster (unangenehme Gef\u00fchle) - Conex-Shop","robots":{"index":"index","follow":"follow","max-snippet":"max-snippet:-1","max-image-preview":"max-image-preview:large","max-video-preview":"max-video-preview:-1"},"canonical":"https:\/\/conexbooks.de\/a\/shop\/produkt\/giraffen-blues-poster-unangenehme-gefuehle\/","og_locale":"de_DE","og_type":"article","og_title":"Giraffen-Blues-Poster (unangenehme Gef\u00fchle) - Conex-Shop","og_description":"Giraffen-Blues-Poster (unangenehme Gef\u00fchle) www.empathie-werkstatt.ch \/ Uschi Kellenberger \/Schweiz  Material: Poster, 250gm, folienkaschiert Gr\u00f6\u00dfe: A2, 420 \u00d7 594 mm Seiten: 1 (4-farbig)","og_url":"https:\/\/conexbooks.de\/a\/shop\/produkt\/giraffen-blues-poster-unangenehme-gefuehle\/","og_site_name":"Conex-Shop","article_modified_time":"2026-03-05T17:45:53+00:00","og_image":[{"width":400,"height":572,"url":"https:\/\/conexbooks.de\/a\/shop\/wp-content\/uploads\/2024\/01\/669a.png","type":"image\/png"}],"twitter_card":"summary_large_image","twitter_misc":{"Gesch\u00e4tzte Lesezeit":"1\u00a0Minute"},"schema":{"@context":"https:\/\/schema.org","@graph":[{"@type":"WebPage","@id":"https:\/\/conexbooks.de\/a\/shop\/produkt\/giraffen-blues-poster-unangenehme-gefuehle\/","url":"https:\/\/conexbooks.de\/a\/shop\/produkt\/giraffen-blues-poster-unangenehme-gefuehle\/","name":"Giraffen-Blues-Poster (unangenehme Gef\u00fchle) - Conex-Shop","isPartOf":{"@id":"https:\/\/conexbooks.de\/a\/shop\/#website"},"primaryImageOfPage":{"@id":"https:\/\/conexbooks.de\/a\/shop\/produkt\/giraffen-blues-poster-unangenehme-gefuehle\/#primaryimage"},"image":{"@id":"https:\/\/conexbooks.de\/a\/shop\/produkt\/giraffen-blues-poster-unangenehme-gefuehle\/#primaryimage"},"thumbnailUrl":"https:\/\/conexbooks.de\/a\/shop\/wp-content\/uploads\/2024\/01\/669a.png","datePublished":"2024-01-22T11:51:23+00:00","dateModified":"2026-03-05T17:45:53+00:00","breadcrumb":{"@id":"https:\/\/conexbooks.de\/a\/shop\/produkt\/giraffen-blues-poster-unangenehme-gefuehle\/#breadcrumb"},"inLanguage":"de","potentialAction":[{"@type":"ReadAction","target":["https:\/\/conexbooks.de\/a\/shop\/produkt\/giraffen-blues-poster-unangenehme-gefuehle\/"]}]},{"@type":"ImageObject","inLanguage":"de","@id":"https:\/\/conexbooks.de\/a\/shop\/produkt\/giraffen-blues-poster-unangenehme-gefuehle\/#primaryimage","url":"https:\/\/conexbooks.de\/a\/shop\/wp-content\/uploads\/2024\/01\/669a.png","contentUrl":"https:\/\/conexbooks.de\/a\/shop\/wp-content\/uploads\/2024\/01\/669a.png","width":400,"height":572},{"@type":"BreadcrumbList","@id":"https:\/\/conexbooks.de\/a\/shop\/produkt\/giraffen-blues-poster-unangenehme-gefuehle\/#breadcrumb","itemListElement":[{"@type":"ListItem","position":1,"name":"Home","item":"https:\/\/conexbooks.de\/a\/shop\/"},{"@type":"ListItem","position":2,"name":"Shop","item":"https:\/\/conexbooks.de\/a\/shop\/shop\/"},{"@type":"ListItem","position":3,"name":"Giraffen-Blues-Poster (unangenehme Gef\u00fchle)"}]},{"@type":"WebSite","@id":"https:\/\/conexbooks.de\/a\/shop\/#website","url":"https:\/\/conexbooks.de\/a\/shop\/","name":"Conex-Shop","description":"Alles f\u00fcr die gewaltfreie Kommunikation: B\u00fccher, Spiele. Handpuppen Seminarmaterial und Geschenke","publisher":{"@id":"https:\/\/conexbooks.de\/a\/shop\/#organization"},"potentialAction":[{"@type":"SearchAction","target":{"@type":"EntryPoint","urlTemplate":"https:\/\/conexbooks.de\/a\/shop\/?s={search_term_string}"},"query-input":{"@type":"PropertyValueSpecification","valueRequired":true,"valueName":"search_term_string"}}],"inLanguage":"de"},{"@type":"Organization","@id":"https:\/\/conexbooks.de\/a\/shop\/#organization","name":"Conex - books and more","url":"https:\/\/conexbooks.de\/a\/shop\/","logo":{"@type":"ImageObject","inLanguage":"de","@id":"https:\/\/conexbooks.de\/a\/shop\/#\/schema\/logo\/image\/","url":"https:\/\/conexbooks.de\/a\/shop\/wp-content\/uploads\/2017\/12\/co-logo.png","contentUrl":"https:\/\/conexbooks.de\/a\/shop\/wp-content\/uploads\/2017\/12\/co-logo.png","width":243,"height":122,"caption":"Conex - books and more"},"image":{"@id":"https:\/\/conexbooks.de\/a\/shop\/#\/schema\/logo\/image\/"}}]}},"_links":{"self":[{"href":"https:\/\/conexbooks.de\/a\/shop\/wp-json\/wp\/v2\/product\/20215","targetHints":{"allow":["GET"]}}],"collection":[{"href":"https:\/\/conexbooks.de\/a\/shop\/wp-json\/wp\/v2\/product"}],"about":[{"href":"https:\/\/conexbooks.de\/a\/shop\/wp-json\/wp\/v2\/types\/product"}],"wp:featuredmedia":[{"embeddable":true,"href":"https:\/\/conexbooks.de\/a\/shop\/wp-json\/wp\/v2\/media\/20221"}],"wp:attachment":[{"href":"https:\/\/conexbooks.de\/a\/shop\/wp-json\/wp\/v2\/media?parent=20215"}],"wp:term":[{"taxonomy":"product_brand","embeddable":true,"href":"https:\/\/conexbooks.de\/a\/shop\/wp-json\/wp\/v2\/product_brand?post=20215"},{"taxonomy":"product_cat","embeddable":true,"href":"https:\/\/conexbooks.de\/a\/shop\/wp-json\/wp\/v2\/product_cat?post=20215"},{"taxonomy":"product_tag","embeddable":true,"href":"https:\/\/conexbooks.de\/a\/shop\/wp-json\/wp\/v2\/product_tag?post=20215"}],"curies":[{"name":"wp","href":"https:\/\/api.w.org\/{rel}","templated":true}]}}