{"id":20225,"date":"2024-01-22T13:00:32","date_gmt":"2024-01-22T12:00:32","guid":{"rendered":"https:\/\/conexbooks.de\/a\/shop\/?post_type=product&#038;p=20225"},"modified":"2026-03-05T18:45:53","modified_gmt":"2026-03-05T17:45:53","slug":"poster-bundle-3-poster-im-a2-format","status":"publish","type":"product","link":"https:\/\/conexbooks.de\/a\/shop\/produkt\/poster-bundle-3-poster-im-a2-format\/","title":{"rendered":"Poster-Bundle (3 Poster im A2-Format)"},"content":{"rendered":"<p>Alle 3 Poster im A2-Format. Perfekt f\u00fcr Kitas, Schulen und f\u00fcr zuhause.<\/p>\n<p>Erstellt von Uschi Kellenberger \/ Schweiz<\/p>\n","protected":false},"excerpt":{"rendered":"<p>Poster-Bundle (3 Poster)<br \/>\nwww.empathie-werkstatt.ch \/ Uschi Kellenberger \/Schweiz<\/p>\n<p>Inhalt: 3 Poster (Bed\u00fcrfniswelt \/ Samba \/ Blues)<\/p>\n<p>Angaben je Poster:<br \/>\nMaterial: 250gm, folienkaschiert<br \/>\nGr\u00f6\u00dfe: A2, 420 \u00d7 594 mm<br \/>\nSeiten: 1 (4-farbig)<\/p>\n","protected":false},"featured_media":20224,"template":"","meta":[],"product_brand":[],"product_cat":[45,35,56,629,53,41,51,47],"product_tag":[548,515,492,545,105,121,388,506,70,513,309,512,59,544,546,547],"class_list":{"0":"post-20225","1":"product","2":"type-product","3":"status-publish","4":"has-post-thumbnail","6":"product_cat-arbeit-sonstiges","7":"product_cat-besonders","8":"product_cat-geschenke","9":"product_cat-ukellenberger","10":"product_cat-neu","11":"product_cat-schule-kita","12":"product_cat-seminarmaterial","13":"product_cat-sonstiges","14":"product_tag-angenehme-gefuehle","15":"product_tag-bunt","16":"product_tag-entwicklung-von-kindern","17":"product_tag-erfuellte-beduerfnisse","18":"product_tag-erziehung","19":"product_tag-gefuehle","20":"product_tag-gefuehlsausdruecke","21":"product_tag-gfk-mit-kindern","22":"product_tag-gfk-praxistauglich","23":"product_tag-kindgerecht","24":"product_tag-kita","25":"product_tag-poster","26":"product_tag-schule","27":"product_tag-stimmungshoch","28":"product_tag-unangenehme-gefuehle","29":"product_tag-unerfuellte-beduerfnisse","31":"first","32":"instock","33":"sale","34":"shipping-taxable","35":"purchasable","36":"product-type-simple"},"yoast_head":"<!-- This site is optimized with the Yoast SEO plugin v27.3 - https:\/\/yoast.com\/product\/yoast-seo-wordpress\/ -->\n<title>Poster-Bundle (3 Poster im A2-Format) - Conex-Shop<\/title>\n<meta name=\"robots\" content=\"index, follow, max-snippet:-1, max-image-preview:large, max-video-preview:-1\" \/>\n<link rel=\"canonical\" href=\"https:\/\/conexbooks.de\/a\/shop\/produkt\/poster-bundle-3-poster-im-a2-format\/\" \/>\n<meta property=\"og:locale\" content=\"de_DE\" \/>\n<meta property=\"og:type\" content=\"article\" \/>\n<meta property=\"og:title\" content=\"Poster-Bundle (3 Poster im A2-Format) - Conex-Shop\" \/>\n<meta property=\"og:description\" content=\"Poster-Bundle (3 Poster) www.empathie-werkstatt.ch \/ Uschi Kellenberger \/Schweiz  Inhalt: 3 Poster (Bed\u00fcrfniswelt \/ Samba \/ Blues)  Angaben je Poster: Material: 250gm, folienkaschiert Gr\u00f6\u00dfe: A2, 420 \u00d7 594 mm Seiten: 1 (4-farbig)\" \/>\n<meta property=\"og:url\" content=\"https:\/\/conexbooks.de\/a\/shop\/produkt\/poster-bundle-3-poster-im-a2-format\/\" \/>\n<meta property=\"og:site_name\" content=\"Conex-Shop\" \/>\n<meta property=\"article:modified_time\" content=\"2026-03-05T17:45:53+00:00\" \/>\n<meta property=\"og:image\" content=\"https:\/\/conexbooks.de\/a\/shop\/wp-content\/uploads\/2024\/01\/670.png\" \/>\n\t<meta property=\"og:image:width\" content=\"400\" \/>\n\t<meta property=\"og:image:height\" content=\"294\" \/>\n\t<meta property=\"og:image:type\" content=\"image\/png\" \/>\n<meta name=\"twitter:card\" content=\"summary_large_image\" \/>\n<meta name=\"twitter:label1\" content=\"Gesch\u00e4tzte Lesezeit\" \/>\n\t<meta name=\"twitter:data1\" content=\"1\u00a0Minute\" \/>\n<script type=\"application\/ld+json\" class=\"yoast-schema-graph\">{\"@context\":\"https:\\\/\\\/schema.org\",\"@graph\":[{\"@type\":\"WebPage\",\"@id\":\"https:\\\/\\\/conexbooks.de\\\/a\\\/shop\\\/produkt\\\/poster-bundle-3-poster-im-a2-format\\\/\",\"url\":\"https:\\\/\\\/conexbooks.de\\\/a\\\/shop\\\/produkt\\\/poster-bundle-3-poster-im-a2-format\\\/\",\"name\":\"Poster-Bundle (3 Poster im A2-Format) - Conex-Shop\",\"isPartOf\":{\"@id\":\"https:\\\/\\\/conexbooks.de\\\/a\\\/shop\\\/#website\"},\"primaryImageOfPage\":{\"@id\":\"https:\\\/\\\/conexbooks.de\\\/a\\\/shop\\\/produkt\\\/poster-bundle-3-poster-im-a2-format\\\/#primaryimage\"},\"image\":{\"@id\":\"https:\\\/\\\/conexbooks.de\\\/a\\\/shop\\\/produkt\\\/poster-bundle-3-poster-im-a2-format\\\/#primaryimage\"},\"thumbnailUrl\":\"https:\\\/\\\/conexbooks.de\\\/a\\\/shop\\\/wp-content\\\/uploads\\\/2024\\\/01\\\/670.png\",\"datePublished\":\"2024-01-22T12:00:32+00:00\",\"dateModified\":\"2026-03-05T17:45:53+00:00\",\"breadcrumb\":{\"@id\":\"https:\\\/\\\/conexbooks.de\\\/a\\\/shop\\\/produkt\\\/poster-bundle-3-poster-im-a2-format\\\/#breadcrumb\"},\"inLanguage\":\"de\",\"potentialAction\":[{\"@type\":\"ReadAction\",\"target\":[\"https:\\\/\\\/conexbooks.de\\\/a\\\/shop\\\/produkt\\\/poster-bundle-3-poster-im-a2-format\\\/\"]}]},{\"@type\":\"ImageObject\",\"inLanguage\":\"de\",\"@id\":\"https:\\\/\\\/conexbooks.de\\\/a\\\/shop\\\/produkt\\\/poster-bundle-3-poster-im-a2-format\\\/#primaryimage\",\"url\":\"https:\\\/\\\/conexbooks.de\\\/a\\\/shop\\\/wp-content\\\/uploads\\\/2024\\\/01\\\/670.png\",\"contentUrl\":\"https:\\\/\\\/conexbooks.de\\\/a\\\/shop\\\/wp-content\\\/uploads\\\/2024\\\/01\\\/670.png\",\"width\":400,\"height\":294},{\"@type\":\"BreadcrumbList\",\"@id\":\"https:\\\/\\\/conexbooks.de\\\/a\\\/shop\\\/produkt\\\/poster-bundle-3-poster-im-a2-format\\\/#breadcrumb\",\"itemListElement\":[{\"@type\":\"ListItem\",\"position\":1,\"name\":\"Home\",\"item\":\"https:\\\/\\\/conexbooks.de\\\/a\\\/shop\\\/\"},{\"@type\":\"ListItem\",\"position\":2,\"name\":\"Shop\",\"item\":\"https:\\\/\\\/conexbooks.de\\\/a\\\/shop\\\/shop\\\/\"},{\"@type\":\"ListItem\",\"position\":3,\"name\":\"Poster-Bundle (3 Poster im A2-Format)\"}]},{\"@type\":\"WebSite\",\"@id\":\"https:\\\/\\\/conexbooks.de\\\/a\\\/shop\\\/#website\",\"url\":\"https:\\\/\\\/conexbooks.de\\\/a\\\/shop\\\/\",\"name\":\"Conex-Shop\",\"description\":\"Alles f\u00fcr die gewaltfreie Kommunikation: B\u00fccher, Spiele. Handpuppen Seminarmaterial und Geschenke\",\"publisher\":{\"@id\":\"https:\\\/\\\/conexbooks.de\\\/a\\\/shop\\\/#organization\"},\"potentialAction\":[{\"@type\":\"SearchAction\",\"target\":{\"@type\":\"EntryPoint\",\"urlTemplate\":\"https:\\\/\\\/conexbooks.de\\\/a\\\/shop\\\/?s={search_term_string}\"},\"query-input\":{\"@type\":\"PropertyValueSpecification\",\"valueRequired\":true,\"valueName\":\"search_term_string\"}}],\"inLanguage\":\"de\"},{\"@type\":\"Organization\",\"@id\":\"https:\\\/\\\/conexbooks.de\\\/a\\\/shop\\\/#organization\",\"name\":\"Conex - books and more\",\"url\":\"https:\\\/\\\/conexbooks.de\\\/a\\\/shop\\\/\",\"logo\":{\"@type\":\"ImageObject\",\"inLanguage\":\"de\",\"@id\":\"https:\\\/\\\/conexbooks.de\\\/a\\\/shop\\\/#\\\/schema\\\/logo\\\/image\\\/\",\"url\":\"https:\\\/\\\/conexbooks.de\\\/a\\\/shop\\\/wp-content\\\/uploads\\\/2017\\\/12\\\/co-logo.png\",\"contentUrl\":\"https:\\\/\\\/conexbooks.de\\\/a\\\/shop\\\/wp-content\\\/uploads\\\/2017\\\/12\\\/co-logo.png\",\"width\":243,\"height\":122,\"caption\":\"Conex - books and more\"},\"image\":{\"@id\":\"https:\\\/\\\/conexbooks.de\\\/a\\\/shop\\\/#\\\/schema\\\/logo\\\/image\\\/\"}}]}<\/script>\n<!-- \/ Yoast SEO plugin. -->","yoast_head_json":{"title":"Poster-Bundle (3 Poster im A2-Format) - Conex-Shop","robots":{"index":"index","follow":"follow","max-snippet":"max-snippet:-1","max-image-preview":"max-image-preview:large","max-video-preview":"max-video-preview:-1"},"canonical":"https:\/\/conexbooks.de\/a\/shop\/produkt\/poster-bundle-3-poster-im-a2-format\/","og_locale":"de_DE","og_type":"article","og_title":"Poster-Bundle (3 Poster im A2-Format) - Conex-Shop","og_description":"Poster-Bundle (3 Poster) www.empathie-werkstatt.ch \/ Uschi Kellenberger \/Schweiz  Inhalt: 3 Poster (Bed\u00fcrfniswelt \/ Samba \/ Blues)  Angaben je Poster: Material: 250gm, folienkaschiert Gr\u00f6\u00dfe: A2, 420 \u00d7 594 mm Seiten: 1 (4-farbig)","og_url":"https:\/\/conexbooks.de\/a\/shop\/produkt\/poster-bundle-3-poster-im-a2-format\/","og_site_name":"Conex-Shop","article_modified_time":"2026-03-05T17:45:53+00:00","og_image":[{"width":400,"height":294,"url":"https:\/\/conexbooks.de\/a\/shop\/wp-content\/uploads\/2024\/01\/670.png","type":"image\/png"}],"twitter_card":"summary_large_image","twitter_misc":{"Gesch\u00e4tzte Lesezeit":"1\u00a0Minute"},"schema":{"@context":"https:\/\/schema.org","@graph":[{"@type":"WebPage","@id":"https:\/\/conexbooks.de\/a\/shop\/produkt\/poster-bundle-3-poster-im-a2-format\/","url":"https:\/\/conexbooks.de\/a\/shop\/produkt\/poster-bundle-3-poster-im-a2-format\/","name":"Poster-Bundle (3 Poster im A2-Format) - Conex-Shop","isPartOf":{"@id":"https:\/\/conexbooks.de\/a\/shop\/#website"},"primaryImageOfPage":{"@id":"https:\/\/conexbooks.de\/a\/shop\/produkt\/poster-bundle-3-poster-im-a2-format\/#primaryimage"},"image":{"@id":"https:\/\/conexbooks.de\/a\/shop\/produkt\/poster-bundle-3-poster-im-a2-format\/#primaryimage"},"thumbnailUrl":"https:\/\/conexbooks.de\/a\/shop\/wp-content\/uploads\/2024\/01\/670.png","datePublished":"2024-01-22T12:00:32+00:00","dateModified":"2026-03-05T17:45:53+00:00","breadcrumb":{"@id":"https:\/\/conexbooks.de\/a\/shop\/produkt\/poster-bundle-3-poster-im-a2-format\/#breadcrumb"},"inLanguage":"de","potentialAction":[{"@type":"ReadAction","target":["https:\/\/conexbooks.de\/a\/shop\/produkt\/poster-bundle-3-poster-im-a2-format\/"]}]},{"@type":"ImageObject","inLanguage":"de","@id":"https:\/\/conexbooks.de\/a\/shop\/produkt\/poster-bundle-3-poster-im-a2-format\/#primaryimage","url":"https:\/\/conexbooks.de\/a\/shop\/wp-content\/uploads\/2024\/01\/670.png","contentUrl":"https:\/\/conexbooks.de\/a\/shop\/wp-content\/uploads\/2024\/01\/670.png","width":400,"height":294},{"@type":"BreadcrumbList","@id":"https:\/\/conexbooks.de\/a\/shop\/produkt\/poster-bundle-3-poster-im-a2-format\/#breadcrumb","itemListElement":[{"@type":"ListItem","position":1,"name":"Home","item":"https:\/\/conexbooks.de\/a\/shop\/"},{"@type":"ListItem","position":2,"name":"Shop","item":"https:\/\/conexbooks.de\/a\/shop\/shop\/"},{"@type":"ListItem","position":3,"name":"Poster-Bundle (3 Poster im A2-Format)"}]},{"@type":"WebSite","@id":"https:\/\/conexbooks.de\/a\/shop\/#website","url":"https:\/\/conexbooks.de\/a\/shop\/","name":"Conex-Shop","description":"Alles f\u00fcr die gewaltfreie Kommunikation: B\u00fccher, Spiele. Handpuppen Seminarmaterial und Geschenke","publisher":{"@id":"https:\/\/conexbooks.de\/a\/shop\/#organization"},"potentialAction":[{"@type":"SearchAction","target":{"@type":"EntryPoint","urlTemplate":"https:\/\/conexbooks.de\/a\/shop\/?s={search_term_string}"},"query-input":{"@type":"PropertyValueSpecification","valueRequired":true,"valueName":"search_term_string"}}],"inLanguage":"de"},{"@type":"Organization","@id":"https:\/\/conexbooks.de\/a\/shop\/#organization","name":"Conex - books and more","url":"https:\/\/conexbooks.de\/a\/shop\/","logo":{"@type":"ImageObject","inLanguage":"de","@id":"https:\/\/conexbooks.de\/a\/shop\/#\/schema\/logo\/image\/","url":"https:\/\/conexbooks.de\/a\/shop\/wp-content\/uploads\/2017\/12\/co-logo.png","contentUrl":"https:\/\/conexbooks.de\/a\/shop\/wp-content\/uploads\/2017\/12\/co-logo.png","width":243,"height":122,"caption":"Conex - books and more"},"image":{"@id":"https:\/\/conexbooks.de\/a\/shop\/#\/schema\/logo\/image\/"}}]}},"_links":{"self":[{"href":"https:\/\/conexbooks.de\/a\/shop\/wp-json\/wp\/v2\/product\/20225","targetHints":{"allow":["GET"]}}],"collection":[{"href":"https:\/\/conexbooks.de\/a\/shop\/wp-json\/wp\/v2\/product"}],"about":[{"href":"https:\/\/conexbooks.de\/a\/shop\/wp-json\/wp\/v2\/types\/product"}],"wp:featuredmedia":[{"embeddable":true,"href":"https:\/\/conexbooks.de\/a\/shop\/wp-json\/wp\/v2\/media\/20224"}],"wp:attachment":[{"href":"https:\/\/conexbooks.de\/a\/shop\/wp-json\/wp\/v2\/media?parent=20225"}],"wp:term":[{"taxonomy":"product_brand","embeddable":true,"href":"https:\/\/conexbooks.de\/a\/shop\/wp-json\/wp\/v2\/product_brand?post=20225"},{"taxonomy":"product_cat","embeddable":true,"href":"https:\/\/conexbooks.de\/a\/shop\/wp-json\/wp\/v2\/product_cat?post=20225"},{"taxonomy":"product_tag","embeddable":true,"href":"https:\/\/conexbooks.de\/a\/shop\/wp-json\/wp\/v2\/product_tag?post=20225"}],"curies":[{"name":"wp","href":"https:\/\/api.w.org\/{rel}","templated":true}]}}