{"id":20231,"date":"2024-01-23T19:40:37","date_gmt":"2024-01-23T18:40:37","guid":{"rendered":"https:\/\/conexbooks.de\/a\/shop\/?post_type=product&#038;p=20231"},"modified":"2024-06-19T21:06:56","modified_gmt":"2024-06-19T19:06:56","slug":"beherzt-leben","status":"publish","type":"product","link":"https:\/\/conexbooks.de\/a\/shop\/produkt\/beherzt-leben\/","title":{"rendered":"Beherzt leben"},"content":{"rendered":"<h4>Ein Wegweiser zur Gewaltfreiheit<br \/>\nvon Miki Kashtan<\/h4>\n<p>Mit G\u00fcte, Scharfsinn und Humor hat Miki Kashtan mit tausenden von Menschen auf f\u00fcnf Kontinenten geteilt, wie man in jedem Moment in Liebe, Mut und Wahrheit leben kann &#8211; im Denken, Sprechen und Handeln. Die Integration dieser drei Kennzeichen von Gewaltfreiheit ins t\u00e4gliche Leben bringt radikale Ver\u00e4nderungen mit sich: Du beginnst selbst zu w\u00e4hlen, wie du auf das Leben antwortest statt lediglich zu reagieren; Du begn\u00fcgst dich nicht mehr mit L\u00f6sungen, die nur dir oder nur anderen dienen; und du gehst mehr und mehr in F\u00fchrung, indem du die Verantwortung f\u00fcr das Ganze in jeder Situation \u00fcbernimmst.<\/p>\n<p>Dieses kleine Buch enth\u00e4lt 200 pr\u00e4gnante, anregende Essenzen ihrer Weisheit. Es ist eine Einladung an Dich, selbst damit anzufangen beherzt zu leben.<\/p>\n<p>Miki Kashtan ist eine bodenst\u00e4ndige Vision\u00e4rin, die sich einsetzt f\u00fcr eine Welt f\u00fcr alle. Sie ist Gr\u00fcnderin der NGL, einer Gemeinschaft f\u00fcr gewaltfreie globale Befreiung, deren Ziel darin besteht, die Gewaltfreiheit durch fortlaufende Live-Wahrheits-Experimente, die sich auf individuelle und kollektive Befreiung konzentrieren, in das Gef\u00fcge des menschlichen Lebens zu integrieren.<br \/>\nIhre letzte englische Buchver\u00f6ffentlichung ist &#8222;The Highest Common Denominator&#8220; (Der h\u00f6chste gemeinsame Nenner); sie schreibt regelm\u00e4\u00dfig auf ihrem Blog &#8222;The Fearless Heart&#8220; zu theoretischen, praktischen, politischen und spirituellen Fragen in Bezug auf das Patriarchat, Kapitalismus, Gewaltfreiheit und die Schenk\u00f6konomie. Ihre Artikel sind u.a. ver\u00f6ffentlicht in der New York Times, in Tikkun, Waging Nonviolence, Shareable, Peace and Conflict und Self and Society. Sie hat einen Doktortitel in Soziologie der University of California, Berkeley (USA).<\/p>\n<p>Ins Deutsche \u00fcbersetzt wurde das Buch vom Trio Helene Weynerowski, Sitana Omer und Thomas Stelling:<br \/>\n&#8222;Wir haben erlebt, wie froh es uns macht, gemeinsam etwas entstehen zu lassen.&#8220;<br \/>\n&#8222;Der individuelle Beitrag ist zur\u00fcckgetreten hinter das Ziel, etwas Gemeinsames zu schaffen.&#8220;<br \/>\n&#8222;So begl\u00fcckend, die Kreativit\u00e4t gemeinsamer Sprachsch\u00f6pfung immer wieder zu erleben.&#8220;<\/p>\n<div id='1' class='widgets_on_page wop_tiny1  wop_small1  wop_medium1  wop_large1  wop_wide1'>\n\t\t\t<ul><li id=\"custom_html-4\" class=\"widget_text widget widget_custom_html\"><div class=\"textwidget custom-html-widget\"><div style=\"text-align:left;\">\r\n<button class = \"button\" style=\"height: 30px; font-size: 0.8em;\" name=\"zuruck\" type=\"button\" onclick=\"history.back()\">Zur\u00fcck zur \u00dcbersicht<\/button><\/div><\/div><\/li><\/ul><\/div><!-- widgets_on_page -->\n","protected":false},"excerpt":{"rendered":"<h3>Beherzt leben<\/h3>\n<h4>Miki Kashtan<\/h4>\n<p>BoD Verlag: 05\/2023<br \/>\n230 Seiten Seiten, paperback<br \/>\nFormat: 17 x 17 cm<\/p>\n","protected":false},"featured_media":20233,"template":"","meta":[],"product_brand":[],"product_cat":[36,40,53,47],"product_tag":[291,522,552,551,113,549,550,288],"class_list":{"0":"post-20231","1":"product","2":"type-product","3":"status-publish","4":"has-post-thumbnail","6":"product_cat-deutsche-buecher","7":"product_cat-grundlagen","8":"product_cat-neu","9":"product_cat-sonstiges","10":"product_tag-bewusstseinsbildung","11":"product_tag-gewalt-wandeln","12":"product_tag-radikale-veraenderung","13":"product_tag-veraenderung","14":"product_tag-verantwortung","15":"product_tag-vision","16":"product_tag-wegweiser","17":"product_tag-weisheit","19":"first","20":"outofstock","21":"shipping-taxable","22":"purchasable","23":"product-type-simple"},"yoast_head":"<!-- This site is optimized with the Yoast SEO plugin v27.5 - https:\/\/yoast.com\/product\/yoast-seo-wordpress\/ -->\n<title>Beherzt leben - Conex-Shop<\/title>\n<meta name=\"robots\" content=\"index, follow, max-snippet:-1, max-image-preview:large, max-video-preview:-1\" \/>\n<link rel=\"canonical\" href=\"https:\/\/conexbooks.de\/a\/shop\/produkt\/beherzt-leben\/\" \/>\n<meta property=\"og:locale\" content=\"de_DE\" \/>\n<meta property=\"og:type\" content=\"article\" \/>\n<meta property=\"og:title\" content=\"Beherzt leben - Conex-Shop\" \/>\n<meta property=\"og:description\" content=\"Beherzt leben Miki Kashtan BoD Verlag: 05\/2023 230 Seiten Seiten, paperback Format: 17 x 17 cm\" \/>\n<meta property=\"og:url\" content=\"https:\/\/conexbooks.de\/a\/shop\/produkt\/beherzt-leben\/\" \/>\n<meta property=\"og:site_name\" content=\"Conex-Shop\" \/>\n<meta property=\"article:modified_time\" content=\"2024-06-19T19:06:56+00:00\" \/>\n<meta property=\"og:image\" content=\"https:\/\/conexbooks.de\/a\/shop\/wp-content\/uploads\/2024\/01\/783.png\" \/>\n\t<meta property=\"og:image:width\" content=\"400\" \/>\n\t<meta property=\"og:image:height\" content=\"398\" \/>\n\t<meta property=\"og:image:type\" content=\"image\/png\" \/>\n<meta name=\"twitter:card\" content=\"summary_large_image\" \/>\n<meta name=\"twitter:label1\" content=\"Gesch\u00e4tzte Lesezeit\" \/>\n\t<meta name=\"twitter:data1\" content=\"2\u00a0Minuten\" \/>\n<script type=\"application\/ld+json\" class=\"yoast-schema-graph\">{\"@context\":\"https:\\\/\\\/schema.org\",\"@graph\":[{\"@type\":\"WebPage\",\"@id\":\"https:\\\/\\\/conexbooks.de\\\/a\\\/shop\\\/produkt\\\/beherzt-leben\\\/\",\"url\":\"https:\\\/\\\/conexbooks.de\\\/a\\\/shop\\\/produkt\\\/beherzt-leben\\\/\",\"name\":\"Beherzt leben - Conex-Shop\",\"isPartOf\":{\"@id\":\"https:\\\/\\\/conexbooks.de\\\/a\\\/shop\\\/#website\"},\"primaryImageOfPage\":{\"@id\":\"https:\\\/\\\/conexbooks.de\\\/a\\\/shop\\\/produkt\\\/beherzt-leben\\\/#primaryimage\"},\"image\":{\"@id\":\"https:\\\/\\\/conexbooks.de\\\/a\\\/shop\\\/produkt\\\/beherzt-leben\\\/#primaryimage\"},\"thumbnailUrl\":\"https:\\\/\\\/conexbooks.de\\\/a\\\/shop\\\/wp-content\\\/uploads\\\/2024\\\/01\\\/783.png\",\"datePublished\":\"2024-01-23T18:40:37+00:00\",\"dateModified\":\"2024-06-19T19:06:56+00:00\",\"breadcrumb\":{\"@id\":\"https:\\\/\\\/conexbooks.de\\\/a\\\/shop\\\/produkt\\\/beherzt-leben\\\/#breadcrumb\"},\"inLanguage\":\"de\",\"potentialAction\":[{\"@type\":\"ReadAction\",\"target\":[\"https:\\\/\\\/conexbooks.de\\\/a\\\/shop\\\/produkt\\\/beherzt-leben\\\/\"]}]},{\"@type\":\"ImageObject\",\"inLanguage\":\"de\",\"@id\":\"https:\\\/\\\/conexbooks.de\\\/a\\\/shop\\\/produkt\\\/beherzt-leben\\\/#primaryimage\",\"url\":\"https:\\\/\\\/conexbooks.de\\\/a\\\/shop\\\/wp-content\\\/uploads\\\/2024\\\/01\\\/783.png\",\"contentUrl\":\"https:\\\/\\\/conexbooks.de\\\/a\\\/shop\\\/wp-content\\\/uploads\\\/2024\\\/01\\\/783.png\",\"width\":400,\"height\":398},{\"@type\":\"BreadcrumbList\",\"@id\":\"https:\\\/\\\/conexbooks.de\\\/a\\\/shop\\\/produkt\\\/beherzt-leben\\\/#breadcrumb\",\"itemListElement\":[{\"@type\":\"ListItem\",\"position\":1,\"name\":\"Home\",\"item\":\"https:\\\/\\\/conexbooks.de\\\/a\\\/shop\\\/\"},{\"@type\":\"ListItem\",\"position\":2,\"name\":\"Shop\",\"item\":\"https:\\\/\\\/conexbooks.de\\\/a\\\/shop\\\/shop\\\/\"},{\"@type\":\"ListItem\",\"position\":3,\"name\":\"Beherzt leben\"}]},{\"@type\":\"WebSite\",\"@id\":\"https:\\\/\\\/conexbooks.de\\\/a\\\/shop\\\/#website\",\"url\":\"https:\\\/\\\/conexbooks.de\\\/a\\\/shop\\\/\",\"name\":\"Conex-Shop\",\"description\":\"Alles f\u00fcr die gewaltfreie Kommunikation: B\u00fccher, Spiele. Handpuppen Seminarmaterial und Geschenke\",\"publisher\":{\"@id\":\"https:\\\/\\\/conexbooks.de\\\/a\\\/shop\\\/#organization\"},\"potentialAction\":[{\"@type\":\"SearchAction\",\"target\":{\"@type\":\"EntryPoint\",\"urlTemplate\":\"https:\\\/\\\/conexbooks.de\\\/a\\\/shop\\\/?s={search_term_string}\"},\"query-input\":{\"@type\":\"PropertyValueSpecification\",\"valueRequired\":true,\"valueName\":\"search_term_string\"}}],\"inLanguage\":\"de\"},{\"@type\":\"Organization\",\"@id\":\"https:\\\/\\\/conexbooks.de\\\/a\\\/shop\\\/#organization\",\"name\":\"Conex - books and more\",\"url\":\"https:\\\/\\\/conexbooks.de\\\/a\\\/shop\\\/\",\"logo\":{\"@type\":\"ImageObject\",\"inLanguage\":\"de\",\"@id\":\"https:\\\/\\\/conexbooks.de\\\/a\\\/shop\\\/#\\\/schema\\\/logo\\\/image\\\/\",\"url\":\"https:\\\/\\\/conexbooks.de\\\/a\\\/shop\\\/wp-content\\\/uploads\\\/2017\\\/12\\\/co-logo.png\",\"contentUrl\":\"https:\\\/\\\/conexbooks.de\\\/a\\\/shop\\\/wp-content\\\/uploads\\\/2017\\\/12\\\/co-logo.png\",\"width\":243,\"height\":122,\"caption\":\"Conex - books and more\"},\"image\":{\"@id\":\"https:\\\/\\\/conexbooks.de\\\/a\\\/shop\\\/#\\\/schema\\\/logo\\\/image\\\/\"}}]}<\/script>\n<!-- \/ Yoast SEO plugin. -->","yoast_head_json":{"title":"Beherzt leben - Conex-Shop","robots":{"index":"index","follow":"follow","max-snippet":"max-snippet:-1","max-image-preview":"max-image-preview:large","max-video-preview":"max-video-preview:-1"},"canonical":"https:\/\/conexbooks.de\/a\/shop\/produkt\/beherzt-leben\/","og_locale":"de_DE","og_type":"article","og_title":"Beherzt leben - Conex-Shop","og_description":"Beherzt leben Miki Kashtan BoD Verlag: 05\/2023 230 Seiten Seiten, paperback Format: 17 x 17 cm","og_url":"https:\/\/conexbooks.de\/a\/shop\/produkt\/beherzt-leben\/","og_site_name":"Conex-Shop","article_modified_time":"2024-06-19T19:06:56+00:00","og_image":[{"width":400,"height":398,"url":"https:\/\/conexbooks.de\/a\/shop\/wp-content\/uploads\/2024\/01\/783.png","type":"image\/png"}],"twitter_card":"summary_large_image","twitter_misc":{"Gesch\u00e4tzte Lesezeit":"2\u00a0Minuten"},"schema":{"@context":"https:\/\/schema.org","@graph":[{"@type":"WebPage","@id":"https:\/\/conexbooks.de\/a\/shop\/produkt\/beherzt-leben\/","url":"https:\/\/conexbooks.de\/a\/shop\/produkt\/beherzt-leben\/","name":"Beherzt leben - Conex-Shop","isPartOf":{"@id":"https:\/\/conexbooks.de\/a\/shop\/#website"},"primaryImageOfPage":{"@id":"https:\/\/conexbooks.de\/a\/shop\/produkt\/beherzt-leben\/#primaryimage"},"image":{"@id":"https:\/\/conexbooks.de\/a\/shop\/produkt\/beherzt-leben\/#primaryimage"},"thumbnailUrl":"https:\/\/conexbooks.de\/a\/shop\/wp-content\/uploads\/2024\/01\/783.png","datePublished":"2024-01-23T18:40:37+00:00","dateModified":"2024-06-19T19:06:56+00:00","breadcrumb":{"@id":"https:\/\/conexbooks.de\/a\/shop\/produkt\/beherzt-leben\/#breadcrumb"},"inLanguage":"de","potentialAction":[{"@type":"ReadAction","target":["https:\/\/conexbooks.de\/a\/shop\/produkt\/beherzt-leben\/"]}]},{"@type":"ImageObject","inLanguage":"de","@id":"https:\/\/conexbooks.de\/a\/shop\/produkt\/beherzt-leben\/#primaryimage","url":"https:\/\/conexbooks.de\/a\/shop\/wp-content\/uploads\/2024\/01\/783.png","contentUrl":"https:\/\/conexbooks.de\/a\/shop\/wp-content\/uploads\/2024\/01\/783.png","width":400,"height":398},{"@type":"BreadcrumbList","@id":"https:\/\/conexbooks.de\/a\/shop\/produkt\/beherzt-leben\/#breadcrumb","itemListElement":[{"@type":"ListItem","position":1,"name":"Home","item":"https:\/\/conexbooks.de\/a\/shop\/"},{"@type":"ListItem","position":2,"name":"Shop","item":"https:\/\/conexbooks.de\/a\/shop\/shop\/"},{"@type":"ListItem","position":3,"name":"Beherzt leben"}]},{"@type":"WebSite","@id":"https:\/\/conexbooks.de\/a\/shop\/#website","url":"https:\/\/conexbooks.de\/a\/shop\/","name":"Conex-Shop","description":"Alles f\u00fcr die gewaltfreie Kommunikation: B\u00fccher, Spiele. Handpuppen Seminarmaterial und Geschenke","publisher":{"@id":"https:\/\/conexbooks.de\/a\/shop\/#organization"},"potentialAction":[{"@type":"SearchAction","target":{"@type":"EntryPoint","urlTemplate":"https:\/\/conexbooks.de\/a\/shop\/?s={search_term_string}"},"query-input":{"@type":"PropertyValueSpecification","valueRequired":true,"valueName":"search_term_string"}}],"inLanguage":"de"},{"@type":"Organization","@id":"https:\/\/conexbooks.de\/a\/shop\/#organization","name":"Conex - books and more","url":"https:\/\/conexbooks.de\/a\/shop\/","logo":{"@type":"ImageObject","inLanguage":"de","@id":"https:\/\/conexbooks.de\/a\/shop\/#\/schema\/logo\/image\/","url":"https:\/\/conexbooks.de\/a\/shop\/wp-content\/uploads\/2017\/12\/co-logo.png","contentUrl":"https:\/\/conexbooks.de\/a\/shop\/wp-content\/uploads\/2017\/12\/co-logo.png","width":243,"height":122,"caption":"Conex - books and more"},"image":{"@id":"https:\/\/conexbooks.de\/a\/shop\/#\/schema\/logo\/image\/"}}]}},"_links":{"self":[{"href":"https:\/\/conexbooks.de\/a\/shop\/wp-json\/wp\/v2\/product\/20231","targetHints":{"allow":["GET"]}}],"collection":[{"href":"https:\/\/conexbooks.de\/a\/shop\/wp-json\/wp\/v2\/product"}],"about":[{"href":"https:\/\/conexbooks.de\/a\/shop\/wp-json\/wp\/v2\/types\/product"}],"wp:featuredmedia":[{"embeddable":true,"href":"https:\/\/conexbooks.de\/a\/shop\/wp-json\/wp\/v2\/media\/20233"}],"wp:attachment":[{"href":"https:\/\/conexbooks.de\/a\/shop\/wp-json\/wp\/v2\/media?parent=20231"}],"wp:term":[{"taxonomy":"product_brand","embeddable":true,"href":"https:\/\/conexbooks.de\/a\/shop\/wp-json\/wp\/v2\/product_brand?post=20231"},{"taxonomy":"product_cat","embeddable":true,"href":"https:\/\/conexbooks.de\/a\/shop\/wp-json\/wp\/v2\/product_cat?post=20231"},{"taxonomy":"product_tag","embeddable":true,"href":"https:\/\/conexbooks.de\/a\/shop\/wp-json\/wp\/v2\/product_tag?post=20231"}],"curies":[{"name":"wp","href":"https:\/\/api.w.org\/{rel}","templated":true}]}}