{"id":20240,"date":"2024-01-23T20:09:32","date_gmt":"2024-01-23T19:09:32","guid":{"rendered":"https:\/\/conexbooks.de\/a\/shop\/?post_type=product&#038;p=20240"},"modified":"2024-05-23T15:30:20","modified_gmt":"2024-05-23T13:30:20","slug":"superkraefte-fuer-fuehrungskraefte","status":"publish","type":"product","link":"https:\/\/conexbooks.de\/a\/shop\/produkt\/superkraefte-fuer-fuehrungskraefte\/","title":{"rendered":"Superkr\u00e4fte f\u00fcr F\u00fchrungskr\u00e4fte"},"content":{"rendered":"<h4>Gewaltfreie Kommunikation im Beruf<br \/>\nvon Susanne Lorenz<\/h4>\n<p>Stell dir vor, wie du gelassen mit Konflikten umgehst. Ver\u00e4ndere deinen F\u00fchrungsalltag, indem du wertsch\u00e4tzend kommunizierst und Konfliktgespr\u00e4che empathisch f\u00fchrst. Lerne mehr \u00fcber die gewaltfreie Kommunikation und wie du sie mit anderen Kommunikationstechniken kombinieren kannst.<br \/>\nWillst du eine F\u00fchrungskraft mit Superkr\u00e4ften werden?<br \/>\nEin schwieriges Gespr\u00e4ch mit einem Mitarbeiter steht an. Aber wie soll es ablaufen? Viele F\u00fchrungskr\u00e4fte f\u00fchlen sich in dieser Situation unsicher. Sie machen sich Gedanken \u00fcber m\u00f6gliche Konsequenzen f\u00fcr die weitere Zusammenarbeit und schieben das Gespr\u00e4ch vor sich her.<br \/>\nDu kennst diese Situation?<\/p>\n<p>Dann m\u00f6chtest du bestimmt:<\/p>\n<p>&#8211; bewusster und zielgerichteter kommunizieren?<br \/>\n&#8211; Konflikte besser erkennen, ansprechen und aufl\u00f6sen?<br \/>\n&#8211; die konstruktive Zusammenarbeit im Team und die Motivation deiner Mitarbeiter f\u00f6rdern?<br \/>\n&#8211; durch regelm\u00e4\u00dfiges Selbst-Coaching schneller zum Ziel kommen?<br \/>\n&#8211; mehr Energie und weniger Stress im Arbeitsalltag haben?<\/p>\n<p>Ich zeige dir, wie auch du das erreichst!<\/p>\n<p>Das Buch &#8222;Superkr\u00e4fte f\u00fcr F\u00fchrungskr\u00e4fte &#8211; Gewaltfreie Kommunikation in Beruf&#8220; zeigt dir, wie gewaltfreie Kommunikation und andere Kommunikationsmethoden dich als F\u00fchrungskraft dabei unterst\u00fctzen, deine Konfliktf\u00e4higkeit zu st\u00e4rken und Konflikten vorzubeugen. So f\u00f6rderst du den Zusammenhalt im Team und schaffst eine vertrauensvolle Atmosph\u00e4re.<br \/>\nIm Mittelpunkt dieses Buchs stehen praktische Tipps, damit du das Gelernte direkt im Arbeitsalltag umsetzen kannst. Zus\u00e4tzlich verwendet die Autorin anschauliche Beispiele aus ihrer eigenen mehrj\u00e4hrigen Berufserfahrung als Managerin und Trainerin.<\/p>\n<p>Ausschnitt aus dem Inhaltsverzeichnis:<\/p>\n<p>&#8211; Warum Konflikte normal sind<br \/>\n&#8211; Vorteile von Konflikten<br \/>\n&#8211; Haltung der gewaltfreien Kommunikation<br \/>\n&#8211; Sprache der gewaltfreien Kommunikation<br \/>\n&#8211; Superkraft &#8222;Bewusst reagieren&#8220;<br \/>\n&#8211; Superkraft &#8222;Empathie anwenden&#8220;<br \/>\n&#8211; Superkraft &#8222;Delegieren k\u00f6nnen&#8220;<br \/>\n&#8211; Superkraft &#8222;\u00c4rger aufl\u00f6sen&#8220;<br \/>\n&#8211; Superkraft &#8222;Selbstcoaching&#8220;<br \/>\n&#8211; Superkr\u00e4fte durch andere Modelle und Ans\u00e4tze<\/p>\n<p>F\u00fcr wen ist das Buch gedacht?<\/p>\n<p>Dieses Buch richtet sich an F\u00fchrungskr\u00e4fte, die sich gern auf Konfliktgespr\u00e4che vorbereiten und diese wertsch\u00e4tzend durchf\u00fchren wollen. Auch hilft es dir dabei, zuk\u00fcnftigen Streit vermeiden zu k\u00f6nnen.<\/p>\n<p>&nbsp;<\/p>\n<div id='1' class='widgets_on_page wop_tiny1  wop_small1  wop_medium1  wop_large1  wop_wide1'>\n\t\t\t<ul><li id=\"custom_html-4\" class=\"widget_text widget widget_custom_html\"><div class=\"textwidget custom-html-widget\"><div style=\"text-align:left;\">\r\n<button class = \"button\" style=\"height: 30px; font-size: 0.8em;\" name=\"zuruck\" type=\"button\" onclick=\"history.back()\">Zur\u00fcck zur \u00dcbersicht<\/button><\/div><\/div><\/li><\/ul><\/div><!-- widgets_on_page -->\n","protected":false},"excerpt":{"rendered":"<h4>Gewaltfreie Kommunikation im Beruf<\/h4>\n<h4>Susanne Lorenz<\/h4>\n<p>BoD Verlag: 12\/2022<br \/>\n280 Seiten Seiten, paperback<br \/>\nFormat: 15 x 21 cm<\/p>\n","protected":false},"featured_media":20241,"template":"","meta":[],"product_brand":[],"product_cat":[45,36,53,39],"product_tag":[291,522,552,551,113,549,550,288],"class_list":{"0":"post-20240","1":"product","2":"type-product","3":"status-publish","4":"has-post-thumbnail","6":"product_cat-arbeit-sonstiges","7":"product_cat-deutsche-buecher","8":"product_cat-neu","9":"product_cat-persoenliche-entwicklung","10":"product_tag-bewusstseinsbildung","11":"product_tag-gewalt-wandeln","12":"product_tag-radikale-veraenderung","13":"product_tag-veraenderung","14":"product_tag-verantwortung","15":"product_tag-vision","16":"product_tag-wegweiser","17":"product_tag-weisheit","19":"first","20":"outofstock","21":"shipping-taxable","22":"purchasable","23":"product-type-simple"},"yoast_head":"<!-- This site is optimized with the Yoast SEO plugin v27.5 - https:\/\/yoast.com\/product\/yoast-seo-wordpress\/ -->\n<title>Superkr\u00e4fte f\u00fcr F\u00fchrungskr\u00e4fte - Conex-Shop<\/title>\n<meta name=\"robots\" content=\"index, follow, max-snippet:-1, max-image-preview:large, max-video-preview:-1\" \/>\n<link rel=\"canonical\" href=\"https:\/\/conexbooks.de\/a\/shop\/produkt\/superkraefte-fuer-fuehrungskraefte\/\" \/>\n<meta property=\"og:locale\" content=\"de_DE\" \/>\n<meta property=\"og:type\" content=\"article\" \/>\n<meta property=\"og:title\" content=\"Superkr\u00e4fte f\u00fcr F\u00fchrungskr\u00e4fte - Conex-Shop\" \/>\n<meta property=\"og:description\" content=\"Gewaltfreie Kommunikation im Beruf Susanne Lorenz BoD Verlag: 12\/2022 280 Seiten Seiten, paperback Format: 15 x 21 cm\" \/>\n<meta property=\"og:url\" content=\"https:\/\/conexbooks.de\/a\/shop\/produkt\/superkraefte-fuer-fuehrungskraefte\/\" \/>\n<meta property=\"og:site_name\" content=\"Conex-Shop\" \/>\n<meta property=\"article:modified_time\" content=\"2024-05-23T13:30:20+00:00\" \/>\n<meta property=\"og:image\" content=\"https:\/\/conexbooks.de\/a\/shop\/wp-content\/uploads\/2024\/01\/784.png\" \/>\n\t<meta property=\"og:image:width\" content=\"400\" \/>\n\t<meta property=\"og:image:height\" content=\"568\" \/>\n\t<meta property=\"og:image:type\" content=\"image\/png\" \/>\n<meta name=\"twitter:card\" content=\"summary_large_image\" \/>\n<meta name=\"twitter:label1\" content=\"Gesch\u00e4tzte Lesezeit\" \/>\n\t<meta name=\"twitter:data1\" content=\"2\u00a0Minuten\" \/>\n<script type=\"application\/ld+json\" class=\"yoast-schema-graph\">{\"@context\":\"https:\\\/\\\/schema.org\",\"@graph\":[{\"@type\":\"WebPage\",\"@id\":\"https:\\\/\\\/conexbooks.de\\\/a\\\/shop\\\/produkt\\\/superkraefte-fuer-fuehrungskraefte\\\/\",\"url\":\"https:\\\/\\\/conexbooks.de\\\/a\\\/shop\\\/produkt\\\/superkraefte-fuer-fuehrungskraefte\\\/\",\"name\":\"Superkr\u00e4fte f\u00fcr F\u00fchrungskr\u00e4fte - Conex-Shop\",\"isPartOf\":{\"@id\":\"https:\\\/\\\/conexbooks.de\\\/a\\\/shop\\\/#website\"},\"primaryImageOfPage\":{\"@id\":\"https:\\\/\\\/conexbooks.de\\\/a\\\/shop\\\/produkt\\\/superkraefte-fuer-fuehrungskraefte\\\/#primaryimage\"},\"image\":{\"@id\":\"https:\\\/\\\/conexbooks.de\\\/a\\\/shop\\\/produkt\\\/superkraefte-fuer-fuehrungskraefte\\\/#primaryimage\"},\"thumbnailUrl\":\"https:\\\/\\\/conexbooks.de\\\/a\\\/shop\\\/wp-content\\\/uploads\\\/2024\\\/01\\\/784.png\",\"datePublished\":\"2024-01-23T19:09:32+00:00\",\"dateModified\":\"2024-05-23T13:30:20+00:00\",\"breadcrumb\":{\"@id\":\"https:\\\/\\\/conexbooks.de\\\/a\\\/shop\\\/produkt\\\/superkraefte-fuer-fuehrungskraefte\\\/#breadcrumb\"},\"inLanguage\":\"de\",\"potentialAction\":[{\"@type\":\"ReadAction\",\"target\":[\"https:\\\/\\\/conexbooks.de\\\/a\\\/shop\\\/produkt\\\/superkraefte-fuer-fuehrungskraefte\\\/\"]}]},{\"@type\":\"ImageObject\",\"inLanguage\":\"de\",\"@id\":\"https:\\\/\\\/conexbooks.de\\\/a\\\/shop\\\/produkt\\\/superkraefte-fuer-fuehrungskraefte\\\/#primaryimage\",\"url\":\"https:\\\/\\\/conexbooks.de\\\/a\\\/shop\\\/wp-content\\\/uploads\\\/2024\\\/01\\\/784.png\",\"contentUrl\":\"https:\\\/\\\/conexbooks.de\\\/a\\\/shop\\\/wp-content\\\/uploads\\\/2024\\\/01\\\/784.png\",\"width\":400,\"height\":568},{\"@type\":\"BreadcrumbList\",\"@id\":\"https:\\\/\\\/conexbooks.de\\\/a\\\/shop\\\/produkt\\\/superkraefte-fuer-fuehrungskraefte\\\/#breadcrumb\",\"itemListElement\":[{\"@type\":\"ListItem\",\"position\":1,\"name\":\"Home\",\"item\":\"https:\\\/\\\/conexbooks.de\\\/a\\\/shop\\\/\"},{\"@type\":\"ListItem\",\"position\":2,\"name\":\"Shop\",\"item\":\"https:\\\/\\\/conexbooks.de\\\/a\\\/shop\\\/shop\\\/\"},{\"@type\":\"ListItem\",\"position\":3,\"name\":\"Superkr\u00e4fte f\u00fcr F\u00fchrungskr\u00e4fte\"}]},{\"@type\":\"WebSite\",\"@id\":\"https:\\\/\\\/conexbooks.de\\\/a\\\/shop\\\/#website\",\"url\":\"https:\\\/\\\/conexbooks.de\\\/a\\\/shop\\\/\",\"name\":\"Conex-Shop\",\"description\":\"Alles f\u00fcr die gewaltfreie Kommunikation: B\u00fccher, Spiele. Handpuppen Seminarmaterial und Geschenke\",\"publisher\":{\"@id\":\"https:\\\/\\\/conexbooks.de\\\/a\\\/shop\\\/#organization\"},\"potentialAction\":[{\"@type\":\"SearchAction\",\"target\":{\"@type\":\"EntryPoint\",\"urlTemplate\":\"https:\\\/\\\/conexbooks.de\\\/a\\\/shop\\\/?s={search_term_string}\"},\"query-input\":{\"@type\":\"PropertyValueSpecification\",\"valueRequired\":true,\"valueName\":\"search_term_string\"}}],\"inLanguage\":\"de\"},{\"@type\":\"Organization\",\"@id\":\"https:\\\/\\\/conexbooks.de\\\/a\\\/shop\\\/#organization\",\"name\":\"Conex - books and more\",\"url\":\"https:\\\/\\\/conexbooks.de\\\/a\\\/shop\\\/\",\"logo\":{\"@type\":\"ImageObject\",\"inLanguage\":\"de\",\"@id\":\"https:\\\/\\\/conexbooks.de\\\/a\\\/shop\\\/#\\\/schema\\\/logo\\\/image\\\/\",\"url\":\"https:\\\/\\\/conexbooks.de\\\/a\\\/shop\\\/wp-content\\\/uploads\\\/2017\\\/12\\\/co-logo.png\",\"contentUrl\":\"https:\\\/\\\/conexbooks.de\\\/a\\\/shop\\\/wp-content\\\/uploads\\\/2017\\\/12\\\/co-logo.png\",\"width\":243,\"height\":122,\"caption\":\"Conex - books and more\"},\"image\":{\"@id\":\"https:\\\/\\\/conexbooks.de\\\/a\\\/shop\\\/#\\\/schema\\\/logo\\\/image\\\/\"}}]}<\/script>\n<!-- \/ Yoast SEO plugin. -->","yoast_head_json":{"title":"Superkr\u00e4fte f\u00fcr F\u00fchrungskr\u00e4fte - Conex-Shop","robots":{"index":"index","follow":"follow","max-snippet":"max-snippet:-1","max-image-preview":"max-image-preview:large","max-video-preview":"max-video-preview:-1"},"canonical":"https:\/\/conexbooks.de\/a\/shop\/produkt\/superkraefte-fuer-fuehrungskraefte\/","og_locale":"de_DE","og_type":"article","og_title":"Superkr\u00e4fte f\u00fcr F\u00fchrungskr\u00e4fte - Conex-Shop","og_description":"Gewaltfreie Kommunikation im Beruf Susanne Lorenz BoD Verlag: 12\/2022 280 Seiten Seiten, paperback Format: 15 x 21 cm","og_url":"https:\/\/conexbooks.de\/a\/shop\/produkt\/superkraefte-fuer-fuehrungskraefte\/","og_site_name":"Conex-Shop","article_modified_time":"2024-05-23T13:30:20+00:00","og_image":[{"width":400,"height":568,"url":"https:\/\/conexbooks.de\/a\/shop\/wp-content\/uploads\/2024\/01\/784.png","type":"image\/png"}],"twitter_card":"summary_large_image","twitter_misc":{"Gesch\u00e4tzte Lesezeit":"2\u00a0Minuten"},"schema":{"@context":"https:\/\/schema.org","@graph":[{"@type":"WebPage","@id":"https:\/\/conexbooks.de\/a\/shop\/produkt\/superkraefte-fuer-fuehrungskraefte\/","url":"https:\/\/conexbooks.de\/a\/shop\/produkt\/superkraefte-fuer-fuehrungskraefte\/","name":"Superkr\u00e4fte f\u00fcr F\u00fchrungskr\u00e4fte - Conex-Shop","isPartOf":{"@id":"https:\/\/conexbooks.de\/a\/shop\/#website"},"primaryImageOfPage":{"@id":"https:\/\/conexbooks.de\/a\/shop\/produkt\/superkraefte-fuer-fuehrungskraefte\/#primaryimage"},"image":{"@id":"https:\/\/conexbooks.de\/a\/shop\/produkt\/superkraefte-fuer-fuehrungskraefte\/#primaryimage"},"thumbnailUrl":"https:\/\/conexbooks.de\/a\/shop\/wp-content\/uploads\/2024\/01\/784.png","datePublished":"2024-01-23T19:09:32+00:00","dateModified":"2024-05-23T13:30:20+00:00","breadcrumb":{"@id":"https:\/\/conexbooks.de\/a\/shop\/produkt\/superkraefte-fuer-fuehrungskraefte\/#breadcrumb"},"inLanguage":"de","potentialAction":[{"@type":"ReadAction","target":["https:\/\/conexbooks.de\/a\/shop\/produkt\/superkraefte-fuer-fuehrungskraefte\/"]}]},{"@type":"ImageObject","inLanguage":"de","@id":"https:\/\/conexbooks.de\/a\/shop\/produkt\/superkraefte-fuer-fuehrungskraefte\/#primaryimage","url":"https:\/\/conexbooks.de\/a\/shop\/wp-content\/uploads\/2024\/01\/784.png","contentUrl":"https:\/\/conexbooks.de\/a\/shop\/wp-content\/uploads\/2024\/01\/784.png","width":400,"height":568},{"@type":"BreadcrumbList","@id":"https:\/\/conexbooks.de\/a\/shop\/produkt\/superkraefte-fuer-fuehrungskraefte\/#breadcrumb","itemListElement":[{"@type":"ListItem","position":1,"name":"Home","item":"https:\/\/conexbooks.de\/a\/shop\/"},{"@type":"ListItem","position":2,"name":"Shop","item":"https:\/\/conexbooks.de\/a\/shop\/shop\/"},{"@type":"ListItem","position":3,"name":"Superkr\u00e4fte f\u00fcr F\u00fchrungskr\u00e4fte"}]},{"@type":"WebSite","@id":"https:\/\/conexbooks.de\/a\/shop\/#website","url":"https:\/\/conexbooks.de\/a\/shop\/","name":"Conex-Shop","description":"Alles f\u00fcr die gewaltfreie Kommunikation: B\u00fccher, Spiele. Handpuppen Seminarmaterial und Geschenke","publisher":{"@id":"https:\/\/conexbooks.de\/a\/shop\/#organization"},"potentialAction":[{"@type":"SearchAction","target":{"@type":"EntryPoint","urlTemplate":"https:\/\/conexbooks.de\/a\/shop\/?s={search_term_string}"},"query-input":{"@type":"PropertyValueSpecification","valueRequired":true,"valueName":"search_term_string"}}],"inLanguage":"de"},{"@type":"Organization","@id":"https:\/\/conexbooks.de\/a\/shop\/#organization","name":"Conex - books and more","url":"https:\/\/conexbooks.de\/a\/shop\/","logo":{"@type":"ImageObject","inLanguage":"de","@id":"https:\/\/conexbooks.de\/a\/shop\/#\/schema\/logo\/image\/","url":"https:\/\/conexbooks.de\/a\/shop\/wp-content\/uploads\/2017\/12\/co-logo.png","contentUrl":"https:\/\/conexbooks.de\/a\/shop\/wp-content\/uploads\/2017\/12\/co-logo.png","width":243,"height":122,"caption":"Conex - books and more"},"image":{"@id":"https:\/\/conexbooks.de\/a\/shop\/#\/schema\/logo\/image\/"}}]}},"_links":{"self":[{"href":"https:\/\/conexbooks.de\/a\/shop\/wp-json\/wp\/v2\/product\/20240","targetHints":{"allow":["GET"]}}],"collection":[{"href":"https:\/\/conexbooks.de\/a\/shop\/wp-json\/wp\/v2\/product"}],"about":[{"href":"https:\/\/conexbooks.de\/a\/shop\/wp-json\/wp\/v2\/types\/product"}],"wp:featuredmedia":[{"embeddable":true,"href":"https:\/\/conexbooks.de\/a\/shop\/wp-json\/wp\/v2\/media\/20241"}],"wp:attachment":[{"href":"https:\/\/conexbooks.de\/a\/shop\/wp-json\/wp\/v2\/media?parent=20240"}],"wp:term":[{"taxonomy":"product_brand","embeddable":true,"href":"https:\/\/conexbooks.de\/a\/shop\/wp-json\/wp\/v2\/product_brand?post=20240"},{"taxonomy":"product_cat","embeddable":true,"href":"https:\/\/conexbooks.de\/a\/shop\/wp-json\/wp\/v2\/product_cat?post=20240"},{"taxonomy":"product_tag","embeddable":true,"href":"https:\/\/conexbooks.de\/a\/shop\/wp-json\/wp\/v2\/product_tag?post=20240"}],"curies":[{"name":"wp","href":"https:\/\/api.w.org\/{rel}","templated":true}]}}