{"id":20609,"date":"2024-09-16T17:16:32","date_gmt":"2024-09-16T15:16:32","guid":{"rendered":"https:\/\/conexbooks.de\/a\/shop\/?post_type=product&#038;p=20609"},"modified":"2026-04-10T12:13:35","modified_gmt":"2026-04-10T10:13:35","slug":"gewaltfreie-kommunikation-das-10-minuten-journal","status":"publish","type":"product","link":"https:\/\/conexbooks.de\/a\/shop\/produkt\/gewaltfreie-kommunikation-das-10-minuten-journal\/","title":{"rendered":"Gewaltfreie Kommunikation \u2013 Das 10-Minuten-Journal"},"content":{"rendered":"<h4><strong>Schritt f\u00fcr Schritt-Anleitung<\/strong> im <strong>praktischen Umgang mit der GFK nach Marshall B. Rosenberg<br \/>\n<\/strong><\/h4>\n<h4>Uschi Kellenberger<\/h4>\n<p><strong>Gewaltfreier Umgang in der Praxis<br \/>\n<\/strong><\/p>\n<p>Die Gewaltfreie Kommunikation zu erlernen und zu verinnerlichen, erfordert Zeit und Engagement. Dies kann ein Hindernis f\u00fcr den Einstieg sein. Vor allem dann, wenn noch keine pers\u00f6nlichen Erfahrungen dar\u00fcber gemacht wurden, wie hilfreich eine gewaltfreie Haltung f\u00fcr uns selbst und im Miteinander ist. Damit dies dennoch gelingt, hat Uschi Kellenberger ein praktikables Tool geschaffen, das es erm\u00f6glicht, sich die Praxis des gewaltfreien Umgangs Schritt f\u00fcr Schritt mit kurzen t\u00e4glichen \u00dcbungen anzueignen.<br \/>\nT\u00e4glich erwarten dich kleine \u00dcbungen, die dich einladen, mit deinen Gef\u00fchlen und Bed\u00fcrfnissen in Verbindung zu kommen und \u00fcber sie zu reflektieren. Durch diese Besch\u00e4ftigung mit dir selbst entsteht ein fruchtbarer Raum f\u00fcr Lernen und Wachstum. Es ist ein praktischer und strukturierter Begleiter auf deinem pers\u00f6nlichen \u00dcbungs- und Erfahrungsweg.<\/p>\n<div id='1' class='widgets_on_page wop_tiny1  wop_small1  wop_medium1  wop_large1  wop_wide1'>\n\t\t\t<ul><li id=\"custom_html-4\" class=\"widget_text widget widget_custom_html\"><div class=\"textwidget custom-html-widget\"><div style=\"text-align:left;\">\r\n<button class = \"button\" style=\"height: 30px; font-size: 0.8em;\" name=\"zuruck\" type=\"button\" onclick=\"history.back()\">Zur\u00fcck zur \u00dcbersicht<\/button><\/div><\/div><\/li><\/ul><\/div><!-- widgets_on_page -->\n","protected":false},"excerpt":{"rendered":"<h3>Uschi Kellenberger<\/h3>\n<h4><strong>Schritt f\u00fcr Schritt-Anleitung<\/strong> im <strong>praktischen Umgang mit der GFK nach Marshall B. Rosenberg<\/strong><\/h4>\n<p><strong>Gewaltfreier Umgang in der Praxis<\/strong><\/p>\n<p>Herausgeber: Empathie-Werkstatt, <strong>1. Auflage Sept. 2024\u00a0 <\/strong>132 Seiten (farbig illustriert), kartonierter Einband<\/p>\n<p>Gr\u00f6sse: 210 \u00d7 210 mm<\/p>\n","protected":false},"featured_media":20617,"template":"","meta":[],"product_brand":[],"product_cat":[482,36,629,53,39],"product_tag":[359,357,358,360],"class_list":{"0":"post-20609","1":"product","2":"type-product","3":"status-publish","4":"has-post-thumbnail","6":"product_cat-buecher","7":"product_cat-deutsche-buecher","8":"product_cat-ukellenberger","9":"product_cat-neu","10":"product_cat-persoenliche-entwicklung","11":"product_tag-glaubenssaetze-veraendern","12":"product_tag-persoenlichkeitsentwicklung","13":"product_tag-selbsterkenntnis","14":"product_tag-selbstliebe","16":"first","17":"instock","18":"sale","19":"shipping-taxable","20":"purchasable","21":"product-type-simple"},"yoast_head":"<!-- This site is optimized with the Yoast SEO plugin v27.4 - https:\/\/yoast.com\/product\/yoast-seo-wordpress\/ -->\n<title>Gewaltfreie Kommunikation \u2013 Das 10-Minuten-Journal - Conex-Shop<\/title>\n<meta name=\"robots\" content=\"index, follow, max-snippet:-1, max-image-preview:large, max-video-preview:-1\" \/>\n<link rel=\"canonical\" href=\"https:\/\/conexbooks.de\/a\/shop\/produkt\/gewaltfreie-kommunikation-das-10-minuten-journal\/\" \/>\n<meta property=\"og:locale\" content=\"de_DE\" \/>\n<meta property=\"og:type\" content=\"article\" \/>\n<meta property=\"og:title\" content=\"Gewaltfreie Kommunikation \u2013 Das 10-Minuten-Journal - Conex-Shop\" \/>\n<meta property=\"og:description\" content=\"Uschi Kellenberger Schritt f\u00fcr Schritt-Anleitung im praktischen Umgang mit der GFK nach Marshall B. Rosenberg Gewaltfreier Umgang in der Praxis  Herausgeber: Empathie-Werkstatt, 1. Auflage Sept. 2024\u00a0 132 Seiten (farbig illustriert), kartonierter Einband  Gr\u00f6sse: 210 \u00d7 210 mm\" \/>\n<meta property=\"og:url\" content=\"https:\/\/conexbooks.de\/a\/shop\/produkt\/gewaltfreie-kommunikation-das-10-minuten-journal\/\" \/>\n<meta property=\"og:site_name\" content=\"Conex-Shop\" \/>\n<meta property=\"article:modified_time\" content=\"2026-04-10T10:13:35+00:00\" \/>\n<meta property=\"og:image\" content=\"https:\/\/conexbooks.de\/a\/shop\/wp-content\/uploads\/2024\/09\/786.png\" \/>\n\t<meta property=\"og:image:width\" content=\"463\" \/>\n\t<meta property=\"og:image:height\" content=\"400\" \/>\n\t<meta property=\"og:image:type\" content=\"image\/png\" \/>\n<meta name=\"twitter:card\" content=\"summary_large_image\" \/>\n<meta name=\"twitter:label1\" content=\"Gesch\u00e4tzte Lesezeit\" \/>\n\t<meta name=\"twitter:data1\" content=\"1\u00a0Minute\" \/>\n<script type=\"application\/ld+json\" class=\"yoast-schema-graph\">{\"@context\":\"https:\\\/\\\/schema.org\",\"@graph\":[{\"@type\":\"WebPage\",\"@id\":\"https:\\\/\\\/conexbooks.de\\\/a\\\/shop\\\/produkt\\\/gewaltfreie-kommunikation-das-10-minuten-journal\\\/\",\"url\":\"https:\\\/\\\/conexbooks.de\\\/a\\\/shop\\\/produkt\\\/gewaltfreie-kommunikation-das-10-minuten-journal\\\/\",\"name\":\"Gewaltfreie Kommunikation \u2013 Das 10-Minuten-Journal - Conex-Shop\",\"isPartOf\":{\"@id\":\"https:\\\/\\\/conexbooks.de\\\/a\\\/shop\\\/#website\"},\"primaryImageOfPage\":{\"@id\":\"https:\\\/\\\/conexbooks.de\\\/a\\\/shop\\\/produkt\\\/gewaltfreie-kommunikation-das-10-minuten-journal\\\/#primaryimage\"},\"image\":{\"@id\":\"https:\\\/\\\/conexbooks.de\\\/a\\\/shop\\\/produkt\\\/gewaltfreie-kommunikation-das-10-minuten-journal\\\/#primaryimage\"},\"thumbnailUrl\":\"https:\\\/\\\/conexbooks.de\\\/a\\\/shop\\\/wp-content\\\/uploads\\\/2024\\\/09\\\/786.png\",\"datePublished\":\"2024-09-16T15:16:32+00:00\",\"dateModified\":\"2026-04-10T10:13:35+00:00\",\"breadcrumb\":{\"@id\":\"https:\\\/\\\/conexbooks.de\\\/a\\\/shop\\\/produkt\\\/gewaltfreie-kommunikation-das-10-minuten-journal\\\/#breadcrumb\"},\"inLanguage\":\"de\",\"potentialAction\":[{\"@type\":\"ReadAction\",\"target\":[\"https:\\\/\\\/conexbooks.de\\\/a\\\/shop\\\/produkt\\\/gewaltfreie-kommunikation-das-10-minuten-journal\\\/\"]}]},{\"@type\":\"ImageObject\",\"inLanguage\":\"de\",\"@id\":\"https:\\\/\\\/conexbooks.de\\\/a\\\/shop\\\/produkt\\\/gewaltfreie-kommunikation-das-10-minuten-journal\\\/#primaryimage\",\"url\":\"https:\\\/\\\/conexbooks.de\\\/a\\\/shop\\\/wp-content\\\/uploads\\\/2024\\\/09\\\/786.png\",\"contentUrl\":\"https:\\\/\\\/conexbooks.de\\\/a\\\/shop\\\/wp-content\\\/uploads\\\/2024\\\/09\\\/786.png\",\"width\":463,\"height\":400},{\"@type\":\"BreadcrumbList\",\"@id\":\"https:\\\/\\\/conexbooks.de\\\/a\\\/shop\\\/produkt\\\/gewaltfreie-kommunikation-das-10-minuten-journal\\\/#breadcrumb\",\"itemListElement\":[{\"@type\":\"ListItem\",\"position\":1,\"name\":\"Home\",\"item\":\"https:\\\/\\\/conexbooks.de\\\/a\\\/shop\\\/\"},{\"@type\":\"ListItem\",\"position\":2,\"name\":\"Shop\",\"item\":\"https:\\\/\\\/conexbooks.de\\\/a\\\/shop\\\/shop\\\/\"},{\"@type\":\"ListItem\",\"position\":3,\"name\":\"Gewaltfreie Kommunikation \u2013 Das 10-Minuten-Journal\"}]},{\"@type\":\"WebSite\",\"@id\":\"https:\\\/\\\/conexbooks.de\\\/a\\\/shop\\\/#website\",\"url\":\"https:\\\/\\\/conexbooks.de\\\/a\\\/shop\\\/\",\"name\":\"Conex-Shop\",\"description\":\"Alles f\u00fcr die gewaltfreie Kommunikation: B\u00fccher, Spiele. Handpuppen Seminarmaterial und Geschenke\",\"publisher\":{\"@id\":\"https:\\\/\\\/conexbooks.de\\\/a\\\/shop\\\/#organization\"},\"potentialAction\":[{\"@type\":\"SearchAction\",\"target\":{\"@type\":\"EntryPoint\",\"urlTemplate\":\"https:\\\/\\\/conexbooks.de\\\/a\\\/shop\\\/?s={search_term_string}\"},\"query-input\":{\"@type\":\"PropertyValueSpecification\",\"valueRequired\":true,\"valueName\":\"search_term_string\"}}],\"inLanguage\":\"de\"},{\"@type\":\"Organization\",\"@id\":\"https:\\\/\\\/conexbooks.de\\\/a\\\/shop\\\/#organization\",\"name\":\"Conex - books and more\",\"url\":\"https:\\\/\\\/conexbooks.de\\\/a\\\/shop\\\/\",\"logo\":{\"@type\":\"ImageObject\",\"inLanguage\":\"de\",\"@id\":\"https:\\\/\\\/conexbooks.de\\\/a\\\/shop\\\/#\\\/schema\\\/logo\\\/image\\\/\",\"url\":\"https:\\\/\\\/conexbooks.de\\\/a\\\/shop\\\/wp-content\\\/uploads\\\/2017\\\/12\\\/co-logo.png\",\"contentUrl\":\"https:\\\/\\\/conexbooks.de\\\/a\\\/shop\\\/wp-content\\\/uploads\\\/2017\\\/12\\\/co-logo.png\",\"width\":243,\"height\":122,\"caption\":\"Conex - books and more\"},\"image\":{\"@id\":\"https:\\\/\\\/conexbooks.de\\\/a\\\/shop\\\/#\\\/schema\\\/logo\\\/image\\\/\"}}]}<\/script>\n<!-- \/ Yoast SEO plugin. -->","yoast_head_json":{"title":"Gewaltfreie Kommunikation \u2013 Das 10-Minuten-Journal - Conex-Shop","robots":{"index":"index","follow":"follow","max-snippet":"max-snippet:-1","max-image-preview":"max-image-preview:large","max-video-preview":"max-video-preview:-1"},"canonical":"https:\/\/conexbooks.de\/a\/shop\/produkt\/gewaltfreie-kommunikation-das-10-minuten-journal\/","og_locale":"de_DE","og_type":"article","og_title":"Gewaltfreie Kommunikation \u2013 Das 10-Minuten-Journal - Conex-Shop","og_description":"Uschi Kellenberger Schritt f\u00fcr Schritt-Anleitung im praktischen Umgang mit der GFK nach Marshall B. Rosenberg Gewaltfreier Umgang in der Praxis  Herausgeber: Empathie-Werkstatt, 1. Auflage Sept. 2024\u00a0 132 Seiten (farbig illustriert), kartonierter Einband  Gr\u00f6sse: 210 \u00d7 210 mm","og_url":"https:\/\/conexbooks.de\/a\/shop\/produkt\/gewaltfreie-kommunikation-das-10-minuten-journal\/","og_site_name":"Conex-Shop","article_modified_time":"2026-04-10T10:13:35+00:00","og_image":[{"width":463,"height":400,"url":"https:\/\/conexbooks.de\/a\/shop\/wp-content\/uploads\/2024\/09\/786.png","type":"image\/png"}],"twitter_card":"summary_large_image","twitter_misc":{"Gesch\u00e4tzte Lesezeit":"1\u00a0Minute"},"schema":{"@context":"https:\/\/schema.org","@graph":[{"@type":"WebPage","@id":"https:\/\/conexbooks.de\/a\/shop\/produkt\/gewaltfreie-kommunikation-das-10-minuten-journal\/","url":"https:\/\/conexbooks.de\/a\/shop\/produkt\/gewaltfreie-kommunikation-das-10-minuten-journal\/","name":"Gewaltfreie Kommunikation \u2013 Das 10-Minuten-Journal - Conex-Shop","isPartOf":{"@id":"https:\/\/conexbooks.de\/a\/shop\/#website"},"primaryImageOfPage":{"@id":"https:\/\/conexbooks.de\/a\/shop\/produkt\/gewaltfreie-kommunikation-das-10-minuten-journal\/#primaryimage"},"image":{"@id":"https:\/\/conexbooks.de\/a\/shop\/produkt\/gewaltfreie-kommunikation-das-10-minuten-journal\/#primaryimage"},"thumbnailUrl":"https:\/\/conexbooks.de\/a\/shop\/wp-content\/uploads\/2024\/09\/786.png","datePublished":"2024-09-16T15:16:32+00:00","dateModified":"2026-04-10T10:13:35+00:00","breadcrumb":{"@id":"https:\/\/conexbooks.de\/a\/shop\/produkt\/gewaltfreie-kommunikation-das-10-minuten-journal\/#breadcrumb"},"inLanguage":"de","potentialAction":[{"@type":"ReadAction","target":["https:\/\/conexbooks.de\/a\/shop\/produkt\/gewaltfreie-kommunikation-das-10-minuten-journal\/"]}]},{"@type":"ImageObject","inLanguage":"de","@id":"https:\/\/conexbooks.de\/a\/shop\/produkt\/gewaltfreie-kommunikation-das-10-minuten-journal\/#primaryimage","url":"https:\/\/conexbooks.de\/a\/shop\/wp-content\/uploads\/2024\/09\/786.png","contentUrl":"https:\/\/conexbooks.de\/a\/shop\/wp-content\/uploads\/2024\/09\/786.png","width":463,"height":400},{"@type":"BreadcrumbList","@id":"https:\/\/conexbooks.de\/a\/shop\/produkt\/gewaltfreie-kommunikation-das-10-minuten-journal\/#breadcrumb","itemListElement":[{"@type":"ListItem","position":1,"name":"Home","item":"https:\/\/conexbooks.de\/a\/shop\/"},{"@type":"ListItem","position":2,"name":"Shop","item":"https:\/\/conexbooks.de\/a\/shop\/shop\/"},{"@type":"ListItem","position":3,"name":"Gewaltfreie Kommunikation \u2013 Das 10-Minuten-Journal"}]},{"@type":"WebSite","@id":"https:\/\/conexbooks.de\/a\/shop\/#website","url":"https:\/\/conexbooks.de\/a\/shop\/","name":"Conex-Shop","description":"Alles f\u00fcr die gewaltfreie Kommunikation: B\u00fccher, Spiele. Handpuppen Seminarmaterial und Geschenke","publisher":{"@id":"https:\/\/conexbooks.de\/a\/shop\/#organization"},"potentialAction":[{"@type":"SearchAction","target":{"@type":"EntryPoint","urlTemplate":"https:\/\/conexbooks.de\/a\/shop\/?s={search_term_string}"},"query-input":{"@type":"PropertyValueSpecification","valueRequired":true,"valueName":"search_term_string"}}],"inLanguage":"de"},{"@type":"Organization","@id":"https:\/\/conexbooks.de\/a\/shop\/#organization","name":"Conex - books and more","url":"https:\/\/conexbooks.de\/a\/shop\/","logo":{"@type":"ImageObject","inLanguage":"de","@id":"https:\/\/conexbooks.de\/a\/shop\/#\/schema\/logo\/image\/","url":"https:\/\/conexbooks.de\/a\/shop\/wp-content\/uploads\/2017\/12\/co-logo.png","contentUrl":"https:\/\/conexbooks.de\/a\/shop\/wp-content\/uploads\/2017\/12\/co-logo.png","width":243,"height":122,"caption":"Conex - books and more"},"image":{"@id":"https:\/\/conexbooks.de\/a\/shop\/#\/schema\/logo\/image\/"}}]}},"_links":{"self":[{"href":"https:\/\/conexbooks.de\/a\/shop\/wp-json\/wp\/v2\/product\/20609","targetHints":{"allow":["GET"]}}],"collection":[{"href":"https:\/\/conexbooks.de\/a\/shop\/wp-json\/wp\/v2\/product"}],"about":[{"href":"https:\/\/conexbooks.de\/a\/shop\/wp-json\/wp\/v2\/types\/product"}],"wp:featuredmedia":[{"embeddable":true,"href":"https:\/\/conexbooks.de\/a\/shop\/wp-json\/wp\/v2\/media\/20617"}],"wp:attachment":[{"href":"https:\/\/conexbooks.de\/a\/shop\/wp-json\/wp\/v2\/media?parent=20609"}],"wp:term":[{"taxonomy":"product_brand","embeddable":true,"href":"https:\/\/conexbooks.de\/a\/shop\/wp-json\/wp\/v2\/product_brand?post=20609"},{"taxonomy":"product_cat","embeddable":true,"href":"https:\/\/conexbooks.de\/a\/shop\/wp-json\/wp\/v2\/product_cat?post=20609"},{"taxonomy":"product_tag","embeddable":true,"href":"https:\/\/conexbooks.de\/a\/shop\/wp-json\/wp\/v2\/product_tag?post=20609"}],"curies":[{"name":"wp","href":"https:\/\/api.w.org\/{rel}","templated":true}]}}