{"id":20639,"date":"2024-10-06T14:50:19","date_gmt":"2024-10-06T12:50:19","guid":{"rendered":"https:\/\/conexbooks.de\/a\/shop\/?post_type=product&#038;p=20639"},"modified":"2026-04-10T12:15:06","modified_gmt":"2026-04-10T10:15:06","slug":"beduerfnisse-der-schluessel-zu-einem-gesunden-miteinander","status":"publish","type":"product","link":"https:\/\/conexbooks.de\/a\/shop\/produkt\/beduerfnisse-der-schluessel-zu-einem-gesunden-miteinander\/","title":{"rendered":"Bed\u00fcrfnisse: Der Schl\u00fcssel zu einem gesunden Miteinander"},"content":{"rendered":"<h4><strong>Das erstaunlich einfache Geheimnis: Die Welt durch die Linse der Bed\u00fcrfnisse verstehen<\/strong><strong><br \/>\n<\/strong><\/h4>\n<h4>Alice Sheldon<\/h4>\n<p>Der Ansatz &#8222;Needs Understanding&#8220; (Verst\u00e4ndnis f\u00fcr Bed\u00fcrfnisse), den die Autorin in diesem Buch vorstellt, basiert auf der Kernidee von Marshall Rosenbergs Modell der Gewaltfreien Kommunikation: &#8222;Alles, was wir sagen oder tun, ist ein Versuch, unsere tiefer liegenden menschlichen Bed\u00fcrfnisse zu erf\u00fcllen.&#8220; Wenn wir die Welt durch die Linse der Bed\u00fcrfnisse betrachten, entdecken wir spannende neue L\u00f6sungen f\u00fcr die Herausforderungen des Lebens. Zuvor unerkl\u00e4rliches Verhalten ergibt pl\u00f6tzlich Sinn, das Leben erscheint simpler und die Welt wird zu einem freundlicheren Ort, an dem wir erreichen k\u00f6nnen, was immer wir m\u00f6chten. Dabei basiert das Needs-Understanding-Konzept auf der Annahme, dass die Umsetzung von Ver\u00e4nderungen im pers\u00f6nlichen Bereich sowohl die Welt als Ganzes zu beeinflussen vermag, als auch uns selbst gl\u00fccklicher macht.<\/p>\n<p>Der Ansatz ist sehr praktikabel angelegt, so dass Sie die Grundprinzipien innerhalb von 1 &#8211; 2 Stunden lernen und damit unmittelbar etwas in Ihrem Alltagsleben bewirken oder ihn als schnelle L\u00f6sung f\u00fcr eine aktuelle verzwickte Situation nutzen k\u00f6nnen. Gleichzeitig greift er so tief, dass Sie damit langj\u00e4hrige Denkmuster aufbrechen k\u00f6nnen, die Sie bisher daran hindern, das Leben voll auszusch\u00f6pfen.<\/p>\n<p>Und erfreulicherweise funktioniert er auch, wenn nur Sie ihn anwenden. Sie m\u00fcssen die Anderen nicht mit einweihen oder darauf warten, dass sie das gleiche Verst\u00e4ndnis haben.<\/p>\n<p>Der Ansatz ist in 4 Kompetenzbereiche eingeteilt:<\/p>\n<p>* empathisch zuh\u00f6ren<\/p>\n<p>* sich selbst mitf\u00fchlend verstehen<\/p>\n<p>* sprechen und geh\u00f6rt werden<\/p>\n<p>* die Bed\u00fcrfnisse aller in unserem Handeln ber\u00fccksichtigen<\/p>\n<p>&nbsp;<\/p>\n<div class=\"page\" title=\"Page 1\">\n<div class=\"layoutArea\">\n<div class=\"column\">\n<h4>Pressestimmen<\/h4>\n<p>&#8222;Das Buch \u201eBedu\u0308rfnisse: Der Schlu\u0308ssel zu einem gesunden Miteinander\u201c von Alice Sheldon beinhaltet anschauliche Beispiele, praktische Tools, methodische U\u0308bungen und andere gedanklichen Ansto\u0308\u00dfe, die zwar zum Teil auch bei Rosenberg zu finden sind, dennoch fu\u0308r Rezipierende lesenswert und nutzbar sein ko\u0308nnten.&#8220;Eugenia Renner, www.socialnet.de<\/p>\n<\/div>\n<\/div>\n<\/div>\n<div id='1' class='widgets_on_page wop_tiny1  wop_small1  wop_medium1  wop_large1  wop_wide1'>\n\t\t\t<ul><li id=\"custom_html-4\" class=\"widget_text widget widget_custom_html\"><div class=\"textwidget custom-html-widget\"><div style=\"text-align:left;\">\r\n<button class = \"button\" style=\"height: 30px; font-size: 0.8em;\" name=\"zuruck\" type=\"button\" onclick=\"history.back()\">Zur\u00fcck zur \u00dcbersicht<\/button><\/div><\/div><\/li><\/ul><\/div><!-- widgets_on_page -->\n","protected":false},"excerpt":{"rendered":"<h3>Alice Sheldon<\/h3>\n<h4>Bed\u00fcrfnisse: Der Schl\u00fcssel zu einem gesunden Miteinander<\/h4>\n<p><strong>Junfermann-Verlag: 1. Auflage 2023 \u00a0 <\/strong>192 Seiten, kartoniert<\/p>\n<p>Gr\u00f6sse: 24 \u00d7 17 cm<\/p>\n","protected":false},"featured_media":20640,"template":"","meta":[],"product_brand":[],"product_cat":[482,36,53,39],"product_tag":[387,122,366,447,359,574,357,131],"class_list":{"0":"post-20639","1":"product","2":"type-product","3":"status-publish","4":"has-post-thumbnail","6":"product_cat-buecher","7":"product_cat-deutsche-buecher","8":"product_cat-neu","9":"product_cat-persoenliche-entwicklung","10":"product_tag-beduerfnislisten","11":"product_tag-beduerfnisse","12":"product_tag-empathisch-zuhoeren","13":"product_tag-gfk-in-beziehungen","14":"product_tag-glaubenssaetze-veraendern","15":"product_tag-needs-understanding","16":"product_tag-persoenlichkeitsentwicklung","17":"product_tag-wertschaetzung","19":"first","20":"instock","21":"shipping-taxable","22":"purchasable","23":"product-type-simple"},"yoast_head":"<!-- This site is optimized with the Yoast SEO plugin v27.5 - https:\/\/yoast.com\/product\/yoast-seo-wordpress\/ -->\n<title>Bed\u00fcrfnisse: Der Schl\u00fcssel zu einem gesunden Miteinander - Conex-Shop<\/title>\n<meta name=\"robots\" content=\"index, follow, max-snippet:-1, max-image-preview:large, max-video-preview:-1\" \/>\n<link rel=\"canonical\" href=\"https:\/\/conexbooks.de\/a\/shop\/produkt\/beduerfnisse-der-schluessel-zu-einem-gesunden-miteinander\/\" \/>\n<meta property=\"og:locale\" content=\"de_DE\" \/>\n<meta property=\"og:type\" content=\"article\" \/>\n<meta property=\"og:title\" content=\"Bed\u00fcrfnisse: Der Schl\u00fcssel zu einem gesunden Miteinander - Conex-Shop\" \/>\n<meta property=\"og:description\" content=\"Alice Sheldon Bed\u00fcrfnisse: Der Schl\u00fcssel zu einem gesunden Miteinander Junfermann-Verlag: 1. Auflage 2023 \u00a0 192 Seiten, kartoniert  Gr\u00f6sse: 24 \u00d7 17 cm\" \/>\n<meta property=\"og:url\" content=\"https:\/\/conexbooks.de\/a\/shop\/produkt\/beduerfnisse-der-schluessel-zu-einem-gesunden-miteinander\/\" \/>\n<meta property=\"og:site_name\" content=\"Conex-Shop\" \/>\n<meta property=\"article:modified_time\" content=\"2026-04-10T10:15:06+00:00\" \/>\n<meta property=\"og:image\" content=\"https:\/\/conexbooks.de\/a\/shop\/wp-content\/uploads\/2024\/10\/787.png\" \/>\n\t<meta property=\"og:image:width\" content=\"283\" \/>\n\t<meta property=\"og:image:height\" content=\"400\" \/>\n\t<meta property=\"og:image:type\" content=\"image\/png\" \/>\n<meta name=\"twitter:card\" content=\"summary_large_image\" \/>\n<meta name=\"twitter:label1\" content=\"Gesch\u00e4tzte Lesezeit\" \/>\n\t<meta name=\"twitter:data1\" content=\"2\u00a0Minuten\" \/>\n<script type=\"application\/ld+json\" class=\"yoast-schema-graph\">{\"@context\":\"https:\\\/\\\/schema.org\",\"@graph\":[{\"@type\":\"WebPage\",\"@id\":\"https:\\\/\\\/conexbooks.de\\\/a\\\/shop\\\/produkt\\\/beduerfnisse-der-schluessel-zu-einem-gesunden-miteinander\\\/\",\"url\":\"https:\\\/\\\/conexbooks.de\\\/a\\\/shop\\\/produkt\\\/beduerfnisse-der-schluessel-zu-einem-gesunden-miteinander\\\/\",\"name\":\"Bed\u00fcrfnisse: Der Schl\u00fcssel zu einem gesunden Miteinander - Conex-Shop\",\"isPartOf\":{\"@id\":\"https:\\\/\\\/conexbooks.de\\\/a\\\/shop\\\/#website\"},\"primaryImageOfPage\":{\"@id\":\"https:\\\/\\\/conexbooks.de\\\/a\\\/shop\\\/produkt\\\/beduerfnisse-der-schluessel-zu-einem-gesunden-miteinander\\\/#primaryimage\"},\"image\":{\"@id\":\"https:\\\/\\\/conexbooks.de\\\/a\\\/shop\\\/produkt\\\/beduerfnisse-der-schluessel-zu-einem-gesunden-miteinander\\\/#primaryimage\"},\"thumbnailUrl\":\"https:\\\/\\\/conexbooks.de\\\/a\\\/shop\\\/wp-content\\\/uploads\\\/2024\\\/10\\\/787.png\",\"datePublished\":\"2024-10-06T12:50:19+00:00\",\"dateModified\":\"2026-04-10T10:15:06+00:00\",\"breadcrumb\":{\"@id\":\"https:\\\/\\\/conexbooks.de\\\/a\\\/shop\\\/produkt\\\/beduerfnisse-der-schluessel-zu-einem-gesunden-miteinander\\\/#breadcrumb\"},\"inLanguage\":\"de\",\"potentialAction\":[{\"@type\":\"ReadAction\",\"target\":[\"https:\\\/\\\/conexbooks.de\\\/a\\\/shop\\\/produkt\\\/beduerfnisse-der-schluessel-zu-einem-gesunden-miteinander\\\/\"]}]},{\"@type\":\"ImageObject\",\"inLanguage\":\"de\",\"@id\":\"https:\\\/\\\/conexbooks.de\\\/a\\\/shop\\\/produkt\\\/beduerfnisse-der-schluessel-zu-einem-gesunden-miteinander\\\/#primaryimage\",\"url\":\"https:\\\/\\\/conexbooks.de\\\/a\\\/shop\\\/wp-content\\\/uploads\\\/2024\\\/10\\\/787.png\",\"contentUrl\":\"https:\\\/\\\/conexbooks.de\\\/a\\\/shop\\\/wp-content\\\/uploads\\\/2024\\\/10\\\/787.png\",\"width\":283,\"height\":400},{\"@type\":\"BreadcrumbList\",\"@id\":\"https:\\\/\\\/conexbooks.de\\\/a\\\/shop\\\/produkt\\\/beduerfnisse-der-schluessel-zu-einem-gesunden-miteinander\\\/#breadcrumb\",\"itemListElement\":[{\"@type\":\"ListItem\",\"position\":1,\"name\":\"Home\",\"item\":\"https:\\\/\\\/conexbooks.de\\\/a\\\/shop\\\/\"},{\"@type\":\"ListItem\",\"position\":2,\"name\":\"Shop\",\"item\":\"https:\\\/\\\/conexbooks.de\\\/a\\\/shop\\\/shop\\\/\"},{\"@type\":\"ListItem\",\"position\":3,\"name\":\"Bed\u00fcrfnisse: Der Schl\u00fcssel zu einem gesunden Miteinander\"}]},{\"@type\":\"WebSite\",\"@id\":\"https:\\\/\\\/conexbooks.de\\\/a\\\/shop\\\/#website\",\"url\":\"https:\\\/\\\/conexbooks.de\\\/a\\\/shop\\\/\",\"name\":\"Conex-Shop\",\"description\":\"Alles f\u00fcr die gewaltfreie Kommunikation: B\u00fccher, Spiele. Handpuppen Seminarmaterial und Geschenke\",\"publisher\":{\"@id\":\"https:\\\/\\\/conexbooks.de\\\/a\\\/shop\\\/#organization\"},\"potentialAction\":[{\"@type\":\"SearchAction\",\"target\":{\"@type\":\"EntryPoint\",\"urlTemplate\":\"https:\\\/\\\/conexbooks.de\\\/a\\\/shop\\\/?s={search_term_string}\"},\"query-input\":{\"@type\":\"PropertyValueSpecification\",\"valueRequired\":true,\"valueName\":\"search_term_string\"}}],\"inLanguage\":\"de\"},{\"@type\":\"Organization\",\"@id\":\"https:\\\/\\\/conexbooks.de\\\/a\\\/shop\\\/#organization\",\"name\":\"Conex - books and more\",\"url\":\"https:\\\/\\\/conexbooks.de\\\/a\\\/shop\\\/\",\"logo\":{\"@type\":\"ImageObject\",\"inLanguage\":\"de\",\"@id\":\"https:\\\/\\\/conexbooks.de\\\/a\\\/shop\\\/#\\\/schema\\\/logo\\\/image\\\/\",\"url\":\"https:\\\/\\\/conexbooks.de\\\/a\\\/shop\\\/wp-content\\\/uploads\\\/2017\\\/12\\\/co-logo.png\",\"contentUrl\":\"https:\\\/\\\/conexbooks.de\\\/a\\\/shop\\\/wp-content\\\/uploads\\\/2017\\\/12\\\/co-logo.png\",\"width\":243,\"height\":122,\"caption\":\"Conex - books and more\"},\"image\":{\"@id\":\"https:\\\/\\\/conexbooks.de\\\/a\\\/shop\\\/#\\\/schema\\\/logo\\\/image\\\/\"}}]}<\/script>\n<!-- \/ Yoast SEO plugin. -->","yoast_head_json":{"title":"Bed\u00fcrfnisse: Der Schl\u00fcssel zu einem gesunden Miteinander - Conex-Shop","robots":{"index":"index","follow":"follow","max-snippet":"max-snippet:-1","max-image-preview":"max-image-preview:large","max-video-preview":"max-video-preview:-1"},"canonical":"https:\/\/conexbooks.de\/a\/shop\/produkt\/beduerfnisse-der-schluessel-zu-einem-gesunden-miteinander\/","og_locale":"de_DE","og_type":"article","og_title":"Bed\u00fcrfnisse: Der Schl\u00fcssel zu einem gesunden Miteinander - Conex-Shop","og_description":"Alice Sheldon Bed\u00fcrfnisse: Der Schl\u00fcssel zu einem gesunden Miteinander Junfermann-Verlag: 1. Auflage 2023 \u00a0 192 Seiten, kartoniert  Gr\u00f6sse: 24 \u00d7 17 cm","og_url":"https:\/\/conexbooks.de\/a\/shop\/produkt\/beduerfnisse-der-schluessel-zu-einem-gesunden-miteinander\/","og_site_name":"Conex-Shop","article_modified_time":"2026-04-10T10:15:06+00:00","og_image":[{"width":283,"height":400,"url":"https:\/\/conexbooks.de\/a\/shop\/wp-content\/uploads\/2024\/10\/787.png","type":"image\/png"}],"twitter_card":"summary_large_image","twitter_misc":{"Gesch\u00e4tzte Lesezeit":"2\u00a0Minuten"},"schema":{"@context":"https:\/\/schema.org","@graph":[{"@type":"WebPage","@id":"https:\/\/conexbooks.de\/a\/shop\/produkt\/beduerfnisse-der-schluessel-zu-einem-gesunden-miteinander\/","url":"https:\/\/conexbooks.de\/a\/shop\/produkt\/beduerfnisse-der-schluessel-zu-einem-gesunden-miteinander\/","name":"Bed\u00fcrfnisse: Der Schl\u00fcssel zu einem gesunden Miteinander - Conex-Shop","isPartOf":{"@id":"https:\/\/conexbooks.de\/a\/shop\/#website"},"primaryImageOfPage":{"@id":"https:\/\/conexbooks.de\/a\/shop\/produkt\/beduerfnisse-der-schluessel-zu-einem-gesunden-miteinander\/#primaryimage"},"image":{"@id":"https:\/\/conexbooks.de\/a\/shop\/produkt\/beduerfnisse-der-schluessel-zu-einem-gesunden-miteinander\/#primaryimage"},"thumbnailUrl":"https:\/\/conexbooks.de\/a\/shop\/wp-content\/uploads\/2024\/10\/787.png","datePublished":"2024-10-06T12:50:19+00:00","dateModified":"2026-04-10T10:15:06+00:00","breadcrumb":{"@id":"https:\/\/conexbooks.de\/a\/shop\/produkt\/beduerfnisse-der-schluessel-zu-einem-gesunden-miteinander\/#breadcrumb"},"inLanguage":"de","potentialAction":[{"@type":"ReadAction","target":["https:\/\/conexbooks.de\/a\/shop\/produkt\/beduerfnisse-der-schluessel-zu-einem-gesunden-miteinander\/"]}]},{"@type":"ImageObject","inLanguage":"de","@id":"https:\/\/conexbooks.de\/a\/shop\/produkt\/beduerfnisse-der-schluessel-zu-einem-gesunden-miteinander\/#primaryimage","url":"https:\/\/conexbooks.de\/a\/shop\/wp-content\/uploads\/2024\/10\/787.png","contentUrl":"https:\/\/conexbooks.de\/a\/shop\/wp-content\/uploads\/2024\/10\/787.png","width":283,"height":400},{"@type":"BreadcrumbList","@id":"https:\/\/conexbooks.de\/a\/shop\/produkt\/beduerfnisse-der-schluessel-zu-einem-gesunden-miteinander\/#breadcrumb","itemListElement":[{"@type":"ListItem","position":1,"name":"Home","item":"https:\/\/conexbooks.de\/a\/shop\/"},{"@type":"ListItem","position":2,"name":"Shop","item":"https:\/\/conexbooks.de\/a\/shop\/shop\/"},{"@type":"ListItem","position":3,"name":"Bed\u00fcrfnisse: Der Schl\u00fcssel zu einem gesunden Miteinander"}]},{"@type":"WebSite","@id":"https:\/\/conexbooks.de\/a\/shop\/#website","url":"https:\/\/conexbooks.de\/a\/shop\/","name":"Conex-Shop","description":"Alles f\u00fcr die gewaltfreie Kommunikation: B\u00fccher, Spiele. Handpuppen Seminarmaterial und Geschenke","publisher":{"@id":"https:\/\/conexbooks.de\/a\/shop\/#organization"},"potentialAction":[{"@type":"SearchAction","target":{"@type":"EntryPoint","urlTemplate":"https:\/\/conexbooks.de\/a\/shop\/?s={search_term_string}"},"query-input":{"@type":"PropertyValueSpecification","valueRequired":true,"valueName":"search_term_string"}}],"inLanguage":"de"},{"@type":"Organization","@id":"https:\/\/conexbooks.de\/a\/shop\/#organization","name":"Conex - books and more","url":"https:\/\/conexbooks.de\/a\/shop\/","logo":{"@type":"ImageObject","inLanguage":"de","@id":"https:\/\/conexbooks.de\/a\/shop\/#\/schema\/logo\/image\/","url":"https:\/\/conexbooks.de\/a\/shop\/wp-content\/uploads\/2017\/12\/co-logo.png","contentUrl":"https:\/\/conexbooks.de\/a\/shop\/wp-content\/uploads\/2017\/12\/co-logo.png","width":243,"height":122,"caption":"Conex - books and more"},"image":{"@id":"https:\/\/conexbooks.de\/a\/shop\/#\/schema\/logo\/image\/"}}]}},"_links":{"self":[{"href":"https:\/\/conexbooks.de\/a\/shop\/wp-json\/wp\/v2\/product\/20639","targetHints":{"allow":["GET"]}}],"collection":[{"href":"https:\/\/conexbooks.de\/a\/shop\/wp-json\/wp\/v2\/product"}],"about":[{"href":"https:\/\/conexbooks.de\/a\/shop\/wp-json\/wp\/v2\/types\/product"}],"wp:featuredmedia":[{"embeddable":true,"href":"https:\/\/conexbooks.de\/a\/shop\/wp-json\/wp\/v2\/media\/20640"}],"wp:attachment":[{"href":"https:\/\/conexbooks.de\/a\/shop\/wp-json\/wp\/v2\/media?parent=20639"}],"wp:term":[{"taxonomy":"product_brand","embeddable":true,"href":"https:\/\/conexbooks.de\/a\/shop\/wp-json\/wp\/v2\/product_brand?post=20639"},{"taxonomy":"product_cat","embeddable":true,"href":"https:\/\/conexbooks.de\/a\/shop\/wp-json\/wp\/v2\/product_cat?post=20639"},{"taxonomy":"product_tag","embeddable":true,"href":"https:\/\/conexbooks.de\/a\/shop\/wp-json\/wp\/v2\/product_tag?post=20639"}],"curies":[{"name":"wp","href":"https:\/\/api.w.org\/{rel}","templated":true}]}}