{"id":20808,"date":"2025-01-15T17:08:32","date_gmt":"2025-01-15T16:08:32","guid":{"rendered":"https:\/\/conexbooks.de\/a\/shop\/?post_type=product&#038;p=20808"},"modified":"2026-04-14T12:49:10","modified_gmt":"2026-04-14T10:49:10","slug":"gfk-navigator-fuer-beduerfnisse-a3-laminiert","status":"publish","type":"product","link":"https:\/\/conexbooks.de\/a\/shop\/produkt\/gfk-navigator-fuer-beduerfnisse-a3-laminiert\/","title":{"rendered":"GFK-Navigator f\u00fcr Bed\u00fcrfnisse XL, A3 laminiert"},"content":{"rendered":"<h3>GFK-Navigator f\u00fcr Bed\u00fcrfnisse und Werte im A3-Format<\/h3>\n<h3>Bed\u00fcrfnisse finden und benennen \u2013 sich verstehen, verstanden werden, Empathie geben<\/h3>\n<p>Diese XL Version des GFK-Navigators im DIN A3 Format ist aufgrund ihrer guten Lesbarkeit besonders geeignet f\u00fcr Gruppen als Lehrmaterial und f\u00fcr Menschen mit Sehschw\u00e4che.<\/p>\n<p>Was brauche ich gerade? Was brauchst Du gerade?<br \/>\nBesonders in Konfliktsituationen ist es wichtig, uns selbst und den anderen zu verstehen, um wieder N\u00e4he in unsere Beziehungen zu bringen.<br \/>\nWenn Dir nicht bewu\u00dft ist, welche Bed\u00fcrfnisse Du Dir gerade erf\u00fcllen willst, kannst du es Deinem Gegen\u00fcber auch nicht vermitteln. Das Konfliktgespr\u00e4ch ger\u00e4t m\u00f6glicherweise in einen Teufelskreis.<\/p>\n<p>Einen Blick auf den GFK-Navigator XL f\u00fcr Bed\u00fcrfnisse (Bed\u00fcrfnisfinder) und Du weisst,<br \/>\n\u2013 worum es Dir gerade geht,<br \/>\n\u2013 was Dir gerade wichtig ist,<br \/>\n\u2013 was Dich bewegt<br \/>\n\u2013 was Du zu erf\u00fcllen suchst<br \/>\n\u2013 was Du brauchst<\/p>\n<p>Um Dir selbst und Deinem Gegen\u00fcber Empathie zu geben, ist es wichtig durch die \u201eGeschichten\u201c hindurchzuschauen und die Bed\u00fcrfnisse dahinter zu erkennen.<br \/>\nDer Bed\u00fcrfnisfinder bietet dir eine umfassende \u00dcbersicht und schafft ein neues Verst\u00e4ndnis und Wissen \u00fcber diese Bed\u00fcrfnisse.<br \/>\nEr will Dir dabei ein Spiegel, Kompass und eine Karte sein.<\/p>\n<p>Wir haben den Bed\u00fcrfnisfinder mit dem Anspruch entwickelt, dass er f\u00fcr Dich vor allem alltagstauglich ist und mit umgangssprachlichen Beispielen Themenbereiche verdeutlicht. Hierf\u00fcr haben wir sinnvolle Illustrationen und Infografiken verwendet. Die Inhalte sind kompakt und gleichzeitig \u00fcbersichtlich sowie optisch ansprechend gestaltet.<\/p>\n<p>Der Bed\u00fcrfnisfinder zeigt Dir auf nur zwei Seiten:<br \/>\n\u2013 16 Hauptbed\u00fcrfnisse zur schnellen Orientierung<br \/>\n\u2013 Die 16 Hauptbed\u00fcrfnisse findest Du unterteilt in weitere Bed\u00fcrfnisse, die Dir verraten, welche davon sich gerade erf\u00fcllen und welche nicht<\/p>\n<p>\u2013 Insgesamt werden \u00fcber 100 Bed\u00fcrfnisbegriffe dargestellt<\/p>\n<p>Zus\u00e4tzlich findest Du auf der R\u00fcckseite viele wertvolle Information \u00fcber Bed\u00fcrfnisse:<br \/>\n\u2013 Was sind Bed\u00fcrfnisse?<br \/>\n\u2013 In welchem Zusammenhang stehen unsere Gef\u00fchle und unsere Bed\u00fcrfnisse?<br \/>\n\u2013 Warum Bed\u00fcrfnisse niemals im Konflikt stehen, sondern nur unsere Strategien und wie Du damit umgehst<br \/>\n\u2013 Woran erkennst Du eine Strategie und woran kannst Sie von einem Bed\u00fcrfnis unterscheiden?<\/p>\n<p>Der GFK-Navigator f\u00fcr Bed\u00fcrfnisse zeigt Dir au\u00dferdem<br \/>\n\u2013 welche Bed\u00fcrfnisse wahrscheinlich nicht erf\u00fcllt sind, wenn Du ein bestimmtes \u201eechtes\u201d Gef\u00fchl hast (Angst, \u00c4rger, Schuld, Scham, Freude etc.)<br \/>\n\u2013 welche Bed\u00fcrfnisse wahrscheinlich nicht erf\u00fcllt sind, wenn Du ein bestimmtes \u201eunechtes\u201d Gef\u00fchl (Gedankengef\u00fchl) hast (z.B. nicht respektiert, bedr\u00e4ngt, angeklagt etc.)<br \/>\n\u2013 wie Du Dein unechtes Gef\u00fchl konstruktiv kommunizierst, in dem Du \u00fcber Deine dahinterliegende Bed\u00fcrfnisse sprichst<\/p>\n<p>Der GfK-Navigator f\u00fcr Bed\u00fcrfnisse ist auch im A5 und A4 Format as laminierte Karte sowie als Wandposter im DIN A2 Format erh\u00e4ltlich.<\/p>\n<div id='1' class='widgets_on_page wop_tiny1  wop_small1  wop_medium1  wop_large1  wop_wide1'>\n\t\t\t<ul><li id=\"custom_html-4\" class=\"widget_text widget widget_custom_html\"><div class=\"textwidget custom-html-widget\"><div style=\"text-align:left;\">\r\n<button class = \"button\" style=\"height: 30px; font-size: 0.8em;\" name=\"zuruck\" type=\"button\" onclick=\"history.back()\">Zur\u00fcck zur \u00dcbersicht<\/button><\/div><\/div><\/li><\/ul><\/div><!-- widgets_on_page -->\n","protected":false},"excerpt":{"rendered":"<h3>Bed\u00fcrfnisse finden und benennen \u2013 sich verstehen, verstanden werden, Empathie geben<\/h3>\n<p>DIN A3 Format, laminiert, beidseitig bedruckt<\/p>\n<p>Preis inclusive Zusatzporto.<\/p>\n","protected":false},"featured_media":20809,"template":"","meta":[],"product_brand":[],"product_cat":[45,481,51,47],"product_tag":[375,320,373,591,593,596,417,374,598,397,61,590,600,369,589],"class_list":{"0":"post-20808","1":"product","2":"type-product","3":"status-publish","4":"has-post-thumbnail","6":"product_cat-arbeit-sonstiges","7":"product_cat-gefuehle-und-beduerfniskarten","8":"product_cat-seminarmaterial","9":"product_cat-sonstiges","10":"product_tag-beduerfniskategorien","11":"product_tag-beduerfniskompetenz","12":"product_tag-beduerfniss-uebersicht","13":"product_tag-gfk-kompass","14":"product_tag-gfk-lehrmittel","15":"product_tag-gfk-lernmittel","16":"product_tag-gfk-uebersicht","17":"product_tag-hilfsmittel-fuer-beduerfnisfindung","18":"product_tag-konfliktmanagement","19":"product_tag-laminierte-karte","20":"product_tag-mediation","21":"product_tag-nlp-und-coaching","22":"product_tag-quickfinder-xl-a3","23":"product_tag-therapie","24":"product_tag-xl-uebersicht","26":"first","27":"instock","28":"shipping-taxable","29":"purchasable","30":"product-type-simple"},"yoast_head":"<!-- This site is optimized with the Yoast SEO plugin v27.4 - https:\/\/yoast.com\/product\/yoast-seo-wordpress\/ -->\n<title>GFK-Navigator f\u00fcr Bed\u00fcrfnisse XL, A3 laminiert - Conex-Shop<\/title>\n<meta name=\"robots\" content=\"index, follow, max-snippet:-1, max-image-preview:large, max-video-preview:-1\" \/>\n<link rel=\"canonical\" href=\"https:\/\/conexbooks.de\/a\/shop\/produkt\/gfk-navigator-fuer-beduerfnisse-a3-laminiert\/\" \/>\n<meta property=\"og:locale\" content=\"de_DE\" \/>\n<meta property=\"og:type\" content=\"article\" \/>\n<meta property=\"og:title\" content=\"GFK-Navigator f\u00fcr Bed\u00fcrfnisse XL, A3 laminiert - Conex-Shop\" \/>\n<meta property=\"og:description\" content=\"Bed\u00fcrfnisse finden und benennen \u2013 sich verstehen, verstanden werden, Empathie geben DIN A3 Format, laminiert, beidseitig bedruckt  Preis inclusive Zusatzporto.\" \/>\n<meta property=\"og:url\" content=\"https:\/\/conexbooks.de\/a\/shop\/produkt\/gfk-navigator-fuer-beduerfnisse-a3-laminiert\/\" \/>\n<meta property=\"og:site_name\" content=\"Conex-Shop\" \/>\n<meta property=\"article:modified_time\" content=\"2026-04-14T10:49:10+00:00\" \/>\n<meta property=\"og:image\" content=\"https:\/\/conexbooks.de\/a\/shop\/wp-content\/uploads\/2025\/01\/671.png\" \/>\n\t<meta property=\"og:image:width\" content=\"400\" \/>\n\t<meta property=\"og:image:height\" content=\"555\" \/>\n\t<meta property=\"og:image:type\" content=\"image\/png\" \/>\n<meta name=\"twitter:card\" content=\"summary_large_image\" \/>\n<meta name=\"twitter:label1\" content=\"Gesch\u00e4tzte Lesezeit\" \/>\n\t<meta name=\"twitter:data1\" content=\"3\u00a0Minuten\" \/>\n<script type=\"application\/ld+json\" class=\"yoast-schema-graph\">{\"@context\":\"https:\\\/\\\/schema.org\",\"@graph\":[{\"@type\":\"WebPage\",\"@id\":\"https:\\\/\\\/conexbooks.de\\\/a\\\/shop\\\/produkt\\\/gfk-navigator-fuer-beduerfnisse-a3-laminiert\\\/\",\"url\":\"https:\\\/\\\/conexbooks.de\\\/a\\\/shop\\\/produkt\\\/gfk-navigator-fuer-beduerfnisse-a3-laminiert\\\/\",\"name\":\"GFK-Navigator f\u00fcr Bed\u00fcrfnisse XL, A3 laminiert - Conex-Shop\",\"isPartOf\":{\"@id\":\"https:\\\/\\\/conexbooks.de\\\/a\\\/shop\\\/#website\"},\"primaryImageOfPage\":{\"@id\":\"https:\\\/\\\/conexbooks.de\\\/a\\\/shop\\\/produkt\\\/gfk-navigator-fuer-beduerfnisse-a3-laminiert\\\/#primaryimage\"},\"image\":{\"@id\":\"https:\\\/\\\/conexbooks.de\\\/a\\\/shop\\\/produkt\\\/gfk-navigator-fuer-beduerfnisse-a3-laminiert\\\/#primaryimage\"},\"thumbnailUrl\":\"https:\\\/\\\/conexbooks.de\\\/a\\\/shop\\\/wp-content\\\/uploads\\\/2025\\\/01\\\/671.png\",\"datePublished\":\"2025-01-15T16:08:32+00:00\",\"dateModified\":\"2026-04-14T10:49:10+00:00\",\"breadcrumb\":{\"@id\":\"https:\\\/\\\/conexbooks.de\\\/a\\\/shop\\\/produkt\\\/gfk-navigator-fuer-beduerfnisse-a3-laminiert\\\/#breadcrumb\"},\"inLanguage\":\"de\",\"potentialAction\":[{\"@type\":\"ReadAction\",\"target\":[\"https:\\\/\\\/conexbooks.de\\\/a\\\/shop\\\/produkt\\\/gfk-navigator-fuer-beduerfnisse-a3-laminiert\\\/\"]}]},{\"@type\":\"ImageObject\",\"inLanguage\":\"de\",\"@id\":\"https:\\\/\\\/conexbooks.de\\\/a\\\/shop\\\/produkt\\\/gfk-navigator-fuer-beduerfnisse-a3-laminiert\\\/#primaryimage\",\"url\":\"https:\\\/\\\/conexbooks.de\\\/a\\\/shop\\\/wp-content\\\/uploads\\\/2025\\\/01\\\/671.png\",\"contentUrl\":\"https:\\\/\\\/conexbooks.de\\\/a\\\/shop\\\/wp-content\\\/uploads\\\/2025\\\/01\\\/671.png\",\"width\":400,\"height\":555},{\"@type\":\"BreadcrumbList\",\"@id\":\"https:\\\/\\\/conexbooks.de\\\/a\\\/shop\\\/produkt\\\/gfk-navigator-fuer-beduerfnisse-a3-laminiert\\\/#breadcrumb\",\"itemListElement\":[{\"@type\":\"ListItem\",\"position\":1,\"name\":\"Home\",\"item\":\"https:\\\/\\\/conexbooks.de\\\/a\\\/shop\\\/\"},{\"@type\":\"ListItem\",\"position\":2,\"name\":\"Shop\",\"item\":\"https:\\\/\\\/conexbooks.de\\\/a\\\/shop\\\/shop\\\/\"},{\"@type\":\"ListItem\",\"position\":3,\"name\":\"GFK-Navigator f\u00fcr Bed\u00fcrfnisse XL, A3 laminiert\"}]},{\"@type\":\"WebSite\",\"@id\":\"https:\\\/\\\/conexbooks.de\\\/a\\\/shop\\\/#website\",\"url\":\"https:\\\/\\\/conexbooks.de\\\/a\\\/shop\\\/\",\"name\":\"Conex-Shop\",\"description\":\"Alles f\u00fcr die gewaltfreie Kommunikation: B\u00fccher, Spiele. Handpuppen Seminarmaterial und Geschenke\",\"publisher\":{\"@id\":\"https:\\\/\\\/conexbooks.de\\\/a\\\/shop\\\/#organization\"},\"potentialAction\":[{\"@type\":\"SearchAction\",\"target\":{\"@type\":\"EntryPoint\",\"urlTemplate\":\"https:\\\/\\\/conexbooks.de\\\/a\\\/shop\\\/?s={search_term_string}\"},\"query-input\":{\"@type\":\"PropertyValueSpecification\",\"valueRequired\":true,\"valueName\":\"search_term_string\"}}],\"inLanguage\":\"de\"},{\"@type\":\"Organization\",\"@id\":\"https:\\\/\\\/conexbooks.de\\\/a\\\/shop\\\/#organization\",\"name\":\"Conex - books and more\",\"url\":\"https:\\\/\\\/conexbooks.de\\\/a\\\/shop\\\/\",\"logo\":{\"@type\":\"ImageObject\",\"inLanguage\":\"de\",\"@id\":\"https:\\\/\\\/conexbooks.de\\\/a\\\/shop\\\/#\\\/schema\\\/logo\\\/image\\\/\",\"url\":\"https:\\\/\\\/conexbooks.de\\\/a\\\/shop\\\/wp-content\\\/uploads\\\/2017\\\/12\\\/co-logo.png\",\"contentUrl\":\"https:\\\/\\\/conexbooks.de\\\/a\\\/shop\\\/wp-content\\\/uploads\\\/2017\\\/12\\\/co-logo.png\",\"width\":243,\"height\":122,\"caption\":\"Conex - books and more\"},\"image\":{\"@id\":\"https:\\\/\\\/conexbooks.de\\\/a\\\/shop\\\/#\\\/schema\\\/logo\\\/image\\\/\"}}]}<\/script>\n<!-- \/ Yoast SEO plugin. -->","yoast_head_json":{"title":"GFK-Navigator f\u00fcr Bed\u00fcrfnisse XL, A3 laminiert - Conex-Shop","robots":{"index":"index","follow":"follow","max-snippet":"max-snippet:-1","max-image-preview":"max-image-preview:large","max-video-preview":"max-video-preview:-1"},"canonical":"https:\/\/conexbooks.de\/a\/shop\/produkt\/gfk-navigator-fuer-beduerfnisse-a3-laminiert\/","og_locale":"de_DE","og_type":"article","og_title":"GFK-Navigator f\u00fcr Bed\u00fcrfnisse XL, A3 laminiert - Conex-Shop","og_description":"Bed\u00fcrfnisse finden und benennen \u2013 sich verstehen, verstanden werden, Empathie geben DIN A3 Format, laminiert, beidseitig bedruckt  Preis inclusive Zusatzporto.","og_url":"https:\/\/conexbooks.de\/a\/shop\/produkt\/gfk-navigator-fuer-beduerfnisse-a3-laminiert\/","og_site_name":"Conex-Shop","article_modified_time":"2026-04-14T10:49:10+00:00","og_image":[{"width":400,"height":555,"url":"https:\/\/conexbooks.de\/a\/shop\/wp-content\/uploads\/2025\/01\/671.png","type":"image\/png"}],"twitter_card":"summary_large_image","twitter_misc":{"Gesch\u00e4tzte Lesezeit":"3\u00a0Minuten"},"schema":{"@context":"https:\/\/schema.org","@graph":[{"@type":"WebPage","@id":"https:\/\/conexbooks.de\/a\/shop\/produkt\/gfk-navigator-fuer-beduerfnisse-a3-laminiert\/","url":"https:\/\/conexbooks.de\/a\/shop\/produkt\/gfk-navigator-fuer-beduerfnisse-a3-laminiert\/","name":"GFK-Navigator f\u00fcr Bed\u00fcrfnisse XL, A3 laminiert - Conex-Shop","isPartOf":{"@id":"https:\/\/conexbooks.de\/a\/shop\/#website"},"primaryImageOfPage":{"@id":"https:\/\/conexbooks.de\/a\/shop\/produkt\/gfk-navigator-fuer-beduerfnisse-a3-laminiert\/#primaryimage"},"image":{"@id":"https:\/\/conexbooks.de\/a\/shop\/produkt\/gfk-navigator-fuer-beduerfnisse-a3-laminiert\/#primaryimage"},"thumbnailUrl":"https:\/\/conexbooks.de\/a\/shop\/wp-content\/uploads\/2025\/01\/671.png","datePublished":"2025-01-15T16:08:32+00:00","dateModified":"2026-04-14T10:49:10+00:00","breadcrumb":{"@id":"https:\/\/conexbooks.de\/a\/shop\/produkt\/gfk-navigator-fuer-beduerfnisse-a3-laminiert\/#breadcrumb"},"inLanguage":"de","potentialAction":[{"@type":"ReadAction","target":["https:\/\/conexbooks.de\/a\/shop\/produkt\/gfk-navigator-fuer-beduerfnisse-a3-laminiert\/"]}]},{"@type":"ImageObject","inLanguage":"de","@id":"https:\/\/conexbooks.de\/a\/shop\/produkt\/gfk-navigator-fuer-beduerfnisse-a3-laminiert\/#primaryimage","url":"https:\/\/conexbooks.de\/a\/shop\/wp-content\/uploads\/2025\/01\/671.png","contentUrl":"https:\/\/conexbooks.de\/a\/shop\/wp-content\/uploads\/2025\/01\/671.png","width":400,"height":555},{"@type":"BreadcrumbList","@id":"https:\/\/conexbooks.de\/a\/shop\/produkt\/gfk-navigator-fuer-beduerfnisse-a3-laminiert\/#breadcrumb","itemListElement":[{"@type":"ListItem","position":1,"name":"Home","item":"https:\/\/conexbooks.de\/a\/shop\/"},{"@type":"ListItem","position":2,"name":"Shop","item":"https:\/\/conexbooks.de\/a\/shop\/shop\/"},{"@type":"ListItem","position":3,"name":"GFK-Navigator f\u00fcr Bed\u00fcrfnisse XL, A3 laminiert"}]},{"@type":"WebSite","@id":"https:\/\/conexbooks.de\/a\/shop\/#website","url":"https:\/\/conexbooks.de\/a\/shop\/","name":"Conex-Shop","description":"Alles f\u00fcr die gewaltfreie Kommunikation: B\u00fccher, Spiele. Handpuppen Seminarmaterial und Geschenke","publisher":{"@id":"https:\/\/conexbooks.de\/a\/shop\/#organization"},"potentialAction":[{"@type":"SearchAction","target":{"@type":"EntryPoint","urlTemplate":"https:\/\/conexbooks.de\/a\/shop\/?s={search_term_string}"},"query-input":{"@type":"PropertyValueSpecification","valueRequired":true,"valueName":"search_term_string"}}],"inLanguage":"de"},{"@type":"Organization","@id":"https:\/\/conexbooks.de\/a\/shop\/#organization","name":"Conex - books and more","url":"https:\/\/conexbooks.de\/a\/shop\/","logo":{"@type":"ImageObject","inLanguage":"de","@id":"https:\/\/conexbooks.de\/a\/shop\/#\/schema\/logo\/image\/","url":"https:\/\/conexbooks.de\/a\/shop\/wp-content\/uploads\/2017\/12\/co-logo.png","contentUrl":"https:\/\/conexbooks.de\/a\/shop\/wp-content\/uploads\/2017\/12\/co-logo.png","width":243,"height":122,"caption":"Conex - books and more"},"image":{"@id":"https:\/\/conexbooks.de\/a\/shop\/#\/schema\/logo\/image\/"}}]}},"_links":{"self":[{"href":"https:\/\/conexbooks.de\/a\/shop\/wp-json\/wp\/v2\/product\/20808","targetHints":{"allow":["GET"]}}],"collection":[{"href":"https:\/\/conexbooks.de\/a\/shop\/wp-json\/wp\/v2\/product"}],"about":[{"href":"https:\/\/conexbooks.de\/a\/shop\/wp-json\/wp\/v2\/types\/product"}],"wp:featuredmedia":[{"embeddable":true,"href":"https:\/\/conexbooks.de\/a\/shop\/wp-json\/wp\/v2\/media\/20809"}],"wp:attachment":[{"href":"https:\/\/conexbooks.de\/a\/shop\/wp-json\/wp\/v2\/media?parent=20808"}],"wp:term":[{"taxonomy":"product_brand","embeddable":true,"href":"https:\/\/conexbooks.de\/a\/shop\/wp-json\/wp\/v2\/product_brand?post=20808"},{"taxonomy":"product_cat","embeddable":true,"href":"https:\/\/conexbooks.de\/a\/shop\/wp-json\/wp\/v2\/product_cat?post=20808"},{"taxonomy":"product_tag","embeddable":true,"href":"https:\/\/conexbooks.de\/a\/shop\/wp-json\/wp\/v2\/product_tag?post=20808"}],"curies":[{"name":"wp","href":"https:\/\/api.w.org\/{rel}","templated":true}]}}