{"id":20818,"date":"2025-01-15T18:53:56","date_gmt":"2025-01-15T17:53:56","guid":{"rendered":"https:\/\/conexbooks.de\/a\/shop\/?post_type=product&#038;p=20818"},"modified":"2026-04-14T12:47:57","modified_gmt":"2026-04-14T10:47:57","slug":"gfk-navigator-xl-fuer-gefuehle-emotionen-und-stimmungen-a3-laminiert","status":"publish","type":"product","link":"https:\/\/conexbooks.de\/a\/shop\/produkt\/gfk-navigator-xl-fuer-gefuehle-emotionen-und-stimmungen-a3-laminiert\/","title":{"rendered":"GFK-Navigator XL f\u00fcr Gef\u00fchle, Emotionen und Stimmungen, A3 laminiert"},"content":{"rendered":"<h3>Gef\u00fchle finden und benennen \u2013 sich verstehen, verstanden werden, Empathie geben \u2013 Mit \u00fcber 100 Gef\u00fchlsbegriffen<\/h3>\n<p>Diese XL Version des GFK-Navigators im DIN A3 Format ist aufgrund ihrer guten Lesbarkeit besonders geeignet f\u00fcr Gruppen als Lehrmaterial und f\u00fcr Menschen mit Sehschw\u00e4che.<\/p>\n<p>Was f\u00fchle ich? Was f\u00fchlst Du? \u2013 Was bedeuten Deine Gef\u00fchle?<br \/>\nGef\u00fchle verbinden und uns Menschen und weisen uns in der GFK darauf hin, dass sich Bed\u00fcrfnisse erf\u00fcllen oder eben auch nicht.<\/p>\n<p>Der Gef\u00fchlsfinder bietet dir eine umfassende \u00dcbersicht und schafft ein neues Verst\u00e4ndnis und Wissen \u00fcber Gef\u00fchle, Emotionen und Stimmungen.<br \/>\nHerausfordernde Situationen, die Empathie brauchen, k\u00f6nnen somit leichter und schneller in ihrer Gef\u00fchlsqualit\u00e4t erkannt werden. Der Gef\u00fchlsfinder will dir dabei ein Kompass und eine Karte sein. \u2028\u2028Wir haben den Gef\u00fchlsfinder mit dem Anspruch entwickelt, dass er f\u00fcr dich vor allem alltagstauglich ist und mit umgangssprachlichen Beispielen Themenbereiche verdeutlicht. Hierf\u00fcr haben wir sinnvolle Illustrationen und Infografiken verwendet. Die F\u00fclle der Inhalte sind kompakt und gleichzeitig \u00fcbersichtlich sowie optisch ansprechend gestaltet.<\/p>\n<p>Der GFK-Gef\u00fchlsfinder XL zeigt dir auf nur zwei Seiten: \u2028- 12 unterschiedliche Hauptgef\u00fchle zur schnellen Orientierung<br \/>\n\u2013 \u00dcber 100 verwandte Gef\u00fchlsbegriffe zur feinen Einordnung<br \/>\n\u2013 Zu jedem der 12 Hauptgef\u00fchle findest Du die dahinterliegende Gedanken, die Dir verraten was Deine Gef\u00fchle bedeuten<br \/>\n\u2013 Einen praktischen Gef\u00fchlstest, mit dem Du Dein aktuelles Gef\u00fchl \u00fcberpr\u00fcfen und best\u00e4tigen kannst\u2028- 2 n\u00fctzliche Sichtweisen, die dar\u00fcber Aufschluss geben, wie Gef\u00fchle entstehen\u2028- \u00dcber 60 sog. unechte Gef\u00fchlsbegriffe (z.B. Ich f\u00fchle mich bemuttert, nicht geliebt, verlassen etc.)\u2028- Hinweise, wie du \u201eunechte Gef\u00fchle\u201c erkennst<br \/>\n\u2013 Welches echte Gef\u00fchl sich dahinter verbirgt, wenn Du Dich sagen h\u00f6rst \u201eIch f\u00fchle mich von Dir \u2026.\u201c oder \u201eIch habe das Gef\u00fchl, dass\u2026.\u201c<br \/>\n\u2013 Wie Du unechte Gef\u00fchle in einer konstruktiven und verbindenden Weise kommunizierst ohne Dein Gegen\u00fcber zu beschuldigen<\/p>\n<p>Wo findest Du Deine Gef\u00fchle im K\u00f6rper?<br \/>\nEine Gef\u00fchlsk\u00f6rperkarte zeigt Dir wo im K\u00f6rper Du Scham, Angst, Ohnmacht etc. h\u00e4ufig findest und regt Dich zur Selbsterforschung an.<\/p>\n<p>Der GfK-Navigator f\u00fcr Gef\u00fchle, Emotionen und Stimmungen ist auch im A5 und A4 Format als laminierte Karte sowie als Wandposter im DIN A2 Format erh\u00e4ltlich.<\/p>\n<div id='1' class='widgets_on_page wop_tiny1  wop_small1  wop_medium1  wop_large1  wop_wide1'>\n\t\t\t<ul><li id=\"custom_html-4\" class=\"widget_text widget widget_custom_html\"><div class=\"textwidget custom-html-widget\"><div style=\"text-align:left;\">\r\n<button class = \"button\" style=\"height: 30px; font-size: 0.8em;\" name=\"zuruck\" type=\"button\" onclick=\"history.back()\">Zur\u00fcck zur \u00dcbersicht<\/button><\/div><\/div><\/li><\/ul><\/div><!-- widgets_on_page -->\n","protected":false},"excerpt":{"rendered":"<h3>Gef\u00fchle finden und benennen \u2013 sich verstehen, verstanden werden, Empathie geben \u2013<\/h3>\n<h3>Mit \u00fcber 100 Gef\u00fchlsbegriffen<\/h3>\n<p>DIN A3 Format, laminiert, beidseitig bedruckt<\/p>\n<p>Preis inclusive Zusatzporto.<\/p>\n","protected":false},"featured_media":20810,"template":"","meta":[],"product_brand":[],"product_cat":[45,481,39,51,47],"product_tag":[273,388,386,591,593,595,417,389,598,397,61,590,418,600,369,372],"class_list":{"0":"post-20818","1":"product","2":"type-product","3":"status-publish","4":"has-post-thumbnail","6":"product_cat-arbeit-sonstiges","7":"product_cat-gefuehle-und-beduerfniskarten","8":"product_cat-persoenliche-entwicklung","9":"product_cat-seminarmaterial","10":"product_cat-sonstiges","11":"product_tag-emotionen","12":"product_tag-gefuehlsausdruecke","13":"product_tag-gefuehlslisten","14":"product_tag-gfk-kompass","15":"product_tag-gfk-lehrmittel","16":"product_tag-gfk-lernmaterial","17":"product_tag-gfk-uebersicht","18":"product_tag-hilfsmittel-fuer-gefuehlsfindung","19":"product_tag-konfliktmanagement","20":"product_tag-laminierte-karte","21":"product_tag-mediation","22":"product_tag-nlp-und-coaching","23":"product_tag-pseudogefuehle","24":"product_tag-quickfinder-xl-a3","25":"product_tag-therapie","26":"product_tag-uebersicht","28":"first","29":"instock","30":"shipping-taxable","31":"purchasable","32":"product-type-simple"},"yoast_head":"<!-- This site is optimized with the Yoast SEO plugin v27.5 - https:\/\/yoast.com\/product\/yoast-seo-wordpress\/ -->\n<title>GFK-Navigator XL f\u00fcr Gef\u00fchle, Emotionen und Stimmungen, A3 laminiert - Conex-Shop<\/title>\n<meta name=\"robots\" content=\"index, follow, max-snippet:-1, max-image-preview:large, max-video-preview:-1\" \/>\n<link rel=\"canonical\" href=\"https:\/\/conexbooks.de\/a\/shop\/produkt\/gfk-navigator-xl-fuer-gefuehle-emotionen-und-stimmungen-a3-laminiert\/\" \/>\n<meta property=\"og:locale\" content=\"de_DE\" \/>\n<meta property=\"og:type\" content=\"article\" \/>\n<meta property=\"og:title\" content=\"GFK-Navigator XL f\u00fcr Gef\u00fchle, Emotionen und Stimmungen, A3 laminiert - Conex-Shop\" \/>\n<meta property=\"og:description\" content=\"Gef\u00fchle finden und benennen \u2013 sich verstehen, verstanden werden, Empathie geben \u2013 Mit \u00fcber 100 Gef\u00fchlsbegriffen DIN A3 Format, laminiert, beidseitig bedruckt  Preis inclusive Zusatzporto.\" \/>\n<meta property=\"og:url\" content=\"https:\/\/conexbooks.de\/a\/shop\/produkt\/gfk-navigator-xl-fuer-gefuehle-emotionen-und-stimmungen-a3-laminiert\/\" \/>\n<meta property=\"og:site_name\" content=\"Conex-Shop\" \/>\n<meta property=\"article:modified_time\" content=\"2026-04-14T10:47:57+00:00\" \/>\n<meta property=\"og:image\" content=\"https:\/\/conexbooks.de\/a\/shop\/wp-content\/uploads\/2025\/01\/672.png\" \/>\n\t<meta property=\"og:image:width\" content=\"400\" \/>\n\t<meta property=\"og:image:height\" content=\"558\" \/>\n\t<meta property=\"og:image:type\" content=\"image\/png\" \/>\n<meta name=\"twitter:card\" content=\"summary_large_image\" \/>\n<meta name=\"twitter:label1\" content=\"Gesch\u00e4tzte Lesezeit\" \/>\n\t<meta name=\"twitter:data1\" content=\"3\u00a0Minuten\" \/>\n<script type=\"application\/ld+json\" class=\"yoast-schema-graph\">{\"@context\":\"https:\\\/\\\/schema.org\",\"@graph\":[{\"@type\":\"WebPage\",\"@id\":\"https:\\\/\\\/conexbooks.de\\\/a\\\/shop\\\/produkt\\\/gfk-navigator-xl-fuer-gefuehle-emotionen-und-stimmungen-a3-laminiert\\\/\",\"url\":\"https:\\\/\\\/conexbooks.de\\\/a\\\/shop\\\/produkt\\\/gfk-navigator-xl-fuer-gefuehle-emotionen-und-stimmungen-a3-laminiert\\\/\",\"name\":\"GFK-Navigator XL f\u00fcr Gef\u00fchle, Emotionen und Stimmungen, A3 laminiert - Conex-Shop\",\"isPartOf\":{\"@id\":\"https:\\\/\\\/conexbooks.de\\\/a\\\/shop\\\/#website\"},\"primaryImageOfPage\":{\"@id\":\"https:\\\/\\\/conexbooks.de\\\/a\\\/shop\\\/produkt\\\/gfk-navigator-xl-fuer-gefuehle-emotionen-und-stimmungen-a3-laminiert\\\/#primaryimage\"},\"image\":{\"@id\":\"https:\\\/\\\/conexbooks.de\\\/a\\\/shop\\\/produkt\\\/gfk-navigator-xl-fuer-gefuehle-emotionen-und-stimmungen-a3-laminiert\\\/#primaryimage\"},\"thumbnailUrl\":\"https:\\\/\\\/conexbooks.de\\\/a\\\/shop\\\/wp-content\\\/uploads\\\/2025\\\/01\\\/672.png\",\"datePublished\":\"2025-01-15T17:53:56+00:00\",\"dateModified\":\"2026-04-14T10:47:57+00:00\",\"breadcrumb\":{\"@id\":\"https:\\\/\\\/conexbooks.de\\\/a\\\/shop\\\/produkt\\\/gfk-navigator-xl-fuer-gefuehle-emotionen-und-stimmungen-a3-laminiert\\\/#breadcrumb\"},\"inLanguage\":\"de\",\"potentialAction\":[{\"@type\":\"ReadAction\",\"target\":[\"https:\\\/\\\/conexbooks.de\\\/a\\\/shop\\\/produkt\\\/gfk-navigator-xl-fuer-gefuehle-emotionen-und-stimmungen-a3-laminiert\\\/\"]}]},{\"@type\":\"ImageObject\",\"inLanguage\":\"de\",\"@id\":\"https:\\\/\\\/conexbooks.de\\\/a\\\/shop\\\/produkt\\\/gfk-navigator-xl-fuer-gefuehle-emotionen-und-stimmungen-a3-laminiert\\\/#primaryimage\",\"url\":\"https:\\\/\\\/conexbooks.de\\\/a\\\/shop\\\/wp-content\\\/uploads\\\/2025\\\/01\\\/672.png\",\"contentUrl\":\"https:\\\/\\\/conexbooks.de\\\/a\\\/shop\\\/wp-content\\\/uploads\\\/2025\\\/01\\\/672.png\",\"width\":400,\"height\":558},{\"@type\":\"BreadcrumbList\",\"@id\":\"https:\\\/\\\/conexbooks.de\\\/a\\\/shop\\\/produkt\\\/gfk-navigator-xl-fuer-gefuehle-emotionen-und-stimmungen-a3-laminiert\\\/#breadcrumb\",\"itemListElement\":[{\"@type\":\"ListItem\",\"position\":1,\"name\":\"Home\",\"item\":\"https:\\\/\\\/conexbooks.de\\\/a\\\/shop\\\/\"},{\"@type\":\"ListItem\",\"position\":2,\"name\":\"Shop\",\"item\":\"https:\\\/\\\/conexbooks.de\\\/a\\\/shop\\\/shop\\\/\"},{\"@type\":\"ListItem\",\"position\":3,\"name\":\"GFK-Navigator XL f\u00fcr Gef\u00fchle, Emotionen und Stimmungen, A3 laminiert\"}]},{\"@type\":\"WebSite\",\"@id\":\"https:\\\/\\\/conexbooks.de\\\/a\\\/shop\\\/#website\",\"url\":\"https:\\\/\\\/conexbooks.de\\\/a\\\/shop\\\/\",\"name\":\"Conex-Shop\",\"description\":\"Alles f\u00fcr die gewaltfreie Kommunikation: B\u00fccher, Spiele. Handpuppen Seminarmaterial und Geschenke\",\"publisher\":{\"@id\":\"https:\\\/\\\/conexbooks.de\\\/a\\\/shop\\\/#organization\"},\"potentialAction\":[{\"@type\":\"SearchAction\",\"target\":{\"@type\":\"EntryPoint\",\"urlTemplate\":\"https:\\\/\\\/conexbooks.de\\\/a\\\/shop\\\/?s={search_term_string}\"},\"query-input\":{\"@type\":\"PropertyValueSpecification\",\"valueRequired\":true,\"valueName\":\"search_term_string\"}}],\"inLanguage\":\"de\"},{\"@type\":\"Organization\",\"@id\":\"https:\\\/\\\/conexbooks.de\\\/a\\\/shop\\\/#organization\",\"name\":\"Conex - books and more\",\"url\":\"https:\\\/\\\/conexbooks.de\\\/a\\\/shop\\\/\",\"logo\":{\"@type\":\"ImageObject\",\"inLanguage\":\"de\",\"@id\":\"https:\\\/\\\/conexbooks.de\\\/a\\\/shop\\\/#\\\/schema\\\/logo\\\/image\\\/\",\"url\":\"https:\\\/\\\/conexbooks.de\\\/a\\\/shop\\\/wp-content\\\/uploads\\\/2017\\\/12\\\/co-logo.png\",\"contentUrl\":\"https:\\\/\\\/conexbooks.de\\\/a\\\/shop\\\/wp-content\\\/uploads\\\/2017\\\/12\\\/co-logo.png\",\"width\":243,\"height\":122,\"caption\":\"Conex - books and more\"},\"image\":{\"@id\":\"https:\\\/\\\/conexbooks.de\\\/a\\\/shop\\\/#\\\/schema\\\/logo\\\/image\\\/\"}}]}<\/script>\n<!-- \/ Yoast SEO plugin. -->","yoast_head_json":{"title":"GFK-Navigator XL f\u00fcr Gef\u00fchle, Emotionen und Stimmungen, A3 laminiert - Conex-Shop","robots":{"index":"index","follow":"follow","max-snippet":"max-snippet:-1","max-image-preview":"max-image-preview:large","max-video-preview":"max-video-preview:-1"},"canonical":"https:\/\/conexbooks.de\/a\/shop\/produkt\/gfk-navigator-xl-fuer-gefuehle-emotionen-und-stimmungen-a3-laminiert\/","og_locale":"de_DE","og_type":"article","og_title":"GFK-Navigator XL f\u00fcr Gef\u00fchle, Emotionen und Stimmungen, A3 laminiert - Conex-Shop","og_description":"Gef\u00fchle finden und benennen \u2013 sich verstehen, verstanden werden, Empathie geben \u2013 Mit \u00fcber 100 Gef\u00fchlsbegriffen DIN A3 Format, laminiert, beidseitig bedruckt  Preis inclusive Zusatzporto.","og_url":"https:\/\/conexbooks.de\/a\/shop\/produkt\/gfk-navigator-xl-fuer-gefuehle-emotionen-und-stimmungen-a3-laminiert\/","og_site_name":"Conex-Shop","article_modified_time":"2026-04-14T10:47:57+00:00","og_image":[{"width":400,"height":558,"url":"https:\/\/conexbooks.de\/a\/shop\/wp-content\/uploads\/2025\/01\/672.png","type":"image\/png"}],"twitter_card":"summary_large_image","twitter_misc":{"Gesch\u00e4tzte Lesezeit":"3\u00a0Minuten"},"schema":{"@context":"https:\/\/schema.org","@graph":[{"@type":"WebPage","@id":"https:\/\/conexbooks.de\/a\/shop\/produkt\/gfk-navigator-xl-fuer-gefuehle-emotionen-und-stimmungen-a3-laminiert\/","url":"https:\/\/conexbooks.de\/a\/shop\/produkt\/gfk-navigator-xl-fuer-gefuehle-emotionen-und-stimmungen-a3-laminiert\/","name":"GFK-Navigator XL f\u00fcr Gef\u00fchle, Emotionen und Stimmungen, A3 laminiert - Conex-Shop","isPartOf":{"@id":"https:\/\/conexbooks.de\/a\/shop\/#website"},"primaryImageOfPage":{"@id":"https:\/\/conexbooks.de\/a\/shop\/produkt\/gfk-navigator-xl-fuer-gefuehle-emotionen-und-stimmungen-a3-laminiert\/#primaryimage"},"image":{"@id":"https:\/\/conexbooks.de\/a\/shop\/produkt\/gfk-navigator-xl-fuer-gefuehle-emotionen-und-stimmungen-a3-laminiert\/#primaryimage"},"thumbnailUrl":"https:\/\/conexbooks.de\/a\/shop\/wp-content\/uploads\/2025\/01\/672.png","datePublished":"2025-01-15T17:53:56+00:00","dateModified":"2026-04-14T10:47:57+00:00","breadcrumb":{"@id":"https:\/\/conexbooks.de\/a\/shop\/produkt\/gfk-navigator-xl-fuer-gefuehle-emotionen-und-stimmungen-a3-laminiert\/#breadcrumb"},"inLanguage":"de","potentialAction":[{"@type":"ReadAction","target":["https:\/\/conexbooks.de\/a\/shop\/produkt\/gfk-navigator-xl-fuer-gefuehle-emotionen-und-stimmungen-a3-laminiert\/"]}]},{"@type":"ImageObject","inLanguage":"de","@id":"https:\/\/conexbooks.de\/a\/shop\/produkt\/gfk-navigator-xl-fuer-gefuehle-emotionen-und-stimmungen-a3-laminiert\/#primaryimage","url":"https:\/\/conexbooks.de\/a\/shop\/wp-content\/uploads\/2025\/01\/672.png","contentUrl":"https:\/\/conexbooks.de\/a\/shop\/wp-content\/uploads\/2025\/01\/672.png","width":400,"height":558},{"@type":"BreadcrumbList","@id":"https:\/\/conexbooks.de\/a\/shop\/produkt\/gfk-navigator-xl-fuer-gefuehle-emotionen-und-stimmungen-a3-laminiert\/#breadcrumb","itemListElement":[{"@type":"ListItem","position":1,"name":"Home","item":"https:\/\/conexbooks.de\/a\/shop\/"},{"@type":"ListItem","position":2,"name":"Shop","item":"https:\/\/conexbooks.de\/a\/shop\/shop\/"},{"@type":"ListItem","position":3,"name":"GFK-Navigator XL f\u00fcr Gef\u00fchle, Emotionen und Stimmungen, A3 laminiert"}]},{"@type":"WebSite","@id":"https:\/\/conexbooks.de\/a\/shop\/#website","url":"https:\/\/conexbooks.de\/a\/shop\/","name":"Conex-Shop","description":"Alles f\u00fcr die gewaltfreie Kommunikation: B\u00fccher, Spiele. Handpuppen Seminarmaterial und Geschenke","publisher":{"@id":"https:\/\/conexbooks.de\/a\/shop\/#organization"},"potentialAction":[{"@type":"SearchAction","target":{"@type":"EntryPoint","urlTemplate":"https:\/\/conexbooks.de\/a\/shop\/?s={search_term_string}"},"query-input":{"@type":"PropertyValueSpecification","valueRequired":true,"valueName":"search_term_string"}}],"inLanguage":"de"},{"@type":"Organization","@id":"https:\/\/conexbooks.de\/a\/shop\/#organization","name":"Conex - books and more","url":"https:\/\/conexbooks.de\/a\/shop\/","logo":{"@type":"ImageObject","inLanguage":"de","@id":"https:\/\/conexbooks.de\/a\/shop\/#\/schema\/logo\/image\/","url":"https:\/\/conexbooks.de\/a\/shop\/wp-content\/uploads\/2017\/12\/co-logo.png","contentUrl":"https:\/\/conexbooks.de\/a\/shop\/wp-content\/uploads\/2017\/12\/co-logo.png","width":243,"height":122,"caption":"Conex - books and more"},"image":{"@id":"https:\/\/conexbooks.de\/a\/shop\/#\/schema\/logo\/image\/"}}]}},"_links":{"self":[{"href":"https:\/\/conexbooks.de\/a\/shop\/wp-json\/wp\/v2\/product\/20818","targetHints":{"allow":["GET"]}}],"collection":[{"href":"https:\/\/conexbooks.de\/a\/shop\/wp-json\/wp\/v2\/product"}],"about":[{"href":"https:\/\/conexbooks.de\/a\/shop\/wp-json\/wp\/v2\/types\/product"}],"wp:featuredmedia":[{"embeddable":true,"href":"https:\/\/conexbooks.de\/a\/shop\/wp-json\/wp\/v2\/media\/20810"}],"wp:attachment":[{"href":"https:\/\/conexbooks.de\/a\/shop\/wp-json\/wp\/v2\/media?parent=20818"}],"wp:term":[{"taxonomy":"product_brand","embeddable":true,"href":"https:\/\/conexbooks.de\/a\/shop\/wp-json\/wp\/v2\/product_brand?post=20818"},{"taxonomy":"product_cat","embeddable":true,"href":"https:\/\/conexbooks.de\/a\/shop\/wp-json\/wp\/v2\/product_cat?post=20818"},{"taxonomy":"product_tag","embeddable":true,"href":"https:\/\/conexbooks.de\/a\/shop\/wp-json\/wp\/v2\/product_tag?post=20818"}],"curies":[{"name":"wp","href":"https:\/\/api.w.org\/{rel}","templated":true}]}}