{"id":20970,"date":"2025-06-05T14:04:53","date_gmt":"2025-06-05T12:04:53","guid":{"rendered":"https:\/\/conexbooks.de\/a\/shop\/?post_type=product&#038;p=20970"},"modified":"2025-06-05T15:34:29","modified_gmt":"2025-06-05T13:34:29","slug":"siddetsiz-iletisim-gfk-eine-sprache-des-lebens","status":"publish","type":"product","link":"https:\/\/conexbooks.de\/a\/shop\/produkt\/siddetsiz-iletisim-gfk-eine-sprache-des-lebens\/","title":{"rendered":"\u015eiddetsiz \u0130leti\u015fim (GFK &#8211; eine Sprache des Lebens)"},"content":{"rendered":"<p><span class=\"info__text\">\u015eiddetsiz \u0130leti\u015fim farkl\u0131l\u0131klar\u0131 bar\u0131\u015f\u00e7\u0131l yollarla \u00e7\u00f6z\u00fcmlemede ve pozitif sosyal de\u011fi\u015fim i\u00e7in g\u00fc\u00e7l\u00fc bir etkile\u015fim yolu. Davran\u0131\u015flar\u0131 y\u00f6nlendirmede korku, su\u00e7luluk, su\u00e7u ba\u015fkas\u0131nda arama ya da utan\u00e7 yerine, etkile\u015fim s\u0131ras\u0131nda her iki taraf\u0131n da hayat\u0131n\u0131 zenginle\u015ftirme amac\u0131yla davranman\u0131n en doyurucu motivasyon oldu\u011funu savunur.<\/span><\/p>\n<p>&#8222;Hayat\u0131mda \u015fefkat istiyorum, di\u011fer insanlarla aramda kar\u015f\u0131l\u0131kl\u0131 y\u00fcrekten vermeye dayanan bir ak\u0131\u015f.&#8220;<\/p>\n<p>&#8222;Marshall Rosenberg bize sa\u011fl\u0131\u011f\u0131m\u0131z\u0131 ve ili\u015fkilerimizi g\u00fc\u00e7lendiren en etkili ara\u00e7lar\u0131 sunuyor. \u015eiddetsiz ileti\u015fim can\u0131 cana ba\u011fl\u0131yor ve \u015fifa da\u011f\u0131t\u0131yor. Davran\u0131\u015flar\u0131m\u0131zda eksik olan unsur i\u015fte bu.&#8220;<\/p>\n<p>Deepak Chopra<\/p>\n","protected":false},"excerpt":{"rendered":"<p>Bir yasam Dili<\/p>\n<p>Herausgeber: Sistem Yayincilik<br \/>\n\u00dcbersetzer: G\u00fclden Sen, Mahmut Tuna<br \/>\nErschien am: 05.08.2004<br \/>\nOriginaltitel: Nonviolent Communication: A Language of Life<br \/>\nAnzahl der Seiten: 254, Kitap Ka\u011f\u0131d\u0131<br \/>\nGr\u00f6\u00dfe: 13.5 x 19.5 cm<\/p>\n","protected":false},"featured_media":20971,"template":"","meta":[],"product_brand":[],"product_cat":[482,43,616],"product_tag":[617,357],"class_list":{"0":"post-20970","1":"product","2":"type-product","3":"status-publish","4":"has-post-thumbnail","6":"product_cat-buecher","7":"product_cat-polnische-buecher","8":"product_cat-tuerkische-buecher","9":"product_tag-gfk-grundlagen","10":"product_tag-persoenlichkeitsentwicklung","12":"first","13":"instock","14":"shipping-taxable","15":"purchasable","16":"product-type-simple"},"yoast_head":"<!-- This site is optimized with the Yoast SEO plugin v27.5 - https:\/\/yoast.com\/product\/yoast-seo-wordpress\/ -->\n<title>\u015eiddetsiz \u0130leti\u015fim (GFK - eine Sprache des Lebens) - Conex-Shop<\/title>\n<meta name=\"robots\" content=\"index, follow, max-snippet:-1, max-image-preview:large, max-video-preview:-1\" \/>\n<link rel=\"canonical\" href=\"https:\/\/conexbooks.de\/a\/shop\/produkt\/siddetsiz-iletisim-gfk-eine-sprache-des-lebens\/\" \/>\n<meta property=\"og:locale\" content=\"de_DE\" \/>\n<meta property=\"og:type\" content=\"article\" \/>\n<meta property=\"og:title\" content=\"\u015eiddetsiz \u0130leti\u015fim (GFK - eine Sprache des Lebens) - Conex-Shop\" \/>\n<meta property=\"og:description\" content=\"Bir yasam Dili  Herausgeber: Sistem Yayincilik \u00dcbersetzer: G\u00fclden Sen, Mahmut Tuna Erschien am: 05.08.2004 Originaltitel: Nonviolent Communication: A Language of Life Anzahl der Seiten: 254, Kitap Ka\u011f\u0131d\u0131 Gr\u00f6\u00dfe: 13.5 x 19.5 cm\" \/>\n<meta property=\"og:url\" content=\"https:\/\/conexbooks.de\/a\/shop\/produkt\/siddetsiz-iletisim-gfk-eine-sprache-des-lebens\/\" \/>\n<meta property=\"og:site_name\" content=\"Conex-Shop\" \/>\n<meta property=\"article:modified_time\" content=\"2025-06-05T13:34:29+00:00\" \/>\n<meta property=\"og:image\" content=\"https:\/\/conexbooks.de\/a\/shop\/wp-content\/uploads\/2025\/06\/207.png\" \/>\n\t<meta property=\"og:image:width\" content=\"276\" \/>\n\t<meta property=\"og:image:height\" content=\"400\" \/>\n\t<meta property=\"og:image:type\" content=\"image\/png\" \/>\n<meta name=\"twitter:card\" content=\"summary_large_image\" \/>\n<meta name=\"twitter:label1\" content=\"Gesch\u00e4tzte Lesezeit\" \/>\n\t<meta name=\"twitter:data1\" content=\"1\u00a0Minute\" \/>\n<script type=\"application\/ld+json\" class=\"yoast-schema-graph\">{\"@context\":\"https:\\\/\\\/schema.org\",\"@graph\":[{\"@type\":\"WebPage\",\"@id\":\"https:\\\/\\\/conexbooks.de\\\/a\\\/shop\\\/produkt\\\/siddetsiz-iletisim-gfk-eine-sprache-des-lebens\\\/\",\"url\":\"https:\\\/\\\/conexbooks.de\\\/a\\\/shop\\\/produkt\\\/siddetsiz-iletisim-gfk-eine-sprache-des-lebens\\\/\",\"name\":\"\u015eiddetsiz \u0130leti\u015fim (GFK - eine Sprache des Lebens) - Conex-Shop\",\"isPartOf\":{\"@id\":\"https:\\\/\\\/conexbooks.de\\\/a\\\/shop\\\/#website\"},\"primaryImageOfPage\":{\"@id\":\"https:\\\/\\\/conexbooks.de\\\/a\\\/shop\\\/produkt\\\/siddetsiz-iletisim-gfk-eine-sprache-des-lebens\\\/#primaryimage\"},\"image\":{\"@id\":\"https:\\\/\\\/conexbooks.de\\\/a\\\/shop\\\/produkt\\\/siddetsiz-iletisim-gfk-eine-sprache-des-lebens\\\/#primaryimage\"},\"thumbnailUrl\":\"https:\\\/\\\/conexbooks.de\\\/a\\\/shop\\\/wp-content\\\/uploads\\\/2025\\\/06\\\/207.png\",\"datePublished\":\"2025-06-05T12:04:53+00:00\",\"dateModified\":\"2025-06-05T13:34:29+00:00\",\"breadcrumb\":{\"@id\":\"https:\\\/\\\/conexbooks.de\\\/a\\\/shop\\\/produkt\\\/siddetsiz-iletisim-gfk-eine-sprache-des-lebens\\\/#breadcrumb\"},\"inLanguage\":\"de\",\"potentialAction\":[{\"@type\":\"ReadAction\",\"target\":[\"https:\\\/\\\/conexbooks.de\\\/a\\\/shop\\\/produkt\\\/siddetsiz-iletisim-gfk-eine-sprache-des-lebens\\\/\"]}]},{\"@type\":\"ImageObject\",\"inLanguage\":\"de\",\"@id\":\"https:\\\/\\\/conexbooks.de\\\/a\\\/shop\\\/produkt\\\/siddetsiz-iletisim-gfk-eine-sprache-des-lebens\\\/#primaryimage\",\"url\":\"https:\\\/\\\/conexbooks.de\\\/a\\\/shop\\\/wp-content\\\/uploads\\\/2025\\\/06\\\/207.png\",\"contentUrl\":\"https:\\\/\\\/conexbooks.de\\\/a\\\/shop\\\/wp-content\\\/uploads\\\/2025\\\/06\\\/207.png\",\"width\":276,\"height\":400},{\"@type\":\"BreadcrumbList\",\"@id\":\"https:\\\/\\\/conexbooks.de\\\/a\\\/shop\\\/produkt\\\/siddetsiz-iletisim-gfk-eine-sprache-des-lebens\\\/#breadcrumb\",\"itemListElement\":[{\"@type\":\"ListItem\",\"position\":1,\"name\":\"Home\",\"item\":\"https:\\\/\\\/conexbooks.de\\\/a\\\/shop\\\/\"},{\"@type\":\"ListItem\",\"position\":2,\"name\":\"Shop\",\"item\":\"https:\\\/\\\/conexbooks.de\\\/a\\\/shop\\\/shop\\\/\"},{\"@type\":\"ListItem\",\"position\":3,\"name\":\"\u015eiddetsiz \u0130leti\u015fim (GFK &#8211; eine Sprache des Lebens)\"}]},{\"@type\":\"WebSite\",\"@id\":\"https:\\\/\\\/conexbooks.de\\\/a\\\/shop\\\/#website\",\"url\":\"https:\\\/\\\/conexbooks.de\\\/a\\\/shop\\\/\",\"name\":\"Conex-Shop\",\"description\":\"Alles f\u00fcr die gewaltfreie Kommunikation: B\u00fccher, Spiele. Handpuppen Seminarmaterial und Geschenke\",\"publisher\":{\"@id\":\"https:\\\/\\\/conexbooks.de\\\/a\\\/shop\\\/#organization\"},\"potentialAction\":[{\"@type\":\"SearchAction\",\"target\":{\"@type\":\"EntryPoint\",\"urlTemplate\":\"https:\\\/\\\/conexbooks.de\\\/a\\\/shop\\\/?s={search_term_string}\"},\"query-input\":{\"@type\":\"PropertyValueSpecification\",\"valueRequired\":true,\"valueName\":\"search_term_string\"}}],\"inLanguage\":\"de\"},{\"@type\":\"Organization\",\"@id\":\"https:\\\/\\\/conexbooks.de\\\/a\\\/shop\\\/#organization\",\"name\":\"Conex - books and more\",\"url\":\"https:\\\/\\\/conexbooks.de\\\/a\\\/shop\\\/\",\"logo\":{\"@type\":\"ImageObject\",\"inLanguage\":\"de\",\"@id\":\"https:\\\/\\\/conexbooks.de\\\/a\\\/shop\\\/#\\\/schema\\\/logo\\\/image\\\/\",\"url\":\"https:\\\/\\\/conexbooks.de\\\/a\\\/shop\\\/wp-content\\\/uploads\\\/2017\\\/12\\\/co-logo.png\",\"contentUrl\":\"https:\\\/\\\/conexbooks.de\\\/a\\\/shop\\\/wp-content\\\/uploads\\\/2017\\\/12\\\/co-logo.png\",\"width\":243,\"height\":122,\"caption\":\"Conex - books and more\"},\"image\":{\"@id\":\"https:\\\/\\\/conexbooks.de\\\/a\\\/shop\\\/#\\\/schema\\\/logo\\\/image\\\/\"}}]}<\/script>\n<!-- \/ Yoast SEO plugin. -->","yoast_head_json":{"title":"\u015eiddetsiz \u0130leti\u015fim (GFK - eine Sprache des Lebens) - Conex-Shop","robots":{"index":"index","follow":"follow","max-snippet":"max-snippet:-1","max-image-preview":"max-image-preview:large","max-video-preview":"max-video-preview:-1"},"canonical":"https:\/\/conexbooks.de\/a\/shop\/produkt\/siddetsiz-iletisim-gfk-eine-sprache-des-lebens\/","og_locale":"de_DE","og_type":"article","og_title":"\u015eiddetsiz \u0130leti\u015fim (GFK - eine Sprache des Lebens) - Conex-Shop","og_description":"Bir yasam Dili  Herausgeber: Sistem Yayincilik \u00dcbersetzer: G\u00fclden Sen, Mahmut Tuna Erschien am: 05.08.2004 Originaltitel: Nonviolent Communication: A Language of Life Anzahl der Seiten: 254, Kitap Ka\u011f\u0131d\u0131 Gr\u00f6\u00dfe: 13.5 x 19.5 cm","og_url":"https:\/\/conexbooks.de\/a\/shop\/produkt\/siddetsiz-iletisim-gfk-eine-sprache-des-lebens\/","og_site_name":"Conex-Shop","article_modified_time":"2025-06-05T13:34:29+00:00","og_image":[{"width":276,"height":400,"url":"https:\/\/conexbooks.de\/a\/shop\/wp-content\/uploads\/2025\/06\/207.png","type":"image\/png"}],"twitter_card":"summary_large_image","twitter_misc":{"Gesch\u00e4tzte Lesezeit":"1\u00a0Minute"},"schema":{"@context":"https:\/\/schema.org","@graph":[{"@type":"WebPage","@id":"https:\/\/conexbooks.de\/a\/shop\/produkt\/siddetsiz-iletisim-gfk-eine-sprache-des-lebens\/","url":"https:\/\/conexbooks.de\/a\/shop\/produkt\/siddetsiz-iletisim-gfk-eine-sprache-des-lebens\/","name":"\u015eiddetsiz \u0130leti\u015fim (GFK - eine Sprache des Lebens) - Conex-Shop","isPartOf":{"@id":"https:\/\/conexbooks.de\/a\/shop\/#website"},"primaryImageOfPage":{"@id":"https:\/\/conexbooks.de\/a\/shop\/produkt\/siddetsiz-iletisim-gfk-eine-sprache-des-lebens\/#primaryimage"},"image":{"@id":"https:\/\/conexbooks.de\/a\/shop\/produkt\/siddetsiz-iletisim-gfk-eine-sprache-des-lebens\/#primaryimage"},"thumbnailUrl":"https:\/\/conexbooks.de\/a\/shop\/wp-content\/uploads\/2025\/06\/207.png","datePublished":"2025-06-05T12:04:53+00:00","dateModified":"2025-06-05T13:34:29+00:00","breadcrumb":{"@id":"https:\/\/conexbooks.de\/a\/shop\/produkt\/siddetsiz-iletisim-gfk-eine-sprache-des-lebens\/#breadcrumb"},"inLanguage":"de","potentialAction":[{"@type":"ReadAction","target":["https:\/\/conexbooks.de\/a\/shop\/produkt\/siddetsiz-iletisim-gfk-eine-sprache-des-lebens\/"]}]},{"@type":"ImageObject","inLanguage":"de","@id":"https:\/\/conexbooks.de\/a\/shop\/produkt\/siddetsiz-iletisim-gfk-eine-sprache-des-lebens\/#primaryimage","url":"https:\/\/conexbooks.de\/a\/shop\/wp-content\/uploads\/2025\/06\/207.png","contentUrl":"https:\/\/conexbooks.de\/a\/shop\/wp-content\/uploads\/2025\/06\/207.png","width":276,"height":400},{"@type":"BreadcrumbList","@id":"https:\/\/conexbooks.de\/a\/shop\/produkt\/siddetsiz-iletisim-gfk-eine-sprache-des-lebens\/#breadcrumb","itemListElement":[{"@type":"ListItem","position":1,"name":"Home","item":"https:\/\/conexbooks.de\/a\/shop\/"},{"@type":"ListItem","position":2,"name":"Shop","item":"https:\/\/conexbooks.de\/a\/shop\/shop\/"},{"@type":"ListItem","position":3,"name":"\u015eiddetsiz \u0130leti\u015fim (GFK &#8211; eine Sprache des Lebens)"}]},{"@type":"WebSite","@id":"https:\/\/conexbooks.de\/a\/shop\/#website","url":"https:\/\/conexbooks.de\/a\/shop\/","name":"Conex-Shop","description":"Alles f\u00fcr die gewaltfreie Kommunikation: B\u00fccher, Spiele. Handpuppen Seminarmaterial und Geschenke","publisher":{"@id":"https:\/\/conexbooks.de\/a\/shop\/#organization"},"potentialAction":[{"@type":"SearchAction","target":{"@type":"EntryPoint","urlTemplate":"https:\/\/conexbooks.de\/a\/shop\/?s={search_term_string}"},"query-input":{"@type":"PropertyValueSpecification","valueRequired":true,"valueName":"search_term_string"}}],"inLanguage":"de"},{"@type":"Organization","@id":"https:\/\/conexbooks.de\/a\/shop\/#organization","name":"Conex - books and more","url":"https:\/\/conexbooks.de\/a\/shop\/","logo":{"@type":"ImageObject","inLanguage":"de","@id":"https:\/\/conexbooks.de\/a\/shop\/#\/schema\/logo\/image\/","url":"https:\/\/conexbooks.de\/a\/shop\/wp-content\/uploads\/2017\/12\/co-logo.png","contentUrl":"https:\/\/conexbooks.de\/a\/shop\/wp-content\/uploads\/2017\/12\/co-logo.png","width":243,"height":122,"caption":"Conex - books and more"},"image":{"@id":"https:\/\/conexbooks.de\/a\/shop\/#\/schema\/logo\/image\/"}}]}},"_links":{"self":[{"href":"https:\/\/conexbooks.de\/a\/shop\/wp-json\/wp\/v2\/product\/20970","targetHints":{"allow":["GET"]}}],"collection":[{"href":"https:\/\/conexbooks.de\/a\/shop\/wp-json\/wp\/v2\/product"}],"about":[{"href":"https:\/\/conexbooks.de\/a\/shop\/wp-json\/wp\/v2\/types\/product"}],"wp:featuredmedia":[{"embeddable":true,"href":"https:\/\/conexbooks.de\/a\/shop\/wp-json\/wp\/v2\/media\/20971"}],"wp:attachment":[{"href":"https:\/\/conexbooks.de\/a\/shop\/wp-json\/wp\/v2\/media?parent=20970"}],"wp:term":[{"taxonomy":"product_brand","embeddable":true,"href":"https:\/\/conexbooks.de\/a\/shop\/wp-json\/wp\/v2\/product_brand?post=20970"},{"taxonomy":"product_cat","embeddable":true,"href":"https:\/\/conexbooks.de\/a\/shop\/wp-json\/wp\/v2\/product_cat?post=20970"},{"taxonomy":"product_tag","embeddable":true,"href":"https:\/\/conexbooks.de\/a\/shop\/wp-json\/wp\/v2\/product_tag?post=20970"}],"curies":[{"name":"wp","href":"https:\/\/api.w.org\/{rel}","templated":true}]}}