{"id":21041,"date":"2025-08-07T13:40:27","date_gmt":"2025-08-07T11:40:27","guid":{"rendered":"https:\/\/conexbooks.de\/a\/shop\/?post_type=product&#038;p=21041"},"modified":"2026-04-14T11:26:16","modified_gmt":"2026-04-14T09:26:16","slug":"gfk-navigator-fuer-gefuehle-emotionen-und-stimmungen-a5","status":"publish","type":"product","link":"https:\/\/conexbooks.de\/a\/shop\/produkt\/gfk-navigator-fuer-gefuehle-emotionen-und-stimmungen-a5\/","title":{"rendered":"GFK-Navigator f\u00fcr Gef\u00fchle, Emotionen und Stimmungen, A5"},"content":{"rendered":"<h2>Gef\u00fchle finden und benennen \u2013 sich verstehen, verstanden werden, Empathie geben \u2013 Mit \u00fcber 100 Gef\u00fchlsbegriffen (A5)<\/h2>\n<p><strong>Jetzt NEU: Der beliebte Gef\u00fchlsspiegel der erfolgreichen Wissenskarten jetzt auch im Taschenformat DINA5. So erkennen Sie auch unterwegs auf einen Blick den Zusammenhang zwischen ihren Gef\u00fchlen und dahinterliegenden Gedanken.<\/strong><\/p>\n<p>In allen Situationen geht es immer auch um Gef\u00fchle und Stimmungen. Gef\u00fchle k\u00f6nnen f\u00fcr sehr verwirrend sein. Oft wissen wir nicht genau, was wir f\u00fchlen oder es fehlen die treffenden Worte um die K\u00f6rperempfindungen zu benennen, die sie gerade erleben.<br \/>\nMit dem Gef\u00fchlsfinder stellen wir Ihnen einen Gef\u00fchlsspiegel zur Verf\u00fcgung, auf dem Sie Ihre aktuellen Gef\u00fchle schnell und sicher heruasfinden und sofort die passenden Worte parat haben.<br \/>\nSomit k\u00f6nnen Sie sich im Alltag leichter und schneller Ihre Gef\u00fchlsqualit\u00e4t erkennen und sich entsprechend ausdr\u00fccken.<\/p>\n<p>Zudem bietet er Ihnen eine umfassende \u00dcbersicht und schafft ein neues Verst\u00e4ndnis und Wissen \u00fcber Gef\u00fchle, Emotionen und Stimmungen.<br \/>\nEin besonderes Merkmal des Gef\u00fchlsfinders ist, dass er zu jedem der 12 zentralen Gef\u00fchle verr\u00e4t, welche Bedeutung (Gedanken) Sie einer Situation gegeben haben, welche daraufhin das jeweilige Gef\u00fchl erzeugt hat.<br \/>\nZum Beispiel f\u00fchlen Sie sich schuldig, weil Sie nicht auf der Beerdigung Ihrer Gro\u00dfmutter war. Der Gef\u00fchlsfinder verr\u00e4t: Sie denken \u201eIch habe etwas falsch gemacht\u201c oder Sie sind traurig, weil sich Ihre Partnerin von Ihnen getrennt hat. Der Gef\u00fchlsfinder verr\u00e4t: Ich denke \u201eIch bekomme das, was ich verloren habe nie wieder\u201c.<br \/>\nDer Gef\u00fchlsfinder wurde mit dem Anspruch entwickelt, dass es f\u00fcr Sie im Praxisalltag ohne Erl\u00e4uterungen funktioniert und eine unkomplizierte Hilfe darstellt, mit der Sie Ihre Gef\u00fchle genauer finden und benennen k\u00f6nnen.<\/p>\n<p>Der GfK-Navigator f\u00fcr Gef\u00fchle, Emotionen und Stimmungen ist auch im A4 Format sowie als Wandposter im DIN A3 und A2 Format erh\u00e4ltlich.<\/p>\n<div id='1' class='widgets_on_page wop_tiny1  wop_small1  wop_medium1  wop_large1  wop_wide1'>\n\t\t\t<ul><li id=\"custom_html-4\" class=\"widget_text widget widget_custom_html\"><div class=\"textwidget custom-html-widget\"><div style=\"text-align:left;\">\r\n<button class = \"button\" style=\"height: 30px; font-size: 0.8em;\" name=\"zuruck\" type=\"button\" onclick=\"history.back()\">Zur\u00fcck zur \u00dcbersicht<\/button><\/div><\/div><\/li><\/ul><\/div><!-- widgets_on_page -->\n","protected":false},"excerpt":{"rendered":"<h3>Gef\u00fchle finden und benennen \u2013 sich verstehen, verstanden werden, Empathie geben \u2013<br \/>\nMit \u00fcber 100 Gef\u00fchlsbegriffen<\/h3>\n<p>DIN A5 Format, laminiert<\/p>\n","protected":false},"featured_media":21042,"template":"","meta":[],"product_brand":[],"product_cat":[45,481,39,51,47],"product_tag":[273,328,388,386,591,593,595,417,432,389,598,397,61,590,418,619,355,369,372],"class_list":{"0":"post-21041","1":"product","2":"type-product","3":"status-publish","4":"has-post-thumbnail","6":"product_cat-arbeit-sonstiges","7":"product_cat-gefuehle-und-beduerfniskarten","8":"product_cat-persoenliche-entwicklung","9":"product_cat-seminarmaterial","10":"product_cat-sonstiges","11":"product_tag-emotionen","12":"product_tag-fuehrungskraefte","13":"product_tag-gefuehlsausdruecke","14":"product_tag-gefuehlslisten","15":"product_tag-gfk-kompass","16":"product_tag-gfk-lehrmittel","17":"product_tag-gfk-lernmaterial","18":"product_tag-gfk-uebersicht","19":"product_tag-gruppen-und-teams","20":"product_tag-hilfsmittel-fuer-gefuehlsfindung","21":"product_tag-konfliktmanagement","22":"product_tag-laminierte-karte","23":"product_tag-mediation","24":"product_tag-nlp-und-coaching","25":"product_tag-pseudogefuehle","26":"product_tag-selbstfuehrung","27":"product_tag-selbstregulierung","28":"product_tag-therapie","29":"product_tag-uebersicht","31":"first","32":"instock","33":"shipping-taxable","34":"purchasable","35":"product-type-simple"},"yoast_head":"<!-- This site is optimized with the Yoast SEO plugin v27.5 - https:\/\/yoast.com\/product\/yoast-seo-wordpress\/ -->\n<title>GFK-Navigator f\u00fcr Gef\u00fchle, Emotionen und Stimmungen, A5 - Conex-Shop<\/title>\n<meta name=\"robots\" content=\"index, follow, max-snippet:-1, max-image-preview:large, max-video-preview:-1\" \/>\n<link rel=\"canonical\" href=\"https:\/\/conexbooks.de\/a\/shop\/produkt\/gfk-navigator-fuer-gefuehle-emotionen-und-stimmungen-a5\/\" \/>\n<meta property=\"og:locale\" content=\"de_DE\" \/>\n<meta property=\"og:type\" content=\"article\" \/>\n<meta property=\"og:title\" content=\"GFK-Navigator f\u00fcr Gef\u00fchle, Emotionen und Stimmungen, A5 - Conex-Shop\" \/>\n<meta property=\"og:description\" content=\"Gef\u00fchle finden und benennen \u2013 sich verstehen, verstanden werden, Empathie geben \u2013 Mit \u00fcber 100 Gef\u00fchlsbegriffen DIN A5 Format, laminiert\" \/>\n<meta property=\"og:url\" content=\"https:\/\/conexbooks.de\/a\/shop\/produkt\/gfk-navigator-fuer-gefuehle-emotionen-und-stimmungen-a5\/\" \/>\n<meta property=\"og:site_name\" content=\"Conex-Shop\" \/>\n<meta property=\"article:modified_time\" content=\"2026-04-14T09:26:16+00:00\" \/>\n<meta property=\"og:image\" content=\"https:\/\/conexbooks.de\/a\/shop\/wp-content\/uploads\/2025\/08\/678A5.png\" \/>\n\t<meta property=\"og:image:width\" content=\"291\" \/>\n\t<meta property=\"og:image:height\" content=\"400\" \/>\n\t<meta property=\"og:image:type\" content=\"image\/png\" \/>\n<meta name=\"twitter:card\" content=\"summary_large_image\" \/>\n<meta name=\"twitter:label1\" content=\"Gesch\u00e4tzte Lesezeit\" \/>\n\t<meta name=\"twitter:data1\" content=\"2\u00a0Minuten\" \/>\n<script type=\"application\/ld+json\" class=\"yoast-schema-graph\">{\"@context\":\"https:\\\/\\\/schema.org\",\"@graph\":[{\"@type\":\"WebPage\",\"@id\":\"https:\\\/\\\/conexbooks.de\\\/a\\\/shop\\\/produkt\\\/gfk-navigator-fuer-gefuehle-emotionen-und-stimmungen-a5\\\/\",\"url\":\"https:\\\/\\\/conexbooks.de\\\/a\\\/shop\\\/produkt\\\/gfk-navigator-fuer-gefuehle-emotionen-und-stimmungen-a5\\\/\",\"name\":\"GFK-Navigator f\u00fcr Gef\u00fchle, Emotionen und Stimmungen, A5 - Conex-Shop\",\"isPartOf\":{\"@id\":\"https:\\\/\\\/conexbooks.de\\\/a\\\/shop\\\/#website\"},\"primaryImageOfPage\":{\"@id\":\"https:\\\/\\\/conexbooks.de\\\/a\\\/shop\\\/produkt\\\/gfk-navigator-fuer-gefuehle-emotionen-und-stimmungen-a5\\\/#primaryimage\"},\"image\":{\"@id\":\"https:\\\/\\\/conexbooks.de\\\/a\\\/shop\\\/produkt\\\/gfk-navigator-fuer-gefuehle-emotionen-und-stimmungen-a5\\\/#primaryimage\"},\"thumbnailUrl\":\"https:\\\/\\\/conexbooks.de\\\/a\\\/shop\\\/wp-content\\\/uploads\\\/2025\\\/08\\\/678A5.png\",\"datePublished\":\"2025-08-07T11:40:27+00:00\",\"dateModified\":\"2026-04-14T09:26:16+00:00\",\"breadcrumb\":{\"@id\":\"https:\\\/\\\/conexbooks.de\\\/a\\\/shop\\\/produkt\\\/gfk-navigator-fuer-gefuehle-emotionen-und-stimmungen-a5\\\/#breadcrumb\"},\"inLanguage\":\"de\",\"potentialAction\":[{\"@type\":\"ReadAction\",\"target\":[\"https:\\\/\\\/conexbooks.de\\\/a\\\/shop\\\/produkt\\\/gfk-navigator-fuer-gefuehle-emotionen-und-stimmungen-a5\\\/\"]}]},{\"@type\":\"ImageObject\",\"inLanguage\":\"de\",\"@id\":\"https:\\\/\\\/conexbooks.de\\\/a\\\/shop\\\/produkt\\\/gfk-navigator-fuer-gefuehle-emotionen-und-stimmungen-a5\\\/#primaryimage\",\"url\":\"https:\\\/\\\/conexbooks.de\\\/a\\\/shop\\\/wp-content\\\/uploads\\\/2025\\\/08\\\/678A5.png\",\"contentUrl\":\"https:\\\/\\\/conexbooks.de\\\/a\\\/shop\\\/wp-content\\\/uploads\\\/2025\\\/08\\\/678A5.png\",\"width\":291,\"height\":400},{\"@type\":\"BreadcrumbList\",\"@id\":\"https:\\\/\\\/conexbooks.de\\\/a\\\/shop\\\/produkt\\\/gfk-navigator-fuer-gefuehle-emotionen-und-stimmungen-a5\\\/#breadcrumb\",\"itemListElement\":[{\"@type\":\"ListItem\",\"position\":1,\"name\":\"Home\",\"item\":\"https:\\\/\\\/conexbooks.de\\\/a\\\/shop\\\/\"},{\"@type\":\"ListItem\",\"position\":2,\"name\":\"Shop\",\"item\":\"https:\\\/\\\/conexbooks.de\\\/a\\\/shop\\\/shop\\\/\"},{\"@type\":\"ListItem\",\"position\":3,\"name\":\"GFK-Navigator f\u00fcr Gef\u00fchle, Emotionen und Stimmungen, A5\"}]},{\"@type\":\"WebSite\",\"@id\":\"https:\\\/\\\/conexbooks.de\\\/a\\\/shop\\\/#website\",\"url\":\"https:\\\/\\\/conexbooks.de\\\/a\\\/shop\\\/\",\"name\":\"Conex-Shop\",\"description\":\"Alles f\u00fcr die gewaltfreie Kommunikation: B\u00fccher, Spiele. Handpuppen Seminarmaterial und Geschenke\",\"publisher\":{\"@id\":\"https:\\\/\\\/conexbooks.de\\\/a\\\/shop\\\/#organization\"},\"potentialAction\":[{\"@type\":\"SearchAction\",\"target\":{\"@type\":\"EntryPoint\",\"urlTemplate\":\"https:\\\/\\\/conexbooks.de\\\/a\\\/shop\\\/?s={search_term_string}\"},\"query-input\":{\"@type\":\"PropertyValueSpecification\",\"valueRequired\":true,\"valueName\":\"search_term_string\"}}],\"inLanguage\":\"de\"},{\"@type\":\"Organization\",\"@id\":\"https:\\\/\\\/conexbooks.de\\\/a\\\/shop\\\/#organization\",\"name\":\"Conex - books and more\",\"url\":\"https:\\\/\\\/conexbooks.de\\\/a\\\/shop\\\/\",\"logo\":{\"@type\":\"ImageObject\",\"inLanguage\":\"de\",\"@id\":\"https:\\\/\\\/conexbooks.de\\\/a\\\/shop\\\/#\\\/schema\\\/logo\\\/image\\\/\",\"url\":\"https:\\\/\\\/conexbooks.de\\\/a\\\/shop\\\/wp-content\\\/uploads\\\/2017\\\/12\\\/co-logo.png\",\"contentUrl\":\"https:\\\/\\\/conexbooks.de\\\/a\\\/shop\\\/wp-content\\\/uploads\\\/2017\\\/12\\\/co-logo.png\",\"width\":243,\"height\":122,\"caption\":\"Conex - books and more\"},\"image\":{\"@id\":\"https:\\\/\\\/conexbooks.de\\\/a\\\/shop\\\/#\\\/schema\\\/logo\\\/image\\\/\"}}]}<\/script>\n<!-- \/ Yoast SEO plugin. -->","yoast_head_json":{"title":"GFK-Navigator f\u00fcr Gef\u00fchle, Emotionen und Stimmungen, A5 - Conex-Shop","robots":{"index":"index","follow":"follow","max-snippet":"max-snippet:-1","max-image-preview":"max-image-preview:large","max-video-preview":"max-video-preview:-1"},"canonical":"https:\/\/conexbooks.de\/a\/shop\/produkt\/gfk-navigator-fuer-gefuehle-emotionen-und-stimmungen-a5\/","og_locale":"de_DE","og_type":"article","og_title":"GFK-Navigator f\u00fcr Gef\u00fchle, Emotionen und Stimmungen, A5 - Conex-Shop","og_description":"Gef\u00fchle finden und benennen \u2013 sich verstehen, verstanden werden, Empathie geben \u2013 Mit \u00fcber 100 Gef\u00fchlsbegriffen DIN A5 Format, laminiert","og_url":"https:\/\/conexbooks.de\/a\/shop\/produkt\/gfk-navigator-fuer-gefuehle-emotionen-und-stimmungen-a5\/","og_site_name":"Conex-Shop","article_modified_time":"2026-04-14T09:26:16+00:00","og_image":[{"width":291,"height":400,"url":"https:\/\/conexbooks.de\/a\/shop\/wp-content\/uploads\/2025\/08\/678A5.png","type":"image\/png"}],"twitter_card":"summary_large_image","twitter_misc":{"Gesch\u00e4tzte Lesezeit":"2\u00a0Minuten"},"schema":{"@context":"https:\/\/schema.org","@graph":[{"@type":"WebPage","@id":"https:\/\/conexbooks.de\/a\/shop\/produkt\/gfk-navigator-fuer-gefuehle-emotionen-und-stimmungen-a5\/","url":"https:\/\/conexbooks.de\/a\/shop\/produkt\/gfk-navigator-fuer-gefuehle-emotionen-und-stimmungen-a5\/","name":"GFK-Navigator f\u00fcr Gef\u00fchle, Emotionen und Stimmungen, A5 - Conex-Shop","isPartOf":{"@id":"https:\/\/conexbooks.de\/a\/shop\/#website"},"primaryImageOfPage":{"@id":"https:\/\/conexbooks.de\/a\/shop\/produkt\/gfk-navigator-fuer-gefuehle-emotionen-und-stimmungen-a5\/#primaryimage"},"image":{"@id":"https:\/\/conexbooks.de\/a\/shop\/produkt\/gfk-navigator-fuer-gefuehle-emotionen-und-stimmungen-a5\/#primaryimage"},"thumbnailUrl":"https:\/\/conexbooks.de\/a\/shop\/wp-content\/uploads\/2025\/08\/678A5.png","datePublished":"2025-08-07T11:40:27+00:00","dateModified":"2026-04-14T09:26:16+00:00","breadcrumb":{"@id":"https:\/\/conexbooks.de\/a\/shop\/produkt\/gfk-navigator-fuer-gefuehle-emotionen-und-stimmungen-a5\/#breadcrumb"},"inLanguage":"de","potentialAction":[{"@type":"ReadAction","target":["https:\/\/conexbooks.de\/a\/shop\/produkt\/gfk-navigator-fuer-gefuehle-emotionen-und-stimmungen-a5\/"]}]},{"@type":"ImageObject","inLanguage":"de","@id":"https:\/\/conexbooks.de\/a\/shop\/produkt\/gfk-navigator-fuer-gefuehle-emotionen-und-stimmungen-a5\/#primaryimage","url":"https:\/\/conexbooks.de\/a\/shop\/wp-content\/uploads\/2025\/08\/678A5.png","contentUrl":"https:\/\/conexbooks.de\/a\/shop\/wp-content\/uploads\/2025\/08\/678A5.png","width":291,"height":400},{"@type":"BreadcrumbList","@id":"https:\/\/conexbooks.de\/a\/shop\/produkt\/gfk-navigator-fuer-gefuehle-emotionen-und-stimmungen-a5\/#breadcrumb","itemListElement":[{"@type":"ListItem","position":1,"name":"Home","item":"https:\/\/conexbooks.de\/a\/shop\/"},{"@type":"ListItem","position":2,"name":"Shop","item":"https:\/\/conexbooks.de\/a\/shop\/shop\/"},{"@type":"ListItem","position":3,"name":"GFK-Navigator f\u00fcr Gef\u00fchle, Emotionen und Stimmungen, A5"}]},{"@type":"WebSite","@id":"https:\/\/conexbooks.de\/a\/shop\/#website","url":"https:\/\/conexbooks.de\/a\/shop\/","name":"Conex-Shop","description":"Alles f\u00fcr die gewaltfreie Kommunikation: B\u00fccher, Spiele. Handpuppen Seminarmaterial und Geschenke","publisher":{"@id":"https:\/\/conexbooks.de\/a\/shop\/#organization"},"potentialAction":[{"@type":"SearchAction","target":{"@type":"EntryPoint","urlTemplate":"https:\/\/conexbooks.de\/a\/shop\/?s={search_term_string}"},"query-input":{"@type":"PropertyValueSpecification","valueRequired":true,"valueName":"search_term_string"}}],"inLanguage":"de"},{"@type":"Organization","@id":"https:\/\/conexbooks.de\/a\/shop\/#organization","name":"Conex - books and more","url":"https:\/\/conexbooks.de\/a\/shop\/","logo":{"@type":"ImageObject","inLanguage":"de","@id":"https:\/\/conexbooks.de\/a\/shop\/#\/schema\/logo\/image\/","url":"https:\/\/conexbooks.de\/a\/shop\/wp-content\/uploads\/2017\/12\/co-logo.png","contentUrl":"https:\/\/conexbooks.de\/a\/shop\/wp-content\/uploads\/2017\/12\/co-logo.png","width":243,"height":122,"caption":"Conex - books and more"},"image":{"@id":"https:\/\/conexbooks.de\/a\/shop\/#\/schema\/logo\/image\/"}}]}},"_links":{"self":[{"href":"https:\/\/conexbooks.de\/a\/shop\/wp-json\/wp\/v2\/product\/21041","targetHints":{"allow":["GET"]}}],"collection":[{"href":"https:\/\/conexbooks.de\/a\/shop\/wp-json\/wp\/v2\/product"}],"about":[{"href":"https:\/\/conexbooks.de\/a\/shop\/wp-json\/wp\/v2\/types\/product"}],"wp:featuredmedia":[{"embeddable":true,"href":"https:\/\/conexbooks.de\/a\/shop\/wp-json\/wp\/v2\/media\/21042"}],"wp:attachment":[{"href":"https:\/\/conexbooks.de\/a\/shop\/wp-json\/wp\/v2\/media?parent=21041"}],"wp:term":[{"taxonomy":"product_brand","embeddable":true,"href":"https:\/\/conexbooks.de\/a\/shop\/wp-json\/wp\/v2\/product_brand?post=21041"},{"taxonomy":"product_cat","embeddable":true,"href":"https:\/\/conexbooks.de\/a\/shop\/wp-json\/wp\/v2\/product_cat?post=21041"},{"taxonomy":"product_tag","embeddable":true,"href":"https:\/\/conexbooks.de\/a\/shop\/wp-json\/wp\/v2\/product_tag?post=21041"}],"curies":[{"name":"wp","href":"https:\/\/api.w.org\/{rel}","templated":true}]}}