{"id":21136,"date":"2025-11-02T11:28:25","date_gmt":"2025-11-02T10:28:25","guid":{"rendered":"https:\/\/conexbooks.de\/a\/shop\/?post_type=product&#038;p=21136"},"modified":"2025-12-13T17:26:00","modified_gmt":"2025-12-13T16:26:00","slug":"das-herz-gesellschaftlicher-veraenderung-b-ware","status":"publish","type":"product","link":"https:\/\/conexbooks.de\/a\/shop\/produkt\/das-herz-gesellschaftlicher-veraenderung-b-ware\/","title":{"rendered":"Das Herz gesellschaftlicher Ver\u00e4nderung (B-Ware)"},"content":{"rendered":"<h4>Das Herz gesellschaftlicher Ver\u00e4nderung<\/h4>\n<h4>Dr. Marshall B. Rosenberg<\/h4>\n<p>Wie Sie Ihre Welt entscheidend umgestalten k\u00f6nnen. GFK: Die Ideen &amp; ihre Anwendung<\/p>\n<p>Originaltitel: The Heart of Social Change<\/p>\n<p>Was ist unsere Natur als menschliche Wesen? Was ist ein gutes Leben? Wie gelingt es uns, das Leben so zu gestalten, dass alle es als wunderbar empfinden? Dies sind Ausgangsfragen f\u00fcr Marshall Rosenberg, \u00fcber die er zu Erkenntnissen zu einem effektiven gesellschaftlichen Wandel gelangt.<\/p>\n<p>Gesellschaftlicher Wandel beginnt damit, dass wir \u201euns selbst von all dem befreien, was nicht in Harmonie ist mit der Welt, die wir erschaffen wollen\u201c. Um diese erw\u00fcnschte Welt erschaffen zu k\u00f6nnen, steht an erster Stelle unsere F\u00e4higkeit, uns mit anderen Menschen so zu verbinden, dass wir ihre Bed\u00fcrfnisse genauso erf\u00fcllen k\u00f6nnen wie unsere eigenen. Die dadurch freigesetzte Energie motiviert zum Handeln und mobilisiert. Marshall Rosenberg ermutigt uns, diese F\u00e4higkeit in den Dienst der menschlichen, sozialen und gesellschaftlichen Bed\u00fcrfnisse zu stellen, und zeigt uns an konkreten Beispielen, wie das machbar ist.<br \/>\nAuf diese und andere Fragen gibt Marshall Rosenberg in seinen Dialogen mit Teilnehmern eines Workshops repr\u00e4sentative Antworten.<\/p>\n<p>&nbsp;<\/p>\n<div id='1' class='widgets_on_page wop_tiny1  wop_small1  wop_medium1  wop_large1  wop_wide1'>\n\t\t\t<ul><li id=\"custom_html-4\" class=\"widget_text widget widget_custom_html\"><div class=\"textwidget custom-html-widget\"><div style=\"text-align:left;\">\r\n<button class = \"button\" style=\"height: 30px; font-size: 0.8em;\" name=\"zuruck\" type=\"button\" onclick=\"history.back()\">Zur\u00fcck zur \u00dcbersicht<\/button><\/div><\/div><\/li><\/ul><\/div><!-- widgets_on_page -->\n","protected":false},"excerpt":{"rendered":"<h3>Dr. Marshall B. Rosenberg<\/h3>\n<p>Wie Sie Ihre Welt entscheidend umgestalten k\u00f6nnen. GFK: Die Ideen &amp; ihre Anwendung<\/p>\n<p>Originaltitel: The Heart of Social Change<\/p>\n<p>\u00dcbersetzt von Michael Dillo<\/p>\n<p>Junfermann-Verlag,\u00a0 1. Auflage 2004 &#8211; 72 S.<\/p>\n<p>Was ist unsere Natur als menschliche Wesen? Was ist ein gutes Leben? Wie gelingt es uns, das Leben so zu gestalten, dass alle es als wunderbar empfinden?<\/p>\n","protected":false},"featured_media":1296,"template":"","meta":[],"product_brand":[],"product_cat":[36,40,39,52],"product_tag":[104,62,116,113],"class_list":{"0":"post-21136","1":"product","2":"type-product","3":"status-publish","4":"has-post-thumbnail","6":"product_cat-deutsche-buecher","7":"product_cat-grundlagen","8":"product_cat-persoenliche-entwicklung","9":"product_cat-sonderangebote","10":"product_tag-empathie","11":"product_tag-gewaltpraevention","12":"product_tag-sozialer-wandel","13":"product_tag-verantwortung","15":"first","16":"instock","17":"sale","18":"shipping-taxable","19":"purchasable","20":"product-type-simple"},"yoast_head":"<!-- This site is optimized with the Yoast SEO plugin v27.5 - https:\/\/yoast.com\/product\/yoast-seo-wordpress\/ -->\n<title>Das Herz gesellschaftlicher Ver\u00e4nderung (B-Ware) - Conex-Shop<\/title>\n<meta name=\"robots\" content=\"index, follow, max-snippet:-1, max-image-preview:large, max-video-preview:-1\" \/>\n<link rel=\"canonical\" href=\"https:\/\/conexbooks.de\/a\/shop\/produkt\/das-herz-gesellschaftlicher-veraenderung-b-ware\/\" \/>\n<meta property=\"og:locale\" content=\"de_DE\" \/>\n<meta property=\"og:type\" content=\"article\" \/>\n<meta property=\"og:title\" content=\"Das Herz gesellschaftlicher Ver\u00e4nderung (B-Ware) - Conex-Shop\" \/>\n<meta property=\"og:description\" content=\"Dr. Marshall B. Rosenberg Wie Sie Ihre Welt entscheidend umgestalten k\u00f6nnen. GFK: Die Ideen &amp; ihre Anwendung  Originaltitel: The Heart of Social Change  \u00dcbersetzt von Michael Dillo  Junfermann-Verlag,\u00a0 1. Auflage 2004 - 72 S.  Was ist unsere Natur als menschliche Wesen? Was ist ein gutes Leben? Wie gelingt es uns, das Leben so zu gestalten, dass alle es als wunderbar empfinden?\" \/>\n<meta property=\"og:url\" content=\"https:\/\/conexbooks.de\/a\/shop\/produkt\/das-herz-gesellschaftlicher-veraenderung-b-ware\/\" \/>\n<meta property=\"og:site_name\" content=\"Conex-Shop\" \/>\n<meta property=\"article:modified_time\" content=\"2025-12-13T16:26:00+00:00\" \/>\n<meta property=\"og:image\" content=\"https:\/\/conexbooks.de\/a\/shop\/wp-content\/uploads\/2017\/11\/022.jpg\" \/>\n\t<meta property=\"og:image:width\" content=\"260\" \/>\n\t<meta property=\"og:image:height\" content=\"400\" \/>\n\t<meta property=\"og:image:type\" content=\"image\/jpeg\" \/>\n<meta name=\"twitter:card\" content=\"summary_large_image\" \/>\n<meta name=\"twitter:label1\" content=\"Gesch\u00e4tzte Lesezeit\" \/>\n\t<meta name=\"twitter:data1\" content=\"2\u00a0Minuten\" \/>\n<script type=\"application\/ld+json\" class=\"yoast-schema-graph\">{\"@context\":\"https:\\\/\\\/schema.org\",\"@graph\":[{\"@type\":\"WebPage\",\"@id\":\"https:\\\/\\\/conexbooks.de\\\/a\\\/shop\\\/produkt\\\/das-herz-gesellschaftlicher-veraenderung-b-ware\\\/\",\"url\":\"https:\\\/\\\/conexbooks.de\\\/a\\\/shop\\\/produkt\\\/das-herz-gesellschaftlicher-veraenderung-b-ware\\\/\",\"name\":\"Das Herz gesellschaftlicher Ver\u00e4nderung (B-Ware) - Conex-Shop\",\"isPartOf\":{\"@id\":\"https:\\\/\\\/conexbooks.de\\\/a\\\/shop\\\/#website\"},\"primaryImageOfPage\":{\"@id\":\"https:\\\/\\\/conexbooks.de\\\/a\\\/shop\\\/produkt\\\/das-herz-gesellschaftlicher-veraenderung-b-ware\\\/#primaryimage\"},\"image\":{\"@id\":\"https:\\\/\\\/conexbooks.de\\\/a\\\/shop\\\/produkt\\\/das-herz-gesellschaftlicher-veraenderung-b-ware\\\/#primaryimage\"},\"thumbnailUrl\":\"https:\\\/\\\/conexbooks.de\\\/a\\\/shop\\\/wp-content\\\/uploads\\\/2017\\\/11\\\/022.jpg\",\"datePublished\":\"2025-11-02T10:28:25+00:00\",\"dateModified\":\"2025-12-13T16:26:00+00:00\",\"breadcrumb\":{\"@id\":\"https:\\\/\\\/conexbooks.de\\\/a\\\/shop\\\/produkt\\\/das-herz-gesellschaftlicher-veraenderung-b-ware\\\/#breadcrumb\"},\"inLanguage\":\"de\",\"potentialAction\":[{\"@type\":\"ReadAction\",\"target\":[\"https:\\\/\\\/conexbooks.de\\\/a\\\/shop\\\/produkt\\\/das-herz-gesellschaftlicher-veraenderung-b-ware\\\/\"]}]},{\"@type\":\"ImageObject\",\"inLanguage\":\"de\",\"@id\":\"https:\\\/\\\/conexbooks.de\\\/a\\\/shop\\\/produkt\\\/das-herz-gesellschaftlicher-veraenderung-b-ware\\\/#primaryimage\",\"url\":\"https:\\\/\\\/conexbooks.de\\\/a\\\/shop\\\/wp-content\\\/uploads\\\/2017\\\/11\\\/022.jpg\",\"contentUrl\":\"https:\\\/\\\/conexbooks.de\\\/a\\\/shop\\\/wp-content\\\/uploads\\\/2017\\\/11\\\/022.jpg\",\"width\":260,\"height\":400},{\"@type\":\"BreadcrumbList\",\"@id\":\"https:\\\/\\\/conexbooks.de\\\/a\\\/shop\\\/produkt\\\/das-herz-gesellschaftlicher-veraenderung-b-ware\\\/#breadcrumb\",\"itemListElement\":[{\"@type\":\"ListItem\",\"position\":1,\"name\":\"Home\",\"item\":\"https:\\\/\\\/conexbooks.de\\\/a\\\/shop\\\/\"},{\"@type\":\"ListItem\",\"position\":2,\"name\":\"Shop\",\"item\":\"https:\\\/\\\/conexbooks.de\\\/a\\\/shop\\\/shop\\\/\"},{\"@type\":\"ListItem\",\"position\":3,\"name\":\"Das Herz gesellschaftlicher Ver\u00e4nderung (B-Ware)\"}]},{\"@type\":\"WebSite\",\"@id\":\"https:\\\/\\\/conexbooks.de\\\/a\\\/shop\\\/#website\",\"url\":\"https:\\\/\\\/conexbooks.de\\\/a\\\/shop\\\/\",\"name\":\"Conex-Shop\",\"description\":\"Alles f\u00fcr die gewaltfreie Kommunikation: B\u00fccher, Spiele. Handpuppen Seminarmaterial und Geschenke\",\"publisher\":{\"@id\":\"https:\\\/\\\/conexbooks.de\\\/a\\\/shop\\\/#organization\"},\"potentialAction\":[{\"@type\":\"SearchAction\",\"target\":{\"@type\":\"EntryPoint\",\"urlTemplate\":\"https:\\\/\\\/conexbooks.de\\\/a\\\/shop\\\/?s={search_term_string}\"},\"query-input\":{\"@type\":\"PropertyValueSpecification\",\"valueRequired\":true,\"valueName\":\"search_term_string\"}}],\"inLanguage\":\"de\"},{\"@type\":\"Organization\",\"@id\":\"https:\\\/\\\/conexbooks.de\\\/a\\\/shop\\\/#organization\",\"name\":\"Conex - books and more\",\"url\":\"https:\\\/\\\/conexbooks.de\\\/a\\\/shop\\\/\",\"logo\":{\"@type\":\"ImageObject\",\"inLanguage\":\"de\",\"@id\":\"https:\\\/\\\/conexbooks.de\\\/a\\\/shop\\\/#\\\/schema\\\/logo\\\/image\\\/\",\"url\":\"https:\\\/\\\/conexbooks.de\\\/a\\\/shop\\\/wp-content\\\/uploads\\\/2017\\\/12\\\/co-logo.png\",\"contentUrl\":\"https:\\\/\\\/conexbooks.de\\\/a\\\/shop\\\/wp-content\\\/uploads\\\/2017\\\/12\\\/co-logo.png\",\"width\":243,\"height\":122,\"caption\":\"Conex - books and more\"},\"image\":{\"@id\":\"https:\\\/\\\/conexbooks.de\\\/a\\\/shop\\\/#\\\/schema\\\/logo\\\/image\\\/\"}}]}<\/script>\n<!-- \/ Yoast SEO plugin. -->","yoast_head_json":{"title":"Das Herz gesellschaftlicher Ver\u00e4nderung (B-Ware) - Conex-Shop","robots":{"index":"index","follow":"follow","max-snippet":"max-snippet:-1","max-image-preview":"max-image-preview:large","max-video-preview":"max-video-preview:-1"},"canonical":"https:\/\/conexbooks.de\/a\/shop\/produkt\/das-herz-gesellschaftlicher-veraenderung-b-ware\/","og_locale":"de_DE","og_type":"article","og_title":"Das Herz gesellschaftlicher Ver\u00e4nderung (B-Ware) - Conex-Shop","og_description":"Dr. Marshall B. Rosenberg Wie Sie Ihre Welt entscheidend umgestalten k\u00f6nnen. GFK: Die Ideen &amp; ihre Anwendung  Originaltitel: The Heart of Social Change  \u00dcbersetzt von Michael Dillo  Junfermann-Verlag,\u00a0 1. Auflage 2004 - 72 S.  Was ist unsere Natur als menschliche Wesen? Was ist ein gutes Leben? Wie gelingt es uns, das Leben so zu gestalten, dass alle es als wunderbar empfinden?","og_url":"https:\/\/conexbooks.de\/a\/shop\/produkt\/das-herz-gesellschaftlicher-veraenderung-b-ware\/","og_site_name":"Conex-Shop","article_modified_time":"2025-12-13T16:26:00+00:00","og_image":[{"width":260,"height":400,"url":"https:\/\/conexbooks.de\/a\/shop\/wp-content\/uploads\/2017\/11\/022.jpg","type":"image\/jpeg"}],"twitter_card":"summary_large_image","twitter_misc":{"Gesch\u00e4tzte Lesezeit":"2\u00a0Minuten"},"schema":{"@context":"https:\/\/schema.org","@graph":[{"@type":"WebPage","@id":"https:\/\/conexbooks.de\/a\/shop\/produkt\/das-herz-gesellschaftlicher-veraenderung-b-ware\/","url":"https:\/\/conexbooks.de\/a\/shop\/produkt\/das-herz-gesellschaftlicher-veraenderung-b-ware\/","name":"Das Herz gesellschaftlicher Ver\u00e4nderung (B-Ware) - Conex-Shop","isPartOf":{"@id":"https:\/\/conexbooks.de\/a\/shop\/#website"},"primaryImageOfPage":{"@id":"https:\/\/conexbooks.de\/a\/shop\/produkt\/das-herz-gesellschaftlicher-veraenderung-b-ware\/#primaryimage"},"image":{"@id":"https:\/\/conexbooks.de\/a\/shop\/produkt\/das-herz-gesellschaftlicher-veraenderung-b-ware\/#primaryimage"},"thumbnailUrl":"https:\/\/conexbooks.de\/a\/shop\/wp-content\/uploads\/2017\/11\/022.jpg","datePublished":"2025-11-02T10:28:25+00:00","dateModified":"2025-12-13T16:26:00+00:00","breadcrumb":{"@id":"https:\/\/conexbooks.de\/a\/shop\/produkt\/das-herz-gesellschaftlicher-veraenderung-b-ware\/#breadcrumb"},"inLanguage":"de","potentialAction":[{"@type":"ReadAction","target":["https:\/\/conexbooks.de\/a\/shop\/produkt\/das-herz-gesellschaftlicher-veraenderung-b-ware\/"]}]},{"@type":"ImageObject","inLanguage":"de","@id":"https:\/\/conexbooks.de\/a\/shop\/produkt\/das-herz-gesellschaftlicher-veraenderung-b-ware\/#primaryimage","url":"https:\/\/conexbooks.de\/a\/shop\/wp-content\/uploads\/2017\/11\/022.jpg","contentUrl":"https:\/\/conexbooks.de\/a\/shop\/wp-content\/uploads\/2017\/11\/022.jpg","width":260,"height":400},{"@type":"BreadcrumbList","@id":"https:\/\/conexbooks.de\/a\/shop\/produkt\/das-herz-gesellschaftlicher-veraenderung-b-ware\/#breadcrumb","itemListElement":[{"@type":"ListItem","position":1,"name":"Home","item":"https:\/\/conexbooks.de\/a\/shop\/"},{"@type":"ListItem","position":2,"name":"Shop","item":"https:\/\/conexbooks.de\/a\/shop\/shop\/"},{"@type":"ListItem","position":3,"name":"Das Herz gesellschaftlicher Ver\u00e4nderung (B-Ware)"}]},{"@type":"WebSite","@id":"https:\/\/conexbooks.de\/a\/shop\/#website","url":"https:\/\/conexbooks.de\/a\/shop\/","name":"Conex-Shop","description":"Alles f\u00fcr die gewaltfreie Kommunikation: B\u00fccher, Spiele. Handpuppen Seminarmaterial und Geschenke","publisher":{"@id":"https:\/\/conexbooks.de\/a\/shop\/#organization"},"potentialAction":[{"@type":"SearchAction","target":{"@type":"EntryPoint","urlTemplate":"https:\/\/conexbooks.de\/a\/shop\/?s={search_term_string}"},"query-input":{"@type":"PropertyValueSpecification","valueRequired":true,"valueName":"search_term_string"}}],"inLanguage":"de"},{"@type":"Organization","@id":"https:\/\/conexbooks.de\/a\/shop\/#organization","name":"Conex - books and more","url":"https:\/\/conexbooks.de\/a\/shop\/","logo":{"@type":"ImageObject","inLanguage":"de","@id":"https:\/\/conexbooks.de\/a\/shop\/#\/schema\/logo\/image\/","url":"https:\/\/conexbooks.de\/a\/shop\/wp-content\/uploads\/2017\/12\/co-logo.png","contentUrl":"https:\/\/conexbooks.de\/a\/shop\/wp-content\/uploads\/2017\/12\/co-logo.png","width":243,"height":122,"caption":"Conex - books and more"},"image":{"@id":"https:\/\/conexbooks.de\/a\/shop\/#\/schema\/logo\/image\/"}}]}},"_links":{"self":[{"href":"https:\/\/conexbooks.de\/a\/shop\/wp-json\/wp\/v2\/product\/21136","targetHints":{"allow":["GET"]}}],"collection":[{"href":"https:\/\/conexbooks.de\/a\/shop\/wp-json\/wp\/v2\/product"}],"about":[{"href":"https:\/\/conexbooks.de\/a\/shop\/wp-json\/wp\/v2\/types\/product"}],"wp:featuredmedia":[{"embeddable":true,"href":"https:\/\/conexbooks.de\/a\/shop\/wp-json\/wp\/v2\/media\/1296"}],"wp:attachment":[{"href":"https:\/\/conexbooks.de\/a\/shop\/wp-json\/wp\/v2\/media?parent=21136"}],"wp:term":[{"taxonomy":"product_brand","embeddable":true,"href":"https:\/\/conexbooks.de\/a\/shop\/wp-json\/wp\/v2\/product_brand?post=21136"},{"taxonomy":"product_cat","embeddable":true,"href":"https:\/\/conexbooks.de\/a\/shop\/wp-json\/wp\/v2\/product_cat?post=21136"},{"taxonomy":"product_tag","embeddable":true,"href":"https:\/\/conexbooks.de\/a\/shop\/wp-json\/wp\/v2\/product_tag?post=21136"}],"curies":[{"name":"wp","href":"https:\/\/api.w.org\/{rel}","templated":true}]}}