{"id":21269,"date":"2026-03-07T21:32:20","date_gmt":"2026-03-07T20:32:20","guid":{"rendered":"https:\/\/conexbooks.de\/a\/shop\/?post_type=product&#038;p=21269"},"modified":"2026-03-07T21:40:04","modified_gmt":"2026-03-07T20:40:04","slug":"aerger-einfuehlend-hoeren-und-ausdruecken-b-ware","status":"publish","type":"product","link":"https:\/\/conexbooks.de\/a\/shop\/produkt\/aerger-einfuehlend-hoeren-und-ausdruecken-b-ware\/","title":{"rendered":"\u00c4rger einf\u00fchlend h\u00f6ren und ausdr\u00fccken (B-Ware)"},"content":{"rendered":"<h3>\u00c4rger einf\u00fchlend h\u00f6ren und ausdr\u00fccken<\/h3>\n<h4>Dr. Marshall B. Rosenberg<\/h4>\n<p>Wie dr\u00fccken wir \u00c4rger mit Hilfe der Gewaltfreien Kommunikation vollst\u00e4ndig aus?<br \/>\nWo liegen die Ursachen unseres \u00c4rgers?<br \/>\nWie trennen wir Ursache und Anlass des \u00c4rgers?<br \/>\nWie k\u00f6nnen wir einf\u00fchlend h\u00f6ren, wenn wir mit dem \u00c4rger eines anderen konfrontiert werden?<br \/>\nAuf diese und andere Fragen gibt Marshall Rosenberg in seinen Dialogen mit Teilnehmern eines Workshops repr\u00e4sentative Antworten.<\/p>\n","protected":false},"excerpt":{"rendered":"<h3>Dr. Marshall B. Rosenberg<\/h3>\n<p>Transkript eines Workshops<br \/>\nTranskript und \u00dcbersetzung: Ingrid M\u00f6nch \/ Ulrich Leske<br \/>\n40 Seiten A5<\/p>\n<p>B-Ware (leichte Besch\u00e4digung am Umschlag)<\/p>\n","protected":false},"featured_media":1404,"template":"","meta":[],"product_brand":[],"product_cat":[36,44,52],"product_tag":[],"class_list":{"0":"post-21269","1":"product","2":"type-product","3":"status-publish","4":"has-post-thumbnail","6":"product_cat-deutsche-buecher","7":"product_cat-konflikte","8":"product_cat-sonderangebote","10":"first","11":"instock","12":"shipping-taxable","13":"purchasable","14":"product-type-simple"},"yoast_head":"<!-- This site is optimized with the Yoast SEO plugin v27.3 - https:\/\/yoast.com\/product\/yoast-seo-wordpress\/ -->\n<title>\u00c4rger einf\u00fchlend h\u00f6ren und ausdr\u00fccken (B-Ware) - Conex-Shop<\/title>\n<meta name=\"robots\" content=\"index, follow, max-snippet:-1, max-image-preview:large, max-video-preview:-1\" \/>\n<link rel=\"canonical\" href=\"https:\/\/conexbooks.de\/a\/shop\/produkt\/aerger-einfuehlend-hoeren-und-ausdruecken-b-ware\/\" \/>\n<meta property=\"og:locale\" content=\"de_DE\" \/>\n<meta property=\"og:type\" content=\"article\" \/>\n<meta property=\"og:title\" content=\"\u00c4rger einf\u00fchlend h\u00f6ren und ausdr\u00fccken (B-Ware) - Conex-Shop\" \/>\n<meta property=\"og:description\" content=\"Dr. Marshall B. Rosenberg Transkript eines Workshops Transkript und \u00dcbersetzung: Ingrid M\u00f6nch \/ Ulrich Leske 40 Seiten A5  B-Ware (leichte Besch\u00e4digung am Umschlag)\" \/>\n<meta property=\"og:url\" content=\"https:\/\/conexbooks.de\/a\/shop\/produkt\/aerger-einfuehlend-hoeren-und-ausdruecken-b-ware\/\" \/>\n<meta property=\"og:site_name\" content=\"Conex-Shop\" \/>\n<meta property=\"article:modified_time\" content=\"2026-03-07T20:40:04+00:00\" \/>\n<meta property=\"og:image\" content=\"https:\/\/conexbooks.de\/a\/shop\/wp-content\/uploads\/2017\/11\/aerger.jpg\" \/>\n\t<meta property=\"og:image:width\" content=\"278\" \/>\n\t<meta property=\"og:image:height\" content=\"400\" \/>\n\t<meta property=\"og:image:type\" content=\"image\/jpeg\" \/>\n<meta name=\"twitter:card\" content=\"summary_large_image\" \/>\n<meta name=\"twitter:label1\" content=\"Gesch\u00e4tzte Lesezeit\" \/>\n\t<meta name=\"twitter:data1\" content=\"1\u00a0Minute\" \/>\n<script type=\"application\/ld+json\" class=\"yoast-schema-graph\">{\"@context\":\"https:\\\/\\\/schema.org\",\"@graph\":[{\"@type\":\"WebPage\",\"@id\":\"https:\\\/\\\/conexbooks.de\\\/a\\\/shop\\\/produkt\\\/aerger-einfuehlend-hoeren-und-ausdruecken-b-ware\\\/\",\"url\":\"https:\\\/\\\/conexbooks.de\\\/a\\\/shop\\\/produkt\\\/aerger-einfuehlend-hoeren-und-ausdruecken-b-ware\\\/\",\"name\":\"\u00c4rger einf\u00fchlend h\u00f6ren und ausdr\u00fccken (B-Ware) - Conex-Shop\",\"isPartOf\":{\"@id\":\"https:\\\/\\\/conexbooks.de\\\/a\\\/shop\\\/#website\"},\"primaryImageOfPage\":{\"@id\":\"https:\\\/\\\/conexbooks.de\\\/a\\\/shop\\\/produkt\\\/aerger-einfuehlend-hoeren-und-ausdruecken-b-ware\\\/#primaryimage\"},\"image\":{\"@id\":\"https:\\\/\\\/conexbooks.de\\\/a\\\/shop\\\/produkt\\\/aerger-einfuehlend-hoeren-und-ausdruecken-b-ware\\\/#primaryimage\"},\"thumbnailUrl\":\"https:\\\/\\\/conexbooks.de\\\/a\\\/shop\\\/wp-content\\\/uploads\\\/2017\\\/11\\\/aerger.jpg\",\"datePublished\":\"2026-03-07T20:32:20+00:00\",\"dateModified\":\"2026-03-07T20:40:04+00:00\",\"breadcrumb\":{\"@id\":\"https:\\\/\\\/conexbooks.de\\\/a\\\/shop\\\/produkt\\\/aerger-einfuehlend-hoeren-und-ausdruecken-b-ware\\\/#breadcrumb\"},\"inLanguage\":\"de\",\"potentialAction\":[{\"@type\":\"ReadAction\",\"target\":[\"https:\\\/\\\/conexbooks.de\\\/a\\\/shop\\\/produkt\\\/aerger-einfuehlend-hoeren-und-ausdruecken-b-ware\\\/\"]}]},{\"@type\":\"ImageObject\",\"inLanguage\":\"de\",\"@id\":\"https:\\\/\\\/conexbooks.de\\\/a\\\/shop\\\/produkt\\\/aerger-einfuehlend-hoeren-und-ausdruecken-b-ware\\\/#primaryimage\",\"url\":\"https:\\\/\\\/conexbooks.de\\\/a\\\/shop\\\/wp-content\\\/uploads\\\/2017\\\/11\\\/aerger.jpg\",\"contentUrl\":\"https:\\\/\\\/conexbooks.de\\\/a\\\/shop\\\/wp-content\\\/uploads\\\/2017\\\/11\\\/aerger.jpg\",\"width\":278,\"height\":400},{\"@type\":\"BreadcrumbList\",\"@id\":\"https:\\\/\\\/conexbooks.de\\\/a\\\/shop\\\/produkt\\\/aerger-einfuehlend-hoeren-und-ausdruecken-b-ware\\\/#breadcrumb\",\"itemListElement\":[{\"@type\":\"ListItem\",\"position\":1,\"name\":\"Home\",\"item\":\"https:\\\/\\\/conexbooks.de\\\/a\\\/shop\\\/\"},{\"@type\":\"ListItem\",\"position\":2,\"name\":\"Shop\",\"item\":\"https:\\\/\\\/conexbooks.de\\\/a\\\/shop\\\/shop\\\/\"},{\"@type\":\"ListItem\",\"position\":3,\"name\":\"\u00c4rger einf\u00fchlend h\u00f6ren und ausdr\u00fccken (B-Ware)\"}]},{\"@type\":\"WebSite\",\"@id\":\"https:\\\/\\\/conexbooks.de\\\/a\\\/shop\\\/#website\",\"url\":\"https:\\\/\\\/conexbooks.de\\\/a\\\/shop\\\/\",\"name\":\"Conex-Shop\",\"description\":\"Alles f\u00fcr die gewaltfreie Kommunikation: B\u00fccher, Spiele. Handpuppen Seminarmaterial und Geschenke\",\"publisher\":{\"@id\":\"https:\\\/\\\/conexbooks.de\\\/a\\\/shop\\\/#organization\"},\"potentialAction\":[{\"@type\":\"SearchAction\",\"target\":{\"@type\":\"EntryPoint\",\"urlTemplate\":\"https:\\\/\\\/conexbooks.de\\\/a\\\/shop\\\/?s={search_term_string}\"},\"query-input\":{\"@type\":\"PropertyValueSpecification\",\"valueRequired\":true,\"valueName\":\"search_term_string\"}}],\"inLanguage\":\"de\"},{\"@type\":\"Organization\",\"@id\":\"https:\\\/\\\/conexbooks.de\\\/a\\\/shop\\\/#organization\",\"name\":\"Conex - books and more\",\"url\":\"https:\\\/\\\/conexbooks.de\\\/a\\\/shop\\\/\",\"logo\":{\"@type\":\"ImageObject\",\"inLanguage\":\"de\",\"@id\":\"https:\\\/\\\/conexbooks.de\\\/a\\\/shop\\\/#\\\/schema\\\/logo\\\/image\\\/\",\"url\":\"https:\\\/\\\/conexbooks.de\\\/a\\\/shop\\\/wp-content\\\/uploads\\\/2017\\\/12\\\/co-logo.png\",\"contentUrl\":\"https:\\\/\\\/conexbooks.de\\\/a\\\/shop\\\/wp-content\\\/uploads\\\/2017\\\/12\\\/co-logo.png\",\"width\":243,\"height\":122,\"caption\":\"Conex - books and more\"},\"image\":{\"@id\":\"https:\\\/\\\/conexbooks.de\\\/a\\\/shop\\\/#\\\/schema\\\/logo\\\/image\\\/\"}}]}<\/script>\n<!-- \/ Yoast SEO plugin. -->","yoast_head_json":{"title":"\u00c4rger einf\u00fchlend h\u00f6ren und ausdr\u00fccken (B-Ware) - Conex-Shop","robots":{"index":"index","follow":"follow","max-snippet":"max-snippet:-1","max-image-preview":"max-image-preview:large","max-video-preview":"max-video-preview:-1"},"canonical":"https:\/\/conexbooks.de\/a\/shop\/produkt\/aerger-einfuehlend-hoeren-und-ausdruecken-b-ware\/","og_locale":"de_DE","og_type":"article","og_title":"\u00c4rger einf\u00fchlend h\u00f6ren und ausdr\u00fccken (B-Ware) - Conex-Shop","og_description":"Dr. Marshall B. Rosenberg Transkript eines Workshops Transkript und \u00dcbersetzung: Ingrid M\u00f6nch \/ Ulrich Leske 40 Seiten A5  B-Ware (leichte Besch\u00e4digung am Umschlag)","og_url":"https:\/\/conexbooks.de\/a\/shop\/produkt\/aerger-einfuehlend-hoeren-und-ausdruecken-b-ware\/","og_site_name":"Conex-Shop","article_modified_time":"2026-03-07T20:40:04+00:00","og_image":[{"width":278,"height":400,"url":"https:\/\/conexbooks.de\/a\/shop\/wp-content\/uploads\/2017\/11\/aerger.jpg","type":"image\/jpeg"}],"twitter_card":"summary_large_image","twitter_misc":{"Gesch\u00e4tzte Lesezeit":"1\u00a0Minute"},"schema":{"@context":"https:\/\/schema.org","@graph":[{"@type":"WebPage","@id":"https:\/\/conexbooks.de\/a\/shop\/produkt\/aerger-einfuehlend-hoeren-und-ausdruecken-b-ware\/","url":"https:\/\/conexbooks.de\/a\/shop\/produkt\/aerger-einfuehlend-hoeren-und-ausdruecken-b-ware\/","name":"\u00c4rger einf\u00fchlend h\u00f6ren und ausdr\u00fccken (B-Ware) - Conex-Shop","isPartOf":{"@id":"https:\/\/conexbooks.de\/a\/shop\/#website"},"primaryImageOfPage":{"@id":"https:\/\/conexbooks.de\/a\/shop\/produkt\/aerger-einfuehlend-hoeren-und-ausdruecken-b-ware\/#primaryimage"},"image":{"@id":"https:\/\/conexbooks.de\/a\/shop\/produkt\/aerger-einfuehlend-hoeren-und-ausdruecken-b-ware\/#primaryimage"},"thumbnailUrl":"https:\/\/conexbooks.de\/a\/shop\/wp-content\/uploads\/2017\/11\/aerger.jpg","datePublished":"2026-03-07T20:32:20+00:00","dateModified":"2026-03-07T20:40:04+00:00","breadcrumb":{"@id":"https:\/\/conexbooks.de\/a\/shop\/produkt\/aerger-einfuehlend-hoeren-und-ausdruecken-b-ware\/#breadcrumb"},"inLanguage":"de","potentialAction":[{"@type":"ReadAction","target":["https:\/\/conexbooks.de\/a\/shop\/produkt\/aerger-einfuehlend-hoeren-und-ausdruecken-b-ware\/"]}]},{"@type":"ImageObject","inLanguage":"de","@id":"https:\/\/conexbooks.de\/a\/shop\/produkt\/aerger-einfuehlend-hoeren-und-ausdruecken-b-ware\/#primaryimage","url":"https:\/\/conexbooks.de\/a\/shop\/wp-content\/uploads\/2017\/11\/aerger.jpg","contentUrl":"https:\/\/conexbooks.de\/a\/shop\/wp-content\/uploads\/2017\/11\/aerger.jpg","width":278,"height":400},{"@type":"BreadcrumbList","@id":"https:\/\/conexbooks.de\/a\/shop\/produkt\/aerger-einfuehlend-hoeren-und-ausdruecken-b-ware\/#breadcrumb","itemListElement":[{"@type":"ListItem","position":1,"name":"Home","item":"https:\/\/conexbooks.de\/a\/shop\/"},{"@type":"ListItem","position":2,"name":"Shop","item":"https:\/\/conexbooks.de\/a\/shop\/shop\/"},{"@type":"ListItem","position":3,"name":"\u00c4rger einf\u00fchlend h\u00f6ren und ausdr\u00fccken (B-Ware)"}]},{"@type":"WebSite","@id":"https:\/\/conexbooks.de\/a\/shop\/#website","url":"https:\/\/conexbooks.de\/a\/shop\/","name":"Conex-Shop","description":"Alles f\u00fcr die gewaltfreie Kommunikation: B\u00fccher, Spiele. Handpuppen Seminarmaterial und Geschenke","publisher":{"@id":"https:\/\/conexbooks.de\/a\/shop\/#organization"},"potentialAction":[{"@type":"SearchAction","target":{"@type":"EntryPoint","urlTemplate":"https:\/\/conexbooks.de\/a\/shop\/?s={search_term_string}"},"query-input":{"@type":"PropertyValueSpecification","valueRequired":true,"valueName":"search_term_string"}}],"inLanguage":"de"},{"@type":"Organization","@id":"https:\/\/conexbooks.de\/a\/shop\/#organization","name":"Conex - books and more","url":"https:\/\/conexbooks.de\/a\/shop\/","logo":{"@type":"ImageObject","inLanguage":"de","@id":"https:\/\/conexbooks.de\/a\/shop\/#\/schema\/logo\/image\/","url":"https:\/\/conexbooks.de\/a\/shop\/wp-content\/uploads\/2017\/12\/co-logo.png","contentUrl":"https:\/\/conexbooks.de\/a\/shop\/wp-content\/uploads\/2017\/12\/co-logo.png","width":243,"height":122,"caption":"Conex - books and more"},"image":{"@id":"https:\/\/conexbooks.de\/a\/shop\/#\/schema\/logo\/image\/"}}]}},"_links":{"self":[{"href":"https:\/\/conexbooks.de\/a\/shop\/wp-json\/wp\/v2\/product\/21269","targetHints":{"allow":["GET"]}}],"collection":[{"href":"https:\/\/conexbooks.de\/a\/shop\/wp-json\/wp\/v2\/product"}],"about":[{"href":"https:\/\/conexbooks.de\/a\/shop\/wp-json\/wp\/v2\/types\/product"}],"wp:featuredmedia":[{"embeddable":true,"href":"https:\/\/conexbooks.de\/a\/shop\/wp-json\/wp\/v2\/media\/1404"}],"wp:attachment":[{"href":"https:\/\/conexbooks.de\/a\/shop\/wp-json\/wp\/v2\/media?parent=21269"}],"wp:term":[{"taxonomy":"product_brand","embeddable":true,"href":"https:\/\/conexbooks.de\/a\/shop\/wp-json\/wp\/v2\/product_brand?post=21269"},{"taxonomy":"product_cat","embeddable":true,"href":"https:\/\/conexbooks.de\/a\/shop\/wp-json\/wp\/v2\/product_cat?post=21269"},{"taxonomy":"product_tag","embeddable":true,"href":"https:\/\/conexbooks.de\/a\/shop\/wp-json\/wp\/v2\/product_tag?post=21269"}],"curies":[{"name":"wp","href":"https:\/\/api.w.org\/{rel}","templated":true}]}}