{"id":21311,"date":"2026-04-10T14:33:53","date_gmt":"2026-04-10T12:33:53","guid":{"rendered":"https:\/\/conexbooks.de\/a\/shop\/?post_type=product&#038;p=21311"},"modified":"2026-04-10T14:51:05","modified_gmt":"2026-04-10T12:51:05","slug":"das-grosse-gfk-zitate-buch","status":"publish","type":"product","link":"https:\/\/conexbooks.de\/a\/shop\/produkt\/das-grosse-gfk-zitate-buch\/","title":{"rendered":"Das gro\u00dfe GFK-Zitate-Buch"},"content":{"rendered":"<h3 class=\"mb-4\">Schl\u00fcssels\u00e4tze aus der Gewaltfreien Kommunikation.<br \/>\nZusammengestellt von Julie Stiles<\/h3>\n<h4>Marshall B. Rosenberg<\/h4>\n<p>Die wichtigsten Aussagen von Marshall B. Rosenberg in einem Buch!<br \/>\nMarshall Rosenbergs B\u00fccher haben viele gelesen, seine \u00e4u\u00dferst inspirierenden Workshops hingegen haben vergleichsweise wenige besuchen k\u00f6nnen. Dieses Buch vereint die Weisheit aus Rosenbergs Lehren und Schriften und macht sie einer breiteren Leserschaft zug\u00e4nglich.<br \/>\nGFK-Anf\u00e4nger:innen wird empfohlen, das Buch der vorgegebenen Struktur folgend durchzuarbeiten. In Kombination mit Rosenbergs Grundlagenbuch bietet es eine gute und lebendige Einf\u00fchrung in die Gewaltfreie Kommunikation. Wer bereits vertrauter mit der GFK ist, kann von Kapitel zu Kapitel springen und bestimmte Themenfelder weiter vertiefen.<\/p>\n<p>\u201eOb Sie das Privileg hatten, die Kraft von Rosenbergs Lehre pers\u00f6nlich zu erleben oder nicht: Wir hoffen, dass dieses Buch Sie auf Ihrem Weg durch eine sich st\u00e4ndig ver\u00e4ndernde und komplexer werdende Welt inspiriert und st\u00e4rkt.\u201c \u2013 Julie Stiles<\/p>\n<div id='1' class='widgets_on_page wop_tiny1  wop_small1  wop_medium1  wop_large1  wop_wide1'>\n\t\t\t<ul><li id=\"custom_html-4\" class=\"widget_text widget widget_custom_html\"><div class=\"textwidget custom-html-widget\"><div style=\"text-align:left;\">\r\n<button class = \"button\" style=\"height: 30px; font-size: 0.8em;\" name=\"zuruck\" type=\"button\" onclick=\"history.back()\">Zur\u00fcck zur \u00dcbersicht<\/button><\/div><\/div><\/li><\/ul><\/div><!-- widgets_on_page -->\n","protected":false},"excerpt":{"rendered":"<h3 class=\"mb-4\">Schl\u00fcssels\u00e4tze aus der Gewaltfreien Kommunikation.<br \/>\nZusammengestellt von Julie Stiles<\/h3>\n<p>Junfermann-Verlag, erschienen am 15.10.2025<strong><br \/>\n<\/strong><\/p>\n<div class=\"page\" title=\"Page 1\">\n<div class=\"layoutArea\">\n<div class=\"column\">\n<p>296 Seiten, kartoniert,\u00a0Format: 17 x 24<\/p>\n<\/div>\n<\/div>\n<\/div>\n","protected":false},"featured_media":21316,"template":"","meta":[],"product_brand":[],"product_cat":[35,482,36,56,53,39],"product_tag":[357,440,651,185,370],"class_list":{"0":"post-21311","1":"product","2":"type-product","3":"status-publish","4":"has-post-thumbnail","6":"product_cat-besonders","7":"product_cat-buecher","8":"product_cat-deutsche-buecher","9":"product_cat-geschenke","10":"product_cat-neu","11":"product_cat-persoenliche-entwicklung","12":"product_tag-persoenlichkeitsentwicklung","13":"product_tag-schlagfertig","14":"product_tag-schluesselunterscheidungen","15":"product_tag-transferwirksamkeit","16":"product_tag-zitate","18":"first","19":"instock","20":"shipping-taxable","21":"purchasable","22":"product-type-simple"},"yoast_head":"<!-- This site is optimized with the Yoast SEO plugin v27.4 - https:\/\/yoast.com\/product\/yoast-seo-wordpress\/ -->\n<title>Das gro\u00dfe GFK-Zitate-Buch - Conex-Shop<\/title>\n<meta name=\"robots\" content=\"index, follow, max-snippet:-1, max-image-preview:large, max-video-preview:-1\" \/>\n<link rel=\"canonical\" href=\"https:\/\/conexbooks.de\/a\/shop\/produkt\/das-grosse-gfk-zitate-buch\/\" \/>\n<meta property=\"og:locale\" content=\"de_DE\" \/>\n<meta property=\"og:type\" content=\"article\" \/>\n<meta property=\"og:title\" content=\"Das gro\u00dfe GFK-Zitate-Buch - Conex-Shop\" \/>\n<meta property=\"og:description\" content=\"Schl\u00fcssels\u00e4tze aus der Gewaltfreien Kommunikation. Zusammengestellt von Julie Stiles Junfermann-Verlag, erschienen am 15.10.2025      296 Seiten, kartoniert,\u00a0Format: 17 x 24\" \/>\n<meta property=\"og:url\" content=\"https:\/\/conexbooks.de\/a\/shop\/produkt\/das-grosse-gfk-zitate-buch\/\" \/>\n<meta property=\"og:site_name\" content=\"Conex-Shop\" \/>\n<meta property=\"article:modified_time\" content=\"2026-04-10T12:51:05+00:00\" \/>\n<meta property=\"og:image\" content=\"https:\/\/conexbooks.de\/a\/shop\/wp-content\/uploads\/2026\/04\/790.png\" \/>\n\t<meta property=\"og:image:width\" content=\"283\" \/>\n\t<meta property=\"og:image:height\" content=\"400\" \/>\n\t<meta property=\"og:image:type\" content=\"image\/png\" \/>\n<meta name=\"twitter:card\" content=\"summary_large_image\" \/>\n<meta name=\"twitter:label1\" content=\"Gesch\u00e4tzte Lesezeit\" \/>\n\t<meta name=\"twitter:data1\" content=\"1\u00a0Minute\" \/>\n<script type=\"application\/ld+json\" class=\"yoast-schema-graph\">{\"@context\":\"https:\\\/\\\/schema.org\",\"@graph\":[{\"@type\":\"WebPage\",\"@id\":\"https:\\\/\\\/conexbooks.de\\\/a\\\/shop\\\/produkt\\\/das-grosse-gfk-zitate-buch\\\/\",\"url\":\"https:\\\/\\\/conexbooks.de\\\/a\\\/shop\\\/produkt\\\/das-grosse-gfk-zitate-buch\\\/\",\"name\":\"Das gro\u00dfe GFK-Zitate-Buch - Conex-Shop\",\"isPartOf\":{\"@id\":\"https:\\\/\\\/conexbooks.de\\\/a\\\/shop\\\/#website\"},\"primaryImageOfPage\":{\"@id\":\"https:\\\/\\\/conexbooks.de\\\/a\\\/shop\\\/produkt\\\/das-grosse-gfk-zitate-buch\\\/#primaryimage\"},\"image\":{\"@id\":\"https:\\\/\\\/conexbooks.de\\\/a\\\/shop\\\/produkt\\\/das-grosse-gfk-zitate-buch\\\/#primaryimage\"},\"thumbnailUrl\":\"https:\\\/\\\/conexbooks.de\\\/a\\\/shop\\\/wp-content\\\/uploads\\\/2026\\\/04\\\/790.png\",\"datePublished\":\"2026-04-10T12:33:53+00:00\",\"dateModified\":\"2026-04-10T12:51:05+00:00\",\"breadcrumb\":{\"@id\":\"https:\\\/\\\/conexbooks.de\\\/a\\\/shop\\\/produkt\\\/das-grosse-gfk-zitate-buch\\\/#breadcrumb\"},\"inLanguage\":\"de\",\"potentialAction\":[{\"@type\":\"ReadAction\",\"target\":[\"https:\\\/\\\/conexbooks.de\\\/a\\\/shop\\\/produkt\\\/das-grosse-gfk-zitate-buch\\\/\"]}]},{\"@type\":\"ImageObject\",\"inLanguage\":\"de\",\"@id\":\"https:\\\/\\\/conexbooks.de\\\/a\\\/shop\\\/produkt\\\/das-grosse-gfk-zitate-buch\\\/#primaryimage\",\"url\":\"https:\\\/\\\/conexbooks.de\\\/a\\\/shop\\\/wp-content\\\/uploads\\\/2026\\\/04\\\/790.png\",\"contentUrl\":\"https:\\\/\\\/conexbooks.de\\\/a\\\/shop\\\/wp-content\\\/uploads\\\/2026\\\/04\\\/790.png\",\"width\":283,\"height\":400},{\"@type\":\"BreadcrumbList\",\"@id\":\"https:\\\/\\\/conexbooks.de\\\/a\\\/shop\\\/produkt\\\/das-grosse-gfk-zitate-buch\\\/#breadcrumb\",\"itemListElement\":[{\"@type\":\"ListItem\",\"position\":1,\"name\":\"Home\",\"item\":\"https:\\\/\\\/conexbooks.de\\\/a\\\/shop\\\/\"},{\"@type\":\"ListItem\",\"position\":2,\"name\":\"Shop\",\"item\":\"https:\\\/\\\/conexbooks.de\\\/a\\\/shop\\\/shop\\\/\"},{\"@type\":\"ListItem\",\"position\":3,\"name\":\"Das gro\u00dfe GFK-Zitate-Buch\"}]},{\"@type\":\"WebSite\",\"@id\":\"https:\\\/\\\/conexbooks.de\\\/a\\\/shop\\\/#website\",\"url\":\"https:\\\/\\\/conexbooks.de\\\/a\\\/shop\\\/\",\"name\":\"Conex-Shop\",\"description\":\"Alles f\u00fcr die gewaltfreie Kommunikation: B\u00fccher, Spiele. Handpuppen Seminarmaterial und Geschenke\",\"publisher\":{\"@id\":\"https:\\\/\\\/conexbooks.de\\\/a\\\/shop\\\/#organization\"},\"potentialAction\":[{\"@type\":\"SearchAction\",\"target\":{\"@type\":\"EntryPoint\",\"urlTemplate\":\"https:\\\/\\\/conexbooks.de\\\/a\\\/shop\\\/?s={search_term_string}\"},\"query-input\":{\"@type\":\"PropertyValueSpecification\",\"valueRequired\":true,\"valueName\":\"search_term_string\"}}],\"inLanguage\":\"de\"},{\"@type\":\"Organization\",\"@id\":\"https:\\\/\\\/conexbooks.de\\\/a\\\/shop\\\/#organization\",\"name\":\"Conex - books and more\",\"url\":\"https:\\\/\\\/conexbooks.de\\\/a\\\/shop\\\/\",\"logo\":{\"@type\":\"ImageObject\",\"inLanguage\":\"de\",\"@id\":\"https:\\\/\\\/conexbooks.de\\\/a\\\/shop\\\/#\\\/schema\\\/logo\\\/image\\\/\",\"url\":\"https:\\\/\\\/conexbooks.de\\\/a\\\/shop\\\/wp-content\\\/uploads\\\/2017\\\/12\\\/co-logo.png\",\"contentUrl\":\"https:\\\/\\\/conexbooks.de\\\/a\\\/shop\\\/wp-content\\\/uploads\\\/2017\\\/12\\\/co-logo.png\",\"width\":243,\"height\":122,\"caption\":\"Conex - books and more\"},\"image\":{\"@id\":\"https:\\\/\\\/conexbooks.de\\\/a\\\/shop\\\/#\\\/schema\\\/logo\\\/image\\\/\"}}]}<\/script>\n<!-- \/ Yoast SEO plugin. -->","yoast_head_json":{"title":"Das gro\u00dfe GFK-Zitate-Buch - Conex-Shop","robots":{"index":"index","follow":"follow","max-snippet":"max-snippet:-1","max-image-preview":"max-image-preview:large","max-video-preview":"max-video-preview:-1"},"canonical":"https:\/\/conexbooks.de\/a\/shop\/produkt\/das-grosse-gfk-zitate-buch\/","og_locale":"de_DE","og_type":"article","og_title":"Das gro\u00dfe GFK-Zitate-Buch - Conex-Shop","og_description":"Schl\u00fcssels\u00e4tze aus der Gewaltfreien Kommunikation. Zusammengestellt von Julie Stiles Junfermann-Verlag, erschienen am 15.10.2025      296 Seiten, kartoniert,\u00a0Format: 17 x 24","og_url":"https:\/\/conexbooks.de\/a\/shop\/produkt\/das-grosse-gfk-zitate-buch\/","og_site_name":"Conex-Shop","article_modified_time":"2026-04-10T12:51:05+00:00","og_image":[{"width":283,"height":400,"url":"https:\/\/conexbooks.de\/a\/shop\/wp-content\/uploads\/2026\/04\/790.png","type":"image\/png"}],"twitter_card":"summary_large_image","twitter_misc":{"Gesch\u00e4tzte Lesezeit":"1\u00a0Minute"},"schema":{"@context":"https:\/\/schema.org","@graph":[{"@type":"WebPage","@id":"https:\/\/conexbooks.de\/a\/shop\/produkt\/das-grosse-gfk-zitate-buch\/","url":"https:\/\/conexbooks.de\/a\/shop\/produkt\/das-grosse-gfk-zitate-buch\/","name":"Das gro\u00dfe GFK-Zitate-Buch - Conex-Shop","isPartOf":{"@id":"https:\/\/conexbooks.de\/a\/shop\/#website"},"primaryImageOfPage":{"@id":"https:\/\/conexbooks.de\/a\/shop\/produkt\/das-grosse-gfk-zitate-buch\/#primaryimage"},"image":{"@id":"https:\/\/conexbooks.de\/a\/shop\/produkt\/das-grosse-gfk-zitate-buch\/#primaryimage"},"thumbnailUrl":"https:\/\/conexbooks.de\/a\/shop\/wp-content\/uploads\/2026\/04\/790.png","datePublished":"2026-04-10T12:33:53+00:00","dateModified":"2026-04-10T12:51:05+00:00","breadcrumb":{"@id":"https:\/\/conexbooks.de\/a\/shop\/produkt\/das-grosse-gfk-zitate-buch\/#breadcrumb"},"inLanguage":"de","potentialAction":[{"@type":"ReadAction","target":["https:\/\/conexbooks.de\/a\/shop\/produkt\/das-grosse-gfk-zitate-buch\/"]}]},{"@type":"ImageObject","inLanguage":"de","@id":"https:\/\/conexbooks.de\/a\/shop\/produkt\/das-grosse-gfk-zitate-buch\/#primaryimage","url":"https:\/\/conexbooks.de\/a\/shop\/wp-content\/uploads\/2026\/04\/790.png","contentUrl":"https:\/\/conexbooks.de\/a\/shop\/wp-content\/uploads\/2026\/04\/790.png","width":283,"height":400},{"@type":"BreadcrumbList","@id":"https:\/\/conexbooks.de\/a\/shop\/produkt\/das-grosse-gfk-zitate-buch\/#breadcrumb","itemListElement":[{"@type":"ListItem","position":1,"name":"Home","item":"https:\/\/conexbooks.de\/a\/shop\/"},{"@type":"ListItem","position":2,"name":"Shop","item":"https:\/\/conexbooks.de\/a\/shop\/shop\/"},{"@type":"ListItem","position":3,"name":"Das gro\u00dfe GFK-Zitate-Buch"}]},{"@type":"WebSite","@id":"https:\/\/conexbooks.de\/a\/shop\/#website","url":"https:\/\/conexbooks.de\/a\/shop\/","name":"Conex-Shop","description":"Alles f\u00fcr die gewaltfreie Kommunikation: B\u00fccher, Spiele. Handpuppen Seminarmaterial und Geschenke","publisher":{"@id":"https:\/\/conexbooks.de\/a\/shop\/#organization"},"potentialAction":[{"@type":"SearchAction","target":{"@type":"EntryPoint","urlTemplate":"https:\/\/conexbooks.de\/a\/shop\/?s={search_term_string}"},"query-input":{"@type":"PropertyValueSpecification","valueRequired":true,"valueName":"search_term_string"}}],"inLanguage":"de"},{"@type":"Organization","@id":"https:\/\/conexbooks.de\/a\/shop\/#organization","name":"Conex - books and more","url":"https:\/\/conexbooks.de\/a\/shop\/","logo":{"@type":"ImageObject","inLanguage":"de","@id":"https:\/\/conexbooks.de\/a\/shop\/#\/schema\/logo\/image\/","url":"https:\/\/conexbooks.de\/a\/shop\/wp-content\/uploads\/2017\/12\/co-logo.png","contentUrl":"https:\/\/conexbooks.de\/a\/shop\/wp-content\/uploads\/2017\/12\/co-logo.png","width":243,"height":122,"caption":"Conex - books and more"},"image":{"@id":"https:\/\/conexbooks.de\/a\/shop\/#\/schema\/logo\/image\/"}}]}},"_links":{"self":[{"href":"https:\/\/conexbooks.de\/a\/shop\/wp-json\/wp\/v2\/product\/21311","targetHints":{"allow":["GET"]}}],"collection":[{"href":"https:\/\/conexbooks.de\/a\/shop\/wp-json\/wp\/v2\/product"}],"about":[{"href":"https:\/\/conexbooks.de\/a\/shop\/wp-json\/wp\/v2\/types\/product"}],"wp:featuredmedia":[{"embeddable":true,"href":"https:\/\/conexbooks.de\/a\/shop\/wp-json\/wp\/v2\/media\/21316"}],"wp:attachment":[{"href":"https:\/\/conexbooks.de\/a\/shop\/wp-json\/wp\/v2\/media?parent=21311"}],"wp:term":[{"taxonomy":"product_brand","embeddable":true,"href":"https:\/\/conexbooks.de\/a\/shop\/wp-json\/wp\/v2\/product_brand?post=21311"},{"taxonomy":"product_cat","embeddable":true,"href":"https:\/\/conexbooks.de\/a\/shop\/wp-json\/wp\/v2\/product_cat?post=21311"},{"taxonomy":"product_tag","embeddable":true,"href":"https:\/\/conexbooks.de\/a\/shop\/wp-json\/wp\/v2\/product_tag?post=21311"}],"curies":[{"name":"wp","href":"https:\/\/api.w.org\/{rel}","templated":true}]}}