{"id":21322,"date":"2026-04-10T15:47:07","date_gmt":"2026-04-10T13:47:07","guid":{"rendered":"https:\/\/conexbooks.de\/a\/shop\/?post_type=product&#038;p=21322"},"modified":"2026-04-10T16:23:51","modified_gmt":"2026-04-10T14:23:51","slug":"hoer-auf-zu-traeumen-fang-an-zu-leben-vergriffene-ausgabe","status":"publish","type":"product","link":"https:\/\/conexbooks.de\/a\/shop\/produkt\/hoer-auf-zu-traeumen-fang-an-zu-leben-vergriffene-ausgabe\/","title":{"rendered":"H\u00f6r auf zu tr\u00e4umen, fang an zu leben (vergriffene Ausgabe)"},"content":{"rendered":"<h4>Mit gewaltfreier Kommunikation innere Blockaden l\u00f6sen<\/h4>\n<h4>Thomas d&#8217;Ansembourg<\/h4>\n<p>&#8222;Ich bin unf\u00e4hig, gl\u00fccklich zu sein&#8220;, &#8222;Man muss mit dem zufrieden sein, was man hat&#8220;, &#8222;Mehr habe ich auch nicht verdient&#8220;, &#8222;Wenn ich nur mehr Geld, einen Partner, einen anderen Job h\u00e4tte.&#8220; &#8211; im Laufe unseres Lebens gewinnen wir \u00dcberzeugungen, die uns davon abhalten, die M\u00f6glichkeiten unseres Lebens auszusch\u00f6pfen und wirklich gl\u00fccklich zu werden. Thomas d&#8217;Ansembourg schildert in diesem Buch, wie aus diese \u00dcberzeugungen entstehen, wie sie funktionieren und unser Denken und Handeln beeinflussen. Und er zeigt anhand von konkreten Beispielen, wie wir uns dieser Blockaden bewusst werden und sie mit Hilfe der Gewaltfreien Kommunikation \u00fcberwinden k\u00f6nnen.<\/p>\n<div id='1' class='widgets_on_page wop_tiny1  wop_small1  wop_medium1  wop_large1  wop_wide1'>\n\t\t\t<ul><li id=\"custom_html-4\" class=\"widget_text widget widget_custom_html\"><div class=\"textwidget custom-html-widget\"><div style=\"text-align:left;\">\r\n<button class = \"button\" style=\"height: 30px; font-size: 0.8em;\" name=\"zuruck\" type=\"button\" onclick=\"history.back()\">Zur\u00fcck zur \u00dcbersicht<\/button><\/div><\/div><\/li><\/ul><\/div><!-- widgets_on_page -->\n","protected":false},"excerpt":{"rendered":"<h4>Mit gewaltfreier Kommunikation innere Blockaden l\u00f6sen<\/h4>\n<h4>Thomas d&#8217;Ansembourg<\/h4>\n<p><strong>Sonderangebot &#8211; keine R\u00fccknahme<\/strong><\/p>\n<p>Herder-Verlag<br \/>\nErschienen 2006, 288 Seiten, kartoniert, Format: 12,5 x 20,5 cm<\/p>\n<p>Gebrauchsspuren am Cover und handschriftliche Bemerkung auf der ersten Seite (siehe Foto)<\/p>\n","protected":false},"featured_media":21326,"template":"","meta":[],"product_brand":[],"product_cat":[36,39,52],"product_tag":[],"class_list":{"0":"post-21322","1":"product","2":"type-product","3":"status-publish","4":"has-post-thumbnail","6":"product_cat-deutsche-buecher","7":"product_cat-persoenliche-entwicklung","8":"product_cat-sonderangebote","10":"first","11":"instock","12":"sale","13":"shipping-taxable","14":"purchasable","15":"product-type-simple"},"yoast_head":"<!-- This site is optimized with the Yoast SEO plugin v27.5 - https:\/\/yoast.com\/product\/yoast-seo-wordpress\/ -->\n<title>H\u00f6r auf zu tr\u00e4umen, fang an zu leben (vergriffene Ausgabe) - Conex-Shop<\/title>\n<meta name=\"robots\" content=\"index, follow, max-snippet:-1, max-image-preview:large, max-video-preview:-1\" \/>\n<link rel=\"canonical\" href=\"https:\/\/conexbooks.de\/a\/shop\/produkt\/hoer-auf-zu-traeumen-fang-an-zu-leben-vergriffene-ausgabe\/\" \/>\n<meta property=\"og:locale\" content=\"de_DE\" \/>\n<meta property=\"og:type\" content=\"article\" \/>\n<meta property=\"og:title\" content=\"H\u00f6r auf zu tr\u00e4umen, fang an zu leben (vergriffene Ausgabe) - Conex-Shop\" \/>\n<meta property=\"og:description\" content=\"Mit gewaltfreier Kommunikation innere Blockaden l\u00f6sen Thomas d&#039;Ansembourg Sonderangebot - keine R\u00fccknahme  Herder-Verlag Erschienen 2006, 288 Seiten, kartoniert, Format: 12,5 x 20,5 cm  Gebrauchsspuren am Cover und handschriftliche Bemerkung auf der ersten Seite (siehe Foto)\" \/>\n<meta property=\"og:url\" content=\"https:\/\/conexbooks.de\/a\/shop\/produkt\/hoer-auf-zu-traeumen-fang-an-zu-leben-vergriffene-ausgabe\/\" \/>\n<meta property=\"og:site_name\" content=\"Conex-Shop\" \/>\n<meta property=\"article:modified_time\" content=\"2026-04-10T14:23:51+00:00\" \/>\n<meta property=\"og:image\" content=\"https:\/\/conexbooks.de\/a\/shop\/wp-content\/uploads\/2026\/04\/500.png\" \/>\n\t<meta property=\"og:image:width\" content=\"653\" \/>\n\t<meta property=\"og:image:height\" content=\"1000\" \/>\n\t<meta property=\"og:image:type\" content=\"image\/png\" \/>\n<meta name=\"twitter:card\" content=\"summary_large_image\" \/>\n<meta name=\"twitter:label1\" content=\"Gesch\u00e4tzte Lesezeit\" \/>\n\t<meta name=\"twitter:data1\" content=\"1\u00a0Minute\" \/>\n<script type=\"application\/ld+json\" class=\"yoast-schema-graph\">{\"@context\":\"https:\\\/\\\/schema.org\",\"@graph\":[{\"@type\":\"WebPage\",\"@id\":\"https:\\\/\\\/conexbooks.de\\\/a\\\/shop\\\/produkt\\\/hoer-auf-zu-traeumen-fang-an-zu-leben-vergriffene-ausgabe\\\/\",\"url\":\"https:\\\/\\\/conexbooks.de\\\/a\\\/shop\\\/produkt\\\/hoer-auf-zu-traeumen-fang-an-zu-leben-vergriffene-ausgabe\\\/\",\"name\":\"H\u00f6r auf zu tr\u00e4umen, fang an zu leben (vergriffene Ausgabe) - Conex-Shop\",\"isPartOf\":{\"@id\":\"https:\\\/\\\/conexbooks.de\\\/a\\\/shop\\\/#website\"},\"primaryImageOfPage\":{\"@id\":\"https:\\\/\\\/conexbooks.de\\\/a\\\/shop\\\/produkt\\\/hoer-auf-zu-traeumen-fang-an-zu-leben-vergriffene-ausgabe\\\/#primaryimage\"},\"image\":{\"@id\":\"https:\\\/\\\/conexbooks.de\\\/a\\\/shop\\\/produkt\\\/hoer-auf-zu-traeumen-fang-an-zu-leben-vergriffene-ausgabe\\\/#primaryimage\"},\"thumbnailUrl\":\"https:\\\/\\\/conexbooks.de\\\/a\\\/shop\\\/wp-content\\\/uploads\\\/2026\\\/04\\\/500.png\",\"datePublished\":\"2026-04-10T13:47:07+00:00\",\"dateModified\":\"2026-04-10T14:23:51+00:00\",\"breadcrumb\":{\"@id\":\"https:\\\/\\\/conexbooks.de\\\/a\\\/shop\\\/produkt\\\/hoer-auf-zu-traeumen-fang-an-zu-leben-vergriffene-ausgabe\\\/#breadcrumb\"},\"inLanguage\":\"de\",\"potentialAction\":[{\"@type\":\"ReadAction\",\"target\":[\"https:\\\/\\\/conexbooks.de\\\/a\\\/shop\\\/produkt\\\/hoer-auf-zu-traeumen-fang-an-zu-leben-vergriffene-ausgabe\\\/\"]}]},{\"@type\":\"ImageObject\",\"inLanguage\":\"de\",\"@id\":\"https:\\\/\\\/conexbooks.de\\\/a\\\/shop\\\/produkt\\\/hoer-auf-zu-traeumen-fang-an-zu-leben-vergriffene-ausgabe\\\/#primaryimage\",\"url\":\"https:\\\/\\\/conexbooks.de\\\/a\\\/shop\\\/wp-content\\\/uploads\\\/2026\\\/04\\\/500.png\",\"contentUrl\":\"https:\\\/\\\/conexbooks.de\\\/a\\\/shop\\\/wp-content\\\/uploads\\\/2026\\\/04\\\/500.png\",\"width\":653,\"height\":1000},{\"@type\":\"BreadcrumbList\",\"@id\":\"https:\\\/\\\/conexbooks.de\\\/a\\\/shop\\\/produkt\\\/hoer-auf-zu-traeumen-fang-an-zu-leben-vergriffene-ausgabe\\\/#breadcrumb\",\"itemListElement\":[{\"@type\":\"ListItem\",\"position\":1,\"name\":\"Home\",\"item\":\"https:\\\/\\\/conexbooks.de\\\/a\\\/shop\\\/\"},{\"@type\":\"ListItem\",\"position\":2,\"name\":\"Shop\",\"item\":\"https:\\\/\\\/conexbooks.de\\\/a\\\/shop\\\/shop\\\/\"},{\"@type\":\"ListItem\",\"position\":3,\"name\":\"H\u00f6r auf zu tr\u00e4umen, fang an zu leben (vergriffene Ausgabe)\"}]},{\"@type\":\"WebSite\",\"@id\":\"https:\\\/\\\/conexbooks.de\\\/a\\\/shop\\\/#website\",\"url\":\"https:\\\/\\\/conexbooks.de\\\/a\\\/shop\\\/\",\"name\":\"Conex-Shop\",\"description\":\"Alles f\u00fcr die gewaltfreie Kommunikation: B\u00fccher, Spiele. Handpuppen Seminarmaterial und Geschenke\",\"publisher\":{\"@id\":\"https:\\\/\\\/conexbooks.de\\\/a\\\/shop\\\/#organization\"},\"potentialAction\":[{\"@type\":\"SearchAction\",\"target\":{\"@type\":\"EntryPoint\",\"urlTemplate\":\"https:\\\/\\\/conexbooks.de\\\/a\\\/shop\\\/?s={search_term_string}\"},\"query-input\":{\"@type\":\"PropertyValueSpecification\",\"valueRequired\":true,\"valueName\":\"search_term_string\"}}],\"inLanguage\":\"de\"},{\"@type\":\"Organization\",\"@id\":\"https:\\\/\\\/conexbooks.de\\\/a\\\/shop\\\/#organization\",\"name\":\"Conex - books and more\",\"url\":\"https:\\\/\\\/conexbooks.de\\\/a\\\/shop\\\/\",\"logo\":{\"@type\":\"ImageObject\",\"inLanguage\":\"de\",\"@id\":\"https:\\\/\\\/conexbooks.de\\\/a\\\/shop\\\/#\\\/schema\\\/logo\\\/image\\\/\",\"url\":\"https:\\\/\\\/conexbooks.de\\\/a\\\/shop\\\/wp-content\\\/uploads\\\/2017\\\/12\\\/co-logo.png\",\"contentUrl\":\"https:\\\/\\\/conexbooks.de\\\/a\\\/shop\\\/wp-content\\\/uploads\\\/2017\\\/12\\\/co-logo.png\",\"width\":243,\"height\":122,\"caption\":\"Conex - books and more\"},\"image\":{\"@id\":\"https:\\\/\\\/conexbooks.de\\\/a\\\/shop\\\/#\\\/schema\\\/logo\\\/image\\\/\"}}]}<\/script>\n<!-- \/ Yoast SEO plugin. -->","yoast_head_json":{"title":"H\u00f6r auf zu tr\u00e4umen, fang an zu leben (vergriffene Ausgabe) - Conex-Shop","robots":{"index":"index","follow":"follow","max-snippet":"max-snippet:-1","max-image-preview":"max-image-preview:large","max-video-preview":"max-video-preview:-1"},"canonical":"https:\/\/conexbooks.de\/a\/shop\/produkt\/hoer-auf-zu-traeumen-fang-an-zu-leben-vergriffene-ausgabe\/","og_locale":"de_DE","og_type":"article","og_title":"H\u00f6r auf zu tr\u00e4umen, fang an zu leben (vergriffene Ausgabe) - Conex-Shop","og_description":"Mit gewaltfreier Kommunikation innere Blockaden l\u00f6sen Thomas d'Ansembourg Sonderangebot - keine R\u00fccknahme  Herder-Verlag Erschienen 2006, 288 Seiten, kartoniert, Format: 12,5 x 20,5 cm  Gebrauchsspuren am Cover und handschriftliche Bemerkung auf der ersten Seite (siehe Foto)","og_url":"https:\/\/conexbooks.de\/a\/shop\/produkt\/hoer-auf-zu-traeumen-fang-an-zu-leben-vergriffene-ausgabe\/","og_site_name":"Conex-Shop","article_modified_time":"2026-04-10T14:23:51+00:00","og_image":[{"width":653,"height":1000,"url":"https:\/\/conexbooks.de\/a\/shop\/wp-content\/uploads\/2026\/04\/500.png","type":"image\/png"}],"twitter_card":"summary_large_image","twitter_misc":{"Gesch\u00e4tzte Lesezeit":"1\u00a0Minute"},"schema":{"@context":"https:\/\/schema.org","@graph":[{"@type":"WebPage","@id":"https:\/\/conexbooks.de\/a\/shop\/produkt\/hoer-auf-zu-traeumen-fang-an-zu-leben-vergriffene-ausgabe\/","url":"https:\/\/conexbooks.de\/a\/shop\/produkt\/hoer-auf-zu-traeumen-fang-an-zu-leben-vergriffene-ausgabe\/","name":"H\u00f6r auf zu tr\u00e4umen, fang an zu leben (vergriffene Ausgabe) - Conex-Shop","isPartOf":{"@id":"https:\/\/conexbooks.de\/a\/shop\/#website"},"primaryImageOfPage":{"@id":"https:\/\/conexbooks.de\/a\/shop\/produkt\/hoer-auf-zu-traeumen-fang-an-zu-leben-vergriffene-ausgabe\/#primaryimage"},"image":{"@id":"https:\/\/conexbooks.de\/a\/shop\/produkt\/hoer-auf-zu-traeumen-fang-an-zu-leben-vergriffene-ausgabe\/#primaryimage"},"thumbnailUrl":"https:\/\/conexbooks.de\/a\/shop\/wp-content\/uploads\/2026\/04\/500.png","datePublished":"2026-04-10T13:47:07+00:00","dateModified":"2026-04-10T14:23:51+00:00","breadcrumb":{"@id":"https:\/\/conexbooks.de\/a\/shop\/produkt\/hoer-auf-zu-traeumen-fang-an-zu-leben-vergriffene-ausgabe\/#breadcrumb"},"inLanguage":"de","potentialAction":[{"@type":"ReadAction","target":["https:\/\/conexbooks.de\/a\/shop\/produkt\/hoer-auf-zu-traeumen-fang-an-zu-leben-vergriffene-ausgabe\/"]}]},{"@type":"ImageObject","inLanguage":"de","@id":"https:\/\/conexbooks.de\/a\/shop\/produkt\/hoer-auf-zu-traeumen-fang-an-zu-leben-vergriffene-ausgabe\/#primaryimage","url":"https:\/\/conexbooks.de\/a\/shop\/wp-content\/uploads\/2026\/04\/500.png","contentUrl":"https:\/\/conexbooks.de\/a\/shop\/wp-content\/uploads\/2026\/04\/500.png","width":653,"height":1000},{"@type":"BreadcrumbList","@id":"https:\/\/conexbooks.de\/a\/shop\/produkt\/hoer-auf-zu-traeumen-fang-an-zu-leben-vergriffene-ausgabe\/#breadcrumb","itemListElement":[{"@type":"ListItem","position":1,"name":"Home","item":"https:\/\/conexbooks.de\/a\/shop\/"},{"@type":"ListItem","position":2,"name":"Shop","item":"https:\/\/conexbooks.de\/a\/shop\/shop\/"},{"@type":"ListItem","position":3,"name":"H\u00f6r auf zu tr\u00e4umen, fang an zu leben (vergriffene Ausgabe)"}]},{"@type":"WebSite","@id":"https:\/\/conexbooks.de\/a\/shop\/#website","url":"https:\/\/conexbooks.de\/a\/shop\/","name":"Conex-Shop","description":"Alles f\u00fcr die gewaltfreie Kommunikation: B\u00fccher, Spiele. Handpuppen Seminarmaterial und Geschenke","publisher":{"@id":"https:\/\/conexbooks.de\/a\/shop\/#organization"},"potentialAction":[{"@type":"SearchAction","target":{"@type":"EntryPoint","urlTemplate":"https:\/\/conexbooks.de\/a\/shop\/?s={search_term_string}"},"query-input":{"@type":"PropertyValueSpecification","valueRequired":true,"valueName":"search_term_string"}}],"inLanguage":"de"},{"@type":"Organization","@id":"https:\/\/conexbooks.de\/a\/shop\/#organization","name":"Conex - books and more","url":"https:\/\/conexbooks.de\/a\/shop\/","logo":{"@type":"ImageObject","inLanguage":"de","@id":"https:\/\/conexbooks.de\/a\/shop\/#\/schema\/logo\/image\/","url":"https:\/\/conexbooks.de\/a\/shop\/wp-content\/uploads\/2017\/12\/co-logo.png","contentUrl":"https:\/\/conexbooks.de\/a\/shop\/wp-content\/uploads\/2017\/12\/co-logo.png","width":243,"height":122,"caption":"Conex - books and more"},"image":{"@id":"https:\/\/conexbooks.de\/a\/shop\/#\/schema\/logo\/image\/"}}]}},"_links":{"self":[{"href":"https:\/\/conexbooks.de\/a\/shop\/wp-json\/wp\/v2\/product\/21322","targetHints":{"allow":["GET"]}}],"collection":[{"href":"https:\/\/conexbooks.de\/a\/shop\/wp-json\/wp\/v2\/product"}],"about":[{"href":"https:\/\/conexbooks.de\/a\/shop\/wp-json\/wp\/v2\/types\/product"}],"wp:featuredmedia":[{"embeddable":true,"href":"https:\/\/conexbooks.de\/a\/shop\/wp-json\/wp\/v2\/media\/21326"}],"wp:attachment":[{"href":"https:\/\/conexbooks.de\/a\/shop\/wp-json\/wp\/v2\/media?parent=21322"}],"wp:term":[{"taxonomy":"product_brand","embeddable":true,"href":"https:\/\/conexbooks.de\/a\/shop\/wp-json\/wp\/v2\/product_brand?post=21322"},{"taxonomy":"product_cat","embeddable":true,"href":"https:\/\/conexbooks.de\/a\/shop\/wp-json\/wp\/v2\/product_cat?post=21322"},{"taxonomy":"product_tag","embeddable":true,"href":"https:\/\/conexbooks.de\/a\/shop\/wp-json\/wp\/v2\/product_tag?post=21322"}],"curies":[{"name":"wp","href":"https:\/\/api.w.org\/{rel}","templated":true}]}}