{"id":21327,"date":"2026-04-10T16:25:21","date_gmt":"2026-04-10T14:25:21","guid":{"rendered":"https:\/\/conexbooks.de\/a\/shop\/?post_type=product&#038;p=21327"},"modified":"2026-04-10T16:49:37","modified_gmt":"2026-04-10T14:49:37","slug":"gewaltfreie-kommunikation-das-13-wochen-uebungsprogramm-vergriffene-ausgabe","status":"publish","type":"product","link":"https:\/\/conexbooks.de\/a\/shop\/produkt\/gewaltfreie-kommunikation-das-13-wochen-uebungsprogramm-vergriffene-ausgabe\/","title":{"rendered":"Gewaltfreie Kommunikation   Das 13-Wochen \u00dcbungsprogramm (vergriffene Ausgabe)"},"content":{"rendered":"<h3>Gewaltfreie Kommunikation: Das 13-Wochen-\u00dcbungsprogramm (1. Auflage von 2009)<\/h3>\n<p>Dieses \u00dcbungsbuch bietet Material f\u00fcr einen 13-w\u00f6chigen Lehrgang in Gewaltfreier Kommunikation. Es orientiert sich an Marshall B. Rosenbergs Grundlagenwerk &#8222;Gewaltfreie Kommunikation&#8220;.<\/p>\n<p>Gewaltfreie Kommunikation (GFK) zu erlernen ist der Erfahrung vergleichbar, wenn wir eine Fremdsprache lernen wollen. Wir m\u00fcssen zun\u00e4chst gewisse Grundkonzepte begreifen &#8211; sozusagen die Grammatik erlernen. Erst dann k\u00f6nnen wir anfangen, auf dieser soliden Grundlage mit der Sprache umzugehen. Gl\u00fccklicherweise kann Gewaltfreie Kommunikation, im Unterschied zu einer Fremdsprache, an jedem Ort und mit jeder Person angewendet werden. Wir brauchen kein Gegen\u00fcber, das GFK beherrscht: Wir k\u00f6nnen \u00fcben, wenn wir einen Scheck auf der Bank einl\u00f6sen, wenn wieder mal ein Telefonwerber uns beim Mittagessen st\u00f6rt, wenn wir Wahlkampfreden am Fernsehschirm verfolgen, wenn ein Polizist unser Auto anh\u00e4lt &#8230;<\/p>\n<p>Wir k\u00f6nnen mit unseren Eltern und Kindern \u00fcben, mit Mitarbeitern, Vorgesetzten, Freunden, Geliebten, Fremden, sogar mit unseren Feinden und, was vielleicht am wichtigsten ist, mit uns selbst.<\/p>\n<div id='1' class='widgets_on_page wop_tiny1  wop_small1  wop_medium1  wop_large1  wop_wide1'>\n\t\t\t<ul><li id=\"custom_html-4\" class=\"widget_text widget widget_custom_html\"><div class=\"textwidget custom-html-widget\"><div style=\"text-align:left;\">\r\n<button class = \"button\" style=\"height: 30px; font-size: 0.8em;\" name=\"zuruck\" type=\"button\" onclick=\"history.back()\">Zur\u00fcck zur \u00dcbersicht<\/button><\/div><\/div><\/li><\/ul><\/div><!-- widgets_on_page -->\n","protected":false},"excerpt":{"rendered":"<h4>Ein praktischer Leitfaden f\u00fcr \u00dcbungsgruppen, Selbststudium und GFK-Kurse.<\/h4>\n<h3>Lucy Leu<\/h3>\n<p>Originaltitel: Nonviolent Communication Companion Workbook<\/p>\n<p>Junfermann-Verlag<\/p>\n<p>1. Auflage von 2009, kartoniert, 224 Seiten<\/p>\n<p><strong>Sonderangebot &#8211; keine R\u00fcckgabe<\/strong><\/p>\n[widgets_on_pages id=\"1\"]\n","protected":false},"featured_media":21329,"template":"","meta":[],"product_brand":[],"product_cat":[482,36,39,40,52],"product_tag":[310,322,473,535,230],"class_list":{"0":"post-21327","1":"product","2":"type-product","3":"status-publish","4":"has-post-thumbnail","6":"product_cat-buecher","7":"product_cat-deutsche-buecher","8":"product_cat-persoenliche-entwicklung","9":"product_cat-grundlagen","10":"product_cat-sonderangebote","11":"product_tag-gfk-uebungen","12":"product_tag-gfk-uebungsmaterial","13":"product_tag-taegliche-uebungen","14":"product_tag-gfk-selbststudium","15":"product_tag-uebungsgruppen","17":"first","18":"instock","19":"shipping-taxable","20":"purchasable","21":"product-type-simple"},"yoast_head":"<!-- This site is optimized with the Yoast SEO plugin v27.6 - https:\/\/yoast.com\/product\/yoast-seo-wordpress\/ -->\n<title>Gewaltfreie Kommunikation  Das 13-Wochen \u00dcbungsprogramm (vergriffene Ausgabe) - Conex-Shop<\/title>\n<meta name=\"robots\" content=\"index, follow, max-snippet:-1, max-image-preview:large, max-video-preview:-1\" \/>\n<link rel=\"canonical\" href=\"https:\/\/conexbooks.de\/a\/shop\/produkt\/gewaltfreie-kommunikation-das-13-wochen-uebungsprogramm-vergriffene-ausgabe\/\" \/>\n<meta property=\"og:locale\" content=\"de_DE\" \/>\n<meta property=\"og:type\" content=\"article\" \/>\n<meta property=\"og:title\" content=\"Gewaltfreie Kommunikation  Das 13-Wochen \u00dcbungsprogramm (vergriffene Ausgabe) - Conex-Shop\" \/>\n<meta property=\"og:description\" content=\"Ein praktischer Leitfaden f\u00fcr \u00dcbungsgruppen, Selbststudium und GFK-Kurse. Lucy Leu Originaltitel: Nonviolent Communication Companion Workbook  Junfermann-Verlag  1. Auflage von 2009, kartoniert, 224 Seiten  Sonderangebot - keine R\u00fcckgabe\" \/>\n<meta property=\"og:url\" content=\"https:\/\/conexbooks.de\/a\/shop\/produkt\/gewaltfreie-kommunikation-das-13-wochen-uebungsprogramm-vergriffene-ausgabe\/\" \/>\n<meta property=\"og:site_name\" content=\"Conex-Shop\" \/>\n<meta property=\"article:modified_time\" content=\"2026-04-10T14:49:37+00:00\" \/>\n<meta property=\"og:image\" content=\"https:\/\/conexbooks.de\/a\/shop\/wp-content\/uploads\/2026\/04\/501.png\" \/>\n\t<meta property=\"og:image:width\" content=\"737\" \/>\n\t<meta property=\"og:image:height\" content=\"1000\" \/>\n\t<meta property=\"og:image:type\" content=\"image\/png\" \/>\n<meta name=\"twitter:card\" content=\"summary_large_image\" \/>\n<meta name=\"twitter:label1\" content=\"Gesch\u00e4tzte Lesezeit\" \/>\n\t<meta name=\"twitter:data1\" content=\"2\u00a0Minuten\" \/>\n<script type=\"application\/ld+json\" class=\"yoast-schema-graph\">{\"@context\":\"https:\\\/\\\/schema.org\",\"@graph\":[{\"@type\":\"WebPage\",\"@id\":\"https:\\\/\\\/conexbooks.de\\\/a\\\/shop\\\/produkt\\\/gewaltfreie-kommunikation-das-13-wochen-uebungsprogramm-vergriffene-ausgabe\\\/\",\"url\":\"https:\\\/\\\/conexbooks.de\\\/a\\\/shop\\\/produkt\\\/gewaltfreie-kommunikation-das-13-wochen-uebungsprogramm-vergriffene-ausgabe\\\/\",\"name\":\"Gewaltfreie Kommunikation Das 13-Wochen \u00dcbungsprogramm (vergriffene Ausgabe) - Conex-Shop\",\"isPartOf\":{\"@id\":\"https:\\\/\\\/conexbooks.de\\\/a\\\/shop\\\/#website\"},\"primaryImageOfPage\":{\"@id\":\"https:\\\/\\\/conexbooks.de\\\/a\\\/shop\\\/produkt\\\/gewaltfreie-kommunikation-das-13-wochen-uebungsprogramm-vergriffene-ausgabe\\\/#primaryimage\"},\"image\":{\"@id\":\"https:\\\/\\\/conexbooks.de\\\/a\\\/shop\\\/produkt\\\/gewaltfreie-kommunikation-das-13-wochen-uebungsprogramm-vergriffene-ausgabe\\\/#primaryimage\"},\"thumbnailUrl\":\"https:\\\/\\\/conexbooks.de\\\/a\\\/shop\\\/wp-content\\\/uploads\\\/2026\\\/04\\\/501.png\",\"datePublished\":\"2026-04-10T14:25:21+00:00\",\"dateModified\":\"2026-04-10T14:49:37+00:00\",\"breadcrumb\":{\"@id\":\"https:\\\/\\\/conexbooks.de\\\/a\\\/shop\\\/produkt\\\/gewaltfreie-kommunikation-das-13-wochen-uebungsprogramm-vergriffene-ausgabe\\\/#breadcrumb\"},\"inLanguage\":\"de\",\"potentialAction\":[{\"@type\":\"ReadAction\",\"target\":[\"https:\\\/\\\/conexbooks.de\\\/a\\\/shop\\\/produkt\\\/gewaltfreie-kommunikation-das-13-wochen-uebungsprogramm-vergriffene-ausgabe\\\/\"]}]},{\"@type\":\"ImageObject\",\"inLanguage\":\"de\",\"@id\":\"https:\\\/\\\/conexbooks.de\\\/a\\\/shop\\\/produkt\\\/gewaltfreie-kommunikation-das-13-wochen-uebungsprogramm-vergriffene-ausgabe\\\/#primaryimage\",\"url\":\"https:\\\/\\\/conexbooks.de\\\/a\\\/shop\\\/wp-content\\\/uploads\\\/2026\\\/04\\\/501.png\",\"contentUrl\":\"https:\\\/\\\/conexbooks.de\\\/a\\\/shop\\\/wp-content\\\/uploads\\\/2026\\\/04\\\/501.png\",\"width\":737,\"height\":1000},{\"@type\":\"BreadcrumbList\",\"@id\":\"https:\\\/\\\/conexbooks.de\\\/a\\\/shop\\\/produkt\\\/gewaltfreie-kommunikation-das-13-wochen-uebungsprogramm-vergriffene-ausgabe\\\/#breadcrumb\",\"itemListElement\":[{\"@type\":\"ListItem\",\"position\":1,\"name\":\"Home\",\"item\":\"https:\\\/\\\/conexbooks.de\\\/a\\\/shop\\\/\"},{\"@type\":\"ListItem\",\"position\":2,\"name\":\"Shop\",\"item\":\"https:\\\/\\\/conexbooks.de\\\/a\\\/shop\\\/shop\\\/\"},{\"@type\":\"ListItem\",\"position\":3,\"name\":\"Gewaltfreie Kommunikation Das 13-Wochen \u00dcbungsprogramm (vergriffene Ausgabe)\"}]},{\"@type\":\"WebSite\",\"@id\":\"https:\\\/\\\/conexbooks.de\\\/a\\\/shop\\\/#website\",\"url\":\"https:\\\/\\\/conexbooks.de\\\/a\\\/shop\\\/\",\"name\":\"Conex-Shop\",\"description\":\"Alles f\u00fcr die gewaltfreie Kommunikation: B\u00fccher, Spiele. Handpuppen Seminarmaterial und Geschenke\",\"publisher\":{\"@id\":\"https:\\\/\\\/conexbooks.de\\\/a\\\/shop\\\/#organization\"},\"potentialAction\":[{\"@type\":\"SearchAction\",\"target\":{\"@type\":\"EntryPoint\",\"urlTemplate\":\"https:\\\/\\\/conexbooks.de\\\/a\\\/shop\\\/?s={search_term_string}\"},\"query-input\":{\"@type\":\"PropertyValueSpecification\",\"valueRequired\":true,\"valueName\":\"search_term_string\"}}],\"inLanguage\":\"de\"},{\"@type\":\"Organization\",\"@id\":\"https:\\\/\\\/conexbooks.de\\\/a\\\/shop\\\/#organization\",\"name\":\"Conex - books and more\",\"url\":\"https:\\\/\\\/conexbooks.de\\\/a\\\/shop\\\/\",\"logo\":{\"@type\":\"ImageObject\",\"inLanguage\":\"de\",\"@id\":\"https:\\\/\\\/conexbooks.de\\\/a\\\/shop\\\/#\\\/schema\\\/logo\\\/image\\\/\",\"url\":\"https:\\\/\\\/conexbooks.de\\\/a\\\/shop\\\/wp-content\\\/uploads\\\/2017\\\/12\\\/co-logo.png\",\"contentUrl\":\"https:\\\/\\\/conexbooks.de\\\/a\\\/shop\\\/wp-content\\\/uploads\\\/2017\\\/12\\\/co-logo.png\",\"width\":243,\"height\":122,\"caption\":\"Conex - books and more\"},\"image\":{\"@id\":\"https:\\\/\\\/conexbooks.de\\\/a\\\/shop\\\/#\\\/schema\\\/logo\\\/image\\\/\"}}]}<\/script>\n<!-- \/ Yoast SEO plugin. -->","yoast_head_json":{"title":"Gewaltfreie Kommunikation  Das 13-Wochen \u00dcbungsprogramm (vergriffene Ausgabe) - Conex-Shop","robots":{"index":"index","follow":"follow","max-snippet":"max-snippet:-1","max-image-preview":"max-image-preview:large","max-video-preview":"max-video-preview:-1"},"canonical":"https:\/\/conexbooks.de\/a\/shop\/produkt\/gewaltfreie-kommunikation-das-13-wochen-uebungsprogramm-vergriffene-ausgabe\/","og_locale":"de_DE","og_type":"article","og_title":"Gewaltfreie Kommunikation  Das 13-Wochen \u00dcbungsprogramm (vergriffene Ausgabe) - Conex-Shop","og_description":"Ein praktischer Leitfaden f\u00fcr \u00dcbungsgruppen, Selbststudium und GFK-Kurse. Lucy Leu Originaltitel: Nonviolent Communication Companion Workbook  Junfermann-Verlag  1. Auflage von 2009, kartoniert, 224 Seiten  Sonderangebot - keine R\u00fcckgabe","og_url":"https:\/\/conexbooks.de\/a\/shop\/produkt\/gewaltfreie-kommunikation-das-13-wochen-uebungsprogramm-vergriffene-ausgabe\/","og_site_name":"Conex-Shop","article_modified_time":"2026-04-10T14:49:37+00:00","og_image":[{"width":737,"height":1000,"url":"https:\/\/conexbooks.de\/a\/shop\/wp-content\/uploads\/2026\/04\/501.png","type":"image\/png"}],"twitter_card":"summary_large_image","twitter_misc":{"Gesch\u00e4tzte Lesezeit":"2\u00a0Minuten"},"schema":{"@context":"https:\/\/schema.org","@graph":[{"@type":"WebPage","@id":"https:\/\/conexbooks.de\/a\/shop\/produkt\/gewaltfreie-kommunikation-das-13-wochen-uebungsprogramm-vergriffene-ausgabe\/","url":"https:\/\/conexbooks.de\/a\/shop\/produkt\/gewaltfreie-kommunikation-das-13-wochen-uebungsprogramm-vergriffene-ausgabe\/","name":"Gewaltfreie Kommunikation Das 13-Wochen \u00dcbungsprogramm (vergriffene Ausgabe) - Conex-Shop","isPartOf":{"@id":"https:\/\/conexbooks.de\/a\/shop\/#website"},"primaryImageOfPage":{"@id":"https:\/\/conexbooks.de\/a\/shop\/produkt\/gewaltfreie-kommunikation-das-13-wochen-uebungsprogramm-vergriffene-ausgabe\/#primaryimage"},"image":{"@id":"https:\/\/conexbooks.de\/a\/shop\/produkt\/gewaltfreie-kommunikation-das-13-wochen-uebungsprogramm-vergriffene-ausgabe\/#primaryimage"},"thumbnailUrl":"https:\/\/conexbooks.de\/a\/shop\/wp-content\/uploads\/2026\/04\/501.png","datePublished":"2026-04-10T14:25:21+00:00","dateModified":"2026-04-10T14:49:37+00:00","breadcrumb":{"@id":"https:\/\/conexbooks.de\/a\/shop\/produkt\/gewaltfreie-kommunikation-das-13-wochen-uebungsprogramm-vergriffene-ausgabe\/#breadcrumb"},"inLanguage":"de","potentialAction":[{"@type":"ReadAction","target":["https:\/\/conexbooks.de\/a\/shop\/produkt\/gewaltfreie-kommunikation-das-13-wochen-uebungsprogramm-vergriffene-ausgabe\/"]}]},{"@type":"ImageObject","inLanguage":"de","@id":"https:\/\/conexbooks.de\/a\/shop\/produkt\/gewaltfreie-kommunikation-das-13-wochen-uebungsprogramm-vergriffene-ausgabe\/#primaryimage","url":"https:\/\/conexbooks.de\/a\/shop\/wp-content\/uploads\/2026\/04\/501.png","contentUrl":"https:\/\/conexbooks.de\/a\/shop\/wp-content\/uploads\/2026\/04\/501.png","width":737,"height":1000},{"@type":"BreadcrumbList","@id":"https:\/\/conexbooks.de\/a\/shop\/produkt\/gewaltfreie-kommunikation-das-13-wochen-uebungsprogramm-vergriffene-ausgabe\/#breadcrumb","itemListElement":[{"@type":"ListItem","position":1,"name":"Home","item":"https:\/\/conexbooks.de\/a\/shop\/"},{"@type":"ListItem","position":2,"name":"Shop","item":"https:\/\/conexbooks.de\/a\/shop\/shop\/"},{"@type":"ListItem","position":3,"name":"Gewaltfreie Kommunikation Das 13-Wochen \u00dcbungsprogramm (vergriffene Ausgabe)"}]},{"@type":"WebSite","@id":"https:\/\/conexbooks.de\/a\/shop\/#website","url":"https:\/\/conexbooks.de\/a\/shop\/","name":"Conex-Shop","description":"Alles f\u00fcr die gewaltfreie Kommunikation: B\u00fccher, Spiele. Handpuppen Seminarmaterial und Geschenke","publisher":{"@id":"https:\/\/conexbooks.de\/a\/shop\/#organization"},"potentialAction":[{"@type":"SearchAction","target":{"@type":"EntryPoint","urlTemplate":"https:\/\/conexbooks.de\/a\/shop\/?s={search_term_string}"},"query-input":{"@type":"PropertyValueSpecification","valueRequired":true,"valueName":"search_term_string"}}],"inLanguage":"de"},{"@type":"Organization","@id":"https:\/\/conexbooks.de\/a\/shop\/#organization","name":"Conex - books and more","url":"https:\/\/conexbooks.de\/a\/shop\/","logo":{"@type":"ImageObject","inLanguage":"de","@id":"https:\/\/conexbooks.de\/a\/shop\/#\/schema\/logo\/image\/","url":"https:\/\/conexbooks.de\/a\/shop\/wp-content\/uploads\/2017\/12\/co-logo.png","contentUrl":"https:\/\/conexbooks.de\/a\/shop\/wp-content\/uploads\/2017\/12\/co-logo.png","width":243,"height":122,"caption":"Conex - books and more"},"image":{"@id":"https:\/\/conexbooks.de\/a\/shop\/#\/schema\/logo\/image\/"}}]}},"_links":{"self":[{"href":"https:\/\/conexbooks.de\/a\/shop\/wp-json\/wp\/v2\/product\/21327","targetHints":{"allow":["GET"]}}],"collection":[{"href":"https:\/\/conexbooks.de\/a\/shop\/wp-json\/wp\/v2\/product"}],"about":[{"href":"https:\/\/conexbooks.de\/a\/shop\/wp-json\/wp\/v2\/types\/product"}],"wp:featuredmedia":[{"embeddable":true,"href":"https:\/\/conexbooks.de\/a\/shop\/wp-json\/wp\/v2\/media\/21329"}],"wp:attachment":[{"href":"https:\/\/conexbooks.de\/a\/shop\/wp-json\/wp\/v2\/media?parent=21327"}],"wp:term":[{"taxonomy":"product_brand","embeddable":true,"href":"https:\/\/conexbooks.de\/a\/shop\/wp-json\/wp\/v2\/product_brand?post=21327"},{"taxonomy":"product_cat","embeddable":true,"href":"https:\/\/conexbooks.de\/a\/shop\/wp-json\/wp\/v2\/product_cat?post=21327"},{"taxonomy":"product_tag","embeddable":true,"href":"https:\/\/conexbooks.de\/a\/shop\/wp-json\/wp\/v2\/product_tag?post=21327"}],"curies":[{"name":"wp","href":"https:\/\/api.w.org\/{rel}","templated":true}]}}