{"id":21353,"date":"2026-04-14T11:41:43","date_gmt":"2026-04-14T09:41:43","guid":{"rendered":"https:\/\/conexbooks.de\/a\/shop\/?post_type=product&#038;p=21353"},"modified":"2026-04-14T12:28:18","modified_gmt":"2026-04-14T10:28:18","slug":"gfk-navigator-poster-fuer-beduerfnisse-xxl-a2-wandposter","status":"publish","type":"product","link":"https:\/\/conexbooks.de\/a\/shop\/produkt\/gfk-navigator-poster-fuer-beduerfnisse-xxl-a2-wandposter\/","title":{"rendered":"GFK-Navigator-Poster f\u00fcr Bed\u00fcrfnisse XXL, A2 Wandposter"},"content":{"rendered":"<h2>Bed\u00fcrfnisse finden und benennen \u2013 sich verstehen, verstanden werden, Empathie geben<\/h2>\n<p>Der beliebte Bed\u00fcrfnisspiegel der erfolgreichen Wissenskarten (Gewaltfreie Kommunikation f\u00fcr Bed\u00fcrfnisse) jetzt im Taschenformat DIN A5. So kannst du auch unterwegs auf einem Blick schnell und \u00fcbersichtlich Begriffe f\u00fcr Deine Bed\u00fcrfnisse finden.<\/p>\n<p>Was brauche ich gerade? Was brauchst Du gerade?<\/p>\n<p>Besonders in Konfliktsituationen ist es wichtig, uns selbst und den anderen zu verstehen, um wieder N\u00e4he in unsere Beziehungen zu bringen. Wenn Dir nicht bewusst ist, welche Bed\u00fcrfnisse Du Dir gerade erf\u00fcllen willst, kannst Du es Deinem Gegen\u00fcber auch nicht vermitteln. Das Konfliktgespr\u00e4ch ger\u00e4t m\u00f6glicherweise in einen Teufelskreis.<\/p>\n<p><strong>Einen Blick auf den GFK- Bed\u00fcrfnisspiegel und Du wei\u00dft, worum es Dir gerade geht, \u2013 was Dir gerade wichtig ist, \u2013 was Dich bewegt \u2013 was Du zu erf\u00fcllen suchst \u2013 was Du brauchst.<\/strong><\/p>\n<p>Um Dir selbst und Deinem Gegen\u00fcber Empathie zu geben, ist es wichtig durch die \u201eGeschichten\u201c hindurchzuschauen und die Bed\u00fcrfnisse dahinter zu erkennen.<\/p>\n<p>Der Bed\u00fcrfnisspiegel bietet Dir eine umfassende \u00dcbersicht und schafft ein neues Verst\u00e4ndnis und Wissen \u00fcber diese Bed\u00fcrfnisse. Er will Dir dabei ein Spiegel, Kompass und eine Karte sein.<\/p>\n<p>Die \u00dcbersicht wurde mit dem Anspruch entwickelt, dass es f\u00fcr Dich im Alltag ohne Erl\u00e4uterungen funktioniert und eine unkomplizierte Hilfe darstellt, mit der Du Deine Bed\u00fcrfnisse genauer finden und benennen kannst.<\/p>\n<p><strong>Der Bed\u00fcrfnisspiegel zeigt Dir:<\/strong><\/p>\n<ul>\n<li>16 Hauptbed\u00fcrfnisse zur schnellen Orientierung<\/li>\n<li>Die 4 Bed\u00fcrfnisse in der Mitte des Spiegels stehen am h\u00e4ufigsten hinter allen anderen Bed\u00fcrfnissen und teilen deshalb den Kreis in 4 Segmente ein<\/li>\n<li>Insgesamt werden \u00fcber 100 Bed\u00fcrfnisbegriffe dargestellt<\/li>\n<\/ul>\n<p>Der GfK-Navigator f\u00fcr Bed\u00fcrfnisse ist auch im A5, A4 und A3 Format als laminierte Karte erh\u00e4ltlich.<\/p>\n<div id='1' class='widgets_on_page wop_tiny1  wop_small1  wop_medium1  wop_large1  wop_wide1'>\n\t\t\t<ul><li id=\"custom_html-4\" class=\"widget_text widget widget_custom_html\"><div class=\"textwidget custom-html-widget\"><div style=\"text-align:left;\">\r\n<button class = \"button\" style=\"height: 30px; font-size: 0.8em;\" name=\"zuruck\" type=\"button\" onclick=\"history.back()\">Zur\u00fcck zur \u00dcbersicht<\/button><\/div><\/div><\/li><\/ul><\/div><!-- widgets_on_page -->\n","protected":false},"excerpt":{"rendered":"<h2>Bed\u00fcrfnisse finden und benennen \u2013 sich verstehen, verstanden werden, Empathie geben<\/h2>\n<p>DIN A2 Format,\u00a0hochglanz, UV-Lack<\/p>\n<p>Preis inclusive Zusatzporto.<\/p>\n","protected":false},"featured_media":20812,"template":"","meta":[],"product_brand":[],"product_cat":[481,39,51,47],"product_tag":[375,320,373,328,591,593,595,417,432,374,598,61,590,369,372,604],"class_list":{"0":"post-21353","1":"product","2":"type-product","3":"status-publish","4":"has-post-thumbnail","6":"product_cat-gefuehle-und-beduerfniskarten","7":"product_cat-persoenliche-entwicklung","8":"product_cat-seminarmaterial","9":"product_cat-sonstiges","10":"product_tag-beduerfniskategorien","11":"product_tag-beduerfniskompetenz","12":"product_tag-beduerfniss-uebersicht","13":"product_tag-fuehrungskraefte","14":"product_tag-gfk-kompass","15":"product_tag-gfk-lehrmittel","16":"product_tag-gfk-lernmaterial","17":"product_tag-gfk-uebersicht","18":"product_tag-gruppen-und-teams","19":"product_tag-hilfsmittel-fuer-beduerfnisfindung","20":"product_tag-konfliktmanagement","21":"product_tag-mediation","22":"product_tag-nlp-und-coaching","23":"product_tag-therapie","24":"product_tag-uebersicht","25":"product_tag-wandposter-dina2","27":"first","28":"instock","29":"shipping-taxable","30":"purchasable","31":"product-type-simple"},"yoast_head":"<!-- This site is optimized with the Yoast SEO plugin v27.4 - https:\/\/yoast.com\/product\/yoast-seo-wordpress\/ -->\n<title>GFK-Navigator-Poster f\u00fcr Bed\u00fcrfnisse XXL, A2 Wandposter - Conex-Shop<\/title>\n<meta name=\"robots\" content=\"index, follow, max-snippet:-1, max-image-preview:large, max-video-preview:-1\" \/>\n<link rel=\"canonical\" href=\"https:\/\/conexbooks.de\/a\/shop\/produkt\/gfk-navigator-poster-fuer-beduerfnisse-xxl-a2-wandposter\/\" \/>\n<meta property=\"og:locale\" content=\"de_DE\" \/>\n<meta property=\"og:type\" content=\"article\" \/>\n<meta property=\"og:title\" content=\"GFK-Navigator-Poster f\u00fcr Bed\u00fcrfnisse XXL, A2 Wandposter - Conex-Shop\" \/>\n<meta property=\"og:description\" content=\"Bed\u00fcrfnisse finden und benennen \u2013 sich verstehen, verstanden werden, Empathie geben DIN A2 Format,\u00a0hochglanz, UV-Lack  Preis inclusive Zusatzporto.\" \/>\n<meta property=\"og:url\" content=\"https:\/\/conexbooks.de\/a\/shop\/produkt\/gfk-navigator-poster-fuer-beduerfnisse-xxl-a2-wandposter\/\" \/>\n<meta property=\"og:site_name\" content=\"Conex-Shop\" \/>\n<meta property=\"article:modified_time\" content=\"2026-04-14T10:28:18+00:00\" \/>\n<meta property=\"og:image\" content=\"https:\/\/conexbooks.de\/a\/shop\/wp-content\/uploads\/2025\/01\/674.png\" \/>\n\t<meta property=\"og:image:width\" content=\"287\" \/>\n\t<meta property=\"og:image:height\" content=\"400\" \/>\n\t<meta property=\"og:image:type\" content=\"image\/png\" \/>\n<meta name=\"twitter:card\" content=\"summary_large_image\" \/>\n<meta name=\"twitter:label1\" content=\"Gesch\u00e4tzte Lesezeit\" \/>\n\t<meta name=\"twitter:data1\" content=\"2\u00a0Minuten\" \/>\n<script type=\"application\/ld+json\" class=\"yoast-schema-graph\">{\"@context\":\"https:\\\/\\\/schema.org\",\"@graph\":[{\"@type\":\"WebPage\",\"@id\":\"https:\\\/\\\/conexbooks.de\\\/a\\\/shop\\\/produkt\\\/gfk-navigator-poster-fuer-beduerfnisse-xxl-a2-wandposter\\\/\",\"url\":\"https:\\\/\\\/conexbooks.de\\\/a\\\/shop\\\/produkt\\\/gfk-navigator-poster-fuer-beduerfnisse-xxl-a2-wandposter\\\/\",\"name\":\"GFK-Navigator-Poster f\u00fcr Bed\u00fcrfnisse XXL, A2 Wandposter - Conex-Shop\",\"isPartOf\":{\"@id\":\"https:\\\/\\\/conexbooks.de\\\/a\\\/shop\\\/#website\"},\"primaryImageOfPage\":{\"@id\":\"https:\\\/\\\/conexbooks.de\\\/a\\\/shop\\\/produkt\\\/gfk-navigator-poster-fuer-beduerfnisse-xxl-a2-wandposter\\\/#primaryimage\"},\"image\":{\"@id\":\"https:\\\/\\\/conexbooks.de\\\/a\\\/shop\\\/produkt\\\/gfk-navigator-poster-fuer-beduerfnisse-xxl-a2-wandposter\\\/#primaryimage\"},\"thumbnailUrl\":\"https:\\\/\\\/conexbooks.de\\\/a\\\/shop\\\/wp-content\\\/uploads\\\/2025\\\/01\\\/674.png\",\"datePublished\":\"2026-04-14T09:41:43+00:00\",\"dateModified\":\"2026-04-14T10:28:18+00:00\",\"breadcrumb\":{\"@id\":\"https:\\\/\\\/conexbooks.de\\\/a\\\/shop\\\/produkt\\\/gfk-navigator-poster-fuer-beduerfnisse-xxl-a2-wandposter\\\/#breadcrumb\"},\"inLanguage\":\"de\",\"potentialAction\":[{\"@type\":\"ReadAction\",\"target\":[\"https:\\\/\\\/conexbooks.de\\\/a\\\/shop\\\/produkt\\\/gfk-navigator-poster-fuer-beduerfnisse-xxl-a2-wandposter\\\/\"]}]},{\"@type\":\"ImageObject\",\"inLanguage\":\"de\",\"@id\":\"https:\\\/\\\/conexbooks.de\\\/a\\\/shop\\\/produkt\\\/gfk-navigator-poster-fuer-beduerfnisse-xxl-a2-wandposter\\\/#primaryimage\",\"url\":\"https:\\\/\\\/conexbooks.de\\\/a\\\/shop\\\/wp-content\\\/uploads\\\/2025\\\/01\\\/674.png\",\"contentUrl\":\"https:\\\/\\\/conexbooks.de\\\/a\\\/shop\\\/wp-content\\\/uploads\\\/2025\\\/01\\\/674.png\",\"width\":287,\"height\":400},{\"@type\":\"BreadcrumbList\",\"@id\":\"https:\\\/\\\/conexbooks.de\\\/a\\\/shop\\\/produkt\\\/gfk-navigator-poster-fuer-beduerfnisse-xxl-a2-wandposter\\\/#breadcrumb\",\"itemListElement\":[{\"@type\":\"ListItem\",\"position\":1,\"name\":\"Home\",\"item\":\"https:\\\/\\\/conexbooks.de\\\/a\\\/shop\\\/\"},{\"@type\":\"ListItem\",\"position\":2,\"name\":\"Shop\",\"item\":\"https:\\\/\\\/conexbooks.de\\\/a\\\/shop\\\/shop\\\/\"},{\"@type\":\"ListItem\",\"position\":3,\"name\":\"GFK-Navigator-Poster f\u00fcr Bed\u00fcrfnisse XXL, A2 Wandposter\"}]},{\"@type\":\"WebSite\",\"@id\":\"https:\\\/\\\/conexbooks.de\\\/a\\\/shop\\\/#website\",\"url\":\"https:\\\/\\\/conexbooks.de\\\/a\\\/shop\\\/\",\"name\":\"Conex-Shop\",\"description\":\"Alles f\u00fcr die gewaltfreie Kommunikation: B\u00fccher, Spiele. Handpuppen Seminarmaterial und Geschenke\",\"publisher\":{\"@id\":\"https:\\\/\\\/conexbooks.de\\\/a\\\/shop\\\/#organization\"},\"potentialAction\":[{\"@type\":\"SearchAction\",\"target\":{\"@type\":\"EntryPoint\",\"urlTemplate\":\"https:\\\/\\\/conexbooks.de\\\/a\\\/shop\\\/?s={search_term_string}\"},\"query-input\":{\"@type\":\"PropertyValueSpecification\",\"valueRequired\":true,\"valueName\":\"search_term_string\"}}],\"inLanguage\":\"de\"},{\"@type\":\"Organization\",\"@id\":\"https:\\\/\\\/conexbooks.de\\\/a\\\/shop\\\/#organization\",\"name\":\"Conex - books and more\",\"url\":\"https:\\\/\\\/conexbooks.de\\\/a\\\/shop\\\/\",\"logo\":{\"@type\":\"ImageObject\",\"inLanguage\":\"de\",\"@id\":\"https:\\\/\\\/conexbooks.de\\\/a\\\/shop\\\/#\\\/schema\\\/logo\\\/image\\\/\",\"url\":\"https:\\\/\\\/conexbooks.de\\\/a\\\/shop\\\/wp-content\\\/uploads\\\/2017\\\/12\\\/co-logo.png\",\"contentUrl\":\"https:\\\/\\\/conexbooks.de\\\/a\\\/shop\\\/wp-content\\\/uploads\\\/2017\\\/12\\\/co-logo.png\",\"width\":243,\"height\":122,\"caption\":\"Conex - books and more\"},\"image\":{\"@id\":\"https:\\\/\\\/conexbooks.de\\\/a\\\/shop\\\/#\\\/schema\\\/logo\\\/image\\\/\"}}]}<\/script>\n<!-- \/ Yoast SEO plugin. -->","yoast_head_json":{"title":"GFK-Navigator-Poster f\u00fcr Bed\u00fcrfnisse XXL, A2 Wandposter - Conex-Shop","robots":{"index":"index","follow":"follow","max-snippet":"max-snippet:-1","max-image-preview":"max-image-preview:large","max-video-preview":"max-video-preview:-1"},"canonical":"https:\/\/conexbooks.de\/a\/shop\/produkt\/gfk-navigator-poster-fuer-beduerfnisse-xxl-a2-wandposter\/","og_locale":"de_DE","og_type":"article","og_title":"GFK-Navigator-Poster f\u00fcr Bed\u00fcrfnisse XXL, A2 Wandposter - Conex-Shop","og_description":"Bed\u00fcrfnisse finden und benennen \u2013 sich verstehen, verstanden werden, Empathie geben DIN A2 Format,\u00a0hochglanz, UV-Lack  Preis inclusive Zusatzporto.","og_url":"https:\/\/conexbooks.de\/a\/shop\/produkt\/gfk-navigator-poster-fuer-beduerfnisse-xxl-a2-wandposter\/","og_site_name":"Conex-Shop","article_modified_time":"2026-04-14T10:28:18+00:00","og_image":[{"width":287,"height":400,"url":"https:\/\/conexbooks.de\/a\/shop\/wp-content\/uploads\/2025\/01\/674.png","type":"image\/png"}],"twitter_card":"summary_large_image","twitter_misc":{"Gesch\u00e4tzte Lesezeit":"2\u00a0Minuten"},"schema":{"@context":"https:\/\/schema.org","@graph":[{"@type":"WebPage","@id":"https:\/\/conexbooks.de\/a\/shop\/produkt\/gfk-navigator-poster-fuer-beduerfnisse-xxl-a2-wandposter\/","url":"https:\/\/conexbooks.de\/a\/shop\/produkt\/gfk-navigator-poster-fuer-beduerfnisse-xxl-a2-wandposter\/","name":"GFK-Navigator-Poster f\u00fcr Bed\u00fcrfnisse XXL, A2 Wandposter - Conex-Shop","isPartOf":{"@id":"https:\/\/conexbooks.de\/a\/shop\/#website"},"primaryImageOfPage":{"@id":"https:\/\/conexbooks.de\/a\/shop\/produkt\/gfk-navigator-poster-fuer-beduerfnisse-xxl-a2-wandposter\/#primaryimage"},"image":{"@id":"https:\/\/conexbooks.de\/a\/shop\/produkt\/gfk-navigator-poster-fuer-beduerfnisse-xxl-a2-wandposter\/#primaryimage"},"thumbnailUrl":"https:\/\/conexbooks.de\/a\/shop\/wp-content\/uploads\/2025\/01\/674.png","datePublished":"2026-04-14T09:41:43+00:00","dateModified":"2026-04-14T10:28:18+00:00","breadcrumb":{"@id":"https:\/\/conexbooks.de\/a\/shop\/produkt\/gfk-navigator-poster-fuer-beduerfnisse-xxl-a2-wandposter\/#breadcrumb"},"inLanguage":"de","potentialAction":[{"@type":"ReadAction","target":["https:\/\/conexbooks.de\/a\/shop\/produkt\/gfk-navigator-poster-fuer-beduerfnisse-xxl-a2-wandposter\/"]}]},{"@type":"ImageObject","inLanguage":"de","@id":"https:\/\/conexbooks.de\/a\/shop\/produkt\/gfk-navigator-poster-fuer-beduerfnisse-xxl-a2-wandposter\/#primaryimage","url":"https:\/\/conexbooks.de\/a\/shop\/wp-content\/uploads\/2025\/01\/674.png","contentUrl":"https:\/\/conexbooks.de\/a\/shop\/wp-content\/uploads\/2025\/01\/674.png","width":287,"height":400},{"@type":"BreadcrumbList","@id":"https:\/\/conexbooks.de\/a\/shop\/produkt\/gfk-navigator-poster-fuer-beduerfnisse-xxl-a2-wandposter\/#breadcrumb","itemListElement":[{"@type":"ListItem","position":1,"name":"Home","item":"https:\/\/conexbooks.de\/a\/shop\/"},{"@type":"ListItem","position":2,"name":"Shop","item":"https:\/\/conexbooks.de\/a\/shop\/shop\/"},{"@type":"ListItem","position":3,"name":"GFK-Navigator-Poster f\u00fcr Bed\u00fcrfnisse XXL, A2 Wandposter"}]},{"@type":"WebSite","@id":"https:\/\/conexbooks.de\/a\/shop\/#website","url":"https:\/\/conexbooks.de\/a\/shop\/","name":"Conex-Shop","description":"Alles f\u00fcr die gewaltfreie Kommunikation: B\u00fccher, Spiele. Handpuppen Seminarmaterial und Geschenke","publisher":{"@id":"https:\/\/conexbooks.de\/a\/shop\/#organization"},"potentialAction":[{"@type":"SearchAction","target":{"@type":"EntryPoint","urlTemplate":"https:\/\/conexbooks.de\/a\/shop\/?s={search_term_string}"},"query-input":{"@type":"PropertyValueSpecification","valueRequired":true,"valueName":"search_term_string"}}],"inLanguage":"de"},{"@type":"Organization","@id":"https:\/\/conexbooks.de\/a\/shop\/#organization","name":"Conex - books and more","url":"https:\/\/conexbooks.de\/a\/shop\/","logo":{"@type":"ImageObject","inLanguage":"de","@id":"https:\/\/conexbooks.de\/a\/shop\/#\/schema\/logo\/image\/","url":"https:\/\/conexbooks.de\/a\/shop\/wp-content\/uploads\/2017\/12\/co-logo.png","contentUrl":"https:\/\/conexbooks.de\/a\/shop\/wp-content\/uploads\/2017\/12\/co-logo.png","width":243,"height":122,"caption":"Conex - books and more"},"image":{"@id":"https:\/\/conexbooks.de\/a\/shop\/#\/schema\/logo\/image\/"}}]}},"_links":{"self":[{"href":"https:\/\/conexbooks.de\/a\/shop\/wp-json\/wp\/v2\/product\/21353","targetHints":{"allow":["GET"]}}],"collection":[{"href":"https:\/\/conexbooks.de\/a\/shop\/wp-json\/wp\/v2\/product"}],"about":[{"href":"https:\/\/conexbooks.de\/a\/shop\/wp-json\/wp\/v2\/types\/product"}],"wp:featuredmedia":[{"embeddable":true,"href":"https:\/\/conexbooks.de\/a\/shop\/wp-json\/wp\/v2\/media\/20812"}],"wp:attachment":[{"href":"https:\/\/conexbooks.de\/a\/shop\/wp-json\/wp\/v2\/media?parent=21353"}],"wp:term":[{"taxonomy":"product_brand","embeddable":true,"href":"https:\/\/conexbooks.de\/a\/shop\/wp-json\/wp\/v2\/product_brand?post=21353"},{"taxonomy":"product_cat","embeddable":true,"href":"https:\/\/conexbooks.de\/a\/shop\/wp-json\/wp\/v2\/product_cat?post=21353"},{"taxonomy":"product_tag","embeddable":true,"href":"https:\/\/conexbooks.de\/a\/shop\/wp-json\/wp\/v2\/product_tag?post=21353"}],"curies":[{"name":"wp","href":"https:\/\/api.w.org\/{rel}","templated":true}]}}