{"id":21354,"date":"2026-04-14T12:28:41","date_gmt":"2026-04-14T10:28:41","guid":{"rendered":"https:\/\/conexbooks.de\/a\/shop\/?post_type=product&#038;p=21354"},"modified":"2026-04-14T12:39:56","modified_gmt":"2026-04-14T10:39:56","slug":"gfk-navigator-poster-xxl-a2-wandposter","status":"publish","type":"product","link":"https:\/\/conexbooks.de\/a\/shop\/produkt\/gfk-navigator-poster-xxl-a2-wandposter\/","title":{"rendered":"GFK-Navigator-Poster XXL, A2 Wandposter"},"content":{"rendered":"<h3>Durch Empathie Beziehungen sch\u00fctzen und vertiefen \u2013 Konflikte kompetent l\u00f6sen<\/h3>\n<p>Diese XXL Version des GFK-Navigators im DIN A2 Format ist aufgrund ihrer guten Lesbarkeit besonders geeignet f\u00fcr Gruppen als Lehrmaterial und f\u00fcr Menschen mit Sehschw\u00e4che. Wie oft erleben wir im Alltag, wie wir uns durch wenige gesprochene bzw. geh\u00f6rte Worte pl\u00f6tzlich unwohl f\u00fchlen oder aber unser Gegen\u00fcber nicht zu verstehen scheint, wie wichtig uns etwas ist? Missverst\u00e4ndnisse schw\u00e4chen unsere Beziehungen zu Kollegen, Freunden, Familie und Partner. Wir bitten jemanden und er versteht es als Forderung. Ein anderes Mal h\u00f6ren wir einem Freund bei seinen Leidensgeschichten zu und wissen nicht wie wir reagieren sollen, um ihm zu helfen.<\/p>\n<p>Der GFK-Navigator XXL bietet dir eine umfassende \u00dcbersicht sowie viele kleine Schritt-f\u00fcr-Schritt\u2013Anleitungen, um bei deiner Kommunikation Missverst\u00e4ndnisse zu vermeiden und in verst\u00e4ndnisvoller, einf\u00fchlender Verbindung zu bleiben. Empathie ist der Schl\u00fcssel wie Du Deine eigenen Bed\u00fcrfnisse besser wahrnehmen und dich in die Bed\u00fcrfnisse anderer einf\u00fchlen kannst. Der GFK-Navigator XXL will dir ein Kompass und eine Karte sein, um diese innere Haltung des \u201emitf\u00fchlenden Bed\u00fcrfnisforschers\u201c in dir zu wecken. Mit dieser Haltung und den Prinzipien, die dir der GFK-Navigator XXL vermittelt, wirst auch du in der Lage sein, bereits entstandene innere wie auch \u00e4u\u00dfere Konflikte (sprich Konflikte in deinem Inneren sowie mit anderen Menschen) kompetent aufzul\u00f6sen. Er wurde mit dem Anspruch entwickelt, dass er f\u00fcr dich vor allem alltagstauglich ist und jedes vorgestellte Prinzip mit umgangssprachlichen Beispielen verdeutlicht wird. Hierf\u00fcr wurden sinnvolle Illustrationen und Infografiken verwendet. Du ben\u00f6tigst praktisch keine Vorkenntnisse, um die Inhalte zu verstehen, die aus unserer Sicht die wichtigsten Themen der GFK behandelt. Die F\u00fclle der Inhalte sind kompakt und gleichzeitig \u00fcbersichtlich sowie optisch ansprechend gestaltet. Auch GFK-erfahrene Menschen finden Inspiration und Gedankenst\u00fctzen, die sie an wichtige Prinzipien und Elemente der GFK erinnern.<\/p>\n<p>Der GFK-Navigator zeigt dir auf nur einer Seite (DIN A2):<\/p>\n<p>\u2013 Die vier Schritte der GFK mit Beispielen f\u00fcr Selbsteinf\u00fchlung, Selbstausdruck und Fremdeinf\u00fchlung<br \/>\n\u2013 Die h\u00e4ufigsten Bed\u00fcrfnisse im Alltag<br \/>\n\u2013 Welche Gef\u00fchle bei nicht erf\u00fcllten Bed\u00fcrfnissen entstehen<br \/>\n\u2013 Welche Gef\u00fchle bei erf\u00fcllten Bed\u00fcrfnissen auftauchen<br \/>\n\u2013 Wie du sogenannte \u201eunechte Gef\u00fchle\u201c (z.B. \u201eIch f\u00fchle mich nicht gesehen\u201c) erkennst und wie du diese in unerf\u00fcllte Bed\u00fcrfnisse \u00fcbersetzt<br \/>\n\u2013 Wie du auf Beschwerden, Jammern, Sorgen eines Anderen mit Erste-Hilfe-Empathie reagieren kannst, so dass dein Gegen\u00fcber sich verstanden f\u00fchlt und wieder in Kontakt mit seinen Bed\u00fcrfnissen kommt<br \/>\n\u2013 Wie du erfolgversprechend bitten kannst \u2013 Welche Arten von Bitten es gibt<br \/>\n\u2013 Wie du eine Bitte von einer Forderung unterscheidest und aus einer Forderung eine Bitte machst<br \/>\n\u2013 Was die Unterschiede zwischen Wunsch und Bitte sind<br \/>\n\u2013 Wie du in emotionaler Not mit dem sogenannten. \u201eGiraffenschrei\u201c gewaltfrei kommunizieren kannst<br \/>\n\u2013 Die vier Arten mit unangenehmen Ereignissen oder Aussagen umzugehen<br \/>\n\u2013 Wie und warum du statt die Worte \u201em\u00fcssen\u201d und \u201esollen\u201c besser das Wort \u201ewollen\u201c verwendest<br \/>\n\u2013 Wie du statt zu loben, echte Wertsch\u00e4tzung geben kannst \u2013<br \/>\n\u2013 Wie du anstatt dich zu entschuldigen besser dein Bedauern zum Ausdruck bringst<br \/>\n\u2013 Wie du ein \u201eNein\u201c so h\u00f6ren und sagen kannst, dass der Kontakt mit dem anderen erhalten bleibt<br \/>\n\u2013 Welche Reaktionsweisen selten wirklich emphatisch wahrgenommen werden (wie z.B. \u201e Ratschl\u00e4ge, Tr\u00f6sten, Analysieren, Belehren etc.)<br \/>\n\u2013 Wie du gewohnheitsm\u00e4\u00dfige S\u00e4tze wie z.B. \u201eIch kann nicht!\u201c oder \u201eDas ist schlau\u201c oder \u201eDas macht mich w\u00fctend\u201c in gewaltfreie Aussagen \u00fcbersetzt<br \/>\n\u2013 Verschiedene sprachliche M\u00f6glichkeiten deine Bed\u00fcrfnisse auszudr\u00fccken<br \/>\n\u2013 Was der Unterschied zwischen Bed\u00fcrfnis und Strategie ist und<br \/>\n\u2013 Wie du \u201einnere Konflikte\u201c l\u00f6st (wie z.B. wenn jemand etwas nicht tut, was du gerne h\u00e4ttest)<br \/>\n\u2013 Wie du \u201e\u00e4u\u00dfere Konflikte\u201c l\u00f6st (wie z.B. wenn du dich mit jemanden auf etwas einigen willst, der etwas anderes will als du)<\/p>\n<p>Der GfK-Navigator ist auch im A5, A4 und A3 Format als laminierte Karte erh\u00e4ltlich.<\/p>\n<p>&nbsp;<\/p>\n<div id='1' class='widgets_on_page wop_tiny1  wop_small1  wop_medium1  wop_large1  wop_wide1'>\n\t\t\t<ul><li id=\"custom_html-4\" class=\"widget_text widget widget_custom_html\"><div class=\"textwidget custom-html-widget\"><div style=\"text-align:left;\">\r\n<button class = \"button\" style=\"height: 30px; font-size: 0.8em;\" name=\"zuruck\" type=\"button\" onclick=\"history.back()\">Zur\u00fcck zur \u00dcbersicht<\/button><\/div><\/div><\/li><\/ul><\/div><!-- widgets_on_page -->\n","protected":false},"excerpt":{"rendered":"<h3>Durch Empathie Beziehungen sch\u00fctzen und vertiefen \u2013 Konflikte kompetent l\u00f6sen<\/h3>\n<p>DIN A2 Format, hochglanz, UV-Lack, einseitig<\/p>\n<p>Preis inclusive Zusatzporto.<\/p>\n","protected":false},"featured_media":20814,"template":"","meta":[],"product_brand":[],"product_cat":[481,39,51,47],"product_tag":[328,591,593,595,417,432,656,598,61,590,369,372,604],"class_list":{"0":"post-21354","1":"product","2":"type-product","3":"status-publish","4":"has-post-thumbnail","6":"product_cat-gefuehle-und-beduerfniskarten","7":"product_cat-persoenliche-entwicklung","8":"product_cat-seminarmaterial","9":"product_cat-sonstiges","10":"product_tag-fuehrungskraefte","11":"product_tag-gfk-kompass","12":"product_tag-gfk-lehrmittel","13":"product_tag-gfk-lernmaterial","14":"product_tag-gfk-uebersicht","15":"product_tag-gruppen-und-teams","16":"product_tag-hilfs","17":"product_tag-konfliktmanagement","18":"product_tag-mediation","19":"product_tag-nlp-und-coaching","20":"product_tag-therapie","21":"product_tag-uebersicht","22":"product_tag-wandposter-dina2","24":"first","25":"instock","26":"shipping-taxable","27":"purchasable","28":"product-type-simple"},"yoast_head":"<!-- This site is optimized with the Yoast SEO plugin v27.4 - https:\/\/yoast.com\/product\/yoast-seo-wordpress\/ -->\n<title>GFK-Navigator-Poster XXL, A2 Wandposter - Conex-Shop<\/title>\n<meta name=\"robots\" content=\"index, follow, max-snippet:-1, max-image-preview:large, max-video-preview:-1\" \/>\n<link rel=\"canonical\" href=\"https:\/\/conexbooks.de\/a\/shop\/produkt\/gfk-navigator-poster-xxl-a2-wandposter\/\" \/>\n<meta property=\"og:locale\" content=\"de_DE\" \/>\n<meta property=\"og:type\" content=\"article\" \/>\n<meta property=\"og:title\" content=\"GFK-Navigator-Poster XXL, A2 Wandposter - Conex-Shop\" \/>\n<meta property=\"og:description\" content=\"Durch Empathie Beziehungen sch\u00fctzen und vertiefen \u2013 Konflikte kompetent l\u00f6sen DIN A2 Format, hochglanz, UV-Lack, einseitig  Preis inclusive Zusatzporto.\" \/>\n<meta property=\"og:url\" content=\"https:\/\/conexbooks.de\/a\/shop\/produkt\/gfk-navigator-poster-xxl-a2-wandposter\/\" \/>\n<meta property=\"og:site_name\" content=\"Conex-Shop\" \/>\n<meta property=\"article:modified_time\" content=\"2026-04-14T10:39:56+00:00\" \/>\n<meta property=\"og:image\" content=\"https:\/\/conexbooks.de\/a\/shop\/wp-content\/uploads\/2025\/01\/676.png\" \/>\n\t<meta property=\"og:image:width\" content=\"566\" \/>\n\t<meta property=\"og:image:height\" content=\"400\" \/>\n\t<meta property=\"og:image:type\" content=\"image\/png\" \/>\n<meta name=\"twitter:card\" content=\"summary_large_image\" \/>\n<meta name=\"twitter:label1\" content=\"Gesch\u00e4tzte Lesezeit\" \/>\n\t<meta name=\"twitter:data1\" content=\"4\u00a0Minuten\" \/>\n<script type=\"application\/ld+json\" class=\"yoast-schema-graph\">{\"@context\":\"https:\\\/\\\/schema.org\",\"@graph\":[{\"@type\":\"WebPage\",\"@id\":\"https:\\\/\\\/conexbooks.de\\\/a\\\/shop\\\/produkt\\\/gfk-navigator-poster-xxl-a2-wandposter\\\/\",\"url\":\"https:\\\/\\\/conexbooks.de\\\/a\\\/shop\\\/produkt\\\/gfk-navigator-poster-xxl-a2-wandposter\\\/\",\"name\":\"GFK-Navigator-Poster XXL, A2 Wandposter - Conex-Shop\",\"isPartOf\":{\"@id\":\"https:\\\/\\\/conexbooks.de\\\/a\\\/shop\\\/#website\"},\"primaryImageOfPage\":{\"@id\":\"https:\\\/\\\/conexbooks.de\\\/a\\\/shop\\\/produkt\\\/gfk-navigator-poster-xxl-a2-wandposter\\\/#primaryimage\"},\"image\":{\"@id\":\"https:\\\/\\\/conexbooks.de\\\/a\\\/shop\\\/produkt\\\/gfk-navigator-poster-xxl-a2-wandposter\\\/#primaryimage\"},\"thumbnailUrl\":\"https:\\\/\\\/conexbooks.de\\\/a\\\/shop\\\/wp-content\\\/uploads\\\/2025\\\/01\\\/676.png\",\"datePublished\":\"2026-04-14T10:28:41+00:00\",\"dateModified\":\"2026-04-14T10:39:56+00:00\",\"breadcrumb\":{\"@id\":\"https:\\\/\\\/conexbooks.de\\\/a\\\/shop\\\/produkt\\\/gfk-navigator-poster-xxl-a2-wandposter\\\/#breadcrumb\"},\"inLanguage\":\"de\",\"potentialAction\":[{\"@type\":\"ReadAction\",\"target\":[\"https:\\\/\\\/conexbooks.de\\\/a\\\/shop\\\/produkt\\\/gfk-navigator-poster-xxl-a2-wandposter\\\/\"]}]},{\"@type\":\"ImageObject\",\"inLanguage\":\"de\",\"@id\":\"https:\\\/\\\/conexbooks.de\\\/a\\\/shop\\\/produkt\\\/gfk-navigator-poster-xxl-a2-wandposter\\\/#primaryimage\",\"url\":\"https:\\\/\\\/conexbooks.de\\\/a\\\/shop\\\/wp-content\\\/uploads\\\/2025\\\/01\\\/676.png\",\"contentUrl\":\"https:\\\/\\\/conexbooks.de\\\/a\\\/shop\\\/wp-content\\\/uploads\\\/2025\\\/01\\\/676.png\",\"width\":566,\"height\":400},{\"@type\":\"BreadcrumbList\",\"@id\":\"https:\\\/\\\/conexbooks.de\\\/a\\\/shop\\\/produkt\\\/gfk-navigator-poster-xxl-a2-wandposter\\\/#breadcrumb\",\"itemListElement\":[{\"@type\":\"ListItem\",\"position\":1,\"name\":\"Home\",\"item\":\"https:\\\/\\\/conexbooks.de\\\/a\\\/shop\\\/\"},{\"@type\":\"ListItem\",\"position\":2,\"name\":\"Shop\",\"item\":\"https:\\\/\\\/conexbooks.de\\\/a\\\/shop\\\/shop\\\/\"},{\"@type\":\"ListItem\",\"position\":3,\"name\":\"GFK-Navigator-Poster XXL, A2 Wandposter\"}]},{\"@type\":\"WebSite\",\"@id\":\"https:\\\/\\\/conexbooks.de\\\/a\\\/shop\\\/#website\",\"url\":\"https:\\\/\\\/conexbooks.de\\\/a\\\/shop\\\/\",\"name\":\"Conex-Shop\",\"description\":\"Alles f\u00fcr die gewaltfreie Kommunikation: B\u00fccher, Spiele. Handpuppen Seminarmaterial und Geschenke\",\"publisher\":{\"@id\":\"https:\\\/\\\/conexbooks.de\\\/a\\\/shop\\\/#organization\"},\"potentialAction\":[{\"@type\":\"SearchAction\",\"target\":{\"@type\":\"EntryPoint\",\"urlTemplate\":\"https:\\\/\\\/conexbooks.de\\\/a\\\/shop\\\/?s={search_term_string}\"},\"query-input\":{\"@type\":\"PropertyValueSpecification\",\"valueRequired\":true,\"valueName\":\"search_term_string\"}}],\"inLanguage\":\"de\"},{\"@type\":\"Organization\",\"@id\":\"https:\\\/\\\/conexbooks.de\\\/a\\\/shop\\\/#organization\",\"name\":\"Conex - books and more\",\"url\":\"https:\\\/\\\/conexbooks.de\\\/a\\\/shop\\\/\",\"logo\":{\"@type\":\"ImageObject\",\"inLanguage\":\"de\",\"@id\":\"https:\\\/\\\/conexbooks.de\\\/a\\\/shop\\\/#\\\/schema\\\/logo\\\/image\\\/\",\"url\":\"https:\\\/\\\/conexbooks.de\\\/a\\\/shop\\\/wp-content\\\/uploads\\\/2017\\\/12\\\/co-logo.png\",\"contentUrl\":\"https:\\\/\\\/conexbooks.de\\\/a\\\/shop\\\/wp-content\\\/uploads\\\/2017\\\/12\\\/co-logo.png\",\"width\":243,\"height\":122,\"caption\":\"Conex - books and more\"},\"image\":{\"@id\":\"https:\\\/\\\/conexbooks.de\\\/a\\\/shop\\\/#\\\/schema\\\/logo\\\/image\\\/\"}}]}<\/script>\n<!-- \/ Yoast SEO plugin. -->","yoast_head_json":{"title":"GFK-Navigator-Poster XXL, A2 Wandposter - Conex-Shop","robots":{"index":"index","follow":"follow","max-snippet":"max-snippet:-1","max-image-preview":"max-image-preview:large","max-video-preview":"max-video-preview:-1"},"canonical":"https:\/\/conexbooks.de\/a\/shop\/produkt\/gfk-navigator-poster-xxl-a2-wandposter\/","og_locale":"de_DE","og_type":"article","og_title":"GFK-Navigator-Poster XXL, A2 Wandposter - Conex-Shop","og_description":"Durch Empathie Beziehungen sch\u00fctzen und vertiefen \u2013 Konflikte kompetent l\u00f6sen DIN A2 Format, hochglanz, UV-Lack, einseitig  Preis inclusive Zusatzporto.","og_url":"https:\/\/conexbooks.de\/a\/shop\/produkt\/gfk-navigator-poster-xxl-a2-wandposter\/","og_site_name":"Conex-Shop","article_modified_time":"2026-04-14T10:39:56+00:00","og_image":[{"width":566,"height":400,"url":"https:\/\/conexbooks.de\/a\/shop\/wp-content\/uploads\/2025\/01\/676.png","type":"image\/png"}],"twitter_card":"summary_large_image","twitter_misc":{"Gesch\u00e4tzte Lesezeit":"4\u00a0Minuten"},"schema":{"@context":"https:\/\/schema.org","@graph":[{"@type":"WebPage","@id":"https:\/\/conexbooks.de\/a\/shop\/produkt\/gfk-navigator-poster-xxl-a2-wandposter\/","url":"https:\/\/conexbooks.de\/a\/shop\/produkt\/gfk-navigator-poster-xxl-a2-wandposter\/","name":"GFK-Navigator-Poster XXL, A2 Wandposter - Conex-Shop","isPartOf":{"@id":"https:\/\/conexbooks.de\/a\/shop\/#website"},"primaryImageOfPage":{"@id":"https:\/\/conexbooks.de\/a\/shop\/produkt\/gfk-navigator-poster-xxl-a2-wandposter\/#primaryimage"},"image":{"@id":"https:\/\/conexbooks.de\/a\/shop\/produkt\/gfk-navigator-poster-xxl-a2-wandposter\/#primaryimage"},"thumbnailUrl":"https:\/\/conexbooks.de\/a\/shop\/wp-content\/uploads\/2025\/01\/676.png","datePublished":"2026-04-14T10:28:41+00:00","dateModified":"2026-04-14T10:39:56+00:00","breadcrumb":{"@id":"https:\/\/conexbooks.de\/a\/shop\/produkt\/gfk-navigator-poster-xxl-a2-wandposter\/#breadcrumb"},"inLanguage":"de","potentialAction":[{"@type":"ReadAction","target":["https:\/\/conexbooks.de\/a\/shop\/produkt\/gfk-navigator-poster-xxl-a2-wandposter\/"]}]},{"@type":"ImageObject","inLanguage":"de","@id":"https:\/\/conexbooks.de\/a\/shop\/produkt\/gfk-navigator-poster-xxl-a2-wandposter\/#primaryimage","url":"https:\/\/conexbooks.de\/a\/shop\/wp-content\/uploads\/2025\/01\/676.png","contentUrl":"https:\/\/conexbooks.de\/a\/shop\/wp-content\/uploads\/2025\/01\/676.png","width":566,"height":400},{"@type":"BreadcrumbList","@id":"https:\/\/conexbooks.de\/a\/shop\/produkt\/gfk-navigator-poster-xxl-a2-wandposter\/#breadcrumb","itemListElement":[{"@type":"ListItem","position":1,"name":"Home","item":"https:\/\/conexbooks.de\/a\/shop\/"},{"@type":"ListItem","position":2,"name":"Shop","item":"https:\/\/conexbooks.de\/a\/shop\/shop\/"},{"@type":"ListItem","position":3,"name":"GFK-Navigator-Poster XXL, A2 Wandposter"}]},{"@type":"WebSite","@id":"https:\/\/conexbooks.de\/a\/shop\/#website","url":"https:\/\/conexbooks.de\/a\/shop\/","name":"Conex-Shop","description":"Alles f\u00fcr die gewaltfreie Kommunikation: B\u00fccher, Spiele. Handpuppen Seminarmaterial und Geschenke","publisher":{"@id":"https:\/\/conexbooks.de\/a\/shop\/#organization"},"potentialAction":[{"@type":"SearchAction","target":{"@type":"EntryPoint","urlTemplate":"https:\/\/conexbooks.de\/a\/shop\/?s={search_term_string}"},"query-input":{"@type":"PropertyValueSpecification","valueRequired":true,"valueName":"search_term_string"}}],"inLanguage":"de"},{"@type":"Organization","@id":"https:\/\/conexbooks.de\/a\/shop\/#organization","name":"Conex - books and more","url":"https:\/\/conexbooks.de\/a\/shop\/","logo":{"@type":"ImageObject","inLanguage":"de","@id":"https:\/\/conexbooks.de\/a\/shop\/#\/schema\/logo\/image\/","url":"https:\/\/conexbooks.de\/a\/shop\/wp-content\/uploads\/2017\/12\/co-logo.png","contentUrl":"https:\/\/conexbooks.de\/a\/shop\/wp-content\/uploads\/2017\/12\/co-logo.png","width":243,"height":122,"caption":"Conex - books and more"},"image":{"@id":"https:\/\/conexbooks.de\/a\/shop\/#\/schema\/logo\/image\/"}}]}},"_links":{"self":[{"href":"https:\/\/conexbooks.de\/a\/shop\/wp-json\/wp\/v2\/product\/21354","targetHints":{"allow":["GET"]}}],"collection":[{"href":"https:\/\/conexbooks.de\/a\/shop\/wp-json\/wp\/v2\/product"}],"about":[{"href":"https:\/\/conexbooks.de\/a\/shop\/wp-json\/wp\/v2\/types\/product"}],"wp:featuredmedia":[{"embeddable":true,"href":"https:\/\/conexbooks.de\/a\/shop\/wp-json\/wp\/v2\/media\/20814"}],"wp:attachment":[{"href":"https:\/\/conexbooks.de\/a\/shop\/wp-json\/wp\/v2\/media?parent=21354"}],"wp:term":[{"taxonomy":"product_brand","embeddable":true,"href":"https:\/\/conexbooks.de\/a\/shop\/wp-json\/wp\/v2\/product_brand?post=21354"},{"taxonomy":"product_cat","embeddable":true,"href":"https:\/\/conexbooks.de\/a\/shop\/wp-json\/wp\/v2\/product_cat?post=21354"},{"taxonomy":"product_tag","embeddable":true,"href":"https:\/\/conexbooks.de\/a\/shop\/wp-json\/wp\/v2\/product_tag?post=21354"}],"curies":[{"name":"wp","href":"https:\/\/api.w.org\/{rel}","templated":true}]}}