{"id":34,"date":"2017-11-06T23:38:39","date_gmt":"2017-11-06T22:38:39","guid":{"rendered":"https:\/\/conexbooks.de\/a\/shop\/wp\/?post_type=product&#038;p=34"},"modified":"2026-03-12T23:43:03","modified_gmt":"2026-03-12T22:43:03","slug":"mit-dem-herzen-hoert-man-besser","status":"publish","type":"product","link":"https:\/\/conexbooks.de\/a\/shop\/produkt\/mit-dem-herzen-hoert-man-besser\/","title":{"rendered":"Mit dem Herzen h\u00f6rt man besser"},"content":{"rendered":"<h3>Mit dem Herzen h\u00f6rt man besser<\/h3>\n<h4>Klaus-Dieter Gens<\/h4>\n<h4>Ein neues Grundlagenbuch \u00fcber Gewaltfreie Kommunikation?<\/h4>\n<p>Nicht ganz. Eher eines, das sich mit seiner klaren Struktur, seiner Kompaktheit und seinen leicht nachvollziehbaren Lernschritten als st\u00e4ndiger Lebens- und Krisenbegleiter anbietet. Daf\u00fcr sprechen nicht nur das handliche Format und die liebevolle Bebilderung, sondern vor allem die einfache Sprache und die knappen Formulierungen, mit denen Autor\u00a0Klaus-Dieter Gens die komplexe Welt der Gewaltfreien Kommunikation auf 96 Seiten zusammenfasst.<\/p>\n<p>Das Ziel: eine effektive und zufrieden stellende Kommunikation im Berufs- und Alltagsleben &#8211; und dazu geh\u00f6ren Basiswissen \u00fcber Grundannahmen, Haltung und den eigentlichen Prozess der Gewaltfreien Kommunikation. Schritt f\u00fcr Schritt erl\u00e4utert der Autor den Weg zum Ziel, weist auf klassische Stolpersteine und typische Missverst\u00e4ndnisse hin, erl\u00e4utert Begriffe und l\u00e4dt ein zum Ausprobieren: Hier profitieren die Leser von Klaus-Dieter Gens&#8216; langj\u00e4hriger Erfahrung als GFK-Trainer, der genau wei\u00df, welches Schrittma\u00df er seinen Mitreisenden zutrauen kann.<\/p>\n<p>Anf\u00e4nger, Wiederholer, Neugierige, Pragmatiker, U-Bahn-Leser, Nachschlagefans, Schenkende und Beschenkte: Sie alle werden mit diesem Buch, das tats\u00e4chlich eher in die Tasche als ins Regal geh\u00f6rt, ihre Freude haben. Und nicht nur das: Sie haben die Gelegenheit, sich solides Basiswissen anzueignen, es anzuwenden &#8211; und bei Bedarf immer wieder schnell mal reinzuschauen. Am besten schon lange bevor es \u201ekracht\u201c.<\/p>\n<p>&nbsp;<\/p>\n<div id='1' class='widgets_on_page wop_tiny1  wop_small1  wop_medium1  wop_large1  wop_wide1'>\n\t\t\t<ul><li id=\"custom_html-4\" class=\"widget_text widget widget_custom_html\"><div class=\"textwidget custom-html-widget\"><div style=\"text-align:left;\">\r\n<button class = \"button\" style=\"height: 30px; font-size: 0.8em;\" name=\"zuruck\" type=\"button\" onclick=\"history.back()\">Zur\u00fcck zur \u00dcbersicht<\/button><\/div><\/div><\/li><\/ul><\/div><!-- widgets_on_page -->\n","protected":false},"excerpt":{"rendered":"<h3><span style=\"color: #ff0000;\">Leider vergriffen &#8211; und wird auch nicht mehr aufgelegt.<\/span><\/h3>\n<h3>Klaus-Dieter Gens<\/h3>\n<h3>Einladung zur Gewaltfreien Kommunikation<\/h3>\n<p>Junfermann-Verlag<br \/>\n3. Auflage 02\/2012, 96 Seiten, gebunden, Format: 14 x 14 cm<\/p>\n","protected":false},"featured_media":1320,"template":"","meta":[],"product_brand":[],"product_cat":[35,36,40],"product_tag":[32,33,70,34,74],"class_list":{"0":"post-34","1":"product","2":"type-product","3":"status-publish","4":"has-post-thumbnail","6":"product_cat-besonders","7":"product_cat-deutsche-buecher","8":"product_cat-grundlagen","9":"product_tag-einfuehrung","10":"product_tag-gens","11":"product_tag-gfk-praxistauglich","12":"product_tag-herz","13":"product_tag-unterwegs","15":"first","16":"instock","17":"shipping-taxable","18":"purchasable","19":"product-type-simple"},"yoast_head":"<!-- This site is optimized with the Yoast SEO plugin v27.4 - https:\/\/yoast.com\/product\/yoast-seo-wordpress\/ -->\n<title>Mit dem Herzen h\u00f6rt man besser - Conex-Shop<\/title>\n<meta name=\"robots\" content=\"index, follow, max-snippet:-1, max-image-preview:large, max-video-preview:-1\" \/>\n<link rel=\"canonical\" href=\"https:\/\/conexbooks.de\/a\/shop\/produkt\/mit-dem-herzen-hoert-man-besser\/\" \/>\n<meta property=\"og:locale\" content=\"de_DE\" \/>\n<meta property=\"og:type\" content=\"article\" \/>\n<meta property=\"og:title\" content=\"Mit dem Herzen h\u00f6rt man besser - Conex-Shop\" \/>\n<meta property=\"og:description\" content=\"Leider vergriffen - und wird auch nicht mehr aufgelegt. Klaus-Dieter Gens Einladung zur Gewaltfreien Kommunikation Junfermann-Verlag 3. Auflage 02\/2012, 96 Seiten, gebunden, Format: 14 x 14 cm\" \/>\n<meta property=\"og:url\" content=\"https:\/\/conexbooks.de\/a\/shop\/produkt\/mit-dem-herzen-hoert-man-besser\/\" \/>\n<meta property=\"og:site_name\" content=\"Conex-Shop\" \/>\n<meta property=\"article:modified_time\" content=\"2026-03-12T22:43:03+00:00\" \/>\n<meta property=\"og:image\" content=\"https:\/\/conexbooks.de\/a\/shop\/wp-content\/uploads\/2017\/11\/055.png\" \/>\n\t<meta property=\"og:image:width\" content=\"260\" \/>\n\t<meta property=\"og:image:height\" content=\"399\" \/>\n\t<meta property=\"og:image:type\" content=\"image\/png\" \/>\n<meta name=\"twitter:card\" content=\"summary_large_image\" \/>\n<meta name=\"twitter:label1\" content=\"Gesch\u00e4tzte Lesezeit\" \/>\n\t<meta name=\"twitter:data1\" content=\"2\u00a0Minuten\" \/>\n<script type=\"application\/ld+json\" class=\"yoast-schema-graph\">{\"@context\":\"https:\\\/\\\/schema.org\",\"@graph\":[{\"@type\":\"WebPage\",\"@id\":\"https:\\\/\\\/conexbooks.de\\\/a\\\/shop\\\/produkt\\\/mit-dem-herzen-hoert-man-besser\\\/\",\"url\":\"https:\\\/\\\/conexbooks.de\\\/a\\\/shop\\\/produkt\\\/mit-dem-herzen-hoert-man-besser\\\/\",\"name\":\"Mit dem Herzen h\u00f6rt man besser - Conex-Shop\",\"isPartOf\":{\"@id\":\"https:\\\/\\\/conexbooks.de\\\/a\\\/shop\\\/#website\"},\"primaryImageOfPage\":{\"@id\":\"https:\\\/\\\/conexbooks.de\\\/a\\\/shop\\\/produkt\\\/mit-dem-herzen-hoert-man-besser\\\/#primaryimage\"},\"image\":{\"@id\":\"https:\\\/\\\/conexbooks.de\\\/a\\\/shop\\\/produkt\\\/mit-dem-herzen-hoert-man-besser\\\/#primaryimage\"},\"thumbnailUrl\":\"https:\\\/\\\/conexbooks.de\\\/a\\\/shop\\\/wp-content\\\/uploads\\\/2017\\\/11\\\/055.png\",\"datePublished\":\"2017-11-06T22:38:39+00:00\",\"dateModified\":\"2026-03-12T22:43:03+00:00\",\"breadcrumb\":{\"@id\":\"https:\\\/\\\/conexbooks.de\\\/a\\\/shop\\\/produkt\\\/mit-dem-herzen-hoert-man-besser\\\/#breadcrumb\"},\"inLanguage\":\"de\",\"potentialAction\":[{\"@type\":\"ReadAction\",\"target\":[\"https:\\\/\\\/conexbooks.de\\\/a\\\/shop\\\/produkt\\\/mit-dem-herzen-hoert-man-besser\\\/\"]}]},{\"@type\":\"ImageObject\",\"inLanguage\":\"de\",\"@id\":\"https:\\\/\\\/conexbooks.de\\\/a\\\/shop\\\/produkt\\\/mit-dem-herzen-hoert-man-besser\\\/#primaryimage\",\"url\":\"https:\\\/\\\/conexbooks.de\\\/a\\\/shop\\\/wp-content\\\/uploads\\\/2017\\\/11\\\/055.png\",\"contentUrl\":\"https:\\\/\\\/conexbooks.de\\\/a\\\/shop\\\/wp-content\\\/uploads\\\/2017\\\/11\\\/055.png\",\"width\":260,\"height\":399},{\"@type\":\"BreadcrumbList\",\"@id\":\"https:\\\/\\\/conexbooks.de\\\/a\\\/shop\\\/produkt\\\/mit-dem-herzen-hoert-man-besser\\\/#breadcrumb\",\"itemListElement\":[{\"@type\":\"ListItem\",\"position\":1,\"name\":\"Home\",\"item\":\"https:\\\/\\\/conexbooks.de\\\/a\\\/shop\\\/\"},{\"@type\":\"ListItem\",\"position\":2,\"name\":\"Shop\",\"item\":\"https:\\\/\\\/conexbooks.de\\\/a\\\/shop\\\/shop\\\/\"},{\"@type\":\"ListItem\",\"position\":3,\"name\":\"Mit dem Herzen h\u00f6rt man besser\"}]},{\"@type\":\"WebSite\",\"@id\":\"https:\\\/\\\/conexbooks.de\\\/a\\\/shop\\\/#website\",\"url\":\"https:\\\/\\\/conexbooks.de\\\/a\\\/shop\\\/\",\"name\":\"Conex-Shop\",\"description\":\"Alles f\u00fcr die gewaltfreie Kommunikation: B\u00fccher, Spiele. Handpuppen Seminarmaterial und Geschenke\",\"publisher\":{\"@id\":\"https:\\\/\\\/conexbooks.de\\\/a\\\/shop\\\/#organization\"},\"potentialAction\":[{\"@type\":\"SearchAction\",\"target\":{\"@type\":\"EntryPoint\",\"urlTemplate\":\"https:\\\/\\\/conexbooks.de\\\/a\\\/shop\\\/?s={search_term_string}\"},\"query-input\":{\"@type\":\"PropertyValueSpecification\",\"valueRequired\":true,\"valueName\":\"search_term_string\"}}],\"inLanguage\":\"de\"},{\"@type\":\"Organization\",\"@id\":\"https:\\\/\\\/conexbooks.de\\\/a\\\/shop\\\/#organization\",\"name\":\"Conex - books and more\",\"url\":\"https:\\\/\\\/conexbooks.de\\\/a\\\/shop\\\/\",\"logo\":{\"@type\":\"ImageObject\",\"inLanguage\":\"de\",\"@id\":\"https:\\\/\\\/conexbooks.de\\\/a\\\/shop\\\/#\\\/schema\\\/logo\\\/image\\\/\",\"url\":\"https:\\\/\\\/conexbooks.de\\\/a\\\/shop\\\/wp-content\\\/uploads\\\/2017\\\/12\\\/co-logo.png\",\"contentUrl\":\"https:\\\/\\\/conexbooks.de\\\/a\\\/shop\\\/wp-content\\\/uploads\\\/2017\\\/12\\\/co-logo.png\",\"width\":243,\"height\":122,\"caption\":\"Conex - books and more\"},\"image\":{\"@id\":\"https:\\\/\\\/conexbooks.de\\\/a\\\/shop\\\/#\\\/schema\\\/logo\\\/image\\\/\"}}]}<\/script>\n<!-- \/ Yoast SEO plugin. -->","yoast_head_json":{"title":"Mit dem Herzen h\u00f6rt man besser - Conex-Shop","robots":{"index":"index","follow":"follow","max-snippet":"max-snippet:-1","max-image-preview":"max-image-preview:large","max-video-preview":"max-video-preview:-1"},"canonical":"https:\/\/conexbooks.de\/a\/shop\/produkt\/mit-dem-herzen-hoert-man-besser\/","og_locale":"de_DE","og_type":"article","og_title":"Mit dem Herzen h\u00f6rt man besser - Conex-Shop","og_description":"Leider vergriffen - und wird auch nicht mehr aufgelegt. Klaus-Dieter Gens Einladung zur Gewaltfreien Kommunikation Junfermann-Verlag 3. Auflage 02\/2012, 96 Seiten, gebunden, Format: 14 x 14 cm","og_url":"https:\/\/conexbooks.de\/a\/shop\/produkt\/mit-dem-herzen-hoert-man-besser\/","og_site_name":"Conex-Shop","article_modified_time":"2026-03-12T22:43:03+00:00","og_image":[{"width":260,"height":399,"url":"https:\/\/conexbooks.de\/a\/shop\/wp-content\/uploads\/2017\/11\/055.png","type":"image\/png"}],"twitter_card":"summary_large_image","twitter_misc":{"Gesch\u00e4tzte Lesezeit":"2\u00a0Minuten"},"schema":{"@context":"https:\/\/schema.org","@graph":[{"@type":"WebPage","@id":"https:\/\/conexbooks.de\/a\/shop\/produkt\/mit-dem-herzen-hoert-man-besser\/","url":"https:\/\/conexbooks.de\/a\/shop\/produkt\/mit-dem-herzen-hoert-man-besser\/","name":"Mit dem Herzen h\u00f6rt man besser - Conex-Shop","isPartOf":{"@id":"https:\/\/conexbooks.de\/a\/shop\/#website"},"primaryImageOfPage":{"@id":"https:\/\/conexbooks.de\/a\/shop\/produkt\/mit-dem-herzen-hoert-man-besser\/#primaryimage"},"image":{"@id":"https:\/\/conexbooks.de\/a\/shop\/produkt\/mit-dem-herzen-hoert-man-besser\/#primaryimage"},"thumbnailUrl":"https:\/\/conexbooks.de\/a\/shop\/wp-content\/uploads\/2017\/11\/055.png","datePublished":"2017-11-06T22:38:39+00:00","dateModified":"2026-03-12T22:43:03+00:00","breadcrumb":{"@id":"https:\/\/conexbooks.de\/a\/shop\/produkt\/mit-dem-herzen-hoert-man-besser\/#breadcrumb"},"inLanguage":"de","potentialAction":[{"@type":"ReadAction","target":["https:\/\/conexbooks.de\/a\/shop\/produkt\/mit-dem-herzen-hoert-man-besser\/"]}]},{"@type":"ImageObject","inLanguage":"de","@id":"https:\/\/conexbooks.de\/a\/shop\/produkt\/mit-dem-herzen-hoert-man-besser\/#primaryimage","url":"https:\/\/conexbooks.de\/a\/shop\/wp-content\/uploads\/2017\/11\/055.png","contentUrl":"https:\/\/conexbooks.de\/a\/shop\/wp-content\/uploads\/2017\/11\/055.png","width":260,"height":399},{"@type":"BreadcrumbList","@id":"https:\/\/conexbooks.de\/a\/shop\/produkt\/mit-dem-herzen-hoert-man-besser\/#breadcrumb","itemListElement":[{"@type":"ListItem","position":1,"name":"Home","item":"https:\/\/conexbooks.de\/a\/shop\/"},{"@type":"ListItem","position":2,"name":"Shop","item":"https:\/\/conexbooks.de\/a\/shop\/shop\/"},{"@type":"ListItem","position":3,"name":"Mit dem Herzen h\u00f6rt man besser"}]},{"@type":"WebSite","@id":"https:\/\/conexbooks.de\/a\/shop\/#website","url":"https:\/\/conexbooks.de\/a\/shop\/","name":"Conex-Shop","description":"Alles f\u00fcr die gewaltfreie Kommunikation: B\u00fccher, Spiele. Handpuppen Seminarmaterial und Geschenke","publisher":{"@id":"https:\/\/conexbooks.de\/a\/shop\/#organization"},"potentialAction":[{"@type":"SearchAction","target":{"@type":"EntryPoint","urlTemplate":"https:\/\/conexbooks.de\/a\/shop\/?s={search_term_string}"},"query-input":{"@type":"PropertyValueSpecification","valueRequired":true,"valueName":"search_term_string"}}],"inLanguage":"de"},{"@type":"Organization","@id":"https:\/\/conexbooks.de\/a\/shop\/#organization","name":"Conex - books and more","url":"https:\/\/conexbooks.de\/a\/shop\/","logo":{"@type":"ImageObject","inLanguage":"de","@id":"https:\/\/conexbooks.de\/a\/shop\/#\/schema\/logo\/image\/","url":"https:\/\/conexbooks.de\/a\/shop\/wp-content\/uploads\/2017\/12\/co-logo.png","contentUrl":"https:\/\/conexbooks.de\/a\/shop\/wp-content\/uploads\/2017\/12\/co-logo.png","width":243,"height":122,"caption":"Conex - books and more"},"image":{"@id":"https:\/\/conexbooks.de\/a\/shop\/#\/schema\/logo\/image\/"}}]}},"_links":{"self":[{"href":"https:\/\/conexbooks.de\/a\/shop\/wp-json\/wp\/v2\/product\/34","targetHints":{"allow":["GET"]}}],"collection":[{"href":"https:\/\/conexbooks.de\/a\/shop\/wp-json\/wp\/v2\/product"}],"about":[{"href":"https:\/\/conexbooks.de\/a\/shop\/wp-json\/wp\/v2\/types\/product"}],"wp:featuredmedia":[{"embeddable":true,"href":"https:\/\/conexbooks.de\/a\/shop\/wp-json\/wp\/v2\/media\/1320"}],"wp:attachment":[{"href":"https:\/\/conexbooks.de\/a\/shop\/wp-json\/wp\/v2\/media?parent=34"}],"wp:term":[{"taxonomy":"product_brand","embeddable":true,"href":"https:\/\/conexbooks.de\/a\/shop\/wp-json\/wp\/v2\/product_brand?post=34"},{"taxonomy":"product_cat","embeddable":true,"href":"https:\/\/conexbooks.de\/a\/shop\/wp-json\/wp\/v2\/product_cat?post=34"},{"taxonomy":"product_tag","embeddable":true,"href":"https:\/\/conexbooks.de\/a\/shop\/wp-json\/wp\/v2\/product_tag?post=34"}],"curies":[{"name":"wp","href":"https:\/\/api.w.org\/{rel}","templated":true}]}}