{"id":4766,"date":"2018-04-11T21:39:41","date_gmt":"2018-04-11T19:39:41","guid":{"rendered":"https:\/\/conexbooks.de\/a\/shop\/?post_type=product&#038;p=4766"},"modified":"2025-06-28T16:56:39","modified_gmt":"2025-06-28T14:56:39","slug":"tabledance","status":"publish","type":"product","link":"https:\/\/conexbooks.de\/a\/shop\/produkt\/tabledance\/","title":{"rendered":"Tabledance"},"content":{"rendered":"<p>Ich m\u00f6chte Ihnen ein neues GFK-Kartenset namens <em><strong>Tabledance<\/strong><\/em> vorstellen, das ich gemeinsam mit meiner Schweizer Kollegin Vera Heim erstellt habe.<\/p>\n<p><img decoding=\"async\" style=\"float: left; margin: 20px;\" src=\"https:\/\/www.akademie-blickwinkel.de\/images\/Artikel-Bilder\/Tabledance_05_web.JPG\" alt=\"\" \/><br \/>\nZuh\u00f6ren k\u00f6nnen und sich selbst offen mitteilen ist der Schl\u00fcssel f\u00fcr eine gelingende Kommunikation ob mit oder ohne Konflikt.<\/p>\n<p>Mit dem <em><strong>Tabledance<\/strong><\/em> k\u00f6nnen sie Kl\u00e4rungsgespr\u00e4che zur Aufl\u00f6sung eines Konflikts mithilfe eines Spielbretts auf spielerisch-leichte Art \u00fcben und auch direkt durchf\u00fchren.<\/p>\n<p>Schritt f\u00fcr Schritt unterst\u00fctzt Sie dabei ein farblich ansprechendes Kartenset.<\/p>\n<p>Bei aller Leichtigkeit sind die Spielbretter auch wohl strukturiert nach den Vorgaben der GFK. Sie k\u00f6nnen mit der Selbstempathie als Gespr\u00e4chsvorbereitung beginnen oder auch gleich in ein Gespr\u00e4ch zu zweit einsteigen.<br \/>\n<span style=\"clear: both;\"> \u00a0 <\/span><br \/>\n<img decoding=\"async\" style=\"float: right; margin: 20px;\" src=\"https:\/\/www.akademie-blickwinkel.de\/images\/Artikel-Bilder\/Tabledance_06_web.JPG\" alt=\"\" \/><br \/>\nDas Set besteht also aus drei Spielbrettern \u2013 zwei f\u00fcr einen Dialog und eines f\u00fcr die Selbstempathie. Weiterhin enth\u00e4lt es 5 Bodenkarten, falls Sie bei der Selbstempathie lieber laufen sowie einige erl\u00e4uternde Begleitkarten. Auf den Begleitkarten erfahren Sie, wie Sie<\/p>\n<ul>\n<li>Ihre Selbstempathie oder<\/li>\n<li>einen Dialog nach der GFK gestalten k\u00f6nnen<\/li>\n<li>wie Sie Wertsch\u00e4tzung statt Lob formulieren<\/li>\n<li>mit heftigen Gef\u00fchlen umgehen und<\/li>\n<li>ihre W\u00fcnsche in klaren Bitten an das Gegen\u00fcber ausdr\u00fccken k\u00f6nnen.<\/li>\n<\/ul>\n<p>&nbsp;<\/p>\n<p><img decoding=\"async\" style=\"float: left; margin: 20px;\" src=\"https:\/\/www.akademie-blickwinkel.de\/images\/Artikel-Bilder\/Tabledance_04_web.JPG\" alt=\"\" \/><br \/>\nZus\u00e4tzlich unterst\u00fctzt Sie eine Bed\u00fcrfnis- und Gef\u00fchlekarte. Hier erhalten Sie Anregung, wie Sie Ihre aktuellen Gef\u00fchle und Bed\u00fcrfnisse in Worte fassen k\u00f6nnen.<\/p>\n<p>Beim Ausprobieren unseres <strong><em>Tabledance<\/em><\/strong> w\u00fcnsche ich Ihnen viel Freude!<\/p>\n<p><em>Ingrid Holler<\/em><\/p>\n<p>&nbsp;<\/p>\n<p>&nbsp;<\/p>\n<p>&nbsp;<\/p>\n<div id='1' class='widgets_on_page wop_tiny1  wop_small1  wop_medium1  wop_large1  wop_wide1'>\n\t\t\t<ul><li id=\"custom_html-4\" class=\"widget_text widget widget_custom_html\"><div class=\"textwidget custom-html-widget\"><div style=\"text-align:left;\">\r\n<button class = \"button\" style=\"height: 30px; font-size: 0.8em;\" name=\"zuruck\" type=\"button\" onclick=\"history.back()\">Zur\u00fcck zur \u00dcbersicht<\/button><\/div><\/div><\/li><\/ul><\/div><!-- widgets_on_page -->\n","protected":false},"excerpt":{"rendered":"<h4>GFK-Kartenset Tabledance<\/h4>\n<h4>Ingrid Holler, Vera Heim<\/h4>\n<p>Mit dem <em><strong>Tabledance<\/strong><\/em> k\u00f6nnen sie Kl\u00e4rungsgespr\u00e4che zur Aufl\u00f6sung eines Konflikts mithilfe eines Spielbretts auf spielerisch-leichte Art \u00fcben und auch direkt durchf\u00fchren.<\/p>\n","protected":false},"featured_media":4767,"template":"","meta":[],"product_brand":[],"product_cat":[56,51,47,46],"product_tag":[320,296,316,228,230],"class_list":{"0":"post-4766","1":"product","2":"type-product","3":"status-publish","4":"has-post-thumbnail","6":"product_cat-geschenke","7":"product_cat-seminarmaterial","8":"product_cat-sonstiges","9":"product_cat-spiele","10":"product_tag-beduerfniskompetenz","11":"product_tag-gefuehlskompetenz","12":"product_tag-prinzipien-der-gfk","13":"product_tag-uebungen-inspiration","14":"product_tag-uebungsgruppen","16":"first","17":"outofstock","18":"shipping-taxable","19":"purchasable","20":"product-type-simple"},"yoast_head":"<!-- This site is optimized with the Yoast SEO plugin v27.4 - https:\/\/yoast.com\/product\/yoast-seo-wordpress\/ -->\n<title>Tabledance - Conex-Shop<\/title>\n<meta name=\"robots\" content=\"index, follow, max-snippet:-1, max-image-preview:large, max-video-preview:-1\" \/>\n<link rel=\"canonical\" href=\"https:\/\/conexbooks.de\/a\/shop\/produkt\/tabledance\/\" \/>\n<meta property=\"og:locale\" content=\"de_DE\" \/>\n<meta property=\"og:type\" content=\"article\" \/>\n<meta property=\"og:title\" content=\"Tabledance - Conex-Shop\" \/>\n<meta property=\"og:description\" content=\"GFK-Kartenset Tabledance Ingrid Holler, Vera Heim Mit dem Tabledance k\u00f6nnen sie Kl\u00e4rungsgespr\u00e4che zur Aufl\u00f6sung eines Konflikts mithilfe eines Spielbretts auf spielerisch-leichte Art \u00fcben und auch direkt durchf\u00fchren.\" \/>\n<meta property=\"og:url\" content=\"https:\/\/conexbooks.de\/a\/shop\/produkt\/tabledance\/\" \/>\n<meta property=\"og:site_name\" content=\"Conex-Shop\" \/>\n<meta property=\"article:modified_time\" content=\"2025-06-28T14:56:39+00:00\" \/>\n<meta property=\"og:image\" content=\"https:\/\/conexbooks.de\/a\/shop\/wp-content\/uploads\/2018\/04\/Tabledance_05_web.jpg\" \/>\n\t<meta property=\"og:image:width\" content=\"244\" \/>\n\t<meta property=\"og:image:height\" content=\"275\" \/>\n\t<meta property=\"og:image:type\" content=\"image\/jpeg\" \/>\n<meta name=\"twitter:card\" content=\"summary_large_image\" \/>\n<meta name=\"twitter:label1\" content=\"Gesch\u00e4tzte Lesezeit\" \/>\n\t<meta name=\"twitter:data1\" content=\"1\u00a0Minute\" \/>\n<script type=\"application\/ld+json\" class=\"yoast-schema-graph\">{\"@context\":\"https:\\\/\\\/schema.org\",\"@graph\":[{\"@type\":\"WebPage\",\"@id\":\"https:\\\/\\\/conexbooks.de\\\/a\\\/shop\\\/produkt\\\/tabledance\\\/\",\"url\":\"https:\\\/\\\/conexbooks.de\\\/a\\\/shop\\\/produkt\\\/tabledance\\\/\",\"name\":\"Tabledance - Conex-Shop\",\"isPartOf\":{\"@id\":\"https:\\\/\\\/conexbooks.de\\\/a\\\/shop\\\/#website\"},\"primaryImageOfPage\":{\"@id\":\"https:\\\/\\\/conexbooks.de\\\/a\\\/shop\\\/produkt\\\/tabledance\\\/#primaryimage\"},\"image\":{\"@id\":\"https:\\\/\\\/conexbooks.de\\\/a\\\/shop\\\/produkt\\\/tabledance\\\/#primaryimage\"},\"thumbnailUrl\":\"https:\\\/\\\/conexbooks.de\\\/a\\\/shop\\\/wp-content\\\/uploads\\\/2018\\\/04\\\/Tabledance_05_web.jpg\",\"datePublished\":\"2018-04-11T19:39:41+00:00\",\"dateModified\":\"2025-06-28T14:56:39+00:00\",\"breadcrumb\":{\"@id\":\"https:\\\/\\\/conexbooks.de\\\/a\\\/shop\\\/produkt\\\/tabledance\\\/#breadcrumb\"},\"inLanguage\":\"de\",\"potentialAction\":[{\"@type\":\"ReadAction\",\"target\":[\"https:\\\/\\\/conexbooks.de\\\/a\\\/shop\\\/produkt\\\/tabledance\\\/\"]}]},{\"@type\":\"ImageObject\",\"inLanguage\":\"de\",\"@id\":\"https:\\\/\\\/conexbooks.de\\\/a\\\/shop\\\/produkt\\\/tabledance\\\/#primaryimage\",\"url\":\"https:\\\/\\\/conexbooks.de\\\/a\\\/shop\\\/wp-content\\\/uploads\\\/2018\\\/04\\\/Tabledance_05_web.jpg\",\"contentUrl\":\"https:\\\/\\\/conexbooks.de\\\/a\\\/shop\\\/wp-content\\\/uploads\\\/2018\\\/04\\\/Tabledance_05_web.jpg\",\"width\":244,\"height\":275},{\"@type\":\"BreadcrumbList\",\"@id\":\"https:\\\/\\\/conexbooks.de\\\/a\\\/shop\\\/produkt\\\/tabledance\\\/#breadcrumb\",\"itemListElement\":[{\"@type\":\"ListItem\",\"position\":1,\"name\":\"Home\",\"item\":\"https:\\\/\\\/conexbooks.de\\\/a\\\/shop\\\/\"},{\"@type\":\"ListItem\",\"position\":2,\"name\":\"Shop\",\"item\":\"https:\\\/\\\/conexbooks.de\\\/a\\\/shop\\\/shop\\\/\"},{\"@type\":\"ListItem\",\"position\":3,\"name\":\"Tabledance\"}]},{\"@type\":\"WebSite\",\"@id\":\"https:\\\/\\\/conexbooks.de\\\/a\\\/shop\\\/#website\",\"url\":\"https:\\\/\\\/conexbooks.de\\\/a\\\/shop\\\/\",\"name\":\"Conex-Shop\",\"description\":\"Alles f\u00fcr die gewaltfreie Kommunikation: B\u00fccher, Spiele. Handpuppen Seminarmaterial und Geschenke\",\"publisher\":{\"@id\":\"https:\\\/\\\/conexbooks.de\\\/a\\\/shop\\\/#organization\"},\"potentialAction\":[{\"@type\":\"SearchAction\",\"target\":{\"@type\":\"EntryPoint\",\"urlTemplate\":\"https:\\\/\\\/conexbooks.de\\\/a\\\/shop\\\/?s={search_term_string}\"},\"query-input\":{\"@type\":\"PropertyValueSpecification\",\"valueRequired\":true,\"valueName\":\"search_term_string\"}}],\"inLanguage\":\"de\"},{\"@type\":\"Organization\",\"@id\":\"https:\\\/\\\/conexbooks.de\\\/a\\\/shop\\\/#organization\",\"name\":\"Conex - books and more\",\"url\":\"https:\\\/\\\/conexbooks.de\\\/a\\\/shop\\\/\",\"logo\":{\"@type\":\"ImageObject\",\"inLanguage\":\"de\",\"@id\":\"https:\\\/\\\/conexbooks.de\\\/a\\\/shop\\\/#\\\/schema\\\/logo\\\/image\\\/\",\"url\":\"https:\\\/\\\/conexbooks.de\\\/a\\\/shop\\\/wp-content\\\/uploads\\\/2017\\\/12\\\/co-logo.png\",\"contentUrl\":\"https:\\\/\\\/conexbooks.de\\\/a\\\/shop\\\/wp-content\\\/uploads\\\/2017\\\/12\\\/co-logo.png\",\"width\":243,\"height\":122,\"caption\":\"Conex - books and more\"},\"image\":{\"@id\":\"https:\\\/\\\/conexbooks.de\\\/a\\\/shop\\\/#\\\/schema\\\/logo\\\/image\\\/\"}}]}<\/script>\n<!-- \/ Yoast SEO plugin. -->","yoast_head_json":{"title":"Tabledance - Conex-Shop","robots":{"index":"index","follow":"follow","max-snippet":"max-snippet:-1","max-image-preview":"max-image-preview:large","max-video-preview":"max-video-preview:-1"},"canonical":"https:\/\/conexbooks.de\/a\/shop\/produkt\/tabledance\/","og_locale":"de_DE","og_type":"article","og_title":"Tabledance - Conex-Shop","og_description":"GFK-Kartenset Tabledance Ingrid Holler, Vera Heim Mit dem Tabledance k\u00f6nnen sie Kl\u00e4rungsgespr\u00e4che zur Aufl\u00f6sung eines Konflikts mithilfe eines Spielbretts auf spielerisch-leichte Art \u00fcben und auch direkt durchf\u00fchren.","og_url":"https:\/\/conexbooks.de\/a\/shop\/produkt\/tabledance\/","og_site_name":"Conex-Shop","article_modified_time":"2025-06-28T14:56:39+00:00","og_image":[{"width":244,"height":275,"url":"https:\/\/conexbooks.de\/a\/shop\/wp-content\/uploads\/2018\/04\/Tabledance_05_web.jpg","type":"image\/jpeg"}],"twitter_card":"summary_large_image","twitter_misc":{"Gesch\u00e4tzte Lesezeit":"1\u00a0Minute"},"schema":{"@context":"https:\/\/schema.org","@graph":[{"@type":"WebPage","@id":"https:\/\/conexbooks.de\/a\/shop\/produkt\/tabledance\/","url":"https:\/\/conexbooks.de\/a\/shop\/produkt\/tabledance\/","name":"Tabledance - Conex-Shop","isPartOf":{"@id":"https:\/\/conexbooks.de\/a\/shop\/#website"},"primaryImageOfPage":{"@id":"https:\/\/conexbooks.de\/a\/shop\/produkt\/tabledance\/#primaryimage"},"image":{"@id":"https:\/\/conexbooks.de\/a\/shop\/produkt\/tabledance\/#primaryimage"},"thumbnailUrl":"https:\/\/conexbooks.de\/a\/shop\/wp-content\/uploads\/2018\/04\/Tabledance_05_web.jpg","datePublished":"2018-04-11T19:39:41+00:00","dateModified":"2025-06-28T14:56:39+00:00","breadcrumb":{"@id":"https:\/\/conexbooks.de\/a\/shop\/produkt\/tabledance\/#breadcrumb"},"inLanguage":"de","potentialAction":[{"@type":"ReadAction","target":["https:\/\/conexbooks.de\/a\/shop\/produkt\/tabledance\/"]}]},{"@type":"ImageObject","inLanguage":"de","@id":"https:\/\/conexbooks.de\/a\/shop\/produkt\/tabledance\/#primaryimage","url":"https:\/\/conexbooks.de\/a\/shop\/wp-content\/uploads\/2018\/04\/Tabledance_05_web.jpg","contentUrl":"https:\/\/conexbooks.de\/a\/shop\/wp-content\/uploads\/2018\/04\/Tabledance_05_web.jpg","width":244,"height":275},{"@type":"BreadcrumbList","@id":"https:\/\/conexbooks.de\/a\/shop\/produkt\/tabledance\/#breadcrumb","itemListElement":[{"@type":"ListItem","position":1,"name":"Home","item":"https:\/\/conexbooks.de\/a\/shop\/"},{"@type":"ListItem","position":2,"name":"Shop","item":"https:\/\/conexbooks.de\/a\/shop\/shop\/"},{"@type":"ListItem","position":3,"name":"Tabledance"}]},{"@type":"WebSite","@id":"https:\/\/conexbooks.de\/a\/shop\/#website","url":"https:\/\/conexbooks.de\/a\/shop\/","name":"Conex-Shop","description":"Alles f\u00fcr die gewaltfreie Kommunikation: B\u00fccher, Spiele. Handpuppen Seminarmaterial und Geschenke","publisher":{"@id":"https:\/\/conexbooks.de\/a\/shop\/#organization"},"potentialAction":[{"@type":"SearchAction","target":{"@type":"EntryPoint","urlTemplate":"https:\/\/conexbooks.de\/a\/shop\/?s={search_term_string}"},"query-input":{"@type":"PropertyValueSpecification","valueRequired":true,"valueName":"search_term_string"}}],"inLanguage":"de"},{"@type":"Organization","@id":"https:\/\/conexbooks.de\/a\/shop\/#organization","name":"Conex - books and more","url":"https:\/\/conexbooks.de\/a\/shop\/","logo":{"@type":"ImageObject","inLanguage":"de","@id":"https:\/\/conexbooks.de\/a\/shop\/#\/schema\/logo\/image\/","url":"https:\/\/conexbooks.de\/a\/shop\/wp-content\/uploads\/2017\/12\/co-logo.png","contentUrl":"https:\/\/conexbooks.de\/a\/shop\/wp-content\/uploads\/2017\/12\/co-logo.png","width":243,"height":122,"caption":"Conex - books and more"},"image":{"@id":"https:\/\/conexbooks.de\/a\/shop\/#\/schema\/logo\/image\/"}}]}},"_links":{"self":[{"href":"https:\/\/conexbooks.de\/a\/shop\/wp-json\/wp\/v2\/product\/4766","targetHints":{"allow":["GET"]}}],"collection":[{"href":"https:\/\/conexbooks.de\/a\/shop\/wp-json\/wp\/v2\/product"}],"about":[{"href":"https:\/\/conexbooks.de\/a\/shop\/wp-json\/wp\/v2\/types\/product"}],"wp:featuredmedia":[{"embeddable":true,"href":"https:\/\/conexbooks.de\/a\/shop\/wp-json\/wp\/v2\/media\/4767"}],"wp:attachment":[{"href":"https:\/\/conexbooks.de\/a\/shop\/wp-json\/wp\/v2\/media?parent=4766"}],"wp:term":[{"taxonomy":"product_brand","embeddable":true,"href":"https:\/\/conexbooks.de\/a\/shop\/wp-json\/wp\/v2\/product_brand?post=4766"},{"taxonomy":"product_cat","embeddable":true,"href":"https:\/\/conexbooks.de\/a\/shop\/wp-json\/wp\/v2\/product_cat?post=4766"},{"taxonomy":"product_tag","embeddable":true,"href":"https:\/\/conexbooks.de\/a\/shop\/wp-json\/wp\/v2\/product_tag?post=4766"}],"curies":[{"name":"wp","href":"https:\/\/api.w.org\/{rel}","templated":true}]}}