{"id":5915,"date":"2018-06-20T10:40:02","date_gmt":"2018-06-20T08:40:02","guid":{"rendered":"https:\/\/conexbooks.de\/a\/shop\/?post_type=product&#038;p=5915"},"modified":"2026-04-10T11:14:40","modified_gmt":"2026-04-10T09:14:40","slug":"beduerfnis-tankstelle","status":"publish","type":"product","link":"https:\/\/conexbooks.de\/a\/shop\/produkt\/beduerfnis-tankstelle\/","title":{"rendered":"Bed\u00fcrfnis-Tankstelle"},"content":{"rendered":"<h4>Bed\u00fcrfnis-Tankstelle<\/h4>\n<h4>50 Bed\u00fcrfnisse und \u00fcber 500 Strategien<\/h4>\n<h4>Inspirationen f\u00fcr die Gewaltfreie Kommunikation im Alltag<\/h4>\n<p><em>Inspirationen f\u00fcr die Gewaltfreie Kommunikation im Alltag<\/em><\/p>\n<p>Angeregt zu diesem Buch haben mich die Teilnehmerinnen und Teilnehmer meiner Seminare.\u00a0Immer wieder konnte ich beobachten, wie schwer es f\u00e4llt, f\u00fcr die neu entdeckten Bed\u00fcrfnisse nach geeigneten Strategien zu suchen. Ich kenne diese \u00abBetriebsblindheit\u00bb von mir selbst und ebenso das m\u00f6gliche Vernachl\u00e4ssigen, um gar nicht erst ins Handeln zu kommen. Ja, manchmal ertappe auch ich mich bei einer willkommenen Ausrede&#8230;<\/p>\n<p>Mit dem Buch m\u00f6chte ich aufzeigen, wie wegweisend es ist, die eigenen Bed\u00fcrfnisse zu identifizieren und anzuerkennen. Ich habe \u00fcber 500 individuelle Strategien f\u00fcr Euch zusammengestellt \u2013 genauer, eine\u00a0Auswahl an Inspirationen \u2013 mit denen Ihr Eure gewohnheitsm\u00e4ssigen Handlungen auf Lebensdienlichkeit hinterfragen und gegebenenfalls ver\u00e4ndern k\u00f6nnt.<\/p>\n<p>Mein Anliegen ist, dass Ihr Euch und Eure Bed\u00fcrfnisse ernst nehmt, um \u00abvollgetankt\u00bb ein zufriedenes Miteinander zu leben.<\/p>\n<p>&nbsp;<\/p>\n<div id='1' class='widgets_on_page wop_tiny1  wop_small1  wop_medium1  wop_large1  wop_wide1'>\n\t\t\t<ul><li id=\"custom_html-4\" class=\"widget_text widget widget_custom_html\"><div class=\"textwidget custom-html-widget\"><div style=\"text-align:left;\">\r\n<button class = \"button\" style=\"height: 30px; font-size: 0.8em;\" name=\"zuruck\" type=\"button\" onclick=\"history.back()\">Zur\u00fcck zur \u00dcbersicht<\/button><\/div><\/div><\/li><\/ul><\/div><!-- widgets_on_page -->\n","protected":false},"excerpt":{"rendered":"<p>Mehr ist unterwegs!<\/p>\n<h3>Bed\u00fcrfnis-Tankstelle<br \/>\n50 Bed\u00fcrfnisse und \u00fcber 500 Strategien<br \/>\nInspirationen f\u00fcr die Gewaltfreie Kommunikation im Alltag<\/h3>\n<p>Uschi Kellenberger<br \/>\nISBN: 978-3-033-06694-6<br \/>\nKartonierter Einband, Seiten: 120<br \/>\nErscheinungsdatum: Mai 2018<\/p>\n","protected":false},"featured_media":5912,"template":"","meta":[],"product_brand":[],"product_cat":[36,40,629],"product_tag":[],"class_list":{"0":"post-5915","1":"product","2":"type-product","3":"status-publish","4":"has-post-thumbnail","6":"product_cat-deutsche-buecher","7":"product_cat-grundlagen","8":"product_cat-ukellenberger","10":"first","11":"instock","12":"sale","13":"shipping-taxable","14":"purchasable","15":"product-type-simple"},"yoast_head":"<!-- This site is optimized with the Yoast SEO plugin v27.3 - https:\/\/yoast.com\/product\/yoast-seo-wordpress\/ -->\n<title>Bed\u00fcrfnis-Tankstelle - Conex-Shop<\/title>\n<meta name=\"robots\" content=\"index, follow, max-snippet:-1, max-image-preview:large, max-video-preview:-1\" \/>\n<link rel=\"canonical\" href=\"https:\/\/conexbooks.de\/a\/shop\/produkt\/beduerfnis-tankstelle\/\" \/>\n<meta property=\"og:locale\" content=\"de_DE\" \/>\n<meta property=\"og:type\" content=\"article\" \/>\n<meta property=\"og:title\" content=\"Bed\u00fcrfnis-Tankstelle - Conex-Shop\" \/>\n<meta property=\"og:description\" content=\"Mehr ist unterwegs! Bed\u00fcrfnis-Tankstelle 50 Bed\u00fcrfnisse und \u00fcber 500 Strategien Inspirationen f\u00fcr die Gewaltfreie Kommunikation im Alltag Uschi Kellenberger ISBN: 978-3-033-06694-6 Kartonierter Einband, Seiten: 120 Erscheinungsdatum: Mai 2018\" \/>\n<meta property=\"og:url\" content=\"https:\/\/conexbooks.de\/a\/shop\/produkt\/beduerfnis-tankstelle\/\" \/>\n<meta property=\"og:site_name\" content=\"Conex-Shop\" \/>\n<meta property=\"article:modified_time\" content=\"2026-04-10T09:14:40+00:00\" \/>\n<meta property=\"og:image\" content=\"https:\/\/conexbooks.de\/a\/shop\/wp-content\/uploads\/2018\/06\/741.png\" \/>\n\t<meta property=\"og:image:width\" content=\"273\" \/>\n\t<meta property=\"og:image:height\" content=\"400\" \/>\n\t<meta property=\"og:image:type\" content=\"image\/png\" \/>\n<meta name=\"twitter:card\" content=\"summary_large_image\" \/>\n<meta name=\"twitter:label1\" content=\"Gesch\u00e4tzte Lesezeit\" \/>\n\t<meta name=\"twitter:data1\" content=\"2\u00a0Minuten\" \/>\n<script type=\"application\/ld+json\" class=\"yoast-schema-graph\">{\"@context\":\"https:\\\/\\\/schema.org\",\"@graph\":[{\"@type\":\"WebPage\",\"@id\":\"https:\\\/\\\/conexbooks.de\\\/a\\\/shop\\\/produkt\\\/beduerfnis-tankstelle\\\/\",\"url\":\"https:\\\/\\\/conexbooks.de\\\/a\\\/shop\\\/produkt\\\/beduerfnis-tankstelle\\\/\",\"name\":\"Bed\u00fcrfnis-Tankstelle - Conex-Shop\",\"isPartOf\":{\"@id\":\"https:\\\/\\\/conexbooks.de\\\/a\\\/shop\\\/#website\"},\"primaryImageOfPage\":{\"@id\":\"https:\\\/\\\/conexbooks.de\\\/a\\\/shop\\\/produkt\\\/beduerfnis-tankstelle\\\/#primaryimage\"},\"image\":{\"@id\":\"https:\\\/\\\/conexbooks.de\\\/a\\\/shop\\\/produkt\\\/beduerfnis-tankstelle\\\/#primaryimage\"},\"thumbnailUrl\":\"https:\\\/\\\/conexbooks.de\\\/a\\\/shop\\\/wp-content\\\/uploads\\\/2018\\\/06\\\/741.png\",\"datePublished\":\"2018-06-20T08:40:02+00:00\",\"dateModified\":\"2026-04-10T09:14:40+00:00\",\"breadcrumb\":{\"@id\":\"https:\\\/\\\/conexbooks.de\\\/a\\\/shop\\\/produkt\\\/beduerfnis-tankstelle\\\/#breadcrumb\"},\"inLanguage\":\"de\",\"potentialAction\":[{\"@type\":\"ReadAction\",\"target\":[\"https:\\\/\\\/conexbooks.de\\\/a\\\/shop\\\/produkt\\\/beduerfnis-tankstelle\\\/\"]}]},{\"@type\":\"ImageObject\",\"inLanguage\":\"de\",\"@id\":\"https:\\\/\\\/conexbooks.de\\\/a\\\/shop\\\/produkt\\\/beduerfnis-tankstelle\\\/#primaryimage\",\"url\":\"https:\\\/\\\/conexbooks.de\\\/a\\\/shop\\\/wp-content\\\/uploads\\\/2018\\\/06\\\/741.png\",\"contentUrl\":\"https:\\\/\\\/conexbooks.de\\\/a\\\/shop\\\/wp-content\\\/uploads\\\/2018\\\/06\\\/741.png\",\"width\":273,\"height\":400},{\"@type\":\"BreadcrumbList\",\"@id\":\"https:\\\/\\\/conexbooks.de\\\/a\\\/shop\\\/produkt\\\/beduerfnis-tankstelle\\\/#breadcrumb\",\"itemListElement\":[{\"@type\":\"ListItem\",\"position\":1,\"name\":\"Home\",\"item\":\"https:\\\/\\\/conexbooks.de\\\/a\\\/shop\\\/\"},{\"@type\":\"ListItem\",\"position\":2,\"name\":\"Shop\",\"item\":\"https:\\\/\\\/conexbooks.de\\\/a\\\/shop\\\/shop\\\/\"},{\"@type\":\"ListItem\",\"position\":3,\"name\":\"Bed\u00fcrfnis-Tankstelle\"}]},{\"@type\":\"WebSite\",\"@id\":\"https:\\\/\\\/conexbooks.de\\\/a\\\/shop\\\/#website\",\"url\":\"https:\\\/\\\/conexbooks.de\\\/a\\\/shop\\\/\",\"name\":\"Conex-Shop\",\"description\":\"Alles f\u00fcr die gewaltfreie Kommunikation: B\u00fccher, Spiele. Handpuppen Seminarmaterial und Geschenke\",\"publisher\":{\"@id\":\"https:\\\/\\\/conexbooks.de\\\/a\\\/shop\\\/#organization\"},\"potentialAction\":[{\"@type\":\"SearchAction\",\"target\":{\"@type\":\"EntryPoint\",\"urlTemplate\":\"https:\\\/\\\/conexbooks.de\\\/a\\\/shop\\\/?s={search_term_string}\"},\"query-input\":{\"@type\":\"PropertyValueSpecification\",\"valueRequired\":true,\"valueName\":\"search_term_string\"}}],\"inLanguage\":\"de\"},{\"@type\":\"Organization\",\"@id\":\"https:\\\/\\\/conexbooks.de\\\/a\\\/shop\\\/#organization\",\"name\":\"Conex - books and more\",\"url\":\"https:\\\/\\\/conexbooks.de\\\/a\\\/shop\\\/\",\"logo\":{\"@type\":\"ImageObject\",\"inLanguage\":\"de\",\"@id\":\"https:\\\/\\\/conexbooks.de\\\/a\\\/shop\\\/#\\\/schema\\\/logo\\\/image\\\/\",\"url\":\"https:\\\/\\\/conexbooks.de\\\/a\\\/shop\\\/wp-content\\\/uploads\\\/2017\\\/12\\\/co-logo.png\",\"contentUrl\":\"https:\\\/\\\/conexbooks.de\\\/a\\\/shop\\\/wp-content\\\/uploads\\\/2017\\\/12\\\/co-logo.png\",\"width\":243,\"height\":122,\"caption\":\"Conex - books and more\"},\"image\":{\"@id\":\"https:\\\/\\\/conexbooks.de\\\/a\\\/shop\\\/#\\\/schema\\\/logo\\\/image\\\/\"}}]}<\/script>\n<!-- \/ Yoast SEO plugin. -->","yoast_head_json":{"title":"Bed\u00fcrfnis-Tankstelle - Conex-Shop","robots":{"index":"index","follow":"follow","max-snippet":"max-snippet:-1","max-image-preview":"max-image-preview:large","max-video-preview":"max-video-preview:-1"},"canonical":"https:\/\/conexbooks.de\/a\/shop\/produkt\/beduerfnis-tankstelle\/","og_locale":"de_DE","og_type":"article","og_title":"Bed\u00fcrfnis-Tankstelle - Conex-Shop","og_description":"Mehr ist unterwegs! Bed\u00fcrfnis-Tankstelle 50 Bed\u00fcrfnisse und \u00fcber 500 Strategien Inspirationen f\u00fcr die Gewaltfreie Kommunikation im Alltag Uschi Kellenberger ISBN: 978-3-033-06694-6 Kartonierter Einband, Seiten: 120 Erscheinungsdatum: Mai 2018","og_url":"https:\/\/conexbooks.de\/a\/shop\/produkt\/beduerfnis-tankstelle\/","og_site_name":"Conex-Shop","article_modified_time":"2026-04-10T09:14:40+00:00","og_image":[{"width":273,"height":400,"url":"https:\/\/conexbooks.de\/a\/shop\/wp-content\/uploads\/2018\/06\/741.png","type":"image\/png"}],"twitter_card":"summary_large_image","twitter_misc":{"Gesch\u00e4tzte Lesezeit":"2\u00a0Minuten"},"schema":{"@context":"https:\/\/schema.org","@graph":[{"@type":"WebPage","@id":"https:\/\/conexbooks.de\/a\/shop\/produkt\/beduerfnis-tankstelle\/","url":"https:\/\/conexbooks.de\/a\/shop\/produkt\/beduerfnis-tankstelle\/","name":"Bed\u00fcrfnis-Tankstelle - Conex-Shop","isPartOf":{"@id":"https:\/\/conexbooks.de\/a\/shop\/#website"},"primaryImageOfPage":{"@id":"https:\/\/conexbooks.de\/a\/shop\/produkt\/beduerfnis-tankstelle\/#primaryimage"},"image":{"@id":"https:\/\/conexbooks.de\/a\/shop\/produkt\/beduerfnis-tankstelle\/#primaryimage"},"thumbnailUrl":"https:\/\/conexbooks.de\/a\/shop\/wp-content\/uploads\/2018\/06\/741.png","datePublished":"2018-06-20T08:40:02+00:00","dateModified":"2026-04-10T09:14:40+00:00","breadcrumb":{"@id":"https:\/\/conexbooks.de\/a\/shop\/produkt\/beduerfnis-tankstelle\/#breadcrumb"},"inLanguage":"de","potentialAction":[{"@type":"ReadAction","target":["https:\/\/conexbooks.de\/a\/shop\/produkt\/beduerfnis-tankstelle\/"]}]},{"@type":"ImageObject","inLanguage":"de","@id":"https:\/\/conexbooks.de\/a\/shop\/produkt\/beduerfnis-tankstelle\/#primaryimage","url":"https:\/\/conexbooks.de\/a\/shop\/wp-content\/uploads\/2018\/06\/741.png","contentUrl":"https:\/\/conexbooks.de\/a\/shop\/wp-content\/uploads\/2018\/06\/741.png","width":273,"height":400},{"@type":"BreadcrumbList","@id":"https:\/\/conexbooks.de\/a\/shop\/produkt\/beduerfnis-tankstelle\/#breadcrumb","itemListElement":[{"@type":"ListItem","position":1,"name":"Home","item":"https:\/\/conexbooks.de\/a\/shop\/"},{"@type":"ListItem","position":2,"name":"Shop","item":"https:\/\/conexbooks.de\/a\/shop\/shop\/"},{"@type":"ListItem","position":3,"name":"Bed\u00fcrfnis-Tankstelle"}]},{"@type":"WebSite","@id":"https:\/\/conexbooks.de\/a\/shop\/#website","url":"https:\/\/conexbooks.de\/a\/shop\/","name":"Conex-Shop","description":"Alles f\u00fcr die gewaltfreie Kommunikation: B\u00fccher, Spiele. Handpuppen Seminarmaterial und Geschenke","publisher":{"@id":"https:\/\/conexbooks.de\/a\/shop\/#organization"},"potentialAction":[{"@type":"SearchAction","target":{"@type":"EntryPoint","urlTemplate":"https:\/\/conexbooks.de\/a\/shop\/?s={search_term_string}"},"query-input":{"@type":"PropertyValueSpecification","valueRequired":true,"valueName":"search_term_string"}}],"inLanguage":"de"},{"@type":"Organization","@id":"https:\/\/conexbooks.de\/a\/shop\/#organization","name":"Conex - books and more","url":"https:\/\/conexbooks.de\/a\/shop\/","logo":{"@type":"ImageObject","inLanguage":"de","@id":"https:\/\/conexbooks.de\/a\/shop\/#\/schema\/logo\/image\/","url":"https:\/\/conexbooks.de\/a\/shop\/wp-content\/uploads\/2017\/12\/co-logo.png","contentUrl":"https:\/\/conexbooks.de\/a\/shop\/wp-content\/uploads\/2017\/12\/co-logo.png","width":243,"height":122,"caption":"Conex - books and more"},"image":{"@id":"https:\/\/conexbooks.de\/a\/shop\/#\/schema\/logo\/image\/"}}]}},"_links":{"self":[{"href":"https:\/\/conexbooks.de\/a\/shop\/wp-json\/wp\/v2\/product\/5915","targetHints":{"allow":["GET"]}}],"collection":[{"href":"https:\/\/conexbooks.de\/a\/shop\/wp-json\/wp\/v2\/product"}],"about":[{"href":"https:\/\/conexbooks.de\/a\/shop\/wp-json\/wp\/v2\/types\/product"}],"wp:featuredmedia":[{"embeddable":true,"href":"https:\/\/conexbooks.de\/a\/shop\/wp-json\/wp\/v2\/media\/5912"}],"wp:attachment":[{"href":"https:\/\/conexbooks.de\/a\/shop\/wp-json\/wp\/v2\/media?parent=5915"}],"wp:term":[{"taxonomy":"product_brand","embeddable":true,"href":"https:\/\/conexbooks.de\/a\/shop\/wp-json\/wp\/v2\/product_brand?post=5915"},{"taxonomy":"product_cat","embeddable":true,"href":"https:\/\/conexbooks.de\/a\/shop\/wp-json\/wp\/v2\/product_cat?post=5915"},{"taxonomy":"product_tag","embeddable":true,"href":"https:\/\/conexbooks.de\/a\/shop\/wp-json\/wp\/v2\/product_tag?post=5915"}],"curies":[{"name":"wp","href":"https:\/\/api.w.org\/{rel}","templated":true}]}}