{"id":5919,"date":"2018-06-20T11:09:15","date_gmt":"2018-06-20T09:09:15","guid":{"rendered":"https:\/\/conexbooks.de\/a\/shop\/?post_type=product&#038;p=5919"},"modified":"2023-04-28T15:35:44","modified_gmt":"2023-04-28T13:35:44","slug":"gfk-zeitschrift-empathische-zeit-1-2018","status":"publish","type":"product","link":"https:\/\/conexbooks.de\/a\/shop\/produkt\/gfk-zeitschrift-empathische-zeit-1-2018\/","title":{"rendered":"GFK-Zeitschrift: Empathische Zeit; Heft 1\/2018 &#8222;Let\u00b4s talk about Sex&#8220;"},"content":{"rendered":"<h3>Empathische Zeit<\/h3>\n<p>Schwerpunkt-Thema: <strong>\u201eLets talk about Sex\u201c<\/strong><\/p>\n<p>Die Berliner Kollegen Adelheid Sieglin und Christian Peters mit Unterst\u00fctzung von Annett Zupke haben eine vierteilige Serie zu den Grundlagen der Gewaltfreien Kommunikation entwickelt, die in diesem Heft mit dem Thema &#8222;Beobachtung&#8220; startet.<\/p>\n<p>Dazu kommen Berichte \u00fcber den Einsatz der GFK in der Arbeitswelt, in der Familie und in der Partnerschaft.<\/p>\n<p>&nbsp;<\/p>\n<h4><a href=\"https:\/\/conexbooks.de\/a\/shop\/produkt-kategorie\/empathische-zeitschrift\/\">Alle Emphatische Zeit Hefte anschauen<\/a><\/h4>\n<div id='1' class='widgets_on_page wop_tiny1  wop_small1  wop_medium1  wop_large1  wop_wide1'>\n\t\t\t<ul><li id=\"custom_html-4\" class=\"widget_text widget widget_custom_html\"><div class=\"textwidget custom-html-widget\"><div style=\"text-align:left;\">\r\n<button class = \"button\" style=\"height: 30px; font-size: 0.8em;\" name=\"zuruck\" type=\"button\" onclick=\"history.back()\">Zur\u00fcck zur \u00dcbersicht<\/button><\/div><\/div><\/li><\/ul><\/div><!-- widgets_on_page -->\n","protected":false},"excerpt":{"rendered":"<h3>Magazin f\u00fcr Konfliktl\u00f6sung und sozialen Wandel<\/h3>\n<h3>Thema: &#8222;Lets talk about Sex&#8220;<\/h3>\n<ul>\n<li>Liebe nach Kalender<\/li>\n<li>Abstinenz<\/li>\n<li>Hingabe<\/li>\n<\/ul>\n<p>68 Seiten<br \/>\nerschienen bei Empathikon.de<\/p>\n<p>Gem\u00e4\u00df Fernhandelsgesetz sind Zeitungen und Zeitschriften vom Umtausch ausgeschlossen.<\/p>\n<p>Gem\u00e4\u00df Fernhandelsgesetz sind Zeitungen und Zeitschriften vom Umtausch ausgeschlossen.<\/p>\n","protected":false},"featured_media":5918,"template":"","meta":[],"product_brand":[],"product_cat":[57],"product_tag":[187,133,186],"class_list":{"0":"post-5919","1":"product","2":"type-product","3":"status-publish","4":"has-post-thumbnail","6":"product_cat-empathische-zeitschrift","7":"product_tag-beobachtung","8":"product_tag-partnerschaft","9":"product_tag-sex","11":"first","12":"instock","13":"shipping-taxable","14":"purchasable","15":"product-type-simple"},"yoast_head":"<!-- This site is optimized with the Yoast SEO plugin v27.4 - https:\/\/yoast.com\/product\/yoast-seo-wordpress\/ -->\n<title>GFK-Zeitschrift: Empathische Zeit; Heft 1\/2018 &quot;Let\u00b4s talk about Sex&quot; - Conex-Shop<\/title>\n<meta name=\"robots\" content=\"index, follow, max-snippet:-1, max-image-preview:large, max-video-preview:-1\" \/>\n<link rel=\"canonical\" href=\"https:\/\/conexbooks.de\/a\/shop\/produkt\/gfk-zeitschrift-empathische-zeit-1-2018\/\" \/>\n<meta property=\"og:locale\" content=\"de_DE\" \/>\n<meta property=\"og:type\" content=\"article\" \/>\n<meta property=\"og:title\" content=\"GFK-Zeitschrift: Empathische Zeit; Heft 1\/2018 &quot;Let\u00b4s talk about Sex&quot; - Conex-Shop\" \/>\n<meta property=\"og:description\" content=\"Magazin f\u00fcr Konfliktl\u00f6sung und sozialen Wandel Thema: &quot;Lets talk about Sex&quot;   Liebe nach Kalender  Abstinenz  Hingabe  68 Seiten erschienen bei Empathikon.de  Gem\u00e4\u00df Fernhandelsgesetz sind Zeitungen und Zeitschriften vom Umtausch ausgeschlossen.  Gem\u00e4\u00df Fernhandelsgesetz sind Zeitungen und Zeitschriften vom Umtausch ausgeschlossen.\" \/>\n<meta property=\"og:url\" content=\"https:\/\/conexbooks.de\/a\/shop\/produkt\/gfk-zeitschrift-empathische-zeit-1-2018\/\" \/>\n<meta property=\"og:site_name\" content=\"Conex-Shop\" \/>\n<meta property=\"article:modified_time\" content=\"2023-04-28T13:35:44+00:00\" \/>\n<meta property=\"og:image\" content=\"https:\/\/conexbooks.de\/a\/shop\/wp-content\/uploads\/2018\/06\/742.png\" \/>\n\t<meta property=\"og:image:width\" content=\"285\" \/>\n\t<meta property=\"og:image:height\" content=\"400\" \/>\n\t<meta property=\"og:image:type\" content=\"image\/png\" \/>\n<meta name=\"twitter:card\" content=\"summary_large_image\" \/>\n<script type=\"application\/ld+json\" class=\"yoast-schema-graph\">{\"@context\":\"https:\\\/\\\/schema.org\",\"@graph\":[{\"@type\":\"WebPage\",\"@id\":\"https:\\\/\\\/conexbooks.de\\\/a\\\/shop\\\/produkt\\\/gfk-zeitschrift-empathische-zeit-1-2018\\\/\",\"url\":\"https:\\\/\\\/conexbooks.de\\\/a\\\/shop\\\/produkt\\\/gfk-zeitschrift-empathische-zeit-1-2018\\\/\",\"name\":\"GFK-Zeitschrift: Empathische Zeit; Heft 1\\\/2018 \\\"Let\u00b4s talk about Sex\\\" - Conex-Shop\",\"isPartOf\":{\"@id\":\"https:\\\/\\\/conexbooks.de\\\/a\\\/shop\\\/#website\"},\"primaryImageOfPage\":{\"@id\":\"https:\\\/\\\/conexbooks.de\\\/a\\\/shop\\\/produkt\\\/gfk-zeitschrift-empathische-zeit-1-2018\\\/#primaryimage\"},\"image\":{\"@id\":\"https:\\\/\\\/conexbooks.de\\\/a\\\/shop\\\/produkt\\\/gfk-zeitschrift-empathische-zeit-1-2018\\\/#primaryimage\"},\"thumbnailUrl\":\"https:\\\/\\\/conexbooks.de\\\/a\\\/shop\\\/wp-content\\\/uploads\\\/2018\\\/06\\\/742.png\",\"datePublished\":\"2018-06-20T09:09:15+00:00\",\"dateModified\":\"2023-04-28T13:35:44+00:00\",\"breadcrumb\":{\"@id\":\"https:\\\/\\\/conexbooks.de\\\/a\\\/shop\\\/produkt\\\/gfk-zeitschrift-empathische-zeit-1-2018\\\/#breadcrumb\"},\"inLanguage\":\"de\",\"potentialAction\":[{\"@type\":\"ReadAction\",\"target\":[\"https:\\\/\\\/conexbooks.de\\\/a\\\/shop\\\/produkt\\\/gfk-zeitschrift-empathische-zeit-1-2018\\\/\"]}]},{\"@type\":\"ImageObject\",\"inLanguage\":\"de\",\"@id\":\"https:\\\/\\\/conexbooks.de\\\/a\\\/shop\\\/produkt\\\/gfk-zeitschrift-empathische-zeit-1-2018\\\/#primaryimage\",\"url\":\"https:\\\/\\\/conexbooks.de\\\/a\\\/shop\\\/wp-content\\\/uploads\\\/2018\\\/06\\\/742.png\",\"contentUrl\":\"https:\\\/\\\/conexbooks.de\\\/a\\\/shop\\\/wp-content\\\/uploads\\\/2018\\\/06\\\/742.png\",\"width\":285,\"height\":400},{\"@type\":\"BreadcrumbList\",\"@id\":\"https:\\\/\\\/conexbooks.de\\\/a\\\/shop\\\/produkt\\\/gfk-zeitschrift-empathische-zeit-1-2018\\\/#breadcrumb\",\"itemListElement\":[{\"@type\":\"ListItem\",\"position\":1,\"name\":\"Home\",\"item\":\"https:\\\/\\\/conexbooks.de\\\/a\\\/shop\\\/\"},{\"@type\":\"ListItem\",\"position\":2,\"name\":\"Shop\",\"item\":\"https:\\\/\\\/conexbooks.de\\\/a\\\/shop\\\/shop\\\/\"},{\"@type\":\"ListItem\",\"position\":3,\"name\":\"GFK-Zeitschrift: Empathische Zeit; Heft 1\\\/2018 &#8222;Let\u00b4s talk about Sex&#8220;\"}]},{\"@type\":\"WebSite\",\"@id\":\"https:\\\/\\\/conexbooks.de\\\/a\\\/shop\\\/#website\",\"url\":\"https:\\\/\\\/conexbooks.de\\\/a\\\/shop\\\/\",\"name\":\"Conex-Shop\",\"description\":\"Alles f\u00fcr die gewaltfreie Kommunikation: B\u00fccher, Spiele. Handpuppen Seminarmaterial und Geschenke\",\"publisher\":{\"@id\":\"https:\\\/\\\/conexbooks.de\\\/a\\\/shop\\\/#organization\"},\"potentialAction\":[{\"@type\":\"SearchAction\",\"target\":{\"@type\":\"EntryPoint\",\"urlTemplate\":\"https:\\\/\\\/conexbooks.de\\\/a\\\/shop\\\/?s={search_term_string}\"},\"query-input\":{\"@type\":\"PropertyValueSpecification\",\"valueRequired\":true,\"valueName\":\"search_term_string\"}}],\"inLanguage\":\"de\"},{\"@type\":\"Organization\",\"@id\":\"https:\\\/\\\/conexbooks.de\\\/a\\\/shop\\\/#organization\",\"name\":\"Conex - books and more\",\"url\":\"https:\\\/\\\/conexbooks.de\\\/a\\\/shop\\\/\",\"logo\":{\"@type\":\"ImageObject\",\"inLanguage\":\"de\",\"@id\":\"https:\\\/\\\/conexbooks.de\\\/a\\\/shop\\\/#\\\/schema\\\/logo\\\/image\\\/\",\"url\":\"https:\\\/\\\/conexbooks.de\\\/a\\\/shop\\\/wp-content\\\/uploads\\\/2017\\\/12\\\/co-logo.png\",\"contentUrl\":\"https:\\\/\\\/conexbooks.de\\\/a\\\/shop\\\/wp-content\\\/uploads\\\/2017\\\/12\\\/co-logo.png\",\"width\":243,\"height\":122,\"caption\":\"Conex - books and more\"},\"image\":{\"@id\":\"https:\\\/\\\/conexbooks.de\\\/a\\\/shop\\\/#\\\/schema\\\/logo\\\/image\\\/\"}}]}<\/script>\n<!-- \/ Yoast SEO plugin. -->","yoast_head_json":{"title":"GFK-Zeitschrift: Empathische Zeit; Heft 1\/2018 \"Let\u00b4s talk about Sex\" - Conex-Shop","robots":{"index":"index","follow":"follow","max-snippet":"max-snippet:-1","max-image-preview":"max-image-preview:large","max-video-preview":"max-video-preview:-1"},"canonical":"https:\/\/conexbooks.de\/a\/shop\/produkt\/gfk-zeitschrift-empathische-zeit-1-2018\/","og_locale":"de_DE","og_type":"article","og_title":"GFK-Zeitschrift: Empathische Zeit; Heft 1\/2018 \"Let\u00b4s talk about Sex\" - Conex-Shop","og_description":"Magazin f\u00fcr Konfliktl\u00f6sung und sozialen Wandel Thema: \"Lets talk about Sex\"   Liebe nach Kalender  Abstinenz  Hingabe  68 Seiten erschienen bei Empathikon.de  Gem\u00e4\u00df Fernhandelsgesetz sind Zeitungen und Zeitschriften vom Umtausch ausgeschlossen.  Gem\u00e4\u00df Fernhandelsgesetz sind Zeitungen und Zeitschriften vom Umtausch ausgeschlossen.","og_url":"https:\/\/conexbooks.de\/a\/shop\/produkt\/gfk-zeitschrift-empathische-zeit-1-2018\/","og_site_name":"Conex-Shop","article_modified_time":"2023-04-28T13:35:44+00:00","og_image":[{"width":285,"height":400,"url":"https:\/\/conexbooks.de\/a\/shop\/wp-content\/uploads\/2018\/06\/742.png","type":"image\/png"}],"twitter_card":"summary_large_image","schema":{"@context":"https:\/\/schema.org","@graph":[{"@type":"WebPage","@id":"https:\/\/conexbooks.de\/a\/shop\/produkt\/gfk-zeitschrift-empathische-zeit-1-2018\/","url":"https:\/\/conexbooks.de\/a\/shop\/produkt\/gfk-zeitschrift-empathische-zeit-1-2018\/","name":"GFK-Zeitschrift: Empathische Zeit; Heft 1\/2018 \"Let\u00b4s talk about Sex\" - Conex-Shop","isPartOf":{"@id":"https:\/\/conexbooks.de\/a\/shop\/#website"},"primaryImageOfPage":{"@id":"https:\/\/conexbooks.de\/a\/shop\/produkt\/gfk-zeitschrift-empathische-zeit-1-2018\/#primaryimage"},"image":{"@id":"https:\/\/conexbooks.de\/a\/shop\/produkt\/gfk-zeitschrift-empathische-zeit-1-2018\/#primaryimage"},"thumbnailUrl":"https:\/\/conexbooks.de\/a\/shop\/wp-content\/uploads\/2018\/06\/742.png","datePublished":"2018-06-20T09:09:15+00:00","dateModified":"2023-04-28T13:35:44+00:00","breadcrumb":{"@id":"https:\/\/conexbooks.de\/a\/shop\/produkt\/gfk-zeitschrift-empathische-zeit-1-2018\/#breadcrumb"},"inLanguage":"de","potentialAction":[{"@type":"ReadAction","target":["https:\/\/conexbooks.de\/a\/shop\/produkt\/gfk-zeitschrift-empathische-zeit-1-2018\/"]}]},{"@type":"ImageObject","inLanguage":"de","@id":"https:\/\/conexbooks.de\/a\/shop\/produkt\/gfk-zeitschrift-empathische-zeit-1-2018\/#primaryimage","url":"https:\/\/conexbooks.de\/a\/shop\/wp-content\/uploads\/2018\/06\/742.png","contentUrl":"https:\/\/conexbooks.de\/a\/shop\/wp-content\/uploads\/2018\/06\/742.png","width":285,"height":400},{"@type":"BreadcrumbList","@id":"https:\/\/conexbooks.de\/a\/shop\/produkt\/gfk-zeitschrift-empathische-zeit-1-2018\/#breadcrumb","itemListElement":[{"@type":"ListItem","position":1,"name":"Home","item":"https:\/\/conexbooks.de\/a\/shop\/"},{"@type":"ListItem","position":2,"name":"Shop","item":"https:\/\/conexbooks.de\/a\/shop\/shop\/"},{"@type":"ListItem","position":3,"name":"GFK-Zeitschrift: Empathische Zeit; Heft 1\/2018 &#8222;Let\u00b4s talk about Sex&#8220;"}]},{"@type":"WebSite","@id":"https:\/\/conexbooks.de\/a\/shop\/#website","url":"https:\/\/conexbooks.de\/a\/shop\/","name":"Conex-Shop","description":"Alles f\u00fcr die gewaltfreie Kommunikation: B\u00fccher, Spiele. Handpuppen Seminarmaterial und Geschenke","publisher":{"@id":"https:\/\/conexbooks.de\/a\/shop\/#organization"},"potentialAction":[{"@type":"SearchAction","target":{"@type":"EntryPoint","urlTemplate":"https:\/\/conexbooks.de\/a\/shop\/?s={search_term_string}"},"query-input":{"@type":"PropertyValueSpecification","valueRequired":true,"valueName":"search_term_string"}}],"inLanguage":"de"},{"@type":"Organization","@id":"https:\/\/conexbooks.de\/a\/shop\/#organization","name":"Conex - books and more","url":"https:\/\/conexbooks.de\/a\/shop\/","logo":{"@type":"ImageObject","inLanguage":"de","@id":"https:\/\/conexbooks.de\/a\/shop\/#\/schema\/logo\/image\/","url":"https:\/\/conexbooks.de\/a\/shop\/wp-content\/uploads\/2017\/12\/co-logo.png","contentUrl":"https:\/\/conexbooks.de\/a\/shop\/wp-content\/uploads\/2017\/12\/co-logo.png","width":243,"height":122,"caption":"Conex - books and more"},"image":{"@id":"https:\/\/conexbooks.de\/a\/shop\/#\/schema\/logo\/image\/"}}]}},"_links":{"self":[{"href":"https:\/\/conexbooks.de\/a\/shop\/wp-json\/wp\/v2\/product\/5919","targetHints":{"allow":["GET"]}}],"collection":[{"href":"https:\/\/conexbooks.de\/a\/shop\/wp-json\/wp\/v2\/product"}],"about":[{"href":"https:\/\/conexbooks.de\/a\/shop\/wp-json\/wp\/v2\/types\/product"}],"wp:featuredmedia":[{"embeddable":true,"href":"https:\/\/conexbooks.de\/a\/shop\/wp-json\/wp\/v2\/media\/5918"}],"wp:attachment":[{"href":"https:\/\/conexbooks.de\/a\/shop\/wp-json\/wp\/v2\/media?parent=5919"}],"wp:term":[{"taxonomy":"product_brand","embeddable":true,"href":"https:\/\/conexbooks.de\/a\/shop\/wp-json\/wp\/v2\/product_brand?post=5919"},{"taxonomy":"product_cat","embeddable":true,"href":"https:\/\/conexbooks.de\/a\/shop\/wp-json\/wp\/v2\/product_cat?post=5919"},{"taxonomy":"product_tag","embeddable":true,"href":"https:\/\/conexbooks.de\/a\/shop\/wp-json\/wp\/v2\/product_tag?post=5919"}],"curies":[{"name":"wp","href":"https:\/\/api.w.org\/{rel}","templated":true}]}}