{"id":6818,"date":"2018-09-14T22:04:55","date_gmt":"2018-09-14T20:04:55","guid":{"rendered":"https:\/\/conexbooks.de\/a\/shop\/?post_type=product&#038;p=6818"},"modified":"2022-11-15T16:42:53","modified_gmt":"2022-11-15T15:42:53","slug":"gfk-zeitschrift-empathische-zeit-heft-3-2018","status":"publish","type":"product","link":"https:\/\/conexbooks.de\/a\/shop\/produkt\/gfk-zeitschrift-empathische-zeit-heft-3-2018\/","title":{"rendered":"GFK-Zeitschrift: Empathische Zeit; Heft 3\/2018 &#8222;Empathie&#8220;"},"content":{"rendered":"<h4>Empathische Zeit<\/h4>\n<h4>Schwerpunkt-Thema: &#8222;Die hohe Schule: Empathie&#8220;<\/h4>\n<p>AutorInnen sind unter anderem die schwedische Trainerin und Autorin Liv Larsson, Gerhard Rothhaupt, Al Weckert, Adelheid Sieglin und Christian Peters, Lorna Ritchie, Verena Ohn, Marina Stege, Simran K. Wester, Andreas Spannl, Bieke Meller, Dr. Uwe Kr\u00fcger, Kai Meinertshagen, Michael d&#8217;Aguiar, Melanie Bieber, Klaus Karst\u00e4dt, Janne Ellenberger, Petra Kumm, Timo Gesterkamp, Andrea Poehner, Katharina Sander, Michael Hortmann und viele andere.<\/p>\n<p>Dazu finden Sie Berichte \u00fcber<\/p>\n<p>\u2022 den bevorstehenden Tag der GFK<br \/>\n\u2022 die Mediation in Gruppen und Teams<br \/>\n\u2022 den dritten Teil unserer Serie GFK-Basiswissen: Bed\u00fcrfnisse<br \/>\n\u2022 spannende Veranstaltungen, die in den vergangenen Wochen viele Fans gefunden haben,<br \/>\n\u2022 Aktivit\u00e4ten im GFK-Netzwerk,<br \/>\n\u2022 die Ergebnisse unserer Aktion &#8222;Gro\u00dfe Liebe gesucht&#8220;<\/p>\n<p>Au\u00dferdem gibt es einen Bericht \u00fcber GFK an einer M\u00fcnchner Berufsschule.<\/p>\n<h4><a href=\"https:\/\/conexbooks.de\/a\/shop\/produkt-kategorie\/empathische-zeitschrift\/\">Alle Emphatische Zeit Hefte anschauen<\/a><\/h4>\n<div id='1' class='widgets_on_page wop_tiny1  wop_small1  wop_medium1  wop_large1  wop_wide1'>\n\t\t\t<ul><li id=\"custom_html-4\" class=\"widget_text widget widget_custom_html\"><div class=\"textwidget custom-html-widget\"><div style=\"text-align:left;\">\r\n<button class = \"button\" style=\"height: 30px; font-size: 0.8em;\" name=\"zuruck\" type=\"button\" onclick=\"history.back()\">Zur\u00fcck zur \u00dcbersicht<\/button><\/div><\/div><\/li><\/ul><\/div><!-- widgets_on_page -->\n","protected":false},"excerpt":{"rendered":"<h3>Magazin f\u00fcr Konfliktl\u00f6sung und sozialen Wandel<\/h3>\n<h3>Thema: Empathie<\/h3>\n<h4>Heft 3\/2018<\/h4>\n<p>76 Seiten<br \/>\nerschienen bei Empathikon.de<\/p>\n<p>Gem\u00e4\u00df Fernhandelsgesetz sind Zeitungen und Zeitschriften vom Umtausch ausgeschlossen.<\/p>\n","protected":false},"featured_media":6819,"template":"","meta":[],"product_brand":[],"product_cat":[57],"product_tag":[122,61,104],"class_list":{"0":"post-6818","1":"product","2":"type-product","3":"status-publish","4":"has-post-thumbnail","6":"product_cat-empathische-zeitschrift","7":"product_tag-beduerfnisse","8":"product_tag-mediation","9":"product_tag-empathie","11":"first","12":"instock","13":"shipping-taxable","14":"purchasable","15":"product-type-simple"},"yoast_head":"<!-- This site is optimized with the Yoast SEO plugin v27.6 - https:\/\/yoast.com\/product\/yoast-seo-wordpress\/ -->\n<title>GFK-Zeitschrift: Empathische Zeit; Heft 3\/2018 &quot;Empathie&quot; - Conex-Shop<\/title>\n<meta name=\"robots\" content=\"index, follow, max-snippet:-1, max-image-preview:large, max-video-preview:-1\" \/>\n<link rel=\"canonical\" href=\"https:\/\/conexbooks.de\/a\/shop\/produkt\/gfk-zeitschrift-empathische-zeit-heft-3-2018\/\" \/>\n<meta property=\"og:locale\" content=\"de_DE\" \/>\n<meta property=\"og:type\" content=\"article\" \/>\n<meta property=\"og:title\" content=\"GFK-Zeitschrift: Empathische Zeit; Heft 3\/2018 &quot;Empathie&quot; - Conex-Shop\" \/>\n<meta property=\"og:description\" content=\"Magazin f\u00fcr Konfliktl\u00f6sung und sozialen Wandel Thema: Empathie Heft 3\/2018 76 Seiten erschienen bei Empathikon.de  Gem\u00e4\u00df Fernhandelsgesetz sind Zeitungen und Zeitschriften vom Umtausch ausgeschlossen.\" \/>\n<meta property=\"og:url\" content=\"https:\/\/conexbooks.de\/a\/shop\/produkt\/gfk-zeitschrift-empathische-zeit-heft-3-2018\/\" \/>\n<meta property=\"og:site_name\" content=\"Conex-Shop\" \/>\n<meta property=\"article:modified_time\" content=\"2022-11-15T15:42:53+00:00\" \/>\n<meta property=\"og:image\" content=\"https:\/\/conexbooks.de\/a\/shop\/wp-content\/uploads\/2018\/09\/i744.jpg\" \/>\n\t<meta property=\"og:image:width\" content=\"284\" \/>\n\t<meta property=\"og:image:height\" content=\"395\" \/>\n\t<meta property=\"og:image:type\" content=\"image\/jpeg\" \/>\n<meta name=\"twitter:card\" content=\"summary_large_image\" \/>\n<meta name=\"twitter:label1\" content=\"Gesch\u00e4tzte Lesezeit\" \/>\n\t<meta name=\"twitter:data1\" content=\"1\u00a0Minute\" \/>\n<script type=\"application\/ld+json\" class=\"yoast-schema-graph\">{\"@context\":\"https:\\\/\\\/schema.org\",\"@graph\":[{\"@type\":\"WebPage\",\"@id\":\"https:\\\/\\\/conexbooks.de\\\/a\\\/shop\\\/produkt\\\/gfk-zeitschrift-empathische-zeit-heft-3-2018\\\/\",\"url\":\"https:\\\/\\\/conexbooks.de\\\/a\\\/shop\\\/produkt\\\/gfk-zeitschrift-empathische-zeit-heft-3-2018\\\/\",\"name\":\"GFK-Zeitschrift: Empathische Zeit; Heft 3\\\/2018 \\\"Empathie\\\" - Conex-Shop\",\"isPartOf\":{\"@id\":\"https:\\\/\\\/conexbooks.de\\\/a\\\/shop\\\/#website\"},\"primaryImageOfPage\":{\"@id\":\"https:\\\/\\\/conexbooks.de\\\/a\\\/shop\\\/produkt\\\/gfk-zeitschrift-empathische-zeit-heft-3-2018\\\/#primaryimage\"},\"image\":{\"@id\":\"https:\\\/\\\/conexbooks.de\\\/a\\\/shop\\\/produkt\\\/gfk-zeitschrift-empathische-zeit-heft-3-2018\\\/#primaryimage\"},\"thumbnailUrl\":\"https:\\\/\\\/conexbooks.de\\\/a\\\/shop\\\/wp-content\\\/uploads\\\/2018\\\/09\\\/i744.jpg\",\"datePublished\":\"2018-09-14T20:04:55+00:00\",\"dateModified\":\"2022-11-15T15:42:53+00:00\",\"breadcrumb\":{\"@id\":\"https:\\\/\\\/conexbooks.de\\\/a\\\/shop\\\/produkt\\\/gfk-zeitschrift-empathische-zeit-heft-3-2018\\\/#breadcrumb\"},\"inLanguage\":\"de\",\"potentialAction\":[{\"@type\":\"ReadAction\",\"target\":[\"https:\\\/\\\/conexbooks.de\\\/a\\\/shop\\\/produkt\\\/gfk-zeitschrift-empathische-zeit-heft-3-2018\\\/\"]}]},{\"@type\":\"ImageObject\",\"inLanguage\":\"de\",\"@id\":\"https:\\\/\\\/conexbooks.de\\\/a\\\/shop\\\/produkt\\\/gfk-zeitschrift-empathische-zeit-heft-3-2018\\\/#primaryimage\",\"url\":\"https:\\\/\\\/conexbooks.de\\\/a\\\/shop\\\/wp-content\\\/uploads\\\/2018\\\/09\\\/i744.jpg\",\"contentUrl\":\"https:\\\/\\\/conexbooks.de\\\/a\\\/shop\\\/wp-content\\\/uploads\\\/2018\\\/09\\\/i744.jpg\",\"width\":284,\"height\":395},{\"@type\":\"BreadcrumbList\",\"@id\":\"https:\\\/\\\/conexbooks.de\\\/a\\\/shop\\\/produkt\\\/gfk-zeitschrift-empathische-zeit-heft-3-2018\\\/#breadcrumb\",\"itemListElement\":[{\"@type\":\"ListItem\",\"position\":1,\"name\":\"Home\",\"item\":\"https:\\\/\\\/conexbooks.de\\\/a\\\/shop\\\/\"},{\"@type\":\"ListItem\",\"position\":2,\"name\":\"Shop\",\"item\":\"https:\\\/\\\/conexbooks.de\\\/a\\\/shop\\\/shop\\\/\"},{\"@type\":\"ListItem\",\"position\":3,\"name\":\"GFK-Zeitschrift: Empathische Zeit; Heft 3\\\/2018 &#8222;Empathie&#8220;\"}]},{\"@type\":\"WebSite\",\"@id\":\"https:\\\/\\\/conexbooks.de\\\/a\\\/shop\\\/#website\",\"url\":\"https:\\\/\\\/conexbooks.de\\\/a\\\/shop\\\/\",\"name\":\"Conex-Shop\",\"description\":\"Alles f\u00fcr die gewaltfreie Kommunikation: B\u00fccher, Spiele. Handpuppen Seminarmaterial und Geschenke\",\"publisher\":{\"@id\":\"https:\\\/\\\/conexbooks.de\\\/a\\\/shop\\\/#organization\"},\"potentialAction\":[{\"@type\":\"SearchAction\",\"target\":{\"@type\":\"EntryPoint\",\"urlTemplate\":\"https:\\\/\\\/conexbooks.de\\\/a\\\/shop\\\/?s={search_term_string}\"},\"query-input\":{\"@type\":\"PropertyValueSpecification\",\"valueRequired\":true,\"valueName\":\"search_term_string\"}}],\"inLanguage\":\"de\"},{\"@type\":\"Organization\",\"@id\":\"https:\\\/\\\/conexbooks.de\\\/a\\\/shop\\\/#organization\",\"name\":\"Conex - books and more\",\"url\":\"https:\\\/\\\/conexbooks.de\\\/a\\\/shop\\\/\",\"logo\":{\"@type\":\"ImageObject\",\"inLanguage\":\"de\",\"@id\":\"https:\\\/\\\/conexbooks.de\\\/a\\\/shop\\\/#\\\/schema\\\/logo\\\/image\\\/\",\"url\":\"https:\\\/\\\/conexbooks.de\\\/a\\\/shop\\\/wp-content\\\/uploads\\\/2017\\\/12\\\/co-logo.png\",\"contentUrl\":\"https:\\\/\\\/conexbooks.de\\\/a\\\/shop\\\/wp-content\\\/uploads\\\/2017\\\/12\\\/co-logo.png\",\"width\":243,\"height\":122,\"caption\":\"Conex - books and more\"},\"image\":{\"@id\":\"https:\\\/\\\/conexbooks.de\\\/a\\\/shop\\\/#\\\/schema\\\/logo\\\/image\\\/\"}}]}<\/script>\n<!-- \/ Yoast SEO plugin. -->","yoast_head_json":{"title":"GFK-Zeitschrift: Empathische Zeit; Heft 3\/2018 \"Empathie\" - Conex-Shop","robots":{"index":"index","follow":"follow","max-snippet":"max-snippet:-1","max-image-preview":"max-image-preview:large","max-video-preview":"max-video-preview:-1"},"canonical":"https:\/\/conexbooks.de\/a\/shop\/produkt\/gfk-zeitschrift-empathische-zeit-heft-3-2018\/","og_locale":"de_DE","og_type":"article","og_title":"GFK-Zeitschrift: Empathische Zeit; Heft 3\/2018 \"Empathie\" - Conex-Shop","og_description":"Magazin f\u00fcr Konfliktl\u00f6sung und sozialen Wandel Thema: Empathie Heft 3\/2018 76 Seiten erschienen bei Empathikon.de  Gem\u00e4\u00df Fernhandelsgesetz sind Zeitungen und Zeitschriften vom Umtausch ausgeschlossen.","og_url":"https:\/\/conexbooks.de\/a\/shop\/produkt\/gfk-zeitschrift-empathische-zeit-heft-3-2018\/","og_site_name":"Conex-Shop","article_modified_time":"2022-11-15T15:42:53+00:00","og_image":[{"width":284,"height":395,"url":"https:\/\/conexbooks.de\/a\/shop\/wp-content\/uploads\/2018\/09\/i744.jpg","type":"image\/jpeg"}],"twitter_card":"summary_large_image","twitter_misc":{"Gesch\u00e4tzte Lesezeit":"1\u00a0Minute"},"schema":{"@context":"https:\/\/schema.org","@graph":[{"@type":"WebPage","@id":"https:\/\/conexbooks.de\/a\/shop\/produkt\/gfk-zeitschrift-empathische-zeit-heft-3-2018\/","url":"https:\/\/conexbooks.de\/a\/shop\/produkt\/gfk-zeitschrift-empathische-zeit-heft-3-2018\/","name":"GFK-Zeitschrift: Empathische Zeit; Heft 3\/2018 \"Empathie\" - Conex-Shop","isPartOf":{"@id":"https:\/\/conexbooks.de\/a\/shop\/#website"},"primaryImageOfPage":{"@id":"https:\/\/conexbooks.de\/a\/shop\/produkt\/gfk-zeitschrift-empathische-zeit-heft-3-2018\/#primaryimage"},"image":{"@id":"https:\/\/conexbooks.de\/a\/shop\/produkt\/gfk-zeitschrift-empathische-zeit-heft-3-2018\/#primaryimage"},"thumbnailUrl":"https:\/\/conexbooks.de\/a\/shop\/wp-content\/uploads\/2018\/09\/i744.jpg","datePublished":"2018-09-14T20:04:55+00:00","dateModified":"2022-11-15T15:42:53+00:00","breadcrumb":{"@id":"https:\/\/conexbooks.de\/a\/shop\/produkt\/gfk-zeitschrift-empathische-zeit-heft-3-2018\/#breadcrumb"},"inLanguage":"de","potentialAction":[{"@type":"ReadAction","target":["https:\/\/conexbooks.de\/a\/shop\/produkt\/gfk-zeitschrift-empathische-zeit-heft-3-2018\/"]}]},{"@type":"ImageObject","inLanguage":"de","@id":"https:\/\/conexbooks.de\/a\/shop\/produkt\/gfk-zeitschrift-empathische-zeit-heft-3-2018\/#primaryimage","url":"https:\/\/conexbooks.de\/a\/shop\/wp-content\/uploads\/2018\/09\/i744.jpg","contentUrl":"https:\/\/conexbooks.de\/a\/shop\/wp-content\/uploads\/2018\/09\/i744.jpg","width":284,"height":395},{"@type":"BreadcrumbList","@id":"https:\/\/conexbooks.de\/a\/shop\/produkt\/gfk-zeitschrift-empathische-zeit-heft-3-2018\/#breadcrumb","itemListElement":[{"@type":"ListItem","position":1,"name":"Home","item":"https:\/\/conexbooks.de\/a\/shop\/"},{"@type":"ListItem","position":2,"name":"Shop","item":"https:\/\/conexbooks.de\/a\/shop\/shop\/"},{"@type":"ListItem","position":3,"name":"GFK-Zeitschrift: Empathische Zeit; Heft 3\/2018 &#8222;Empathie&#8220;"}]},{"@type":"WebSite","@id":"https:\/\/conexbooks.de\/a\/shop\/#website","url":"https:\/\/conexbooks.de\/a\/shop\/","name":"Conex-Shop","description":"Alles f\u00fcr die gewaltfreie Kommunikation: B\u00fccher, Spiele. Handpuppen Seminarmaterial und Geschenke","publisher":{"@id":"https:\/\/conexbooks.de\/a\/shop\/#organization"},"potentialAction":[{"@type":"SearchAction","target":{"@type":"EntryPoint","urlTemplate":"https:\/\/conexbooks.de\/a\/shop\/?s={search_term_string}"},"query-input":{"@type":"PropertyValueSpecification","valueRequired":true,"valueName":"search_term_string"}}],"inLanguage":"de"},{"@type":"Organization","@id":"https:\/\/conexbooks.de\/a\/shop\/#organization","name":"Conex - books and more","url":"https:\/\/conexbooks.de\/a\/shop\/","logo":{"@type":"ImageObject","inLanguage":"de","@id":"https:\/\/conexbooks.de\/a\/shop\/#\/schema\/logo\/image\/","url":"https:\/\/conexbooks.de\/a\/shop\/wp-content\/uploads\/2017\/12\/co-logo.png","contentUrl":"https:\/\/conexbooks.de\/a\/shop\/wp-content\/uploads\/2017\/12\/co-logo.png","width":243,"height":122,"caption":"Conex - books and more"},"image":{"@id":"https:\/\/conexbooks.de\/a\/shop\/#\/schema\/logo\/image\/"}}]}},"_links":{"self":[{"href":"https:\/\/conexbooks.de\/a\/shop\/wp-json\/wp\/v2\/product\/6818","targetHints":{"allow":["GET"]}}],"collection":[{"href":"https:\/\/conexbooks.de\/a\/shop\/wp-json\/wp\/v2\/product"}],"about":[{"href":"https:\/\/conexbooks.de\/a\/shop\/wp-json\/wp\/v2\/types\/product"}],"wp:featuredmedia":[{"embeddable":true,"href":"https:\/\/conexbooks.de\/a\/shop\/wp-json\/wp\/v2\/media\/6819"}],"wp:attachment":[{"href":"https:\/\/conexbooks.de\/a\/shop\/wp-json\/wp\/v2\/media?parent=6818"}],"wp:term":[{"taxonomy":"product_brand","embeddable":true,"href":"https:\/\/conexbooks.de\/a\/shop\/wp-json\/wp\/v2\/product_brand?post=6818"},{"taxonomy":"product_cat","embeddable":true,"href":"https:\/\/conexbooks.de\/a\/shop\/wp-json\/wp\/v2\/product_cat?post=6818"},{"taxonomy":"product_tag","embeddable":true,"href":"https:\/\/conexbooks.de\/a\/shop\/wp-json\/wp\/v2\/product_tag?post=6818"}],"curies":[{"name":"wp","href":"https:\/\/api.w.org\/{rel}","templated":true}]}}