{"id":6821,"date":"2018-09-14T23:21:09","date_gmt":"2018-09-14T21:21:09","guid":{"rendered":"https:\/\/conexbooks.de\/a\/shop\/?post_type=product&#038;p=6821"},"modified":"2025-06-27T14:04:15","modified_gmt":"2025-06-27T12:04:15","slug":"mp3-cd-gewaltfreie-kommunikation-und-macht","status":"publish","type":"product","link":"https:\/\/conexbooks.de\/a\/shop\/produkt\/mp3-cd-gewaltfreie-kommunikation-und-macht\/","title":{"rendered":"MP3-CD: Gewaltfreie Kommunikation und Macht"},"content":{"rendered":"<h3>Das Buch &#8222;<strong>Gewaltfreie Kommunikation und Macht&#8220;<\/strong> als MP3-CD<\/h3>\n<h4>Dr. Marshall B. Rosenberg<\/h4>\n<p>Die Gewaltfreie Kommunikation kennt zwei Konzepte von Macht: \u201eMacht \u00fcber\u201c und \u201eMacht mit\u201c. Worin sie sich unterscheiden, darum geht es auf dieser CD. Die Frage, die sich in diesem Zusammenhang stellt, lautet: Wie ist es m\u00f6glich, seine Macht zu vergr\u00f6\u00dfern und dabei sowohl im Einklang mit den eigenen Werten und Bed\u00fcrfnissen als auch mit denen der anderen zu handeln?<\/p>\n<p>Die CD entstand auf der Grundlage eines Seminars, das Marshall Rosenberg vor einigen Jahren in Italien abhielt, in Zusammenarbeit mit Vilma Costetti. Im Austausch mit Seminarteilnehmern beleuchtet er verschiedene Machtbereiche, z.B. politische Macht und Macht in Unternehmen. Er untersucht auch, welche Rolle Macht in Schulen und Familien spielt und die Macht der Empathie und welche Bedeutung sie f\u00fcr unsere Gesundheit hat. In einfacher Sprache vermittelt diese CD einen sehr komplexen Sachverhalt. Sie zeigt uns, wie wir uns theoretisch und auch praktisch eine Form der Macht zu Eigen machen k\u00f6nnen, deren gr\u00f6\u00dfte Kraftquelle darin besteht, dass wir sie gemeinsam mit anderen aus\u00fcben.<\/p>\n<p>Auch als Buch erh\u00e4ltlich unter deutsche B\u00fccher.<\/p>\n<p>&amp;nbsp;<\/p>\n<div id='1' class='widgets_on_page wop_tiny1  wop_small1  wop_medium1  wop_large1  wop_wide1'>\n\t\t\t<ul><li id=\"custom_html-4\" class=\"widget_text widget widget_custom_html\"><div class=\"textwidget custom-html-widget\"><div style=\"text-align:left;\">\r\n<button class = \"button\" style=\"height: 30px; font-size: 0.8em;\" name=\"zuruck\" type=\"button\" onclick=\"history.back()\">Zur\u00fcck zur \u00dcbersicht<\/button><\/div><\/div><\/li><\/ul><\/div><!-- widgets_on_page -->\n<h3><\/h3>\n","protected":false},"excerpt":{"rendered":"<h3><span style=\"color: #ff0000;\">NEU! MP3-CD<\/span>: GFK und Macht in Institutionen, Gesellschaft und Familie<\/h3>\n<h3>Dr. Marshall B. Rosenberg<\/h3>\n<p>Sprecher:\u00a0\u00a0\u00a0\u00a0\u00a0\u00a0\u00a0\u00a0\u00a0\u00a0\u00a0 Wolfgang Berger, Heidi J\u00fcrgens, Svenja Pages, Frank Stieren<\/p>\n<p>L\u00e4nge:\u00a0\u00a0\u00a0\u00a0\u00a0\u00a0\u00a0\u00a0\u00a0\u00a0\u00a0\u00a0\u00a0\u00a0\u00a0\u00a0 260 Min.<\/p>\n<p>Erschienen: \u00a0 \u00a0 \u00a0 M\u00e4rz 2018<\/p>\n","protected":false},"featured_media":6824,"template":"","meta":[],"product_brand":[],"product_cat":[42,40],"product_tag":[],"class_list":{"0":"post-6821","1":"product","2":"type-product","3":"status-publish","4":"has-post-thumbnail","6":"product_cat-audio","7":"product_cat-grundlagen","9":"first","10":"instock","11":"shipping-taxable","12":"purchasable","13":"product-type-simple"},"yoast_head":"<!-- This site is optimized with the Yoast SEO plugin v27.4 - https:\/\/yoast.com\/product\/yoast-seo-wordpress\/ -->\n<title>MP3-CD: Gewaltfreie Kommunikation und Macht - Conex-Shop<\/title>\n<meta name=\"robots\" content=\"index, follow, max-snippet:-1, max-image-preview:large, max-video-preview:-1\" \/>\n<link rel=\"canonical\" href=\"https:\/\/conexbooks.de\/a\/shop\/produkt\/mp3-cd-gewaltfreie-kommunikation-und-macht\/\" \/>\n<meta property=\"og:locale\" content=\"de_DE\" \/>\n<meta property=\"og:type\" content=\"article\" \/>\n<meta property=\"og:title\" content=\"MP3-CD: Gewaltfreie Kommunikation und Macht - Conex-Shop\" \/>\n<meta property=\"og:description\" content=\"NEU! MP3-CD: GFK und Macht in Institutionen, Gesellschaft und Familie Dr. Marshall B. Rosenberg Sprecher:\u00a0\u00a0\u00a0\u00a0\u00a0\u00a0\u00a0\u00a0\u00a0\u00a0\u00a0 Wolfgang Berger, Heidi J\u00fcrgens, Svenja Pages, Frank Stieren  L\u00e4nge:\u00a0\u00a0\u00a0\u00a0\u00a0\u00a0\u00a0\u00a0\u00a0\u00a0\u00a0\u00a0\u00a0\u00a0\u00a0\u00a0 260 Min.  Erschienen: \u00a0 \u00a0 \u00a0 M\u00e4rz 2018\" \/>\n<meta property=\"og:url\" content=\"https:\/\/conexbooks.de\/a\/shop\/produkt\/mp3-cd-gewaltfreie-kommunikation-und-macht\/\" \/>\n<meta property=\"og:site_name\" content=\"Conex-Shop\" \/>\n<meta property=\"article:modified_time\" content=\"2025-06-27T12:04:15+00:00\" \/>\n<meta property=\"og:image\" content=\"https:\/\/conexbooks.de\/a\/shop\/wp-content\/uploads\/2018\/09\/445.jpg\" \/>\n\t<meta property=\"og:image:width\" content=\"200\" \/>\n\t<meta property=\"og:image:height\" content=\"200\" \/>\n\t<meta property=\"og:image:type\" content=\"image\/jpeg\" \/>\n<meta name=\"twitter:card\" content=\"summary_large_image\" \/>\n<meta name=\"twitter:label1\" content=\"Gesch\u00e4tzte Lesezeit\" \/>\n\t<meta name=\"twitter:data1\" content=\"1\u00a0Minute\" \/>\n<script type=\"application\/ld+json\" class=\"yoast-schema-graph\">{\"@context\":\"https:\\\/\\\/schema.org\",\"@graph\":[{\"@type\":\"WebPage\",\"@id\":\"https:\\\/\\\/conexbooks.de\\\/a\\\/shop\\\/produkt\\\/mp3-cd-gewaltfreie-kommunikation-und-macht\\\/\",\"url\":\"https:\\\/\\\/conexbooks.de\\\/a\\\/shop\\\/produkt\\\/mp3-cd-gewaltfreie-kommunikation-und-macht\\\/\",\"name\":\"MP3-CD: Gewaltfreie Kommunikation und Macht - Conex-Shop\",\"isPartOf\":{\"@id\":\"https:\\\/\\\/conexbooks.de\\\/a\\\/shop\\\/#website\"},\"primaryImageOfPage\":{\"@id\":\"https:\\\/\\\/conexbooks.de\\\/a\\\/shop\\\/produkt\\\/mp3-cd-gewaltfreie-kommunikation-und-macht\\\/#primaryimage\"},\"image\":{\"@id\":\"https:\\\/\\\/conexbooks.de\\\/a\\\/shop\\\/produkt\\\/mp3-cd-gewaltfreie-kommunikation-und-macht\\\/#primaryimage\"},\"thumbnailUrl\":\"https:\\\/\\\/conexbooks.de\\\/a\\\/shop\\\/wp-content\\\/uploads\\\/2018\\\/09\\\/445.jpg\",\"datePublished\":\"2018-09-14T21:21:09+00:00\",\"dateModified\":\"2025-06-27T12:04:15+00:00\",\"breadcrumb\":{\"@id\":\"https:\\\/\\\/conexbooks.de\\\/a\\\/shop\\\/produkt\\\/mp3-cd-gewaltfreie-kommunikation-und-macht\\\/#breadcrumb\"},\"inLanguage\":\"de\",\"potentialAction\":[{\"@type\":\"ReadAction\",\"target\":[\"https:\\\/\\\/conexbooks.de\\\/a\\\/shop\\\/produkt\\\/mp3-cd-gewaltfreie-kommunikation-und-macht\\\/\"]}]},{\"@type\":\"ImageObject\",\"inLanguage\":\"de\",\"@id\":\"https:\\\/\\\/conexbooks.de\\\/a\\\/shop\\\/produkt\\\/mp3-cd-gewaltfreie-kommunikation-und-macht\\\/#primaryimage\",\"url\":\"https:\\\/\\\/conexbooks.de\\\/a\\\/shop\\\/wp-content\\\/uploads\\\/2018\\\/09\\\/445.jpg\",\"contentUrl\":\"https:\\\/\\\/conexbooks.de\\\/a\\\/shop\\\/wp-content\\\/uploads\\\/2018\\\/09\\\/445.jpg\",\"width\":200,\"height\":200},{\"@type\":\"BreadcrumbList\",\"@id\":\"https:\\\/\\\/conexbooks.de\\\/a\\\/shop\\\/produkt\\\/mp3-cd-gewaltfreie-kommunikation-und-macht\\\/#breadcrumb\",\"itemListElement\":[{\"@type\":\"ListItem\",\"position\":1,\"name\":\"Home\",\"item\":\"https:\\\/\\\/conexbooks.de\\\/a\\\/shop\\\/\"},{\"@type\":\"ListItem\",\"position\":2,\"name\":\"Shop\",\"item\":\"https:\\\/\\\/conexbooks.de\\\/a\\\/shop\\\/shop\\\/\"},{\"@type\":\"ListItem\",\"position\":3,\"name\":\"MP3-CD: Gewaltfreie Kommunikation und Macht\"}]},{\"@type\":\"WebSite\",\"@id\":\"https:\\\/\\\/conexbooks.de\\\/a\\\/shop\\\/#website\",\"url\":\"https:\\\/\\\/conexbooks.de\\\/a\\\/shop\\\/\",\"name\":\"Conex-Shop\",\"description\":\"Alles f\u00fcr die gewaltfreie Kommunikation: B\u00fccher, Spiele. Handpuppen Seminarmaterial und Geschenke\",\"publisher\":{\"@id\":\"https:\\\/\\\/conexbooks.de\\\/a\\\/shop\\\/#organization\"},\"potentialAction\":[{\"@type\":\"SearchAction\",\"target\":{\"@type\":\"EntryPoint\",\"urlTemplate\":\"https:\\\/\\\/conexbooks.de\\\/a\\\/shop\\\/?s={search_term_string}\"},\"query-input\":{\"@type\":\"PropertyValueSpecification\",\"valueRequired\":true,\"valueName\":\"search_term_string\"}}],\"inLanguage\":\"de\"},{\"@type\":\"Organization\",\"@id\":\"https:\\\/\\\/conexbooks.de\\\/a\\\/shop\\\/#organization\",\"name\":\"Conex - books and more\",\"url\":\"https:\\\/\\\/conexbooks.de\\\/a\\\/shop\\\/\",\"logo\":{\"@type\":\"ImageObject\",\"inLanguage\":\"de\",\"@id\":\"https:\\\/\\\/conexbooks.de\\\/a\\\/shop\\\/#\\\/schema\\\/logo\\\/image\\\/\",\"url\":\"https:\\\/\\\/conexbooks.de\\\/a\\\/shop\\\/wp-content\\\/uploads\\\/2017\\\/12\\\/co-logo.png\",\"contentUrl\":\"https:\\\/\\\/conexbooks.de\\\/a\\\/shop\\\/wp-content\\\/uploads\\\/2017\\\/12\\\/co-logo.png\",\"width\":243,\"height\":122,\"caption\":\"Conex - books and more\"},\"image\":{\"@id\":\"https:\\\/\\\/conexbooks.de\\\/a\\\/shop\\\/#\\\/schema\\\/logo\\\/image\\\/\"}}]}<\/script>\n<!-- \/ Yoast SEO plugin. -->","yoast_head_json":{"title":"MP3-CD: Gewaltfreie Kommunikation und Macht - Conex-Shop","robots":{"index":"index","follow":"follow","max-snippet":"max-snippet:-1","max-image-preview":"max-image-preview:large","max-video-preview":"max-video-preview:-1"},"canonical":"https:\/\/conexbooks.de\/a\/shop\/produkt\/mp3-cd-gewaltfreie-kommunikation-und-macht\/","og_locale":"de_DE","og_type":"article","og_title":"MP3-CD: Gewaltfreie Kommunikation und Macht - Conex-Shop","og_description":"NEU! MP3-CD: GFK und Macht in Institutionen, Gesellschaft und Familie Dr. Marshall B. Rosenberg Sprecher:\u00a0\u00a0\u00a0\u00a0\u00a0\u00a0\u00a0\u00a0\u00a0\u00a0\u00a0 Wolfgang Berger, Heidi J\u00fcrgens, Svenja Pages, Frank Stieren  L\u00e4nge:\u00a0\u00a0\u00a0\u00a0\u00a0\u00a0\u00a0\u00a0\u00a0\u00a0\u00a0\u00a0\u00a0\u00a0\u00a0\u00a0 260 Min.  Erschienen: \u00a0 \u00a0 \u00a0 M\u00e4rz 2018","og_url":"https:\/\/conexbooks.de\/a\/shop\/produkt\/mp3-cd-gewaltfreie-kommunikation-und-macht\/","og_site_name":"Conex-Shop","article_modified_time":"2025-06-27T12:04:15+00:00","og_image":[{"width":200,"height":200,"url":"https:\/\/conexbooks.de\/a\/shop\/wp-content\/uploads\/2018\/09\/445.jpg","type":"image\/jpeg"}],"twitter_card":"summary_large_image","twitter_misc":{"Gesch\u00e4tzte Lesezeit":"1\u00a0Minute"},"schema":{"@context":"https:\/\/schema.org","@graph":[{"@type":"WebPage","@id":"https:\/\/conexbooks.de\/a\/shop\/produkt\/mp3-cd-gewaltfreie-kommunikation-und-macht\/","url":"https:\/\/conexbooks.de\/a\/shop\/produkt\/mp3-cd-gewaltfreie-kommunikation-und-macht\/","name":"MP3-CD: Gewaltfreie Kommunikation und Macht - Conex-Shop","isPartOf":{"@id":"https:\/\/conexbooks.de\/a\/shop\/#website"},"primaryImageOfPage":{"@id":"https:\/\/conexbooks.de\/a\/shop\/produkt\/mp3-cd-gewaltfreie-kommunikation-und-macht\/#primaryimage"},"image":{"@id":"https:\/\/conexbooks.de\/a\/shop\/produkt\/mp3-cd-gewaltfreie-kommunikation-und-macht\/#primaryimage"},"thumbnailUrl":"https:\/\/conexbooks.de\/a\/shop\/wp-content\/uploads\/2018\/09\/445.jpg","datePublished":"2018-09-14T21:21:09+00:00","dateModified":"2025-06-27T12:04:15+00:00","breadcrumb":{"@id":"https:\/\/conexbooks.de\/a\/shop\/produkt\/mp3-cd-gewaltfreie-kommunikation-und-macht\/#breadcrumb"},"inLanguage":"de","potentialAction":[{"@type":"ReadAction","target":["https:\/\/conexbooks.de\/a\/shop\/produkt\/mp3-cd-gewaltfreie-kommunikation-und-macht\/"]}]},{"@type":"ImageObject","inLanguage":"de","@id":"https:\/\/conexbooks.de\/a\/shop\/produkt\/mp3-cd-gewaltfreie-kommunikation-und-macht\/#primaryimage","url":"https:\/\/conexbooks.de\/a\/shop\/wp-content\/uploads\/2018\/09\/445.jpg","contentUrl":"https:\/\/conexbooks.de\/a\/shop\/wp-content\/uploads\/2018\/09\/445.jpg","width":200,"height":200},{"@type":"BreadcrumbList","@id":"https:\/\/conexbooks.de\/a\/shop\/produkt\/mp3-cd-gewaltfreie-kommunikation-und-macht\/#breadcrumb","itemListElement":[{"@type":"ListItem","position":1,"name":"Home","item":"https:\/\/conexbooks.de\/a\/shop\/"},{"@type":"ListItem","position":2,"name":"Shop","item":"https:\/\/conexbooks.de\/a\/shop\/shop\/"},{"@type":"ListItem","position":3,"name":"MP3-CD: Gewaltfreie Kommunikation und Macht"}]},{"@type":"WebSite","@id":"https:\/\/conexbooks.de\/a\/shop\/#website","url":"https:\/\/conexbooks.de\/a\/shop\/","name":"Conex-Shop","description":"Alles f\u00fcr die gewaltfreie Kommunikation: B\u00fccher, Spiele. Handpuppen Seminarmaterial und Geschenke","publisher":{"@id":"https:\/\/conexbooks.de\/a\/shop\/#organization"},"potentialAction":[{"@type":"SearchAction","target":{"@type":"EntryPoint","urlTemplate":"https:\/\/conexbooks.de\/a\/shop\/?s={search_term_string}"},"query-input":{"@type":"PropertyValueSpecification","valueRequired":true,"valueName":"search_term_string"}}],"inLanguage":"de"},{"@type":"Organization","@id":"https:\/\/conexbooks.de\/a\/shop\/#organization","name":"Conex - books and more","url":"https:\/\/conexbooks.de\/a\/shop\/","logo":{"@type":"ImageObject","inLanguage":"de","@id":"https:\/\/conexbooks.de\/a\/shop\/#\/schema\/logo\/image\/","url":"https:\/\/conexbooks.de\/a\/shop\/wp-content\/uploads\/2017\/12\/co-logo.png","contentUrl":"https:\/\/conexbooks.de\/a\/shop\/wp-content\/uploads\/2017\/12\/co-logo.png","width":243,"height":122,"caption":"Conex - books and more"},"image":{"@id":"https:\/\/conexbooks.de\/a\/shop\/#\/schema\/logo\/image\/"}}]}},"_links":{"self":[{"href":"https:\/\/conexbooks.de\/a\/shop\/wp-json\/wp\/v2\/product\/6821","targetHints":{"allow":["GET"]}}],"collection":[{"href":"https:\/\/conexbooks.de\/a\/shop\/wp-json\/wp\/v2\/product"}],"about":[{"href":"https:\/\/conexbooks.de\/a\/shop\/wp-json\/wp\/v2\/types\/product"}],"wp:featuredmedia":[{"embeddable":true,"href":"https:\/\/conexbooks.de\/a\/shop\/wp-json\/wp\/v2\/media\/6824"}],"wp:attachment":[{"href":"https:\/\/conexbooks.de\/a\/shop\/wp-json\/wp\/v2\/media?parent=6821"}],"wp:term":[{"taxonomy":"product_brand","embeddable":true,"href":"https:\/\/conexbooks.de\/a\/shop\/wp-json\/wp\/v2\/product_brand?post=6821"},{"taxonomy":"product_cat","embeddable":true,"href":"https:\/\/conexbooks.de\/a\/shop\/wp-json\/wp\/v2\/product_cat?post=6821"},{"taxonomy":"product_tag","embeddable":true,"href":"https:\/\/conexbooks.de\/a\/shop\/wp-json\/wp\/v2\/product_tag?post=6821"}],"curies":[{"name":"wp","href":"https:\/\/api.w.org\/{rel}","templated":true}]}}