{"id":7003,"date":"2018-09-27T10:56:19","date_gmt":"2018-09-27T08:56:19","guid":{"rendered":"https:\/\/conexbooks.de\/a\/shop\/?post_type=product&#038;p=7003"},"modified":"2025-12-05T17:57:59","modified_gmt":"2025-12-05T16:57:59","slug":"kartenset-gewaltfreie-kommunikation","status":"publish","type":"product","link":"https:\/\/conexbooks.de\/a\/shop\/produkt\/kartenset-gewaltfreie-kommunikation\/","title":{"rendered":"Kartenset: Gewaltfreie Kommunikation"},"content":{"rendered":"<h4>Kartenset: Gewaltfreie Komunikation<br \/>\nDie Essenz der GFK in Schl\u00fcssels\u00e4tzen<\/h4>\n<h4>Marshall B. Rosenberg<\/h4>\n<p>Inhalt: 60 Karten mit bedruckter Vor- und R\u00fcckseite<\/p>\n<p>F\u00fcr dieses Kartenset wurden zentrale Inhalte aus Marshall Rosenbergs Buch \u201eGewaltfreie Kommunikation. Eine Sprache des Lebens\u201c entnommen. Sie wurden so aufbereitet, dass sie sich gut in Lerngruppen und Trainings, aber auch f\u00fcr das Selbststudium einsetzen lassen. Die Karten vermitteln die Essenz der GFK in knappen, konzentrierten Schl\u00fcssels\u00e4tzen: Impulse, Einsichten und \u00fcberraschende Gedanken wechseln mit konkreten \u00dcbungss\u00e4tzen und Handlungsempfehlungen ab. Auf der R\u00fcckseite jeder Karte wird der jeweilige Schl\u00fcsselsatz erl\u00e4utert und in den Kontext von Rosenbergs Denken gestellt. So \u00fcben Sie t\u00e4glich eine kleine Portion GFK ein und werden auf diese Weise die \u201eSprache des Lebens\u201c besser anwenden k\u00f6nnen.<br \/>\n<div id='1' class='widgets_on_page wop_tiny1  wop_small1  wop_medium1  wop_large1  wop_wide1'>\n\t\t\t<ul><li id=\"custom_html-4\" class=\"widget_text widget widget_custom_html\"><div class=\"textwidget custom-html-widget\"><div style=\"text-align:left;\">\r\n<button class = \"button\" style=\"height: 30px; font-size: 0.8em;\" name=\"zuruck\" type=\"button\" onclick=\"history.back()\">Zur\u00fcck zur \u00dcbersicht<\/button><\/div><\/div><\/li><\/ul><\/div><!-- widgets_on_page --><\/p>\n","protected":false},"excerpt":{"rendered":"<h4>Kartenset Gewaltfreie Kommunikation<br \/>\nDie Essenz der GFK in Schl\u00fcssels\u00e4tzen<\/h4>\n<h4>Marshall B. Rosenberg<\/h4>\n<p>Zentrale Inhalte aus Marshall Rosenbergs Buch \u201eGewaltfreie Kommunikation. Eine Sprache des Lebens\u201c auf 60 Karten als Gedankenimpuls oder \u00dcbungsanregung konzentriert dargestellt. Zur t\u00e4glichen Inspiration und \u00dcbung.<br \/>\nErschienen am 21.09.2018 im Junfermann-Verlag<br \/>\n60 Seiten, Karteikarten<br \/>\nFormat: 10.5 x 15.0 cm<\/p>\n","protected":false},"featured_media":7004,"template":"","meta":[],"product_brand":[],"product_cat":[45,35,481,56,51,47],"product_tag":[304,68,32,104,306,307,119,70,305,219,71,74,131],"class_list":{"0":"post-7003","1":"product","2":"type-product","3":"status-publish","4":"has-post-thumbnail","6":"product_cat-arbeit-sonstiges","7":"product_cat-besonders","8":"product_cat-gefuehle-und-beduerfniskarten","9":"product_cat-geschenke","10":"product_cat-seminarmaterial","11":"product_cat-sonstiges","12":"product_tag-achtsamkeit","13":"product_tag-cards","14":"product_tag-einfuehrung","15":"product_tag-empathie","16":"product_tag-essenz","17":"product_tag-gfk","18":"product_tag-gfk-haltung","19":"product_tag-gfk-praxistauglich","20":"product_tag-impulse","21":"product_tag-innere-haltung","22":"product_tag-kartenset","23":"product_tag-unterwegs","24":"product_tag-wertschaetzung","26":"first","27":"instock","28":"shipping-taxable","29":"purchasable","30":"product-type-simple"},"yoast_head":"<!-- This site is optimized with the Yoast SEO plugin v27.4 - https:\/\/yoast.com\/product\/yoast-seo-wordpress\/ -->\n<title>Kartenset: Gewaltfreie Kommunikation - Conex-Shop<\/title>\n<meta name=\"robots\" content=\"index, follow, max-snippet:-1, max-image-preview:large, max-video-preview:-1\" \/>\n<link rel=\"canonical\" href=\"https:\/\/conexbooks.de\/a\/shop\/produkt\/kartenset-gewaltfreie-kommunikation\/\" \/>\n<meta property=\"og:locale\" content=\"de_DE\" \/>\n<meta property=\"og:type\" content=\"article\" \/>\n<meta property=\"og:title\" content=\"Kartenset: Gewaltfreie Kommunikation - Conex-Shop\" \/>\n<meta property=\"og:description\" content=\"Kartenset Gewaltfreie Kommunikation Die Essenz der GFK in Schl\u00fcssels\u00e4tzen Marshall B. Rosenberg Zentrale Inhalte aus Marshall Rosenbergs Buch \u201eGewaltfreie Kommunikation. Eine Sprache des Lebens\u201c auf 60 Karten als Gedankenimpuls oder \u00dcbungsanregung konzentriert dargestellt. Zur t\u00e4glichen Inspiration und \u00dcbung. Erschienen am 21.09.2018 im Junfermann-Verlag 60 Seiten, Karteikarten Format: 10.5 x 15.0 cm\" \/>\n<meta property=\"og:url\" content=\"https:\/\/conexbooks.de\/a\/shop\/produkt\/kartenset-gewaltfreie-kommunikation\/\" \/>\n<meta property=\"og:site_name\" content=\"Conex-Shop\" \/>\n<meta property=\"article:modified_time\" content=\"2025-12-05T16:57:59+00:00\" \/>\n<meta property=\"og:image\" content=\"https:\/\/conexbooks.de\/a\/shop\/wp-content\/uploads\/2018\/09\/651-kartenset.jpg\" \/>\n\t<meta property=\"og:image:width\" content=\"342\" \/>\n\t<meta property=\"og:image:height\" content=\"250\" \/>\n\t<meta property=\"og:image:type\" content=\"image\/jpeg\" \/>\n<meta name=\"twitter:card\" content=\"summary_large_image\" \/>\n<meta name=\"twitter:label1\" content=\"Gesch\u00e4tzte Lesezeit\" \/>\n\t<meta name=\"twitter:data1\" content=\"1\u00a0Minute\" \/>\n<script type=\"application\/ld+json\" class=\"yoast-schema-graph\">{\"@context\":\"https:\\\/\\\/schema.org\",\"@graph\":[{\"@type\":\"WebPage\",\"@id\":\"https:\\\/\\\/conexbooks.de\\\/a\\\/shop\\\/produkt\\\/kartenset-gewaltfreie-kommunikation\\\/\",\"url\":\"https:\\\/\\\/conexbooks.de\\\/a\\\/shop\\\/produkt\\\/kartenset-gewaltfreie-kommunikation\\\/\",\"name\":\"Kartenset: Gewaltfreie Kommunikation - Conex-Shop\",\"isPartOf\":{\"@id\":\"https:\\\/\\\/conexbooks.de\\\/a\\\/shop\\\/#website\"},\"primaryImageOfPage\":{\"@id\":\"https:\\\/\\\/conexbooks.de\\\/a\\\/shop\\\/produkt\\\/kartenset-gewaltfreie-kommunikation\\\/#primaryimage\"},\"image\":{\"@id\":\"https:\\\/\\\/conexbooks.de\\\/a\\\/shop\\\/produkt\\\/kartenset-gewaltfreie-kommunikation\\\/#primaryimage\"},\"thumbnailUrl\":\"https:\\\/\\\/conexbooks.de\\\/a\\\/shop\\\/wp-content\\\/uploads\\\/2018\\\/09\\\/651-kartenset.jpg\",\"datePublished\":\"2018-09-27T08:56:19+00:00\",\"dateModified\":\"2025-12-05T16:57:59+00:00\",\"breadcrumb\":{\"@id\":\"https:\\\/\\\/conexbooks.de\\\/a\\\/shop\\\/produkt\\\/kartenset-gewaltfreie-kommunikation\\\/#breadcrumb\"},\"inLanguage\":\"de\",\"potentialAction\":[{\"@type\":\"ReadAction\",\"target\":[\"https:\\\/\\\/conexbooks.de\\\/a\\\/shop\\\/produkt\\\/kartenset-gewaltfreie-kommunikation\\\/\"]}]},{\"@type\":\"ImageObject\",\"inLanguage\":\"de\",\"@id\":\"https:\\\/\\\/conexbooks.de\\\/a\\\/shop\\\/produkt\\\/kartenset-gewaltfreie-kommunikation\\\/#primaryimage\",\"url\":\"https:\\\/\\\/conexbooks.de\\\/a\\\/shop\\\/wp-content\\\/uploads\\\/2018\\\/09\\\/651-kartenset.jpg\",\"contentUrl\":\"https:\\\/\\\/conexbooks.de\\\/a\\\/shop\\\/wp-content\\\/uploads\\\/2018\\\/09\\\/651-kartenset.jpg\",\"width\":342,\"height\":250},{\"@type\":\"BreadcrumbList\",\"@id\":\"https:\\\/\\\/conexbooks.de\\\/a\\\/shop\\\/produkt\\\/kartenset-gewaltfreie-kommunikation\\\/#breadcrumb\",\"itemListElement\":[{\"@type\":\"ListItem\",\"position\":1,\"name\":\"Home\",\"item\":\"https:\\\/\\\/conexbooks.de\\\/a\\\/shop\\\/\"},{\"@type\":\"ListItem\",\"position\":2,\"name\":\"Shop\",\"item\":\"https:\\\/\\\/conexbooks.de\\\/a\\\/shop\\\/shop\\\/\"},{\"@type\":\"ListItem\",\"position\":3,\"name\":\"Kartenset: Gewaltfreie Kommunikation\"}]},{\"@type\":\"WebSite\",\"@id\":\"https:\\\/\\\/conexbooks.de\\\/a\\\/shop\\\/#website\",\"url\":\"https:\\\/\\\/conexbooks.de\\\/a\\\/shop\\\/\",\"name\":\"Conex-Shop\",\"description\":\"Alles f\u00fcr die gewaltfreie Kommunikation: B\u00fccher, Spiele. Handpuppen Seminarmaterial und Geschenke\",\"publisher\":{\"@id\":\"https:\\\/\\\/conexbooks.de\\\/a\\\/shop\\\/#organization\"},\"potentialAction\":[{\"@type\":\"SearchAction\",\"target\":{\"@type\":\"EntryPoint\",\"urlTemplate\":\"https:\\\/\\\/conexbooks.de\\\/a\\\/shop\\\/?s={search_term_string}\"},\"query-input\":{\"@type\":\"PropertyValueSpecification\",\"valueRequired\":true,\"valueName\":\"search_term_string\"}}],\"inLanguage\":\"de\"},{\"@type\":\"Organization\",\"@id\":\"https:\\\/\\\/conexbooks.de\\\/a\\\/shop\\\/#organization\",\"name\":\"Conex - books and more\",\"url\":\"https:\\\/\\\/conexbooks.de\\\/a\\\/shop\\\/\",\"logo\":{\"@type\":\"ImageObject\",\"inLanguage\":\"de\",\"@id\":\"https:\\\/\\\/conexbooks.de\\\/a\\\/shop\\\/#\\\/schema\\\/logo\\\/image\\\/\",\"url\":\"https:\\\/\\\/conexbooks.de\\\/a\\\/shop\\\/wp-content\\\/uploads\\\/2017\\\/12\\\/co-logo.png\",\"contentUrl\":\"https:\\\/\\\/conexbooks.de\\\/a\\\/shop\\\/wp-content\\\/uploads\\\/2017\\\/12\\\/co-logo.png\",\"width\":243,\"height\":122,\"caption\":\"Conex - books and more\"},\"image\":{\"@id\":\"https:\\\/\\\/conexbooks.de\\\/a\\\/shop\\\/#\\\/schema\\\/logo\\\/image\\\/\"}}]}<\/script>\n<!-- \/ Yoast SEO plugin. -->","yoast_head_json":{"title":"Kartenset: Gewaltfreie Kommunikation - Conex-Shop","robots":{"index":"index","follow":"follow","max-snippet":"max-snippet:-1","max-image-preview":"max-image-preview:large","max-video-preview":"max-video-preview:-1"},"canonical":"https:\/\/conexbooks.de\/a\/shop\/produkt\/kartenset-gewaltfreie-kommunikation\/","og_locale":"de_DE","og_type":"article","og_title":"Kartenset: Gewaltfreie Kommunikation - Conex-Shop","og_description":"Kartenset Gewaltfreie Kommunikation Die Essenz der GFK in Schl\u00fcssels\u00e4tzen Marshall B. Rosenberg Zentrale Inhalte aus Marshall Rosenbergs Buch \u201eGewaltfreie Kommunikation. Eine Sprache des Lebens\u201c auf 60 Karten als Gedankenimpuls oder \u00dcbungsanregung konzentriert dargestellt. Zur t\u00e4glichen Inspiration und \u00dcbung. Erschienen am 21.09.2018 im Junfermann-Verlag 60 Seiten, Karteikarten Format: 10.5 x 15.0 cm","og_url":"https:\/\/conexbooks.de\/a\/shop\/produkt\/kartenset-gewaltfreie-kommunikation\/","og_site_name":"Conex-Shop","article_modified_time":"2025-12-05T16:57:59+00:00","og_image":[{"width":342,"height":250,"url":"https:\/\/conexbooks.de\/a\/shop\/wp-content\/uploads\/2018\/09\/651-kartenset.jpg","type":"image\/jpeg"}],"twitter_card":"summary_large_image","twitter_misc":{"Gesch\u00e4tzte Lesezeit":"1\u00a0Minute"},"schema":{"@context":"https:\/\/schema.org","@graph":[{"@type":"WebPage","@id":"https:\/\/conexbooks.de\/a\/shop\/produkt\/kartenset-gewaltfreie-kommunikation\/","url":"https:\/\/conexbooks.de\/a\/shop\/produkt\/kartenset-gewaltfreie-kommunikation\/","name":"Kartenset: Gewaltfreie Kommunikation - Conex-Shop","isPartOf":{"@id":"https:\/\/conexbooks.de\/a\/shop\/#website"},"primaryImageOfPage":{"@id":"https:\/\/conexbooks.de\/a\/shop\/produkt\/kartenset-gewaltfreie-kommunikation\/#primaryimage"},"image":{"@id":"https:\/\/conexbooks.de\/a\/shop\/produkt\/kartenset-gewaltfreie-kommunikation\/#primaryimage"},"thumbnailUrl":"https:\/\/conexbooks.de\/a\/shop\/wp-content\/uploads\/2018\/09\/651-kartenset.jpg","datePublished":"2018-09-27T08:56:19+00:00","dateModified":"2025-12-05T16:57:59+00:00","breadcrumb":{"@id":"https:\/\/conexbooks.de\/a\/shop\/produkt\/kartenset-gewaltfreie-kommunikation\/#breadcrumb"},"inLanguage":"de","potentialAction":[{"@type":"ReadAction","target":["https:\/\/conexbooks.de\/a\/shop\/produkt\/kartenset-gewaltfreie-kommunikation\/"]}]},{"@type":"ImageObject","inLanguage":"de","@id":"https:\/\/conexbooks.de\/a\/shop\/produkt\/kartenset-gewaltfreie-kommunikation\/#primaryimage","url":"https:\/\/conexbooks.de\/a\/shop\/wp-content\/uploads\/2018\/09\/651-kartenset.jpg","contentUrl":"https:\/\/conexbooks.de\/a\/shop\/wp-content\/uploads\/2018\/09\/651-kartenset.jpg","width":342,"height":250},{"@type":"BreadcrumbList","@id":"https:\/\/conexbooks.de\/a\/shop\/produkt\/kartenset-gewaltfreie-kommunikation\/#breadcrumb","itemListElement":[{"@type":"ListItem","position":1,"name":"Home","item":"https:\/\/conexbooks.de\/a\/shop\/"},{"@type":"ListItem","position":2,"name":"Shop","item":"https:\/\/conexbooks.de\/a\/shop\/shop\/"},{"@type":"ListItem","position":3,"name":"Kartenset: Gewaltfreie Kommunikation"}]},{"@type":"WebSite","@id":"https:\/\/conexbooks.de\/a\/shop\/#website","url":"https:\/\/conexbooks.de\/a\/shop\/","name":"Conex-Shop","description":"Alles f\u00fcr die gewaltfreie Kommunikation: B\u00fccher, Spiele. Handpuppen Seminarmaterial und Geschenke","publisher":{"@id":"https:\/\/conexbooks.de\/a\/shop\/#organization"},"potentialAction":[{"@type":"SearchAction","target":{"@type":"EntryPoint","urlTemplate":"https:\/\/conexbooks.de\/a\/shop\/?s={search_term_string}"},"query-input":{"@type":"PropertyValueSpecification","valueRequired":true,"valueName":"search_term_string"}}],"inLanguage":"de"},{"@type":"Organization","@id":"https:\/\/conexbooks.de\/a\/shop\/#organization","name":"Conex - books and more","url":"https:\/\/conexbooks.de\/a\/shop\/","logo":{"@type":"ImageObject","inLanguage":"de","@id":"https:\/\/conexbooks.de\/a\/shop\/#\/schema\/logo\/image\/","url":"https:\/\/conexbooks.de\/a\/shop\/wp-content\/uploads\/2017\/12\/co-logo.png","contentUrl":"https:\/\/conexbooks.de\/a\/shop\/wp-content\/uploads\/2017\/12\/co-logo.png","width":243,"height":122,"caption":"Conex - books and more"},"image":{"@id":"https:\/\/conexbooks.de\/a\/shop\/#\/schema\/logo\/image\/"}}]}},"_links":{"self":[{"href":"https:\/\/conexbooks.de\/a\/shop\/wp-json\/wp\/v2\/product\/7003","targetHints":{"allow":["GET"]}}],"collection":[{"href":"https:\/\/conexbooks.de\/a\/shop\/wp-json\/wp\/v2\/product"}],"about":[{"href":"https:\/\/conexbooks.de\/a\/shop\/wp-json\/wp\/v2\/types\/product"}],"wp:featuredmedia":[{"embeddable":true,"href":"https:\/\/conexbooks.de\/a\/shop\/wp-json\/wp\/v2\/media\/7004"}],"wp:attachment":[{"href":"https:\/\/conexbooks.de\/a\/shop\/wp-json\/wp\/v2\/media?parent=7003"}],"wp:term":[{"taxonomy":"product_brand","embeddable":true,"href":"https:\/\/conexbooks.de\/a\/shop\/wp-json\/wp\/v2\/product_brand?post=7003"},{"taxonomy":"product_cat","embeddable":true,"href":"https:\/\/conexbooks.de\/a\/shop\/wp-json\/wp\/v2\/product_cat?post=7003"},{"taxonomy":"product_tag","embeddable":true,"href":"https:\/\/conexbooks.de\/a\/shop\/wp-json\/wp\/v2\/product_tag?post=7003"}],"curies":[{"name":"wp","href":"https:\/\/api.w.org\/{rel}","templated":true}]}}