{"id":7034,"date":"2018-10-01T10:57:40","date_gmt":"2018-10-01T08:57:40","guid":{"rendered":"https:\/\/conexbooks.de\/a\/shop\/?post_type=product&#038;p=7034"},"modified":"2025-12-11T14:46:10","modified_gmt":"2025-12-11T13:46:10","slug":"herr-rosenberg-und-die-kaffeetasse","status":"publish","type":"product","link":"https:\/\/conexbooks.de\/a\/shop\/produkt\/herr-rosenberg-und-die-kaffeetasse\/","title":{"rendered":"Herr Rosenberg und die Kaffeetasse"},"content":{"rendered":"<h4>Herr Rosenberg und die Kaffeetasse<\/h4>\n<h4>Herzspitzenber\u00fchrungen<\/h4>\n<p>Die Gewaltfreie Kommunikation nach Marshall B. Rosenberg ist wunderbar daf\u00fcr geeignet, um die Beziehung zu Kindern, Partnern oder Menschen, die es uns wert sind, zu st\u00e4rken. Sie erm\u00f6glichen es, empathische und ehrliche Gespr\u00e4che zu f\u00fchren sowie Konflikte nachhaltig zu l\u00f6sen. In diesem Buch zeigt die bekannte GfK-Trainerin Gundi Gaschler anhand von ber\u00fchrenden Erlebnissen aus ihren Seminaren und ihrer Familie, wie erstaunlich wirkungsvoll diese Methode sein kann.<\/p>\n<p>Geschichten, die die Welt schon beim Lesen etwas sch\u00f6ner werden lassen.<\/p>\n<div id='1' class='widgets_on_page wop_tiny1  wop_small1  wop_medium1  wop_large1  wop_wide1'>\n\t\t\t<ul><li id=\"custom_html-4\" class=\"widget_text widget widget_custom_html\"><div class=\"textwidget custom-html-widget\"><div style=\"text-align:left;\">\r\n<button class = \"button\" style=\"height: 30px; font-size: 0.8em;\" name=\"zuruck\" type=\"button\" onclick=\"history.back()\">Zur\u00fcck zur \u00dcbersicht<\/button><\/div><\/div><\/li><\/ul><\/div><!-- widgets_on_page -->\n","protected":false},"excerpt":{"rendered":"<h3>Herr Rosenberg und die Kaffeetasse<\/h3>\n<p>Ber\u00fchrende Erfahrungen mit der gewaltfreien Kommunikation<\/p>\n<p>neu von Gundi Gaschler<\/p>\n<p>Verlag K\u00f6sel<\/p>\n","protected":false},"featured_media":7035,"template":"","meta":[],"product_brand":[],"product_cat":[36,56,40],"product_tag":[82,104,105,83,70,111],"class_list":{"0":"post-7034","1":"product","2":"type-product","3":"status-publish","4":"has-post-thumbnail","6":"product_cat-deutsche-buecher","7":"product_cat-geschenke","8":"product_cat-grundlagen","9":"product_tag-beziehung","10":"product_tag-empathie","11":"product_tag-erziehung","12":"product_tag-familie","13":"product_tag-gfk-praxistauglich","14":"product_tag-kinder","16":"first","17":"outofstock","18":"shipping-taxable","19":"purchasable","20":"product-type-simple"},"yoast_head":"<!-- This site is optimized with the Yoast SEO plugin v27.4 - https:\/\/yoast.com\/product\/yoast-seo-wordpress\/ -->\n<title>Herr Rosenberg und die Kaffeetasse - Conex-Shop<\/title>\n<meta name=\"robots\" content=\"index, follow, max-snippet:-1, max-image-preview:large, max-video-preview:-1\" \/>\n<link rel=\"canonical\" href=\"https:\/\/conexbooks.de\/a\/shop\/produkt\/herr-rosenberg-und-die-kaffeetasse\/\" \/>\n<meta property=\"og:locale\" content=\"de_DE\" \/>\n<meta property=\"og:type\" content=\"article\" \/>\n<meta property=\"og:title\" content=\"Herr Rosenberg und die Kaffeetasse - Conex-Shop\" \/>\n<meta property=\"og:description\" content=\"Herr Rosenberg und die Kaffeetasse Ber\u00fchrende Erfahrungen mit der gewaltfreien Kommunikation  neu von Gundi Gaschler  Verlag K\u00f6sel\" \/>\n<meta property=\"og:url\" content=\"https:\/\/conexbooks.de\/a\/shop\/produkt\/herr-rosenberg-und-die-kaffeetasse\/\" \/>\n<meta property=\"og:site_name\" content=\"Conex-Shop\" \/>\n<meta property=\"article:modified_time\" content=\"2025-12-11T13:46:10+00:00\" \/>\n<meta property=\"og:image\" content=\"https:\/\/conexbooks.de\/a\/shop\/wp-content\/uploads\/2018\/10\/745.jpg\" \/>\n\t<meta property=\"og:image:width\" content=\"270\" \/>\n\t<meta property=\"og:image:height\" content=\"350\" \/>\n\t<meta property=\"og:image:type\" content=\"image\/jpeg\" \/>\n<meta name=\"twitter:card\" content=\"summary_large_image\" \/>\n<meta name=\"twitter:label1\" content=\"Gesch\u00e4tzte Lesezeit\" \/>\n\t<meta name=\"twitter:data1\" content=\"1\u00a0Minute\" \/>\n<script type=\"application\/ld+json\" class=\"yoast-schema-graph\">{\"@context\":\"https:\\\/\\\/schema.org\",\"@graph\":[{\"@type\":\"WebPage\",\"@id\":\"https:\\\/\\\/conexbooks.de\\\/a\\\/shop\\\/produkt\\\/herr-rosenberg-und-die-kaffeetasse\\\/\",\"url\":\"https:\\\/\\\/conexbooks.de\\\/a\\\/shop\\\/produkt\\\/herr-rosenberg-und-die-kaffeetasse\\\/\",\"name\":\"Herr Rosenberg und die Kaffeetasse - Conex-Shop\",\"isPartOf\":{\"@id\":\"https:\\\/\\\/conexbooks.de\\\/a\\\/shop\\\/#website\"},\"primaryImageOfPage\":{\"@id\":\"https:\\\/\\\/conexbooks.de\\\/a\\\/shop\\\/produkt\\\/herr-rosenberg-und-die-kaffeetasse\\\/#primaryimage\"},\"image\":{\"@id\":\"https:\\\/\\\/conexbooks.de\\\/a\\\/shop\\\/produkt\\\/herr-rosenberg-und-die-kaffeetasse\\\/#primaryimage\"},\"thumbnailUrl\":\"https:\\\/\\\/conexbooks.de\\\/a\\\/shop\\\/wp-content\\\/uploads\\\/2018\\\/10\\\/745.jpg\",\"datePublished\":\"2018-10-01T08:57:40+00:00\",\"dateModified\":\"2025-12-11T13:46:10+00:00\",\"breadcrumb\":{\"@id\":\"https:\\\/\\\/conexbooks.de\\\/a\\\/shop\\\/produkt\\\/herr-rosenberg-und-die-kaffeetasse\\\/#breadcrumb\"},\"inLanguage\":\"de\",\"potentialAction\":[{\"@type\":\"ReadAction\",\"target\":[\"https:\\\/\\\/conexbooks.de\\\/a\\\/shop\\\/produkt\\\/herr-rosenberg-und-die-kaffeetasse\\\/\"]}]},{\"@type\":\"ImageObject\",\"inLanguage\":\"de\",\"@id\":\"https:\\\/\\\/conexbooks.de\\\/a\\\/shop\\\/produkt\\\/herr-rosenberg-und-die-kaffeetasse\\\/#primaryimage\",\"url\":\"https:\\\/\\\/conexbooks.de\\\/a\\\/shop\\\/wp-content\\\/uploads\\\/2018\\\/10\\\/745.jpg\",\"contentUrl\":\"https:\\\/\\\/conexbooks.de\\\/a\\\/shop\\\/wp-content\\\/uploads\\\/2018\\\/10\\\/745.jpg\",\"width\":270,\"height\":350,\"caption\":\"Herr Rosenberg und die Kaffeetasse von Gundi Gaschler\"},{\"@type\":\"BreadcrumbList\",\"@id\":\"https:\\\/\\\/conexbooks.de\\\/a\\\/shop\\\/produkt\\\/herr-rosenberg-und-die-kaffeetasse\\\/#breadcrumb\",\"itemListElement\":[{\"@type\":\"ListItem\",\"position\":1,\"name\":\"Home\",\"item\":\"https:\\\/\\\/conexbooks.de\\\/a\\\/shop\\\/\"},{\"@type\":\"ListItem\",\"position\":2,\"name\":\"Shop\",\"item\":\"https:\\\/\\\/conexbooks.de\\\/a\\\/shop\\\/shop\\\/\"},{\"@type\":\"ListItem\",\"position\":3,\"name\":\"Herr Rosenberg und die Kaffeetasse\"}]},{\"@type\":\"WebSite\",\"@id\":\"https:\\\/\\\/conexbooks.de\\\/a\\\/shop\\\/#website\",\"url\":\"https:\\\/\\\/conexbooks.de\\\/a\\\/shop\\\/\",\"name\":\"Conex-Shop\",\"description\":\"Alles f\u00fcr die gewaltfreie Kommunikation: B\u00fccher, Spiele. Handpuppen Seminarmaterial und Geschenke\",\"publisher\":{\"@id\":\"https:\\\/\\\/conexbooks.de\\\/a\\\/shop\\\/#organization\"},\"potentialAction\":[{\"@type\":\"SearchAction\",\"target\":{\"@type\":\"EntryPoint\",\"urlTemplate\":\"https:\\\/\\\/conexbooks.de\\\/a\\\/shop\\\/?s={search_term_string}\"},\"query-input\":{\"@type\":\"PropertyValueSpecification\",\"valueRequired\":true,\"valueName\":\"search_term_string\"}}],\"inLanguage\":\"de\"},{\"@type\":\"Organization\",\"@id\":\"https:\\\/\\\/conexbooks.de\\\/a\\\/shop\\\/#organization\",\"name\":\"Conex - books and more\",\"url\":\"https:\\\/\\\/conexbooks.de\\\/a\\\/shop\\\/\",\"logo\":{\"@type\":\"ImageObject\",\"inLanguage\":\"de\",\"@id\":\"https:\\\/\\\/conexbooks.de\\\/a\\\/shop\\\/#\\\/schema\\\/logo\\\/image\\\/\",\"url\":\"https:\\\/\\\/conexbooks.de\\\/a\\\/shop\\\/wp-content\\\/uploads\\\/2017\\\/12\\\/co-logo.png\",\"contentUrl\":\"https:\\\/\\\/conexbooks.de\\\/a\\\/shop\\\/wp-content\\\/uploads\\\/2017\\\/12\\\/co-logo.png\",\"width\":243,\"height\":122,\"caption\":\"Conex - books and more\"},\"image\":{\"@id\":\"https:\\\/\\\/conexbooks.de\\\/a\\\/shop\\\/#\\\/schema\\\/logo\\\/image\\\/\"}}]}<\/script>\n<!-- \/ Yoast SEO plugin. -->","yoast_head_json":{"title":"Herr Rosenberg und die Kaffeetasse - Conex-Shop","robots":{"index":"index","follow":"follow","max-snippet":"max-snippet:-1","max-image-preview":"max-image-preview:large","max-video-preview":"max-video-preview:-1"},"canonical":"https:\/\/conexbooks.de\/a\/shop\/produkt\/herr-rosenberg-und-die-kaffeetasse\/","og_locale":"de_DE","og_type":"article","og_title":"Herr Rosenberg und die Kaffeetasse - Conex-Shop","og_description":"Herr Rosenberg und die Kaffeetasse Ber\u00fchrende Erfahrungen mit der gewaltfreien Kommunikation  neu von Gundi Gaschler  Verlag K\u00f6sel","og_url":"https:\/\/conexbooks.de\/a\/shop\/produkt\/herr-rosenberg-und-die-kaffeetasse\/","og_site_name":"Conex-Shop","article_modified_time":"2025-12-11T13:46:10+00:00","og_image":[{"width":270,"height":350,"url":"https:\/\/conexbooks.de\/a\/shop\/wp-content\/uploads\/2018\/10\/745.jpg","type":"image\/jpeg"}],"twitter_card":"summary_large_image","twitter_misc":{"Gesch\u00e4tzte Lesezeit":"1\u00a0Minute"},"schema":{"@context":"https:\/\/schema.org","@graph":[{"@type":"WebPage","@id":"https:\/\/conexbooks.de\/a\/shop\/produkt\/herr-rosenberg-und-die-kaffeetasse\/","url":"https:\/\/conexbooks.de\/a\/shop\/produkt\/herr-rosenberg-und-die-kaffeetasse\/","name":"Herr Rosenberg und die Kaffeetasse - Conex-Shop","isPartOf":{"@id":"https:\/\/conexbooks.de\/a\/shop\/#website"},"primaryImageOfPage":{"@id":"https:\/\/conexbooks.de\/a\/shop\/produkt\/herr-rosenberg-und-die-kaffeetasse\/#primaryimage"},"image":{"@id":"https:\/\/conexbooks.de\/a\/shop\/produkt\/herr-rosenberg-und-die-kaffeetasse\/#primaryimage"},"thumbnailUrl":"https:\/\/conexbooks.de\/a\/shop\/wp-content\/uploads\/2018\/10\/745.jpg","datePublished":"2018-10-01T08:57:40+00:00","dateModified":"2025-12-11T13:46:10+00:00","breadcrumb":{"@id":"https:\/\/conexbooks.de\/a\/shop\/produkt\/herr-rosenberg-und-die-kaffeetasse\/#breadcrumb"},"inLanguage":"de","potentialAction":[{"@type":"ReadAction","target":["https:\/\/conexbooks.de\/a\/shop\/produkt\/herr-rosenberg-und-die-kaffeetasse\/"]}]},{"@type":"ImageObject","inLanguage":"de","@id":"https:\/\/conexbooks.de\/a\/shop\/produkt\/herr-rosenberg-und-die-kaffeetasse\/#primaryimage","url":"https:\/\/conexbooks.de\/a\/shop\/wp-content\/uploads\/2018\/10\/745.jpg","contentUrl":"https:\/\/conexbooks.de\/a\/shop\/wp-content\/uploads\/2018\/10\/745.jpg","width":270,"height":350,"caption":"Herr Rosenberg und die Kaffeetasse von Gundi Gaschler"},{"@type":"BreadcrumbList","@id":"https:\/\/conexbooks.de\/a\/shop\/produkt\/herr-rosenberg-und-die-kaffeetasse\/#breadcrumb","itemListElement":[{"@type":"ListItem","position":1,"name":"Home","item":"https:\/\/conexbooks.de\/a\/shop\/"},{"@type":"ListItem","position":2,"name":"Shop","item":"https:\/\/conexbooks.de\/a\/shop\/shop\/"},{"@type":"ListItem","position":3,"name":"Herr Rosenberg und die Kaffeetasse"}]},{"@type":"WebSite","@id":"https:\/\/conexbooks.de\/a\/shop\/#website","url":"https:\/\/conexbooks.de\/a\/shop\/","name":"Conex-Shop","description":"Alles f\u00fcr die gewaltfreie Kommunikation: B\u00fccher, Spiele. Handpuppen Seminarmaterial und Geschenke","publisher":{"@id":"https:\/\/conexbooks.de\/a\/shop\/#organization"},"potentialAction":[{"@type":"SearchAction","target":{"@type":"EntryPoint","urlTemplate":"https:\/\/conexbooks.de\/a\/shop\/?s={search_term_string}"},"query-input":{"@type":"PropertyValueSpecification","valueRequired":true,"valueName":"search_term_string"}}],"inLanguage":"de"},{"@type":"Organization","@id":"https:\/\/conexbooks.de\/a\/shop\/#organization","name":"Conex - books and more","url":"https:\/\/conexbooks.de\/a\/shop\/","logo":{"@type":"ImageObject","inLanguage":"de","@id":"https:\/\/conexbooks.de\/a\/shop\/#\/schema\/logo\/image\/","url":"https:\/\/conexbooks.de\/a\/shop\/wp-content\/uploads\/2017\/12\/co-logo.png","contentUrl":"https:\/\/conexbooks.de\/a\/shop\/wp-content\/uploads\/2017\/12\/co-logo.png","width":243,"height":122,"caption":"Conex - books and more"},"image":{"@id":"https:\/\/conexbooks.de\/a\/shop\/#\/schema\/logo\/image\/"}}]}},"_links":{"self":[{"href":"https:\/\/conexbooks.de\/a\/shop\/wp-json\/wp\/v2\/product\/7034","targetHints":{"allow":["GET"]}}],"collection":[{"href":"https:\/\/conexbooks.de\/a\/shop\/wp-json\/wp\/v2\/product"}],"about":[{"href":"https:\/\/conexbooks.de\/a\/shop\/wp-json\/wp\/v2\/types\/product"}],"wp:featuredmedia":[{"embeddable":true,"href":"https:\/\/conexbooks.de\/a\/shop\/wp-json\/wp\/v2\/media\/7035"}],"wp:attachment":[{"href":"https:\/\/conexbooks.de\/a\/shop\/wp-json\/wp\/v2\/media?parent=7034"}],"wp:term":[{"taxonomy":"product_brand","embeddable":true,"href":"https:\/\/conexbooks.de\/a\/shop\/wp-json\/wp\/v2\/product_brand?post=7034"},{"taxonomy":"product_cat","embeddable":true,"href":"https:\/\/conexbooks.de\/a\/shop\/wp-json\/wp\/v2\/product_cat?post=7034"},{"taxonomy":"product_tag","embeddable":true,"href":"https:\/\/conexbooks.de\/a\/shop\/wp-json\/wp\/v2\/product_tag?post=7034"}],"curies":[{"name":"wp","href":"https:\/\/api.w.org\/{rel}","templated":true}]}}