{"id":8129,"date":"2018-12-11T22:44:07","date_gmt":"2018-12-11T21:44:07","guid":{"rendered":"https:\/\/conexbooks.de\/a\/shop\/?post_type=product&#038;p=8129"},"modified":"2025-07-24T21:09:57","modified_gmt":"2025-07-24T19:09:57","slug":"gewaltfreie-kommunikation-der-sozialen-arbeit","status":"publish","type":"product","link":"https:\/\/conexbooks.de\/a\/shop\/produkt\/gewaltfreie-kommunikation-der-sozialen-arbeit\/","title":{"rendered":"Gewaltfreie Kommunikation in der Sozialen Arbeit"},"content":{"rendered":"<h4 class=\"content--title\">Gewaltfreie Kommunikation in der Sozialen Arbeit<\/h4>\n<div class=\"product--description\">\n<p>Festgeschriebene Rollenmuster, Zuschreibungen, Vorurteile und Bewertungen sind Alltag in der sozialen Arbeit. Wie damit konstruktiv umgehen? Die Haltung der Gewaltfreien Kommunikation gibt hierf\u00fcr wichtige Impulse.<\/p>\n<p>Empathie, Authentizit\u00e4t, Akzeptanz und Wertsch\u00e4tzung sind zentrale Qualit\u00e4ten der sozialen Arbeit. Wie k\u00f6nnen diese Qualit\u00e4ten und die entsprechende innere Haltung gelebt und in Beziehungen mit anderen mithilfe der Gewaltfreien Kommunikation (GfK) zum Ausdruck gebracht werden und so im Praxisalltag professionell genutzt werden? Die Autoren zeigen anhand von Fallbeispielen, wie mittels der GfK (konflikthafte) Situationen v\u00f6llig neu bewertet werden k\u00f6nnen und durch eine professionelle Haltung Klarheit, Verst\u00e4ndnis und konstruktive L\u00f6sungsans\u00e4tze entstehen. Die Selbstf\u00fcrsorge der Fachkr\u00e4fte wird dabei stets als zentraler Ausgangspunkt betrachtet.<\/p>\n<\/div>\n<div id='1' class='widgets_on_page wop_tiny1  wop_small1  wop_medium1  wop_large1  wop_wide1'>\n\t\t\t<ul><li id=\"custom_html-4\" class=\"widget_text widget widget_custom_html\"><div class=\"textwidget custom-html-widget\"><div style=\"text-align:left;\">\r\n<button class = \"button\" style=\"height: 30px; font-size: 0.8em;\" name=\"zuruck\" type=\"button\" onclick=\"history.back()\">Zur\u00fcck zur \u00dcbersicht<\/button><\/div><\/div><\/li><\/ul><\/div><!-- widgets_on_page -->\n<div class=\"product-mesuares-header\"><\/div>\n","protected":false},"excerpt":{"rendered":"<h4>Gewaltfreie Kommunikation in der Sozialen Arbeit<\/h4>\n<p>S\u00f6ren Bendler und S\u00f6ren Heise wollen mit ihrem Buch &#8222;Gewaltfreie Kommunikation in der Sozialen Arbeit&#8220; Klarheit in der sozialen Praxis schaffen.<\/p>\n<p>Verlag: Vandenhoeck &amp; Ruprecht, 1. Auflage 2018<\/p>\n<p>Ma\u00dfe (BxHxT): 12,3 x 20,5 x 1,9cm<\/p>\n<p>208 Seiten<\/p>\n","protected":false},"featured_media":8128,"template":"","meta":[],"product_brand":[],"product_cat":[45,36],"product_tag":[],"class_list":{"0":"post-8129","1":"product","2":"type-product","3":"status-publish","4":"has-post-thumbnail","6":"product_cat-arbeit-sonstiges","7":"product_cat-deutsche-buecher","9":"first","10":"outofstock","11":"shipping-taxable","12":"purchasable","13":"product-type-simple"},"yoast_head":"<!-- This site is optimized with the Yoast SEO plugin v27.3 - https:\/\/yoast.com\/product\/yoast-seo-wordpress\/ -->\n<title>Gewaltfreie Kommunikation in der Sozialen Arbeit - Conex-Shop<\/title>\n<meta name=\"robots\" content=\"index, follow, max-snippet:-1, max-image-preview:large, max-video-preview:-1\" \/>\n<link rel=\"canonical\" href=\"https:\/\/conexbooks.de\/a\/shop\/produkt\/gewaltfreie-kommunikation-der-sozialen-arbeit\/\" \/>\n<meta property=\"og:locale\" content=\"de_DE\" \/>\n<meta property=\"og:type\" content=\"article\" \/>\n<meta property=\"og:title\" content=\"Gewaltfreie Kommunikation in der Sozialen Arbeit - Conex-Shop\" \/>\n<meta property=\"og:description\" content=\"Gewaltfreie Kommunikation in der Sozialen Arbeit S\u00f6ren Bendler und S\u00f6ren Heise wollen mit ihrem Buch &quot;Gewaltfreie Kommunikation in der Sozialen Arbeit&quot; Klarheit in der sozialen Praxis schaffen.  Verlag: Vandenhoeck &amp; Ruprecht, 1. Auflage 2018  Ma\u00dfe (BxHxT): 12,3 x 20,5 x 1,9cm  208 Seiten\" \/>\n<meta property=\"og:url\" content=\"https:\/\/conexbooks.de\/a\/shop\/produkt\/gewaltfreie-kommunikation-der-sozialen-arbeit\/\" \/>\n<meta property=\"og:site_name\" content=\"Conex-Shop\" \/>\n<meta property=\"article:modified_time\" content=\"2025-07-24T19:09:57+00:00\" \/>\n<meta property=\"og:image\" content=\"https:\/\/conexbooks.de\/a\/shop\/wp-content\/uploads\/2018\/12\/753.png\" \/>\n\t<meta property=\"og:image:width\" content=\"240\" \/>\n\t<meta property=\"og:image:height\" content=\"400\" \/>\n\t<meta property=\"og:image:type\" content=\"image\/png\" \/>\n<meta name=\"twitter:card\" content=\"summary_large_image\" \/>\n<meta name=\"twitter:label1\" content=\"Gesch\u00e4tzte Lesezeit\" \/>\n\t<meta name=\"twitter:data1\" content=\"1\u00a0Minute\" \/>\n<script type=\"application\/ld+json\" class=\"yoast-schema-graph\">{\"@context\":\"https:\\\/\\\/schema.org\",\"@graph\":[{\"@type\":\"WebPage\",\"@id\":\"https:\\\/\\\/conexbooks.de\\\/a\\\/shop\\\/produkt\\\/gewaltfreie-kommunikation-der-sozialen-arbeit\\\/\",\"url\":\"https:\\\/\\\/conexbooks.de\\\/a\\\/shop\\\/produkt\\\/gewaltfreie-kommunikation-der-sozialen-arbeit\\\/\",\"name\":\"Gewaltfreie Kommunikation in der Sozialen Arbeit - Conex-Shop\",\"isPartOf\":{\"@id\":\"https:\\\/\\\/conexbooks.de\\\/a\\\/shop\\\/#website\"},\"primaryImageOfPage\":{\"@id\":\"https:\\\/\\\/conexbooks.de\\\/a\\\/shop\\\/produkt\\\/gewaltfreie-kommunikation-der-sozialen-arbeit\\\/#primaryimage\"},\"image\":{\"@id\":\"https:\\\/\\\/conexbooks.de\\\/a\\\/shop\\\/produkt\\\/gewaltfreie-kommunikation-der-sozialen-arbeit\\\/#primaryimage\"},\"thumbnailUrl\":\"https:\\\/\\\/conexbooks.de\\\/a\\\/shop\\\/wp-content\\\/uploads\\\/2018\\\/12\\\/753.png\",\"datePublished\":\"2018-12-11T21:44:07+00:00\",\"dateModified\":\"2025-07-24T19:09:57+00:00\",\"breadcrumb\":{\"@id\":\"https:\\\/\\\/conexbooks.de\\\/a\\\/shop\\\/produkt\\\/gewaltfreie-kommunikation-der-sozialen-arbeit\\\/#breadcrumb\"},\"inLanguage\":\"de\",\"potentialAction\":[{\"@type\":\"ReadAction\",\"target\":[\"https:\\\/\\\/conexbooks.de\\\/a\\\/shop\\\/produkt\\\/gewaltfreie-kommunikation-der-sozialen-arbeit\\\/\"]}]},{\"@type\":\"ImageObject\",\"inLanguage\":\"de\",\"@id\":\"https:\\\/\\\/conexbooks.de\\\/a\\\/shop\\\/produkt\\\/gewaltfreie-kommunikation-der-sozialen-arbeit\\\/#primaryimage\",\"url\":\"https:\\\/\\\/conexbooks.de\\\/a\\\/shop\\\/wp-content\\\/uploads\\\/2018\\\/12\\\/753.png\",\"contentUrl\":\"https:\\\/\\\/conexbooks.de\\\/a\\\/shop\\\/wp-content\\\/uploads\\\/2018\\\/12\\\/753.png\",\"width\":240,\"height\":400,\"caption\":\"GFK in der sozialen Arbeit\"},{\"@type\":\"BreadcrumbList\",\"@id\":\"https:\\\/\\\/conexbooks.de\\\/a\\\/shop\\\/produkt\\\/gewaltfreie-kommunikation-der-sozialen-arbeit\\\/#breadcrumb\",\"itemListElement\":[{\"@type\":\"ListItem\",\"position\":1,\"name\":\"Home\",\"item\":\"https:\\\/\\\/conexbooks.de\\\/a\\\/shop\\\/\"},{\"@type\":\"ListItem\",\"position\":2,\"name\":\"Shop\",\"item\":\"https:\\\/\\\/conexbooks.de\\\/a\\\/shop\\\/shop\\\/\"},{\"@type\":\"ListItem\",\"position\":3,\"name\":\"Gewaltfreie Kommunikation in der Sozialen Arbeit\"}]},{\"@type\":\"WebSite\",\"@id\":\"https:\\\/\\\/conexbooks.de\\\/a\\\/shop\\\/#website\",\"url\":\"https:\\\/\\\/conexbooks.de\\\/a\\\/shop\\\/\",\"name\":\"Conex-Shop\",\"description\":\"Alles f\u00fcr die gewaltfreie Kommunikation: B\u00fccher, Spiele. Handpuppen Seminarmaterial und Geschenke\",\"publisher\":{\"@id\":\"https:\\\/\\\/conexbooks.de\\\/a\\\/shop\\\/#organization\"},\"potentialAction\":[{\"@type\":\"SearchAction\",\"target\":{\"@type\":\"EntryPoint\",\"urlTemplate\":\"https:\\\/\\\/conexbooks.de\\\/a\\\/shop\\\/?s={search_term_string}\"},\"query-input\":{\"@type\":\"PropertyValueSpecification\",\"valueRequired\":true,\"valueName\":\"search_term_string\"}}],\"inLanguage\":\"de\"},{\"@type\":\"Organization\",\"@id\":\"https:\\\/\\\/conexbooks.de\\\/a\\\/shop\\\/#organization\",\"name\":\"Conex - books and more\",\"url\":\"https:\\\/\\\/conexbooks.de\\\/a\\\/shop\\\/\",\"logo\":{\"@type\":\"ImageObject\",\"inLanguage\":\"de\",\"@id\":\"https:\\\/\\\/conexbooks.de\\\/a\\\/shop\\\/#\\\/schema\\\/logo\\\/image\\\/\",\"url\":\"https:\\\/\\\/conexbooks.de\\\/a\\\/shop\\\/wp-content\\\/uploads\\\/2017\\\/12\\\/co-logo.png\",\"contentUrl\":\"https:\\\/\\\/conexbooks.de\\\/a\\\/shop\\\/wp-content\\\/uploads\\\/2017\\\/12\\\/co-logo.png\",\"width\":243,\"height\":122,\"caption\":\"Conex - books and more\"},\"image\":{\"@id\":\"https:\\\/\\\/conexbooks.de\\\/a\\\/shop\\\/#\\\/schema\\\/logo\\\/image\\\/\"}}]}<\/script>\n<!-- \/ Yoast SEO plugin. -->","yoast_head_json":{"title":"Gewaltfreie Kommunikation in der Sozialen Arbeit - Conex-Shop","robots":{"index":"index","follow":"follow","max-snippet":"max-snippet:-1","max-image-preview":"max-image-preview:large","max-video-preview":"max-video-preview:-1"},"canonical":"https:\/\/conexbooks.de\/a\/shop\/produkt\/gewaltfreie-kommunikation-der-sozialen-arbeit\/","og_locale":"de_DE","og_type":"article","og_title":"Gewaltfreie Kommunikation in der Sozialen Arbeit - Conex-Shop","og_description":"Gewaltfreie Kommunikation in der Sozialen Arbeit S\u00f6ren Bendler und S\u00f6ren Heise wollen mit ihrem Buch \"Gewaltfreie Kommunikation in der Sozialen Arbeit\" Klarheit in der sozialen Praxis schaffen.  Verlag: Vandenhoeck &amp; Ruprecht, 1. Auflage 2018  Ma\u00dfe (BxHxT): 12,3 x 20,5 x 1,9cm  208 Seiten","og_url":"https:\/\/conexbooks.de\/a\/shop\/produkt\/gewaltfreie-kommunikation-der-sozialen-arbeit\/","og_site_name":"Conex-Shop","article_modified_time":"2025-07-24T19:09:57+00:00","og_image":[{"width":240,"height":400,"url":"https:\/\/conexbooks.de\/a\/shop\/wp-content\/uploads\/2018\/12\/753.png","type":"image\/png"}],"twitter_card":"summary_large_image","twitter_misc":{"Gesch\u00e4tzte Lesezeit":"1\u00a0Minute"},"schema":{"@context":"https:\/\/schema.org","@graph":[{"@type":"WebPage","@id":"https:\/\/conexbooks.de\/a\/shop\/produkt\/gewaltfreie-kommunikation-der-sozialen-arbeit\/","url":"https:\/\/conexbooks.de\/a\/shop\/produkt\/gewaltfreie-kommunikation-der-sozialen-arbeit\/","name":"Gewaltfreie Kommunikation in der Sozialen Arbeit - Conex-Shop","isPartOf":{"@id":"https:\/\/conexbooks.de\/a\/shop\/#website"},"primaryImageOfPage":{"@id":"https:\/\/conexbooks.de\/a\/shop\/produkt\/gewaltfreie-kommunikation-der-sozialen-arbeit\/#primaryimage"},"image":{"@id":"https:\/\/conexbooks.de\/a\/shop\/produkt\/gewaltfreie-kommunikation-der-sozialen-arbeit\/#primaryimage"},"thumbnailUrl":"https:\/\/conexbooks.de\/a\/shop\/wp-content\/uploads\/2018\/12\/753.png","datePublished":"2018-12-11T21:44:07+00:00","dateModified":"2025-07-24T19:09:57+00:00","breadcrumb":{"@id":"https:\/\/conexbooks.de\/a\/shop\/produkt\/gewaltfreie-kommunikation-der-sozialen-arbeit\/#breadcrumb"},"inLanguage":"de","potentialAction":[{"@type":"ReadAction","target":["https:\/\/conexbooks.de\/a\/shop\/produkt\/gewaltfreie-kommunikation-der-sozialen-arbeit\/"]}]},{"@type":"ImageObject","inLanguage":"de","@id":"https:\/\/conexbooks.de\/a\/shop\/produkt\/gewaltfreie-kommunikation-der-sozialen-arbeit\/#primaryimage","url":"https:\/\/conexbooks.de\/a\/shop\/wp-content\/uploads\/2018\/12\/753.png","contentUrl":"https:\/\/conexbooks.de\/a\/shop\/wp-content\/uploads\/2018\/12\/753.png","width":240,"height":400,"caption":"GFK in der sozialen Arbeit"},{"@type":"BreadcrumbList","@id":"https:\/\/conexbooks.de\/a\/shop\/produkt\/gewaltfreie-kommunikation-der-sozialen-arbeit\/#breadcrumb","itemListElement":[{"@type":"ListItem","position":1,"name":"Home","item":"https:\/\/conexbooks.de\/a\/shop\/"},{"@type":"ListItem","position":2,"name":"Shop","item":"https:\/\/conexbooks.de\/a\/shop\/shop\/"},{"@type":"ListItem","position":3,"name":"Gewaltfreie Kommunikation in der Sozialen Arbeit"}]},{"@type":"WebSite","@id":"https:\/\/conexbooks.de\/a\/shop\/#website","url":"https:\/\/conexbooks.de\/a\/shop\/","name":"Conex-Shop","description":"Alles f\u00fcr die gewaltfreie Kommunikation: B\u00fccher, Spiele. Handpuppen Seminarmaterial und Geschenke","publisher":{"@id":"https:\/\/conexbooks.de\/a\/shop\/#organization"},"potentialAction":[{"@type":"SearchAction","target":{"@type":"EntryPoint","urlTemplate":"https:\/\/conexbooks.de\/a\/shop\/?s={search_term_string}"},"query-input":{"@type":"PropertyValueSpecification","valueRequired":true,"valueName":"search_term_string"}}],"inLanguage":"de"},{"@type":"Organization","@id":"https:\/\/conexbooks.de\/a\/shop\/#organization","name":"Conex - books and more","url":"https:\/\/conexbooks.de\/a\/shop\/","logo":{"@type":"ImageObject","inLanguage":"de","@id":"https:\/\/conexbooks.de\/a\/shop\/#\/schema\/logo\/image\/","url":"https:\/\/conexbooks.de\/a\/shop\/wp-content\/uploads\/2017\/12\/co-logo.png","contentUrl":"https:\/\/conexbooks.de\/a\/shop\/wp-content\/uploads\/2017\/12\/co-logo.png","width":243,"height":122,"caption":"Conex - books and more"},"image":{"@id":"https:\/\/conexbooks.de\/a\/shop\/#\/schema\/logo\/image\/"}}]}},"_links":{"self":[{"href":"https:\/\/conexbooks.de\/a\/shop\/wp-json\/wp\/v2\/product\/8129","targetHints":{"allow":["GET"]}}],"collection":[{"href":"https:\/\/conexbooks.de\/a\/shop\/wp-json\/wp\/v2\/product"}],"about":[{"href":"https:\/\/conexbooks.de\/a\/shop\/wp-json\/wp\/v2\/types\/product"}],"wp:featuredmedia":[{"embeddable":true,"href":"https:\/\/conexbooks.de\/a\/shop\/wp-json\/wp\/v2\/media\/8128"}],"wp:attachment":[{"href":"https:\/\/conexbooks.de\/a\/shop\/wp-json\/wp\/v2\/media?parent=8129"}],"wp:term":[{"taxonomy":"product_brand","embeddable":true,"href":"https:\/\/conexbooks.de\/a\/shop\/wp-json\/wp\/v2\/product_brand?post=8129"},{"taxonomy":"product_cat","embeddable":true,"href":"https:\/\/conexbooks.de\/a\/shop\/wp-json\/wp\/v2\/product_cat?post=8129"},{"taxonomy":"product_tag","embeddable":true,"href":"https:\/\/conexbooks.de\/a\/shop\/wp-json\/wp\/v2\/product_tag?post=8129"}],"curies":[{"name":"wp","href":"https:\/\/api.w.org\/{rel}","templated":true}]}}