{"id":8750,"date":"2019-01-26T18:51:11","date_gmt":"2019-01-26T17:51:11","guid":{"rendered":"https:\/\/conexbooks.de\/a\/shop\/?post_type=product&#038;p=8750"},"modified":"2026-04-10T11:14:40","modified_gmt":"2026-04-10T09:14:40","slug":"gefuehle-und-beduerfniskarten-set","status":"publish","type":"product","link":"https:\/\/conexbooks.de\/a\/shop\/produkt\/gefuehle-und-beduerfniskarten-set\/","title":{"rendered":"Gef\u00fchle- und Bed\u00fcrfniskarten"},"content":{"rendered":"<h4 class=\"first\">Gef\u00fchle- und Bed\u00fcrfniskarten-Set<\/h4>\n<p>Kartenset mit 55 Bed\u00fcrfniskarten \/ 55 Gef\u00fchlekarten im Plastik-Etui<\/p>\n<p class=\"first\">Dieses hochwertige und handliche Kartenset soll auf spielerische und kreative Weise zur Integration der Haltung der Gewaltfreien Kommunikation (GFK) in den Alltag beitragen: 110 Bed\u00fcrfnis- und Gef\u00fchlekarten helfen dabei, Emotionen zu benennen und ihren Ursprung zu identifizieren. Es wird Klarheit geschaffen \u00fcber die eigenen Beweggr\u00fcnde, gleichzeitig wird der GFK-Wortschatz erweitert und gefestigt. Die Karten unterst\u00fctzen uns dabei, belastende Situationen zu reflektieren, um mit Herausforderungen gelassener umzugehen. Das Kartenset bietet eine einfache M\u00f6glichkeit, mit mehr Gelassenheit an problematische Lebenssituationen heranzugehen. Der Lebensenergie \u2013 unseren Bed\u00fcrfnissen \u2013 wird regelrecht auf die Spr\u00fcnge geholfen!<\/p>\n<p class=\"first\">Dieses Set enth\u00e4lt:<br \/>\n55 Bed\u00fcrfniskarten \/ 55 Gef\u00fchlekarten (Vorderseite: Gef\u00fchle, wenn Bed\u00fcrfnisse erf\u00fcllt sind. R\u00fcckseite: Gef\u00fchle, wenn Bed\u00fcrfnisse nicht erf\u00fcllt sind)<br \/>\nBooklet mit Anregungen f\u00fcr die Anwendung<\/p>\n<p class=\"first\">Verpackt in transparentem Kunststoff-Etui.<\/p>\n<div id='1' class='widgets_on_page wop_tiny1  wop_small1  wop_medium1  wop_large1  wop_wide1'>\n\t\t\t<ul><li id=\"custom_html-4\" class=\"widget_text widget widget_custom_html\"><div class=\"textwidget custom-html-widget\"><div style=\"text-align:left;\">\r\n<button class = \"button\" style=\"height: 30px; font-size: 0.8em;\" name=\"zuruck\" type=\"button\" onclick=\"history.back()\">Zur\u00fcck zur \u00dcbersicht<\/button><\/div><\/div><\/li><\/ul><\/div><!-- widgets_on_page -->\n","protected":false},"excerpt":{"rendered":"<h3 class=\"first\">Gef\u00fchle- und Bed\u00fcrfniskarten<\/h3>\n<p>gestaltet von Uschi Kellenberger, Schweiz<\/p>\n<p class=\"first\">55 Bed\u00fcrfniskarten \/ 55 Gef\u00fchlekarten (Vorderseite: Gef\u00fchle, wenn Bed\u00fcrfnisse erf\u00fcllt sind. R\u00fcckseite: Gef\u00fchle, wenn Bed\u00fcrfnisse nicht erf\u00fcllt sind)<br \/>\nBooklet mit Anregungen f\u00fcr die Anwendung<\/p>\n<p class=\"first\">Verpackt in transparentem Kunststoff-Etui.<\/p>\n","protected":false},"featured_media":8759,"template":"","meta":[],"product_brand":[],"product_cat":[481,629,51,47],"product_tag":[72,73,71],"class_list":{"0":"post-8750","1":"product","2":"type-product","3":"status-publish","4":"has-post-thumbnail","6":"product_cat-gefuehle-und-beduerfniskarten","7":"product_cat-ukellenberger","8":"product_cat-seminarmaterial","9":"product_cat-sonstiges","10":"product_tag-beduerfniskarten","11":"product_tag-gefuehlekarten","12":"product_tag-kartenset","14":"first","15":"instock","16":"sale","17":"shipping-taxable","18":"purchasable","19":"product-type-simple"},"yoast_head":"<!-- This site is optimized with the Yoast SEO plugin v27.4 - https:\/\/yoast.com\/product\/yoast-seo-wordpress\/ -->\n<title>Gef\u00fchle- und Bed\u00fcrfniskarten - Conex-Shop<\/title>\n<meta name=\"robots\" content=\"index, follow, max-snippet:-1, max-image-preview:large, max-video-preview:-1\" \/>\n<link rel=\"canonical\" href=\"https:\/\/conexbooks.de\/a\/shop\/produkt\/gefuehle-und-beduerfniskarten-set\/\" \/>\n<meta property=\"og:locale\" content=\"de_DE\" \/>\n<meta property=\"og:type\" content=\"article\" \/>\n<meta property=\"og:title\" content=\"Gef\u00fchle- und Bed\u00fcrfniskarten - Conex-Shop\" \/>\n<meta property=\"og:description\" content=\"Gef\u00fchle- und Bed\u00fcrfniskarten gestaltet von Uschi Kellenberger, Schweiz 55 Bed\u00fcrfniskarten \/ 55 Gef\u00fchlekarten (Vorderseite: Gef\u00fchle, wenn Bed\u00fcrfnisse erf\u00fcllt sind. R\u00fcckseite: Gef\u00fchle, wenn Bed\u00fcrfnisse nicht erf\u00fcllt sind) Booklet mit Anregungen f\u00fcr die Anwendung Verpackt in transparentem Kunststoff-Etui.\" \/>\n<meta property=\"og:url\" content=\"https:\/\/conexbooks.de\/a\/shop\/produkt\/gefuehle-und-beduerfniskarten-set\/\" \/>\n<meta property=\"og:site_name\" content=\"Conex-Shop\" \/>\n<meta property=\"article:modified_time\" content=\"2026-04-10T09:14:40+00:00\" \/>\n<meta property=\"og:image\" content=\"https:\/\/conexbooks.de\/a\/shop\/wp-content\/uploads\/2019\/01\/654b.png\" \/>\n\t<meta property=\"og:image:width\" content=\"476\" \/>\n\t<meta property=\"og:image:height\" content=\"400\" \/>\n\t<meta property=\"og:image:type\" content=\"image\/png\" \/>\n<meta name=\"twitter:card\" content=\"summary_large_image\" \/>\n<meta name=\"twitter:label1\" content=\"Gesch\u00e4tzte Lesezeit\" \/>\n\t<meta name=\"twitter:data1\" content=\"1\u00a0Minute\" \/>\n<script type=\"application\/ld+json\" class=\"yoast-schema-graph\">{\"@context\":\"https:\\\/\\\/schema.org\",\"@graph\":[{\"@type\":\"WebPage\",\"@id\":\"https:\\\/\\\/conexbooks.de\\\/a\\\/shop\\\/produkt\\\/gefuehle-und-beduerfniskarten-set\\\/\",\"url\":\"https:\\\/\\\/conexbooks.de\\\/a\\\/shop\\\/produkt\\\/gefuehle-und-beduerfniskarten-set\\\/\",\"name\":\"Gef\u00fchle- und Bed\u00fcrfniskarten - Conex-Shop\",\"isPartOf\":{\"@id\":\"https:\\\/\\\/conexbooks.de\\\/a\\\/shop\\\/#website\"},\"primaryImageOfPage\":{\"@id\":\"https:\\\/\\\/conexbooks.de\\\/a\\\/shop\\\/produkt\\\/gefuehle-und-beduerfniskarten-set\\\/#primaryimage\"},\"image\":{\"@id\":\"https:\\\/\\\/conexbooks.de\\\/a\\\/shop\\\/produkt\\\/gefuehle-und-beduerfniskarten-set\\\/#primaryimage\"},\"thumbnailUrl\":\"https:\\\/\\\/conexbooks.de\\\/a\\\/shop\\\/wp-content\\\/uploads\\\/2019\\\/01\\\/654b.png\",\"datePublished\":\"2019-01-26T17:51:11+00:00\",\"dateModified\":\"2026-04-10T09:14:40+00:00\",\"breadcrumb\":{\"@id\":\"https:\\\/\\\/conexbooks.de\\\/a\\\/shop\\\/produkt\\\/gefuehle-und-beduerfniskarten-set\\\/#breadcrumb\"},\"inLanguage\":\"de\",\"potentialAction\":[{\"@type\":\"ReadAction\",\"target\":[\"https:\\\/\\\/conexbooks.de\\\/a\\\/shop\\\/produkt\\\/gefuehle-und-beduerfniskarten-set\\\/\"]}]},{\"@type\":\"ImageObject\",\"inLanguage\":\"de\",\"@id\":\"https:\\\/\\\/conexbooks.de\\\/a\\\/shop\\\/produkt\\\/gefuehle-und-beduerfniskarten-set\\\/#primaryimage\",\"url\":\"https:\\\/\\\/conexbooks.de\\\/a\\\/shop\\\/wp-content\\\/uploads\\\/2019\\\/01\\\/654b.png\",\"contentUrl\":\"https:\\\/\\\/conexbooks.de\\\/a\\\/shop\\\/wp-content\\\/uploads\\\/2019\\\/01\\\/654b.png\",\"width\":476,\"height\":400},{\"@type\":\"BreadcrumbList\",\"@id\":\"https:\\\/\\\/conexbooks.de\\\/a\\\/shop\\\/produkt\\\/gefuehle-und-beduerfniskarten-set\\\/#breadcrumb\",\"itemListElement\":[{\"@type\":\"ListItem\",\"position\":1,\"name\":\"Home\",\"item\":\"https:\\\/\\\/conexbooks.de\\\/a\\\/shop\\\/\"},{\"@type\":\"ListItem\",\"position\":2,\"name\":\"Shop\",\"item\":\"https:\\\/\\\/conexbooks.de\\\/a\\\/shop\\\/shop\\\/\"},{\"@type\":\"ListItem\",\"position\":3,\"name\":\"Gef\u00fchle- und Bed\u00fcrfniskarten\"}]},{\"@type\":\"WebSite\",\"@id\":\"https:\\\/\\\/conexbooks.de\\\/a\\\/shop\\\/#website\",\"url\":\"https:\\\/\\\/conexbooks.de\\\/a\\\/shop\\\/\",\"name\":\"Conex-Shop\",\"description\":\"Alles f\u00fcr die gewaltfreie Kommunikation: B\u00fccher, Spiele. Handpuppen Seminarmaterial und Geschenke\",\"publisher\":{\"@id\":\"https:\\\/\\\/conexbooks.de\\\/a\\\/shop\\\/#organization\"},\"potentialAction\":[{\"@type\":\"SearchAction\",\"target\":{\"@type\":\"EntryPoint\",\"urlTemplate\":\"https:\\\/\\\/conexbooks.de\\\/a\\\/shop\\\/?s={search_term_string}\"},\"query-input\":{\"@type\":\"PropertyValueSpecification\",\"valueRequired\":true,\"valueName\":\"search_term_string\"}}],\"inLanguage\":\"de\"},{\"@type\":\"Organization\",\"@id\":\"https:\\\/\\\/conexbooks.de\\\/a\\\/shop\\\/#organization\",\"name\":\"Conex - books and more\",\"url\":\"https:\\\/\\\/conexbooks.de\\\/a\\\/shop\\\/\",\"logo\":{\"@type\":\"ImageObject\",\"inLanguage\":\"de\",\"@id\":\"https:\\\/\\\/conexbooks.de\\\/a\\\/shop\\\/#\\\/schema\\\/logo\\\/image\\\/\",\"url\":\"https:\\\/\\\/conexbooks.de\\\/a\\\/shop\\\/wp-content\\\/uploads\\\/2017\\\/12\\\/co-logo.png\",\"contentUrl\":\"https:\\\/\\\/conexbooks.de\\\/a\\\/shop\\\/wp-content\\\/uploads\\\/2017\\\/12\\\/co-logo.png\",\"width\":243,\"height\":122,\"caption\":\"Conex - books and more\"},\"image\":{\"@id\":\"https:\\\/\\\/conexbooks.de\\\/a\\\/shop\\\/#\\\/schema\\\/logo\\\/image\\\/\"}}]}<\/script>\n<!-- \/ Yoast SEO plugin. -->","yoast_head_json":{"title":"Gef\u00fchle- und Bed\u00fcrfniskarten - Conex-Shop","robots":{"index":"index","follow":"follow","max-snippet":"max-snippet:-1","max-image-preview":"max-image-preview:large","max-video-preview":"max-video-preview:-1"},"canonical":"https:\/\/conexbooks.de\/a\/shop\/produkt\/gefuehle-und-beduerfniskarten-set\/","og_locale":"de_DE","og_type":"article","og_title":"Gef\u00fchle- und Bed\u00fcrfniskarten - Conex-Shop","og_description":"Gef\u00fchle- und Bed\u00fcrfniskarten gestaltet von Uschi Kellenberger, Schweiz 55 Bed\u00fcrfniskarten \/ 55 Gef\u00fchlekarten (Vorderseite: Gef\u00fchle, wenn Bed\u00fcrfnisse erf\u00fcllt sind. R\u00fcckseite: Gef\u00fchle, wenn Bed\u00fcrfnisse nicht erf\u00fcllt sind) Booklet mit Anregungen f\u00fcr die Anwendung Verpackt in transparentem Kunststoff-Etui.","og_url":"https:\/\/conexbooks.de\/a\/shop\/produkt\/gefuehle-und-beduerfniskarten-set\/","og_site_name":"Conex-Shop","article_modified_time":"2026-04-10T09:14:40+00:00","og_image":[{"width":476,"height":400,"url":"https:\/\/conexbooks.de\/a\/shop\/wp-content\/uploads\/2019\/01\/654b.png","type":"image\/png"}],"twitter_card":"summary_large_image","twitter_misc":{"Gesch\u00e4tzte Lesezeit":"1\u00a0Minute"},"schema":{"@context":"https:\/\/schema.org","@graph":[{"@type":"WebPage","@id":"https:\/\/conexbooks.de\/a\/shop\/produkt\/gefuehle-und-beduerfniskarten-set\/","url":"https:\/\/conexbooks.de\/a\/shop\/produkt\/gefuehle-und-beduerfniskarten-set\/","name":"Gef\u00fchle- und Bed\u00fcrfniskarten - Conex-Shop","isPartOf":{"@id":"https:\/\/conexbooks.de\/a\/shop\/#website"},"primaryImageOfPage":{"@id":"https:\/\/conexbooks.de\/a\/shop\/produkt\/gefuehle-und-beduerfniskarten-set\/#primaryimage"},"image":{"@id":"https:\/\/conexbooks.de\/a\/shop\/produkt\/gefuehle-und-beduerfniskarten-set\/#primaryimage"},"thumbnailUrl":"https:\/\/conexbooks.de\/a\/shop\/wp-content\/uploads\/2019\/01\/654b.png","datePublished":"2019-01-26T17:51:11+00:00","dateModified":"2026-04-10T09:14:40+00:00","breadcrumb":{"@id":"https:\/\/conexbooks.de\/a\/shop\/produkt\/gefuehle-und-beduerfniskarten-set\/#breadcrumb"},"inLanguage":"de","potentialAction":[{"@type":"ReadAction","target":["https:\/\/conexbooks.de\/a\/shop\/produkt\/gefuehle-und-beduerfniskarten-set\/"]}]},{"@type":"ImageObject","inLanguage":"de","@id":"https:\/\/conexbooks.de\/a\/shop\/produkt\/gefuehle-und-beduerfniskarten-set\/#primaryimage","url":"https:\/\/conexbooks.de\/a\/shop\/wp-content\/uploads\/2019\/01\/654b.png","contentUrl":"https:\/\/conexbooks.de\/a\/shop\/wp-content\/uploads\/2019\/01\/654b.png","width":476,"height":400},{"@type":"BreadcrumbList","@id":"https:\/\/conexbooks.de\/a\/shop\/produkt\/gefuehle-und-beduerfniskarten-set\/#breadcrumb","itemListElement":[{"@type":"ListItem","position":1,"name":"Home","item":"https:\/\/conexbooks.de\/a\/shop\/"},{"@type":"ListItem","position":2,"name":"Shop","item":"https:\/\/conexbooks.de\/a\/shop\/shop\/"},{"@type":"ListItem","position":3,"name":"Gef\u00fchle- und Bed\u00fcrfniskarten"}]},{"@type":"WebSite","@id":"https:\/\/conexbooks.de\/a\/shop\/#website","url":"https:\/\/conexbooks.de\/a\/shop\/","name":"Conex-Shop","description":"Alles f\u00fcr die gewaltfreie Kommunikation: B\u00fccher, Spiele. Handpuppen Seminarmaterial und Geschenke","publisher":{"@id":"https:\/\/conexbooks.de\/a\/shop\/#organization"},"potentialAction":[{"@type":"SearchAction","target":{"@type":"EntryPoint","urlTemplate":"https:\/\/conexbooks.de\/a\/shop\/?s={search_term_string}"},"query-input":{"@type":"PropertyValueSpecification","valueRequired":true,"valueName":"search_term_string"}}],"inLanguage":"de"},{"@type":"Organization","@id":"https:\/\/conexbooks.de\/a\/shop\/#organization","name":"Conex - books and more","url":"https:\/\/conexbooks.de\/a\/shop\/","logo":{"@type":"ImageObject","inLanguage":"de","@id":"https:\/\/conexbooks.de\/a\/shop\/#\/schema\/logo\/image\/","url":"https:\/\/conexbooks.de\/a\/shop\/wp-content\/uploads\/2017\/12\/co-logo.png","contentUrl":"https:\/\/conexbooks.de\/a\/shop\/wp-content\/uploads\/2017\/12\/co-logo.png","width":243,"height":122,"caption":"Conex - books and more"},"image":{"@id":"https:\/\/conexbooks.de\/a\/shop\/#\/schema\/logo\/image\/"}}]}},"_links":{"self":[{"href":"https:\/\/conexbooks.de\/a\/shop\/wp-json\/wp\/v2\/product\/8750","targetHints":{"allow":["GET"]}}],"collection":[{"href":"https:\/\/conexbooks.de\/a\/shop\/wp-json\/wp\/v2\/product"}],"about":[{"href":"https:\/\/conexbooks.de\/a\/shop\/wp-json\/wp\/v2\/types\/product"}],"wp:featuredmedia":[{"embeddable":true,"href":"https:\/\/conexbooks.de\/a\/shop\/wp-json\/wp\/v2\/media\/8759"}],"wp:attachment":[{"href":"https:\/\/conexbooks.de\/a\/shop\/wp-json\/wp\/v2\/media?parent=8750"}],"wp:term":[{"taxonomy":"product_brand","embeddable":true,"href":"https:\/\/conexbooks.de\/a\/shop\/wp-json\/wp\/v2\/product_brand?post=8750"},{"taxonomy":"product_cat","embeddable":true,"href":"https:\/\/conexbooks.de\/a\/shop\/wp-json\/wp\/v2\/product_cat?post=8750"},{"taxonomy":"product_tag","embeddable":true,"href":"https:\/\/conexbooks.de\/a\/shop\/wp-json\/wp\/v2\/product_tag?post=8750"}],"curies":[{"name":"wp","href":"https:\/\/api.w.org\/{rel}","templated":true}]}}