{"id":8765,"date":"2019-01-26T20:06:12","date_gmt":"2019-01-26T19:06:12","guid":{"rendered":"https:\/\/conexbooks.de\/a\/shop\/?post_type=product&#038;p=8765"},"modified":"2026-03-08T21:51:22","modified_gmt":"2026-03-08T20:51:22","slug":"notfallkarten-set-go","status":"publish","type":"product","link":"https:\/\/conexbooks.de\/a\/shop\/produkt\/notfallkarten-set-go\/","title":{"rendered":"Notfallkarten-Set \u00abto go\u00bb"},"content":{"rendered":"<h4 class=\"first\">Notfallkarten-Set \u00abto go\u00bb<\/h4>\n<p>Kartenset mit ausgew\u00e4hlten Gef\u00fchlen und Bed\u00fcrfnissen sowie des 4-Schritt- und 4-Ohren-Modells auf 2 Karten im Kreditkartenformat<\/p>\n<p class=\"first\">Ideal f\u00fcr unterwegs um Emotionen zu benennen, dahinterliegende Bed\u00fcrfnisse zu erkennen. Gleichzeitig dient es als Unterst\u00fctzung in dem 4-Schritte-Prozess und erinnert uns an die 4 verschiedenen H\u00f6rweisen.p&gt;<\/p>\n<p class=\"first\">Dieses Set enth\u00e4lt:<br \/>\nKarte 1: Bed\u00fcrfnis- und Gef\u00fchleliste<br \/>\nKarte 2: Das 4-Schritte-Modell \/ Das 4-Ohren-Modell<br \/>\nim Kreditkartenformat, plastifiziert<br \/>\nVerpackt im Organzas\u00e4ckli, silber oder pink<\/p>\n<p>&nbsp;<\/p>\n<div id='1' class='widgets_on_page wop_tiny1  wop_small1  wop_medium1  wop_large1  wop_wide1'>\n\t\t\t<ul><li id=\"custom_html-4\" class=\"widget_text widget widget_custom_html\"><div class=\"textwidget custom-html-widget\"><div style=\"text-align:left;\">\r\n<button class = \"button\" style=\"height: 30px; font-size: 0.8em;\" name=\"zuruck\" type=\"button\" onclick=\"history.back()\">Zur\u00fcck zur \u00dcbersicht<\/button><\/div><\/div><\/li><\/ul><\/div><!-- widgets_on_page -->\n","protected":false},"excerpt":{"rendered":"<h3 class=\"first\">Notfallkarten-Set \u00abto go\u00bb<\/h3>\n<p>gestaltet von Uschi Kellenberger, Schweiz<\/p>\n<p class=\"first\">Dieses Set enth\u00e4lt:<br \/>\nKarte 1: Bed\u00fcrfnis- und Gef\u00fchleliste<br \/>\nKarte 2: Das 4-Schritte-Modell \/ Das 4-Ohren-Modell<br \/>\nim Kreditkartenformat, plastifiziert<br \/>\nVerpackt im Organzas\u00e4ckli, silber oder pink<\/p>\n","protected":false},"featured_media":8766,"template":"","meta":[],"product_brand":[],"product_cat":[481,56,629,39,51,47],"product_tag":[68,71,67,66,74],"class_list":{"0":"post-8765","1":"product","2":"type-product","3":"status-publish","4":"has-post-thumbnail","6":"product_cat-gefuehle-und-beduerfniskarten","7":"product_cat-geschenke","8":"product_cat-ukellenberger","9":"product_cat-persoenliche-entwicklung","10":"product_cat-seminarmaterial","11":"product_cat-sonstiges","12":"product_tag-cards","13":"product_tag-kartenset","14":"product_tag-plastic","15":"product_tag-quick-cards","16":"product_tag-unterwegs","18":"first","19":"outofstock","20":"sale","21":"shipping-taxable","22":"purchasable","23":"product-type-simple"},"yoast_head":"<!-- This site is optimized with the Yoast SEO plugin v27.3 - https:\/\/yoast.com\/product\/yoast-seo-wordpress\/ -->\n<title>Notfallkarten-Set \u00abto go\u00bb - Conex-Shop<\/title>\n<meta name=\"robots\" content=\"index, follow, max-snippet:-1, max-image-preview:large, max-video-preview:-1\" \/>\n<link rel=\"canonical\" href=\"https:\/\/conexbooks.de\/a\/shop\/produkt\/notfallkarten-set-go\/\" \/>\n<meta property=\"og:locale\" content=\"de_DE\" \/>\n<meta property=\"og:type\" content=\"article\" \/>\n<meta property=\"og:title\" content=\"Notfallkarten-Set \u00abto go\u00bb - Conex-Shop\" \/>\n<meta property=\"og:description\" content=\"Notfallkarten-Set \u00abto go\u00bb gestaltet von Uschi Kellenberger, Schweiz Dieses Set enth\u00e4lt: Karte 1: Bed\u00fcrfnis- und Gef\u00fchleliste Karte 2: Das 4-Schritte-Modell \/ Das 4-Ohren-Modell im Kreditkartenformat, plastifiziert Verpackt im Organzas\u00e4ckli, silber oder pink\" \/>\n<meta property=\"og:url\" content=\"https:\/\/conexbooks.de\/a\/shop\/produkt\/notfallkarten-set-go\/\" \/>\n<meta property=\"og:site_name\" content=\"Conex-Shop\" \/>\n<meta property=\"article:modified_time\" content=\"2026-03-08T20:51:22+00:00\" \/>\n<meta property=\"og:image\" content=\"https:\/\/conexbooks.de\/a\/shop\/wp-content\/uploads\/2019\/01\/655a.png\" \/>\n\t<meta property=\"og:image:width\" content=\"547\" \/>\n\t<meta property=\"og:image:height\" content=\"400\" \/>\n\t<meta property=\"og:image:type\" content=\"image\/png\" \/>\n<meta name=\"twitter:card\" content=\"summary_large_image\" \/>\n<meta name=\"twitter:label1\" content=\"Gesch\u00e4tzte Lesezeit\" \/>\n\t<meta name=\"twitter:data1\" content=\"1\u00a0Minute\" \/>\n<script type=\"application\/ld+json\" class=\"yoast-schema-graph\">{\"@context\":\"https:\\\/\\\/schema.org\",\"@graph\":[{\"@type\":\"WebPage\",\"@id\":\"https:\\\/\\\/conexbooks.de\\\/a\\\/shop\\\/produkt\\\/notfallkarten-set-go\\\/\",\"url\":\"https:\\\/\\\/conexbooks.de\\\/a\\\/shop\\\/produkt\\\/notfallkarten-set-go\\\/\",\"name\":\"Notfallkarten-Set \u00abto go\u00bb - Conex-Shop\",\"isPartOf\":{\"@id\":\"https:\\\/\\\/conexbooks.de\\\/a\\\/shop\\\/#website\"},\"primaryImageOfPage\":{\"@id\":\"https:\\\/\\\/conexbooks.de\\\/a\\\/shop\\\/produkt\\\/notfallkarten-set-go\\\/#primaryimage\"},\"image\":{\"@id\":\"https:\\\/\\\/conexbooks.de\\\/a\\\/shop\\\/produkt\\\/notfallkarten-set-go\\\/#primaryimage\"},\"thumbnailUrl\":\"https:\\\/\\\/conexbooks.de\\\/a\\\/shop\\\/wp-content\\\/uploads\\\/2019\\\/01\\\/655a.png\",\"datePublished\":\"2019-01-26T19:06:12+00:00\",\"dateModified\":\"2026-03-08T20:51:22+00:00\",\"breadcrumb\":{\"@id\":\"https:\\\/\\\/conexbooks.de\\\/a\\\/shop\\\/produkt\\\/notfallkarten-set-go\\\/#breadcrumb\"},\"inLanguage\":\"de\",\"potentialAction\":[{\"@type\":\"ReadAction\",\"target\":[\"https:\\\/\\\/conexbooks.de\\\/a\\\/shop\\\/produkt\\\/notfallkarten-set-go\\\/\"]}]},{\"@type\":\"ImageObject\",\"inLanguage\":\"de\",\"@id\":\"https:\\\/\\\/conexbooks.de\\\/a\\\/shop\\\/produkt\\\/notfallkarten-set-go\\\/#primaryimage\",\"url\":\"https:\\\/\\\/conexbooks.de\\\/a\\\/shop\\\/wp-content\\\/uploads\\\/2019\\\/01\\\/655a.png\",\"contentUrl\":\"https:\\\/\\\/conexbooks.de\\\/a\\\/shop\\\/wp-content\\\/uploads\\\/2019\\\/01\\\/655a.png\",\"width\":547,\"height\":400},{\"@type\":\"BreadcrumbList\",\"@id\":\"https:\\\/\\\/conexbooks.de\\\/a\\\/shop\\\/produkt\\\/notfallkarten-set-go\\\/#breadcrumb\",\"itemListElement\":[{\"@type\":\"ListItem\",\"position\":1,\"name\":\"Home\",\"item\":\"https:\\\/\\\/conexbooks.de\\\/a\\\/shop\\\/\"},{\"@type\":\"ListItem\",\"position\":2,\"name\":\"Shop\",\"item\":\"https:\\\/\\\/conexbooks.de\\\/a\\\/shop\\\/shop\\\/\"},{\"@type\":\"ListItem\",\"position\":3,\"name\":\"Notfallkarten-Set \u00abto go\u00bb\"}]},{\"@type\":\"WebSite\",\"@id\":\"https:\\\/\\\/conexbooks.de\\\/a\\\/shop\\\/#website\",\"url\":\"https:\\\/\\\/conexbooks.de\\\/a\\\/shop\\\/\",\"name\":\"Conex-Shop\",\"description\":\"Alles f\u00fcr die gewaltfreie Kommunikation: B\u00fccher, Spiele. Handpuppen Seminarmaterial und Geschenke\",\"publisher\":{\"@id\":\"https:\\\/\\\/conexbooks.de\\\/a\\\/shop\\\/#organization\"},\"potentialAction\":[{\"@type\":\"SearchAction\",\"target\":{\"@type\":\"EntryPoint\",\"urlTemplate\":\"https:\\\/\\\/conexbooks.de\\\/a\\\/shop\\\/?s={search_term_string}\"},\"query-input\":{\"@type\":\"PropertyValueSpecification\",\"valueRequired\":true,\"valueName\":\"search_term_string\"}}],\"inLanguage\":\"de\"},{\"@type\":\"Organization\",\"@id\":\"https:\\\/\\\/conexbooks.de\\\/a\\\/shop\\\/#organization\",\"name\":\"Conex - books and more\",\"url\":\"https:\\\/\\\/conexbooks.de\\\/a\\\/shop\\\/\",\"logo\":{\"@type\":\"ImageObject\",\"inLanguage\":\"de\",\"@id\":\"https:\\\/\\\/conexbooks.de\\\/a\\\/shop\\\/#\\\/schema\\\/logo\\\/image\\\/\",\"url\":\"https:\\\/\\\/conexbooks.de\\\/a\\\/shop\\\/wp-content\\\/uploads\\\/2017\\\/12\\\/co-logo.png\",\"contentUrl\":\"https:\\\/\\\/conexbooks.de\\\/a\\\/shop\\\/wp-content\\\/uploads\\\/2017\\\/12\\\/co-logo.png\",\"width\":243,\"height\":122,\"caption\":\"Conex - books and more\"},\"image\":{\"@id\":\"https:\\\/\\\/conexbooks.de\\\/a\\\/shop\\\/#\\\/schema\\\/logo\\\/image\\\/\"}}]}<\/script>\n<!-- \/ Yoast SEO plugin. -->","yoast_head_json":{"title":"Notfallkarten-Set \u00abto go\u00bb - Conex-Shop","robots":{"index":"index","follow":"follow","max-snippet":"max-snippet:-1","max-image-preview":"max-image-preview:large","max-video-preview":"max-video-preview:-1"},"canonical":"https:\/\/conexbooks.de\/a\/shop\/produkt\/notfallkarten-set-go\/","og_locale":"de_DE","og_type":"article","og_title":"Notfallkarten-Set \u00abto go\u00bb - Conex-Shop","og_description":"Notfallkarten-Set \u00abto go\u00bb gestaltet von Uschi Kellenberger, Schweiz Dieses Set enth\u00e4lt: Karte 1: Bed\u00fcrfnis- und Gef\u00fchleliste Karte 2: Das 4-Schritte-Modell \/ Das 4-Ohren-Modell im Kreditkartenformat, plastifiziert Verpackt im Organzas\u00e4ckli, silber oder pink","og_url":"https:\/\/conexbooks.de\/a\/shop\/produkt\/notfallkarten-set-go\/","og_site_name":"Conex-Shop","article_modified_time":"2026-03-08T20:51:22+00:00","og_image":[{"width":547,"height":400,"url":"https:\/\/conexbooks.de\/a\/shop\/wp-content\/uploads\/2019\/01\/655a.png","type":"image\/png"}],"twitter_card":"summary_large_image","twitter_misc":{"Gesch\u00e4tzte Lesezeit":"1\u00a0Minute"},"schema":{"@context":"https:\/\/schema.org","@graph":[{"@type":"WebPage","@id":"https:\/\/conexbooks.de\/a\/shop\/produkt\/notfallkarten-set-go\/","url":"https:\/\/conexbooks.de\/a\/shop\/produkt\/notfallkarten-set-go\/","name":"Notfallkarten-Set \u00abto go\u00bb - Conex-Shop","isPartOf":{"@id":"https:\/\/conexbooks.de\/a\/shop\/#website"},"primaryImageOfPage":{"@id":"https:\/\/conexbooks.de\/a\/shop\/produkt\/notfallkarten-set-go\/#primaryimage"},"image":{"@id":"https:\/\/conexbooks.de\/a\/shop\/produkt\/notfallkarten-set-go\/#primaryimage"},"thumbnailUrl":"https:\/\/conexbooks.de\/a\/shop\/wp-content\/uploads\/2019\/01\/655a.png","datePublished":"2019-01-26T19:06:12+00:00","dateModified":"2026-03-08T20:51:22+00:00","breadcrumb":{"@id":"https:\/\/conexbooks.de\/a\/shop\/produkt\/notfallkarten-set-go\/#breadcrumb"},"inLanguage":"de","potentialAction":[{"@type":"ReadAction","target":["https:\/\/conexbooks.de\/a\/shop\/produkt\/notfallkarten-set-go\/"]}]},{"@type":"ImageObject","inLanguage":"de","@id":"https:\/\/conexbooks.de\/a\/shop\/produkt\/notfallkarten-set-go\/#primaryimage","url":"https:\/\/conexbooks.de\/a\/shop\/wp-content\/uploads\/2019\/01\/655a.png","contentUrl":"https:\/\/conexbooks.de\/a\/shop\/wp-content\/uploads\/2019\/01\/655a.png","width":547,"height":400},{"@type":"BreadcrumbList","@id":"https:\/\/conexbooks.de\/a\/shop\/produkt\/notfallkarten-set-go\/#breadcrumb","itemListElement":[{"@type":"ListItem","position":1,"name":"Home","item":"https:\/\/conexbooks.de\/a\/shop\/"},{"@type":"ListItem","position":2,"name":"Shop","item":"https:\/\/conexbooks.de\/a\/shop\/shop\/"},{"@type":"ListItem","position":3,"name":"Notfallkarten-Set \u00abto go\u00bb"}]},{"@type":"WebSite","@id":"https:\/\/conexbooks.de\/a\/shop\/#website","url":"https:\/\/conexbooks.de\/a\/shop\/","name":"Conex-Shop","description":"Alles f\u00fcr die gewaltfreie Kommunikation: B\u00fccher, Spiele. Handpuppen Seminarmaterial und Geschenke","publisher":{"@id":"https:\/\/conexbooks.de\/a\/shop\/#organization"},"potentialAction":[{"@type":"SearchAction","target":{"@type":"EntryPoint","urlTemplate":"https:\/\/conexbooks.de\/a\/shop\/?s={search_term_string}"},"query-input":{"@type":"PropertyValueSpecification","valueRequired":true,"valueName":"search_term_string"}}],"inLanguage":"de"},{"@type":"Organization","@id":"https:\/\/conexbooks.de\/a\/shop\/#organization","name":"Conex - books and more","url":"https:\/\/conexbooks.de\/a\/shop\/","logo":{"@type":"ImageObject","inLanguage":"de","@id":"https:\/\/conexbooks.de\/a\/shop\/#\/schema\/logo\/image\/","url":"https:\/\/conexbooks.de\/a\/shop\/wp-content\/uploads\/2017\/12\/co-logo.png","contentUrl":"https:\/\/conexbooks.de\/a\/shop\/wp-content\/uploads\/2017\/12\/co-logo.png","width":243,"height":122,"caption":"Conex - books and more"},"image":{"@id":"https:\/\/conexbooks.de\/a\/shop\/#\/schema\/logo\/image\/"}}]}},"_links":{"self":[{"href":"https:\/\/conexbooks.de\/a\/shop\/wp-json\/wp\/v2\/product\/8765","targetHints":{"allow":["GET"]}}],"collection":[{"href":"https:\/\/conexbooks.de\/a\/shop\/wp-json\/wp\/v2\/product"}],"about":[{"href":"https:\/\/conexbooks.de\/a\/shop\/wp-json\/wp\/v2\/types\/product"}],"wp:featuredmedia":[{"embeddable":true,"href":"https:\/\/conexbooks.de\/a\/shop\/wp-json\/wp\/v2\/media\/8766"}],"wp:attachment":[{"href":"https:\/\/conexbooks.de\/a\/shop\/wp-json\/wp\/v2\/media?parent=8765"}],"wp:term":[{"taxonomy":"product_brand","embeddable":true,"href":"https:\/\/conexbooks.de\/a\/shop\/wp-json\/wp\/v2\/product_brand?post=8765"},{"taxonomy":"product_cat","embeddable":true,"href":"https:\/\/conexbooks.de\/a\/shop\/wp-json\/wp\/v2\/product_cat?post=8765"},{"taxonomy":"product_tag","embeddable":true,"href":"https:\/\/conexbooks.de\/a\/shop\/wp-json\/wp\/v2\/product_tag?post=8765"}],"curies":[{"name":"wp","href":"https:\/\/api.w.org\/{rel}","templated":true}]}}