{"id":9039,"date":"2019-02-11T13:02:49","date_gmt":"2019-02-11T12:02:49","guid":{"rendered":"https:\/\/conexbooks.de\/a\/shop\/?post_type=product&#038;p=9039"},"modified":"2026-04-10T11:14:40","modified_gmt":"2026-04-10T09:14:40","slug":"giraffengefuehlekarten","status":"publish","type":"product","link":"https:\/\/conexbooks.de\/a\/shop\/produkt\/giraffengefuehlekarten\/","title":{"rendered":"Giraffengef\u00fchlekarten"},"content":{"rendered":"<h2><strong>Giraffengef\u00fchlekarten<\/strong><\/h2>\n<h4>Mit Gef\u00fchlen &amp; Bed\u00fcrfnissen in Kontakt kommen. Ein Kartenset f\u00fcr Kinder &amp; Erwachsene.<\/h4>\n<p>Auf dem Weg des Erwachsenwerdens werden Kinder in verschiedenen Situationen \u2013 ob im Kindergarten, in der Familie oder in der Schule \u2013 mit kleinen oder gr\u00f6sseren Herausforderungen konfrontiert, die ihnen zu schaffen machen. Nicht immer f\u00e4llt es ihnen dabei leicht, \u00fcber die eigenen Empfindungen zu sprechen \u2013 vor allem dann, wenn das Bewusstsein \u00fcber Gef\u00fchle und Bed\u00fcrfnisse oder das Vertrauen fehlt, auch mit schwierigen Gef\u00fchlen angenommen zu werden. Kinder sind nicht aus eigener Kraft in der Lage, mit dieser Stimmungsschieflage zurechtzukommen, und ben\u00f6tigen hierf\u00fcr die Unterst\u00fctzung der Erziehungsperson (Eltern, P\u00e4dagoge, Therapeut). Diese hat die Chance, durch einf\u00fchlendes Verstehen nachhaltig f\u00fcr das Wohlergehen des Kindes zu sorgen. Die Karten helfen durch die bildliche Darstellung, auszudr\u00fccken, was jeder empfindet.<\/p>\n<p>Hier finden Sie ein kleines <a href=\"https:\/\/www.youtube.com\/watch?v=h_9lK5XLuqE\" target=\"_blank\" rel=\"noopener noreferrer\">Youtube-Video<\/a> zur Anwendung.<\/p>\n<div id='1' class='widgets_on_page wop_tiny1  wop_small1  wop_medium1  wop_large1  wop_wide1'>\n\t\t\t<ul><li id=\"custom_html-4\" class=\"widget_text widget widget_custom_html\"><div class=\"textwidget custom-html-widget\"><div style=\"text-align:left;\">\r\n<button class = \"button\" style=\"height: 30px; font-size: 0.8em;\" name=\"zuruck\" type=\"button\" onclick=\"history.back()\">Zur\u00fcck zur \u00dcbersicht<\/button><\/div><\/div><\/li><\/ul><\/div><!-- widgets_on_page -->\n","protected":false},"excerpt":{"rendered":"<h3><strong>Giraffengef\u00fchlekarten<\/strong><\/h3>\n<p>gestaltet von Uschi Kellenberger, Schweiz<\/p>\n<p>Dieses Set enth\u00e4lt:<br \/>\n50 Giraffengef\u00fchlekarten (25 Karten mit Gef\u00fchlen, wenn Bed\u00fcrfnisse erf\u00fcllt sind und 25 Karten mit Gef\u00fchlen, wenn Bed\u00fcrfnisse nicht erf\u00fcllt sind)<br \/>\nBooklet mit Anregungen f\u00fcr die Anwendung<br \/>\nVerpackt in weisser St\u00fclpdeckelschachtel<\/p>\n<p>Kartengr\u00f6\u00dfe: 12 x 7 cm<\/p>\n","protected":false},"featured_media":9908,"template":"","meta":[],"product_brand":[],"product_cat":[481,56,629,39,47],"product_tag":[73,378,321,296,297,170],"class_list":{"0":"post-9039","1":"product","2":"type-product","3":"status-publish","4":"has-post-thumbnail","6":"product_cat-gefuehle-und-beduerfniskarten","7":"product_cat-geschenke","8":"product_cat-ukellenberger","9":"product_cat-persoenliche-entwicklung","10":"product_cat-sonstiges","11":"product_tag-gefuehlekarten","12":"product_tag-gefuehlsdarstellung","13":"product_tag-gefuehlskarten","14":"product_tag-gefuehlskompetenz","15":"product_tag-ueber-gefuehle-reden","16":"product_tag-wahrnehmung-von-gefuehlen","18":"first","19":"instock","20":"sale","21":"shipping-taxable","22":"purchasable","23":"product-type-simple"},"yoast_head":"<!-- This site is optimized with the Yoast SEO plugin v27.3 - https:\/\/yoast.com\/product\/yoast-seo-wordpress\/ -->\n<title>Giraffengef\u00fchlekarten - Conex-Shop<\/title>\n<meta name=\"robots\" content=\"index, follow, max-snippet:-1, max-image-preview:large, max-video-preview:-1\" \/>\n<link rel=\"canonical\" href=\"https:\/\/conexbooks.de\/a\/shop\/produkt\/giraffengefuehlekarten\/\" \/>\n<meta property=\"og:locale\" content=\"de_DE\" \/>\n<meta property=\"og:type\" content=\"article\" \/>\n<meta property=\"og:title\" content=\"Giraffengef\u00fchlekarten - Conex-Shop\" \/>\n<meta property=\"og:description\" content=\"Giraffengef\u00fchlekarten gestaltet von Uschi Kellenberger, Schweiz  Dieses Set enth\u00e4lt: 50 Giraffengef\u00fchlekarten (25 Karten mit Gef\u00fchlen, wenn Bed\u00fcrfnisse erf\u00fcllt sind und 25 Karten mit Gef\u00fchlen, wenn Bed\u00fcrfnisse nicht erf\u00fcllt sind) Booklet mit Anregungen f\u00fcr die Anwendung Verpackt in weisser St\u00fclpdeckelschachtel  Kartengr\u00f6\u00dfe: 12 x 7 cm\" \/>\n<meta property=\"og:url\" content=\"https:\/\/conexbooks.de\/a\/shop\/produkt\/giraffengefuehlekarten\/\" \/>\n<meta property=\"og:site_name\" content=\"Conex-Shop\" \/>\n<meta property=\"article:modified_time\" content=\"2026-04-10T09:14:40+00:00\" \/>\n<meta property=\"og:image\" content=\"https:\/\/conexbooks.de\/a\/shop\/wp-content\/uploads\/2019\/02\/656-2.png\" \/>\n\t<meta property=\"og:image:width\" content=\"517\" \/>\n\t<meta property=\"og:image:height\" content=\"407\" \/>\n\t<meta property=\"og:image:type\" content=\"image\/png\" \/>\n<meta name=\"twitter:card\" content=\"summary_large_image\" \/>\n<meta name=\"twitter:label1\" content=\"Gesch\u00e4tzte Lesezeit\" \/>\n\t<meta name=\"twitter:data1\" content=\"1\u00a0Minute\" \/>\n<script type=\"application\/ld+json\" class=\"yoast-schema-graph\">{\"@context\":\"https:\\\/\\\/schema.org\",\"@graph\":[{\"@type\":\"WebPage\",\"@id\":\"https:\\\/\\\/conexbooks.de\\\/a\\\/shop\\\/produkt\\\/giraffengefuehlekarten\\\/\",\"url\":\"https:\\\/\\\/conexbooks.de\\\/a\\\/shop\\\/produkt\\\/giraffengefuehlekarten\\\/\",\"name\":\"Giraffengef\u00fchlekarten - Conex-Shop\",\"isPartOf\":{\"@id\":\"https:\\\/\\\/conexbooks.de\\\/a\\\/shop\\\/#website\"},\"primaryImageOfPage\":{\"@id\":\"https:\\\/\\\/conexbooks.de\\\/a\\\/shop\\\/produkt\\\/giraffengefuehlekarten\\\/#primaryimage\"},\"image\":{\"@id\":\"https:\\\/\\\/conexbooks.de\\\/a\\\/shop\\\/produkt\\\/giraffengefuehlekarten\\\/#primaryimage\"},\"thumbnailUrl\":\"https:\\\/\\\/conexbooks.de\\\/a\\\/shop\\\/wp-content\\\/uploads\\\/2019\\\/02\\\/656-2.png\",\"datePublished\":\"2019-02-11T12:02:49+00:00\",\"dateModified\":\"2026-04-10T09:14:40+00:00\",\"breadcrumb\":{\"@id\":\"https:\\\/\\\/conexbooks.de\\\/a\\\/shop\\\/produkt\\\/giraffengefuehlekarten\\\/#breadcrumb\"},\"inLanguage\":\"de\",\"potentialAction\":[{\"@type\":\"ReadAction\",\"target\":[\"https:\\\/\\\/conexbooks.de\\\/a\\\/shop\\\/produkt\\\/giraffengefuehlekarten\\\/\"]}]},{\"@type\":\"ImageObject\",\"inLanguage\":\"de\",\"@id\":\"https:\\\/\\\/conexbooks.de\\\/a\\\/shop\\\/produkt\\\/giraffengefuehlekarten\\\/#primaryimage\",\"url\":\"https:\\\/\\\/conexbooks.de\\\/a\\\/shop\\\/wp-content\\\/uploads\\\/2019\\\/02\\\/656-2.png\",\"contentUrl\":\"https:\\\/\\\/conexbooks.de\\\/a\\\/shop\\\/wp-content\\\/uploads\\\/2019\\\/02\\\/656-2.png\",\"width\":517,\"height\":407},{\"@type\":\"BreadcrumbList\",\"@id\":\"https:\\\/\\\/conexbooks.de\\\/a\\\/shop\\\/produkt\\\/giraffengefuehlekarten\\\/#breadcrumb\",\"itemListElement\":[{\"@type\":\"ListItem\",\"position\":1,\"name\":\"Home\",\"item\":\"https:\\\/\\\/conexbooks.de\\\/a\\\/shop\\\/\"},{\"@type\":\"ListItem\",\"position\":2,\"name\":\"Shop\",\"item\":\"https:\\\/\\\/conexbooks.de\\\/a\\\/shop\\\/shop\\\/\"},{\"@type\":\"ListItem\",\"position\":3,\"name\":\"Giraffengef\u00fchlekarten\"}]},{\"@type\":\"WebSite\",\"@id\":\"https:\\\/\\\/conexbooks.de\\\/a\\\/shop\\\/#website\",\"url\":\"https:\\\/\\\/conexbooks.de\\\/a\\\/shop\\\/\",\"name\":\"Conex-Shop\",\"description\":\"Alles f\u00fcr die gewaltfreie Kommunikation: B\u00fccher, Spiele. Handpuppen Seminarmaterial und Geschenke\",\"publisher\":{\"@id\":\"https:\\\/\\\/conexbooks.de\\\/a\\\/shop\\\/#organization\"},\"potentialAction\":[{\"@type\":\"SearchAction\",\"target\":{\"@type\":\"EntryPoint\",\"urlTemplate\":\"https:\\\/\\\/conexbooks.de\\\/a\\\/shop\\\/?s={search_term_string}\"},\"query-input\":{\"@type\":\"PropertyValueSpecification\",\"valueRequired\":true,\"valueName\":\"search_term_string\"}}],\"inLanguage\":\"de\"},{\"@type\":\"Organization\",\"@id\":\"https:\\\/\\\/conexbooks.de\\\/a\\\/shop\\\/#organization\",\"name\":\"Conex - books and more\",\"url\":\"https:\\\/\\\/conexbooks.de\\\/a\\\/shop\\\/\",\"logo\":{\"@type\":\"ImageObject\",\"inLanguage\":\"de\",\"@id\":\"https:\\\/\\\/conexbooks.de\\\/a\\\/shop\\\/#\\\/schema\\\/logo\\\/image\\\/\",\"url\":\"https:\\\/\\\/conexbooks.de\\\/a\\\/shop\\\/wp-content\\\/uploads\\\/2017\\\/12\\\/co-logo.png\",\"contentUrl\":\"https:\\\/\\\/conexbooks.de\\\/a\\\/shop\\\/wp-content\\\/uploads\\\/2017\\\/12\\\/co-logo.png\",\"width\":243,\"height\":122,\"caption\":\"Conex - books and more\"},\"image\":{\"@id\":\"https:\\\/\\\/conexbooks.de\\\/a\\\/shop\\\/#\\\/schema\\\/logo\\\/image\\\/\"}}]}<\/script>\n<!-- \/ Yoast SEO plugin. -->","yoast_head_json":{"title":"Giraffengef\u00fchlekarten - Conex-Shop","robots":{"index":"index","follow":"follow","max-snippet":"max-snippet:-1","max-image-preview":"max-image-preview:large","max-video-preview":"max-video-preview:-1"},"canonical":"https:\/\/conexbooks.de\/a\/shop\/produkt\/giraffengefuehlekarten\/","og_locale":"de_DE","og_type":"article","og_title":"Giraffengef\u00fchlekarten - Conex-Shop","og_description":"Giraffengef\u00fchlekarten gestaltet von Uschi Kellenberger, Schweiz  Dieses Set enth\u00e4lt: 50 Giraffengef\u00fchlekarten (25 Karten mit Gef\u00fchlen, wenn Bed\u00fcrfnisse erf\u00fcllt sind und 25 Karten mit Gef\u00fchlen, wenn Bed\u00fcrfnisse nicht erf\u00fcllt sind) Booklet mit Anregungen f\u00fcr die Anwendung Verpackt in weisser St\u00fclpdeckelschachtel  Kartengr\u00f6\u00dfe: 12 x 7 cm","og_url":"https:\/\/conexbooks.de\/a\/shop\/produkt\/giraffengefuehlekarten\/","og_site_name":"Conex-Shop","article_modified_time":"2026-04-10T09:14:40+00:00","og_image":[{"width":517,"height":407,"url":"https:\/\/conexbooks.de\/a\/shop\/wp-content\/uploads\/2019\/02\/656-2.png","type":"image\/png"}],"twitter_card":"summary_large_image","twitter_misc":{"Gesch\u00e4tzte Lesezeit":"1\u00a0Minute"},"schema":{"@context":"https:\/\/schema.org","@graph":[{"@type":"WebPage","@id":"https:\/\/conexbooks.de\/a\/shop\/produkt\/giraffengefuehlekarten\/","url":"https:\/\/conexbooks.de\/a\/shop\/produkt\/giraffengefuehlekarten\/","name":"Giraffengef\u00fchlekarten - Conex-Shop","isPartOf":{"@id":"https:\/\/conexbooks.de\/a\/shop\/#website"},"primaryImageOfPage":{"@id":"https:\/\/conexbooks.de\/a\/shop\/produkt\/giraffengefuehlekarten\/#primaryimage"},"image":{"@id":"https:\/\/conexbooks.de\/a\/shop\/produkt\/giraffengefuehlekarten\/#primaryimage"},"thumbnailUrl":"https:\/\/conexbooks.de\/a\/shop\/wp-content\/uploads\/2019\/02\/656-2.png","datePublished":"2019-02-11T12:02:49+00:00","dateModified":"2026-04-10T09:14:40+00:00","breadcrumb":{"@id":"https:\/\/conexbooks.de\/a\/shop\/produkt\/giraffengefuehlekarten\/#breadcrumb"},"inLanguage":"de","potentialAction":[{"@type":"ReadAction","target":["https:\/\/conexbooks.de\/a\/shop\/produkt\/giraffengefuehlekarten\/"]}]},{"@type":"ImageObject","inLanguage":"de","@id":"https:\/\/conexbooks.de\/a\/shop\/produkt\/giraffengefuehlekarten\/#primaryimage","url":"https:\/\/conexbooks.de\/a\/shop\/wp-content\/uploads\/2019\/02\/656-2.png","contentUrl":"https:\/\/conexbooks.de\/a\/shop\/wp-content\/uploads\/2019\/02\/656-2.png","width":517,"height":407},{"@type":"BreadcrumbList","@id":"https:\/\/conexbooks.de\/a\/shop\/produkt\/giraffengefuehlekarten\/#breadcrumb","itemListElement":[{"@type":"ListItem","position":1,"name":"Home","item":"https:\/\/conexbooks.de\/a\/shop\/"},{"@type":"ListItem","position":2,"name":"Shop","item":"https:\/\/conexbooks.de\/a\/shop\/shop\/"},{"@type":"ListItem","position":3,"name":"Giraffengef\u00fchlekarten"}]},{"@type":"WebSite","@id":"https:\/\/conexbooks.de\/a\/shop\/#website","url":"https:\/\/conexbooks.de\/a\/shop\/","name":"Conex-Shop","description":"Alles f\u00fcr die gewaltfreie Kommunikation: B\u00fccher, Spiele. Handpuppen Seminarmaterial und Geschenke","publisher":{"@id":"https:\/\/conexbooks.de\/a\/shop\/#organization"},"potentialAction":[{"@type":"SearchAction","target":{"@type":"EntryPoint","urlTemplate":"https:\/\/conexbooks.de\/a\/shop\/?s={search_term_string}"},"query-input":{"@type":"PropertyValueSpecification","valueRequired":true,"valueName":"search_term_string"}}],"inLanguage":"de"},{"@type":"Organization","@id":"https:\/\/conexbooks.de\/a\/shop\/#organization","name":"Conex - books and more","url":"https:\/\/conexbooks.de\/a\/shop\/","logo":{"@type":"ImageObject","inLanguage":"de","@id":"https:\/\/conexbooks.de\/a\/shop\/#\/schema\/logo\/image\/","url":"https:\/\/conexbooks.de\/a\/shop\/wp-content\/uploads\/2017\/12\/co-logo.png","contentUrl":"https:\/\/conexbooks.de\/a\/shop\/wp-content\/uploads\/2017\/12\/co-logo.png","width":243,"height":122,"caption":"Conex - books and more"},"image":{"@id":"https:\/\/conexbooks.de\/a\/shop\/#\/schema\/logo\/image\/"}}]}},"_links":{"self":[{"href":"https:\/\/conexbooks.de\/a\/shop\/wp-json\/wp\/v2\/product\/9039","targetHints":{"allow":["GET"]}}],"collection":[{"href":"https:\/\/conexbooks.de\/a\/shop\/wp-json\/wp\/v2\/product"}],"about":[{"href":"https:\/\/conexbooks.de\/a\/shop\/wp-json\/wp\/v2\/types\/product"}],"wp:featuredmedia":[{"embeddable":true,"href":"https:\/\/conexbooks.de\/a\/shop\/wp-json\/wp\/v2\/media\/9908"}],"wp:attachment":[{"href":"https:\/\/conexbooks.de\/a\/shop\/wp-json\/wp\/v2\/media?parent=9039"}],"wp:term":[{"taxonomy":"product_brand","embeddable":true,"href":"https:\/\/conexbooks.de\/a\/shop\/wp-json\/wp\/v2\/product_brand?post=9039"},{"taxonomy":"product_cat","embeddable":true,"href":"https:\/\/conexbooks.de\/a\/shop\/wp-json\/wp\/v2\/product_cat?post=9039"},{"taxonomy":"product_tag","embeddable":true,"href":"https:\/\/conexbooks.de\/a\/shop\/wp-json\/wp\/v2\/product_tag?post=9039"}],"curies":[{"name":"wp","href":"https:\/\/api.w.org\/{rel}","templated":true}]}}