{"id":909,"date":"2017-11-14T20:09:46","date_gmt":"2017-11-14T19:09:46","guid":{"rendered":"https:\/\/conexbooks.de\/a\/shop\/wp\/produkt\/lebenshilfe-auf-voellig-neue-art-kreativ-witzig-interaktiv-7\/"},"modified":"2026-03-07T21:40:04","modified_gmt":"2026-03-07T20:40:04","slug":"lebenshilfe-auf-voellig-neue-art-kreativ-witzig-interaktiv-7","status":"publish","type":"product","link":"https:\/\/conexbooks.de\/a\/shop\/produkt\/lebenshilfe-auf-voellig-neue-art-kreativ-witzig-interaktiv-7\/","title":{"rendered":"Sich selbst und andere lieben &#8211; Das Kleine \u00dcbungsheft"},"content":{"rendered":"<h3>Sich selbst und andere lieben &#8211; Das Kleine \u00dcbungsheft<\/h3>\n<p>Jacques Salom\u00e9<\/p>\n<p>Selbstliebe ist die Wurzel der Liebe zu anderen und der Liebe, die wir erhalten. Wenn ich mich selbst nicht lieben kann, wird es mir schwerfallen, zu lieben. Wenn ich mich selbst nicht liebe, laufe ich Gefahr, st\u00e4ndig das Bed\u00fcrfnis zu haben, geliebt zu werden.<\/p>\n<p>Mit diesem kleinen \u00dcbungsheft gelingt es auf besonders originelle und spielerische Weise, unser wahres Potenzial zu erschlie\u00dfen: Im Stil klassischer Schulhefte ausgestattet, steckt es voller Anregungen, Frageb\u00f6gen und \u00dcbungen und wird durch eigene Eintragungen zu einem individuellen Begleiter.<\/p>\n<p>Zahlreiche Illustrationen von Jean Augagneur sorgen daf\u00fcr, dass Witz und Charme auf dem Weg zur Transformation nicht zu kurz kommen.<\/p>\n<p>Der Minikurs eignet sich ideal zum Verschenken und Selbstausprobieren &#8211; denn oft braucht es nur ein paar kleine Impulse, um zum Regisseur des eigenen Wohlbefindens zu werden.<\/p>\n<div class=\"txtSchmal\">\n<div>\n<div>&#8211; Durchgehend zweifarbig<\/div>\n<div>&#8211; Liebevoll illustriert<\/div>\n<div>&#8211; Kompetent, interaktiv, attraktiv<\/div>\n<div>&#8211; Mit vielen Tests und \u00dcbungen<\/div>\n<div>&#8211; Psychologisch fundiert und praxisnah<\/div>\n<\/div>\n<\/div>\n<div id='1' class='widgets_on_page wop_tiny1  wop_small1  wop_medium1  wop_large1  wop_wide1'>\n\t\t\t<ul><li id=\"custom_html-4\" class=\"widget_text widget widget_custom_html\"><div class=\"textwidget custom-html-widget\"><div style=\"text-align:left;\">\r\n<button class = \"button\" style=\"height: 30px; font-size: 0.8em;\" name=\"zuruck\" type=\"button\" onclick=\"history.back()\">Zur\u00fcck zur \u00dcbersicht<\/button><\/div><\/div><\/li><\/ul><\/div><!-- widgets_on_page -->\n","protected":false},"excerpt":{"rendered":"<h3>Lebenshilfe auf v\u00f6llig neue Art: Kreativ, witzig, interaktiv<\/h3>\n<h3>Jacques Salom\u00e9<\/h3>\n<p>Illustriert von Jean Augagneur<br \/>\nAus dem Franz\u00f6sischen von Claudia Seele-Nyima<\/p>\n<p>Scorpio-Verlag 2013<\/p>\n<p>64 Seiten, broschiert, Format A5<\/p>\n","protected":false},"featured_media":1394,"template":"","meta":[],"product_brand":[],"product_cat":[37,36,56],"product_tag":[516,311,360,327,272],"class_list":{"0":"post-909","1":"product","2":"type-product","3":"status-publish","4":"has-post-thumbnail","6":"product_cat-das-kleine-uebungsheft","7":"product_cat-deutsche-buecher","8":"product_cat-geschenke","9":"product_tag-interaktiv","10":"product_tag-selbstfuersorge","11":"product_tag-selbstliebe","12":"product_tag-uebungen","13":"product_tag-uebungsheft","15":"first","16":"instock","17":"shipping-taxable","18":"purchasable","19":"product-type-simple"},"yoast_head":"<!-- This site is optimized with the Yoast SEO plugin v27.4 - https:\/\/yoast.com\/product\/yoast-seo-wordpress\/ -->\n<title>Sich selbst und andere lieben - Das Kleine \u00dcbungsheft - Conex-Shop<\/title>\n<meta name=\"robots\" content=\"index, follow, max-snippet:-1, max-image-preview:large, max-video-preview:-1\" \/>\n<link rel=\"canonical\" href=\"https:\/\/conexbooks.de\/a\/shop\/produkt\/lebenshilfe-auf-voellig-neue-art-kreativ-witzig-interaktiv-7\/\" \/>\n<meta property=\"og:locale\" content=\"de_DE\" \/>\n<meta property=\"og:type\" content=\"article\" \/>\n<meta property=\"og:title\" content=\"Sich selbst und andere lieben - Das Kleine \u00dcbungsheft - Conex-Shop\" \/>\n<meta property=\"og:description\" content=\"Lebenshilfe auf v\u00f6llig neue Art: Kreativ, witzig, interaktiv Jacques Salom\u00e9 Illustriert von Jean Augagneur Aus dem Franz\u00f6sischen von Claudia Seele-Nyima  Scorpio-Verlag 2013  64 Seiten, broschiert, Format A5\" \/>\n<meta property=\"og:url\" content=\"https:\/\/conexbooks.de\/a\/shop\/produkt\/lebenshilfe-auf-voellig-neue-art-kreativ-witzig-interaktiv-7\/\" \/>\n<meta property=\"og:site_name\" content=\"Conex-Shop\" \/>\n<meta property=\"article:modified_time\" content=\"2026-03-07T20:40:04+00:00\" \/>\n<meta property=\"og:image\" content=\"https:\/\/conexbooks.de\/a\/shop\/wp-content\/uploads\/2017\/11\/709.jpg\" \/>\n\t<meta property=\"og:image:width\" content=\"125\" \/>\n\t<meta property=\"og:image:height\" content=\"162\" \/>\n\t<meta property=\"og:image:type\" content=\"image\/jpeg\" \/>\n<meta name=\"twitter:card\" content=\"summary_large_image\" \/>\n<meta name=\"twitter:label1\" content=\"Gesch\u00e4tzte Lesezeit\" \/>\n\t<meta name=\"twitter:data1\" content=\"1\u00a0Minute\" \/>\n<script type=\"application\/ld+json\" class=\"yoast-schema-graph\">{\"@context\":\"https:\\\/\\\/schema.org\",\"@graph\":[{\"@type\":\"WebPage\",\"@id\":\"https:\\\/\\\/conexbooks.de\\\/a\\\/shop\\\/produkt\\\/lebenshilfe-auf-voellig-neue-art-kreativ-witzig-interaktiv-7\\\/\",\"url\":\"https:\\\/\\\/conexbooks.de\\\/a\\\/shop\\\/produkt\\\/lebenshilfe-auf-voellig-neue-art-kreativ-witzig-interaktiv-7\\\/\",\"name\":\"Sich selbst und andere lieben - Das Kleine \u00dcbungsheft - Conex-Shop\",\"isPartOf\":{\"@id\":\"https:\\\/\\\/conexbooks.de\\\/a\\\/shop\\\/#website\"},\"primaryImageOfPage\":{\"@id\":\"https:\\\/\\\/conexbooks.de\\\/a\\\/shop\\\/produkt\\\/lebenshilfe-auf-voellig-neue-art-kreativ-witzig-interaktiv-7\\\/#primaryimage\"},\"image\":{\"@id\":\"https:\\\/\\\/conexbooks.de\\\/a\\\/shop\\\/produkt\\\/lebenshilfe-auf-voellig-neue-art-kreativ-witzig-interaktiv-7\\\/#primaryimage\"},\"thumbnailUrl\":\"https:\\\/\\\/conexbooks.de\\\/a\\\/shop\\\/wp-content\\\/uploads\\\/2017\\\/11\\\/709.jpg\",\"datePublished\":\"2017-11-14T19:09:46+00:00\",\"dateModified\":\"2026-03-07T20:40:04+00:00\",\"breadcrumb\":{\"@id\":\"https:\\\/\\\/conexbooks.de\\\/a\\\/shop\\\/produkt\\\/lebenshilfe-auf-voellig-neue-art-kreativ-witzig-interaktiv-7\\\/#breadcrumb\"},\"inLanguage\":\"de\",\"potentialAction\":[{\"@type\":\"ReadAction\",\"target\":[\"https:\\\/\\\/conexbooks.de\\\/a\\\/shop\\\/produkt\\\/lebenshilfe-auf-voellig-neue-art-kreativ-witzig-interaktiv-7\\\/\"]}]},{\"@type\":\"ImageObject\",\"inLanguage\":\"de\",\"@id\":\"https:\\\/\\\/conexbooks.de\\\/a\\\/shop\\\/produkt\\\/lebenshilfe-auf-voellig-neue-art-kreativ-witzig-interaktiv-7\\\/#primaryimage\",\"url\":\"https:\\\/\\\/conexbooks.de\\\/a\\\/shop\\\/wp-content\\\/uploads\\\/2017\\\/11\\\/709.jpg\",\"contentUrl\":\"https:\\\/\\\/conexbooks.de\\\/a\\\/shop\\\/wp-content\\\/uploads\\\/2017\\\/11\\\/709.jpg\",\"width\":125,\"height\":162},{\"@type\":\"BreadcrumbList\",\"@id\":\"https:\\\/\\\/conexbooks.de\\\/a\\\/shop\\\/produkt\\\/lebenshilfe-auf-voellig-neue-art-kreativ-witzig-interaktiv-7\\\/#breadcrumb\",\"itemListElement\":[{\"@type\":\"ListItem\",\"position\":1,\"name\":\"Home\",\"item\":\"https:\\\/\\\/conexbooks.de\\\/a\\\/shop\\\/\"},{\"@type\":\"ListItem\",\"position\":2,\"name\":\"Shop\",\"item\":\"https:\\\/\\\/conexbooks.de\\\/a\\\/shop\\\/shop\\\/\"},{\"@type\":\"ListItem\",\"position\":3,\"name\":\"Sich selbst und andere lieben &#8211; Das Kleine \u00dcbungsheft\"}]},{\"@type\":\"WebSite\",\"@id\":\"https:\\\/\\\/conexbooks.de\\\/a\\\/shop\\\/#website\",\"url\":\"https:\\\/\\\/conexbooks.de\\\/a\\\/shop\\\/\",\"name\":\"Conex-Shop\",\"description\":\"Alles f\u00fcr die gewaltfreie Kommunikation: B\u00fccher, Spiele. Handpuppen Seminarmaterial und Geschenke\",\"publisher\":{\"@id\":\"https:\\\/\\\/conexbooks.de\\\/a\\\/shop\\\/#organization\"},\"potentialAction\":[{\"@type\":\"SearchAction\",\"target\":{\"@type\":\"EntryPoint\",\"urlTemplate\":\"https:\\\/\\\/conexbooks.de\\\/a\\\/shop\\\/?s={search_term_string}\"},\"query-input\":{\"@type\":\"PropertyValueSpecification\",\"valueRequired\":true,\"valueName\":\"search_term_string\"}}],\"inLanguage\":\"de\"},{\"@type\":\"Organization\",\"@id\":\"https:\\\/\\\/conexbooks.de\\\/a\\\/shop\\\/#organization\",\"name\":\"Conex - books and more\",\"url\":\"https:\\\/\\\/conexbooks.de\\\/a\\\/shop\\\/\",\"logo\":{\"@type\":\"ImageObject\",\"inLanguage\":\"de\",\"@id\":\"https:\\\/\\\/conexbooks.de\\\/a\\\/shop\\\/#\\\/schema\\\/logo\\\/image\\\/\",\"url\":\"https:\\\/\\\/conexbooks.de\\\/a\\\/shop\\\/wp-content\\\/uploads\\\/2017\\\/12\\\/co-logo.png\",\"contentUrl\":\"https:\\\/\\\/conexbooks.de\\\/a\\\/shop\\\/wp-content\\\/uploads\\\/2017\\\/12\\\/co-logo.png\",\"width\":243,\"height\":122,\"caption\":\"Conex - books and more\"},\"image\":{\"@id\":\"https:\\\/\\\/conexbooks.de\\\/a\\\/shop\\\/#\\\/schema\\\/logo\\\/image\\\/\"}}]}<\/script>\n<!-- \/ Yoast SEO plugin. -->","yoast_head_json":{"title":"Sich selbst und andere lieben - Das Kleine \u00dcbungsheft - Conex-Shop","robots":{"index":"index","follow":"follow","max-snippet":"max-snippet:-1","max-image-preview":"max-image-preview:large","max-video-preview":"max-video-preview:-1"},"canonical":"https:\/\/conexbooks.de\/a\/shop\/produkt\/lebenshilfe-auf-voellig-neue-art-kreativ-witzig-interaktiv-7\/","og_locale":"de_DE","og_type":"article","og_title":"Sich selbst und andere lieben - Das Kleine \u00dcbungsheft - Conex-Shop","og_description":"Lebenshilfe auf v\u00f6llig neue Art: Kreativ, witzig, interaktiv Jacques Salom\u00e9 Illustriert von Jean Augagneur Aus dem Franz\u00f6sischen von Claudia Seele-Nyima  Scorpio-Verlag 2013  64 Seiten, broschiert, Format A5","og_url":"https:\/\/conexbooks.de\/a\/shop\/produkt\/lebenshilfe-auf-voellig-neue-art-kreativ-witzig-interaktiv-7\/","og_site_name":"Conex-Shop","article_modified_time":"2026-03-07T20:40:04+00:00","og_image":[{"width":125,"height":162,"url":"https:\/\/conexbooks.de\/a\/shop\/wp-content\/uploads\/2017\/11\/709.jpg","type":"image\/jpeg"}],"twitter_card":"summary_large_image","twitter_misc":{"Gesch\u00e4tzte Lesezeit":"1\u00a0Minute"},"schema":{"@context":"https:\/\/schema.org","@graph":[{"@type":"WebPage","@id":"https:\/\/conexbooks.de\/a\/shop\/produkt\/lebenshilfe-auf-voellig-neue-art-kreativ-witzig-interaktiv-7\/","url":"https:\/\/conexbooks.de\/a\/shop\/produkt\/lebenshilfe-auf-voellig-neue-art-kreativ-witzig-interaktiv-7\/","name":"Sich selbst und andere lieben - Das Kleine \u00dcbungsheft - Conex-Shop","isPartOf":{"@id":"https:\/\/conexbooks.de\/a\/shop\/#website"},"primaryImageOfPage":{"@id":"https:\/\/conexbooks.de\/a\/shop\/produkt\/lebenshilfe-auf-voellig-neue-art-kreativ-witzig-interaktiv-7\/#primaryimage"},"image":{"@id":"https:\/\/conexbooks.de\/a\/shop\/produkt\/lebenshilfe-auf-voellig-neue-art-kreativ-witzig-interaktiv-7\/#primaryimage"},"thumbnailUrl":"https:\/\/conexbooks.de\/a\/shop\/wp-content\/uploads\/2017\/11\/709.jpg","datePublished":"2017-11-14T19:09:46+00:00","dateModified":"2026-03-07T20:40:04+00:00","breadcrumb":{"@id":"https:\/\/conexbooks.de\/a\/shop\/produkt\/lebenshilfe-auf-voellig-neue-art-kreativ-witzig-interaktiv-7\/#breadcrumb"},"inLanguage":"de","potentialAction":[{"@type":"ReadAction","target":["https:\/\/conexbooks.de\/a\/shop\/produkt\/lebenshilfe-auf-voellig-neue-art-kreativ-witzig-interaktiv-7\/"]}]},{"@type":"ImageObject","inLanguage":"de","@id":"https:\/\/conexbooks.de\/a\/shop\/produkt\/lebenshilfe-auf-voellig-neue-art-kreativ-witzig-interaktiv-7\/#primaryimage","url":"https:\/\/conexbooks.de\/a\/shop\/wp-content\/uploads\/2017\/11\/709.jpg","contentUrl":"https:\/\/conexbooks.de\/a\/shop\/wp-content\/uploads\/2017\/11\/709.jpg","width":125,"height":162},{"@type":"BreadcrumbList","@id":"https:\/\/conexbooks.de\/a\/shop\/produkt\/lebenshilfe-auf-voellig-neue-art-kreativ-witzig-interaktiv-7\/#breadcrumb","itemListElement":[{"@type":"ListItem","position":1,"name":"Home","item":"https:\/\/conexbooks.de\/a\/shop\/"},{"@type":"ListItem","position":2,"name":"Shop","item":"https:\/\/conexbooks.de\/a\/shop\/shop\/"},{"@type":"ListItem","position":3,"name":"Sich selbst und andere lieben &#8211; Das Kleine \u00dcbungsheft"}]},{"@type":"WebSite","@id":"https:\/\/conexbooks.de\/a\/shop\/#website","url":"https:\/\/conexbooks.de\/a\/shop\/","name":"Conex-Shop","description":"Alles f\u00fcr die gewaltfreie Kommunikation: B\u00fccher, Spiele. Handpuppen Seminarmaterial und Geschenke","publisher":{"@id":"https:\/\/conexbooks.de\/a\/shop\/#organization"},"potentialAction":[{"@type":"SearchAction","target":{"@type":"EntryPoint","urlTemplate":"https:\/\/conexbooks.de\/a\/shop\/?s={search_term_string}"},"query-input":{"@type":"PropertyValueSpecification","valueRequired":true,"valueName":"search_term_string"}}],"inLanguage":"de"},{"@type":"Organization","@id":"https:\/\/conexbooks.de\/a\/shop\/#organization","name":"Conex - books and more","url":"https:\/\/conexbooks.de\/a\/shop\/","logo":{"@type":"ImageObject","inLanguage":"de","@id":"https:\/\/conexbooks.de\/a\/shop\/#\/schema\/logo\/image\/","url":"https:\/\/conexbooks.de\/a\/shop\/wp-content\/uploads\/2017\/12\/co-logo.png","contentUrl":"https:\/\/conexbooks.de\/a\/shop\/wp-content\/uploads\/2017\/12\/co-logo.png","width":243,"height":122,"caption":"Conex - books and more"},"image":{"@id":"https:\/\/conexbooks.de\/a\/shop\/#\/schema\/logo\/image\/"}}]}},"_links":{"self":[{"href":"https:\/\/conexbooks.de\/a\/shop\/wp-json\/wp\/v2\/product\/909","targetHints":{"allow":["GET"]}}],"collection":[{"href":"https:\/\/conexbooks.de\/a\/shop\/wp-json\/wp\/v2\/product"}],"about":[{"href":"https:\/\/conexbooks.de\/a\/shop\/wp-json\/wp\/v2\/types\/product"}],"wp:featuredmedia":[{"embeddable":true,"href":"https:\/\/conexbooks.de\/a\/shop\/wp-json\/wp\/v2\/media\/1394"}],"wp:attachment":[{"href":"https:\/\/conexbooks.de\/a\/shop\/wp-json\/wp\/v2\/media?parent=909"}],"wp:term":[{"taxonomy":"product_brand","embeddable":true,"href":"https:\/\/conexbooks.de\/a\/shop\/wp-json\/wp\/v2\/product_brand?post=909"},{"taxonomy":"product_cat","embeddable":true,"href":"https:\/\/conexbooks.de\/a\/shop\/wp-json\/wp\/v2\/product_cat?post=909"},{"taxonomy":"product_tag","embeddable":true,"href":"https:\/\/conexbooks.de\/a\/shop\/wp-json\/wp\/v2\/product_tag?post=909"}],"curies":[{"name":"wp","href":"https:\/\/api.w.org\/{rel}","templated":true}]}}