{"id":913,"date":"2017-11-14T20:09:47","date_gmt":"2017-11-14T19:09:47","guid":{"rendered":"https:\/\/conexbooks.de\/a\/shop\/wp\/produkt\/mit-abwechslungsreichen-uebungen-von-ingrid-holler-2\/"},"modified":"2026-04-01T13:26:33","modified_gmt":"2026-04-01T11:26:33","slug":"mit-abwechslungsreichen-uebungen-von-ingrid-holler-2","status":"publish","type":"product","link":"https:\/\/conexbooks.de\/a\/shop\/produkt\/mit-abwechslungsreichen-uebungen-von-ingrid-holler-2\/","title":{"rendered":"Trainingsbuch Gewaltfreie Kommunikation (Neuauflage 2025)"},"content":{"rendered":"<h3>Trainingsbuch Gewaltfreie Kommunikation<\/h3>\n<h4>Ingrid Holler<\/h4>\n<p>Praxisnahe GFK-\u00dcbungen f\u00fcr Anf\u00e4nger und Fortgeschrittene<\/p>\n<p>\u2022 V\u00f6llig \u00fcberarbeitete und um ein neues Kapitel zum Thema \u00bbBedauern\u00ab erg\u00e4nzte Neuauflage<br \/>\n\u2022 Eng orientiert am GFK-Grundlagenwerk von Marshall Rosenberg<br \/>\n\u2022 Einfache, alltagserprobte und sympathische \u00dcbungen<\/p>\n<p>Ingrid Hollers Trainingsbuch ist seit Jahrzehnten als Buch aus der Praxis f\u00fcr die Praxis etabliert, das mit humorvollen Beispielen die Gewaltfreie Kommunikation (GFK) nach Marshall B. Rosenberg f\u00fcr den ganz normalen Alltag nutzbar macht.<br \/>\nSelbstlernende k\u00f6nnen in leicht nachvollziehbaren \u00dcbungen auf gehirnfreundliche Art das Handwerkszeug der GFK trainieren, wie z. B. St\u00f6rungen aktiv und aufrichtig mit den vier Schritten ansprechen, mit Kritik, Vorw\u00fcrfen und Schuldzuweisungen produktiv umgehen oder \u00c4rger vollst\u00e4ndig ausdr\u00fccken, statt ihn heimlich wirken zu lassen. Trainer:innen finden nach jedem Kapitel passende \u00dcbungen f\u00fcr ihren Einsatz im Seminar.<br \/>\nDas Trainingsbuch orientiert sich inhaltlich an dem Buch Gewaltfreie Kommunikation von Marshall Rosenberg.<br \/>\nEs hat die gleiche thematische Kapitelaufteilung und Sie finden immer wieder Fragen zu dem Text im GFK-Buch, die die \u00dcbungen vertiefend begleiten.<br \/>\nF\u00fcr die neue Auflage wurde der Text gr\u00fcndlich \u00fcberarbeitet und um ein neues Kapitel zum Thema \u00bbBedauern\u00ab erg\u00e4nzt.<\/p>\n<div id='1' class='widgets_on_page wop_tiny1  wop_small1  wop_medium1  wop_large1  wop_wide1'>\n\t\t\t<ul><li id=\"custom_html-4\" class=\"widget_text widget widget_custom_html\"><div class=\"textwidget custom-html-widget\"><div style=\"text-align:left;\">\r\n<button class = \"button\" style=\"height: 30px; font-size: 0.8em;\" name=\"zuruck\" type=\"button\" onclick=\"history.back()\">Zur\u00fcck zur \u00dcbersicht<\/button><\/div><\/div><\/li><\/ul><\/div><!-- widgets_on_page -->\n","protected":false},"excerpt":{"rendered":"<h3>Ingrid Holler<\/h3>\n<p><span style=\"color: red;\"><span style=\"color: #000000;\">Junfermann-Verlag,<\/span><br \/>\n<\/span>Trainingsbuch Gewaltfreie Kommunikation &#8211; <span style=\"color: #ff0000;\">\u00fcberarbeitete und erweiterte Neuauflage<\/span> 09\/2025<br \/>\nAbwechslungsreiche \u00dcbungen f\u00fcr Selbststudium und Seminare.<br \/>\nEin praxisnahes GFK-\u00dcbungsbuch f\u00fcr Anf\u00e4nger und Fortgeschrittene.<\/p>\n","protected":false},"featured_media":21294,"template":"","meta":[],"product_brand":[],"product_cat":[36,40,53],"product_tag":[385,630,535,310,61,285,533],"class_list":{"0":"post-913","1":"product","2":"type-product","3":"status-publish","4":"has-post-thumbnail","6":"product_cat-deutsche-buecher","7":"product_cat-grundlagen","8":"product_cat-neu","9":"product_tag-4-schritte-der-gfk","10":"product_tag-beisp","11":"product_tag-gfk-selbststudium","12":"product_tag-gfk-uebungen","13":"product_tag-mediation","14":"product_tag-praxisnah","15":"product_tag-trainingsbuch","17":"first","18":"instock","19":"shipping-taxable","20":"purchasable","21":"product-type-simple"},"yoast_head":"<!-- This site is optimized with the Yoast SEO plugin v27.3 - https:\/\/yoast.com\/product\/yoast-seo-wordpress\/ -->\n<title>Trainingsbuch Gewaltfreie Kommunikation (Neuauflage 2025) - Conex-Shop<\/title>\n<meta name=\"robots\" content=\"index, follow, max-snippet:-1, max-image-preview:large, max-video-preview:-1\" \/>\n<link rel=\"canonical\" href=\"https:\/\/conexbooks.de\/a\/shop\/produkt\/mit-abwechslungsreichen-uebungen-von-ingrid-holler-2\/\" \/>\n<meta property=\"og:locale\" content=\"de_DE\" \/>\n<meta property=\"og:type\" content=\"article\" \/>\n<meta property=\"og:title\" content=\"Trainingsbuch Gewaltfreie Kommunikation (Neuauflage 2025) - Conex-Shop\" \/>\n<meta property=\"og:description\" content=\"Ingrid Holler Junfermann-Verlag, Trainingsbuch Gewaltfreie Kommunikation - \u00fcberarbeitete und erweiterte Neuauflage 09\/2025 Abwechslungsreiche \u00dcbungen f\u00fcr Selbststudium und Seminare. Ein praxisnahes GFK-\u00dcbungsbuch f\u00fcr Anf\u00e4nger und Fortgeschrittene.\" \/>\n<meta property=\"og:url\" content=\"https:\/\/conexbooks.de\/a\/shop\/produkt\/mit-abwechslungsreichen-uebungen-von-ingrid-holler-2\/\" \/>\n<meta property=\"og:site_name\" content=\"Conex-Shop\" \/>\n<meta property=\"article:modified_time\" content=\"2026-04-01T11:26:33+00:00\" \/>\n<meta property=\"og:image\" content=\"https:\/\/conexbooks.de\/a\/shop\/wp-content\/uploads\/2017\/11\/003.png\" \/>\n\t<meta property=\"og:image:width\" content=\"281\" \/>\n\t<meta property=\"og:image:height\" content=\"400\" \/>\n\t<meta property=\"og:image:type\" content=\"image\/png\" \/>\n<meta name=\"twitter:card\" content=\"summary_large_image\" \/>\n<meta name=\"twitter:label1\" content=\"Gesch\u00e4tzte Lesezeit\" \/>\n\t<meta name=\"twitter:data1\" content=\"2\u00a0Minuten\" \/>\n<script type=\"application\/ld+json\" class=\"yoast-schema-graph\">{\"@context\":\"https:\\\/\\\/schema.org\",\"@graph\":[{\"@type\":\"WebPage\",\"@id\":\"https:\\\/\\\/conexbooks.de\\\/a\\\/shop\\\/produkt\\\/mit-abwechslungsreichen-uebungen-von-ingrid-holler-2\\\/\",\"url\":\"https:\\\/\\\/conexbooks.de\\\/a\\\/shop\\\/produkt\\\/mit-abwechslungsreichen-uebungen-von-ingrid-holler-2\\\/\",\"name\":\"Trainingsbuch Gewaltfreie Kommunikation (Neuauflage 2025) - Conex-Shop\",\"isPartOf\":{\"@id\":\"https:\\\/\\\/conexbooks.de\\\/a\\\/shop\\\/#website\"},\"primaryImageOfPage\":{\"@id\":\"https:\\\/\\\/conexbooks.de\\\/a\\\/shop\\\/produkt\\\/mit-abwechslungsreichen-uebungen-von-ingrid-holler-2\\\/#primaryimage\"},\"image\":{\"@id\":\"https:\\\/\\\/conexbooks.de\\\/a\\\/shop\\\/produkt\\\/mit-abwechslungsreichen-uebungen-von-ingrid-holler-2\\\/#primaryimage\"},\"thumbnailUrl\":\"https:\\\/\\\/conexbooks.de\\\/a\\\/shop\\\/wp-content\\\/uploads\\\/2017\\\/11\\\/003.png\",\"datePublished\":\"2017-11-14T19:09:47+00:00\",\"dateModified\":\"2026-04-01T11:26:33+00:00\",\"breadcrumb\":{\"@id\":\"https:\\\/\\\/conexbooks.de\\\/a\\\/shop\\\/produkt\\\/mit-abwechslungsreichen-uebungen-von-ingrid-holler-2\\\/#breadcrumb\"},\"inLanguage\":\"de\",\"potentialAction\":[{\"@type\":\"ReadAction\",\"target\":[\"https:\\\/\\\/conexbooks.de\\\/a\\\/shop\\\/produkt\\\/mit-abwechslungsreichen-uebungen-von-ingrid-holler-2\\\/\"]}]},{\"@type\":\"ImageObject\",\"inLanguage\":\"de\",\"@id\":\"https:\\\/\\\/conexbooks.de\\\/a\\\/shop\\\/produkt\\\/mit-abwechslungsreichen-uebungen-von-ingrid-holler-2\\\/#primaryimage\",\"url\":\"https:\\\/\\\/conexbooks.de\\\/a\\\/shop\\\/wp-content\\\/uploads\\\/2017\\\/11\\\/003.png\",\"contentUrl\":\"https:\\\/\\\/conexbooks.de\\\/a\\\/shop\\\/wp-content\\\/uploads\\\/2017\\\/11\\\/003.png\",\"width\":281,\"height\":400},{\"@type\":\"BreadcrumbList\",\"@id\":\"https:\\\/\\\/conexbooks.de\\\/a\\\/shop\\\/produkt\\\/mit-abwechslungsreichen-uebungen-von-ingrid-holler-2\\\/#breadcrumb\",\"itemListElement\":[{\"@type\":\"ListItem\",\"position\":1,\"name\":\"Home\",\"item\":\"https:\\\/\\\/conexbooks.de\\\/a\\\/shop\\\/\"},{\"@type\":\"ListItem\",\"position\":2,\"name\":\"Shop\",\"item\":\"https:\\\/\\\/conexbooks.de\\\/a\\\/shop\\\/shop\\\/\"},{\"@type\":\"ListItem\",\"position\":3,\"name\":\"Trainingsbuch Gewaltfreie Kommunikation (Neuauflage 2025)\"}]},{\"@type\":\"WebSite\",\"@id\":\"https:\\\/\\\/conexbooks.de\\\/a\\\/shop\\\/#website\",\"url\":\"https:\\\/\\\/conexbooks.de\\\/a\\\/shop\\\/\",\"name\":\"Conex-Shop\",\"description\":\"Alles f\u00fcr die gewaltfreie Kommunikation: B\u00fccher, Spiele. Handpuppen Seminarmaterial und Geschenke\",\"publisher\":{\"@id\":\"https:\\\/\\\/conexbooks.de\\\/a\\\/shop\\\/#organization\"},\"potentialAction\":[{\"@type\":\"SearchAction\",\"target\":{\"@type\":\"EntryPoint\",\"urlTemplate\":\"https:\\\/\\\/conexbooks.de\\\/a\\\/shop\\\/?s={search_term_string}\"},\"query-input\":{\"@type\":\"PropertyValueSpecification\",\"valueRequired\":true,\"valueName\":\"search_term_string\"}}],\"inLanguage\":\"de\"},{\"@type\":\"Organization\",\"@id\":\"https:\\\/\\\/conexbooks.de\\\/a\\\/shop\\\/#organization\",\"name\":\"Conex - books and more\",\"url\":\"https:\\\/\\\/conexbooks.de\\\/a\\\/shop\\\/\",\"logo\":{\"@type\":\"ImageObject\",\"inLanguage\":\"de\",\"@id\":\"https:\\\/\\\/conexbooks.de\\\/a\\\/shop\\\/#\\\/schema\\\/logo\\\/image\\\/\",\"url\":\"https:\\\/\\\/conexbooks.de\\\/a\\\/shop\\\/wp-content\\\/uploads\\\/2017\\\/12\\\/co-logo.png\",\"contentUrl\":\"https:\\\/\\\/conexbooks.de\\\/a\\\/shop\\\/wp-content\\\/uploads\\\/2017\\\/12\\\/co-logo.png\",\"width\":243,\"height\":122,\"caption\":\"Conex - books and more\"},\"image\":{\"@id\":\"https:\\\/\\\/conexbooks.de\\\/a\\\/shop\\\/#\\\/schema\\\/logo\\\/image\\\/\"}}]}<\/script>\n<!-- \/ Yoast SEO plugin. -->","yoast_head_json":{"title":"Trainingsbuch Gewaltfreie Kommunikation (Neuauflage 2025) - Conex-Shop","robots":{"index":"index","follow":"follow","max-snippet":"max-snippet:-1","max-image-preview":"max-image-preview:large","max-video-preview":"max-video-preview:-1"},"canonical":"https:\/\/conexbooks.de\/a\/shop\/produkt\/mit-abwechslungsreichen-uebungen-von-ingrid-holler-2\/","og_locale":"de_DE","og_type":"article","og_title":"Trainingsbuch Gewaltfreie Kommunikation (Neuauflage 2025) - Conex-Shop","og_description":"Ingrid Holler Junfermann-Verlag, Trainingsbuch Gewaltfreie Kommunikation - \u00fcberarbeitete und erweiterte Neuauflage 09\/2025 Abwechslungsreiche \u00dcbungen f\u00fcr Selbststudium und Seminare. Ein praxisnahes GFK-\u00dcbungsbuch f\u00fcr Anf\u00e4nger und Fortgeschrittene.","og_url":"https:\/\/conexbooks.de\/a\/shop\/produkt\/mit-abwechslungsreichen-uebungen-von-ingrid-holler-2\/","og_site_name":"Conex-Shop","article_modified_time":"2026-04-01T11:26:33+00:00","og_image":[{"width":281,"height":400,"url":"https:\/\/conexbooks.de\/a\/shop\/wp-content\/uploads\/2017\/11\/003.png","type":"image\/png"}],"twitter_card":"summary_large_image","twitter_misc":{"Gesch\u00e4tzte Lesezeit":"2\u00a0Minuten"},"schema":{"@context":"https:\/\/schema.org","@graph":[{"@type":"WebPage","@id":"https:\/\/conexbooks.de\/a\/shop\/produkt\/mit-abwechslungsreichen-uebungen-von-ingrid-holler-2\/","url":"https:\/\/conexbooks.de\/a\/shop\/produkt\/mit-abwechslungsreichen-uebungen-von-ingrid-holler-2\/","name":"Trainingsbuch Gewaltfreie Kommunikation (Neuauflage 2025) - Conex-Shop","isPartOf":{"@id":"https:\/\/conexbooks.de\/a\/shop\/#website"},"primaryImageOfPage":{"@id":"https:\/\/conexbooks.de\/a\/shop\/produkt\/mit-abwechslungsreichen-uebungen-von-ingrid-holler-2\/#primaryimage"},"image":{"@id":"https:\/\/conexbooks.de\/a\/shop\/produkt\/mit-abwechslungsreichen-uebungen-von-ingrid-holler-2\/#primaryimage"},"thumbnailUrl":"https:\/\/conexbooks.de\/a\/shop\/wp-content\/uploads\/2017\/11\/003.png","datePublished":"2017-11-14T19:09:47+00:00","dateModified":"2026-04-01T11:26:33+00:00","breadcrumb":{"@id":"https:\/\/conexbooks.de\/a\/shop\/produkt\/mit-abwechslungsreichen-uebungen-von-ingrid-holler-2\/#breadcrumb"},"inLanguage":"de","potentialAction":[{"@type":"ReadAction","target":["https:\/\/conexbooks.de\/a\/shop\/produkt\/mit-abwechslungsreichen-uebungen-von-ingrid-holler-2\/"]}]},{"@type":"ImageObject","inLanguage":"de","@id":"https:\/\/conexbooks.de\/a\/shop\/produkt\/mit-abwechslungsreichen-uebungen-von-ingrid-holler-2\/#primaryimage","url":"https:\/\/conexbooks.de\/a\/shop\/wp-content\/uploads\/2017\/11\/003.png","contentUrl":"https:\/\/conexbooks.de\/a\/shop\/wp-content\/uploads\/2017\/11\/003.png","width":281,"height":400},{"@type":"BreadcrumbList","@id":"https:\/\/conexbooks.de\/a\/shop\/produkt\/mit-abwechslungsreichen-uebungen-von-ingrid-holler-2\/#breadcrumb","itemListElement":[{"@type":"ListItem","position":1,"name":"Home","item":"https:\/\/conexbooks.de\/a\/shop\/"},{"@type":"ListItem","position":2,"name":"Shop","item":"https:\/\/conexbooks.de\/a\/shop\/shop\/"},{"@type":"ListItem","position":3,"name":"Trainingsbuch Gewaltfreie Kommunikation (Neuauflage 2025)"}]},{"@type":"WebSite","@id":"https:\/\/conexbooks.de\/a\/shop\/#website","url":"https:\/\/conexbooks.de\/a\/shop\/","name":"Conex-Shop","description":"Alles f\u00fcr die gewaltfreie Kommunikation: B\u00fccher, Spiele. Handpuppen Seminarmaterial und Geschenke","publisher":{"@id":"https:\/\/conexbooks.de\/a\/shop\/#organization"},"potentialAction":[{"@type":"SearchAction","target":{"@type":"EntryPoint","urlTemplate":"https:\/\/conexbooks.de\/a\/shop\/?s={search_term_string}"},"query-input":{"@type":"PropertyValueSpecification","valueRequired":true,"valueName":"search_term_string"}}],"inLanguage":"de"},{"@type":"Organization","@id":"https:\/\/conexbooks.de\/a\/shop\/#organization","name":"Conex - books and more","url":"https:\/\/conexbooks.de\/a\/shop\/","logo":{"@type":"ImageObject","inLanguage":"de","@id":"https:\/\/conexbooks.de\/a\/shop\/#\/schema\/logo\/image\/","url":"https:\/\/conexbooks.de\/a\/shop\/wp-content\/uploads\/2017\/12\/co-logo.png","contentUrl":"https:\/\/conexbooks.de\/a\/shop\/wp-content\/uploads\/2017\/12\/co-logo.png","width":243,"height":122,"caption":"Conex - books and more"},"image":{"@id":"https:\/\/conexbooks.de\/a\/shop\/#\/schema\/logo\/image\/"}}]}},"_links":{"self":[{"href":"https:\/\/conexbooks.de\/a\/shop\/wp-json\/wp\/v2\/product\/913","targetHints":{"allow":["GET"]}}],"collection":[{"href":"https:\/\/conexbooks.de\/a\/shop\/wp-json\/wp\/v2\/product"}],"about":[{"href":"https:\/\/conexbooks.de\/a\/shop\/wp-json\/wp\/v2\/types\/product"}],"wp:featuredmedia":[{"embeddable":true,"href":"https:\/\/conexbooks.de\/a\/shop\/wp-json\/wp\/v2\/media\/21294"}],"wp:attachment":[{"href":"https:\/\/conexbooks.de\/a\/shop\/wp-json\/wp\/v2\/media?parent=913"}],"wp:term":[{"taxonomy":"product_brand","embeddable":true,"href":"https:\/\/conexbooks.de\/a\/shop\/wp-json\/wp\/v2\/product_brand?post=913"},{"taxonomy":"product_cat","embeddable":true,"href":"https:\/\/conexbooks.de\/a\/shop\/wp-json\/wp\/v2\/product_cat?post=913"},{"taxonomy":"product_tag","embeddable":true,"href":"https:\/\/conexbooks.de\/a\/shop\/wp-json\/wp\/v2\/product_tag?post=913"}],"curies":[{"name":"wp","href":"https:\/\/api.w.org\/{rel}","templated":true}]}}