{"id":917,"date":"2017-11-14T20:09:48","date_gmt":"2017-11-14T19:09:48","guid":{"rendered":"https:\/\/conexbooks.de\/a\/shop\/wp\/produkt\/eine-gebrauchsanweisung-aktualisierte-neuauflage\/"},"modified":"2023-10-04T23:49:56","modified_gmt":"2023-10-04T21:49:56","slug":"eine-gebrauchsanweisung-aktualisierte-neuauflage","status":"publish","type":"product","link":"https:\/\/conexbooks.de\/a\/shop\/produkt\/eine-gebrauchsanweisung-aktualisierte-neuauflage\/","title":{"rendered":"Gef\u00fchle &amp; Emotionen"},"content":{"rendered":"<h4>Gef\u00fchle &amp; Emotionen (Aktualisierte Neuauflage)<\/h4>\n<h4>Vivian Dittmar<\/h4>\n<p>Gef\u00fchle bestimmen unser Leben, ob wir wollen oder nicht. Wir investieren viel Zeit und Geld, um bestimmte Gef\u00fchle zu vermeiden und andere m\u00f6glichst oft zu erfahren. Was Gef\u00fchle jedoch sind und wozu wir sie \u00fcberhaupt haben, ist uns meist nicht bewusst.<\/p>\n<p>Das kann sich jetzt \u00e4ndern. In einfachen, klaren Worten f\u00fchrt diese Gebrauchsanweisung durch unsere Gef\u00fchlswelt. Wut, Angst, Freude, Trauer oder Scham \u2013 jedes Gef\u00fchl erf\u00fcllt eine wichtige Funktion in unserem Leben. Jedes Gef\u00fchl ist eine Kraft, die gezielt eingesetzt werden m\u00f6chte, wenn sie gebraucht wird.<\/p>\n<p>Schritt f\u00fcr Schritt zeigt dieses Buch nicht nur, was Gef\u00fchle sind, sondern auch, wie wir sie bewusst erzeugen und einsetzen k\u00f6nnen.\u00a0 Damit Gef\u00fchle nicht mehr irrationale Empfindungswallungen sind, denen wir auf Gedeih und Verderb ausgeliefert sind, sondern positive Kr\u00e4fte, mit denen wir unser Leben gestalten k\u00f6nnen.<\/p>\n<p>\u2022 \u00c4rger vollst\u00e4ndig ausdr\u00fccken, statt ihn heimlich wirken zu lassen;<\/p>\n","protected":false},"excerpt":{"rendered":"<h3>Vivian Dittmar<\/h3>\n<h3>Eine Gebrauchsanweisung<\/h3>\n<p>Verlag V.C.S. Dittmar, M\u00fcnchen, edition est<br \/>\n2. Aufl. 2007, 223 Seiten, kartoniert,\u00a0Format: 14,5 x 21 cm<\/p>\n","protected":false},"featured_media":2014,"template":"","meta":[],"product_brand":[],"product_cat":[36,40],"product_tag":[],"class_list":{"0":"post-917","1":"product","2":"type-product","3":"status-publish","4":"has-post-thumbnail","6":"product_cat-deutsche-buecher","7":"product_cat-grundlagen","9":"first","10":"instock","11":"shipping-taxable","12":"purchasable","13":"product-type-simple"},"yoast_head":"<!-- This site is optimized with the Yoast SEO plugin v27.5 - https:\/\/yoast.com\/product\/yoast-seo-wordpress\/ -->\n<title>Gef\u00fchle &amp; Emotionen - Conex-Shop<\/title>\n<meta name=\"robots\" content=\"index, follow, max-snippet:-1, max-image-preview:large, max-video-preview:-1\" \/>\n<link rel=\"canonical\" href=\"https:\/\/conexbooks.de\/a\/shop\/produkt\/eine-gebrauchsanweisung-aktualisierte-neuauflage\/\" \/>\n<meta property=\"og:locale\" content=\"de_DE\" \/>\n<meta property=\"og:type\" content=\"article\" \/>\n<meta property=\"og:title\" content=\"Gef\u00fchle &amp; Emotionen - Conex-Shop\" \/>\n<meta property=\"og:description\" content=\"Vivian Dittmar Eine Gebrauchsanweisung Verlag V.C.S. Dittmar, M\u00fcnchen, edition est 2. Aufl. 2007, 223 Seiten, kartoniert,\u00a0Format: 14,5 x 21 cm\" \/>\n<meta property=\"og:url\" content=\"https:\/\/conexbooks.de\/a\/shop\/produkt\/eine-gebrauchsanweisung-aktualisierte-neuauflage\/\" \/>\n<meta property=\"og:site_name\" content=\"Conex-Shop\" \/>\n<meta property=\"article:modified_time\" content=\"2023-10-04T21:49:56+00:00\" \/>\n<meta property=\"og:image\" content=\"https:\/\/conexbooks.de\/a\/shop\/wp-content\/uploads\/2017\/12\/044.jpg\" \/>\n\t<meta property=\"og:image:width\" content=\"213\" \/>\n\t<meta property=\"og:image:height\" content=\"300\" \/>\n\t<meta property=\"og:image:type\" content=\"image\/jpeg\" \/>\n<meta name=\"twitter:card\" content=\"summary_large_image\" \/>\n<meta name=\"twitter:label1\" content=\"Gesch\u00e4tzte Lesezeit\" \/>\n\t<meta name=\"twitter:data1\" content=\"1\u00a0Minute\" \/>\n<script type=\"application\/ld+json\" class=\"yoast-schema-graph\">{\"@context\":\"https:\\\/\\\/schema.org\",\"@graph\":[{\"@type\":\"WebPage\",\"@id\":\"https:\\\/\\\/conexbooks.de\\\/a\\\/shop\\\/produkt\\\/eine-gebrauchsanweisung-aktualisierte-neuauflage\\\/\",\"url\":\"https:\\\/\\\/conexbooks.de\\\/a\\\/shop\\\/produkt\\\/eine-gebrauchsanweisung-aktualisierte-neuauflage\\\/\",\"name\":\"Gef\u00fchle &amp; Emotionen - Conex-Shop\",\"isPartOf\":{\"@id\":\"https:\\\/\\\/conexbooks.de\\\/a\\\/shop\\\/#website\"},\"primaryImageOfPage\":{\"@id\":\"https:\\\/\\\/conexbooks.de\\\/a\\\/shop\\\/produkt\\\/eine-gebrauchsanweisung-aktualisierte-neuauflage\\\/#primaryimage\"},\"image\":{\"@id\":\"https:\\\/\\\/conexbooks.de\\\/a\\\/shop\\\/produkt\\\/eine-gebrauchsanweisung-aktualisierte-neuauflage\\\/#primaryimage\"},\"thumbnailUrl\":\"https:\\\/\\\/conexbooks.de\\\/a\\\/shop\\\/wp-content\\\/uploads\\\/2017\\\/12\\\/044.jpg\",\"datePublished\":\"2017-11-14T19:09:48+00:00\",\"dateModified\":\"2023-10-04T21:49:56+00:00\",\"breadcrumb\":{\"@id\":\"https:\\\/\\\/conexbooks.de\\\/a\\\/shop\\\/produkt\\\/eine-gebrauchsanweisung-aktualisierte-neuauflage\\\/#breadcrumb\"},\"inLanguage\":\"de\",\"potentialAction\":[{\"@type\":\"ReadAction\",\"target\":[\"https:\\\/\\\/conexbooks.de\\\/a\\\/shop\\\/produkt\\\/eine-gebrauchsanweisung-aktualisierte-neuauflage\\\/\"]}]},{\"@type\":\"ImageObject\",\"inLanguage\":\"de\",\"@id\":\"https:\\\/\\\/conexbooks.de\\\/a\\\/shop\\\/produkt\\\/eine-gebrauchsanweisung-aktualisierte-neuauflage\\\/#primaryimage\",\"url\":\"https:\\\/\\\/conexbooks.de\\\/a\\\/shop\\\/wp-content\\\/uploads\\\/2017\\\/12\\\/044.jpg\",\"contentUrl\":\"https:\\\/\\\/conexbooks.de\\\/a\\\/shop\\\/wp-content\\\/uploads\\\/2017\\\/12\\\/044.jpg\",\"width\":213,\"height\":300},{\"@type\":\"BreadcrumbList\",\"@id\":\"https:\\\/\\\/conexbooks.de\\\/a\\\/shop\\\/produkt\\\/eine-gebrauchsanweisung-aktualisierte-neuauflage\\\/#breadcrumb\",\"itemListElement\":[{\"@type\":\"ListItem\",\"position\":1,\"name\":\"Home\",\"item\":\"https:\\\/\\\/conexbooks.de\\\/a\\\/shop\\\/\"},{\"@type\":\"ListItem\",\"position\":2,\"name\":\"Shop\",\"item\":\"https:\\\/\\\/conexbooks.de\\\/a\\\/shop\\\/shop\\\/\"},{\"@type\":\"ListItem\",\"position\":3,\"name\":\"Gef\u00fchle &amp; Emotionen\"}]},{\"@type\":\"WebSite\",\"@id\":\"https:\\\/\\\/conexbooks.de\\\/a\\\/shop\\\/#website\",\"url\":\"https:\\\/\\\/conexbooks.de\\\/a\\\/shop\\\/\",\"name\":\"Conex-Shop\",\"description\":\"Alles f\u00fcr die gewaltfreie Kommunikation: B\u00fccher, Spiele. Handpuppen Seminarmaterial und Geschenke\",\"publisher\":{\"@id\":\"https:\\\/\\\/conexbooks.de\\\/a\\\/shop\\\/#organization\"},\"potentialAction\":[{\"@type\":\"SearchAction\",\"target\":{\"@type\":\"EntryPoint\",\"urlTemplate\":\"https:\\\/\\\/conexbooks.de\\\/a\\\/shop\\\/?s={search_term_string}\"},\"query-input\":{\"@type\":\"PropertyValueSpecification\",\"valueRequired\":true,\"valueName\":\"search_term_string\"}}],\"inLanguage\":\"de\"},{\"@type\":\"Organization\",\"@id\":\"https:\\\/\\\/conexbooks.de\\\/a\\\/shop\\\/#organization\",\"name\":\"Conex - books and more\",\"url\":\"https:\\\/\\\/conexbooks.de\\\/a\\\/shop\\\/\",\"logo\":{\"@type\":\"ImageObject\",\"inLanguage\":\"de\",\"@id\":\"https:\\\/\\\/conexbooks.de\\\/a\\\/shop\\\/#\\\/schema\\\/logo\\\/image\\\/\",\"url\":\"https:\\\/\\\/conexbooks.de\\\/a\\\/shop\\\/wp-content\\\/uploads\\\/2017\\\/12\\\/co-logo.png\",\"contentUrl\":\"https:\\\/\\\/conexbooks.de\\\/a\\\/shop\\\/wp-content\\\/uploads\\\/2017\\\/12\\\/co-logo.png\",\"width\":243,\"height\":122,\"caption\":\"Conex - books and more\"},\"image\":{\"@id\":\"https:\\\/\\\/conexbooks.de\\\/a\\\/shop\\\/#\\\/schema\\\/logo\\\/image\\\/\"}}]}<\/script>\n<!-- \/ Yoast SEO plugin. -->","yoast_head_json":{"title":"Gef\u00fchle &amp; Emotionen - Conex-Shop","robots":{"index":"index","follow":"follow","max-snippet":"max-snippet:-1","max-image-preview":"max-image-preview:large","max-video-preview":"max-video-preview:-1"},"canonical":"https:\/\/conexbooks.de\/a\/shop\/produkt\/eine-gebrauchsanweisung-aktualisierte-neuauflage\/","og_locale":"de_DE","og_type":"article","og_title":"Gef\u00fchle &amp; Emotionen - Conex-Shop","og_description":"Vivian Dittmar Eine Gebrauchsanweisung Verlag V.C.S. Dittmar, M\u00fcnchen, edition est 2. Aufl. 2007, 223 Seiten, kartoniert,\u00a0Format: 14,5 x 21 cm","og_url":"https:\/\/conexbooks.de\/a\/shop\/produkt\/eine-gebrauchsanweisung-aktualisierte-neuauflage\/","og_site_name":"Conex-Shop","article_modified_time":"2023-10-04T21:49:56+00:00","og_image":[{"width":213,"height":300,"url":"https:\/\/conexbooks.de\/a\/shop\/wp-content\/uploads\/2017\/12\/044.jpg","type":"image\/jpeg"}],"twitter_card":"summary_large_image","twitter_misc":{"Gesch\u00e4tzte Lesezeit":"1\u00a0Minute"},"schema":{"@context":"https:\/\/schema.org","@graph":[{"@type":"WebPage","@id":"https:\/\/conexbooks.de\/a\/shop\/produkt\/eine-gebrauchsanweisung-aktualisierte-neuauflage\/","url":"https:\/\/conexbooks.de\/a\/shop\/produkt\/eine-gebrauchsanweisung-aktualisierte-neuauflage\/","name":"Gef\u00fchle &amp; Emotionen - Conex-Shop","isPartOf":{"@id":"https:\/\/conexbooks.de\/a\/shop\/#website"},"primaryImageOfPage":{"@id":"https:\/\/conexbooks.de\/a\/shop\/produkt\/eine-gebrauchsanweisung-aktualisierte-neuauflage\/#primaryimage"},"image":{"@id":"https:\/\/conexbooks.de\/a\/shop\/produkt\/eine-gebrauchsanweisung-aktualisierte-neuauflage\/#primaryimage"},"thumbnailUrl":"https:\/\/conexbooks.de\/a\/shop\/wp-content\/uploads\/2017\/12\/044.jpg","datePublished":"2017-11-14T19:09:48+00:00","dateModified":"2023-10-04T21:49:56+00:00","breadcrumb":{"@id":"https:\/\/conexbooks.de\/a\/shop\/produkt\/eine-gebrauchsanweisung-aktualisierte-neuauflage\/#breadcrumb"},"inLanguage":"de","potentialAction":[{"@type":"ReadAction","target":["https:\/\/conexbooks.de\/a\/shop\/produkt\/eine-gebrauchsanweisung-aktualisierte-neuauflage\/"]}]},{"@type":"ImageObject","inLanguage":"de","@id":"https:\/\/conexbooks.de\/a\/shop\/produkt\/eine-gebrauchsanweisung-aktualisierte-neuauflage\/#primaryimage","url":"https:\/\/conexbooks.de\/a\/shop\/wp-content\/uploads\/2017\/12\/044.jpg","contentUrl":"https:\/\/conexbooks.de\/a\/shop\/wp-content\/uploads\/2017\/12\/044.jpg","width":213,"height":300},{"@type":"BreadcrumbList","@id":"https:\/\/conexbooks.de\/a\/shop\/produkt\/eine-gebrauchsanweisung-aktualisierte-neuauflage\/#breadcrumb","itemListElement":[{"@type":"ListItem","position":1,"name":"Home","item":"https:\/\/conexbooks.de\/a\/shop\/"},{"@type":"ListItem","position":2,"name":"Shop","item":"https:\/\/conexbooks.de\/a\/shop\/shop\/"},{"@type":"ListItem","position":3,"name":"Gef\u00fchle &amp; Emotionen"}]},{"@type":"WebSite","@id":"https:\/\/conexbooks.de\/a\/shop\/#website","url":"https:\/\/conexbooks.de\/a\/shop\/","name":"Conex-Shop","description":"Alles f\u00fcr die gewaltfreie Kommunikation: B\u00fccher, Spiele. Handpuppen Seminarmaterial und Geschenke","publisher":{"@id":"https:\/\/conexbooks.de\/a\/shop\/#organization"},"potentialAction":[{"@type":"SearchAction","target":{"@type":"EntryPoint","urlTemplate":"https:\/\/conexbooks.de\/a\/shop\/?s={search_term_string}"},"query-input":{"@type":"PropertyValueSpecification","valueRequired":true,"valueName":"search_term_string"}}],"inLanguage":"de"},{"@type":"Organization","@id":"https:\/\/conexbooks.de\/a\/shop\/#organization","name":"Conex - books and more","url":"https:\/\/conexbooks.de\/a\/shop\/","logo":{"@type":"ImageObject","inLanguage":"de","@id":"https:\/\/conexbooks.de\/a\/shop\/#\/schema\/logo\/image\/","url":"https:\/\/conexbooks.de\/a\/shop\/wp-content\/uploads\/2017\/12\/co-logo.png","contentUrl":"https:\/\/conexbooks.de\/a\/shop\/wp-content\/uploads\/2017\/12\/co-logo.png","width":243,"height":122,"caption":"Conex - books and more"},"image":{"@id":"https:\/\/conexbooks.de\/a\/shop\/#\/schema\/logo\/image\/"}}]}},"_links":{"self":[{"href":"https:\/\/conexbooks.de\/a\/shop\/wp-json\/wp\/v2\/product\/917","targetHints":{"allow":["GET"]}}],"collection":[{"href":"https:\/\/conexbooks.de\/a\/shop\/wp-json\/wp\/v2\/product"}],"about":[{"href":"https:\/\/conexbooks.de\/a\/shop\/wp-json\/wp\/v2\/types\/product"}],"wp:featuredmedia":[{"embeddable":true,"href":"https:\/\/conexbooks.de\/a\/shop\/wp-json\/wp\/v2\/media\/2014"}],"wp:attachment":[{"href":"https:\/\/conexbooks.de\/a\/shop\/wp-json\/wp\/v2\/media?parent=917"}],"wp:term":[{"taxonomy":"product_brand","embeddable":true,"href":"https:\/\/conexbooks.de\/a\/shop\/wp-json\/wp\/v2\/product_brand?post=917"},{"taxonomy":"product_cat","embeddable":true,"href":"https:\/\/conexbooks.de\/a\/shop\/wp-json\/wp\/v2\/product_cat?post=917"},{"taxonomy":"product_tag","embeddable":true,"href":"https:\/\/conexbooks.de\/a\/shop\/wp-json\/wp\/v2\/product_tag?post=917"}],"curies":[{"name":"wp","href":"https:\/\/api.w.org\/{rel}","templated":true}]}}