{"id":929,"date":"2017-11-14T20:09:50","date_gmt":"2017-11-14T19:09:50","guid":{"rendered":"https:\/\/conexbooks.de\/a\/shop\/wp\/produkt\/gewaltfreie-kommunikation-im-schulalltag-von-marshall-b-rosenberg\/"},"modified":"2026-04-01T13:27:49","modified_gmt":"2026-04-01T11:27:49","slug":"gewaltfreie-kommunikation-im-schulalltag-von-marshall-b-rosenberg","status":"publish","type":"product","link":"https:\/\/conexbooks.de\/a\/shop\/produkt\/gewaltfreie-kommunikation-im-schulalltag-von-marshall-b-rosenberg\/","title":{"rendered":"Erziehung, die das Leben bereichert (Neuauflage)"},"content":{"rendered":"<h3>Erziehung, die das Leben bereichert<\/h3>\n<h4>Dr. Marshall B. Rosenberg<\/h4>\n<p>Wenn Sch\u00fcler gerne lernen und Lehrer gerne lehren&#8230;<\/p>\n<p>Um dieses Ziel zu erreichen, ist ein neuer Erziehungsansatz n\u00f6tig, der allen Mitgliedern einer lernenden Gemeinschaft dient. Marshall B. Rosenberg beschreibt in seinem Buch, wie diese Vision realisiert werden kann. Der von ihm dargestellte Erziehungsansatz basiert auf Beziehungen zwischen Sch\u00fclern, Lehrern, Verwaltungsmitarbeitern und Eltern, die von gegenseitigem Respekt gepr\u00e4gt sind. Es geht darum, neuartige und effektive Arten des Kontakts und des Miteinanders zu entwickeln, weil nur so au\u00dfergew\u00f6hnliche Schulen entstehen k\u00f6nnen, die den Bed\u00fcrfnissen aller Beteiligten gerecht werden.<\/p>\n<div class=\"page\" title=\"Page 1\">\n<div class=\"layoutArea\">\n<div class=\"column\">\n<p>In diesem Buch erkla\u0308rt Bestseller-Autor Marshall B. Rosenberg, wie Interesse und Leistungsfa\u0308higkeit gefo\u0308rdert, eine sichere und unterstu\u0308tzende Lernatmospha\u0308re geschaffen, emotionale Intelligenz, Respekt und Mitgefu\u0308hl gesta\u0308rkt, Konflikte gelo\u0308st und Gewaltta\u0308tigkeit verhindert oder entscha\u0308rft werden ko\u0308nnen.<\/p>\n<div class=\"page\" title=\"Page 1\">\n<div class=\"layoutArea\">\n<div class=\"column\">\n<p>&#8222;Dieses Buch gibt Lehrern ein erprobtes Verfahren an die Hand und zeigt ihnen, wie sie eine Lernatmospha\u0308re schaffen ko\u0308nnen, in der ihre Schu\u0308ler sich wirklich entwickeln ko\u0308nnen. Ich empfehle es nachdru\u0308cklich.&#8220;- Thomas Gordon<\/p>\n<\/div>\n<\/div>\n<\/div>\n<\/div>\n<\/div>\n<\/div>\n<p>Pressestimmen:<\/p>\n<div class=\"page\" title=\"Page 2\">\n<div class=\"layoutArea\">\n<div class=\"column\">\n<p>&#8222;Anhand zahlreicher, recht eindrucksvoller Beispiele zeigt der Autor, wie die Grundlagen der GFK nicht nur die Effektivita\u0308t innerschulischen Konflikthandlings erho\u0308hen, sondern auch als Basis fu\u0308r den Aufbau einer partnerschaftlichen, Selbstverantwortlichkeit fo\u0308rdernden Schulkultur dienen ko\u0308nnen. Zusa\u0308tzlich werden leicht durchfu\u0308hrbare U\u0308bungen angeboten, die eine erfahrungsorientierte Auseinandersetzung mit den wesentlichen Bausteinen der &gt;&gt;Gewaltfreien Kommunikation&lt;&lt; ermo\u0308glichen.<\/p>\n<p>Das Verfahren der GFK ist erprobt und hat sich als praktikabel erwiesen, das leicht versta\u0308ndliche Buch zeigt, wie es fu\u0308r eine zeitgema\u0308\u00dfe Schulkultur nutzbar gemacht werden kann. Es wird deshalb nachdru\u0308cklich zur Lektu\u0308re empfohlen.&#8220;- Schulanzeiger der Regierung von Unterfranken<\/p>\n<p>&#8222;Wer das Buch ohne Kenntnisse zur gewaltfreien Kommunikation liest, wird die einzelnen Elemente der Gewaltfreien Kommunikation und deren Umsetzung in Kapitel 3 und 4 beschrieben finden. Die Darstellung erfolgt speziell aus dem Blick des Lehrers in der Lehrsituation. Dieses Wissen war oftmals nur durch Teilnahme an Seminaren mit Marshall Rosenberg und Videos von solchen Seminaren in Teilaspekten fu\u0308r sich selbst erreichbar. Das Buch stellt endlich das vollsta\u0308ndige Gesamtkonzept dar.&#8220;- www.socialnet.de<\/p>\n<p>&#8222;Sehr weiterfu\u0308hrend, anregend und hilfreich fu\u0308r alle Lehrer.&#8220;- ekz-Informationsdienst<\/p>\n<p>inhaltsgleich mit 5. Auflage von 2013<\/p>\n<div id='1' class='widgets_on_page wop_tiny1  wop_small1  wop_medium1  wop_large1  wop_wide1'>\n\t\t\t<ul><li id=\"custom_html-4\" class=\"widget_text widget widget_custom_html\"><div class=\"textwidget custom-html-widget\"><div style=\"text-align:left;\">\r\n<button class = \"button\" style=\"height: 30px; font-size: 0.8em;\" name=\"zuruck\" type=\"button\" onclick=\"history.back()\">Zur\u00fcck zur \u00dcbersicht<\/button><\/div><\/div><\/li><\/ul><\/div><!-- widgets_on_page -->\n<\/div>\n<\/div>\n<\/div>\n","protected":false},"excerpt":{"rendered":"<h3>Dr. Marshall B. Rosenberg<\/h3>\n<p>Wie die Gewaltfreie Kommunikation im Schulalltag dazu beitr\u00e4gt, die Leistungsf\u00e4higkeit zu verbessern, Konfliktpotentiale abzubauen und Beziehungen zu f\u00f6rdern.<\/p>\n<p>Junfermann Verlag; 5. Auflage 2024 (inhaltsgleich mit 5. Auflage von 2013)<br \/>\n176 Seiten, kartoniert<\/p>\n","protected":false},"featured_media":20852,"template":"","meta":[],"product_brand":[],"product_cat":[36,41],"product_tag":[104,105,565,606,143,608,59,607,148],"class_list":{"0":"post-929","1":"product","2":"type-product","3":"status-publish","4":"has-post-thumbnail","6":"product_cat-deutsche-buecher","7":"product_cat-schule-kita","8":"product_tag-empathie","9":"product_tag-erziehung","10":"product_tag-gfk-in-der-schule","11":"product_tag-lernatmosphaere","12":"product_tag-respekt","13":"product_tag-schulalltag","14":"product_tag-schule","15":"product_tag-schueler-lehrer-beziehung","16":"product_tag-soziales-lernen","18":"first","19":"instock","20":"shipping-taxable","21":"purchasable","22":"product-type-simple"},"yoast_head":"<!-- This site is optimized with the Yoast SEO plugin v27.4 - https:\/\/yoast.com\/product\/yoast-seo-wordpress\/ -->\n<title>Erziehung, die das Leben bereichert (Neuauflage) - Conex-Shop<\/title>\n<meta name=\"robots\" content=\"index, follow, max-snippet:-1, max-image-preview:large, max-video-preview:-1\" \/>\n<link rel=\"canonical\" href=\"https:\/\/conexbooks.de\/a\/shop\/produkt\/gewaltfreie-kommunikation-im-schulalltag-von-marshall-b-rosenberg\/\" \/>\n<meta property=\"og:locale\" content=\"de_DE\" \/>\n<meta property=\"og:type\" content=\"article\" \/>\n<meta property=\"og:title\" content=\"Erziehung, die das Leben bereichert (Neuauflage) - Conex-Shop\" \/>\n<meta property=\"og:description\" content=\"Dr. Marshall B. Rosenberg Wie die Gewaltfreie Kommunikation im Schulalltag dazu beitr\u00e4gt, die Leistungsf\u00e4higkeit zu verbessern, Konfliktpotentiale abzubauen und Beziehungen zu f\u00f6rdern.  Junfermann Verlag; 5. Auflage 2024 (inhaltsgleich mit 5. Auflage von 2013) 176 Seiten, kartoniert\" \/>\n<meta property=\"og:url\" content=\"https:\/\/conexbooks.de\/a\/shop\/produkt\/gewaltfreie-kommunikation-im-schulalltag-von-marshall-b-rosenberg\/\" \/>\n<meta property=\"og:site_name\" content=\"Conex-Shop\" \/>\n<meta property=\"article:modified_time\" content=\"2026-04-01T11:27:49+00:00\" \/>\n<meta property=\"og:image\" content=\"https:\/\/conexbooks.de\/a\/shop\/wp-content\/uploads\/2017\/11\/020.png\" \/>\n\t<meta property=\"og:image:width\" content=\"284\" \/>\n\t<meta property=\"og:image:height\" content=\"400\" \/>\n\t<meta property=\"og:image:type\" content=\"image\/png\" \/>\n<meta name=\"twitter:card\" content=\"summary_large_image\" \/>\n<meta name=\"twitter:label1\" content=\"Gesch\u00e4tzte Lesezeit\" \/>\n\t<meta name=\"twitter:data1\" content=\"3\u00a0Minuten\" \/>\n<script type=\"application\/ld+json\" class=\"yoast-schema-graph\">{\"@context\":\"https:\\\/\\\/schema.org\",\"@graph\":[{\"@type\":\"WebPage\",\"@id\":\"https:\\\/\\\/conexbooks.de\\\/a\\\/shop\\\/produkt\\\/gewaltfreie-kommunikation-im-schulalltag-von-marshall-b-rosenberg\\\/\",\"url\":\"https:\\\/\\\/conexbooks.de\\\/a\\\/shop\\\/produkt\\\/gewaltfreie-kommunikation-im-schulalltag-von-marshall-b-rosenberg\\\/\",\"name\":\"Erziehung, die das Leben bereichert (Neuauflage) - Conex-Shop\",\"isPartOf\":{\"@id\":\"https:\\\/\\\/conexbooks.de\\\/a\\\/shop\\\/#website\"},\"primaryImageOfPage\":{\"@id\":\"https:\\\/\\\/conexbooks.de\\\/a\\\/shop\\\/produkt\\\/gewaltfreie-kommunikation-im-schulalltag-von-marshall-b-rosenberg\\\/#primaryimage\"},\"image\":{\"@id\":\"https:\\\/\\\/conexbooks.de\\\/a\\\/shop\\\/produkt\\\/gewaltfreie-kommunikation-im-schulalltag-von-marshall-b-rosenberg\\\/#primaryimage\"},\"thumbnailUrl\":\"https:\\\/\\\/conexbooks.de\\\/a\\\/shop\\\/wp-content\\\/uploads\\\/2017\\\/11\\\/020.png\",\"datePublished\":\"2017-11-14T19:09:50+00:00\",\"dateModified\":\"2026-04-01T11:27:49+00:00\",\"breadcrumb\":{\"@id\":\"https:\\\/\\\/conexbooks.de\\\/a\\\/shop\\\/produkt\\\/gewaltfreie-kommunikation-im-schulalltag-von-marshall-b-rosenberg\\\/#breadcrumb\"},\"inLanguage\":\"de\",\"potentialAction\":[{\"@type\":\"ReadAction\",\"target\":[\"https:\\\/\\\/conexbooks.de\\\/a\\\/shop\\\/produkt\\\/gewaltfreie-kommunikation-im-schulalltag-von-marshall-b-rosenberg\\\/\"]}]},{\"@type\":\"ImageObject\",\"inLanguage\":\"de\",\"@id\":\"https:\\\/\\\/conexbooks.de\\\/a\\\/shop\\\/produkt\\\/gewaltfreie-kommunikation-im-schulalltag-von-marshall-b-rosenberg\\\/#primaryimage\",\"url\":\"https:\\\/\\\/conexbooks.de\\\/a\\\/shop\\\/wp-content\\\/uploads\\\/2017\\\/11\\\/020.png\",\"contentUrl\":\"https:\\\/\\\/conexbooks.de\\\/a\\\/shop\\\/wp-content\\\/uploads\\\/2017\\\/11\\\/020.png\",\"width\":284,\"height\":400},{\"@type\":\"BreadcrumbList\",\"@id\":\"https:\\\/\\\/conexbooks.de\\\/a\\\/shop\\\/produkt\\\/gewaltfreie-kommunikation-im-schulalltag-von-marshall-b-rosenberg\\\/#breadcrumb\",\"itemListElement\":[{\"@type\":\"ListItem\",\"position\":1,\"name\":\"Home\",\"item\":\"https:\\\/\\\/conexbooks.de\\\/a\\\/shop\\\/\"},{\"@type\":\"ListItem\",\"position\":2,\"name\":\"Shop\",\"item\":\"https:\\\/\\\/conexbooks.de\\\/a\\\/shop\\\/shop\\\/\"},{\"@type\":\"ListItem\",\"position\":3,\"name\":\"Erziehung, die das Leben bereichert (Neuauflage)\"}]},{\"@type\":\"WebSite\",\"@id\":\"https:\\\/\\\/conexbooks.de\\\/a\\\/shop\\\/#website\",\"url\":\"https:\\\/\\\/conexbooks.de\\\/a\\\/shop\\\/\",\"name\":\"Conex-Shop\",\"description\":\"Alles f\u00fcr die gewaltfreie Kommunikation: B\u00fccher, Spiele. Handpuppen Seminarmaterial und Geschenke\",\"publisher\":{\"@id\":\"https:\\\/\\\/conexbooks.de\\\/a\\\/shop\\\/#organization\"},\"potentialAction\":[{\"@type\":\"SearchAction\",\"target\":{\"@type\":\"EntryPoint\",\"urlTemplate\":\"https:\\\/\\\/conexbooks.de\\\/a\\\/shop\\\/?s={search_term_string}\"},\"query-input\":{\"@type\":\"PropertyValueSpecification\",\"valueRequired\":true,\"valueName\":\"search_term_string\"}}],\"inLanguage\":\"de\"},{\"@type\":\"Organization\",\"@id\":\"https:\\\/\\\/conexbooks.de\\\/a\\\/shop\\\/#organization\",\"name\":\"Conex - books and more\",\"url\":\"https:\\\/\\\/conexbooks.de\\\/a\\\/shop\\\/\",\"logo\":{\"@type\":\"ImageObject\",\"inLanguage\":\"de\",\"@id\":\"https:\\\/\\\/conexbooks.de\\\/a\\\/shop\\\/#\\\/schema\\\/logo\\\/image\\\/\",\"url\":\"https:\\\/\\\/conexbooks.de\\\/a\\\/shop\\\/wp-content\\\/uploads\\\/2017\\\/12\\\/co-logo.png\",\"contentUrl\":\"https:\\\/\\\/conexbooks.de\\\/a\\\/shop\\\/wp-content\\\/uploads\\\/2017\\\/12\\\/co-logo.png\",\"width\":243,\"height\":122,\"caption\":\"Conex - books and more\"},\"image\":{\"@id\":\"https:\\\/\\\/conexbooks.de\\\/a\\\/shop\\\/#\\\/schema\\\/logo\\\/image\\\/\"}}]}<\/script>\n<!-- \/ Yoast SEO plugin. -->","yoast_head_json":{"title":"Erziehung, die das Leben bereichert (Neuauflage) - Conex-Shop","robots":{"index":"index","follow":"follow","max-snippet":"max-snippet:-1","max-image-preview":"max-image-preview:large","max-video-preview":"max-video-preview:-1"},"canonical":"https:\/\/conexbooks.de\/a\/shop\/produkt\/gewaltfreie-kommunikation-im-schulalltag-von-marshall-b-rosenberg\/","og_locale":"de_DE","og_type":"article","og_title":"Erziehung, die das Leben bereichert (Neuauflage) - Conex-Shop","og_description":"Dr. Marshall B. Rosenberg Wie die Gewaltfreie Kommunikation im Schulalltag dazu beitr\u00e4gt, die Leistungsf\u00e4higkeit zu verbessern, Konfliktpotentiale abzubauen und Beziehungen zu f\u00f6rdern.  Junfermann Verlag; 5. Auflage 2024 (inhaltsgleich mit 5. Auflage von 2013) 176 Seiten, kartoniert","og_url":"https:\/\/conexbooks.de\/a\/shop\/produkt\/gewaltfreie-kommunikation-im-schulalltag-von-marshall-b-rosenberg\/","og_site_name":"Conex-Shop","article_modified_time":"2026-04-01T11:27:49+00:00","og_image":[{"width":284,"height":400,"url":"https:\/\/conexbooks.de\/a\/shop\/wp-content\/uploads\/2017\/11\/020.png","type":"image\/png"}],"twitter_card":"summary_large_image","twitter_misc":{"Gesch\u00e4tzte Lesezeit":"3\u00a0Minuten"},"schema":{"@context":"https:\/\/schema.org","@graph":[{"@type":"WebPage","@id":"https:\/\/conexbooks.de\/a\/shop\/produkt\/gewaltfreie-kommunikation-im-schulalltag-von-marshall-b-rosenberg\/","url":"https:\/\/conexbooks.de\/a\/shop\/produkt\/gewaltfreie-kommunikation-im-schulalltag-von-marshall-b-rosenberg\/","name":"Erziehung, die das Leben bereichert (Neuauflage) - Conex-Shop","isPartOf":{"@id":"https:\/\/conexbooks.de\/a\/shop\/#website"},"primaryImageOfPage":{"@id":"https:\/\/conexbooks.de\/a\/shop\/produkt\/gewaltfreie-kommunikation-im-schulalltag-von-marshall-b-rosenberg\/#primaryimage"},"image":{"@id":"https:\/\/conexbooks.de\/a\/shop\/produkt\/gewaltfreie-kommunikation-im-schulalltag-von-marshall-b-rosenberg\/#primaryimage"},"thumbnailUrl":"https:\/\/conexbooks.de\/a\/shop\/wp-content\/uploads\/2017\/11\/020.png","datePublished":"2017-11-14T19:09:50+00:00","dateModified":"2026-04-01T11:27:49+00:00","breadcrumb":{"@id":"https:\/\/conexbooks.de\/a\/shop\/produkt\/gewaltfreie-kommunikation-im-schulalltag-von-marshall-b-rosenberg\/#breadcrumb"},"inLanguage":"de","potentialAction":[{"@type":"ReadAction","target":["https:\/\/conexbooks.de\/a\/shop\/produkt\/gewaltfreie-kommunikation-im-schulalltag-von-marshall-b-rosenberg\/"]}]},{"@type":"ImageObject","inLanguage":"de","@id":"https:\/\/conexbooks.de\/a\/shop\/produkt\/gewaltfreie-kommunikation-im-schulalltag-von-marshall-b-rosenberg\/#primaryimage","url":"https:\/\/conexbooks.de\/a\/shop\/wp-content\/uploads\/2017\/11\/020.png","contentUrl":"https:\/\/conexbooks.de\/a\/shop\/wp-content\/uploads\/2017\/11\/020.png","width":284,"height":400},{"@type":"BreadcrumbList","@id":"https:\/\/conexbooks.de\/a\/shop\/produkt\/gewaltfreie-kommunikation-im-schulalltag-von-marshall-b-rosenberg\/#breadcrumb","itemListElement":[{"@type":"ListItem","position":1,"name":"Home","item":"https:\/\/conexbooks.de\/a\/shop\/"},{"@type":"ListItem","position":2,"name":"Shop","item":"https:\/\/conexbooks.de\/a\/shop\/shop\/"},{"@type":"ListItem","position":3,"name":"Erziehung, die das Leben bereichert (Neuauflage)"}]},{"@type":"WebSite","@id":"https:\/\/conexbooks.de\/a\/shop\/#website","url":"https:\/\/conexbooks.de\/a\/shop\/","name":"Conex-Shop","description":"Alles f\u00fcr die gewaltfreie Kommunikation: B\u00fccher, Spiele. Handpuppen Seminarmaterial und Geschenke","publisher":{"@id":"https:\/\/conexbooks.de\/a\/shop\/#organization"},"potentialAction":[{"@type":"SearchAction","target":{"@type":"EntryPoint","urlTemplate":"https:\/\/conexbooks.de\/a\/shop\/?s={search_term_string}"},"query-input":{"@type":"PropertyValueSpecification","valueRequired":true,"valueName":"search_term_string"}}],"inLanguage":"de"},{"@type":"Organization","@id":"https:\/\/conexbooks.de\/a\/shop\/#organization","name":"Conex - books and more","url":"https:\/\/conexbooks.de\/a\/shop\/","logo":{"@type":"ImageObject","inLanguage":"de","@id":"https:\/\/conexbooks.de\/a\/shop\/#\/schema\/logo\/image\/","url":"https:\/\/conexbooks.de\/a\/shop\/wp-content\/uploads\/2017\/12\/co-logo.png","contentUrl":"https:\/\/conexbooks.de\/a\/shop\/wp-content\/uploads\/2017\/12\/co-logo.png","width":243,"height":122,"caption":"Conex - books and more"},"image":{"@id":"https:\/\/conexbooks.de\/a\/shop\/#\/schema\/logo\/image\/"}}]}},"_links":{"self":[{"href":"https:\/\/conexbooks.de\/a\/shop\/wp-json\/wp\/v2\/product\/929","targetHints":{"allow":["GET"]}}],"collection":[{"href":"https:\/\/conexbooks.de\/a\/shop\/wp-json\/wp\/v2\/product"}],"about":[{"href":"https:\/\/conexbooks.de\/a\/shop\/wp-json\/wp\/v2\/types\/product"}],"wp:featuredmedia":[{"embeddable":true,"href":"https:\/\/conexbooks.de\/a\/shop\/wp-json\/wp\/v2\/media\/20852"}],"wp:attachment":[{"href":"https:\/\/conexbooks.de\/a\/shop\/wp-json\/wp\/v2\/media?parent=929"}],"wp:term":[{"taxonomy":"product_brand","embeddable":true,"href":"https:\/\/conexbooks.de\/a\/shop\/wp-json\/wp\/v2\/product_brand?post=929"},{"taxonomy":"product_cat","embeddable":true,"href":"https:\/\/conexbooks.de\/a\/shop\/wp-json\/wp\/v2\/product_cat?post=929"},{"taxonomy":"product_tag","embeddable":true,"href":"https:\/\/conexbooks.de\/a\/shop\/wp-json\/wp\/v2\/product_tag?post=929"}],"curies":[{"name":"wp","href":"https:\/\/api.w.org\/{rel}","templated":true}]}}