{"id":930,"date":"2017-11-14T20:09:50","date_gmt":"2017-11-14T19:09:50","guid":{"rendered":"https:\/\/conexbooks.de\/a\/shop\/wp\/produkt\/wie-kinder-emotionale-soziale-kompetenz-entwickeln\/"},"modified":"2025-03-01T13:49:31","modified_gmt":"2025-03-01T12:49:31","slug":"wie-kinder-emotionale-soziale-kompetenz-entwickeln","status":"publish","type":"product","link":"https:\/\/conexbooks.de\/a\/shop\/produkt\/wie-kinder-emotionale-soziale-kompetenz-entwickeln\/","title":{"rendered":"Kleine Gef\u00fchlskunde f\u00fcr Eltern"},"content":{"rendered":"<h4>Kleine Gef\u00fchlskunde f\u00fcr Eltern<\/h4>\n<h4>Vivian Dittmar<\/h4>\n<p>Wie Kinder emotionale &amp; soziale Kompetenz entwickeln<\/p>\n<p>Viele Eltern f\u00fchlen sich mit der Intensit\u00e4t der Gef\u00fchle ihrer Kinder \u00fcberfordert &#8211; und auch mit den eigenen Gef\u00fchlen. Meist fehlt es an einem Verst\u00e4ndnis der eigentlichen Funktion von Gef\u00fchlen. Dadurch wird es schwierig, Kinder in der Entfaltung ihrer emotionalen und sozialen Kompetenz zu begleiten.<\/p>\n<p>Die kleine Gef\u00fchlskunde bringt es auf den Punkt:<br \/>\n<span style=\"padding-left: 30px;\">&#8211; wof\u00fcr sind Gef\u00fchle \u00fcberhaupt da?<\/span><br \/>\n<span style=\"padding-left: 30px;\">&#8211; warum haben Kinder so viele intensive Gef\u00fchle?<\/span><br \/>\n<span style=\"padding-left: 30px;\">&#8211; was brauchen Kinder damit sie ihre emotionale und soziale Kompetenz gut entwickeln k\u00f6nnen?<\/span><br \/>\n<span style=\"padding-left: 30px;\">&#8211; wie kann ich mit meinen eigenen Gef\u00fchlen so umgehen, dass sie meine Beziehungen zu Kindern bereichern statt behindern?<\/span><\/p>\n<p>Und vor allem wird klar: wir m\u00fcssen vor Gef\u00fchlen keine Angst haben und sie m\u00fcssen uns auch nicht w\u00fctend machen. Erst unsere Gef\u00fchle erm\u00f6glichen es uns, die Eltern zu sein, die unsere Kinder brauchen.<\/p>\n<p>&nbsp;<\/p>\n<div id='1' class='widgets_on_page wop_tiny1  wop_small1  wop_medium1  wop_large1  wop_wide1'>\n\t\t\t<ul><li id=\"custom_html-4\" class=\"widget_text widget widget_custom_html\"><div class=\"textwidget custom-html-widget\"><div style=\"text-align:left;\">\r\n<button class = \"button\" style=\"height: 30px; font-size: 0.8em;\" name=\"zuruck\" type=\"button\" onclick=\"history.back()\">Zur\u00fcck zur \u00dcbersicht<\/button><\/div><\/div><\/li><\/ul><\/div><!-- widgets_on_page -->\n","protected":false},"excerpt":{"rendered":"<h3>Vivian Dittmar<\/h3>\n<h3>Wie Kinder emotionale &amp; soziale Kompetenz entwickeln<\/h3>\n<p>Verlag V.C.S. Dittmar, M\u00fcnchen, edition est<br \/>\n3. Aufl. 2014, 223 Seiten, kartoniert,\u00a0Format: 15 x 21 cm<\/p>\n<p>&nbsp;<\/p>\n","protected":false},"featured_media":20877,"template":"","meta":[],"product_brand":[],"product_cat":[38,36],"product_tag":[],"class_list":{"0":"post-930","1":"product","2":"type-product","3":"status-publish","4":"has-post-thumbnail","6":"product_cat-beziehung-familie","7":"product_cat-deutsche-buecher","9":"first","10":"instock","11":"shipping-taxable","12":"purchasable","13":"product-type-simple"},"yoast_head":"<!-- This site is optimized with the Yoast SEO plugin v27.4 - https:\/\/yoast.com\/product\/yoast-seo-wordpress\/ -->\n<title>Kleine Gef\u00fchlskunde f\u00fcr Eltern - Conex-Shop<\/title>\n<meta name=\"robots\" content=\"index, follow, max-snippet:-1, max-image-preview:large, max-video-preview:-1\" \/>\n<link rel=\"canonical\" href=\"https:\/\/conexbooks.de\/a\/shop\/produkt\/wie-kinder-emotionale-soziale-kompetenz-entwickeln\/\" \/>\n<meta property=\"og:locale\" content=\"de_DE\" \/>\n<meta property=\"og:type\" content=\"article\" \/>\n<meta property=\"og:title\" content=\"Kleine Gef\u00fchlskunde f\u00fcr Eltern - Conex-Shop\" \/>\n<meta property=\"og:description\" content=\"Vivian Dittmar Wie Kinder emotionale &amp; soziale Kompetenz entwickeln Verlag V.C.S. Dittmar, M\u00fcnchen, edition est 3. Aufl. 2014, 223 Seiten, kartoniert,\u00a0Format: 15 x 21 cm  &nbsp;\" \/>\n<meta property=\"og:url\" content=\"https:\/\/conexbooks.de\/a\/shop\/produkt\/wie-kinder-emotionale-soziale-kompetenz-entwickeln\/\" \/>\n<meta property=\"og:site_name\" content=\"Conex-Shop\" \/>\n<meta property=\"article:modified_time\" content=\"2025-03-01T12:49:31+00:00\" \/>\n<meta property=\"og:image\" content=\"https:\/\/conexbooks.de\/a\/shop\/wp-content\/uploads\/2017\/11\/045.jpg\" \/>\n\t<meta property=\"og:image:width\" content=\"278\" \/>\n\t<meta property=\"og:image:height\" content=\"400\" \/>\n\t<meta property=\"og:image:type\" content=\"image\/jpeg\" \/>\n<meta name=\"twitter:card\" content=\"summary_large_image\" \/>\n<meta name=\"twitter:label1\" content=\"Gesch\u00e4tzte Lesezeit\" \/>\n\t<meta name=\"twitter:data1\" content=\"1\u00a0Minute\" \/>\n<script type=\"application\/ld+json\" class=\"yoast-schema-graph\">{\"@context\":\"https:\\\/\\\/schema.org\",\"@graph\":[{\"@type\":\"WebPage\",\"@id\":\"https:\\\/\\\/conexbooks.de\\\/a\\\/shop\\\/produkt\\\/wie-kinder-emotionale-soziale-kompetenz-entwickeln\\\/\",\"url\":\"https:\\\/\\\/conexbooks.de\\\/a\\\/shop\\\/produkt\\\/wie-kinder-emotionale-soziale-kompetenz-entwickeln\\\/\",\"name\":\"Kleine Gef\u00fchlskunde f\u00fcr Eltern - Conex-Shop\",\"isPartOf\":{\"@id\":\"https:\\\/\\\/conexbooks.de\\\/a\\\/shop\\\/#website\"},\"primaryImageOfPage\":{\"@id\":\"https:\\\/\\\/conexbooks.de\\\/a\\\/shop\\\/produkt\\\/wie-kinder-emotionale-soziale-kompetenz-entwickeln\\\/#primaryimage\"},\"image\":{\"@id\":\"https:\\\/\\\/conexbooks.de\\\/a\\\/shop\\\/produkt\\\/wie-kinder-emotionale-soziale-kompetenz-entwickeln\\\/#primaryimage\"},\"thumbnailUrl\":\"https:\\\/\\\/conexbooks.de\\\/a\\\/shop\\\/wp-content\\\/uploads\\\/2017\\\/11\\\/045.jpg\",\"datePublished\":\"2017-11-14T19:09:50+00:00\",\"dateModified\":\"2025-03-01T12:49:31+00:00\",\"breadcrumb\":{\"@id\":\"https:\\\/\\\/conexbooks.de\\\/a\\\/shop\\\/produkt\\\/wie-kinder-emotionale-soziale-kompetenz-entwickeln\\\/#breadcrumb\"},\"inLanguage\":\"de\",\"potentialAction\":[{\"@type\":\"ReadAction\",\"target\":[\"https:\\\/\\\/conexbooks.de\\\/a\\\/shop\\\/produkt\\\/wie-kinder-emotionale-soziale-kompetenz-entwickeln\\\/\"]}]},{\"@type\":\"ImageObject\",\"inLanguage\":\"de\",\"@id\":\"https:\\\/\\\/conexbooks.de\\\/a\\\/shop\\\/produkt\\\/wie-kinder-emotionale-soziale-kompetenz-entwickeln\\\/#primaryimage\",\"url\":\"https:\\\/\\\/conexbooks.de\\\/a\\\/shop\\\/wp-content\\\/uploads\\\/2017\\\/11\\\/045.jpg\",\"contentUrl\":\"https:\\\/\\\/conexbooks.de\\\/a\\\/shop\\\/wp-content\\\/uploads\\\/2017\\\/11\\\/045.jpg\",\"width\":278,\"height\":400,\"caption\":\"Screenshot\"},{\"@type\":\"BreadcrumbList\",\"@id\":\"https:\\\/\\\/conexbooks.de\\\/a\\\/shop\\\/produkt\\\/wie-kinder-emotionale-soziale-kompetenz-entwickeln\\\/#breadcrumb\",\"itemListElement\":[{\"@type\":\"ListItem\",\"position\":1,\"name\":\"Home\",\"item\":\"https:\\\/\\\/conexbooks.de\\\/a\\\/shop\\\/\"},{\"@type\":\"ListItem\",\"position\":2,\"name\":\"Shop\",\"item\":\"https:\\\/\\\/conexbooks.de\\\/a\\\/shop\\\/shop\\\/\"},{\"@type\":\"ListItem\",\"position\":3,\"name\":\"Kleine Gef\u00fchlskunde f\u00fcr Eltern\"}]},{\"@type\":\"WebSite\",\"@id\":\"https:\\\/\\\/conexbooks.de\\\/a\\\/shop\\\/#website\",\"url\":\"https:\\\/\\\/conexbooks.de\\\/a\\\/shop\\\/\",\"name\":\"Conex-Shop\",\"description\":\"Alles f\u00fcr die gewaltfreie Kommunikation: B\u00fccher, Spiele. Handpuppen Seminarmaterial und Geschenke\",\"publisher\":{\"@id\":\"https:\\\/\\\/conexbooks.de\\\/a\\\/shop\\\/#organization\"},\"potentialAction\":[{\"@type\":\"SearchAction\",\"target\":{\"@type\":\"EntryPoint\",\"urlTemplate\":\"https:\\\/\\\/conexbooks.de\\\/a\\\/shop\\\/?s={search_term_string}\"},\"query-input\":{\"@type\":\"PropertyValueSpecification\",\"valueRequired\":true,\"valueName\":\"search_term_string\"}}],\"inLanguage\":\"de\"},{\"@type\":\"Organization\",\"@id\":\"https:\\\/\\\/conexbooks.de\\\/a\\\/shop\\\/#organization\",\"name\":\"Conex - books and more\",\"url\":\"https:\\\/\\\/conexbooks.de\\\/a\\\/shop\\\/\",\"logo\":{\"@type\":\"ImageObject\",\"inLanguage\":\"de\",\"@id\":\"https:\\\/\\\/conexbooks.de\\\/a\\\/shop\\\/#\\\/schema\\\/logo\\\/image\\\/\",\"url\":\"https:\\\/\\\/conexbooks.de\\\/a\\\/shop\\\/wp-content\\\/uploads\\\/2017\\\/12\\\/co-logo.png\",\"contentUrl\":\"https:\\\/\\\/conexbooks.de\\\/a\\\/shop\\\/wp-content\\\/uploads\\\/2017\\\/12\\\/co-logo.png\",\"width\":243,\"height\":122,\"caption\":\"Conex - books and more\"},\"image\":{\"@id\":\"https:\\\/\\\/conexbooks.de\\\/a\\\/shop\\\/#\\\/schema\\\/logo\\\/image\\\/\"}}]}<\/script>\n<!-- \/ Yoast SEO plugin. -->","yoast_head_json":{"title":"Kleine Gef\u00fchlskunde f\u00fcr Eltern - Conex-Shop","robots":{"index":"index","follow":"follow","max-snippet":"max-snippet:-1","max-image-preview":"max-image-preview:large","max-video-preview":"max-video-preview:-1"},"canonical":"https:\/\/conexbooks.de\/a\/shop\/produkt\/wie-kinder-emotionale-soziale-kompetenz-entwickeln\/","og_locale":"de_DE","og_type":"article","og_title":"Kleine Gef\u00fchlskunde f\u00fcr Eltern - Conex-Shop","og_description":"Vivian Dittmar Wie Kinder emotionale &amp; soziale Kompetenz entwickeln Verlag V.C.S. Dittmar, M\u00fcnchen, edition est 3. Aufl. 2014, 223 Seiten, kartoniert,\u00a0Format: 15 x 21 cm  &nbsp;","og_url":"https:\/\/conexbooks.de\/a\/shop\/produkt\/wie-kinder-emotionale-soziale-kompetenz-entwickeln\/","og_site_name":"Conex-Shop","article_modified_time":"2025-03-01T12:49:31+00:00","og_image":[{"width":278,"height":400,"url":"https:\/\/conexbooks.de\/a\/shop\/wp-content\/uploads\/2017\/11\/045.jpg","type":"image\/jpeg"}],"twitter_card":"summary_large_image","twitter_misc":{"Gesch\u00e4tzte Lesezeit":"1\u00a0Minute"},"schema":{"@context":"https:\/\/schema.org","@graph":[{"@type":"WebPage","@id":"https:\/\/conexbooks.de\/a\/shop\/produkt\/wie-kinder-emotionale-soziale-kompetenz-entwickeln\/","url":"https:\/\/conexbooks.de\/a\/shop\/produkt\/wie-kinder-emotionale-soziale-kompetenz-entwickeln\/","name":"Kleine Gef\u00fchlskunde f\u00fcr Eltern - Conex-Shop","isPartOf":{"@id":"https:\/\/conexbooks.de\/a\/shop\/#website"},"primaryImageOfPage":{"@id":"https:\/\/conexbooks.de\/a\/shop\/produkt\/wie-kinder-emotionale-soziale-kompetenz-entwickeln\/#primaryimage"},"image":{"@id":"https:\/\/conexbooks.de\/a\/shop\/produkt\/wie-kinder-emotionale-soziale-kompetenz-entwickeln\/#primaryimage"},"thumbnailUrl":"https:\/\/conexbooks.de\/a\/shop\/wp-content\/uploads\/2017\/11\/045.jpg","datePublished":"2017-11-14T19:09:50+00:00","dateModified":"2025-03-01T12:49:31+00:00","breadcrumb":{"@id":"https:\/\/conexbooks.de\/a\/shop\/produkt\/wie-kinder-emotionale-soziale-kompetenz-entwickeln\/#breadcrumb"},"inLanguage":"de","potentialAction":[{"@type":"ReadAction","target":["https:\/\/conexbooks.de\/a\/shop\/produkt\/wie-kinder-emotionale-soziale-kompetenz-entwickeln\/"]}]},{"@type":"ImageObject","inLanguage":"de","@id":"https:\/\/conexbooks.de\/a\/shop\/produkt\/wie-kinder-emotionale-soziale-kompetenz-entwickeln\/#primaryimage","url":"https:\/\/conexbooks.de\/a\/shop\/wp-content\/uploads\/2017\/11\/045.jpg","contentUrl":"https:\/\/conexbooks.de\/a\/shop\/wp-content\/uploads\/2017\/11\/045.jpg","width":278,"height":400,"caption":"Screenshot"},{"@type":"BreadcrumbList","@id":"https:\/\/conexbooks.de\/a\/shop\/produkt\/wie-kinder-emotionale-soziale-kompetenz-entwickeln\/#breadcrumb","itemListElement":[{"@type":"ListItem","position":1,"name":"Home","item":"https:\/\/conexbooks.de\/a\/shop\/"},{"@type":"ListItem","position":2,"name":"Shop","item":"https:\/\/conexbooks.de\/a\/shop\/shop\/"},{"@type":"ListItem","position":3,"name":"Kleine Gef\u00fchlskunde f\u00fcr Eltern"}]},{"@type":"WebSite","@id":"https:\/\/conexbooks.de\/a\/shop\/#website","url":"https:\/\/conexbooks.de\/a\/shop\/","name":"Conex-Shop","description":"Alles f\u00fcr die gewaltfreie Kommunikation: B\u00fccher, Spiele. Handpuppen Seminarmaterial und Geschenke","publisher":{"@id":"https:\/\/conexbooks.de\/a\/shop\/#organization"},"potentialAction":[{"@type":"SearchAction","target":{"@type":"EntryPoint","urlTemplate":"https:\/\/conexbooks.de\/a\/shop\/?s={search_term_string}"},"query-input":{"@type":"PropertyValueSpecification","valueRequired":true,"valueName":"search_term_string"}}],"inLanguage":"de"},{"@type":"Organization","@id":"https:\/\/conexbooks.de\/a\/shop\/#organization","name":"Conex - books and more","url":"https:\/\/conexbooks.de\/a\/shop\/","logo":{"@type":"ImageObject","inLanguage":"de","@id":"https:\/\/conexbooks.de\/a\/shop\/#\/schema\/logo\/image\/","url":"https:\/\/conexbooks.de\/a\/shop\/wp-content\/uploads\/2017\/12\/co-logo.png","contentUrl":"https:\/\/conexbooks.de\/a\/shop\/wp-content\/uploads\/2017\/12\/co-logo.png","width":243,"height":122,"caption":"Conex - books and more"},"image":{"@id":"https:\/\/conexbooks.de\/a\/shop\/#\/schema\/logo\/image\/"}}]}},"_links":{"self":[{"href":"https:\/\/conexbooks.de\/a\/shop\/wp-json\/wp\/v2\/product\/930","targetHints":{"allow":["GET"]}}],"collection":[{"href":"https:\/\/conexbooks.de\/a\/shop\/wp-json\/wp\/v2\/product"}],"about":[{"href":"https:\/\/conexbooks.de\/a\/shop\/wp-json\/wp\/v2\/types\/product"}],"wp:featuredmedia":[{"embeddable":true,"href":"https:\/\/conexbooks.de\/a\/shop\/wp-json\/wp\/v2\/media\/20877"}],"wp:attachment":[{"href":"https:\/\/conexbooks.de\/a\/shop\/wp-json\/wp\/v2\/media?parent=930"}],"wp:term":[{"taxonomy":"product_brand","embeddable":true,"href":"https:\/\/conexbooks.de\/a\/shop\/wp-json\/wp\/v2\/product_brand?post=930"},{"taxonomy":"product_cat","embeddable":true,"href":"https:\/\/conexbooks.de\/a\/shop\/wp-json\/wp\/v2\/product_cat?post=930"},{"taxonomy":"product_tag","embeddable":true,"href":"https:\/\/conexbooks.de\/a\/shop\/wp-json\/wp\/v2\/product_tag?post=930"}],"curies":[{"name":"wp","href":"https:\/\/api.w.org\/{rel}","templated":true}]}}