{"id":939,"date":"2017-11-14T20:09:52","date_gmt":"2017-11-14T19:09:52","guid":{"rendered":"https:\/\/conexbooks.de\/a\/shop\/wp\/produkt\/gabriel-fritsch\/"},"modified":"2025-09-20T11:13:24","modified_gmt":"2025-09-20T09:13:24","slug":"gabriel-fritsch","status":"publish","type":"product","link":"https:\/\/conexbooks.de\/a\/shop\/produkt\/gabriel-fritsch\/","title":{"rendered":"Abschied, Trennung und Verluste"},"content":{"rendered":"<h3>Abschied, Trennungen und Verluste<\/h3>\n<p>Man(n) kann Emotionen nicht nur f\u00fchlen, sondern auch verstehen! Gef\u00fchle selbst sind nie gef\u00e4hrlich, doch wenn man ungl\u00fccklich mit ihnen umgeht, kann das viele Probleme verursachen. Besonders M\u00e4nner behandeln Emotionen oft wie Feinde und reagieren reflexartig mit den archaischen Grundmustern Angriff, Flucht und Tot-Stellen. Da sich die Gef\u00fchle aber im Inneren des Menschen befinden, endet diese Reaktion in einer Sackgasse.<\/p>\n<p>Dieses Handbuch hilft dem Mann, sogar einen emotionalen Marathon zu bew\u00e4ltigen. Wer den Sinn und die Dynamik der Gef\u00fchle versteht, kann Vieles ver\u00e4ndern, nicht nur au\u00dfen sondern vor allem auch im Inneren. Anstatt Ruhe vor den Emotionen zu suchen, soll ein aktiver innerer Frieden mit ihnen erlangt werden.<\/p>\n<p>Mit diesem Buch werden Sie:<br \/>\n<span style=\"padding-left: 30px\">1. Gef\u00fchle von Trauer, Schmerz und Verzweiflung verstehen lernen<\/span><br \/>\n<span style=\"padding-left: 30px\">2. wieder Boden unter den F\u00fc\u00dfen bekommen<\/span><br \/>\n<span style=\"padding-left: 30px\">3. gereift aus Ihrer Situation heraus in einen neuen Lebensabschnitt gehen.<\/span><\/p>\n<p>Solange ein Mann noch nicht mit seinen eigenen Gef\u00fchlen umgehen kann, verwechselt er seine Ungebundenheit mit Freiheit. Sobald sich sein unverbundener Lebensstil nach Leere und Isolation anf\u00fchlt, sitzt er in seiner Falle fest. Gef\u00fchle kann man nicht nur f\u00fchlen, sondern auch beobachten und verstehen. Vor allem M\u00e4nner finden leichter \u00fcber den Kopf zu ihrem Herzen, w\u00e4hrend Frauen eher den umgekehrten Weg gehen. Die Frau will ihre Situation aus dem Gef\u00fchl heraus verstehen, w\u00e4hrend der Mann zu ergr\u00fcnden versucht, was und wozu er empfindet. F\u00fcr die Frau und Leserin wird klar, dass der Mann andere L\u00f6sungen braucht, als sie. Kann sie sich darauf einstellen, sind empathische Begegnungen m\u00f6glich.<\/p>\n<p>Dies ist ein wertvoller, vielseitig inspirierender Leitfaden f\u00fcr M\u00e4nner, die gro\u00dfe Fragezeichen im Herzen und eine aufrichtigen Neugier f\u00fcr sich selbst, f\u00fcr ihre Freunde und f\u00fcr das Leben haben.<\/p>\n<p>Umfangreiches Bonusmaterial zum Download hilft bei der Umsetzung und macht dieses Buch besonders wertvoll.<\/p>\n<p>&nbsp;<\/p>\n<div id='1' class='widgets_on_page wop_tiny1  wop_small1  wop_medium1  wop_large1  wop_wide1'>\n\t\t\t<ul><li id=\"custom_html-4\" class=\"widget_text widget widget_custom_html\"><div class=\"textwidget custom-html-widget\"><div style=\"text-align:left;\">\r\n<button class = \"button\" style=\"height: 30px; font-size: 0.8em;\" name=\"zuruck\" type=\"button\" onclick=\"history.back()\">Zur\u00fcck zur \u00dcbersicht<\/button><\/div><\/div><\/li><\/ul><\/div><!-- widgets_on_page -->\n","protected":false},"excerpt":{"rendered":"<h3>Gabriel Fritsch<\/h3>\n<h3>Die Emotionen der Ver\u00e4nderung, f\u00fcr M\u00e4nner erkl\u00e4rt!<\/h3>\n<p>tredition-Verlag<br \/>\n1. Auflage Mai 2015 200 Seiten, Paperback,<br \/>\nFormat: 14,8 x 21 cm<\/p>\n","protected":false},"featured_media":1918,"template":"","meta":[],"product_brand":[],"product_cat":[38,36],"product_tag":[],"class_list":{"0":"post-939","1":"product","2":"type-product","3":"status-publish","4":"has-post-thumbnail","6":"product_cat-beziehung-familie","7":"product_cat-deutsche-buecher","9":"first","10":"outofstock","11":"shipping-taxable","12":"purchasable","13":"product-type-simple"},"yoast_head":"<!-- This site is optimized with the Yoast SEO plugin v27.3 - https:\/\/yoast.com\/product\/yoast-seo-wordpress\/ -->\n<title>Abschied, Trennung und Verluste - Conex-Shop<\/title>\n<meta name=\"robots\" content=\"index, follow, max-snippet:-1, max-image-preview:large, max-video-preview:-1\" \/>\n<link rel=\"canonical\" href=\"https:\/\/conexbooks.de\/a\/shop\/produkt\/gabriel-fritsch\/\" \/>\n<meta property=\"og:locale\" content=\"de_DE\" \/>\n<meta property=\"og:type\" content=\"article\" \/>\n<meta property=\"og:title\" content=\"Abschied, Trennung und Verluste - Conex-Shop\" \/>\n<meta property=\"og:description\" content=\"Gabriel Fritsch Die Emotionen der Ver\u00e4nderung, f\u00fcr M\u00e4nner erkl\u00e4rt! tredition-Verlag 1. Auflage Mai 2015 200 Seiten, Paperback, Format: 14,8 x 21 cm\" \/>\n<meta property=\"og:url\" content=\"https:\/\/conexbooks.de\/a\/shop\/produkt\/gabriel-fritsch\/\" \/>\n<meta property=\"og:site_name\" content=\"Conex-Shop\" \/>\n<meta property=\"article:modified_time\" content=\"2025-09-20T09:13:24+00:00\" \/>\n<meta property=\"og:image\" content=\"https:\/\/conexbooks.de\/a\/shop\/wp-content\/uploads\/2017\/11\/064.png\" \/>\n\t<meta property=\"og:image:width\" content=\"282\" \/>\n\t<meta property=\"og:image:height\" content=\"400\" \/>\n\t<meta property=\"og:image:type\" content=\"image\/png\" \/>\n<meta name=\"twitter:card\" content=\"summary_large_image\" \/>\n<meta name=\"twitter:label1\" content=\"Gesch\u00e4tzte Lesezeit\" \/>\n\t<meta name=\"twitter:data1\" content=\"2\u00a0Minuten\" \/>\n<script type=\"application\/ld+json\" class=\"yoast-schema-graph\">{\"@context\":\"https:\\\/\\\/schema.org\",\"@graph\":[{\"@type\":\"WebPage\",\"@id\":\"https:\\\/\\\/conexbooks.de\\\/a\\\/shop\\\/produkt\\\/gabriel-fritsch\\\/\",\"url\":\"https:\\\/\\\/conexbooks.de\\\/a\\\/shop\\\/produkt\\\/gabriel-fritsch\\\/\",\"name\":\"Abschied, Trennung und Verluste - Conex-Shop\",\"isPartOf\":{\"@id\":\"https:\\\/\\\/conexbooks.de\\\/a\\\/shop\\\/#website\"},\"primaryImageOfPage\":{\"@id\":\"https:\\\/\\\/conexbooks.de\\\/a\\\/shop\\\/produkt\\\/gabriel-fritsch\\\/#primaryimage\"},\"image\":{\"@id\":\"https:\\\/\\\/conexbooks.de\\\/a\\\/shop\\\/produkt\\\/gabriel-fritsch\\\/#primaryimage\"},\"thumbnailUrl\":\"https:\\\/\\\/conexbooks.de\\\/a\\\/shop\\\/wp-content\\\/uploads\\\/2017\\\/11\\\/064.png\",\"datePublished\":\"2017-11-14T19:09:52+00:00\",\"dateModified\":\"2025-09-20T09:13:24+00:00\",\"breadcrumb\":{\"@id\":\"https:\\\/\\\/conexbooks.de\\\/a\\\/shop\\\/produkt\\\/gabriel-fritsch\\\/#breadcrumb\"},\"inLanguage\":\"de\",\"potentialAction\":[{\"@type\":\"ReadAction\",\"target\":[\"https:\\\/\\\/conexbooks.de\\\/a\\\/shop\\\/produkt\\\/gabriel-fritsch\\\/\"]}]},{\"@type\":\"ImageObject\",\"inLanguage\":\"de\",\"@id\":\"https:\\\/\\\/conexbooks.de\\\/a\\\/shop\\\/produkt\\\/gabriel-fritsch\\\/#primaryimage\",\"url\":\"https:\\\/\\\/conexbooks.de\\\/a\\\/shop\\\/wp-content\\\/uploads\\\/2017\\\/11\\\/064.png\",\"contentUrl\":\"https:\\\/\\\/conexbooks.de\\\/a\\\/shop\\\/wp-content\\\/uploads\\\/2017\\\/11\\\/064.png\",\"width\":282,\"height\":400},{\"@type\":\"BreadcrumbList\",\"@id\":\"https:\\\/\\\/conexbooks.de\\\/a\\\/shop\\\/produkt\\\/gabriel-fritsch\\\/#breadcrumb\",\"itemListElement\":[{\"@type\":\"ListItem\",\"position\":1,\"name\":\"Home\",\"item\":\"https:\\\/\\\/conexbooks.de\\\/a\\\/shop\\\/\"},{\"@type\":\"ListItem\",\"position\":2,\"name\":\"Shop\",\"item\":\"https:\\\/\\\/conexbooks.de\\\/a\\\/shop\\\/shop\\\/\"},{\"@type\":\"ListItem\",\"position\":3,\"name\":\"Abschied, Trennung und Verluste\"}]},{\"@type\":\"WebSite\",\"@id\":\"https:\\\/\\\/conexbooks.de\\\/a\\\/shop\\\/#website\",\"url\":\"https:\\\/\\\/conexbooks.de\\\/a\\\/shop\\\/\",\"name\":\"Conex-Shop\",\"description\":\"Alles f\u00fcr die gewaltfreie Kommunikation: B\u00fccher, Spiele. Handpuppen Seminarmaterial und Geschenke\",\"publisher\":{\"@id\":\"https:\\\/\\\/conexbooks.de\\\/a\\\/shop\\\/#organization\"},\"potentialAction\":[{\"@type\":\"SearchAction\",\"target\":{\"@type\":\"EntryPoint\",\"urlTemplate\":\"https:\\\/\\\/conexbooks.de\\\/a\\\/shop\\\/?s={search_term_string}\"},\"query-input\":{\"@type\":\"PropertyValueSpecification\",\"valueRequired\":true,\"valueName\":\"search_term_string\"}}],\"inLanguage\":\"de\"},{\"@type\":\"Organization\",\"@id\":\"https:\\\/\\\/conexbooks.de\\\/a\\\/shop\\\/#organization\",\"name\":\"Conex - books and more\",\"url\":\"https:\\\/\\\/conexbooks.de\\\/a\\\/shop\\\/\",\"logo\":{\"@type\":\"ImageObject\",\"inLanguage\":\"de\",\"@id\":\"https:\\\/\\\/conexbooks.de\\\/a\\\/shop\\\/#\\\/schema\\\/logo\\\/image\\\/\",\"url\":\"https:\\\/\\\/conexbooks.de\\\/a\\\/shop\\\/wp-content\\\/uploads\\\/2017\\\/12\\\/co-logo.png\",\"contentUrl\":\"https:\\\/\\\/conexbooks.de\\\/a\\\/shop\\\/wp-content\\\/uploads\\\/2017\\\/12\\\/co-logo.png\",\"width\":243,\"height\":122,\"caption\":\"Conex - books and more\"},\"image\":{\"@id\":\"https:\\\/\\\/conexbooks.de\\\/a\\\/shop\\\/#\\\/schema\\\/logo\\\/image\\\/\"}}]}<\/script>\n<!-- \/ Yoast SEO plugin. -->","yoast_head_json":{"title":"Abschied, Trennung und Verluste - Conex-Shop","robots":{"index":"index","follow":"follow","max-snippet":"max-snippet:-1","max-image-preview":"max-image-preview:large","max-video-preview":"max-video-preview:-1"},"canonical":"https:\/\/conexbooks.de\/a\/shop\/produkt\/gabriel-fritsch\/","og_locale":"de_DE","og_type":"article","og_title":"Abschied, Trennung und Verluste - Conex-Shop","og_description":"Gabriel Fritsch Die Emotionen der Ver\u00e4nderung, f\u00fcr M\u00e4nner erkl\u00e4rt! tredition-Verlag 1. Auflage Mai 2015 200 Seiten, Paperback, Format: 14,8 x 21 cm","og_url":"https:\/\/conexbooks.de\/a\/shop\/produkt\/gabriel-fritsch\/","og_site_name":"Conex-Shop","article_modified_time":"2025-09-20T09:13:24+00:00","og_image":[{"width":282,"height":400,"url":"https:\/\/conexbooks.de\/a\/shop\/wp-content\/uploads\/2017\/11\/064.png","type":"image\/png"}],"twitter_card":"summary_large_image","twitter_misc":{"Gesch\u00e4tzte Lesezeit":"2\u00a0Minuten"},"schema":{"@context":"https:\/\/schema.org","@graph":[{"@type":"WebPage","@id":"https:\/\/conexbooks.de\/a\/shop\/produkt\/gabriel-fritsch\/","url":"https:\/\/conexbooks.de\/a\/shop\/produkt\/gabriel-fritsch\/","name":"Abschied, Trennung und Verluste - Conex-Shop","isPartOf":{"@id":"https:\/\/conexbooks.de\/a\/shop\/#website"},"primaryImageOfPage":{"@id":"https:\/\/conexbooks.de\/a\/shop\/produkt\/gabriel-fritsch\/#primaryimage"},"image":{"@id":"https:\/\/conexbooks.de\/a\/shop\/produkt\/gabriel-fritsch\/#primaryimage"},"thumbnailUrl":"https:\/\/conexbooks.de\/a\/shop\/wp-content\/uploads\/2017\/11\/064.png","datePublished":"2017-11-14T19:09:52+00:00","dateModified":"2025-09-20T09:13:24+00:00","breadcrumb":{"@id":"https:\/\/conexbooks.de\/a\/shop\/produkt\/gabriel-fritsch\/#breadcrumb"},"inLanguage":"de","potentialAction":[{"@type":"ReadAction","target":["https:\/\/conexbooks.de\/a\/shop\/produkt\/gabriel-fritsch\/"]}]},{"@type":"ImageObject","inLanguage":"de","@id":"https:\/\/conexbooks.de\/a\/shop\/produkt\/gabriel-fritsch\/#primaryimage","url":"https:\/\/conexbooks.de\/a\/shop\/wp-content\/uploads\/2017\/11\/064.png","contentUrl":"https:\/\/conexbooks.de\/a\/shop\/wp-content\/uploads\/2017\/11\/064.png","width":282,"height":400},{"@type":"BreadcrumbList","@id":"https:\/\/conexbooks.de\/a\/shop\/produkt\/gabriel-fritsch\/#breadcrumb","itemListElement":[{"@type":"ListItem","position":1,"name":"Home","item":"https:\/\/conexbooks.de\/a\/shop\/"},{"@type":"ListItem","position":2,"name":"Shop","item":"https:\/\/conexbooks.de\/a\/shop\/shop\/"},{"@type":"ListItem","position":3,"name":"Abschied, Trennung und Verluste"}]},{"@type":"WebSite","@id":"https:\/\/conexbooks.de\/a\/shop\/#website","url":"https:\/\/conexbooks.de\/a\/shop\/","name":"Conex-Shop","description":"Alles f\u00fcr die gewaltfreie Kommunikation: B\u00fccher, Spiele. Handpuppen Seminarmaterial und Geschenke","publisher":{"@id":"https:\/\/conexbooks.de\/a\/shop\/#organization"},"potentialAction":[{"@type":"SearchAction","target":{"@type":"EntryPoint","urlTemplate":"https:\/\/conexbooks.de\/a\/shop\/?s={search_term_string}"},"query-input":{"@type":"PropertyValueSpecification","valueRequired":true,"valueName":"search_term_string"}}],"inLanguage":"de"},{"@type":"Organization","@id":"https:\/\/conexbooks.de\/a\/shop\/#organization","name":"Conex - books and more","url":"https:\/\/conexbooks.de\/a\/shop\/","logo":{"@type":"ImageObject","inLanguage":"de","@id":"https:\/\/conexbooks.de\/a\/shop\/#\/schema\/logo\/image\/","url":"https:\/\/conexbooks.de\/a\/shop\/wp-content\/uploads\/2017\/12\/co-logo.png","contentUrl":"https:\/\/conexbooks.de\/a\/shop\/wp-content\/uploads\/2017\/12\/co-logo.png","width":243,"height":122,"caption":"Conex - books and more"},"image":{"@id":"https:\/\/conexbooks.de\/a\/shop\/#\/schema\/logo\/image\/"}}]}},"_links":{"self":[{"href":"https:\/\/conexbooks.de\/a\/shop\/wp-json\/wp\/v2\/product\/939","targetHints":{"allow":["GET"]}}],"collection":[{"href":"https:\/\/conexbooks.de\/a\/shop\/wp-json\/wp\/v2\/product"}],"about":[{"href":"https:\/\/conexbooks.de\/a\/shop\/wp-json\/wp\/v2\/types\/product"}],"wp:featuredmedia":[{"embeddable":true,"href":"https:\/\/conexbooks.de\/a\/shop\/wp-json\/wp\/v2\/media\/1918"}],"wp:attachment":[{"href":"https:\/\/conexbooks.de\/a\/shop\/wp-json\/wp\/v2\/media?parent=939"}],"wp:term":[{"taxonomy":"product_brand","embeddable":true,"href":"https:\/\/conexbooks.de\/a\/shop\/wp-json\/wp\/v2\/product_brand?post=939"},{"taxonomy":"product_cat","embeddable":true,"href":"https:\/\/conexbooks.de\/a\/shop\/wp-json\/wp\/v2\/product_cat?post=939"},{"taxonomy":"product_tag","embeddable":true,"href":"https:\/\/conexbooks.de\/a\/shop\/wp-json\/wp\/v2\/product_tag?post=939"}],"curies":[{"name":"wp","href":"https:\/\/api.w.org\/{rel}","templated":true}]}}