{"id":943,"date":"2017-11-14T20:09:53","date_gmt":"2017-11-14T19:09:53","guid":{"rendered":"https:\/\/conexbooks.de\/a\/shop\/wp\/produkt\/gfk-mit-kindern-von-gundi-und-frank-gaschler\/"},"modified":"2025-07-12T13:57:53","modified_gmt":"2025-07-12T11:57:53","slug":"gfk-mit-kindern-von-gundi-und-frank-gaschler","status":"publish","type":"product","link":"https:\/\/conexbooks.de\/a\/shop\/produkt\/gfk-mit-kindern-von-gundi-und-frank-gaschler\/","title":{"rendered":"Ich will verstehen, was du wirklich brauchst (aktualisierte und erweiterte Neuausgabe 2020)"},"content":{"rendered":"<h3>Ich will verstehen, was du wirklich brauchst<\/h3>\n<h4>Frank und Gundi Gaschler<\/h4>\n<div class=\"text pt-5\">\n<h3 class=\"h6\">F\u00fcr ein gest\u00e4rktes Einf\u00fchlungsverm\u00f6gen<\/h3>\n<div class=\"column-count-md-2\">\n<p>Gewaltfreie Kommunikation in Familie, Kindergarten und Schule bedeutet: sagen, was mich st\u00f6rt, ohne dabei Vorw\u00fcrfe zu machen, und dem anderen offen zuh\u00f6ren. Erwachsene und Kinder lernen damit, Entscheidungen zu treffen und sich den Herausforderungen des Lebens zu stellen. In diesem Buch finden Eltern, ErzieherInnen und LehrerInnen viele konkrete Ideen, wie sie ein harmonisches Verh\u00e4ltnis zu den Kindern entwickeln und Wege, in liebevoller Verbindung zu bleiben, auch wenn es mal anstrengend wird. Sie lernen zu verstehen, was Kinder mit ihrem Verhalten ausdr\u00fccken wollen und wie man Konflikte so l\u00f6st, dass jeder bekommt, was er braucht.<\/p>\n<\/div>\n<\/div>\n<p>Das Buch beschreibt ein mehr-w\u00f6chiges Projekt f\u00fcr Kinderg\u00e4rten, welche die Gewaltfreie Kommunikation in ihren Alltag integrieren m\u00f6chten &#8211; der &#8222;Giraffentraum&#8220;.<\/p>\n<div id='1' class='widgets_on_page wop_tiny1  wop_small1  wop_medium1  wop_large1  wop_wide1'>\n\t\t\t<ul><li id=\"custom_html-4\" class=\"widget_text widget widget_custom_html\"><div class=\"textwidget custom-html-widget\"><div style=\"text-align:left;\">\r\n<button class = \"button\" style=\"height: 30px; font-size: 0.8em;\" name=\"zuruck\" type=\"button\" onclick=\"history.back()\">Zur\u00fcck zur \u00dcbersicht<\/button><\/div><\/div><\/li><\/ul><\/div><!-- widgets_on_page -->\n","protected":false},"excerpt":{"rendered":"<h3>Frank und Gundi Gaschler<\/h3>\n<h3>Gewaltfreie Kommunikation mit Kindern &#8211; Das Projekt Giraffentraum &#8211; ein Kindergarten-Projekt<\/h3>\n<p>Mit Vorworten von Marshall B. Rosenberg und Isolde Teschner<\/p>\n<p>K\u00f6sel-Verlag<br \/>\naktualisierte und erweiterte Neuausgabe; 2021<br \/>\n192 Seiten, broschiert<\/p>\n","protected":false},"featured_media":14896,"template":"","meta":[],"product_brand":[],"product_cat":[38,36,41],"product_tag":[104,105,111,140,60,141,94,113],"class_list":{"0":"post-943","1":"product","2":"type-product","3":"status-publish","4":"has-post-thumbnail","6":"product_cat-beziehung-familie","7":"product_cat-deutsche-buecher","8":"product_cat-schule-kita","9":"product_tag-empathie","10":"product_tag-erziehung","11":"product_tag-kinder","12":"product_tag-kindergarten","13":"product_tag-konflikte","14":"product_tag-projekt","15":"product_tag-team","16":"product_tag-verantwortung","18":"first","19":"instock","20":"shipping-taxable","21":"purchasable","22":"product-type-simple"},"yoast_head":"<!-- This site is optimized with the Yoast SEO plugin v27.4 - https:\/\/yoast.com\/product\/yoast-seo-wordpress\/ -->\n<title>Ich will verstehen, was du wirklich brauchst (aktualisierte und erweiterte Neuausgabe 2020) - Conex-Shop<\/title>\n<meta name=\"robots\" content=\"index, follow, max-snippet:-1, max-image-preview:large, max-video-preview:-1\" \/>\n<link rel=\"canonical\" href=\"https:\/\/conexbooks.de\/a\/shop\/produkt\/gfk-mit-kindern-von-gundi-und-frank-gaschler\/\" \/>\n<meta property=\"og:locale\" content=\"de_DE\" \/>\n<meta property=\"og:type\" content=\"article\" \/>\n<meta property=\"og:title\" content=\"Ich will verstehen, was du wirklich brauchst (aktualisierte und erweiterte Neuausgabe 2020) - Conex-Shop\" \/>\n<meta property=\"og:description\" content=\"Frank und Gundi Gaschler Gewaltfreie Kommunikation mit Kindern - Das Projekt Giraffentraum - ein Kindergarten-Projekt Mit Vorworten von Marshall B. Rosenberg und Isolde Teschner  K\u00f6sel-Verlag aktualisierte und erweiterte Neuausgabe; 2021 192 Seiten, broschiert\" \/>\n<meta property=\"og:url\" content=\"https:\/\/conexbooks.de\/a\/shop\/produkt\/gfk-mit-kindern-von-gundi-und-frank-gaschler\/\" \/>\n<meta property=\"og:site_name\" content=\"Conex-Shop\" \/>\n<meta property=\"article:modified_time\" content=\"2025-07-12T11:57:53+00:00\" \/>\n<meta property=\"og:image\" content=\"https:\/\/conexbooks.de\/a\/shop\/wp-content\/uploads\/2017\/11\/062.png\" \/>\n\t<meta property=\"og:image:width\" content=\"301\" \/>\n\t<meta property=\"og:image:height\" content=\"400\" \/>\n\t<meta property=\"og:image:type\" content=\"image\/png\" \/>\n<meta name=\"twitter:card\" content=\"summary_large_image\" \/>\n<meta name=\"twitter:label1\" content=\"Gesch\u00e4tzte Lesezeit\" \/>\n\t<meta name=\"twitter:data1\" content=\"1\u00a0Minute\" \/>\n<script type=\"application\/ld+json\" class=\"yoast-schema-graph\">{\"@context\":\"https:\\\/\\\/schema.org\",\"@graph\":[{\"@type\":\"WebPage\",\"@id\":\"https:\\\/\\\/conexbooks.de\\\/a\\\/shop\\\/produkt\\\/gfk-mit-kindern-von-gundi-und-frank-gaschler\\\/\",\"url\":\"https:\\\/\\\/conexbooks.de\\\/a\\\/shop\\\/produkt\\\/gfk-mit-kindern-von-gundi-und-frank-gaschler\\\/\",\"name\":\"Ich will verstehen, was du wirklich brauchst (aktualisierte und erweiterte Neuausgabe 2020) - Conex-Shop\",\"isPartOf\":{\"@id\":\"https:\\\/\\\/conexbooks.de\\\/a\\\/shop\\\/#website\"},\"primaryImageOfPage\":{\"@id\":\"https:\\\/\\\/conexbooks.de\\\/a\\\/shop\\\/produkt\\\/gfk-mit-kindern-von-gundi-und-frank-gaschler\\\/#primaryimage\"},\"image\":{\"@id\":\"https:\\\/\\\/conexbooks.de\\\/a\\\/shop\\\/produkt\\\/gfk-mit-kindern-von-gundi-und-frank-gaschler\\\/#primaryimage\"},\"thumbnailUrl\":\"https:\\\/\\\/conexbooks.de\\\/a\\\/shop\\\/wp-content\\\/uploads\\\/2017\\\/11\\\/062.png\",\"datePublished\":\"2017-11-14T19:09:53+00:00\",\"dateModified\":\"2025-07-12T11:57:53+00:00\",\"breadcrumb\":{\"@id\":\"https:\\\/\\\/conexbooks.de\\\/a\\\/shop\\\/produkt\\\/gfk-mit-kindern-von-gundi-und-frank-gaschler\\\/#breadcrumb\"},\"inLanguage\":\"de\",\"potentialAction\":[{\"@type\":\"ReadAction\",\"target\":[\"https:\\\/\\\/conexbooks.de\\\/a\\\/shop\\\/produkt\\\/gfk-mit-kindern-von-gundi-und-frank-gaschler\\\/\"]}]},{\"@type\":\"ImageObject\",\"inLanguage\":\"de\",\"@id\":\"https:\\\/\\\/conexbooks.de\\\/a\\\/shop\\\/produkt\\\/gfk-mit-kindern-von-gundi-und-frank-gaschler\\\/#primaryimage\",\"url\":\"https:\\\/\\\/conexbooks.de\\\/a\\\/shop\\\/wp-content\\\/uploads\\\/2017\\\/11\\\/062.png\",\"contentUrl\":\"https:\\\/\\\/conexbooks.de\\\/a\\\/shop\\\/wp-content\\\/uploads\\\/2017\\\/11\\\/062.png\",\"width\":301,\"height\":400},{\"@type\":\"BreadcrumbList\",\"@id\":\"https:\\\/\\\/conexbooks.de\\\/a\\\/shop\\\/produkt\\\/gfk-mit-kindern-von-gundi-und-frank-gaschler\\\/#breadcrumb\",\"itemListElement\":[{\"@type\":\"ListItem\",\"position\":1,\"name\":\"Home\",\"item\":\"https:\\\/\\\/conexbooks.de\\\/a\\\/shop\\\/\"},{\"@type\":\"ListItem\",\"position\":2,\"name\":\"Shop\",\"item\":\"https:\\\/\\\/conexbooks.de\\\/a\\\/shop\\\/shop\\\/\"},{\"@type\":\"ListItem\",\"position\":3,\"name\":\"Ich will verstehen, was du wirklich brauchst (aktualisierte und erweiterte Neuausgabe 2020)\"}]},{\"@type\":\"WebSite\",\"@id\":\"https:\\\/\\\/conexbooks.de\\\/a\\\/shop\\\/#website\",\"url\":\"https:\\\/\\\/conexbooks.de\\\/a\\\/shop\\\/\",\"name\":\"Conex-Shop\",\"description\":\"Alles f\u00fcr die gewaltfreie Kommunikation: B\u00fccher, Spiele. Handpuppen Seminarmaterial und Geschenke\",\"publisher\":{\"@id\":\"https:\\\/\\\/conexbooks.de\\\/a\\\/shop\\\/#organization\"},\"potentialAction\":[{\"@type\":\"SearchAction\",\"target\":{\"@type\":\"EntryPoint\",\"urlTemplate\":\"https:\\\/\\\/conexbooks.de\\\/a\\\/shop\\\/?s={search_term_string}\"},\"query-input\":{\"@type\":\"PropertyValueSpecification\",\"valueRequired\":true,\"valueName\":\"search_term_string\"}}],\"inLanguage\":\"de\"},{\"@type\":\"Organization\",\"@id\":\"https:\\\/\\\/conexbooks.de\\\/a\\\/shop\\\/#organization\",\"name\":\"Conex - books and more\",\"url\":\"https:\\\/\\\/conexbooks.de\\\/a\\\/shop\\\/\",\"logo\":{\"@type\":\"ImageObject\",\"inLanguage\":\"de\",\"@id\":\"https:\\\/\\\/conexbooks.de\\\/a\\\/shop\\\/#\\\/schema\\\/logo\\\/image\\\/\",\"url\":\"https:\\\/\\\/conexbooks.de\\\/a\\\/shop\\\/wp-content\\\/uploads\\\/2017\\\/12\\\/co-logo.png\",\"contentUrl\":\"https:\\\/\\\/conexbooks.de\\\/a\\\/shop\\\/wp-content\\\/uploads\\\/2017\\\/12\\\/co-logo.png\",\"width\":243,\"height\":122,\"caption\":\"Conex - books and more\"},\"image\":{\"@id\":\"https:\\\/\\\/conexbooks.de\\\/a\\\/shop\\\/#\\\/schema\\\/logo\\\/image\\\/\"}}]}<\/script>\n<!-- \/ Yoast SEO plugin. -->","yoast_head_json":{"title":"Ich will verstehen, was du wirklich brauchst (aktualisierte und erweiterte Neuausgabe 2020) - Conex-Shop","robots":{"index":"index","follow":"follow","max-snippet":"max-snippet:-1","max-image-preview":"max-image-preview:large","max-video-preview":"max-video-preview:-1"},"canonical":"https:\/\/conexbooks.de\/a\/shop\/produkt\/gfk-mit-kindern-von-gundi-und-frank-gaschler\/","og_locale":"de_DE","og_type":"article","og_title":"Ich will verstehen, was du wirklich brauchst (aktualisierte und erweiterte Neuausgabe 2020) - Conex-Shop","og_description":"Frank und Gundi Gaschler Gewaltfreie Kommunikation mit Kindern - Das Projekt Giraffentraum - ein Kindergarten-Projekt Mit Vorworten von Marshall B. Rosenberg und Isolde Teschner  K\u00f6sel-Verlag aktualisierte und erweiterte Neuausgabe; 2021 192 Seiten, broschiert","og_url":"https:\/\/conexbooks.de\/a\/shop\/produkt\/gfk-mit-kindern-von-gundi-und-frank-gaschler\/","og_site_name":"Conex-Shop","article_modified_time":"2025-07-12T11:57:53+00:00","og_image":[{"width":301,"height":400,"url":"https:\/\/conexbooks.de\/a\/shop\/wp-content\/uploads\/2017\/11\/062.png","type":"image\/png"}],"twitter_card":"summary_large_image","twitter_misc":{"Gesch\u00e4tzte Lesezeit":"1\u00a0Minute"},"schema":{"@context":"https:\/\/schema.org","@graph":[{"@type":"WebPage","@id":"https:\/\/conexbooks.de\/a\/shop\/produkt\/gfk-mit-kindern-von-gundi-und-frank-gaschler\/","url":"https:\/\/conexbooks.de\/a\/shop\/produkt\/gfk-mit-kindern-von-gundi-und-frank-gaschler\/","name":"Ich will verstehen, was du wirklich brauchst (aktualisierte und erweiterte Neuausgabe 2020) - Conex-Shop","isPartOf":{"@id":"https:\/\/conexbooks.de\/a\/shop\/#website"},"primaryImageOfPage":{"@id":"https:\/\/conexbooks.de\/a\/shop\/produkt\/gfk-mit-kindern-von-gundi-und-frank-gaschler\/#primaryimage"},"image":{"@id":"https:\/\/conexbooks.de\/a\/shop\/produkt\/gfk-mit-kindern-von-gundi-und-frank-gaschler\/#primaryimage"},"thumbnailUrl":"https:\/\/conexbooks.de\/a\/shop\/wp-content\/uploads\/2017\/11\/062.png","datePublished":"2017-11-14T19:09:53+00:00","dateModified":"2025-07-12T11:57:53+00:00","breadcrumb":{"@id":"https:\/\/conexbooks.de\/a\/shop\/produkt\/gfk-mit-kindern-von-gundi-und-frank-gaschler\/#breadcrumb"},"inLanguage":"de","potentialAction":[{"@type":"ReadAction","target":["https:\/\/conexbooks.de\/a\/shop\/produkt\/gfk-mit-kindern-von-gundi-und-frank-gaschler\/"]}]},{"@type":"ImageObject","inLanguage":"de","@id":"https:\/\/conexbooks.de\/a\/shop\/produkt\/gfk-mit-kindern-von-gundi-und-frank-gaschler\/#primaryimage","url":"https:\/\/conexbooks.de\/a\/shop\/wp-content\/uploads\/2017\/11\/062.png","contentUrl":"https:\/\/conexbooks.de\/a\/shop\/wp-content\/uploads\/2017\/11\/062.png","width":301,"height":400},{"@type":"BreadcrumbList","@id":"https:\/\/conexbooks.de\/a\/shop\/produkt\/gfk-mit-kindern-von-gundi-und-frank-gaschler\/#breadcrumb","itemListElement":[{"@type":"ListItem","position":1,"name":"Home","item":"https:\/\/conexbooks.de\/a\/shop\/"},{"@type":"ListItem","position":2,"name":"Shop","item":"https:\/\/conexbooks.de\/a\/shop\/shop\/"},{"@type":"ListItem","position":3,"name":"Ich will verstehen, was du wirklich brauchst (aktualisierte und erweiterte Neuausgabe 2020)"}]},{"@type":"WebSite","@id":"https:\/\/conexbooks.de\/a\/shop\/#website","url":"https:\/\/conexbooks.de\/a\/shop\/","name":"Conex-Shop","description":"Alles f\u00fcr die gewaltfreie Kommunikation: B\u00fccher, Spiele. Handpuppen Seminarmaterial und Geschenke","publisher":{"@id":"https:\/\/conexbooks.de\/a\/shop\/#organization"},"potentialAction":[{"@type":"SearchAction","target":{"@type":"EntryPoint","urlTemplate":"https:\/\/conexbooks.de\/a\/shop\/?s={search_term_string}"},"query-input":{"@type":"PropertyValueSpecification","valueRequired":true,"valueName":"search_term_string"}}],"inLanguage":"de"},{"@type":"Organization","@id":"https:\/\/conexbooks.de\/a\/shop\/#organization","name":"Conex - books and more","url":"https:\/\/conexbooks.de\/a\/shop\/","logo":{"@type":"ImageObject","inLanguage":"de","@id":"https:\/\/conexbooks.de\/a\/shop\/#\/schema\/logo\/image\/","url":"https:\/\/conexbooks.de\/a\/shop\/wp-content\/uploads\/2017\/12\/co-logo.png","contentUrl":"https:\/\/conexbooks.de\/a\/shop\/wp-content\/uploads\/2017\/12\/co-logo.png","width":243,"height":122,"caption":"Conex - books and more"},"image":{"@id":"https:\/\/conexbooks.de\/a\/shop\/#\/schema\/logo\/image\/"}}]}},"_links":{"self":[{"href":"https:\/\/conexbooks.de\/a\/shop\/wp-json\/wp\/v2\/product\/943","targetHints":{"allow":["GET"]}}],"collection":[{"href":"https:\/\/conexbooks.de\/a\/shop\/wp-json\/wp\/v2\/product"}],"about":[{"href":"https:\/\/conexbooks.de\/a\/shop\/wp-json\/wp\/v2\/types\/product"}],"wp:featuredmedia":[{"embeddable":true,"href":"https:\/\/conexbooks.de\/a\/shop\/wp-json\/wp\/v2\/media\/14896"}],"wp:attachment":[{"href":"https:\/\/conexbooks.de\/a\/shop\/wp-json\/wp\/v2\/media?parent=943"}],"wp:term":[{"taxonomy":"product_brand","embeddable":true,"href":"https:\/\/conexbooks.de\/a\/shop\/wp-json\/wp\/v2\/product_brand?post=943"},{"taxonomy":"product_cat","embeddable":true,"href":"https:\/\/conexbooks.de\/a\/shop\/wp-json\/wp\/v2\/product_cat?post=943"},{"taxonomy":"product_tag","embeddable":true,"href":"https:\/\/conexbooks.de\/a\/shop\/wp-json\/wp\/v2\/product_tag?post=943"}],"curies":[{"name":"wp","href":"https:\/\/api.w.org\/{rel}","templated":true}]}}